{"id":58495,"date":"2021-12-09T00:00:00","date_gmt":"2021-12-09T00:00:00","guid":{"rendered":"https:\/\/www.outdoors.ee\/product\/briti-armee-vihmajope-liner-mvp-dpm\/"},"modified":"2025-04-24T21:05:39","modified_gmt":"2025-04-24T18:05:39","slug":"briti-armee-vihmajope-liner-mvp-dpm","status":"publish","type":"product","link":"https:\/\/www.outdoors.ee\/et\/toode\/briti-armee-vihmajope-liner-mvp-dpm\/","title":{"rendered":"Briti Armee vihmajope Liner MVP DPM"},"content":{"rendered":"<p style=\"text-align: justify;\">Briti s\u00f5jav\u00e4e vihmajope metsalaigus, mis on Briti s\u00f5jav\u00e4e MVPst (Moisture Vapour Permeable) vetth\u00fclgavast ja hingavast materjalist (olemuselt Gore-Tex). Pikk kehaosa, lai l\u00f5ige (m\u00f5eldud pealiskihina), kraesse kokkupandav kapuuts, t\u00e4ispikkuses t\u00f5mbluku ning takjapaela klapiga ees. Voodri puudumise t\u00f5ttu on kokkupanduna v\u00e4ga kerge ja kompaktne.<\/p>\n<p style=\"text-align: justify;\"><strong>Suurus <\/strong>rippmen\u00fc\u00fcs: pikkus \/ rinna\u00fcmberm\u00f5\u00f5t, cm<\/p>\n<p style=\"text-align: justify;\"><strong>Seisukord:\u00a0<\/strong><\/p>\n<ul>\n<li>uus (ilma j\u00e4em\u00fc\u00fcgipakendita, v\u00f5ib sisaldada hulgiladustamise j\u00e4lgi ning kirjasid sildil)<\/li>\n<li>uuev\u00e4\u00e4rne (sisaldab kergeid kulumisj\u00e4lgi)<\/li>\n<li>kasutatud, Grade 1 (sisaldab m\u00f5\u00f5dukaid kulumisj\u00e4lgi, v\u00f5ib olla veidi m\u00e4\u00e4rdunud)<\/li>\n<\/ul>\n","protected":false},"excerpt":{"rendered":"<p>Briti Armee vihmajope Liner MVP, DPM<\/p>\n","protected":false},"featured_media":65459,"template":"","meta":[],"product_brand":[],"product_cat":[101],"product_tag":[3143],"class_list":{"0":"post-58495","1":"product","2":"type-product","3":"status-publish","4":"has-post-thumbnail","6":"product_cat-joped-parkad","7":"product_tag-vihmariided","8":"pa_brand-british-military-surplus","9":"pa_condition-kasutatud-grade-1","10":"pa_condition-uuevaarne","11":"pa_condition-uus","12":"pa_size-160-104-2","13":"pa_size-160-88-3","14":"pa_size-160-96-2","15":"pa_size-170-104-2","16":"pa_size-170-112-2","17":"pa_size-170-88-2","18":"pa_size-170-96-2","19":"pa_size-180-104-2","20":"pa_size-180-112-2","21":"pa_size-180-96-2","22":"pa_size-190-104-2","23":"pa_size-190-112-2","24":"pa_size-190-120-2","25":"pa_size-190-96-2","27":"first","28":"instock","29":"taxable","30":"shipping-taxable","31":"purchasable","32":"product-type-variable"},"yoast_head":"<!-- This site is optimized with the Yoast SEO plugin v27.2 - https:\/\/yoast.com\/product\/yoast-seo-wordpress\/ -->\n<title>Briti Armee vihmajope Liner MVP DPM - outdoors.ee<\/title>\n<meta name=\"description\" content=\"Originaalne Briti s\u00f5jav\u00e4e vihmajope\u00a0metsalaigus mis on Gore-Texi ekvivalentsest Briti s\u00f5jav\u00e4e MVPst (Moisture Vapour Permeable) vetth\u00fclgavast ja hingavast materjalist. Jope struktuur on lihtne: pikk kehaosa, lai l\u00f5ige (m\u00f5eldud pealiskihina), kraesse kokkupandav kapuuts, t\u00e4ispikkuses t\u00f5mbluku ning takjaklapiga ees. Voodri puudumise t\u00f5ttu on kokkupanduna v\u00e4ga kerge ja kompaktne. Suurus rippmen\u00fc\u00fcs: pikkus \/ rinna\u00fcmberm\u00f5\u00f5t Seisukord:\u00a0 uus (v\u00f5ib sisaldada hulgiladustamise j\u00e4lgi ning nime sildil) uuev\u00e4\u00e4rne (v\u00f5ib sisaldada vaid minimaalseid kulumisj\u00e4lgi) kasutatud, Grade 1 (heas korras, kergete kulumisj\u00e4lgedega, v\u00f5ib olla veidi m\u00e4\u00e4rdunud)\" \/>\n<meta name=\"robots\" content=\"index, follow, max-snippet:-1, max-image-preview:large, max-video-preview:-1\" \/>\n<link rel=\"canonical\" href=\"https:\/\/www.outdoors.ee\/et\/toode\/briti-armee-vihmajope-liner-mvp-dpm\/\" \/>\n<meta property=\"og:locale\" content=\"et_EE\" \/>\n<meta property=\"og:type\" content=\"article\" \/>\n<meta property=\"og:title\" content=\"Briti Armee vihmajope Liner MVP DPM\" \/>\n<meta property=\"og:description\" content=\"Originaalne Briti s\u00f5jav\u00e4e vihmajope\u00a0metsalaigus mis on Gore-Texi ekvivalentsest Briti s\u00f5jav\u00e4e MVPst (Moisture Vapour Permeable) vetth\u00fclgavast ja hingavast materjalist. Jope struktuur on lihtne: pikk kehaosa, lai l\u00f5ige (m\u00f5eldud pealiskihina), kraesse kokkupandav kapuuts, t\u00e4ispikkuses t\u00f5mbluku ning takjaklapiga ees. Voodri puudumise t\u00f5ttu on kokkupanduna v\u00e4ga kerge ja kompaktne. Suurus rippmen\u00fc\u00fcs: pikkus \/ rinna\u00fcmberm\u00f5\u00f5t Seisukord:\u00a0 uus (v\u00f5ib sisaldada hulgiladustamise j\u00e4lgi ning nime sildil) uuev\u00e4\u00e4rne (v\u00f5ib sisaldada vaid minimaalseid kulumisj\u00e4lgi) kasutatud, Grade 1 (heas korras, kergete kulumisj\u00e4lgedega, v\u00f5ib olla veidi m\u00e4\u00e4rdunud)\" \/>\n<meta property=\"og:url\" content=\"https:\/\/www.outdoors.ee\/et\/toode\/briti-armee-vihmajope-liner-mvp-dpm\/\" \/>\n<meta property=\"og:site_name\" content=\"Outdoors\" \/>\n<meta property=\"article:modified_time\" content=\"2025-04-24T18:05:39+00:00\" \/>\n<meta property=\"og:image\" content=\"https:\/\/www.outdoors.ee\/wp-content\/uploads\/2021\/12\/0203-British-Army-Waterproof-MVP-Jacket-Liner-DPM-1.jpg\" \/>\n\t<meta property=\"og:image:width\" content=\"1200\" \/>\n\t<meta property=\"og:image:height\" content=\"1200\" \/>\n\t<meta property=\"og:image:type\" content=\"image\/jpeg\" \/>\n<meta name=\"twitter:card\" content=\"summary_large_image\" \/>\n<meta name=\"twitter:title\" content=\"Briti Armee vihmajope Liner MVP DPM\" \/>\n<meta name=\"twitter:label1\" content=\"Est. reading time\" \/>\n\t<meta name=\"twitter:data1\" content=\"1 minut\" \/>\n<script type=\"application\/ld+json\" class=\"yoast-schema-graph\">{\"@context\":\"https:\/\/schema.org\",\"@graph\":[{\"@type\":\"WebPage\",\"@id\":\"https:\/\/www.outdoors.ee\/et\/toode\/briti-armee-vihmajope-liner-mvp-dpm\/\",\"url\":\"https:\/\/www.outdoors.ee\/et\/toode\/briti-armee-vihmajope-liner-mvp-dpm\/\",\"name\":\"Briti Armee vihmajope Liner MVP DPM - outdoors.ee\",\"isPartOf\":{\"@id\":\"https:\/\/www.outdoors.ee\/#website\"},\"primaryImageOfPage\":{\"@id\":\"https:\/\/www.outdoors.ee\/et\/toode\/briti-armee-vihmajope-liner-mvp-dpm\/#primaryimage\"},\"image\":{\"@id\":\"https:\/\/www.outdoors.ee\/et\/toode\/briti-armee-vihmajope-liner-mvp-dpm\/#primaryimage\"},\"thumbnailUrl\":\"https:\/\/www.outdoors.ee\/wp-content\/uploads\/2021\/12\/0203-British-Army-Waterproof-MVP-Jacket-Liner-DPM-1.jpg\",\"datePublished\":\"2021-12-09T00:00:00+00:00\",\"dateModified\":\"2025-04-24T18:05:39+00:00\",\"description\":\"Originaalne Briti s\u00f5jav\u00e4e vihmajope\u00a0metsalaigus mis on Gore-Texi ekvivalentsest Briti s\u00f5jav\u00e4e MVPst (Moisture Vapour Permeable) vetth\u00fclgavast ja hingavast materjalist. Jope struktuur on lihtne: pikk kehaosa, lai l\u00f5ige (m\u00f5eldud pealiskihina), kraesse kokkupandav kapuuts, t\u00e4ispikkuses t\u00f5mbluku ning takjaklapiga ees. Voodri puudumise t\u00f5ttu on kokkupanduna v\u00e4ga kerge ja kompaktne. Suurus rippmen\u00fc\u00fcs: pikkus \/ rinna\u00fcmberm\u00f5\u00f5t Seisukord:\u00a0 uus (v\u00f5ib sisaldada hulgiladustamise j\u00e4lgi ning nime sildil) uuev\u00e4\u00e4rne (v\u00f5ib sisaldada vaid minimaalseid kulumisj\u00e4lgi) kasutatud, Grade 1 (heas korras, kergete kulumisj\u00e4lgedega, v\u00f5ib olla veidi m\u00e4\u00e4rdunud)\",\"breadcrumb\":{\"@id\":\"https:\/\/www.outdoors.ee\/et\/toode\/briti-armee-vihmajope-liner-mvp-dpm\/#breadcrumb\"},\"inLanguage\":\"et\",\"potentialAction\":[{\"@type\":\"ReadAction\",\"target\":[\"https:\/\/www.outdoors.ee\/et\/toode\/briti-armee-vihmajope-liner-mvp-dpm\/\"]}]},{\"@type\":\"ImageObject\",\"inLanguage\":\"et\",\"@id\":\"https:\/\/www.outdoors.ee\/et\/toode\/briti-armee-vihmajope-liner-mvp-dpm\/#primaryimage\",\"url\":\"https:\/\/www.outdoors.ee\/wp-content\/uploads\/2021\/12\/0203-British-Army-Waterproof-MVP-Jacket-Liner-DPM-1.jpg\",\"contentUrl\":\"https:\/\/www.outdoors.ee\/wp-content\/uploads\/2021\/12\/0203-British-Army-Waterproof-MVP-Jacket-Liner-DPM-1.jpg\",\"width\":1200,\"height\":1200},{\"@type\":\"BreadcrumbList\",\"@id\":\"https:\/\/www.outdoors.ee\/et\/toode\/briti-armee-vihmajope-liner-mvp-dpm\/#breadcrumb\",\"itemListElement\":[{\"@type\":\"ListItem\",\"position\":1,\"name\":\"Home\",\"item\":\"https:\/\/www.outdoors.ee\/et\/\"},{\"@type\":\"ListItem\",\"position\":2,\"name\":\"Tooted\",\"item\":\"https:\/\/www.outdoors.ee\/products\/\"},{\"@type\":\"ListItem\",\"position\":3,\"name\":\"Briti Armee vihmajope Liner MVP DPM\"}]},{\"@type\":\"WebSite\",\"@id\":\"https:\/\/www.outdoors.ee\/#website\",\"url\":\"https:\/\/www.outdoors.ee\/\",\"name\":\"Outdoors\",\"description\":\"Genuine military surplus and not only!\",\"potentialAction\":[{\"@type\":\"SearchAction\",\"target\":{\"@type\":\"EntryPoint\",\"urlTemplate\":\"https:\/\/www.outdoors.ee\/?s={search_term_string}\"},\"query-input\":{\"@type\":\"PropertyValueSpecification\",\"valueRequired\":true,\"valueName\":\"search_term_string\"}}],\"inLanguage\":\"et\"}]}<\/script>\n<!-- \/ Yoast SEO plugin. -->","yoast_head_json":{"title":"Briti Armee vihmajope Liner MVP DPM - outdoors.ee","description":"Originaalne Briti s\u00f5jav\u00e4e vihmajope\u00a0metsalaigus mis on Gore-Texi ekvivalentsest Briti s\u00f5jav\u00e4e MVPst (Moisture Vapour Permeable) vetth\u00fclgavast ja hingavast materjalist. Jope struktuur on lihtne: pikk kehaosa, lai l\u00f5ige (m\u00f5eldud pealiskihina), kraesse kokkupandav kapuuts, t\u00e4ispikkuses t\u00f5mbluku ning takjaklapiga ees. Voodri puudumise t\u00f5ttu on kokkupanduna v\u00e4ga kerge ja kompaktne. Suurus rippmen\u00fc\u00fcs: pikkus \/ rinna\u00fcmberm\u00f5\u00f5t Seisukord:\u00a0 uus (v\u00f5ib sisaldada hulgiladustamise j\u00e4lgi ning nime sildil) uuev\u00e4\u00e4rne (v\u00f5ib sisaldada vaid minimaalseid kulumisj\u00e4lgi) kasutatud, Grade 1 (heas korras, kergete kulumisj\u00e4lgedega, v\u00f5ib olla veidi m\u00e4\u00e4rdunud)","robots":{"index":"index","follow":"follow","max-snippet":"max-snippet:-1","max-image-preview":"max-image-preview:large","max-video-preview":"max-video-preview:-1"},"canonical":"https:\/\/www.outdoors.ee\/et\/toode\/briti-armee-vihmajope-liner-mvp-dpm\/","og_locale":"et_EE","og_type":"article","og_title":"Briti Armee vihmajope Liner MVP DPM","og_description":"Originaalne Briti s\u00f5jav\u00e4e vihmajope\u00a0metsalaigus mis on Gore-Texi ekvivalentsest Briti s\u00f5jav\u00e4e MVPst (Moisture Vapour Permeable) vetth\u00fclgavast ja hingavast materjalist. Jope struktuur on lihtne: pikk kehaosa, lai l\u00f5ige (m\u00f5eldud pealiskihina), kraesse kokkupandav kapuuts, t\u00e4ispikkuses t\u00f5mbluku ning takjaklapiga ees. Voodri puudumise t\u00f5ttu on kokkupanduna v\u00e4ga kerge ja kompaktne. Suurus rippmen\u00fc\u00fcs: pikkus \/ rinna\u00fcmberm\u00f5\u00f5t Seisukord:\u00a0 uus (v\u00f5ib sisaldada hulgiladustamise j\u00e4lgi ning nime sildil) uuev\u00e4\u00e4rne (v\u00f5ib sisaldada vaid minimaalseid kulumisj\u00e4lgi) kasutatud, Grade 1 (heas korras, kergete kulumisj\u00e4lgedega, v\u00f5ib olla veidi m\u00e4\u00e4rdunud)","og_url":"https:\/\/www.outdoors.ee\/et\/toode\/briti-armee-vihmajope-liner-mvp-dpm\/","og_site_name":"Outdoors","article_modified_time":"2025-04-24T18:05:39+00:00","og_image":[{"width":1200,"height":1200,"url":"https:\/\/www.outdoors.ee\/wp-content\/uploads\/2021\/12\/0203-British-Army-Waterproof-MVP-Jacket-Liner-DPM-1.jpg","type":"image\/jpeg"}],"twitter_card":"summary_large_image","twitter_title":"Briti Armee vihmajope Liner MVP DPM","twitter_misc":{"Est. reading time":"1 minut"},"schema":{"@context":"https:\/\/schema.org","@graph":[{"@type":"WebPage","@id":"https:\/\/www.outdoors.ee\/et\/toode\/briti-armee-vihmajope-liner-mvp-dpm\/","url":"https:\/\/www.outdoors.ee\/et\/toode\/briti-armee-vihmajope-liner-mvp-dpm\/","name":"Briti Armee vihmajope Liner MVP DPM - outdoors.ee","isPartOf":{"@id":"https:\/\/www.outdoors.ee\/#website"},"primaryImageOfPage":{"@id":"https:\/\/www.outdoors.ee\/et\/toode\/briti-armee-vihmajope-liner-mvp-dpm\/#primaryimage"},"image":{"@id":"https:\/\/www.outdoors.ee\/et\/toode\/briti-armee-vihmajope-liner-mvp-dpm\/#primaryimage"},"thumbnailUrl":"https:\/\/www.outdoors.ee\/wp-content\/uploads\/2021\/12\/0203-British-Army-Waterproof-MVP-Jacket-Liner-DPM-1.jpg","datePublished":"2021-12-09T00:00:00+00:00","dateModified":"2025-04-24T18:05:39+00:00","description":"Originaalne Briti s\u00f5jav\u00e4e vihmajope\u00a0metsalaigus mis on Gore-Texi ekvivalentsest Briti s\u00f5jav\u00e4e MVPst (Moisture Vapour Permeable) vetth\u00fclgavast ja hingavast materjalist. Jope struktuur on lihtne: pikk kehaosa, lai l\u00f5ige (m\u00f5eldud pealiskihina), kraesse kokkupandav kapuuts, t\u00e4ispikkuses t\u00f5mbluku ning takjaklapiga ees. Voodri puudumise t\u00f5ttu on kokkupanduna v\u00e4ga kerge ja kompaktne. Suurus rippmen\u00fc\u00fcs: pikkus \/ rinna\u00fcmberm\u00f5\u00f5t Seisukord:\u00a0 uus (v\u00f5ib sisaldada hulgiladustamise j\u00e4lgi ning nime sildil) uuev\u00e4\u00e4rne (v\u00f5ib sisaldada vaid minimaalseid kulumisj\u00e4lgi) kasutatud, Grade 1 (heas korras, kergete kulumisj\u00e4lgedega, v\u00f5ib olla veidi m\u00e4\u00e4rdunud)","breadcrumb":{"@id":"https:\/\/www.outdoors.ee\/et\/toode\/briti-armee-vihmajope-liner-mvp-dpm\/#breadcrumb"},"inLanguage":"et","potentialAction":[{"@type":"ReadAction","target":["https:\/\/www.outdoors.ee\/et\/toode\/briti-armee-vihmajope-liner-mvp-dpm\/"]}]},{"@type":"ImageObject","inLanguage":"et","@id":"https:\/\/www.outdoors.ee\/et\/toode\/briti-armee-vihmajope-liner-mvp-dpm\/#primaryimage","url":"https:\/\/www.outdoors.ee\/wp-content\/uploads\/2021\/12\/0203-British-Army-Waterproof-MVP-Jacket-Liner-DPM-1.jpg","contentUrl":"https:\/\/www.outdoors.ee\/wp-content\/uploads\/2021\/12\/0203-British-Army-Waterproof-MVP-Jacket-Liner-DPM-1.jpg","width":1200,"height":1200},{"@type":"BreadcrumbList","@id":"https:\/\/www.outdoors.ee\/et\/toode\/briti-armee-vihmajope-liner-mvp-dpm\/#breadcrumb","itemListElement":[{"@type":"ListItem","position":1,"name":"Home","item":"https:\/\/www.outdoors.ee\/et\/"},{"@type":"ListItem","position":2,"name":"Tooted","item":"https:\/\/www.outdoors.ee\/products\/"},{"@type":"ListItem","position":3,"name":"Briti Armee vihmajope Liner MVP DPM"}]},{"@type":"WebSite","@id":"https:\/\/www.outdoors.ee\/#website","url":"https:\/\/www.outdoors.ee\/","name":"Outdoors","description":"Genuine military surplus and not only!","potentialAction":[{"@type":"SearchAction","target":{"@type":"EntryPoint","urlTemplate":"https:\/\/www.outdoors.ee\/?s={search_term_string}"},"query-input":{"@type":"PropertyValueSpecification","valueRequired":true,"valueName":"search_term_string"}}],"inLanguage":"et"}]}},"_links":{"self":[{"href":"https:\/\/www.outdoors.ee\/et\/wp-json\/wp\/v2\/product\/58495","targetHints":{"allow":["GET"]}}],"collection":[{"href":"https:\/\/www.outdoors.ee\/et\/wp-json\/wp\/v2\/product"}],"about":[{"href":"https:\/\/www.outdoors.ee\/et\/wp-json\/wp\/v2\/types\/product"}],"wp:featuredmedia":[{"embeddable":true,"href":"https:\/\/www.outdoors.ee\/et\/wp-json\/wp\/v2\/media\/65459"}],"wp:attachment":[{"href":"https:\/\/www.outdoors.ee\/et\/wp-json\/wp\/v2\/media?parent=58495"}],"wp:term":[{"taxonomy":"product_brand","embeddable":true,"href":"https:\/\/www.outdoors.ee\/et\/wp-json\/wp\/v2\/product_brand?post=58495"},{"taxonomy":"product_cat","embeddable":true,"href":"https:\/\/www.outdoors.ee\/et\/wp-json\/wp\/v2\/product_cat?post=58495"},{"taxonomy":"product_tag","embeddable":true,"href":"https:\/\/www.outdoors.ee\/et\/wp-json\/wp\/v2\/product_tag?post=58495"}],"curies":[{"name":"wp","href":"https:\/\/api.w.org\/{rel}","templated":true}]}}