{"id":58486,"date":"2021-12-09T00:00:00","date_gmt":"2021-12-09T00:00:00","guid":{"rendered":"https:\/\/www.outdoors.ee\/product\/briti-armee-vihmapuksid-mvp-dpm\/"},"modified":"2024-11-11T21:51:24","modified_gmt":"2024-11-11T19:51:24","slug":"briti-armee-vihmapuksid-mvp-dpm","status":"publish","type":"product","link":"https:\/\/www.outdoors.ee\/et\/toode\/briti-armee-vihmapuksid-mvp-dpm\/","title":{"rendered":"Briti Armee vihmap\u00fcksid MVP DPM"},"content":{"rendered":"<p style=\"text-align: justify;\">Briti s\u00f5jav\u00e4e vihmakindlad p\u00fcksid klassikalises metsalaigus. Toodetud vetth\u00fclgavast ja hingavast MVP materjalist (Briti s\u00f5jav\u00e4e Gore-Tex ekvivalent), mis ei lase niiskusel v\u00e4ljast sisse tungida samal ajal lastes higil kuivada. P\u00fcksid on pingutusn\u00f6\u00f6riga v\u00f6\u00f6kohas ning p\u00f5lve k\u00f5rguseni ulatuva t\u00f5mblukuga alt mugavaks saapa peale t\u00f5mbamiseks. Kaks taskuava k\u00fclgedel annavad ligip\u00e4\u00e4su allolevatele p\u00fckstele.<\/p>\n<p style=\"text-align: justify;\"><strong>Suurus rippmen\u00fc\u00fcs:\u00a0<\/strong><\/p>\n<p style=\"text-align: justify;\">1. pikkus \/ v\u00f6\u00f6\u00fcmberm\u00f5\u00f5t v\u00f5i<\/p>\n<p style=\"text-align: justify;\">2. s\u00e4\u00e4re sisepikkus \/ v\u00f6\u00f6\u00fcmberm\u00f5\u00f5t \/ istmiku \u00fcmberm\u00f5\u00f5t<\/p>\n<p><strong>Seisukord:\u00a0<\/strong><\/p>\n<ul>\n<li>uued (ilma j\u00e4em\u00fc\u00fcgipakendita, v\u00f5ivad sisaldada hulgiladustamise j\u00e4lgi ning kirjasid sildil)<\/li>\n<li>uuev\u00e4\u00e4rsed (sisaldavad kergeid kulumisj\u00e4lgi)<\/li>\n<li>kasutatud, Grade 1 (sisaldavad m\u00f5\u00f5dukaid kulumisj\u00e4lgi, v\u00f5ivad olla veidi m\u00e4\u00e4rdunud)<\/li>\n<\/ul>\n","protected":false},"excerpt":{"rendered":"<p>Briti Armee vihmap\u00fcksid MVP, DPM<\/p>\n","protected":false},"featured_media":27472,"template":"","meta":[],"product_brand":[],"product_cat":[111],"product_tag":[3143],"class_list":{"0":"post-58486","1":"product","2":"type-product","3":"status-publish","4":"has-post-thumbnail","6":"product_cat-puksid","7":"product_tag-vihmariided","8":"pa_brand-british-military-surplus","9":"pa_condition-kasutatud-grade-1","10":"pa_condition-uuevaarne","11":"pa_condition-uus","12":"pa_size-170-104-2","13":"pa_size-170-88-2","14":"pa_size-170-96-2","15":"pa_size-180-104-2","16":"pa_size-180-88-2","17":"pa_size-180-96-2","18":"pa_size-190-112-2","19":"pa_size-75-80-96-2","20":"pa_size-75-96-112-2","21":"pa_size-80-104-120-2","22":"pa_size-80-88-104-2","23":"pa_size-85-112-128-2","24":"pa_size-85-96-112-2","25":"pa_size-90-96-112-2","27":"first","28":"instock","29":"taxable","30":"shipping-taxable","31":"purchasable","32":"product-type-variable"},"yoast_head":"<!-- This site is optimized with the Yoast SEO plugin v27.2 - https:\/\/yoast.com\/product\/yoast-seo-wordpress\/ -->\n<title>Briti Armee vihmap\u00fcksid MVP DPM - outdoors.ee<\/title>\n<meta name=\"description\" content=\"Originaalsed Briti s\u00f5jav\u00e4e vihmakindlad p\u00fcksid klassikalises metsalaigus. Toodetud vetth\u00fclgavast ja hingavast MVP materjalist (Briti s\u00f5jav\u00e4e Gore-Tex ekvivalent), mis ei lase niiskusel v\u00e4ljast sisse tungida samal ajal lastes higil kuivada. Need p\u00fcksid on veidi paksemad kui nende kergekaaluline (Lightweight) variant kaasaegses MTP (Multi Terrain Pattern) laigus, olles samal ajal ikkagi \u00fcsna kerged. Kuigi p\u00fcksid on loodud s\u00f5jav\u00e4elaste tarbeks, sobivad need h\u00e4sti k\u00f5ikv\u00f5imalikeks v\u00e4li\u00fcritusteks, kus veekindel pealiskiht on vajalik. P\u00fcksid on pingutusn\u00f6\u00f6riga varustatud v\u00f6\u00f6kohaga ning p\u00f5lve k\u00f5rguseni ulatuva t\u00f5mblukuga alt mugavaks saapa peale t\u00f5mbamiseks. Kaks taskuava k\u00fclgedel annavad ligip\u00e4\u00e4su allolevatele p\u00fckstele. Suurus rippmen\u00fc\u00fcs: 1. pikkus \/ v\u00f6\u00f6\u00fcmberm\u00f5\u00f5t 2. s\u00e4\u00e4re sisepikkus \/ v\u00f6\u00f6\u00fcmberm\u00f5\u00f5t \/ istmiku \u00fcmberm\u00f5\u00f5t Seisukord:\u00a0 uued (v\u00f5ib sisaldada hulgiladustamise j\u00e4lgi ning kirjeid sildil) uuev\u00e4\u00e4rsed (sisaldab minimaalseid kulumisj\u00e4lgi) kasutatud, Grade 1 (heas korras, kergete v\u00f5i m\u00f5\u00f5dukate kulumisj\u00e4lgedega, v\u00f5ib olla veidi m\u00e4\u00e4rdunud)\" \/>\n<meta name=\"robots\" content=\"index, follow, max-snippet:-1, max-image-preview:large, max-video-preview:-1\" \/>\n<link rel=\"canonical\" href=\"https:\/\/www.outdoors.ee\/et\/toode\/briti-armee-vihmapuksid-mvp-dpm\/\" \/>\n<meta property=\"og:locale\" content=\"et_EE\" \/>\n<meta property=\"og:type\" content=\"article\" \/>\n<meta property=\"og:title\" content=\"Briti Armee vihmap\u00fcksid MVP DPM\" \/>\n<meta property=\"og:description\" content=\"Originaalsed Briti s\u00f5jav\u00e4e vihmakindlad p\u00fcksid klassikalises metsalaigus. Toodetud vetth\u00fclgavast ja hingavast MVP materjalist (Briti s\u00f5jav\u00e4e Gore-Tex ekvivalent), mis ei lase niiskusel v\u00e4ljast sisse tungida samal ajal lastes higil kuivada. Need p\u00fcksid on veidi paksemad kui nende kergekaaluline (Lightweight) variant kaasaegses MTP (Multi Terrain Pattern) laigus, olles samal ajal ikkagi \u00fcsna kerged. Kuigi p\u00fcksid on loodud s\u00f5jav\u00e4elaste tarbeks, sobivad need h\u00e4sti k\u00f5ikv\u00f5imalikeks v\u00e4li\u00fcritusteks, kus veekindel pealiskiht on vajalik. P\u00fcksid on pingutusn\u00f6\u00f6riga varustatud v\u00f6\u00f6kohaga ning p\u00f5lve k\u00f5rguseni ulatuva t\u00f5mblukuga alt mugavaks saapa peale t\u00f5mbamiseks. Kaks taskuava k\u00fclgedel annavad ligip\u00e4\u00e4su allolevatele p\u00fckstele. Suurus rippmen\u00fc\u00fcs: 1. pikkus \/ v\u00f6\u00f6\u00fcmberm\u00f5\u00f5t 2. s\u00e4\u00e4re sisepikkus \/ v\u00f6\u00f6\u00fcmberm\u00f5\u00f5t \/ istmiku \u00fcmberm\u00f5\u00f5t Seisukord:\u00a0 uued (v\u00f5ib sisaldada hulgiladustamise j\u00e4lgi ning kirjeid sildil) uuev\u00e4\u00e4rsed (sisaldab minimaalseid kulumisj\u00e4lgi) kasutatud, Grade 1 (heas korras, kergete v\u00f5i m\u00f5\u00f5dukate kulumisj\u00e4lgedega, v\u00f5ib olla veidi m\u00e4\u00e4rdunud)\" \/>\n<meta property=\"og:url\" content=\"https:\/\/www.outdoors.ee\/et\/toode\/briti-armee-vihmapuksid-mvp-dpm\/\" \/>\n<meta property=\"og:site_name\" content=\"Outdoors\" \/>\n<meta property=\"article:modified_time\" content=\"2024-11-11T19:51:24+00:00\" \/>\n<meta property=\"og:image\" content=\"https:\/\/www.outdoors.ee\/wp-content\/uploads\/2021\/12\/0202-British-Army-Waterproof-Trousers-MVP-DPM-1.jpg\" \/>\n\t<meta property=\"og:image:width\" content=\"727\" \/>\n\t<meta property=\"og:image:height\" content=\"1238\" \/>\n\t<meta property=\"og:image:type\" content=\"image\/jpeg\" \/>\n<meta name=\"twitter:card\" content=\"summary_large_image\" \/>\n<meta name=\"twitter:title\" content=\"Briti Armee vihmap\u00fcksid MVP DPM\" \/>\n<meta name=\"twitter:label1\" content=\"Est. reading time\" \/>\n\t<meta name=\"twitter:data1\" content=\"1 minut\" \/>\n<script type=\"application\/ld+json\" class=\"yoast-schema-graph\">{\"@context\":\"https:\/\/schema.org\",\"@graph\":[{\"@type\":\"WebPage\",\"@id\":\"https:\/\/www.outdoors.ee\/et\/toode\/briti-armee-vihmapuksid-mvp-dpm\/\",\"url\":\"https:\/\/www.outdoors.ee\/et\/toode\/briti-armee-vihmapuksid-mvp-dpm\/\",\"name\":\"Briti Armee vihmap\u00fcksid MVP DPM - outdoors.ee\",\"isPartOf\":{\"@id\":\"https:\/\/www.outdoors.ee\/#website\"},\"primaryImageOfPage\":{\"@id\":\"https:\/\/www.outdoors.ee\/et\/toode\/briti-armee-vihmapuksid-mvp-dpm\/#primaryimage\"},\"image\":{\"@id\":\"https:\/\/www.outdoors.ee\/et\/toode\/briti-armee-vihmapuksid-mvp-dpm\/#primaryimage\"},\"thumbnailUrl\":\"https:\/\/www.outdoors.ee\/wp-content\/uploads\/2021\/12\/0202-British-Army-Waterproof-Trousers-MVP-DPM-1.jpg\",\"datePublished\":\"2021-12-09T00:00:00+00:00\",\"dateModified\":\"2024-11-11T19:51:24+00:00\",\"description\":\"Originaalsed Briti s\u00f5jav\u00e4e vihmakindlad p\u00fcksid klassikalises metsalaigus. Toodetud vetth\u00fclgavast ja hingavast MVP materjalist (Briti s\u00f5jav\u00e4e Gore-Tex ekvivalent), mis ei lase niiskusel v\u00e4ljast sisse tungida samal ajal lastes higil kuivada. Need p\u00fcksid on veidi paksemad kui nende kergekaaluline (Lightweight) variant kaasaegses MTP (Multi Terrain Pattern) laigus, olles samal ajal ikkagi \u00fcsna kerged. Kuigi p\u00fcksid on loodud s\u00f5jav\u00e4elaste tarbeks, sobivad need h\u00e4sti k\u00f5ikv\u00f5imalikeks v\u00e4li\u00fcritusteks, kus veekindel pealiskiht on vajalik. P\u00fcksid on pingutusn\u00f6\u00f6riga varustatud v\u00f6\u00f6kohaga ning p\u00f5lve k\u00f5rguseni ulatuva t\u00f5mblukuga alt mugavaks saapa peale t\u00f5mbamiseks. Kaks taskuava k\u00fclgedel annavad ligip\u00e4\u00e4su allolevatele p\u00fckstele. Suurus rippmen\u00fc\u00fcs: 1. pikkus \/ v\u00f6\u00f6\u00fcmberm\u00f5\u00f5t 2. s\u00e4\u00e4re sisepikkus \/ v\u00f6\u00f6\u00fcmberm\u00f5\u00f5t \/ istmiku \u00fcmberm\u00f5\u00f5t Seisukord:\u00a0 uued (v\u00f5ib sisaldada hulgiladustamise j\u00e4lgi ning kirjeid sildil) uuev\u00e4\u00e4rsed (sisaldab minimaalseid kulumisj\u00e4lgi) kasutatud, Grade 1 (heas korras, kergete v\u00f5i m\u00f5\u00f5dukate kulumisj\u00e4lgedega, v\u00f5ib olla veidi m\u00e4\u00e4rdunud)\",\"breadcrumb\":{\"@id\":\"https:\/\/www.outdoors.ee\/et\/toode\/briti-armee-vihmapuksid-mvp-dpm\/#breadcrumb\"},\"inLanguage\":\"et\",\"potentialAction\":[{\"@type\":\"ReadAction\",\"target\":[\"https:\/\/www.outdoors.ee\/et\/toode\/briti-armee-vihmapuksid-mvp-dpm\/\"]}]},{\"@type\":\"ImageObject\",\"inLanguage\":\"et\",\"@id\":\"https:\/\/www.outdoors.ee\/et\/toode\/briti-armee-vihmapuksid-mvp-dpm\/#primaryimage\",\"url\":\"https:\/\/www.outdoors.ee\/wp-content\/uploads\/2021\/12\/0202-British-Army-Waterproof-Trousers-MVP-DPM-1.jpg\",\"contentUrl\":\"https:\/\/www.outdoors.ee\/wp-content\/uploads\/2021\/12\/0202-British-Army-Waterproof-Trousers-MVP-DPM-1.jpg\",\"width\":727,\"height\":1238},{\"@type\":\"BreadcrumbList\",\"@id\":\"https:\/\/www.outdoors.ee\/et\/toode\/briti-armee-vihmapuksid-mvp-dpm\/#breadcrumb\",\"itemListElement\":[{\"@type\":\"ListItem\",\"position\":1,\"name\":\"Home\",\"item\":\"https:\/\/www.outdoors.ee\/et\/\"},{\"@type\":\"ListItem\",\"position\":2,\"name\":\"Tooted\",\"item\":\"https:\/\/www.outdoors.ee\/products\/\"},{\"@type\":\"ListItem\",\"position\":3,\"name\":\"Briti Armee vihmap\u00fcksid MVP DPM\"}]},{\"@type\":\"WebSite\",\"@id\":\"https:\/\/www.outdoors.ee\/#website\",\"url\":\"https:\/\/www.outdoors.ee\/\",\"name\":\"Outdoors\",\"description\":\"Genuine military surplus and not only!\",\"potentialAction\":[{\"@type\":\"SearchAction\",\"target\":{\"@type\":\"EntryPoint\",\"urlTemplate\":\"https:\/\/www.outdoors.ee\/?s={search_term_string}\"},\"query-input\":{\"@type\":\"PropertyValueSpecification\",\"valueRequired\":true,\"valueName\":\"search_term_string\"}}],\"inLanguage\":\"et\"}]}<\/script>\n<!-- \/ Yoast SEO plugin. -->","yoast_head_json":{"title":"Briti Armee vihmap\u00fcksid MVP DPM - outdoors.ee","description":"Originaalsed Briti s\u00f5jav\u00e4e vihmakindlad p\u00fcksid klassikalises metsalaigus. Toodetud vetth\u00fclgavast ja hingavast MVP materjalist (Briti s\u00f5jav\u00e4e Gore-Tex ekvivalent), mis ei lase niiskusel v\u00e4ljast sisse tungida samal ajal lastes higil kuivada. Need p\u00fcksid on veidi paksemad kui nende kergekaaluline (Lightweight) variant kaasaegses MTP (Multi Terrain Pattern) laigus, olles samal ajal ikkagi \u00fcsna kerged. Kuigi p\u00fcksid on loodud s\u00f5jav\u00e4elaste tarbeks, sobivad need h\u00e4sti k\u00f5ikv\u00f5imalikeks v\u00e4li\u00fcritusteks, kus veekindel pealiskiht on vajalik. P\u00fcksid on pingutusn\u00f6\u00f6riga varustatud v\u00f6\u00f6kohaga ning p\u00f5lve k\u00f5rguseni ulatuva t\u00f5mblukuga alt mugavaks saapa peale t\u00f5mbamiseks. Kaks taskuava k\u00fclgedel annavad ligip\u00e4\u00e4su allolevatele p\u00fckstele. Suurus rippmen\u00fc\u00fcs: 1. pikkus \/ v\u00f6\u00f6\u00fcmberm\u00f5\u00f5t 2. s\u00e4\u00e4re sisepikkus \/ v\u00f6\u00f6\u00fcmberm\u00f5\u00f5t \/ istmiku \u00fcmberm\u00f5\u00f5t Seisukord:\u00a0 uued (v\u00f5ib sisaldada hulgiladustamise j\u00e4lgi ning kirjeid sildil) uuev\u00e4\u00e4rsed (sisaldab minimaalseid kulumisj\u00e4lgi) kasutatud, Grade 1 (heas korras, kergete v\u00f5i m\u00f5\u00f5dukate kulumisj\u00e4lgedega, v\u00f5ib olla veidi m\u00e4\u00e4rdunud)","robots":{"index":"index","follow":"follow","max-snippet":"max-snippet:-1","max-image-preview":"max-image-preview:large","max-video-preview":"max-video-preview:-1"},"canonical":"https:\/\/www.outdoors.ee\/et\/toode\/briti-armee-vihmapuksid-mvp-dpm\/","og_locale":"et_EE","og_type":"article","og_title":"Briti Armee vihmap\u00fcksid MVP DPM","og_description":"Originaalsed Briti s\u00f5jav\u00e4e vihmakindlad p\u00fcksid klassikalises metsalaigus. Toodetud vetth\u00fclgavast ja hingavast MVP materjalist (Briti s\u00f5jav\u00e4e Gore-Tex ekvivalent), mis ei lase niiskusel v\u00e4ljast sisse tungida samal ajal lastes higil kuivada. Need p\u00fcksid on veidi paksemad kui nende kergekaaluline (Lightweight) variant kaasaegses MTP (Multi Terrain Pattern) laigus, olles samal ajal ikkagi \u00fcsna kerged. Kuigi p\u00fcksid on loodud s\u00f5jav\u00e4elaste tarbeks, sobivad need h\u00e4sti k\u00f5ikv\u00f5imalikeks v\u00e4li\u00fcritusteks, kus veekindel pealiskiht on vajalik. P\u00fcksid on pingutusn\u00f6\u00f6riga varustatud v\u00f6\u00f6kohaga ning p\u00f5lve k\u00f5rguseni ulatuva t\u00f5mblukuga alt mugavaks saapa peale t\u00f5mbamiseks. Kaks taskuava k\u00fclgedel annavad ligip\u00e4\u00e4su allolevatele p\u00fckstele. Suurus rippmen\u00fc\u00fcs: 1. pikkus \/ v\u00f6\u00f6\u00fcmberm\u00f5\u00f5t 2. s\u00e4\u00e4re sisepikkus \/ v\u00f6\u00f6\u00fcmberm\u00f5\u00f5t \/ istmiku \u00fcmberm\u00f5\u00f5t Seisukord:\u00a0 uued (v\u00f5ib sisaldada hulgiladustamise j\u00e4lgi ning kirjeid sildil) uuev\u00e4\u00e4rsed (sisaldab minimaalseid kulumisj\u00e4lgi) kasutatud, Grade 1 (heas korras, kergete v\u00f5i m\u00f5\u00f5dukate kulumisj\u00e4lgedega, v\u00f5ib olla veidi m\u00e4\u00e4rdunud)","og_url":"https:\/\/www.outdoors.ee\/et\/toode\/briti-armee-vihmapuksid-mvp-dpm\/","og_site_name":"Outdoors","article_modified_time":"2024-11-11T19:51:24+00:00","og_image":[{"width":727,"height":1238,"url":"https:\/\/www.outdoors.ee\/wp-content\/uploads\/2021\/12\/0202-British-Army-Waterproof-Trousers-MVP-DPM-1.jpg","type":"image\/jpeg"}],"twitter_card":"summary_large_image","twitter_title":"Briti Armee vihmap\u00fcksid MVP DPM","twitter_misc":{"Est. reading time":"1 minut"},"schema":{"@context":"https:\/\/schema.org","@graph":[{"@type":"WebPage","@id":"https:\/\/www.outdoors.ee\/et\/toode\/briti-armee-vihmapuksid-mvp-dpm\/","url":"https:\/\/www.outdoors.ee\/et\/toode\/briti-armee-vihmapuksid-mvp-dpm\/","name":"Briti Armee vihmap\u00fcksid MVP DPM - outdoors.ee","isPartOf":{"@id":"https:\/\/www.outdoors.ee\/#website"},"primaryImageOfPage":{"@id":"https:\/\/www.outdoors.ee\/et\/toode\/briti-armee-vihmapuksid-mvp-dpm\/#primaryimage"},"image":{"@id":"https:\/\/www.outdoors.ee\/et\/toode\/briti-armee-vihmapuksid-mvp-dpm\/#primaryimage"},"thumbnailUrl":"https:\/\/www.outdoors.ee\/wp-content\/uploads\/2021\/12\/0202-British-Army-Waterproof-Trousers-MVP-DPM-1.jpg","datePublished":"2021-12-09T00:00:00+00:00","dateModified":"2024-11-11T19:51:24+00:00","description":"Originaalsed Briti s\u00f5jav\u00e4e vihmakindlad p\u00fcksid klassikalises metsalaigus. Toodetud vetth\u00fclgavast ja hingavast MVP materjalist (Briti s\u00f5jav\u00e4e Gore-Tex ekvivalent), mis ei lase niiskusel v\u00e4ljast sisse tungida samal ajal lastes higil kuivada. Need p\u00fcksid on veidi paksemad kui nende kergekaaluline (Lightweight) variant kaasaegses MTP (Multi Terrain Pattern) laigus, olles samal ajal ikkagi \u00fcsna kerged. Kuigi p\u00fcksid on loodud s\u00f5jav\u00e4elaste tarbeks, sobivad need h\u00e4sti k\u00f5ikv\u00f5imalikeks v\u00e4li\u00fcritusteks, kus veekindel pealiskiht on vajalik. P\u00fcksid on pingutusn\u00f6\u00f6riga varustatud v\u00f6\u00f6kohaga ning p\u00f5lve k\u00f5rguseni ulatuva t\u00f5mblukuga alt mugavaks saapa peale t\u00f5mbamiseks. Kaks taskuava k\u00fclgedel annavad ligip\u00e4\u00e4su allolevatele p\u00fckstele. Suurus rippmen\u00fc\u00fcs: 1. pikkus \/ v\u00f6\u00f6\u00fcmberm\u00f5\u00f5t 2. s\u00e4\u00e4re sisepikkus \/ v\u00f6\u00f6\u00fcmberm\u00f5\u00f5t \/ istmiku \u00fcmberm\u00f5\u00f5t Seisukord:\u00a0 uued (v\u00f5ib sisaldada hulgiladustamise j\u00e4lgi ning kirjeid sildil) uuev\u00e4\u00e4rsed (sisaldab minimaalseid kulumisj\u00e4lgi) kasutatud, Grade 1 (heas korras, kergete v\u00f5i m\u00f5\u00f5dukate kulumisj\u00e4lgedega, v\u00f5ib olla veidi m\u00e4\u00e4rdunud)","breadcrumb":{"@id":"https:\/\/www.outdoors.ee\/et\/toode\/briti-armee-vihmapuksid-mvp-dpm\/#breadcrumb"},"inLanguage":"et","potentialAction":[{"@type":"ReadAction","target":["https:\/\/www.outdoors.ee\/et\/toode\/briti-armee-vihmapuksid-mvp-dpm\/"]}]},{"@type":"ImageObject","inLanguage":"et","@id":"https:\/\/www.outdoors.ee\/et\/toode\/briti-armee-vihmapuksid-mvp-dpm\/#primaryimage","url":"https:\/\/www.outdoors.ee\/wp-content\/uploads\/2021\/12\/0202-British-Army-Waterproof-Trousers-MVP-DPM-1.jpg","contentUrl":"https:\/\/www.outdoors.ee\/wp-content\/uploads\/2021\/12\/0202-British-Army-Waterproof-Trousers-MVP-DPM-1.jpg","width":727,"height":1238},{"@type":"BreadcrumbList","@id":"https:\/\/www.outdoors.ee\/et\/toode\/briti-armee-vihmapuksid-mvp-dpm\/#breadcrumb","itemListElement":[{"@type":"ListItem","position":1,"name":"Home","item":"https:\/\/www.outdoors.ee\/et\/"},{"@type":"ListItem","position":2,"name":"Tooted","item":"https:\/\/www.outdoors.ee\/products\/"},{"@type":"ListItem","position":3,"name":"Briti Armee vihmap\u00fcksid MVP DPM"}]},{"@type":"WebSite","@id":"https:\/\/www.outdoors.ee\/#website","url":"https:\/\/www.outdoors.ee\/","name":"Outdoors","description":"Genuine military surplus and not only!","potentialAction":[{"@type":"SearchAction","target":{"@type":"EntryPoint","urlTemplate":"https:\/\/www.outdoors.ee\/?s={search_term_string}"},"query-input":{"@type":"PropertyValueSpecification","valueRequired":true,"valueName":"search_term_string"}}],"inLanguage":"et"}]}},"_links":{"self":[{"href":"https:\/\/www.outdoors.ee\/et\/wp-json\/wp\/v2\/product\/58486","targetHints":{"allow":["GET"]}}],"collection":[{"href":"https:\/\/www.outdoors.ee\/et\/wp-json\/wp\/v2\/product"}],"about":[{"href":"https:\/\/www.outdoors.ee\/et\/wp-json\/wp\/v2\/types\/product"}],"wp:featuredmedia":[{"embeddable":true,"href":"https:\/\/www.outdoors.ee\/et\/wp-json\/wp\/v2\/media\/27472"}],"wp:attachment":[{"href":"https:\/\/www.outdoors.ee\/et\/wp-json\/wp\/v2\/media?parent=58486"}],"wp:term":[{"taxonomy":"product_brand","embeddable":true,"href":"https:\/\/www.outdoors.ee\/et\/wp-json\/wp\/v2\/product_brand?post=58486"},{"taxonomy":"product_cat","embeddable":true,"href":"https:\/\/www.outdoors.ee\/et\/wp-json\/wp\/v2\/product_cat?post=58486"},{"taxonomy":"product_tag","embeddable":true,"href":"https:\/\/www.outdoors.ee\/et\/wp-json\/wp\/v2\/product_tag?post=58486"}],"curies":[{"name":"wp","href":"https:\/\/api.w.org\/{rel}","templated":true}]}}