{"id":58464,"date":"2021-12-09T00:00:00","date_gmt":"2021-12-09T00:00:00","guid":{"rendered":"https:\/\/www.outdoors.ee\/product\/briti-armee-nahast-kindad-combat-mkii-black\/"},"modified":"2026-01-11T11:45:17","modified_gmt":"2026-01-11T09:45:17","slug":"briti-armee-nahast-kindad-combat-mkii-black","status":"publish","type":"product","link":"https:\/\/www.outdoors.ee\/et\/toode\/briti-armee-nahast-kindad-combat-mkii-black\/","title":{"rendered":"Briti Armee nahast kindad Combat MKII Black"},"content":{"rendered":"<p style=\"text-align: justify;\">Briti s\u00f5jav\u00e4e kindad, mis on toodetud vetth\u00fclgavast lambanahast, MVP (Moisture Vapour Permeable) materjalist sisevoodriga, mis kaitseb v\u00e4lise niiskuse eest samal ajal lastes k\u00e4tel kuivada. Veniv mansett hoiab kinda ilusti \u00fcmber k\u00e4e.<\/p>\n<p style=\"text-align: justify;\"><strong>Seisukord:<\/strong><\/p>\n<ul>\n<li>uus (j\u00e4em\u00fc\u00fcgipakendis v\u00f5i ilma, v\u00f5ivad sisaldada hulgiladustamise j\u00e4lgi v\u00f5i kirjasid sildil)<\/li>\n<li>uuev\u00e4\u00e4rne (sisaldavad kergeid kulumisj\u00e4lgi)<\/li>\n<\/ul>\n","protected":false},"excerpt":{"rendered":"<p>Briti Armee nahast kindad Combat MKII, must<\/p>\n","protected":false},"featured_media":9057,"template":"","meta":[],"product_brand":[],"product_cat":[98],"product_tag":[],"class_list":{"0":"post-58464","1":"product","2":"type-product","3":"status-publish","4":"has-post-thumbnail","6":"product_cat-kindad","7":"pa_brand-british-military-surplus","8":"pa_condition-uuevaarne","9":"pa_condition-uus","10":"pa_size-10-2","11":"pa_size-11-2","12":"pa_size-7-3","13":"pa_size-8-2","14":"pa_size-9-2","16":"first","17":"instock","18":"taxable","19":"shipping-taxable","20":"purchasable","21":"product-type-variable"},"yoast_head":"<!-- This site is optimized with the Yoast SEO plugin v27.2 - https:\/\/yoast.com\/product\/yoast-seo-wordpress\/ -->\n<title>Briti Armee nahast kindad Combat MKII Black - outdoors.ee<\/title>\n<meta name=\"description\" content=\"Briti s\u00f5jav\u00e4e kindad, mis on toodetud vetth\u00fclgavast lambanahast, MVP (Moisture Vapour Permeable) materjalist sooja sisevoodriga, mis kaitseb v\u00e4lise niiskuse eest samal ajal lastes k\u00e4tel kuivada. Veniv mansett hoiab kinda ilusti \u00fcmber k\u00e4e.\u00a0 Seisukord: uued (v\u00f5ivad sisaldada hulgiladustamise j\u00e4lgi v\u00f5i kirjasid sildil) uuev\u00e4\u00e4rsed (minimalsete kulumisj\u00e4lgedega)\" \/>\n<meta name=\"robots\" content=\"index, follow, max-snippet:-1, max-image-preview:large, max-video-preview:-1\" \/>\n<link rel=\"canonical\" href=\"https:\/\/www.outdoors.ee\/et\/toode\/briti-armee-nahast-kindad-combat-mkii-black\/\" \/>\n<meta property=\"og:locale\" content=\"et_EE\" \/>\n<meta property=\"og:type\" content=\"article\" \/>\n<meta property=\"og:title\" content=\"Briti Armee nahast kindad Combat MKII Black\" \/>\n<meta property=\"og:description\" content=\"Briti s\u00f5jav\u00e4e kindad, mis on toodetud vetth\u00fclgavast lambanahast, MVP (Moisture Vapour Permeable) materjalist sooja sisevoodriga, mis kaitseb v\u00e4lise niiskuse eest samal ajal lastes k\u00e4tel kuivada. Veniv mansett hoiab kinda ilusti \u00fcmber k\u00e4e.\u00a0 Seisukord: uued (v\u00f5ivad sisaldada hulgiladustamise j\u00e4lgi v\u00f5i kirjasid sildil) uuev\u00e4\u00e4rsed (minimalsete kulumisj\u00e4lgedega)\" \/>\n<meta property=\"og:url\" content=\"https:\/\/www.outdoors.ee\/et\/toode\/briti-armee-nahast-kindad-combat-mkii-black\/\" \/>\n<meta property=\"og:site_name\" content=\"Outdoors\" \/>\n<meta property=\"article:modified_time\" content=\"2026-01-11T09:45:17+00:00\" \/>\n<meta property=\"og:image\" content=\"https:\/\/www.outdoors.ee\/wp-content\/uploads\/2021\/08\/0162-British-Army-Leather-Combat-Gloves-MKII-Black.jpg\" \/>\n\t<meta property=\"og:image:width\" content=\"1359\" \/>\n\t<meta property=\"og:image:height\" content=\"1399\" \/>\n\t<meta property=\"og:image:type\" content=\"image\/jpeg\" \/>\n<meta name=\"twitter:card\" content=\"summary_large_image\" \/>\n<meta name=\"twitter:title\" content=\"Briti Armee nahast kindad Combat MKII Black\" \/>\n<meta name=\"twitter:label1\" content=\"Est. reading time\" \/>\n\t<meta name=\"twitter:data1\" content=\"1 minut\" \/>\n<script type=\"application\/ld+json\" class=\"yoast-schema-graph\">{\"@context\":\"https:\/\/schema.org\",\"@graph\":[{\"@type\":\"WebPage\",\"@id\":\"https:\/\/www.outdoors.ee\/et\/toode\/briti-armee-nahast-kindad-combat-mkii-black\/\",\"url\":\"https:\/\/www.outdoors.ee\/et\/toode\/briti-armee-nahast-kindad-combat-mkii-black\/\",\"name\":\"Briti Armee nahast kindad Combat MKII Black - outdoors.ee\",\"isPartOf\":{\"@id\":\"https:\/\/www.outdoors.ee\/#website\"},\"primaryImageOfPage\":{\"@id\":\"https:\/\/www.outdoors.ee\/et\/toode\/briti-armee-nahast-kindad-combat-mkii-black\/#primaryimage\"},\"image\":{\"@id\":\"https:\/\/www.outdoors.ee\/et\/toode\/briti-armee-nahast-kindad-combat-mkii-black\/#primaryimage\"},\"thumbnailUrl\":\"https:\/\/www.outdoors.ee\/wp-content\/uploads\/2021\/08\/0162-British-Army-Leather-Combat-Gloves-MKII-Black.jpg\",\"datePublished\":\"2021-12-09T00:00:00+00:00\",\"dateModified\":\"2026-01-11T09:45:17+00:00\",\"description\":\"Briti s\u00f5jav\u00e4e kindad, mis on toodetud vetth\u00fclgavast lambanahast, MVP (Moisture Vapour Permeable) materjalist sooja sisevoodriga, mis kaitseb v\u00e4lise niiskuse eest samal ajal lastes k\u00e4tel kuivada. Veniv mansett hoiab kinda ilusti \u00fcmber k\u00e4e.\u00a0 Seisukord: uued (v\u00f5ivad sisaldada hulgiladustamise j\u00e4lgi v\u00f5i kirjasid sildil) uuev\u00e4\u00e4rsed (minimalsete kulumisj\u00e4lgedega)\",\"breadcrumb\":{\"@id\":\"https:\/\/www.outdoors.ee\/et\/toode\/briti-armee-nahast-kindad-combat-mkii-black\/#breadcrumb\"},\"inLanguage\":\"et\",\"potentialAction\":[{\"@type\":\"ReadAction\",\"target\":[\"https:\/\/www.outdoors.ee\/et\/toode\/briti-armee-nahast-kindad-combat-mkii-black\/\"]}]},{\"@type\":\"ImageObject\",\"inLanguage\":\"et\",\"@id\":\"https:\/\/www.outdoors.ee\/et\/toode\/briti-armee-nahast-kindad-combat-mkii-black\/#primaryimage\",\"url\":\"https:\/\/www.outdoors.ee\/wp-content\/uploads\/2021\/08\/0162-British-Army-Leather-Combat-Gloves-MKII-Black.jpg\",\"contentUrl\":\"https:\/\/www.outdoors.ee\/wp-content\/uploads\/2021\/08\/0162-British-Army-Leather-Combat-Gloves-MKII-Black.jpg\",\"width\":1359,\"height\":1399},{\"@type\":\"BreadcrumbList\",\"@id\":\"https:\/\/www.outdoors.ee\/et\/toode\/briti-armee-nahast-kindad-combat-mkii-black\/#breadcrumb\",\"itemListElement\":[{\"@type\":\"ListItem\",\"position\":1,\"name\":\"Home\",\"item\":\"https:\/\/www.outdoors.ee\/et\/\"},{\"@type\":\"ListItem\",\"position\":2,\"name\":\"Tooted\",\"item\":\"https:\/\/www.outdoors.ee\/products\/\"},{\"@type\":\"ListItem\",\"position\":3,\"name\":\"Briti Armee nahast kindad Combat MKII Black\"}]},{\"@type\":\"WebSite\",\"@id\":\"https:\/\/www.outdoors.ee\/#website\",\"url\":\"https:\/\/www.outdoors.ee\/\",\"name\":\"Outdoors\",\"description\":\"Genuine military surplus and not only!\",\"potentialAction\":[{\"@type\":\"SearchAction\",\"target\":{\"@type\":\"EntryPoint\",\"urlTemplate\":\"https:\/\/www.outdoors.ee\/?s={search_term_string}\"},\"query-input\":{\"@type\":\"PropertyValueSpecification\",\"valueRequired\":true,\"valueName\":\"search_term_string\"}}],\"inLanguage\":\"et\"}]}<\/script>\n<!-- \/ Yoast SEO plugin. -->","yoast_head_json":{"title":"Briti Armee nahast kindad Combat MKII Black - outdoors.ee","description":"Briti s\u00f5jav\u00e4e kindad, mis on toodetud vetth\u00fclgavast lambanahast, MVP (Moisture Vapour Permeable) materjalist sooja sisevoodriga, mis kaitseb v\u00e4lise niiskuse eest samal ajal lastes k\u00e4tel kuivada. Veniv mansett hoiab kinda ilusti \u00fcmber k\u00e4e.\u00a0 Seisukord: uued (v\u00f5ivad sisaldada hulgiladustamise j\u00e4lgi v\u00f5i kirjasid sildil) uuev\u00e4\u00e4rsed (minimalsete kulumisj\u00e4lgedega)","robots":{"index":"index","follow":"follow","max-snippet":"max-snippet:-1","max-image-preview":"max-image-preview:large","max-video-preview":"max-video-preview:-1"},"canonical":"https:\/\/www.outdoors.ee\/et\/toode\/briti-armee-nahast-kindad-combat-mkii-black\/","og_locale":"et_EE","og_type":"article","og_title":"Briti Armee nahast kindad Combat MKII Black","og_description":"Briti s\u00f5jav\u00e4e kindad, mis on toodetud vetth\u00fclgavast lambanahast, MVP (Moisture Vapour Permeable) materjalist sooja sisevoodriga, mis kaitseb v\u00e4lise niiskuse eest samal ajal lastes k\u00e4tel kuivada. Veniv mansett hoiab kinda ilusti \u00fcmber k\u00e4e.\u00a0 Seisukord: uued (v\u00f5ivad sisaldada hulgiladustamise j\u00e4lgi v\u00f5i kirjasid sildil) uuev\u00e4\u00e4rsed (minimalsete kulumisj\u00e4lgedega)","og_url":"https:\/\/www.outdoors.ee\/et\/toode\/briti-armee-nahast-kindad-combat-mkii-black\/","og_site_name":"Outdoors","article_modified_time":"2026-01-11T09:45:17+00:00","og_image":[{"width":1359,"height":1399,"url":"https:\/\/www.outdoors.ee\/wp-content\/uploads\/2021\/08\/0162-British-Army-Leather-Combat-Gloves-MKII-Black.jpg","type":"image\/jpeg"}],"twitter_card":"summary_large_image","twitter_title":"Briti Armee nahast kindad Combat MKII Black","twitter_misc":{"Est. reading time":"1 minut"},"schema":{"@context":"https:\/\/schema.org","@graph":[{"@type":"WebPage","@id":"https:\/\/www.outdoors.ee\/et\/toode\/briti-armee-nahast-kindad-combat-mkii-black\/","url":"https:\/\/www.outdoors.ee\/et\/toode\/briti-armee-nahast-kindad-combat-mkii-black\/","name":"Briti Armee nahast kindad Combat MKII Black - outdoors.ee","isPartOf":{"@id":"https:\/\/www.outdoors.ee\/#website"},"primaryImageOfPage":{"@id":"https:\/\/www.outdoors.ee\/et\/toode\/briti-armee-nahast-kindad-combat-mkii-black\/#primaryimage"},"image":{"@id":"https:\/\/www.outdoors.ee\/et\/toode\/briti-armee-nahast-kindad-combat-mkii-black\/#primaryimage"},"thumbnailUrl":"https:\/\/www.outdoors.ee\/wp-content\/uploads\/2021\/08\/0162-British-Army-Leather-Combat-Gloves-MKII-Black.jpg","datePublished":"2021-12-09T00:00:00+00:00","dateModified":"2026-01-11T09:45:17+00:00","description":"Briti s\u00f5jav\u00e4e kindad, mis on toodetud vetth\u00fclgavast lambanahast, MVP (Moisture Vapour Permeable) materjalist sooja sisevoodriga, mis kaitseb v\u00e4lise niiskuse eest samal ajal lastes k\u00e4tel kuivada. Veniv mansett hoiab kinda ilusti \u00fcmber k\u00e4e.\u00a0 Seisukord: uued (v\u00f5ivad sisaldada hulgiladustamise j\u00e4lgi v\u00f5i kirjasid sildil) uuev\u00e4\u00e4rsed (minimalsete kulumisj\u00e4lgedega)","breadcrumb":{"@id":"https:\/\/www.outdoors.ee\/et\/toode\/briti-armee-nahast-kindad-combat-mkii-black\/#breadcrumb"},"inLanguage":"et","potentialAction":[{"@type":"ReadAction","target":["https:\/\/www.outdoors.ee\/et\/toode\/briti-armee-nahast-kindad-combat-mkii-black\/"]}]},{"@type":"ImageObject","inLanguage":"et","@id":"https:\/\/www.outdoors.ee\/et\/toode\/briti-armee-nahast-kindad-combat-mkii-black\/#primaryimage","url":"https:\/\/www.outdoors.ee\/wp-content\/uploads\/2021\/08\/0162-British-Army-Leather-Combat-Gloves-MKII-Black.jpg","contentUrl":"https:\/\/www.outdoors.ee\/wp-content\/uploads\/2021\/08\/0162-British-Army-Leather-Combat-Gloves-MKII-Black.jpg","width":1359,"height":1399},{"@type":"BreadcrumbList","@id":"https:\/\/www.outdoors.ee\/et\/toode\/briti-armee-nahast-kindad-combat-mkii-black\/#breadcrumb","itemListElement":[{"@type":"ListItem","position":1,"name":"Home","item":"https:\/\/www.outdoors.ee\/et\/"},{"@type":"ListItem","position":2,"name":"Tooted","item":"https:\/\/www.outdoors.ee\/products\/"},{"@type":"ListItem","position":3,"name":"Briti Armee nahast kindad Combat MKII Black"}]},{"@type":"WebSite","@id":"https:\/\/www.outdoors.ee\/#website","url":"https:\/\/www.outdoors.ee\/","name":"Outdoors","description":"Genuine military surplus and not only!","potentialAction":[{"@type":"SearchAction","target":{"@type":"EntryPoint","urlTemplate":"https:\/\/www.outdoors.ee\/?s={search_term_string}"},"query-input":{"@type":"PropertyValueSpecification","valueRequired":true,"valueName":"search_term_string"}}],"inLanguage":"et"}]}},"_links":{"self":[{"href":"https:\/\/www.outdoors.ee\/et\/wp-json\/wp\/v2\/product\/58464","targetHints":{"allow":["GET"]}}],"collection":[{"href":"https:\/\/www.outdoors.ee\/et\/wp-json\/wp\/v2\/product"}],"about":[{"href":"https:\/\/www.outdoors.ee\/et\/wp-json\/wp\/v2\/types\/product"}],"wp:featuredmedia":[{"embeddable":true,"href":"https:\/\/www.outdoors.ee\/et\/wp-json\/wp\/v2\/media\/9057"}],"wp:attachment":[{"href":"https:\/\/www.outdoors.ee\/et\/wp-json\/wp\/v2\/media?parent=58464"}],"wp:term":[{"taxonomy":"product_brand","embeddable":true,"href":"https:\/\/www.outdoors.ee\/et\/wp-json\/wp\/v2\/product_brand?post=58464"},{"taxonomy":"product_cat","embeddable":true,"href":"https:\/\/www.outdoors.ee\/et\/wp-json\/wp\/v2\/product_cat?post=58464"},{"taxonomy":"product_tag","embeddable":true,"href":"https:\/\/www.outdoors.ee\/et\/wp-json\/wp\/v2\/product_tag?post=58464"}],"curies":[{"name":"wp","href":"https:\/\/api.w.org\/{rel}","templated":true}]}}