{"id":58454,"date":"2021-12-09T00:00:00","date_gmt":"2021-12-09T00:00:00","guid":{"rendered":"https:\/\/www.outdoors.ee\/product\/briti-armee-nahast-kindad-combat-mkii-brown\/"},"modified":"2025-10-17T21:35:50","modified_gmt":"2025-10-17T18:35:50","slug":"briti-armee-nahast-kindad-combat-mkii-brown","status":"publish","type":"product","link":"https:\/\/www.outdoors.ee\/et\/toode\/briti-armee-nahast-kindad-combat-mkii-brown\/","title":{"rendered":"Briti Armee nahast kindad Combat MKII Brown"},"content":{"rendered":"<p style=\"text-align: justify;\">Briti s\u00f5jav\u00e4e kindad, mis on toodetud vetth\u00fclgavast lambanahast, MVP (Moisture Vapour Permeable) materjalist sisevoodriga, mis kaitseb v\u00e4lise niiskuse eest samal ajal lastes k\u00e4tel kuivada. Veniv mansett hoiab kinda ilusti \u00fcmber k\u00e4e.<\/p>\n<p style=\"text-align: justify;\"><strong>Seisukord:<\/strong><\/p>\n<ul>\n<li>uued (j\u00e4em\u00fc\u00fcgipakendis v\u00f5i ilma, v\u00f5ivad sisaldada hulgiladustamise j\u00e4lgi v\u00f5i kirjasid sildil)<\/li>\n<li>uuev\u00e4\u00e4rsed (sisaldavad minimaalseid kulumisj\u00e4lgi)<\/li>\n<\/ul>\n","protected":false},"excerpt":{"rendered":"<p>Briti Armee nahast kindad Combat MKII, pruun<\/p>\n","protected":false},"featured_media":9063,"template":"","meta":[],"product_brand":[],"product_cat":[98],"product_tag":[],"class_list":{"0":"post-58454","1":"product","2":"type-product","3":"status-publish","4":"has-post-thumbnail","6":"product_cat-kindad","7":"pa_brand-british-military-surplus","8":"pa_condition-uuevaarne","9":"pa_condition-uus","10":"pa_size-10-2","11":"pa_size-11-2","12":"pa_size-7-3","13":"pa_size-8-2","14":"pa_size-9-2","16":"first","17":"instock","18":"taxable","19":"shipping-taxable","20":"purchasable","21":"product-type-variable"},"yoast_head":"<!-- This site is optimized with the Yoast SEO plugin v27.2 - https:\/\/yoast.com\/product\/yoast-seo-wordpress\/ -->\n<title>Briti Armee nahast kindad Combat MKII Brown - outdoors.ee<\/title>\n<meta name=\"description\" content=\"Originaalsed Briti s\u00f5jav\u00e4e kindad, mis on toodetud vetth\u00fclgavast lambanahast, MVP (Moisture Vapour Permeable) materjalist sooja sisevoodriga, mis kaitseb v\u00e4lise niiskuse eest samal ajal lastes k\u00e4tel kuivada. Veniv mansett hoiab kinda ilusti \u00fcmber k\u00e4e.\u00a0 Seisukord: uued (v\u00f5ivad sisaldada hulgiladustamise j\u00e4lgi v\u00f5i kirjasid sildil) uuev\u00e4\u00e4rsed (minimalsete kulumisj\u00e4lgedega)\" \/>\n<meta name=\"robots\" content=\"index, follow, max-snippet:-1, max-image-preview:large, max-video-preview:-1\" \/>\n<link rel=\"canonical\" href=\"https:\/\/www.outdoors.ee\/et\/toode\/briti-armee-nahast-kindad-combat-mkii-brown\/\" \/>\n<meta property=\"og:locale\" content=\"et_EE\" \/>\n<meta property=\"og:type\" content=\"article\" \/>\n<meta property=\"og:title\" content=\"Briti Armee nahast kindad Combat MKII Brown\" \/>\n<meta property=\"og:description\" content=\"Originaalsed Briti s\u00f5jav\u00e4e kindad, mis on toodetud vetth\u00fclgavast lambanahast, MVP (Moisture Vapour Permeable) materjalist sooja sisevoodriga, mis kaitseb v\u00e4lise niiskuse eest samal ajal lastes k\u00e4tel kuivada. Veniv mansett hoiab kinda ilusti \u00fcmber k\u00e4e.\u00a0 Seisukord: uued (v\u00f5ivad sisaldada hulgiladustamise j\u00e4lgi v\u00f5i kirjasid sildil) uuev\u00e4\u00e4rsed (minimalsete kulumisj\u00e4lgedega)\" \/>\n<meta property=\"og:url\" content=\"https:\/\/www.outdoors.ee\/et\/toode\/briti-armee-nahast-kindad-combat-mkii-brown\/\" \/>\n<meta property=\"og:site_name\" content=\"Outdoors\" \/>\n<meta property=\"article:modified_time\" content=\"2025-10-17T18:35:50+00:00\" \/>\n<meta property=\"og:image\" content=\"https:\/\/www.outdoors.ee\/wp-content\/uploads\/2021\/08\/0161-British-Army-Leather-Combat-Gloves-MKII-Brown.jpg\" \/>\n\t<meta property=\"og:image:width\" content=\"1503\" \/>\n\t<meta property=\"og:image:height\" content=\"1509\" \/>\n\t<meta property=\"og:image:type\" content=\"image\/jpeg\" \/>\n<meta name=\"twitter:card\" content=\"summary_large_image\" \/>\n<meta name=\"twitter:title\" content=\"Briti Armee nahast kindad Combat MKII Brown\" \/>\n<meta name=\"twitter:label1\" content=\"Est. reading time\" \/>\n\t<meta name=\"twitter:data1\" content=\"1 minut\" \/>\n<script type=\"application\/ld+json\" class=\"yoast-schema-graph\">{\"@context\":\"https:\/\/schema.org\",\"@graph\":[{\"@type\":\"WebPage\",\"@id\":\"https:\/\/www.outdoors.ee\/et\/toode\/briti-armee-nahast-kindad-combat-mkii-brown\/\",\"url\":\"https:\/\/www.outdoors.ee\/et\/toode\/briti-armee-nahast-kindad-combat-mkii-brown\/\",\"name\":\"Briti Armee nahast kindad Combat MKII Brown - outdoors.ee\",\"isPartOf\":{\"@id\":\"https:\/\/www.outdoors.ee\/#website\"},\"primaryImageOfPage\":{\"@id\":\"https:\/\/www.outdoors.ee\/et\/toode\/briti-armee-nahast-kindad-combat-mkii-brown\/#primaryimage\"},\"image\":{\"@id\":\"https:\/\/www.outdoors.ee\/et\/toode\/briti-armee-nahast-kindad-combat-mkii-brown\/#primaryimage\"},\"thumbnailUrl\":\"https:\/\/www.outdoors.ee\/wp-content\/uploads\/2021\/08\/0161-British-Army-Leather-Combat-Gloves-MKII-Brown.jpg\",\"datePublished\":\"2021-12-09T00:00:00+00:00\",\"dateModified\":\"2025-10-17T18:35:50+00:00\",\"description\":\"Originaalsed Briti s\u00f5jav\u00e4e kindad, mis on toodetud vetth\u00fclgavast lambanahast, MVP (Moisture Vapour Permeable) materjalist sooja sisevoodriga, mis kaitseb v\u00e4lise niiskuse eest samal ajal lastes k\u00e4tel kuivada. Veniv mansett hoiab kinda ilusti \u00fcmber k\u00e4e.\u00a0 Seisukord: uued (v\u00f5ivad sisaldada hulgiladustamise j\u00e4lgi v\u00f5i kirjasid sildil) uuev\u00e4\u00e4rsed (minimalsete kulumisj\u00e4lgedega)\",\"breadcrumb\":{\"@id\":\"https:\/\/www.outdoors.ee\/et\/toode\/briti-armee-nahast-kindad-combat-mkii-brown\/#breadcrumb\"},\"inLanguage\":\"et\",\"potentialAction\":[{\"@type\":\"ReadAction\",\"target\":[\"https:\/\/www.outdoors.ee\/et\/toode\/briti-armee-nahast-kindad-combat-mkii-brown\/\"]}]},{\"@type\":\"ImageObject\",\"inLanguage\":\"et\",\"@id\":\"https:\/\/www.outdoors.ee\/et\/toode\/briti-armee-nahast-kindad-combat-mkii-brown\/#primaryimage\",\"url\":\"https:\/\/www.outdoors.ee\/wp-content\/uploads\/2021\/08\/0161-British-Army-Leather-Combat-Gloves-MKII-Brown.jpg\",\"contentUrl\":\"https:\/\/www.outdoors.ee\/wp-content\/uploads\/2021\/08\/0161-British-Army-Leather-Combat-Gloves-MKII-Brown.jpg\",\"width\":1503,\"height\":1509},{\"@type\":\"BreadcrumbList\",\"@id\":\"https:\/\/www.outdoors.ee\/et\/toode\/briti-armee-nahast-kindad-combat-mkii-brown\/#breadcrumb\",\"itemListElement\":[{\"@type\":\"ListItem\",\"position\":1,\"name\":\"Home\",\"item\":\"https:\/\/www.outdoors.ee\/et\/\"},{\"@type\":\"ListItem\",\"position\":2,\"name\":\"Tooted\",\"item\":\"https:\/\/www.outdoors.ee\/products\/\"},{\"@type\":\"ListItem\",\"position\":3,\"name\":\"Briti Armee nahast kindad Combat MKII Brown\"}]},{\"@type\":\"WebSite\",\"@id\":\"https:\/\/www.outdoors.ee\/#website\",\"url\":\"https:\/\/www.outdoors.ee\/\",\"name\":\"Outdoors\",\"description\":\"Genuine military surplus and not only!\",\"potentialAction\":[{\"@type\":\"SearchAction\",\"target\":{\"@type\":\"EntryPoint\",\"urlTemplate\":\"https:\/\/www.outdoors.ee\/?s={search_term_string}\"},\"query-input\":{\"@type\":\"PropertyValueSpecification\",\"valueRequired\":true,\"valueName\":\"search_term_string\"}}],\"inLanguage\":\"et\"}]}<\/script>\n<!-- \/ Yoast SEO plugin. -->","yoast_head_json":{"title":"Briti Armee nahast kindad Combat MKII Brown - outdoors.ee","description":"Originaalsed Briti s\u00f5jav\u00e4e kindad, mis on toodetud vetth\u00fclgavast lambanahast, MVP (Moisture Vapour Permeable) materjalist sooja sisevoodriga, mis kaitseb v\u00e4lise niiskuse eest samal ajal lastes k\u00e4tel kuivada. Veniv mansett hoiab kinda ilusti \u00fcmber k\u00e4e.\u00a0 Seisukord: uued (v\u00f5ivad sisaldada hulgiladustamise j\u00e4lgi v\u00f5i kirjasid sildil) uuev\u00e4\u00e4rsed (minimalsete kulumisj\u00e4lgedega)","robots":{"index":"index","follow":"follow","max-snippet":"max-snippet:-1","max-image-preview":"max-image-preview:large","max-video-preview":"max-video-preview:-1"},"canonical":"https:\/\/www.outdoors.ee\/et\/toode\/briti-armee-nahast-kindad-combat-mkii-brown\/","og_locale":"et_EE","og_type":"article","og_title":"Briti Armee nahast kindad Combat MKII Brown","og_description":"Originaalsed Briti s\u00f5jav\u00e4e kindad, mis on toodetud vetth\u00fclgavast lambanahast, MVP (Moisture Vapour Permeable) materjalist sooja sisevoodriga, mis kaitseb v\u00e4lise niiskuse eest samal ajal lastes k\u00e4tel kuivada. Veniv mansett hoiab kinda ilusti \u00fcmber k\u00e4e.\u00a0 Seisukord: uued (v\u00f5ivad sisaldada hulgiladustamise j\u00e4lgi v\u00f5i kirjasid sildil) uuev\u00e4\u00e4rsed (minimalsete kulumisj\u00e4lgedega)","og_url":"https:\/\/www.outdoors.ee\/et\/toode\/briti-armee-nahast-kindad-combat-mkii-brown\/","og_site_name":"Outdoors","article_modified_time":"2025-10-17T18:35:50+00:00","og_image":[{"width":1503,"height":1509,"url":"https:\/\/www.outdoors.ee\/wp-content\/uploads\/2021\/08\/0161-British-Army-Leather-Combat-Gloves-MKII-Brown.jpg","type":"image\/jpeg"}],"twitter_card":"summary_large_image","twitter_title":"Briti Armee nahast kindad Combat MKII Brown","twitter_misc":{"Est. reading time":"1 minut"},"schema":{"@context":"https:\/\/schema.org","@graph":[{"@type":"WebPage","@id":"https:\/\/www.outdoors.ee\/et\/toode\/briti-armee-nahast-kindad-combat-mkii-brown\/","url":"https:\/\/www.outdoors.ee\/et\/toode\/briti-armee-nahast-kindad-combat-mkii-brown\/","name":"Briti Armee nahast kindad Combat MKII Brown - outdoors.ee","isPartOf":{"@id":"https:\/\/www.outdoors.ee\/#website"},"primaryImageOfPage":{"@id":"https:\/\/www.outdoors.ee\/et\/toode\/briti-armee-nahast-kindad-combat-mkii-brown\/#primaryimage"},"image":{"@id":"https:\/\/www.outdoors.ee\/et\/toode\/briti-armee-nahast-kindad-combat-mkii-brown\/#primaryimage"},"thumbnailUrl":"https:\/\/www.outdoors.ee\/wp-content\/uploads\/2021\/08\/0161-British-Army-Leather-Combat-Gloves-MKII-Brown.jpg","datePublished":"2021-12-09T00:00:00+00:00","dateModified":"2025-10-17T18:35:50+00:00","description":"Originaalsed Briti s\u00f5jav\u00e4e kindad, mis on toodetud vetth\u00fclgavast lambanahast, MVP (Moisture Vapour Permeable) materjalist sooja sisevoodriga, mis kaitseb v\u00e4lise niiskuse eest samal ajal lastes k\u00e4tel kuivada. Veniv mansett hoiab kinda ilusti \u00fcmber k\u00e4e.\u00a0 Seisukord: uued (v\u00f5ivad sisaldada hulgiladustamise j\u00e4lgi v\u00f5i kirjasid sildil) uuev\u00e4\u00e4rsed (minimalsete kulumisj\u00e4lgedega)","breadcrumb":{"@id":"https:\/\/www.outdoors.ee\/et\/toode\/briti-armee-nahast-kindad-combat-mkii-brown\/#breadcrumb"},"inLanguage":"et","potentialAction":[{"@type":"ReadAction","target":["https:\/\/www.outdoors.ee\/et\/toode\/briti-armee-nahast-kindad-combat-mkii-brown\/"]}]},{"@type":"ImageObject","inLanguage":"et","@id":"https:\/\/www.outdoors.ee\/et\/toode\/briti-armee-nahast-kindad-combat-mkii-brown\/#primaryimage","url":"https:\/\/www.outdoors.ee\/wp-content\/uploads\/2021\/08\/0161-British-Army-Leather-Combat-Gloves-MKII-Brown.jpg","contentUrl":"https:\/\/www.outdoors.ee\/wp-content\/uploads\/2021\/08\/0161-British-Army-Leather-Combat-Gloves-MKII-Brown.jpg","width":1503,"height":1509},{"@type":"BreadcrumbList","@id":"https:\/\/www.outdoors.ee\/et\/toode\/briti-armee-nahast-kindad-combat-mkii-brown\/#breadcrumb","itemListElement":[{"@type":"ListItem","position":1,"name":"Home","item":"https:\/\/www.outdoors.ee\/et\/"},{"@type":"ListItem","position":2,"name":"Tooted","item":"https:\/\/www.outdoors.ee\/products\/"},{"@type":"ListItem","position":3,"name":"Briti Armee nahast kindad Combat MKII Brown"}]},{"@type":"WebSite","@id":"https:\/\/www.outdoors.ee\/#website","url":"https:\/\/www.outdoors.ee\/","name":"Outdoors","description":"Genuine military surplus and not only!","potentialAction":[{"@type":"SearchAction","target":{"@type":"EntryPoint","urlTemplate":"https:\/\/www.outdoors.ee\/?s={search_term_string}"},"query-input":{"@type":"PropertyValueSpecification","valueRequired":true,"valueName":"search_term_string"}}],"inLanguage":"et"}]}},"_links":{"self":[{"href":"https:\/\/www.outdoors.ee\/et\/wp-json\/wp\/v2\/product\/58454","targetHints":{"allow":["GET"]}}],"collection":[{"href":"https:\/\/www.outdoors.ee\/et\/wp-json\/wp\/v2\/product"}],"about":[{"href":"https:\/\/www.outdoors.ee\/et\/wp-json\/wp\/v2\/types\/product"}],"wp:featuredmedia":[{"embeddable":true,"href":"https:\/\/www.outdoors.ee\/et\/wp-json\/wp\/v2\/media\/9063"}],"wp:attachment":[{"href":"https:\/\/www.outdoors.ee\/et\/wp-json\/wp\/v2\/media?parent=58454"}],"wp:term":[{"taxonomy":"product_brand","embeddable":true,"href":"https:\/\/www.outdoors.ee\/et\/wp-json\/wp\/v2\/product_brand?post=58454"},{"taxonomy":"product_cat","embeddable":true,"href":"https:\/\/www.outdoors.ee\/et\/wp-json\/wp\/v2\/product_cat?post=58454"},{"taxonomy":"product_tag","embeddable":true,"href":"https:\/\/www.outdoors.ee\/et\/wp-json\/wp\/v2\/product_tag?post=58454"}],"curies":[{"name":"wp","href":"https:\/\/api.w.org\/{rel}","templated":true}]}}