{"id":58448,"date":"2021-12-09T00:00:00","date_gmt":"2021-12-09T00:00:00","guid":{"rendered":"https:\/\/www.outdoors.ee\/product\/briti-armee-parka-windproof-smock-fr-mtp-for-air-crew\/"},"modified":"2025-07-17T09:30:34","modified_gmt":"2025-07-17T06:30:34","slug":"briti-armee-parka-smock-fr-mtp","status":"publish","type":"product","link":"https:\/\/www.outdoors.ee\/et\/toode\/briti-armee-parka-smock-fr-mtp\/","title":{"rendered":"Briti Armee parka Smock FR MTP"},"content":{"rendered":"<p style=\"text-align: justify;\">Briti s\u00f5jav\u00e4e parka raskelts\u00fcttivast materjalist kaasaaegses MTP laigus. Oma disaini poolest v\u00e4ga sarnane klassikalise Briti s\u00f5jav\u00e4e tuulekindla parkaga (Windproof Smock).<\/p>\n<p>NB! Kolm veidi erinevat mudelit.<\/p>\n<p style=\"text-align: justify;\">V\u00f5imalikud kirjad sildil:<\/p>\n<ul>\n<li><span style=\"text-align: justify;\">Smock Combat Windproof FR MTP For Air Crew<\/span><\/li>\n<li><span style=\"text-align: justify;\">Smock Combat Windproof MTP FR<\/span><\/li>\n<li><span style=\"text-align: justify;\">PCS Smock Combat Aircrew FR MTP<\/span><\/li>\n<\/ul>\n<p style=\"text-align: justify;\"><strong>Materjal<\/strong>:\u00a064% lenzing FR, 24% paraamiid, 10% pol\u00fcamiid, 2% antistaatilised kiud<\/p>\n<p style=\"text-align: justify;\"><strong>Seisukord<\/strong>:<\/p>\n<ul>\n<li style=\"text-align: justify;\">uus (ilma j\u00e4em\u00fc\u00fcgipakendita, v\u00f5ib sisaldada hulgiladustamise j\u00e4lgi ja kirjasid sildil)<\/li>\n<li>uuev\u00e4\u00e4rne (sisaldab kergeid kulumisj\u00e4lgi)<\/li>\n<li>kasutatud, Grade 1 (sisaldab m\u00f5\u00f5dukaid kulumisj\u00e4lgi, v\u00f5ib olla kergelt m\u00e4\u00e4rdunud ning sisaldada v\u00e4ikseid vigastusi)<\/li>\n<\/ul>\n","protected":false},"excerpt":{"rendered":"<p>Briti Armee tuulekindel raskelts\u00fcttiv parka Smock FR, MTP<\/p>\n","protected":false},"featured_media":27069,"template":"","meta":[],"product_brand":[],"product_cat":[101],"product_tag":[],"class_list":{"0":"post-58448","1":"product","2":"type-product","3":"status-publish","4":"has-post-thumbnail","6":"product_cat-joped-parkad","7":"pa_brand-british-military-surplus","8":"pa_condition-kasutatud-grade-1","9":"pa_condition-uuevaarne","10":"pa_condition-uus","11":"pa_size-160-104-2","12":"pa_size-170-104-2","13":"pa_size-170-112-2","14":"pa_size-170-88-2","15":"pa_size-170-96-2","16":"pa_size-180-104-2","17":"pa_size-180-112-2","18":"pa_size-180-96-2","19":"pa_size-190-104-2","20":"pa_size-190-112-2","21":"pa_size-190-120-2","22":"pa_size-190-96-2","24":"first","25":"instock","26":"taxable","27":"shipping-taxable","28":"purchasable","29":"product-type-variable"},"yoast_head":"<!-- This site is optimized with the Yoast SEO plugin v27.2 - https:\/\/yoast.com\/product\/yoast-seo-wordpress\/ -->\n<title>Briti Armee parka Windproof Smock FR MTP For Air Crew - outdoors.ee<\/title>\n<meta name=\"description\" content=\"Briti s\u00f5jav\u00e4e lennupersonalile m\u00f5eldud parka kaasaaegses MTP laigus. Oma disaini poolest v\u00e4ga sarnane klassikalise Briti s\u00f5jav\u00e4e tuulekindla parkaga (Windproof Smock), kuid antud versioon on toodetud raskelts\u00fcttivast materjalide kombinatsioonist. V\u00e4ga haruldane eksemplar. Kiri sildil: Smock\u00a0Combat Windproof MTP FR For Air Crew Materjal:\u00a064% lenzing FR, 24% paraamiid, 10% pol\u00fcamiid, 2% antistaatilised kiud Seisukord: uus (v\u00f5ib sisaldada hulgiladustamise j\u00e4lgi)\" \/>\n<meta name=\"robots\" content=\"index, follow, max-snippet:-1, max-image-preview:large, max-video-preview:-1\" \/>\n<link rel=\"canonical\" href=\"https:\/\/www.outdoors.ee\/et\/toode\/briti-armee-parka-smock-fr-mtp\/\" \/>\n<meta property=\"og:locale\" content=\"et_EE\" \/>\n<meta property=\"og:type\" content=\"article\" \/>\n<meta property=\"og:title\" content=\"Briti Armee parka Windproof Smock FR MTP For Air Crew\" \/>\n<meta property=\"og:description\" content=\"Briti s\u00f5jav\u00e4e lennupersonalile m\u00f5eldud parka kaasaaegses MTP laigus. Oma disaini poolest v\u00e4ga sarnane klassikalise Briti s\u00f5jav\u00e4e tuulekindla parkaga (Windproof Smock), kuid antud versioon on toodetud raskelts\u00fcttivast materjalide kombinatsioonist. V\u00e4ga haruldane eksemplar. Kiri sildil: Smock\u00a0Combat Windproof MTP FR For Air Crew Materjal:\u00a064% lenzing FR, 24% paraamiid, 10% pol\u00fcamiid, 2% antistaatilised kiud Seisukord: uus (v\u00f5ib sisaldada hulgiladustamise j\u00e4lgi)\" \/>\n<meta property=\"og:url\" content=\"https:\/\/www.outdoors.ee\/et\/toode\/briti-armee-parka-smock-fr-mtp\/\" \/>\n<meta property=\"og:site_name\" content=\"Outdoors\" \/>\n<meta property=\"article:modified_time\" content=\"2025-07-17T06:30:34+00:00\" \/>\n<meta property=\"og:image\" content=\"https:\/\/www.outdoors.ee\/wp-content\/uploads\/2021\/12\/0156-British-Army-Windproof-Combat-Smock-FR-MTP-For-Air-Crew-1.jpg\" \/>\n\t<meta property=\"og:image:width\" content=\"1103\" \/>\n\t<meta property=\"og:image:height\" content=\"1392\" \/>\n\t<meta property=\"og:image:type\" content=\"image\/jpeg\" \/>\n<meta name=\"twitter:card\" content=\"summary_large_image\" \/>\n<meta name=\"twitter:title\" content=\"Briti Armee parka Windproof Smock FR MTP For Air Crew\" \/>\n<meta name=\"twitter:label1\" content=\"Est. reading time\" \/>\n\t<meta name=\"twitter:data1\" content=\"1 minut\" \/>\n<script type=\"application\/ld+json\" class=\"yoast-schema-graph\">{\"@context\":\"https:\/\/schema.org\",\"@graph\":[{\"@type\":\"WebPage\",\"@id\":\"https:\/\/www.outdoors.ee\/et\/toode\/briti-armee-parka-smock-fr-mtp\/\",\"url\":\"https:\/\/www.outdoors.ee\/et\/toode\/briti-armee-parka-smock-fr-mtp\/\",\"name\":\"Briti Armee parka Windproof Smock FR MTP For Air Crew - outdoors.ee\",\"isPartOf\":{\"@id\":\"https:\/\/www.outdoors.ee\/#website\"},\"primaryImageOfPage\":{\"@id\":\"https:\/\/www.outdoors.ee\/et\/toode\/briti-armee-parka-smock-fr-mtp\/#primaryimage\"},\"image\":{\"@id\":\"https:\/\/www.outdoors.ee\/et\/toode\/briti-armee-parka-smock-fr-mtp\/#primaryimage\"},\"thumbnailUrl\":\"https:\/\/www.outdoors.ee\/wp-content\/uploads\/2021\/12\/0156-British-Army-Windproof-Combat-Smock-FR-MTP-For-Air-Crew-1.jpg\",\"datePublished\":\"2021-12-09T00:00:00+00:00\",\"dateModified\":\"2025-07-17T06:30:34+00:00\",\"description\":\"Briti s\u00f5jav\u00e4e lennupersonalile m\u00f5eldud parka kaasaaegses MTP laigus. Oma disaini poolest v\u00e4ga sarnane klassikalise Briti s\u00f5jav\u00e4e tuulekindla parkaga (Windproof Smock), kuid antud versioon on toodetud raskelts\u00fcttivast materjalide kombinatsioonist. V\u00e4ga haruldane eksemplar. Kiri sildil: Smock\u00a0Combat Windproof MTP FR For Air Crew Materjal:\u00a064% lenzing FR, 24% paraamiid, 10% pol\u00fcamiid, 2% antistaatilised kiud Seisukord: uus (v\u00f5ib sisaldada hulgiladustamise j\u00e4lgi)\",\"breadcrumb\":{\"@id\":\"https:\/\/www.outdoors.ee\/et\/toode\/briti-armee-parka-smock-fr-mtp\/#breadcrumb\"},\"inLanguage\":\"et\",\"potentialAction\":[{\"@type\":\"ReadAction\",\"target\":[\"https:\/\/www.outdoors.ee\/et\/toode\/briti-armee-parka-smock-fr-mtp\/\"]}]},{\"@type\":\"ImageObject\",\"inLanguage\":\"et\",\"@id\":\"https:\/\/www.outdoors.ee\/et\/toode\/briti-armee-parka-smock-fr-mtp\/#primaryimage\",\"url\":\"https:\/\/www.outdoors.ee\/wp-content\/uploads\/2021\/12\/0156-British-Army-Windproof-Combat-Smock-FR-MTP-For-Air-Crew-1.jpg\",\"contentUrl\":\"https:\/\/www.outdoors.ee\/wp-content\/uploads\/2021\/12\/0156-British-Army-Windproof-Combat-Smock-FR-MTP-For-Air-Crew-1.jpg\",\"width\":1103,\"height\":1392},{\"@type\":\"BreadcrumbList\",\"@id\":\"https:\/\/www.outdoors.ee\/et\/toode\/briti-armee-parka-smock-fr-mtp\/#breadcrumb\",\"itemListElement\":[{\"@type\":\"ListItem\",\"position\":1,\"name\":\"Home\",\"item\":\"https:\/\/www.outdoors.ee\/et\/\"},{\"@type\":\"ListItem\",\"position\":2,\"name\":\"Tooted\",\"item\":\"https:\/\/www.outdoors.ee\/products\/\"},{\"@type\":\"ListItem\",\"position\":3,\"name\":\"Briti Armee parka Smock FR MTP\"}]},{\"@type\":\"WebSite\",\"@id\":\"https:\/\/www.outdoors.ee\/#website\",\"url\":\"https:\/\/www.outdoors.ee\/\",\"name\":\"Outdoors\",\"description\":\"Genuine military surplus and not only!\",\"potentialAction\":[{\"@type\":\"SearchAction\",\"target\":{\"@type\":\"EntryPoint\",\"urlTemplate\":\"https:\/\/www.outdoors.ee\/?s={search_term_string}\"},\"query-input\":{\"@type\":\"PropertyValueSpecification\",\"valueRequired\":true,\"valueName\":\"search_term_string\"}}],\"inLanguage\":\"et\"}]}<\/script>\n<!-- \/ Yoast SEO plugin. -->","yoast_head_json":{"title":"Briti Armee parka Windproof Smock FR MTP For Air Crew - outdoors.ee","description":"Briti s\u00f5jav\u00e4e lennupersonalile m\u00f5eldud parka kaasaaegses MTP laigus. Oma disaini poolest v\u00e4ga sarnane klassikalise Briti s\u00f5jav\u00e4e tuulekindla parkaga (Windproof Smock), kuid antud versioon on toodetud raskelts\u00fcttivast materjalide kombinatsioonist. V\u00e4ga haruldane eksemplar. Kiri sildil: Smock\u00a0Combat Windproof MTP FR For Air Crew Materjal:\u00a064% lenzing FR, 24% paraamiid, 10% pol\u00fcamiid, 2% antistaatilised kiud Seisukord: uus (v\u00f5ib sisaldada hulgiladustamise j\u00e4lgi)","robots":{"index":"index","follow":"follow","max-snippet":"max-snippet:-1","max-image-preview":"max-image-preview:large","max-video-preview":"max-video-preview:-1"},"canonical":"https:\/\/www.outdoors.ee\/et\/toode\/briti-armee-parka-smock-fr-mtp\/","og_locale":"et_EE","og_type":"article","og_title":"Briti Armee parka Windproof Smock FR MTP For Air Crew","og_description":"Briti s\u00f5jav\u00e4e lennupersonalile m\u00f5eldud parka kaasaaegses MTP laigus. Oma disaini poolest v\u00e4ga sarnane klassikalise Briti s\u00f5jav\u00e4e tuulekindla parkaga (Windproof Smock), kuid antud versioon on toodetud raskelts\u00fcttivast materjalide kombinatsioonist. V\u00e4ga haruldane eksemplar. Kiri sildil: Smock\u00a0Combat Windproof MTP FR For Air Crew Materjal:\u00a064% lenzing FR, 24% paraamiid, 10% pol\u00fcamiid, 2% antistaatilised kiud Seisukord: uus (v\u00f5ib sisaldada hulgiladustamise j\u00e4lgi)","og_url":"https:\/\/www.outdoors.ee\/et\/toode\/briti-armee-parka-smock-fr-mtp\/","og_site_name":"Outdoors","article_modified_time":"2025-07-17T06:30:34+00:00","og_image":[{"width":1103,"height":1392,"url":"https:\/\/www.outdoors.ee\/wp-content\/uploads\/2021\/12\/0156-British-Army-Windproof-Combat-Smock-FR-MTP-For-Air-Crew-1.jpg","type":"image\/jpeg"}],"twitter_card":"summary_large_image","twitter_title":"Briti Armee parka Windproof Smock FR MTP For Air Crew","twitter_misc":{"Est. reading time":"1 minut"},"schema":{"@context":"https:\/\/schema.org","@graph":[{"@type":"WebPage","@id":"https:\/\/www.outdoors.ee\/et\/toode\/briti-armee-parka-smock-fr-mtp\/","url":"https:\/\/www.outdoors.ee\/et\/toode\/briti-armee-parka-smock-fr-mtp\/","name":"Briti Armee parka Windproof Smock FR MTP For Air Crew - outdoors.ee","isPartOf":{"@id":"https:\/\/www.outdoors.ee\/#website"},"primaryImageOfPage":{"@id":"https:\/\/www.outdoors.ee\/et\/toode\/briti-armee-parka-smock-fr-mtp\/#primaryimage"},"image":{"@id":"https:\/\/www.outdoors.ee\/et\/toode\/briti-armee-parka-smock-fr-mtp\/#primaryimage"},"thumbnailUrl":"https:\/\/www.outdoors.ee\/wp-content\/uploads\/2021\/12\/0156-British-Army-Windproof-Combat-Smock-FR-MTP-For-Air-Crew-1.jpg","datePublished":"2021-12-09T00:00:00+00:00","dateModified":"2025-07-17T06:30:34+00:00","description":"Briti s\u00f5jav\u00e4e lennupersonalile m\u00f5eldud parka kaasaaegses MTP laigus. Oma disaini poolest v\u00e4ga sarnane klassikalise Briti s\u00f5jav\u00e4e tuulekindla parkaga (Windproof Smock), kuid antud versioon on toodetud raskelts\u00fcttivast materjalide kombinatsioonist. V\u00e4ga haruldane eksemplar. Kiri sildil: Smock\u00a0Combat Windproof MTP FR For Air Crew Materjal:\u00a064% lenzing FR, 24% paraamiid, 10% pol\u00fcamiid, 2% antistaatilised kiud Seisukord: uus (v\u00f5ib sisaldada hulgiladustamise j\u00e4lgi)","breadcrumb":{"@id":"https:\/\/www.outdoors.ee\/et\/toode\/briti-armee-parka-smock-fr-mtp\/#breadcrumb"},"inLanguage":"et","potentialAction":[{"@type":"ReadAction","target":["https:\/\/www.outdoors.ee\/et\/toode\/briti-armee-parka-smock-fr-mtp\/"]}]},{"@type":"ImageObject","inLanguage":"et","@id":"https:\/\/www.outdoors.ee\/et\/toode\/briti-armee-parka-smock-fr-mtp\/#primaryimage","url":"https:\/\/www.outdoors.ee\/wp-content\/uploads\/2021\/12\/0156-British-Army-Windproof-Combat-Smock-FR-MTP-For-Air-Crew-1.jpg","contentUrl":"https:\/\/www.outdoors.ee\/wp-content\/uploads\/2021\/12\/0156-British-Army-Windproof-Combat-Smock-FR-MTP-For-Air-Crew-1.jpg","width":1103,"height":1392},{"@type":"BreadcrumbList","@id":"https:\/\/www.outdoors.ee\/et\/toode\/briti-armee-parka-smock-fr-mtp\/#breadcrumb","itemListElement":[{"@type":"ListItem","position":1,"name":"Home","item":"https:\/\/www.outdoors.ee\/et\/"},{"@type":"ListItem","position":2,"name":"Tooted","item":"https:\/\/www.outdoors.ee\/products\/"},{"@type":"ListItem","position":3,"name":"Briti Armee parka Smock FR MTP"}]},{"@type":"WebSite","@id":"https:\/\/www.outdoors.ee\/#website","url":"https:\/\/www.outdoors.ee\/","name":"Outdoors","description":"Genuine military surplus and not only!","potentialAction":[{"@type":"SearchAction","target":{"@type":"EntryPoint","urlTemplate":"https:\/\/www.outdoors.ee\/?s={search_term_string}"},"query-input":{"@type":"PropertyValueSpecification","valueRequired":true,"valueName":"search_term_string"}}],"inLanguage":"et"}]}},"_links":{"self":[{"href":"https:\/\/www.outdoors.ee\/et\/wp-json\/wp\/v2\/product\/58448","targetHints":{"allow":["GET"]}}],"collection":[{"href":"https:\/\/www.outdoors.ee\/et\/wp-json\/wp\/v2\/product"}],"about":[{"href":"https:\/\/www.outdoors.ee\/et\/wp-json\/wp\/v2\/types\/product"}],"wp:featuredmedia":[{"embeddable":true,"href":"https:\/\/www.outdoors.ee\/et\/wp-json\/wp\/v2\/media\/27069"}],"wp:attachment":[{"href":"https:\/\/www.outdoors.ee\/et\/wp-json\/wp\/v2\/media?parent=58448"}],"wp:term":[{"taxonomy":"product_brand","embeddable":true,"href":"https:\/\/www.outdoors.ee\/et\/wp-json\/wp\/v2\/product_brand?post=58448"},{"taxonomy":"product_cat","embeddable":true,"href":"https:\/\/www.outdoors.ee\/et\/wp-json\/wp\/v2\/product_cat?post=58448"},{"taxonomy":"product_tag","embeddable":true,"href":"https:\/\/www.outdoors.ee\/et\/wp-json\/wp\/v2\/product_tag?post=58448"}],"curies":[{"name":"wp","href":"https:\/\/api.w.org\/{rel}","templated":true}]}}