{"id":58442,"date":"2021-12-09T00:00:00","date_gmt":"2021-12-09T00:00:00","guid":{"rendered":"https:\/\/www.outdoors.ee\/product\/briti-armee-niiskuskindel-parka-mvp-smock-mtp\/"},"modified":"2026-04-08T13:18:06","modified_gmt":"2026-04-08T10:18:06","slug":"briti-armee-niiskuskindel-parka-mvp-smock-mtp","status":"publish","type":"product","link":"https:\/\/www.outdoors.ee\/et\/toode\/briti-armee-niiskuskindel-parka-mvp-smock-mtp\/","title":{"rendered":"Briti Armee niiskuskindel parka MVP Smock MTP"},"content":{"rendered":"<p style=\"text-align: justify;\">Briti s\u00f5jav\u00e4e niiskuskindel parka kaasaaegses MTP (Multi-Terrain Pattern) laigus MVP (Moisture Vapour Permeable, olemuselt Gore-Tex) membraaniga.<\/p>\n<p style=\"text-align: justify;\"><strong>Omadused:<\/strong><\/p>\n<ul style=\"text-align: justify;\">\n<li>4 suurt n\u00f6\u00f6biga suletavat taskut ees<\/li>\n<li>2 k\u00e4etaskut sooja fliisist voodriga<\/li>\n<li>2 takjakinnitusega taskut k\u00e4istel, asetsevad nurga all mugavama ligip\u00e4\u00e4su v\u00f5imaldamiseks<\/li>\n<li>niiskuskindla kahesuunalise t\u00f5mblukuga ventilatsiooniavad kaenla all<\/li>\n<li>kahesuunalise t\u00f5mbluku ning kahekihilise velcro klapiga eest suletav<\/li>\n<li>veekindel t\u00f5mblukuga tasku klapi all<\/li>\n<li>suur kapuuts, mis vajadusel mahutab ka kiivri<\/li>\n<li>MVP (Moisture Vapour Permeable) niiskuskindel kiht, mis ulatub randmeteni v\u00e4lja, velcro reguleeritava mansetiga<\/li>\n<li>v\u00f6\u00f6koha ning alumise \u00e4\u00e4re pingutusn\u00f6\u00f6rid<\/li>\n<li>materjal:\u00a0pealiskiht 50% puuvill 50% pol\u00fcester; vooder 100% polyester<\/li>\n<\/ul>\n<p><strong>Suurus <\/strong>rippmen\u00fc\u00fcs<strong>:<\/strong> pikkus \/ rinna\u00fcmberm\u00f5\u00f5t, cm<\/p>\n<p>NB! <span class=\"Y2IQFc\" lang=\"et\">See toode kipub olema suurem. Soovitame osta seda pigem v\u00e4iksemas suuruses.<\/span><\/p>\n<p style=\"text-align: justify;\"><strong>Seisukord:<\/strong><\/p>\n<ul>\n<li>uus (ilma originaalpakendita, v\u00f5ib sisaldada hulgiladustamise j\u00e4lgi)<\/li>\n<li>uuev\u00e4\u00e4rne (sisaldab kergeid kulumisj\u00e4lgi)<\/li>\n<li>kasutatud, Grade 1 (sisaldab m\u00f5\u00f5dukaid kulumisj\u00e4lgi, v\u00f5ib olla kergelt m\u00e4\u00e4rdunud)<\/li>\n<\/ul>\n","protected":false},"excerpt":{"rendered":"<p>Briti Armee niiskuskindla MVP membraaniga parka Smock, MTP<\/p>\n","protected":false},"featured_media":65187,"template":"","meta":[],"product_brand":[],"product_cat":[101],"product_tag":[],"class_list":{"0":"post-58442","1":"product","2":"type-product","3":"status-publish","4":"has-post-thumbnail","6":"product_cat-joped-parkad","7":"pa_brand-british-military-surplus","8":"pa_condition-kasutatud-grade-1","9":"pa_condition-uuevaarne","10":"pa_condition-uus","11":"pa_size-160-88-3","12":"pa_size-160-96-2","13":"pa_size-170-104-2","14":"pa_size-170-112-2","15":"pa_size-170-88-2","16":"pa_size-170-96-2","17":"pa_size-180-104-2","18":"pa_size-180-112-2","19":"pa_size-180-96-2","20":"pa_size-190-104-2","21":"pa_size-190-120-2","22":"pa_size-190-96-2","23":"pa_size-200-112-2","25":"first","26":"instock","27":"taxable","28":"shipping-taxable","29":"purchasable","30":"product-type-variable"},"yoast_head":"<!-- This site is optimized with the Yoast SEO plugin v27.2 - https:\/\/yoast.com\/product\/yoast-seo-wordpress\/ -->\n<title>Briti Armee niiskuskindel parka MVP Smock MTP - outdoors.ee<\/title>\n<meta name=\"robots\" content=\"index, follow, max-snippet:-1, max-image-preview:large, max-video-preview:-1\" \/>\n<link rel=\"canonical\" href=\"https:\/\/www.outdoors.ee\/et\/toode\/briti-armee-niiskuskindel-parka-mvp-smock-mtp\/\" \/>\n<meta property=\"og:locale\" content=\"et_EE\" \/>\n<meta property=\"og:type\" content=\"article\" \/>\n<meta property=\"og:title\" content=\"Briti Armee niiskuskindel parka MVP Smock MTP\" \/>\n<meta property=\"og:description\" content=\"Briti Armee niiskuskindla MVP membraaniga parka Smock, MTP\" \/>\n<meta property=\"og:url\" content=\"https:\/\/www.outdoors.ee\/et\/toode\/briti-armee-niiskuskindel-parka-mvp-smock-mtp\/\" \/>\n<meta property=\"og:site_name\" content=\"Outdoors\" \/>\n<meta property=\"article:modified_time\" content=\"2026-04-08T10:18:06+00:00\" \/>\n<meta property=\"og:image\" content=\"https:\/\/www.outdoors.ee\/wp-content\/uploads\/2021\/12\/0155-British-Army-Waterproof-MVP-Combat-Smock-MTP.jpg\" \/>\n\t<meta property=\"og:image:width\" content=\"1317\" \/>\n\t<meta property=\"og:image:height\" content=\"1577\" \/>\n\t<meta property=\"og:image:type\" content=\"image\/jpeg\" \/>\n<meta name=\"twitter:card\" content=\"summary_large_image\" \/>\n<meta name=\"twitter:title\" content=\"Briti Armee niiskuskindel parka MVP Smock MTP\" \/>\n<meta name=\"twitter:label1\" content=\"Est. reading time\" \/>\n\t<meta name=\"twitter:data1\" content=\"1 minut\" \/>\n<script type=\"application\/ld+json\" class=\"yoast-schema-graph\">{\"@context\":\"https:\/\/schema.org\",\"@graph\":[{\"@type\":\"WebPage\",\"@id\":\"https:\/\/www.outdoors.ee\/et\/toode\/briti-armee-niiskuskindel-parka-mvp-smock-mtp\/\",\"url\":\"https:\/\/www.outdoors.ee\/et\/toode\/briti-armee-niiskuskindel-parka-mvp-smock-mtp\/\",\"name\":\"Briti Armee niiskuskindel parka MVP Smock MTP - outdoors.ee\",\"isPartOf\":{\"@id\":\"https:\/\/www.outdoors.ee\/#website\"},\"primaryImageOfPage\":{\"@id\":\"https:\/\/www.outdoors.ee\/et\/toode\/briti-armee-niiskuskindel-parka-mvp-smock-mtp\/#primaryimage\"},\"image\":{\"@id\":\"https:\/\/www.outdoors.ee\/et\/toode\/briti-armee-niiskuskindel-parka-mvp-smock-mtp\/#primaryimage\"},\"thumbnailUrl\":\"https:\/\/www.outdoors.ee\/wp-content\/uploads\/2021\/12\/0155-British-Army-Waterproof-MVP-Combat-Smock-MTP.jpg\",\"datePublished\":\"2021-12-09T00:00:00+00:00\",\"dateModified\":\"2026-04-08T10:18:06+00:00\",\"breadcrumb\":{\"@id\":\"https:\/\/www.outdoors.ee\/et\/toode\/briti-armee-niiskuskindel-parka-mvp-smock-mtp\/#breadcrumb\"},\"inLanguage\":\"et\",\"potentialAction\":[{\"@type\":\"ReadAction\",\"target\":[\"https:\/\/www.outdoors.ee\/et\/toode\/briti-armee-niiskuskindel-parka-mvp-smock-mtp\/\"]}]},{\"@type\":\"ImageObject\",\"inLanguage\":\"et\",\"@id\":\"https:\/\/www.outdoors.ee\/et\/toode\/briti-armee-niiskuskindel-parka-mvp-smock-mtp\/#primaryimage\",\"url\":\"https:\/\/www.outdoors.ee\/wp-content\/uploads\/2021\/12\/0155-British-Army-Waterproof-MVP-Combat-Smock-MTP.jpg\",\"contentUrl\":\"https:\/\/www.outdoors.ee\/wp-content\/uploads\/2021\/12\/0155-British-Army-Waterproof-MVP-Combat-Smock-MTP.jpg\",\"width\":1317,\"height\":1577},{\"@type\":\"BreadcrumbList\",\"@id\":\"https:\/\/www.outdoors.ee\/et\/toode\/briti-armee-niiskuskindel-parka-mvp-smock-mtp\/#breadcrumb\",\"itemListElement\":[{\"@type\":\"ListItem\",\"position\":1,\"name\":\"Home\",\"item\":\"https:\/\/www.outdoors.ee\/et\/\"},{\"@type\":\"ListItem\",\"position\":2,\"name\":\"Tooted\",\"item\":\"https:\/\/www.outdoors.ee\/products\/\"},{\"@type\":\"ListItem\",\"position\":3,\"name\":\"Briti Armee niiskuskindel parka MVP Smock MTP\"}]},{\"@type\":\"WebSite\",\"@id\":\"https:\/\/www.outdoors.ee\/#website\",\"url\":\"https:\/\/www.outdoors.ee\/\",\"name\":\"Outdoors\",\"description\":\"Genuine military surplus and not only!\",\"potentialAction\":[{\"@type\":\"SearchAction\",\"target\":{\"@type\":\"EntryPoint\",\"urlTemplate\":\"https:\/\/www.outdoors.ee\/?s={search_term_string}\"},\"query-input\":{\"@type\":\"PropertyValueSpecification\",\"valueRequired\":true,\"valueName\":\"search_term_string\"}}],\"inLanguage\":\"et\"}]}<\/script>\n<!-- \/ Yoast SEO plugin. -->","yoast_head_json":{"title":"Briti Armee niiskuskindel parka MVP Smock MTP - outdoors.ee","robots":{"index":"index","follow":"follow","max-snippet":"max-snippet:-1","max-image-preview":"max-image-preview:large","max-video-preview":"max-video-preview:-1"},"canonical":"https:\/\/www.outdoors.ee\/et\/toode\/briti-armee-niiskuskindel-parka-mvp-smock-mtp\/","og_locale":"et_EE","og_type":"article","og_title":"Briti Armee niiskuskindel parka MVP Smock MTP","og_description":"Briti Armee niiskuskindla MVP membraaniga parka Smock, MTP","og_url":"https:\/\/www.outdoors.ee\/et\/toode\/briti-armee-niiskuskindel-parka-mvp-smock-mtp\/","og_site_name":"Outdoors","article_modified_time":"2026-04-08T10:18:06+00:00","og_image":[{"width":1317,"height":1577,"url":"https:\/\/www.outdoors.ee\/wp-content\/uploads\/2021\/12\/0155-British-Army-Waterproof-MVP-Combat-Smock-MTP.jpg","type":"image\/jpeg"}],"twitter_card":"summary_large_image","twitter_title":"Briti Armee niiskuskindel parka MVP Smock MTP","twitter_misc":{"Est. reading time":"1 minut"},"schema":{"@context":"https:\/\/schema.org","@graph":[{"@type":"WebPage","@id":"https:\/\/www.outdoors.ee\/et\/toode\/briti-armee-niiskuskindel-parka-mvp-smock-mtp\/","url":"https:\/\/www.outdoors.ee\/et\/toode\/briti-armee-niiskuskindel-parka-mvp-smock-mtp\/","name":"Briti Armee niiskuskindel parka MVP Smock MTP - outdoors.ee","isPartOf":{"@id":"https:\/\/www.outdoors.ee\/#website"},"primaryImageOfPage":{"@id":"https:\/\/www.outdoors.ee\/et\/toode\/briti-armee-niiskuskindel-parka-mvp-smock-mtp\/#primaryimage"},"image":{"@id":"https:\/\/www.outdoors.ee\/et\/toode\/briti-armee-niiskuskindel-parka-mvp-smock-mtp\/#primaryimage"},"thumbnailUrl":"https:\/\/www.outdoors.ee\/wp-content\/uploads\/2021\/12\/0155-British-Army-Waterproof-MVP-Combat-Smock-MTP.jpg","datePublished":"2021-12-09T00:00:00+00:00","dateModified":"2026-04-08T10:18:06+00:00","breadcrumb":{"@id":"https:\/\/www.outdoors.ee\/et\/toode\/briti-armee-niiskuskindel-parka-mvp-smock-mtp\/#breadcrumb"},"inLanguage":"et","potentialAction":[{"@type":"ReadAction","target":["https:\/\/www.outdoors.ee\/et\/toode\/briti-armee-niiskuskindel-parka-mvp-smock-mtp\/"]}]},{"@type":"ImageObject","inLanguage":"et","@id":"https:\/\/www.outdoors.ee\/et\/toode\/briti-armee-niiskuskindel-parka-mvp-smock-mtp\/#primaryimage","url":"https:\/\/www.outdoors.ee\/wp-content\/uploads\/2021\/12\/0155-British-Army-Waterproof-MVP-Combat-Smock-MTP.jpg","contentUrl":"https:\/\/www.outdoors.ee\/wp-content\/uploads\/2021\/12\/0155-British-Army-Waterproof-MVP-Combat-Smock-MTP.jpg","width":1317,"height":1577},{"@type":"BreadcrumbList","@id":"https:\/\/www.outdoors.ee\/et\/toode\/briti-armee-niiskuskindel-parka-mvp-smock-mtp\/#breadcrumb","itemListElement":[{"@type":"ListItem","position":1,"name":"Home","item":"https:\/\/www.outdoors.ee\/et\/"},{"@type":"ListItem","position":2,"name":"Tooted","item":"https:\/\/www.outdoors.ee\/products\/"},{"@type":"ListItem","position":3,"name":"Briti Armee niiskuskindel parka MVP Smock MTP"}]},{"@type":"WebSite","@id":"https:\/\/www.outdoors.ee\/#website","url":"https:\/\/www.outdoors.ee\/","name":"Outdoors","description":"Genuine military surplus and not only!","potentialAction":[{"@type":"SearchAction","target":{"@type":"EntryPoint","urlTemplate":"https:\/\/www.outdoors.ee\/?s={search_term_string}"},"query-input":{"@type":"PropertyValueSpecification","valueRequired":true,"valueName":"search_term_string"}}],"inLanguage":"et"}]}},"_links":{"self":[{"href":"https:\/\/www.outdoors.ee\/et\/wp-json\/wp\/v2\/product\/58442","targetHints":{"allow":["GET"]}}],"collection":[{"href":"https:\/\/www.outdoors.ee\/et\/wp-json\/wp\/v2\/product"}],"about":[{"href":"https:\/\/www.outdoors.ee\/et\/wp-json\/wp\/v2\/types\/product"}],"wp:featuredmedia":[{"embeddable":true,"href":"https:\/\/www.outdoors.ee\/et\/wp-json\/wp\/v2\/media\/65187"}],"wp:attachment":[{"href":"https:\/\/www.outdoors.ee\/et\/wp-json\/wp\/v2\/media?parent=58442"}],"wp:term":[{"taxonomy":"product_brand","embeddable":true,"href":"https:\/\/www.outdoors.ee\/et\/wp-json\/wp\/v2\/product_brand?post=58442"},{"taxonomy":"product_cat","embeddable":true,"href":"https:\/\/www.outdoors.ee\/et\/wp-json\/wp\/v2\/product_cat?post=58442"},{"taxonomy":"product_tag","embeddable":true,"href":"https:\/\/www.outdoors.ee\/et\/wp-json\/wp\/v2\/product_tag?post=58442"}],"curies":[{"name":"wp","href":"https:\/\/api.w.org\/{rel}","templated":true}]}}