{"id":58426,"date":"2021-12-09T00:00:00","date_gmt":"2021-12-08T22:00:00","guid":{"rendered":"https:\/\/www.outdoors.ee\/product\/mfh-us-bdu-bermuda-luhikesed-puksid-multicam\/"},"modified":"2025-08-27T13:23:36","modified_gmt":"2025-08-27T10:23:36","slug":"mfh-us-bdu-bermuda-luhikesed-puksid-multicam","status":"publish","type":"product","link":"https:\/\/www.outdoors.ee\/et\/toode\/mfh-us-bdu-bermuda-luhikesed-puksid-multicam\/","title":{"rendered":"MFH\u00ae US BDU Bermuda l\u00fchikesed p\u00fcksid Multicam"},"content":{"rendered":"<p><strong>Omadused<\/strong>:<\/p>\n<ul>\n<li>t\u00f5mbluku ja n\u00f6\u00f6biga eest suletavad<\/li>\n<li>2 klapi ja n\u00f6\u00f6pidega suletavat\u00a0reietaskut<\/li>\n<li>2 k\u00e4etaskut<\/li>\n<li>2 klapi ja n\u00f6\u00f6pidega suletavat tagataskut<\/li>\n<li>ca 6cm laiad p\u00fcksirihma aasad<\/li>\n<\/ul>\n<p><strong>Materjal<\/strong>: 65% puuvilll 35% pol\u00fcester<\/p>\n<p><strong>Seisukord<\/strong>: uued<\/p>\n","protected":false},"excerpt":{"rendered":"<p>Omadused: t\u00f5mbluku ja n\u00f6\u00f6biga eest suletavad 2 klapi ja n\u00f6\u00f6pidega suletavat\u00a0reietaskut 2 k\u00e4etaskut 2 klapi ja n\u00f6\u00f6pidega suletavat tagataskut ca<\/p>\n","protected":false},"featured_media":10950,"template":"","meta":[],"product_brand":[],"product_cat":[2713],"product_tag":[],"class_list":{"0":"post-58426","1":"product","2":"type-product","3":"status-publish","4":"has-post-thumbnail","6":"product_cat-luhikesed-puksid","7":"pa_brand-mfh-2","8":"pa_size-l-2","9":"pa_size-m-2","10":"pa_size-xl-2","12":"first","13":"instock","14":"taxable","15":"shipping-taxable","16":"purchasable","17":"product-type-variable"},"yoast_head":"<!-- This site is optimized with the Yoast SEO plugin v27.2 - https:\/\/yoast.com\/product\/yoast-seo-wordpress\/ -->\n<title>MFH US BDU Bermuda l\u00fchikesed p\u00fcksid Multicam - outdoors.ee<\/title>\n<meta name=\"description\" content=\"Omadused: t&otilde;mbluku ja n&ouml;&ouml;biga eest suletavad 2 klapi ja n&ouml;&ouml;pidega suletavat&nbsp;reietaskut 2 k&auml;etaskut 2 klapi ja n&ouml;&ouml;pidega suletavat tagataskut ca 6cm laiad p&uuml;ksirihma aasad Materjal: 65% puuvilll 35% pol&uuml;ester Seisukord: uued\" \/>\n<meta name=\"robots\" content=\"index, follow, max-snippet:-1, max-image-preview:large, max-video-preview:-1\" \/>\n<link rel=\"canonical\" href=\"https:\/\/www.outdoors.ee\/et\/toode\/mfh-us-bdu-bermuda-luhikesed-puksid-multicam\/\" \/>\n<meta property=\"og:locale\" content=\"et_EE\" \/>\n<meta property=\"og:type\" content=\"article\" \/>\n<meta property=\"og:title\" content=\"MFH US BDU Bermuda l\u00fchikesed p\u00fcksid Multicam\" \/>\n<meta property=\"og:description\" content=\"Omadused: t&otilde;mbluku ja n&ouml;&ouml;biga eest suletavad 2 klapi ja n&ouml;&ouml;pidega suletavat&nbsp;reietaskut 2 k&auml;etaskut 2 klapi ja n&ouml;&ouml;pidega suletavat tagataskut ca 6cm laiad p&uuml;ksirihma aasad Materjal: 65% puuvilll 35% pol&uuml;ester Seisukord: uued\" \/>\n<meta property=\"og:url\" content=\"https:\/\/www.outdoors.ee\/et\/toode\/mfh-us-bdu-bermuda-luhikesed-puksid-multicam\/\" \/>\n<meta property=\"og:site_name\" content=\"Outdoors\" \/>\n<meta property=\"article:modified_time\" content=\"2025-08-27T10:23:36+00:00\" \/>\n<meta property=\"og:image\" content=\"https:\/\/www.outdoors.ee\/wp-content\/uploads\/2021\/08\/01503X-MFH-US-Bermuda-Shorts-Multicam-1.jpg\" \/>\n\t<meta property=\"og:image:width\" content=\"1200\" \/>\n\t<meta property=\"og:image:height\" content=\"1200\" \/>\n\t<meta property=\"og:image:type\" content=\"image\/jpeg\" \/>\n<meta name=\"twitter:card\" content=\"summary_large_image\" \/>\n<meta name=\"twitter:title\" content=\"MFH US BDU Bermuda l\u00fchikesed p\u00fcksid Multicam\" \/>\n<script type=\"application\/ld+json\" class=\"yoast-schema-graph\">{\"@context\":\"https:\/\/schema.org\",\"@graph\":[{\"@type\":\"WebPage\",\"@id\":\"https:\/\/www.outdoors.ee\/et\/toode\/mfh-us-bdu-bermuda-luhikesed-puksid-multicam\/\",\"url\":\"https:\/\/www.outdoors.ee\/et\/toode\/mfh-us-bdu-bermuda-luhikesed-puksid-multicam\/\",\"name\":\"MFH US BDU Bermuda l\u00fchikesed p\u00fcksid Multicam - outdoors.ee\",\"isPartOf\":{\"@id\":\"https:\/\/www.outdoors.ee\/#website\"},\"primaryImageOfPage\":{\"@id\":\"https:\/\/www.outdoors.ee\/et\/toode\/mfh-us-bdu-bermuda-luhikesed-puksid-multicam\/#primaryimage\"},\"image\":{\"@id\":\"https:\/\/www.outdoors.ee\/et\/toode\/mfh-us-bdu-bermuda-luhikesed-puksid-multicam\/#primaryimage\"},\"thumbnailUrl\":\"https:\/\/www.outdoors.ee\/wp-content\/uploads\/2021\/08\/01503X-MFH-US-Bermuda-Shorts-Multicam-1.jpg\",\"datePublished\":\"2021-12-08T22:00:00+00:00\",\"dateModified\":\"2025-08-27T10:23:36+00:00\",\"description\":\"Omadused: t&otilde;mbluku ja n&ouml;&ouml;biga eest suletavad 2 klapi ja n&ouml;&ouml;pidega suletavat&nbsp;reietaskut 2 k&auml;etaskut 2 klapi ja n&ouml;&ouml;pidega suletavat tagataskut ca 6cm laiad p&uuml;ksirihma aasad Materjal: 65% puuvilll 35% pol&uuml;ester Seisukord: uued\",\"breadcrumb\":{\"@id\":\"https:\/\/www.outdoors.ee\/et\/toode\/mfh-us-bdu-bermuda-luhikesed-puksid-multicam\/#breadcrumb\"},\"inLanguage\":\"et\",\"potentialAction\":[{\"@type\":\"ReadAction\",\"target\":[\"https:\/\/www.outdoors.ee\/et\/toode\/mfh-us-bdu-bermuda-luhikesed-puksid-multicam\/\"]}]},{\"@type\":\"ImageObject\",\"inLanguage\":\"et\",\"@id\":\"https:\/\/www.outdoors.ee\/et\/toode\/mfh-us-bdu-bermuda-luhikesed-puksid-multicam\/#primaryimage\",\"url\":\"https:\/\/www.outdoors.ee\/wp-content\/uploads\/2021\/08\/01503X-MFH-US-Bermuda-Shorts-Multicam-1.jpg\",\"contentUrl\":\"https:\/\/www.outdoors.ee\/wp-content\/uploads\/2021\/08\/01503X-MFH-US-Bermuda-Shorts-Multicam-1.jpg\",\"width\":1200,\"height\":1200},{\"@type\":\"BreadcrumbList\",\"@id\":\"https:\/\/www.outdoors.ee\/et\/toode\/mfh-us-bdu-bermuda-luhikesed-puksid-multicam\/#breadcrumb\",\"itemListElement\":[{\"@type\":\"ListItem\",\"position\":1,\"name\":\"Home\",\"item\":\"https:\/\/www.outdoors.ee\/et\/\"},{\"@type\":\"ListItem\",\"position\":2,\"name\":\"Tooted\",\"item\":\"https:\/\/www.outdoors.ee\/products\/\"},{\"@type\":\"ListItem\",\"position\":3,\"name\":\"MFH\u00ae US BDU Bermuda l\u00fchikesed p\u00fcksid Multicam\"}]},{\"@type\":\"WebSite\",\"@id\":\"https:\/\/www.outdoors.ee\/#website\",\"url\":\"https:\/\/www.outdoors.ee\/\",\"name\":\"Outdoors\",\"description\":\"Genuine military surplus and not only!\",\"potentialAction\":[{\"@type\":\"SearchAction\",\"target\":{\"@type\":\"EntryPoint\",\"urlTemplate\":\"https:\/\/www.outdoors.ee\/?s={search_term_string}\"},\"query-input\":{\"@type\":\"PropertyValueSpecification\",\"valueRequired\":true,\"valueName\":\"search_term_string\"}}],\"inLanguage\":\"et\"}]}<\/script>\n<!-- \/ Yoast SEO plugin. -->","yoast_head_json":{"title":"MFH US BDU Bermuda l\u00fchikesed p\u00fcksid Multicam - outdoors.ee","description":"Omadused: t&otilde;mbluku ja n&ouml;&ouml;biga eest suletavad 2 klapi ja n&ouml;&ouml;pidega suletavat&nbsp;reietaskut 2 k&auml;etaskut 2 klapi ja n&ouml;&ouml;pidega suletavat tagataskut ca 6cm laiad p&uuml;ksirihma aasad Materjal: 65% puuvilll 35% pol&uuml;ester Seisukord: uued","robots":{"index":"index","follow":"follow","max-snippet":"max-snippet:-1","max-image-preview":"max-image-preview:large","max-video-preview":"max-video-preview:-1"},"canonical":"https:\/\/www.outdoors.ee\/et\/toode\/mfh-us-bdu-bermuda-luhikesed-puksid-multicam\/","og_locale":"et_EE","og_type":"article","og_title":"MFH US BDU Bermuda l\u00fchikesed p\u00fcksid Multicam","og_description":"Omadused: t&otilde;mbluku ja n&ouml;&ouml;biga eest suletavad 2 klapi ja n&ouml;&ouml;pidega suletavat&nbsp;reietaskut 2 k&auml;etaskut 2 klapi ja n&ouml;&ouml;pidega suletavat tagataskut ca 6cm laiad p&uuml;ksirihma aasad Materjal: 65% puuvilll 35% pol&uuml;ester Seisukord: uued","og_url":"https:\/\/www.outdoors.ee\/et\/toode\/mfh-us-bdu-bermuda-luhikesed-puksid-multicam\/","og_site_name":"Outdoors","article_modified_time":"2025-08-27T10:23:36+00:00","og_image":[{"width":1200,"height":1200,"url":"https:\/\/www.outdoors.ee\/wp-content\/uploads\/2021\/08\/01503X-MFH-US-Bermuda-Shorts-Multicam-1.jpg","type":"image\/jpeg"}],"twitter_card":"summary_large_image","twitter_title":"MFH US BDU Bermuda l\u00fchikesed p\u00fcksid Multicam","schema":{"@context":"https:\/\/schema.org","@graph":[{"@type":"WebPage","@id":"https:\/\/www.outdoors.ee\/et\/toode\/mfh-us-bdu-bermuda-luhikesed-puksid-multicam\/","url":"https:\/\/www.outdoors.ee\/et\/toode\/mfh-us-bdu-bermuda-luhikesed-puksid-multicam\/","name":"MFH US BDU Bermuda l\u00fchikesed p\u00fcksid Multicam - outdoors.ee","isPartOf":{"@id":"https:\/\/www.outdoors.ee\/#website"},"primaryImageOfPage":{"@id":"https:\/\/www.outdoors.ee\/et\/toode\/mfh-us-bdu-bermuda-luhikesed-puksid-multicam\/#primaryimage"},"image":{"@id":"https:\/\/www.outdoors.ee\/et\/toode\/mfh-us-bdu-bermuda-luhikesed-puksid-multicam\/#primaryimage"},"thumbnailUrl":"https:\/\/www.outdoors.ee\/wp-content\/uploads\/2021\/08\/01503X-MFH-US-Bermuda-Shorts-Multicam-1.jpg","datePublished":"2021-12-08T22:00:00+00:00","dateModified":"2025-08-27T10:23:36+00:00","description":"Omadused: t&otilde;mbluku ja n&ouml;&ouml;biga eest suletavad 2 klapi ja n&ouml;&ouml;pidega suletavat&nbsp;reietaskut 2 k&auml;etaskut 2 klapi ja n&ouml;&ouml;pidega suletavat tagataskut ca 6cm laiad p&uuml;ksirihma aasad Materjal: 65% puuvilll 35% pol&uuml;ester Seisukord: uued","breadcrumb":{"@id":"https:\/\/www.outdoors.ee\/et\/toode\/mfh-us-bdu-bermuda-luhikesed-puksid-multicam\/#breadcrumb"},"inLanguage":"et","potentialAction":[{"@type":"ReadAction","target":["https:\/\/www.outdoors.ee\/et\/toode\/mfh-us-bdu-bermuda-luhikesed-puksid-multicam\/"]}]},{"@type":"ImageObject","inLanguage":"et","@id":"https:\/\/www.outdoors.ee\/et\/toode\/mfh-us-bdu-bermuda-luhikesed-puksid-multicam\/#primaryimage","url":"https:\/\/www.outdoors.ee\/wp-content\/uploads\/2021\/08\/01503X-MFH-US-Bermuda-Shorts-Multicam-1.jpg","contentUrl":"https:\/\/www.outdoors.ee\/wp-content\/uploads\/2021\/08\/01503X-MFH-US-Bermuda-Shorts-Multicam-1.jpg","width":1200,"height":1200},{"@type":"BreadcrumbList","@id":"https:\/\/www.outdoors.ee\/et\/toode\/mfh-us-bdu-bermuda-luhikesed-puksid-multicam\/#breadcrumb","itemListElement":[{"@type":"ListItem","position":1,"name":"Home","item":"https:\/\/www.outdoors.ee\/et\/"},{"@type":"ListItem","position":2,"name":"Tooted","item":"https:\/\/www.outdoors.ee\/products\/"},{"@type":"ListItem","position":3,"name":"MFH\u00ae US BDU Bermuda l\u00fchikesed p\u00fcksid Multicam"}]},{"@type":"WebSite","@id":"https:\/\/www.outdoors.ee\/#website","url":"https:\/\/www.outdoors.ee\/","name":"Outdoors","description":"Genuine military surplus and not only!","potentialAction":[{"@type":"SearchAction","target":{"@type":"EntryPoint","urlTemplate":"https:\/\/www.outdoors.ee\/?s={search_term_string}"},"query-input":{"@type":"PropertyValueSpecification","valueRequired":true,"valueName":"search_term_string"}}],"inLanguage":"et"}]}},"_links":{"self":[{"href":"https:\/\/www.outdoors.ee\/et\/wp-json\/wp\/v2\/product\/58426","targetHints":{"allow":["GET"]}}],"collection":[{"href":"https:\/\/www.outdoors.ee\/et\/wp-json\/wp\/v2\/product"}],"about":[{"href":"https:\/\/www.outdoors.ee\/et\/wp-json\/wp\/v2\/types\/product"}],"wp:featuredmedia":[{"embeddable":true,"href":"https:\/\/www.outdoors.ee\/et\/wp-json\/wp\/v2\/media\/10950"}],"wp:attachment":[{"href":"https:\/\/www.outdoors.ee\/et\/wp-json\/wp\/v2\/media?parent=58426"}],"wp:term":[{"taxonomy":"product_brand","embeddable":true,"href":"https:\/\/www.outdoors.ee\/et\/wp-json\/wp\/v2\/product_brand?post=58426"},{"taxonomy":"product_cat","embeddable":true,"href":"https:\/\/www.outdoors.ee\/et\/wp-json\/wp\/v2\/product_cat?post=58426"},{"taxonomy":"product_tag","embeddable":true,"href":"https:\/\/www.outdoors.ee\/et\/wp-json\/wp\/v2\/product_tag?post=58426"}],"curies":[{"name":"wp","href":"https:\/\/api.w.org\/{rel}","templated":true}]}}