{"id":58403,"date":"2021-12-09T00:00:00","date_gmt":"2021-12-08T22:00:00","guid":{"rendered":"https:\/\/www.outdoors.ee\/product\/briti-armee-kuulivestialune-sark-ubacs-mtp\/"},"modified":"2026-03-16T21:23:17","modified_gmt":"2026-03-16T19:23:17","slug":"briti-armee-vestialune-sark-ubacs-mtp","status":"publish","type":"product","link":"https:\/\/www.outdoors.ee\/et\/toode\/briti-armee-vestialune-sark-ubacs-mtp\/","title":{"rendered":"Briti Armee vestialune s\u00e4rk UBACS MTP"},"content":{"rendered":"<p style=\"text-align: justify;\">Briti s\u00f5jav\u00e4e vestialune s\u00e4rk, mille kehaosa on valmistatud venivast ja kiiresti kuivavast CoolMax\u00a0 tehnoloogiaga trikotaa\u017ematerjalist. Krae, \u00f5lad ja varrukad vastupidavast puuvilla ja pol\u00fcestri segukangast kaasaaegses MTP laigus.<\/p>\n<p style=\"text-align: justify;\"><strong>Omadused:<\/strong><\/p>\n<ul style=\"text-align: justify;\">\n<li>Briti s\u00f5jav\u00e4e originaal<\/li>\n<li>oliivrohelist v\u00e4rvi kehaosa CoolMax tehnoloogiaga materjalist<\/li>\n<li>2 takjakinnitusega klapiga taskut k\u00e4istel<\/li>\n<li>t\u00f5mblukuga kaelus<\/li>\n<li>n\u00f6\u00f6biga reguleeritav manseti laius<\/li>\n<li>Suurbritannia lipuembleem vasaku k\u00e4e taskul<\/li>\n<li>kiri sildil: Shirt Under Body Armour Combat MTP (PCS)<\/li>\n<\/ul>\n<p><strong style=\"text-align: justify;\">Suurus <\/strong>rippmen\u00fc\u00fcs<span style=\"text-align: justify;\"> (pikkus \/ rinna\u00fcmberm\u00f5\u00f5t, cm):\u00a0<\/span>S &#8211; 160\/80, M &#8211; 170\/90, L &#8211; 180\/100, LW &#8211; 180\/110, XL &#8211; 190\/120, XXL &#8211; 200\/130<\/p>\n<p><strong style=\"text-align: justify;\">Seisukord:<\/strong><span style=\"text-align: justify;\">\u00a0<\/span><\/p>\n<ul>\n<li>uus (ilma j\u00e4em\u00fc\u00fcgipakendita, v\u00f5ib sisaldada hulgiladustamise j\u00e4lgi)<\/li>\n<li>kasutatud, SuperGrade (sisaldab kergeid kulumisj\u00e4lgi)<\/li>\n<li>kasutatud, Grade 1 (sisaldab kergeid v\u00f5i m\u00f5\u00f5dukaid kulumisj\u00e4lgi, v\u00f5ib olla veidi m\u00e4\u00e4rdunud ning sisaldada v\u00e4iksemaid vigastusi)<\/li>\n<\/ul>\n","protected":false},"excerpt":{"rendered":"<p>Briti s\u00f5jav\u00e4e vestialune s\u00e4rk, mille kehaosa on valmistatud venivast ja kiiresti kuivavast CoolMax\u00a0 tehnoloogiaga trikotaa\u017ematerjalist. Krae, \u00f5lad ja varrukad vastupidavast<\/p>\n","protected":false},"featured_media":17575,"template":"","meta":[],"product_brand":[],"product_cat":[2715],"product_tag":[],"class_list":{"0":"post-58403","1":"product","2":"type-product","3":"status-publish","4":"has-post-thumbnail","6":"product_cat-sargid-jakid","7":"pa_brand-british-military-surplus","8":"pa_condition-kasutatud-grade-1","9":"pa_condition-uuevaarne","10":"pa_condition-uus","11":"pa_size-l-2","12":"pa_size-lw-2","13":"pa_size-m-2","14":"pa_size-s-2","15":"pa_size-xl-2","16":"pa_size-xxl-2","18":"first","19":"instock","20":"taxable","21":"shipping-taxable","22":"purchasable","23":"product-type-variable"},"yoast_head":"<!-- This site is optimized with the Yoast SEO plugin v27.2 - https:\/\/yoast.com\/product\/yoast-seo-wordpress\/ -->\n<title>Briti Armee kuulivestialune s\u00e4rk UBACS MTP - outdoors.ee<\/title>\n<meta name=\"description\" content=\"Originaalne Briti s\u00f5jav\u00e4e kuulivestialune s\u00e4rk, mille kehaosa on valmistatud venivast ja kiiresti kuivavast CoolMax\u00a0 tehnoloogiaga trikotaa\u017ematerjalist. Krae, \u00f5lad ja varrukad vastupidavast puuvilla ja pol\u00fcestri segukangast kaasaaegses MTP laigus.\u00a0 Omadused: originaalne Briti s\u00f5jav\u00e4e aluss\u00e4rk oliivrohelist v\u00e4rvi kehaosa\u00a0CoolMax tehnoloogiaga trikotaa\u017eist 2 takjakinnitusega klapiga taskut k\u00e4istel t\u00f5mblukuga kaelus\u00a0 n\u00f6\u00f6biga reguleeritav manseti laius Suurbritannia lipuembleem vasaku k\u00e4e taskul kiri sildil: Shirt Under Body Armour Combat MTP (PCS) Suurus rippmen\u00fc\u00fcs (pikkus \/ rinna\u00fcmberm\u00f5\u00f5t): S - 160\/80, M - 170\/90, L - 180\/100, LW - 180\/110, XL - 190\/110 NB! Velcro paneelid k\u00e4istel v\u00f5ivad puudu olla Seisukord:\u00a0 uus (v\u00f5ib sisaldada hulgiladustamise j\u00e4lgi) kasutatud, SuperGrade (sisaldab minimaalseid kulumisj\u00e4lgi) kasutatud, Grade 1 (sisaldab kergeid v\u00f5i m\u00f5\u00f5dukaid kulumisj\u00e4lgi, v\u00f5ib olla veidi m\u00e4\u00e4rdunud ning sisaldada v\u00e4iksemaid vigastusi)\" \/>\n<meta name=\"robots\" content=\"index, follow, max-snippet:-1, max-image-preview:large, max-video-preview:-1\" \/>\n<link rel=\"canonical\" href=\"https:\/\/www.outdoors.ee\/et\/toode\/briti-armee-vestialune-sark-ubacs-mtp\/\" \/>\n<meta property=\"og:locale\" content=\"et_EE\" \/>\n<meta property=\"og:type\" content=\"article\" \/>\n<meta property=\"og:title\" content=\"Briti Armee kuulivestialune s\u00e4rk UBACS MTP\" \/>\n<meta property=\"og:description\" content=\"Originaalne Briti s\u00f5jav\u00e4e kuulivestialune s\u00e4rk, mille kehaosa on valmistatud venivast ja kiiresti kuivavast CoolMax\u00a0 tehnoloogiaga trikotaa\u017ematerjalist. Krae, \u00f5lad ja varrukad vastupidavast puuvilla ja pol\u00fcestri segukangast kaasaaegses MTP laigus.\u00a0 Omadused: originaalne Briti s\u00f5jav\u00e4e aluss\u00e4rk oliivrohelist v\u00e4rvi kehaosa\u00a0CoolMax tehnoloogiaga trikotaa\u017eist 2 takjakinnitusega klapiga taskut k\u00e4istel t\u00f5mblukuga kaelus\u00a0 n\u00f6\u00f6biga reguleeritav manseti laius Suurbritannia lipuembleem vasaku k\u00e4e taskul kiri sildil: Shirt Under Body Armour Combat MTP (PCS) Suurus rippmen\u00fc\u00fcs (pikkus \/ rinna\u00fcmberm\u00f5\u00f5t): S - 160\/80, M - 170\/90, L - 180\/100, LW - 180\/110, XL - 190\/110 NB! Velcro paneelid k\u00e4istel v\u00f5ivad puudu olla Seisukord:\u00a0 uus (v\u00f5ib sisaldada hulgiladustamise j\u00e4lgi) kasutatud, SuperGrade (sisaldab minimaalseid kulumisj\u00e4lgi) kasutatud, Grade 1 (sisaldab kergeid v\u00f5i m\u00f5\u00f5dukaid kulumisj\u00e4lgi, v\u00f5ib olla veidi m\u00e4\u00e4rdunud ning sisaldada v\u00e4iksemaid vigastusi)\" \/>\n<meta property=\"og:url\" content=\"https:\/\/www.outdoors.ee\/et\/toode\/briti-armee-vestialune-sark-ubacs-mtp\/\" \/>\n<meta property=\"og:site_name\" content=\"Outdoors\" \/>\n<meta property=\"article:modified_time\" content=\"2026-03-16T19:23:17+00:00\" \/>\n<meta property=\"og:image\" content=\"https:\/\/www.outdoors.ee\/wp-content\/uploads\/2021\/09\/0108-1-UBACS-Coolmax-MTP.jpg\" \/>\n\t<meta property=\"og:image:width\" content=\"1600\" \/>\n\t<meta property=\"og:image:height\" content=\"1600\" \/>\n\t<meta property=\"og:image:type\" content=\"image\/jpeg\" \/>\n<meta name=\"twitter:card\" content=\"summary_large_image\" \/>\n<meta name=\"twitter:title\" content=\"Briti Armee kuulivestialune s\u00e4rk UBACS MTP\" \/>\n<meta name=\"twitter:label1\" content=\"Est. reading time\" \/>\n\t<meta name=\"twitter:data1\" content=\"1 minut\" \/>\n<script type=\"application\/ld+json\" class=\"yoast-schema-graph\">{\"@context\":\"https:\/\/schema.org\",\"@graph\":[{\"@type\":\"WebPage\",\"@id\":\"https:\/\/www.outdoors.ee\/et\/toode\/briti-armee-vestialune-sark-ubacs-mtp\/\",\"url\":\"https:\/\/www.outdoors.ee\/et\/toode\/briti-armee-vestialune-sark-ubacs-mtp\/\",\"name\":\"Briti Armee kuulivestialune s\u00e4rk UBACS MTP - outdoors.ee\",\"isPartOf\":{\"@id\":\"https:\/\/www.outdoors.ee\/#website\"},\"primaryImageOfPage\":{\"@id\":\"https:\/\/www.outdoors.ee\/et\/toode\/briti-armee-vestialune-sark-ubacs-mtp\/#primaryimage\"},\"image\":{\"@id\":\"https:\/\/www.outdoors.ee\/et\/toode\/briti-armee-vestialune-sark-ubacs-mtp\/#primaryimage\"},\"thumbnailUrl\":\"https:\/\/www.outdoors.ee\/wp-content\/uploads\/2021\/09\/0108-1-UBACS-Coolmax-MTP.jpg\",\"datePublished\":\"2021-12-08T22:00:00+00:00\",\"dateModified\":\"2026-03-16T19:23:17+00:00\",\"description\":\"Originaalne Briti s\u00f5jav\u00e4e kuulivestialune s\u00e4rk, mille kehaosa on valmistatud venivast ja kiiresti kuivavast CoolMax\u00a0 tehnoloogiaga trikotaa\u017ematerjalist. Krae, \u00f5lad ja varrukad vastupidavast puuvilla ja pol\u00fcestri segukangast kaasaaegses MTP laigus.\u00a0 Omadused: originaalne Briti s\u00f5jav\u00e4e aluss\u00e4rk oliivrohelist v\u00e4rvi kehaosa\u00a0CoolMax tehnoloogiaga trikotaa\u017eist 2 takjakinnitusega klapiga taskut k\u00e4istel t\u00f5mblukuga kaelus\u00a0 n\u00f6\u00f6biga reguleeritav manseti laius Suurbritannia lipuembleem vasaku k\u00e4e taskul kiri sildil: Shirt Under Body Armour Combat MTP (PCS) Suurus rippmen\u00fc\u00fcs (pikkus \/ rinna\u00fcmberm\u00f5\u00f5t): S - 160\/80, M - 170\/90, L - 180\/100, LW - 180\/110, XL - 190\/110 NB! Velcro paneelid k\u00e4istel v\u00f5ivad puudu olla Seisukord:\u00a0 uus (v\u00f5ib sisaldada hulgiladustamise j\u00e4lgi) kasutatud, SuperGrade (sisaldab minimaalseid kulumisj\u00e4lgi) kasutatud, Grade 1 (sisaldab kergeid v\u00f5i m\u00f5\u00f5dukaid kulumisj\u00e4lgi, v\u00f5ib olla veidi m\u00e4\u00e4rdunud ning sisaldada v\u00e4iksemaid vigastusi)\",\"breadcrumb\":{\"@id\":\"https:\/\/www.outdoors.ee\/et\/toode\/briti-armee-vestialune-sark-ubacs-mtp\/#breadcrumb\"},\"inLanguage\":\"et\",\"potentialAction\":[{\"@type\":\"ReadAction\",\"target\":[\"https:\/\/www.outdoors.ee\/et\/toode\/briti-armee-vestialune-sark-ubacs-mtp\/\"]}]},{\"@type\":\"ImageObject\",\"inLanguage\":\"et\",\"@id\":\"https:\/\/www.outdoors.ee\/et\/toode\/briti-armee-vestialune-sark-ubacs-mtp\/#primaryimage\",\"url\":\"https:\/\/www.outdoors.ee\/wp-content\/uploads\/2021\/09\/0108-1-UBACS-Coolmax-MTP.jpg\",\"contentUrl\":\"https:\/\/www.outdoors.ee\/wp-content\/uploads\/2021\/09\/0108-1-UBACS-Coolmax-MTP.jpg\",\"width\":1600,\"height\":1600},{\"@type\":\"BreadcrumbList\",\"@id\":\"https:\/\/www.outdoors.ee\/et\/toode\/briti-armee-vestialune-sark-ubacs-mtp\/#breadcrumb\",\"itemListElement\":[{\"@type\":\"ListItem\",\"position\":1,\"name\":\"Home\",\"item\":\"https:\/\/www.outdoors.ee\/et\/\"},{\"@type\":\"ListItem\",\"position\":2,\"name\":\"Tooted\",\"item\":\"https:\/\/www.outdoors.ee\/products\/\"},{\"@type\":\"ListItem\",\"position\":3,\"name\":\"Briti Armee vestialune s\u00e4rk UBACS MTP\"}]},{\"@type\":\"WebSite\",\"@id\":\"https:\/\/www.outdoors.ee\/#website\",\"url\":\"https:\/\/www.outdoors.ee\/\",\"name\":\"Outdoors\",\"description\":\"Genuine military surplus and not only!\",\"potentialAction\":[{\"@type\":\"SearchAction\",\"target\":{\"@type\":\"EntryPoint\",\"urlTemplate\":\"https:\/\/www.outdoors.ee\/?s={search_term_string}\"},\"query-input\":{\"@type\":\"PropertyValueSpecification\",\"valueRequired\":true,\"valueName\":\"search_term_string\"}}],\"inLanguage\":\"et\"}]}<\/script>\n<!-- \/ Yoast SEO plugin. -->","yoast_head_json":{"title":"Briti Armee kuulivestialune s\u00e4rk UBACS MTP - outdoors.ee","description":"Originaalne Briti s\u00f5jav\u00e4e kuulivestialune s\u00e4rk, mille kehaosa on valmistatud venivast ja kiiresti kuivavast CoolMax\u00a0 tehnoloogiaga trikotaa\u017ematerjalist. Krae, \u00f5lad ja varrukad vastupidavast puuvilla ja pol\u00fcestri segukangast kaasaaegses MTP laigus.\u00a0 Omadused: originaalne Briti s\u00f5jav\u00e4e aluss\u00e4rk oliivrohelist v\u00e4rvi kehaosa\u00a0CoolMax tehnoloogiaga trikotaa\u017eist 2 takjakinnitusega klapiga taskut k\u00e4istel t\u00f5mblukuga kaelus\u00a0 n\u00f6\u00f6biga reguleeritav manseti laius Suurbritannia lipuembleem vasaku k\u00e4e taskul kiri sildil: Shirt Under Body Armour Combat MTP (PCS) Suurus rippmen\u00fc\u00fcs (pikkus \/ rinna\u00fcmberm\u00f5\u00f5t): S - 160\/80, M - 170\/90, L - 180\/100, LW - 180\/110, XL - 190\/110 NB! Velcro paneelid k\u00e4istel v\u00f5ivad puudu olla Seisukord:\u00a0 uus (v\u00f5ib sisaldada hulgiladustamise j\u00e4lgi) kasutatud, SuperGrade (sisaldab minimaalseid kulumisj\u00e4lgi) kasutatud, Grade 1 (sisaldab kergeid v\u00f5i m\u00f5\u00f5dukaid kulumisj\u00e4lgi, v\u00f5ib olla veidi m\u00e4\u00e4rdunud ning sisaldada v\u00e4iksemaid vigastusi)","robots":{"index":"index","follow":"follow","max-snippet":"max-snippet:-1","max-image-preview":"max-image-preview:large","max-video-preview":"max-video-preview:-1"},"canonical":"https:\/\/www.outdoors.ee\/et\/toode\/briti-armee-vestialune-sark-ubacs-mtp\/","og_locale":"et_EE","og_type":"article","og_title":"Briti Armee kuulivestialune s\u00e4rk UBACS MTP","og_description":"Originaalne Briti s\u00f5jav\u00e4e kuulivestialune s\u00e4rk, mille kehaosa on valmistatud venivast ja kiiresti kuivavast CoolMax\u00a0 tehnoloogiaga trikotaa\u017ematerjalist. Krae, \u00f5lad ja varrukad vastupidavast puuvilla ja pol\u00fcestri segukangast kaasaaegses MTP laigus.\u00a0 Omadused: originaalne Briti s\u00f5jav\u00e4e aluss\u00e4rk oliivrohelist v\u00e4rvi kehaosa\u00a0CoolMax tehnoloogiaga trikotaa\u017eist 2 takjakinnitusega klapiga taskut k\u00e4istel t\u00f5mblukuga kaelus\u00a0 n\u00f6\u00f6biga reguleeritav manseti laius Suurbritannia lipuembleem vasaku k\u00e4e taskul kiri sildil: Shirt Under Body Armour Combat MTP (PCS) Suurus rippmen\u00fc\u00fcs (pikkus \/ rinna\u00fcmberm\u00f5\u00f5t): S - 160\/80, M - 170\/90, L - 180\/100, LW - 180\/110, XL - 190\/110 NB! Velcro paneelid k\u00e4istel v\u00f5ivad puudu olla Seisukord:\u00a0 uus (v\u00f5ib sisaldada hulgiladustamise j\u00e4lgi) kasutatud, SuperGrade (sisaldab minimaalseid kulumisj\u00e4lgi) kasutatud, Grade 1 (sisaldab kergeid v\u00f5i m\u00f5\u00f5dukaid kulumisj\u00e4lgi, v\u00f5ib olla veidi m\u00e4\u00e4rdunud ning sisaldada v\u00e4iksemaid vigastusi)","og_url":"https:\/\/www.outdoors.ee\/et\/toode\/briti-armee-vestialune-sark-ubacs-mtp\/","og_site_name":"Outdoors","article_modified_time":"2026-03-16T19:23:17+00:00","og_image":[{"width":1600,"height":1600,"url":"https:\/\/www.outdoors.ee\/wp-content\/uploads\/2021\/09\/0108-1-UBACS-Coolmax-MTP.jpg","type":"image\/jpeg"}],"twitter_card":"summary_large_image","twitter_title":"Briti Armee kuulivestialune s\u00e4rk UBACS MTP","twitter_misc":{"Est. reading time":"1 minut"},"schema":{"@context":"https:\/\/schema.org","@graph":[{"@type":"WebPage","@id":"https:\/\/www.outdoors.ee\/et\/toode\/briti-armee-vestialune-sark-ubacs-mtp\/","url":"https:\/\/www.outdoors.ee\/et\/toode\/briti-armee-vestialune-sark-ubacs-mtp\/","name":"Briti Armee kuulivestialune s\u00e4rk UBACS MTP - outdoors.ee","isPartOf":{"@id":"https:\/\/www.outdoors.ee\/#website"},"primaryImageOfPage":{"@id":"https:\/\/www.outdoors.ee\/et\/toode\/briti-armee-vestialune-sark-ubacs-mtp\/#primaryimage"},"image":{"@id":"https:\/\/www.outdoors.ee\/et\/toode\/briti-armee-vestialune-sark-ubacs-mtp\/#primaryimage"},"thumbnailUrl":"https:\/\/www.outdoors.ee\/wp-content\/uploads\/2021\/09\/0108-1-UBACS-Coolmax-MTP.jpg","datePublished":"2021-12-08T22:00:00+00:00","dateModified":"2026-03-16T19:23:17+00:00","description":"Originaalne Briti s\u00f5jav\u00e4e kuulivestialune s\u00e4rk, mille kehaosa on valmistatud venivast ja kiiresti kuivavast CoolMax\u00a0 tehnoloogiaga trikotaa\u017ematerjalist. Krae, \u00f5lad ja varrukad vastupidavast puuvilla ja pol\u00fcestri segukangast kaasaaegses MTP laigus.\u00a0 Omadused: originaalne Briti s\u00f5jav\u00e4e aluss\u00e4rk oliivrohelist v\u00e4rvi kehaosa\u00a0CoolMax tehnoloogiaga trikotaa\u017eist 2 takjakinnitusega klapiga taskut k\u00e4istel t\u00f5mblukuga kaelus\u00a0 n\u00f6\u00f6biga reguleeritav manseti laius Suurbritannia lipuembleem vasaku k\u00e4e taskul kiri sildil: Shirt Under Body Armour Combat MTP (PCS) Suurus rippmen\u00fc\u00fcs (pikkus \/ rinna\u00fcmberm\u00f5\u00f5t): S - 160\/80, M - 170\/90, L - 180\/100, LW - 180\/110, XL - 190\/110 NB! Velcro paneelid k\u00e4istel v\u00f5ivad puudu olla Seisukord:\u00a0 uus (v\u00f5ib sisaldada hulgiladustamise j\u00e4lgi) kasutatud, SuperGrade (sisaldab minimaalseid kulumisj\u00e4lgi) kasutatud, Grade 1 (sisaldab kergeid v\u00f5i m\u00f5\u00f5dukaid kulumisj\u00e4lgi, v\u00f5ib olla veidi m\u00e4\u00e4rdunud ning sisaldada v\u00e4iksemaid vigastusi)","breadcrumb":{"@id":"https:\/\/www.outdoors.ee\/et\/toode\/briti-armee-vestialune-sark-ubacs-mtp\/#breadcrumb"},"inLanguage":"et","potentialAction":[{"@type":"ReadAction","target":["https:\/\/www.outdoors.ee\/et\/toode\/briti-armee-vestialune-sark-ubacs-mtp\/"]}]},{"@type":"ImageObject","inLanguage":"et","@id":"https:\/\/www.outdoors.ee\/et\/toode\/briti-armee-vestialune-sark-ubacs-mtp\/#primaryimage","url":"https:\/\/www.outdoors.ee\/wp-content\/uploads\/2021\/09\/0108-1-UBACS-Coolmax-MTP.jpg","contentUrl":"https:\/\/www.outdoors.ee\/wp-content\/uploads\/2021\/09\/0108-1-UBACS-Coolmax-MTP.jpg","width":1600,"height":1600},{"@type":"BreadcrumbList","@id":"https:\/\/www.outdoors.ee\/et\/toode\/briti-armee-vestialune-sark-ubacs-mtp\/#breadcrumb","itemListElement":[{"@type":"ListItem","position":1,"name":"Home","item":"https:\/\/www.outdoors.ee\/et\/"},{"@type":"ListItem","position":2,"name":"Tooted","item":"https:\/\/www.outdoors.ee\/products\/"},{"@type":"ListItem","position":3,"name":"Briti Armee vestialune s\u00e4rk UBACS MTP"}]},{"@type":"WebSite","@id":"https:\/\/www.outdoors.ee\/#website","url":"https:\/\/www.outdoors.ee\/","name":"Outdoors","description":"Genuine military surplus and not only!","potentialAction":[{"@type":"SearchAction","target":{"@type":"EntryPoint","urlTemplate":"https:\/\/www.outdoors.ee\/?s={search_term_string}"},"query-input":{"@type":"PropertyValueSpecification","valueRequired":true,"valueName":"search_term_string"}}],"inLanguage":"et"}]}},"_links":{"self":[{"href":"https:\/\/www.outdoors.ee\/et\/wp-json\/wp\/v2\/product\/58403","targetHints":{"allow":["GET"]}}],"collection":[{"href":"https:\/\/www.outdoors.ee\/et\/wp-json\/wp\/v2\/product"}],"about":[{"href":"https:\/\/www.outdoors.ee\/et\/wp-json\/wp\/v2\/types\/product"}],"wp:featuredmedia":[{"embeddable":true,"href":"https:\/\/www.outdoors.ee\/et\/wp-json\/wp\/v2\/media\/17575"}],"wp:attachment":[{"href":"https:\/\/www.outdoors.ee\/et\/wp-json\/wp\/v2\/media?parent=58403"}],"wp:term":[{"taxonomy":"product_brand","embeddable":true,"href":"https:\/\/www.outdoors.ee\/et\/wp-json\/wp\/v2\/product_brand?post=58403"},{"taxonomy":"product_cat","embeddable":true,"href":"https:\/\/www.outdoors.ee\/et\/wp-json\/wp\/v2\/product_cat?post=58403"},{"taxonomy":"product_tag","embeddable":true,"href":"https:\/\/www.outdoors.ee\/et\/wp-json\/wp\/v2\/product_tag?post=58403"}],"curies":[{"name":"wp","href":"https:\/\/api.w.org\/{rel}","templated":true}]}}