{"id":58397,"date":"2021-12-09T00:00:00","date_gmt":"2021-12-09T00:00:00","guid":{"rendered":"https:\/\/www.outdoors.ee\/product\/briti-armee-joogiseljakott-camelbak-coyote-brown\/"},"modified":"2024-01-01T17:16:24","modified_gmt":"2024-01-01T15:16:24","slug":"briti-armee-joogiseljakott-camelbak-coyote-brown","status":"publish","type":"product","link":"https:\/\/www.outdoors.ee\/et\/toode\/briti-armee-joogiseljakott-camelbak-coyote-brown\/","title":{"rendered":"Briti Armee joogiseljakott Camelbak Coyote Brown"},"content":{"rendered":"<p><strong>Omadused:<\/strong><\/p>\n<ul>\n<li>Briti s\u00f5jav\u00e4e originaal<\/li>\n<li>vastupidav 1000D Cordura\u00ae<\/li>\n<li>maht 3L<\/li>\n<li>patenteeritud Camelbak Big-Bite klapiga ja isoleeritud voolikuga<\/li>\n<li>ligip\u00e4\u00e4s veekotile k\u00fclje pealt t\u00f5mbluku abil<\/li>\n<li>kandesangaga \u00fcleval<\/li>\n<li>keeratav kork l\u00e4bim\u00f5\u00f5duga ca 5cm<\/li>\n<li>2 reguleeritava pikkusega \u00f5larihma<\/li>\n<li>t\u00fchi kaal ca 450g<\/li>\n<li>kiri sildil: Individual Hydration System, Coyote Brown<\/li>\n<\/ul>\n<p><strong>Seisukord:<\/strong><\/p>\n<ul>\n<li>uus (v\u00f5ib sisaldada hulgiladustamise j\u00e4lgi)<\/li>\n<li>uuev\u00e4\u00e4rne (sisaldab minimaalseid kulumisj\u00e4lgi)<\/li>\n<\/ul>\n","protected":false},"excerpt":{"rendered":"<p>Briti Armee joogiseljakott Camelbak, pruun<\/p>\n","protected":false},"featured_media":26598,"template":"","meta":[],"product_brand":[],"product_cat":[149],"product_tag":[],"class_list":{"0":"post-58397","1":"product","2":"type-product","3":"status-publish","4":"has-post-thumbnail","6":"product_cat-taktikaline-varustus","7":"pa_brand-british-military-surplus","8":"pa_condition-uuevaarne","9":"pa_condition-uus","11":"first","12":"outofstock","13":"taxable","14":"shipping-taxable","15":"purchasable","16":"product-type-variable"},"yoast_head":"<!-- This site is optimized with the Yoast SEO plugin v27.2 - https:\/\/yoast.com\/product\/yoast-seo-wordpress\/ -->\n<title>Briti Armee joogiseljakott Camelbak Coyote Brown - outdoors.ee<\/title>\n<meta name=\"description\" content=\"Omadused: originaalne Briti s&otilde;jav&auml;e joogiseljakott&nbsp; vastupidav 1000D Cordura&reg;&nbsp; maht 3L patenteeritud Camelbak Big-Bite klapiga ja isoleeritud voolikuga ligip&auml;&auml;s veekotile k&uuml;lje pealt t&otilde;mbluku abil kandesangaga &uuml;leval keeratav kork l&auml;bim&otilde;&otilde;duga ca 5cm 2 reguleeritava pikkusega &otilde;larihma t&uuml;hi kaal ca 450g kiri sildil: Individual Hydration System, Coyote Brown Seisukord: uus (v&otilde;ib sisaldada hulgiladustamise j&auml;lgi) uuev&auml;&auml;rne (sisaldab minimaalseid kulumisj&auml;lgi)\" \/>\n<meta name=\"robots\" content=\"index, follow, max-snippet:-1, max-image-preview:large, max-video-preview:-1\" \/>\n<link rel=\"canonical\" href=\"https:\/\/www.outdoors.ee\/et\/toode\/briti-armee-joogiseljakott-camelbak-coyote-brown\/\" \/>\n<meta property=\"og:locale\" content=\"et_EE\" \/>\n<meta property=\"og:type\" content=\"article\" \/>\n<meta property=\"og:title\" content=\"Briti Armee joogiseljakott Camelbak Coyote Brown\" \/>\n<meta property=\"og:description\" content=\"Omadused: originaalne Briti s&otilde;jav&auml;e joogiseljakott&nbsp; vastupidav 1000D Cordura&reg;&nbsp; maht 3L patenteeritud Camelbak Big-Bite klapiga ja isoleeritud voolikuga ligip&auml;&auml;s veekotile k&uuml;lje pealt t&otilde;mbluku abil kandesangaga &uuml;leval keeratav kork l&auml;bim&otilde;&otilde;duga ca 5cm 2 reguleeritava pikkusega &otilde;larihma t&uuml;hi kaal ca 450g kiri sildil: Individual Hydration System, Coyote Brown Seisukord: uus (v&otilde;ib sisaldada hulgiladustamise j&auml;lgi) uuev&auml;&auml;rne (sisaldab minimaalseid kulumisj&auml;lgi)\" \/>\n<meta property=\"og:url\" content=\"https:\/\/www.outdoors.ee\/et\/toode\/briti-armee-joogiseljakott-camelbak-coyote-brown\/\" \/>\n<meta property=\"og:site_name\" content=\"Outdoors\" \/>\n<meta property=\"article:modified_time\" content=\"2024-01-01T15:16:24+00:00\" \/>\n<meta property=\"og:image\" content=\"https:\/\/www.outdoors.ee\/wp-content\/uploads\/2021\/12\/0145-British-Army-Camelbak-Individual-Hydration-System-Coyote-Brown.jpg\" \/>\n\t<meta property=\"og:image:width\" content=\"596\" \/>\n\t<meta property=\"og:image:height\" content=\"635\" \/>\n\t<meta property=\"og:image:type\" content=\"image\/jpeg\" \/>\n<meta name=\"twitter:card\" content=\"summary_large_image\" \/>\n<meta name=\"twitter:title\" content=\"Briti Armee joogiseljakott Camelbak Coyote Brown\" \/>\n<script type=\"application\/ld+json\" class=\"yoast-schema-graph\">{\"@context\":\"https:\/\/schema.org\",\"@graph\":[{\"@type\":\"WebPage\",\"@id\":\"https:\/\/www.outdoors.ee\/et\/toode\/briti-armee-joogiseljakott-camelbak-coyote-brown\/\",\"url\":\"https:\/\/www.outdoors.ee\/et\/toode\/briti-armee-joogiseljakott-camelbak-coyote-brown\/\",\"name\":\"Briti Armee joogiseljakott Camelbak Coyote Brown - outdoors.ee\",\"isPartOf\":{\"@id\":\"https:\/\/www.outdoors.ee\/#website\"},\"primaryImageOfPage\":{\"@id\":\"https:\/\/www.outdoors.ee\/et\/toode\/briti-armee-joogiseljakott-camelbak-coyote-brown\/#primaryimage\"},\"image\":{\"@id\":\"https:\/\/www.outdoors.ee\/et\/toode\/briti-armee-joogiseljakott-camelbak-coyote-brown\/#primaryimage\"},\"thumbnailUrl\":\"https:\/\/www.outdoors.ee\/wp-content\/uploads\/2021\/12\/0145-British-Army-Camelbak-Individual-Hydration-System-Coyote-Brown.jpg\",\"datePublished\":\"2021-12-09T00:00:00+00:00\",\"dateModified\":\"2024-01-01T15:16:24+00:00\",\"description\":\"Omadused: originaalne Briti s&otilde;jav&auml;e joogiseljakott&nbsp; vastupidav 1000D Cordura&reg;&nbsp; maht 3L patenteeritud Camelbak Big-Bite klapiga ja isoleeritud voolikuga ligip&auml;&auml;s veekotile k&uuml;lje pealt t&otilde;mbluku abil kandesangaga &uuml;leval keeratav kork l&auml;bim&otilde;&otilde;duga ca 5cm 2 reguleeritava pikkusega &otilde;larihma t&uuml;hi kaal ca 450g kiri sildil: Individual Hydration System, Coyote Brown Seisukord: uus (v&otilde;ib sisaldada hulgiladustamise j&auml;lgi) uuev&auml;&auml;rne (sisaldab minimaalseid kulumisj&auml;lgi)\",\"breadcrumb\":{\"@id\":\"https:\/\/www.outdoors.ee\/et\/toode\/briti-armee-joogiseljakott-camelbak-coyote-brown\/#breadcrumb\"},\"inLanguage\":\"et\",\"potentialAction\":[{\"@type\":\"ReadAction\",\"target\":[\"https:\/\/www.outdoors.ee\/et\/toode\/briti-armee-joogiseljakott-camelbak-coyote-brown\/\"]}]},{\"@type\":\"ImageObject\",\"inLanguage\":\"et\",\"@id\":\"https:\/\/www.outdoors.ee\/et\/toode\/briti-armee-joogiseljakott-camelbak-coyote-brown\/#primaryimage\",\"url\":\"https:\/\/www.outdoors.ee\/wp-content\/uploads\/2021\/12\/0145-British-Army-Camelbak-Individual-Hydration-System-Coyote-Brown.jpg\",\"contentUrl\":\"https:\/\/www.outdoors.ee\/wp-content\/uploads\/2021\/12\/0145-British-Army-Camelbak-Individual-Hydration-System-Coyote-Brown.jpg\",\"width\":596,\"height\":635},{\"@type\":\"BreadcrumbList\",\"@id\":\"https:\/\/www.outdoors.ee\/et\/toode\/briti-armee-joogiseljakott-camelbak-coyote-brown\/#breadcrumb\",\"itemListElement\":[{\"@type\":\"ListItem\",\"position\":1,\"name\":\"Home\",\"item\":\"https:\/\/www.outdoors.ee\/et\/\"},{\"@type\":\"ListItem\",\"position\":2,\"name\":\"Tooted\",\"item\":\"https:\/\/www.outdoors.ee\/products\/\"},{\"@type\":\"ListItem\",\"position\":3,\"name\":\"Briti Armee joogiseljakott Camelbak Coyote Brown\"}]},{\"@type\":\"WebSite\",\"@id\":\"https:\/\/www.outdoors.ee\/#website\",\"url\":\"https:\/\/www.outdoors.ee\/\",\"name\":\"Outdoors\",\"description\":\"Genuine military surplus and not only!\",\"potentialAction\":[{\"@type\":\"SearchAction\",\"target\":{\"@type\":\"EntryPoint\",\"urlTemplate\":\"https:\/\/www.outdoors.ee\/?s={search_term_string}\"},\"query-input\":{\"@type\":\"PropertyValueSpecification\",\"valueRequired\":true,\"valueName\":\"search_term_string\"}}],\"inLanguage\":\"et\"}]}<\/script>\n<!-- \/ Yoast SEO plugin. -->","yoast_head_json":{"title":"Briti Armee joogiseljakott Camelbak Coyote Brown - outdoors.ee","description":"Omadused: originaalne Briti s&otilde;jav&auml;e joogiseljakott&nbsp; vastupidav 1000D Cordura&reg;&nbsp; maht 3L patenteeritud Camelbak Big-Bite klapiga ja isoleeritud voolikuga ligip&auml;&auml;s veekotile k&uuml;lje pealt t&otilde;mbluku abil kandesangaga &uuml;leval keeratav kork l&auml;bim&otilde;&otilde;duga ca 5cm 2 reguleeritava pikkusega &otilde;larihma t&uuml;hi kaal ca 450g kiri sildil: Individual Hydration System, Coyote Brown Seisukord: uus (v&otilde;ib sisaldada hulgiladustamise j&auml;lgi) uuev&auml;&auml;rne (sisaldab minimaalseid kulumisj&auml;lgi)","robots":{"index":"index","follow":"follow","max-snippet":"max-snippet:-1","max-image-preview":"max-image-preview:large","max-video-preview":"max-video-preview:-1"},"canonical":"https:\/\/www.outdoors.ee\/et\/toode\/briti-armee-joogiseljakott-camelbak-coyote-brown\/","og_locale":"et_EE","og_type":"article","og_title":"Briti Armee joogiseljakott Camelbak Coyote Brown","og_description":"Omadused: originaalne Briti s&otilde;jav&auml;e joogiseljakott&nbsp; vastupidav 1000D Cordura&reg;&nbsp; maht 3L patenteeritud Camelbak Big-Bite klapiga ja isoleeritud voolikuga ligip&auml;&auml;s veekotile k&uuml;lje pealt t&otilde;mbluku abil kandesangaga &uuml;leval keeratav kork l&auml;bim&otilde;&otilde;duga ca 5cm 2 reguleeritava pikkusega &otilde;larihma t&uuml;hi kaal ca 450g kiri sildil: Individual Hydration System, Coyote Brown Seisukord: uus (v&otilde;ib sisaldada hulgiladustamise j&auml;lgi) uuev&auml;&auml;rne (sisaldab minimaalseid kulumisj&auml;lgi)","og_url":"https:\/\/www.outdoors.ee\/et\/toode\/briti-armee-joogiseljakott-camelbak-coyote-brown\/","og_site_name":"Outdoors","article_modified_time":"2024-01-01T15:16:24+00:00","og_image":[{"width":596,"height":635,"url":"https:\/\/www.outdoors.ee\/wp-content\/uploads\/2021\/12\/0145-British-Army-Camelbak-Individual-Hydration-System-Coyote-Brown.jpg","type":"image\/jpeg"}],"twitter_card":"summary_large_image","twitter_title":"Briti Armee joogiseljakott Camelbak Coyote Brown","schema":{"@context":"https:\/\/schema.org","@graph":[{"@type":"WebPage","@id":"https:\/\/www.outdoors.ee\/et\/toode\/briti-armee-joogiseljakott-camelbak-coyote-brown\/","url":"https:\/\/www.outdoors.ee\/et\/toode\/briti-armee-joogiseljakott-camelbak-coyote-brown\/","name":"Briti Armee joogiseljakott Camelbak Coyote Brown - outdoors.ee","isPartOf":{"@id":"https:\/\/www.outdoors.ee\/#website"},"primaryImageOfPage":{"@id":"https:\/\/www.outdoors.ee\/et\/toode\/briti-armee-joogiseljakott-camelbak-coyote-brown\/#primaryimage"},"image":{"@id":"https:\/\/www.outdoors.ee\/et\/toode\/briti-armee-joogiseljakott-camelbak-coyote-brown\/#primaryimage"},"thumbnailUrl":"https:\/\/www.outdoors.ee\/wp-content\/uploads\/2021\/12\/0145-British-Army-Camelbak-Individual-Hydration-System-Coyote-Brown.jpg","datePublished":"2021-12-09T00:00:00+00:00","dateModified":"2024-01-01T15:16:24+00:00","description":"Omadused: originaalne Briti s&otilde;jav&auml;e joogiseljakott&nbsp; vastupidav 1000D Cordura&reg;&nbsp; maht 3L patenteeritud Camelbak Big-Bite klapiga ja isoleeritud voolikuga ligip&auml;&auml;s veekotile k&uuml;lje pealt t&otilde;mbluku abil kandesangaga &uuml;leval keeratav kork l&auml;bim&otilde;&otilde;duga ca 5cm 2 reguleeritava pikkusega &otilde;larihma t&uuml;hi kaal ca 450g kiri sildil: Individual Hydration System, Coyote Brown Seisukord: uus (v&otilde;ib sisaldada hulgiladustamise j&auml;lgi) uuev&auml;&auml;rne (sisaldab minimaalseid kulumisj&auml;lgi)","breadcrumb":{"@id":"https:\/\/www.outdoors.ee\/et\/toode\/briti-armee-joogiseljakott-camelbak-coyote-brown\/#breadcrumb"},"inLanguage":"et","potentialAction":[{"@type":"ReadAction","target":["https:\/\/www.outdoors.ee\/et\/toode\/briti-armee-joogiseljakott-camelbak-coyote-brown\/"]}]},{"@type":"ImageObject","inLanguage":"et","@id":"https:\/\/www.outdoors.ee\/et\/toode\/briti-armee-joogiseljakott-camelbak-coyote-brown\/#primaryimage","url":"https:\/\/www.outdoors.ee\/wp-content\/uploads\/2021\/12\/0145-British-Army-Camelbak-Individual-Hydration-System-Coyote-Brown.jpg","contentUrl":"https:\/\/www.outdoors.ee\/wp-content\/uploads\/2021\/12\/0145-British-Army-Camelbak-Individual-Hydration-System-Coyote-Brown.jpg","width":596,"height":635},{"@type":"BreadcrumbList","@id":"https:\/\/www.outdoors.ee\/et\/toode\/briti-armee-joogiseljakott-camelbak-coyote-brown\/#breadcrumb","itemListElement":[{"@type":"ListItem","position":1,"name":"Home","item":"https:\/\/www.outdoors.ee\/et\/"},{"@type":"ListItem","position":2,"name":"Tooted","item":"https:\/\/www.outdoors.ee\/products\/"},{"@type":"ListItem","position":3,"name":"Briti Armee joogiseljakott Camelbak Coyote Brown"}]},{"@type":"WebSite","@id":"https:\/\/www.outdoors.ee\/#website","url":"https:\/\/www.outdoors.ee\/","name":"Outdoors","description":"Genuine military surplus and not only!","potentialAction":[{"@type":"SearchAction","target":{"@type":"EntryPoint","urlTemplate":"https:\/\/www.outdoors.ee\/?s={search_term_string}"},"query-input":{"@type":"PropertyValueSpecification","valueRequired":true,"valueName":"search_term_string"}}],"inLanguage":"et"}]}},"_links":{"self":[{"href":"https:\/\/www.outdoors.ee\/et\/wp-json\/wp\/v2\/product\/58397","targetHints":{"allow":["GET"]}}],"collection":[{"href":"https:\/\/www.outdoors.ee\/et\/wp-json\/wp\/v2\/product"}],"about":[{"href":"https:\/\/www.outdoors.ee\/et\/wp-json\/wp\/v2\/types\/product"}],"wp:featuredmedia":[{"embeddable":true,"href":"https:\/\/www.outdoors.ee\/et\/wp-json\/wp\/v2\/media\/26598"}],"wp:attachment":[{"href":"https:\/\/www.outdoors.ee\/et\/wp-json\/wp\/v2\/media?parent=58397"}],"wp:term":[{"taxonomy":"product_brand","embeddable":true,"href":"https:\/\/www.outdoors.ee\/et\/wp-json\/wp\/v2\/product_brand?post=58397"},{"taxonomy":"product_cat","embeddable":true,"href":"https:\/\/www.outdoors.ee\/et\/wp-json\/wp\/v2\/product_cat?post=58397"},{"taxonomy":"product_tag","embeddable":true,"href":"https:\/\/www.outdoors.ee\/et\/wp-json\/wp\/v2\/product_tag?post=58397"}],"curies":[{"name":"wp","href":"https:\/\/api.w.org\/{rel}","templated":true}]}}