{"id":58367,"date":"2021-12-09T00:00:00","date_gmt":"2021-12-09T00:00:00","guid":{"rendered":"https:\/\/www.outdoors.ee\/product\/briti-armee-vihmapuksid-heavyweight-waterproof-mvp-mtp\/"},"modified":"2025-03-06T15:06:19","modified_gmt":"2025-03-06T13:06:19","slug":"briti-armee-vihmapuksid-heavyweight-waterproof-mvp-mtp","status":"publish","type":"product","link":"https:\/\/www.outdoors.ee\/et\/toode\/briti-armee-vihmapuksid-heavyweight-waterproof-mvp-mtp\/","title":{"rendered":"Briti Armee vihmap\u00fcksid Heavyweight Waterproof MVP MTP"},"content":{"rendered":"<p style=\"text-align: justify;\">Briti s\u00f5jav\u00e4e niiske ilmastiku \u00fclep\u00fcksid kaasaaegses MTP (Multi-Terrrain Pattern) laigus. Toodetud vetth\u00fclgavast ja hingavast MVP (Moisture Vapour Permeable) materjalist (Briti s\u00f5jav\u00e4e Gore-Tex ekvivalent), mis ei lase niiskusel v\u00e4ljast sisse tungida samal ajal v\u00f5imaldades higil aurustuda.<\/p>\n<p style=\"text-align: justify;\"><strong>Omadused<\/strong>:<\/p>\n<ul>\n<li style=\"text-align: justify;\">takjakinnitusega eest suletavad<\/li>\n<li style=\"text-align: justify;\">pingutusn\u00f6\u00f6riga v\u00f6\u00f6koht<\/li>\n<li style=\"text-align: justify;\">takjakinnitusega k\u00fcljetaskuklapid, mis annavad ligip\u00e4\u00e4su allolevatele p\u00fckstele<\/li>\n<li style=\"text-align: justify;\">p\u00f5lve k\u00f5rguseni ulatuv t\u00f5mblukk p\u00fckste mugavaks pealet\u00f5mbamiseks saapa peale<\/li>\n<li style=\"text-align: justify;\">takjakinnitusega reguleeritav manseti laius<\/li>\n<\/ul>\n<p><strong>Suurus <\/strong>rippmen\u00fc\u00fcs: s\u00e4\u00e4re sisepikkus \/ v\u00f6\u00f6\u00fcmberm\u00f5\u00f5t \/ istmiku \u00fcmberm\u00f5\u00f5t, cm<\/p>\n<p><strong>Seisukord<\/strong>:<\/p>\n<ul>\n<li>uus (ilma j\u00e4em\u00fc\u00fcgipakendita, v\u00f5ivad sisaldada hulgiladustamise j\u00e4lgi)<\/li>\n<li>uuev\u00e4\u00e4rne (sisaldavad kergeid kulumisj\u00e4lgi)<\/li>\n<li>kasutatud, Grade 1 (sisaldavad m\u00f5\u00f5dukaid kulumisj\u00e4lgi, v\u00f5ivad olla kergelt m\u00e4\u00e4rdunud)<\/li>\n<\/ul>\n","protected":false},"excerpt":{"rendered":"<p>Briti Armee vihmap\u00fcksid Heavyweight Waterproof MVP, MTP<\/p>\n","protected":false},"featured_media":66104,"template":"","meta":[],"product_brand":[],"product_cat":[111],"product_tag":[],"class_list":{"0":"post-58367","1":"product","2":"type-product","3":"status-publish","4":"has-post-thumbnail","6":"product_cat-puksid","7":"pa_brand-british-military-surplus","8":"pa_condition-kasutatud-grade-1","9":"pa_condition-uuevaarne","10":"pa_condition-uus","11":"pa_size-70-80-96-2","12":"pa_size-75-80-96-2","13":"pa_size-75-88-104-2","14":"pa_size-75-96-112-2","15":"pa_size-80-104-120-2","16":"pa_size-80-88-104-2","17":"pa_size-80-96-112-3","18":"pa_size-85-112-128-2","19":"pa_size-85-96-112-2","20":"pa_size-90-112-128-3","21":"pa_size-90-96-112-2","23":"first","24":"instock","25":"taxable","26":"shipping-taxable","27":"purchasable","28":"product-type-variable"},"yoast_head":"<!-- This site is optimized with the Yoast SEO plugin v27.2 - https:\/\/yoast.com\/product\/yoast-seo-wordpress\/ -->\n<title>Briti Armee vihmap\u00fcksid Heavyweight Waterproof MVP MTP - outdoors.ee<\/title>\n<meta name=\"description\" content=\"Originaalsed ja kaasaegsed Briti s\u00f5jav\u00e4e m\u00e4rja ilma \u00fclep\u00fcksid kaasaaegses MTP (Multi-Terrrain Pattern) laigus. Toodetud vetth\u00fclgavast ja hingavast MVP (Moisture Vapour Permeable) materjalist (Briti s\u00f5jav\u00e4e Gore-Tex ekvivalent), mis ei lase niiskusel v\u00e4ljast sisse tungida samal ajal v\u00f5imaldades higil aurustuda. Need p\u00fcksid on raskemad ja paksemad kui nende kergekaaluline (Lightweight) variant, olles samal ajal ikkagi \u00fcsna kerged. Sobivad h\u00e4sti k\u00f5ikv\u00f5imalikeks v\u00e4li\u00fcritusteks, kus vetth\u00fclgav pealiskiht on oluline. Omadused:\u00a0 takjakinnitusega eest suletavad pingutusn\u00f6\u00f6riga v\u00f6\u00f6koht takjakinnitusega k\u00fcljetaskuklapid, mis annavad ligip\u00e4\u00e4su allolevatele p\u00fckstele p\u00f5lve k\u00f5rguseni ulatuv t\u00f5mblukk p\u00fckste mugavaks pealet\u00f5mbamiseks saapa peale takjakinnitusega reguleeritav manseti laius Suurus rippmen\u00fc\u00fcs: s\u00e4\u00e4re sisepikkus \/ v\u00f6\u00f6\u00fcmberm\u00f5\u00f5t \/ istmiku \u00fcmberm\u00f5\u00f5t\u00a0 Seisukord: uued (v\u00f5ivad sisaldada hulgiladustamise j\u00e4lgi) uuev\u00e4\u00e4rsed (v\u00f5ivad sisaldada minimaalseid kulumisj\u00e4lgi) kasutatud, Grade 1 (heas korras, kergete kulumisj\u00e4lgedega,v\u00f5ivad olla kergelt m\u00e4\u00e4rdunud)\" \/>\n<meta name=\"robots\" content=\"index, follow, max-snippet:-1, max-image-preview:large, max-video-preview:-1\" \/>\n<link rel=\"canonical\" href=\"https:\/\/www.outdoors.ee\/et\/toode\/briti-armee-vihmapuksid-heavyweight-waterproof-mvp-mtp\/\" \/>\n<meta property=\"og:locale\" content=\"et_EE\" \/>\n<meta property=\"og:type\" content=\"article\" \/>\n<meta property=\"og:title\" content=\"Briti Armee vihmap\u00fcksid Heavyweight Waterproof MVP MTP\" \/>\n<meta property=\"og:description\" content=\"Originaalsed ja kaasaegsed Briti s\u00f5jav\u00e4e m\u00e4rja ilma \u00fclep\u00fcksid kaasaaegses MTP (Multi-Terrrain Pattern) laigus. Toodetud vetth\u00fclgavast ja hingavast MVP (Moisture Vapour Permeable) materjalist (Briti s\u00f5jav\u00e4e Gore-Tex ekvivalent), mis ei lase niiskusel v\u00e4ljast sisse tungida samal ajal v\u00f5imaldades higil aurustuda. Need p\u00fcksid on raskemad ja paksemad kui nende kergekaaluline (Lightweight) variant, olles samal ajal ikkagi \u00fcsna kerged. Sobivad h\u00e4sti k\u00f5ikv\u00f5imalikeks v\u00e4li\u00fcritusteks, kus vetth\u00fclgav pealiskiht on oluline. Omadused:\u00a0 takjakinnitusega eest suletavad pingutusn\u00f6\u00f6riga v\u00f6\u00f6koht takjakinnitusega k\u00fcljetaskuklapid, mis annavad ligip\u00e4\u00e4su allolevatele p\u00fckstele p\u00f5lve k\u00f5rguseni ulatuv t\u00f5mblukk p\u00fckste mugavaks pealet\u00f5mbamiseks saapa peale takjakinnitusega reguleeritav manseti laius Suurus rippmen\u00fc\u00fcs: s\u00e4\u00e4re sisepikkus \/ v\u00f6\u00f6\u00fcmberm\u00f5\u00f5t \/ istmiku \u00fcmberm\u00f5\u00f5t\u00a0 Seisukord: uued (v\u00f5ivad sisaldada hulgiladustamise j\u00e4lgi) uuev\u00e4\u00e4rsed (v\u00f5ivad sisaldada minimaalseid kulumisj\u00e4lgi) kasutatud, Grade 1 (heas korras, kergete kulumisj\u00e4lgedega,v\u00f5ivad olla kergelt m\u00e4\u00e4rdunud)\" \/>\n<meta property=\"og:url\" content=\"https:\/\/www.outdoors.ee\/et\/toode\/briti-armee-vihmapuksid-heavyweight-waterproof-mvp-mtp\/\" \/>\n<meta property=\"og:site_name\" content=\"Outdoors\" \/>\n<meta property=\"article:modified_time\" content=\"2025-03-06T13:06:19+00:00\" \/>\n<meta property=\"og:image\" content=\"https:\/\/www.outdoors.ee\/wp-content\/uploads\/2021\/12\/0142-British-Army-Heavyweight-Waterproof-MVP-Trousers-MTP-1-7.jpg\" \/>\n\t<meta property=\"og:image:width\" content=\"1200\" \/>\n\t<meta property=\"og:image:height\" content=\"1200\" \/>\n\t<meta property=\"og:image:type\" content=\"image\/jpeg\" \/>\n<meta name=\"twitter:card\" content=\"summary_large_image\" \/>\n<meta name=\"twitter:title\" content=\"Briti Armee vihmap\u00fcksid Heavyweight Waterproof MVP MTP\" \/>\n<meta name=\"twitter:label1\" content=\"Est. reading time\" \/>\n\t<meta name=\"twitter:data1\" content=\"1 minut\" \/>\n<script type=\"application\/ld+json\" class=\"yoast-schema-graph\">{\"@context\":\"https:\/\/schema.org\",\"@graph\":[{\"@type\":\"WebPage\",\"@id\":\"https:\/\/www.outdoors.ee\/et\/toode\/briti-armee-vihmapuksid-heavyweight-waterproof-mvp-mtp\/\",\"url\":\"https:\/\/www.outdoors.ee\/et\/toode\/briti-armee-vihmapuksid-heavyweight-waterproof-mvp-mtp\/\",\"name\":\"Briti Armee vihmap\u00fcksid Heavyweight Waterproof MVP MTP - outdoors.ee\",\"isPartOf\":{\"@id\":\"https:\/\/www.outdoors.ee\/#website\"},\"primaryImageOfPage\":{\"@id\":\"https:\/\/www.outdoors.ee\/et\/toode\/briti-armee-vihmapuksid-heavyweight-waterproof-mvp-mtp\/#primaryimage\"},\"image\":{\"@id\":\"https:\/\/www.outdoors.ee\/et\/toode\/briti-armee-vihmapuksid-heavyweight-waterproof-mvp-mtp\/#primaryimage\"},\"thumbnailUrl\":\"https:\/\/www.outdoors.ee\/wp-content\/uploads\/2021\/12\/0142-British-Army-Heavyweight-Waterproof-MVP-Trousers-MTP-1-7.jpg\",\"datePublished\":\"2021-12-09T00:00:00+00:00\",\"dateModified\":\"2025-03-06T13:06:19+00:00\",\"description\":\"Originaalsed ja kaasaegsed Briti s\u00f5jav\u00e4e m\u00e4rja ilma \u00fclep\u00fcksid kaasaaegses MTP (Multi-Terrrain Pattern) laigus. Toodetud vetth\u00fclgavast ja hingavast MVP (Moisture Vapour Permeable) materjalist (Briti s\u00f5jav\u00e4e Gore-Tex ekvivalent), mis ei lase niiskusel v\u00e4ljast sisse tungida samal ajal v\u00f5imaldades higil aurustuda. Need p\u00fcksid on raskemad ja paksemad kui nende kergekaaluline (Lightweight) variant, olles samal ajal ikkagi \u00fcsna kerged. Sobivad h\u00e4sti k\u00f5ikv\u00f5imalikeks v\u00e4li\u00fcritusteks, kus vetth\u00fclgav pealiskiht on oluline. Omadused:\u00a0 takjakinnitusega eest suletavad pingutusn\u00f6\u00f6riga v\u00f6\u00f6koht takjakinnitusega k\u00fcljetaskuklapid, mis annavad ligip\u00e4\u00e4su allolevatele p\u00fckstele p\u00f5lve k\u00f5rguseni ulatuv t\u00f5mblukk p\u00fckste mugavaks pealet\u00f5mbamiseks saapa peale takjakinnitusega reguleeritav manseti laius Suurus rippmen\u00fc\u00fcs: s\u00e4\u00e4re sisepikkus \/ v\u00f6\u00f6\u00fcmberm\u00f5\u00f5t \/ istmiku \u00fcmberm\u00f5\u00f5t\u00a0 Seisukord: uued (v\u00f5ivad sisaldada hulgiladustamise j\u00e4lgi) uuev\u00e4\u00e4rsed (v\u00f5ivad sisaldada minimaalseid kulumisj\u00e4lgi) kasutatud, Grade 1 (heas korras, kergete kulumisj\u00e4lgedega,v\u00f5ivad olla kergelt m\u00e4\u00e4rdunud)\",\"breadcrumb\":{\"@id\":\"https:\/\/www.outdoors.ee\/et\/toode\/briti-armee-vihmapuksid-heavyweight-waterproof-mvp-mtp\/#breadcrumb\"},\"inLanguage\":\"et\",\"potentialAction\":[{\"@type\":\"ReadAction\",\"target\":[\"https:\/\/www.outdoors.ee\/et\/toode\/briti-armee-vihmapuksid-heavyweight-waterproof-mvp-mtp\/\"]}]},{\"@type\":\"ImageObject\",\"inLanguage\":\"et\",\"@id\":\"https:\/\/www.outdoors.ee\/et\/toode\/briti-armee-vihmapuksid-heavyweight-waterproof-mvp-mtp\/#primaryimage\",\"url\":\"https:\/\/www.outdoors.ee\/wp-content\/uploads\/2021\/12\/0142-British-Army-Heavyweight-Waterproof-MVP-Trousers-MTP-1-7.jpg\",\"contentUrl\":\"https:\/\/www.outdoors.ee\/wp-content\/uploads\/2021\/12\/0142-British-Army-Heavyweight-Waterproof-MVP-Trousers-MTP-1-7.jpg\",\"width\":1200,\"height\":1200},{\"@type\":\"BreadcrumbList\",\"@id\":\"https:\/\/www.outdoors.ee\/et\/toode\/briti-armee-vihmapuksid-heavyweight-waterproof-mvp-mtp\/#breadcrumb\",\"itemListElement\":[{\"@type\":\"ListItem\",\"position\":1,\"name\":\"Home\",\"item\":\"https:\/\/www.outdoors.ee\/et\/\"},{\"@type\":\"ListItem\",\"position\":2,\"name\":\"Tooted\",\"item\":\"https:\/\/www.outdoors.ee\/products\/\"},{\"@type\":\"ListItem\",\"position\":3,\"name\":\"Briti Armee vihmap\u00fcksid Heavyweight Waterproof MVP MTP\"}]},{\"@type\":\"WebSite\",\"@id\":\"https:\/\/www.outdoors.ee\/#website\",\"url\":\"https:\/\/www.outdoors.ee\/\",\"name\":\"Outdoors\",\"description\":\"Genuine military surplus and not only!\",\"potentialAction\":[{\"@type\":\"SearchAction\",\"target\":{\"@type\":\"EntryPoint\",\"urlTemplate\":\"https:\/\/www.outdoors.ee\/?s={search_term_string}\"},\"query-input\":{\"@type\":\"PropertyValueSpecification\",\"valueRequired\":true,\"valueName\":\"search_term_string\"}}],\"inLanguage\":\"et\"}]}<\/script>\n<!-- \/ Yoast SEO plugin. -->","yoast_head_json":{"title":"Briti Armee vihmap\u00fcksid Heavyweight Waterproof MVP MTP - outdoors.ee","description":"Originaalsed ja kaasaegsed Briti s\u00f5jav\u00e4e m\u00e4rja ilma \u00fclep\u00fcksid kaasaaegses MTP (Multi-Terrrain Pattern) laigus. Toodetud vetth\u00fclgavast ja hingavast MVP (Moisture Vapour Permeable) materjalist (Briti s\u00f5jav\u00e4e Gore-Tex ekvivalent), mis ei lase niiskusel v\u00e4ljast sisse tungida samal ajal v\u00f5imaldades higil aurustuda. Need p\u00fcksid on raskemad ja paksemad kui nende kergekaaluline (Lightweight) variant, olles samal ajal ikkagi \u00fcsna kerged. Sobivad h\u00e4sti k\u00f5ikv\u00f5imalikeks v\u00e4li\u00fcritusteks, kus vetth\u00fclgav pealiskiht on oluline. Omadused:\u00a0 takjakinnitusega eest suletavad pingutusn\u00f6\u00f6riga v\u00f6\u00f6koht takjakinnitusega k\u00fcljetaskuklapid, mis annavad ligip\u00e4\u00e4su allolevatele p\u00fckstele p\u00f5lve k\u00f5rguseni ulatuv t\u00f5mblukk p\u00fckste mugavaks pealet\u00f5mbamiseks saapa peale takjakinnitusega reguleeritav manseti laius Suurus rippmen\u00fc\u00fcs: s\u00e4\u00e4re sisepikkus \/ v\u00f6\u00f6\u00fcmberm\u00f5\u00f5t \/ istmiku \u00fcmberm\u00f5\u00f5t\u00a0 Seisukord: uued (v\u00f5ivad sisaldada hulgiladustamise j\u00e4lgi) uuev\u00e4\u00e4rsed (v\u00f5ivad sisaldada minimaalseid kulumisj\u00e4lgi) kasutatud, Grade 1 (heas korras, kergete kulumisj\u00e4lgedega,v\u00f5ivad olla kergelt m\u00e4\u00e4rdunud)","robots":{"index":"index","follow":"follow","max-snippet":"max-snippet:-1","max-image-preview":"max-image-preview:large","max-video-preview":"max-video-preview:-1"},"canonical":"https:\/\/www.outdoors.ee\/et\/toode\/briti-armee-vihmapuksid-heavyweight-waterproof-mvp-mtp\/","og_locale":"et_EE","og_type":"article","og_title":"Briti Armee vihmap\u00fcksid Heavyweight Waterproof MVP MTP","og_description":"Originaalsed ja kaasaegsed Briti s\u00f5jav\u00e4e m\u00e4rja ilma \u00fclep\u00fcksid kaasaaegses MTP (Multi-Terrrain Pattern) laigus. Toodetud vetth\u00fclgavast ja hingavast MVP (Moisture Vapour Permeable) materjalist (Briti s\u00f5jav\u00e4e Gore-Tex ekvivalent), mis ei lase niiskusel v\u00e4ljast sisse tungida samal ajal v\u00f5imaldades higil aurustuda. Need p\u00fcksid on raskemad ja paksemad kui nende kergekaaluline (Lightweight) variant, olles samal ajal ikkagi \u00fcsna kerged. Sobivad h\u00e4sti k\u00f5ikv\u00f5imalikeks v\u00e4li\u00fcritusteks, kus vetth\u00fclgav pealiskiht on oluline. Omadused:\u00a0 takjakinnitusega eest suletavad pingutusn\u00f6\u00f6riga v\u00f6\u00f6koht takjakinnitusega k\u00fcljetaskuklapid, mis annavad ligip\u00e4\u00e4su allolevatele p\u00fckstele p\u00f5lve k\u00f5rguseni ulatuv t\u00f5mblukk p\u00fckste mugavaks pealet\u00f5mbamiseks saapa peale takjakinnitusega reguleeritav manseti laius Suurus rippmen\u00fc\u00fcs: s\u00e4\u00e4re sisepikkus \/ v\u00f6\u00f6\u00fcmberm\u00f5\u00f5t \/ istmiku \u00fcmberm\u00f5\u00f5t\u00a0 Seisukord: uued (v\u00f5ivad sisaldada hulgiladustamise j\u00e4lgi) uuev\u00e4\u00e4rsed (v\u00f5ivad sisaldada minimaalseid kulumisj\u00e4lgi) kasutatud, Grade 1 (heas korras, kergete kulumisj\u00e4lgedega,v\u00f5ivad olla kergelt m\u00e4\u00e4rdunud)","og_url":"https:\/\/www.outdoors.ee\/et\/toode\/briti-armee-vihmapuksid-heavyweight-waterproof-mvp-mtp\/","og_site_name":"Outdoors","article_modified_time":"2025-03-06T13:06:19+00:00","og_image":[{"width":1200,"height":1200,"url":"https:\/\/www.outdoors.ee\/wp-content\/uploads\/2021\/12\/0142-British-Army-Heavyweight-Waterproof-MVP-Trousers-MTP-1-7.jpg","type":"image\/jpeg"}],"twitter_card":"summary_large_image","twitter_title":"Briti Armee vihmap\u00fcksid Heavyweight Waterproof MVP MTP","twitter_misc":{"Est. reading time":"1 minut"},"schema":{"@context":"https:\/\/schema.org","@graph":[{"@type":"WebPage","@id":"https:\/\/www.outdoors.ee\/et\/toode\/briti-armee-vihmapuksid-heavyweight-waterproof-mvp-mtp\/","url":"https:\/\/www.outdoors.ee\/et\/toode\/briti-armee-vihmapuksid-heavyweight-waterproof-mvp-mtp\/","name":"Briti Armee vihmap\u00fcksid Heavyweight Waterproof MVP MTP - outdoors.ee","isPartOf":{"@id":"https:\/\/www.outdoors.ee\/#website"},"primaryImageOfPage":{"@id":"https:\/\/www.outdoors.ee\/et\/toode\/briti-armee-vihmapuksid-heavyweight-waterproof-mvp-mtp\/#primaryimage"},"image":{"@id":"https:\/\/www.outdoors.ee\/et\/toode\/briti-armee-vihmapuksid-heavyweight-waterproof-mvp-mtp\/#primaryimage"},"thumbnailUrl":"https:\/\/www.outdoors.ee\/wp-content\/uploads\/2021\/12\/0142-British-Army-Heavyweight-Waterproof-MVP-Trousers-MTP-1-7.jpg","datePublished":"2021-12-09T00:00:00+00:00","dateModified":"2025-03-06T13:06:19+00:00","description":"Originaalsed ja kaasaegsed Briti s\u00f5jav\u00e4e m\u00e4rja ilma \u00fclep\u00fcksid kaasaaegses MTP (Multi-Terrrain Pattern) laigus. Toodetud vetth\u00fclgavast ja hingavast MVP (Moisture Vapour Permeable) materjalist (Briti s\u00f5jav\u00e4e Gore-Tex ekvivalent), mis ei lase niiskusel v\u00e4ljast sisse tungida samal ajal v\u00f5imaldades higil aurustuda. Need p\u00fcksid on raskemad ja paksemad kui nende kergekaaluline (Lightweight) variant, olles samal ajal ikkagi \u00fcsna kerged. Sobivad h\u00e4sti k\u00f5ikv\u00f5imalikeks v\u00e4li\u00fcritusteks, kus vetth\u00fclgav pealiskiht on oluline. Omadused:\u00a0 takjakinnitusega eest suletavad pingutusn\u00f6\u00f6riga v\u00f6\u00f6koht takjakinnitusega k\u00fcljetaskuklapid, mis annavad ligip\u00e4\u00e4su allolevatele p\u00fckstele p\u00f5lve k\u00f5rguseni ulatuv t\u00f5mblukk p\u00fckste mugavaks pealet\u00f5mbamiseks saapa peale takjakinnitusega reguleeritav manseti laius Suurus rippmen\u00fc\u00fcs: s\u00e4\u00e4re sisepikkus \/ v\u00f6\u00f6\u00fcmberm\u00f5\u00f5t \/ istmiku \u00fcmberm\u00f5\u00f5t\u00a0 Seisukord: uued (v\u00f5ivad sisaldada hulgiladustamise j\u00e4lgi) uuev\u00e4\u00e4rsed (v\u00f5ivad sisaldada minimaalseid kulumisj\u00e4lgi) kasutatud, Grade 1 (heas korras, kergete kulumisj\u00e4lgedega,v\u00f5ivad olla kergelt m\u00e4\u00e4rdunud)","breadcrumb":{"@id":"https:\/\/www.outdoors.ee\/et\/toode\/briti-armee-vihmapuksid-heavyweight-waterproof-mvp-mtp\/#breadcrumb"},"inLanguage":"et","potentialAction":[{"@type":"ReadAction","target":["https:\/\/www.outdoors.ee\/et\/toode\/briti-armee-vihmapuksid-heavyweight-waterproof-mvp-mtp\/"]}]},{"@type":"ImageObject","inLanguage":"et","@id":"https:\/\/www.outdoors.ee\/et\/toode\/briti-armee-vihmapuksid-heavyweight-waterproof-mvp-mtp\/#primaryimage","url":"https:\/\/www.outdoors.ee\/wp-content\/uploads\/2021\/12\/0142-British-Army-Heavyweight-Waterproof-MVP-Trousers-MTP-1-7.jpg","contentUrl":"https:\/\/www.outdoors.ee\/wp-content\/uploads\/2021\/12\/0142-British-Army-Heavyweight-Waterproof-MVP-Trousers-MTP-1-7.jpg","width":1200,"height":1200},{"@type":"BreadcrumbList","@id":"https:\/\/www.outdoors.ee\/et\/toode\/briti-armee-vihmapuksid-heavyweight-waterproof-mvp-mtp\/#breadcrumb","itemListElement":[{"@type":"ListItem","position":1,"name":"Home","item":"https:\/\/www.outdoors.ee\/et\/"},{"@type":"ListItem","position":2,"name":"Tooted","item":"https:\/\/www.outdoors.ee\/products\/"},{"@type":"ListItem","position":3,"name":"Briti Armee vihmap\u00fcksid Heavyweight Waterproof MVP MTP"}]},{"@type":"WebSite","@id":"https:\/\/www.outdoors.ee\/#website","url":"https:\/\/www.outdoors.ee\/","name":"Outdoors","description":"Genuine military surplus and not only!","potentialAction":[{"@type":"SearchAction","target":{"@type":"EntryPoint","urlTemplate":"https:\/\/www.outdoors.ee\/?s={search_term_string}"},"query-input":{"@type":"PropertyValueSpecification","valueRequired":true,"valueName":"search_term_string"}}],"inLanguage":"et"}]}},"_links":{"self":[{"href":"https:\/\/www.outdoors.ee\/et\/wp-json\/wp\/v2\/product\/58367","targetHints":{"allow":["GET"]}}],"collection":[{"href":"https:\/\/www.outdoors.ee\/et\/wp-json\/wp\/v2\/product"}],"about":[{"href":"https:\/\/www.outdoors.ee\/et\/wp-json\/wp\/v2\/types\/product"}],"wp:featuredmedia":[{"embeddable":true,"href":"https:\/\/www.outdoors.ee\/et\/wp-json\/wp\/v2\/media\/66104"}],"wp:attachment":[{"href":"https:\/\/www.outdoors.ee\/et\/wp-json\/wp\/v2\/media?parent=58367"}],"wp:term":[{"taxonomy":"product_brand","embeddable":true,"href":"https:\/\/www.outdoors.ee\/et\/wp-json\/wp\/v2\/product_brand?post=58367"},{"taxonomy":"product_cat","embeddable":true,"href":"https:\/\/www.outdoors.ee\/et\/wp-json\/wp\/v2\/product_cat?post=58367"},{"taxonomy":"product_tag","embeddable":true,"href":"https:\/\/www.outdoors.ee\/et\/wp-json\/wp\/v2\/product_tag?post=58367"}],"curies":[{"name":"wp","href":"https:\/\/api.w.org\/{rel}","templated":true}]}}