{"id":58357,"date":"2021-12-09T00:00:00","date_gmt":"2021-12-09T00:00:00","guid":{"rendered":"https:\/\/www.outdoors.ee\/product\/briti-armee-nokamuts-cold-weather-mvp-mtp\/"},"modified":"2025-02-24T13:32:52","modified_gmt":"2025-02-24T11:32:52","slug":"briti-armee-nokkmuts-cold-weather-mvp-mtp","status":"publish","type":"product","link":"https:\/\/www.outdoors.ee\/et\/toode\/briti-armee-nokkmuts-cold-weather-mvp-mtp\/","title":{"rendered":"Briti Armee nokkm\u00fcts Cold Weather MVP MTP"},"content":{"rendered":"<p style=\"text-align: justify;\">Briti s\u00f5jav\u00e4e nokkm\u00fcts, mis on m\u00f5eldud kandmiseks k\u00fclma, tuulise ning niiske ilmastiku oludes. M\u00fcts on fliisvoodriga seest ning MVP (Moisture Vapour Permeable) niiskuskindlast ning hingavast materjalist (Gore-Tex\u00b4i ekvivalent) pealsega.<\/p>\n<p style=\"text-align: justify;\">NB! Kaks veidi erinevat mudelit, palun vaata pilte. Valikuv\u00f5imalus kahjuks puudub.<\/p>\n<p style=\"text-align: justify;\"><strong>Seisukord:\u00a0<\/strong><\/p>\n<ul>\n<li>uus (originaalpakendis v\u00f5i ilma, v\u00f5ib sisaldada hulgiladustamise j\u00e4lgi ning kirjasid sildil)<\/li>\n<li>uuev\u00e4\u00e4rne (sisaldab minimaalseid kulumisj\u00e4lgi)<\/li>\n<\/ul>\n","protected":false},"excerpt":{"rendered":"<p>Briti s\u00f5jav\u00e4e nokkm\u00fcts, mis on m\u00f5eldud kandmiseks k\u00fclma, tuulise ning niiske ilmastiku oludes. M\u00fcts on fliisvoodriga seest ning MVP (Moisture<\/p>\n","protected":false},"featured_media":9094,"template":"","meta":[],"product_brand":[],"product_cat":[128],"product_tag":[],"class_list":{"0":"post-58357","1":"product","2":"type-product","3":"status-publish","4":"has-post-thumbnail","6":"product_cat-peakatted","7":"pa_brand-british-military-surplus","8":"pa_condition-uuevaarne","9":"pa_condition-uus","10":"pa_size-l-2","11":"pa_size-m-2","12":"pa_size-s-2","14":"first","15":"instock","16":"taxable","17":"shipping-taxable","18":"purchasable","19":"product-type-variable"},"yoast_head":"<!-- This site is optimized with the Yoast SEO plugin v27.2 - https:\/\/yoast.com\/product\/yoast-seo-wordpress\/ -->\n<title>Briti Armee nokam\u00fcts Cold Weather MVP MTP - outdoors.ee<\/title>\n<meta name=\"description\" content=\"See originaalne Briti s\u00f5jav\u00e4e k\u00fclma ilma nokam\u00fcts on m\u00f5eldud kandmiseks k\u00fclma, tuulise ning niiske ilmastiku oludes. M\u00fcts on toodetud MVP (Moisture Vapour Permeable) niiskuskindlast ning hingavast materjalist (Briti s\u00f5jav\u00e4e Gore-Tex ekvivalent).\u00a0 NB! Kaks veidi erinevat mudelit, palun vaata pilte. Valikuv\u00f5imalus kahjuks puudub. Seisukord:\u00a0 uus (v\u00f5ib sisaldada kirjeid sildil) uuev\u00e4\u00e4rne (sisaldab minimaalseid kulumisj\u00e4lgi)\" \/>\n<meta name=\"robots\" content=\"index, follow, max-snippet:-1, max-image-preview:large, max-video-preview:-1\" \/>\n<link rel=\"canonical\" href=\"https:\/\/www.outdoors.ee\/et\/toode\/briti-armee-nokkmuts-cold-weather-mvp-mtp\/\" \/>\n<meta property=\"og:locale\" content=\"et_EE\" \/>\n<meta property=\"og:type\" content=\"article\" \/>\n<meta property=\"og:title\" content=\"Briti Armee nokam\u00fcts Cold Weather MVP MTP\" \/>\n<meta property=\"og:description\" content=\"See originaalne Briti s\u00f5jav\u00e4e k\u00fclma ilma nokam\u00fcts on m\u00f5eldud kandmiseks k\u00fclma, tuulise ning niiske ilmastiku oludes. M\u00fcts on toodetud MVP (Moisture Vapour Permeable) niiskuskindlast ning hingavast materjalist (Briti s\u00f5jav\u00e4e Gore-Tex ekvivalent).\u00a0 NB! Kaks veidi erinevat mudelit, palun vaata pilte. Valikuv\u00f5imalus kahjuks puudub. Seisukord:\u00a0 uus (v\u00f5ib sisaldada kirjeid sildil) uuev\u00e4\u00e4rne (sisaldab minimaalseid kulumisj\u00e4lgi)\" \/>\n<meta property=\"og:url\" content=\"https:\/\/www.outdoors.ee\/et\/toode\/briti-armee-nokkmuts-cold-weather-mvp-mtp\/\" \/>\n<meta property=\"og:site_name\" content=\"Outdoors\" \/>\n<meta property=\"article:modified_time\" content=\"2025-02-24T11:32:52+00:00\" \/>\n<meta property=\"og:image\" content=\"https:\/\/www.outdoors.ee\/wp-content\/uploads\/2021\/08\/0137-British-Army-MVP-Cold-Weather-Cap.jpg\" \/>\n\t<meta property=\"og:image:width\" content=\"570\" \/>\n\t<meta property=\"og:image:height\" content=\"518\" \/>\n\t<meta property=\"og:image:type\" content=\"image\/jpeg\" \/>\n<meta name=\"twitter:card\" content=\"summary_large_image\" \/>\n<meta name=\"twitter:title\" content=\"Briti Armee nokam\u00fcts Cold Weather MVP MTP\" \/>\n<meta name=\"twitter:label1\" content=\"Est. reading time\" \/>\n\t<meta name=\"twitter:data1\" content=\"1 minut\" \/>\n<script type=\"application\/ld+json\" class=\"yoast-schema-graph\">{\"@context\":\"https:\/\/schema.org\",\"@graph\":[{\"@type\":\"WebPage\",\"@id\":\"https:\/\/www.outdoors.ee\/et\/toode\/briti-armee-nokkmuts-cold-weather-mvp-mtp\/\",\"url\":\"https:\/\/www.outdoors.ee\/et\/toode\/briti-armee-nokkmuts-cold-weather-mvp-mtp\/\",\"name\":\"Briti Armee nokam\u00fcts Cold Weather MVP MTP - outdoors.ee\",\"isPartOf\":{\"@id\":\"https:\/\/www.outdoors.ee\/#website\"},\"primaryImageOfPage\":{\"@id\":\"https:\/\/www.outdoors.ee\/et\/toode\/briti-armee-nokkmuts-cold-weather-mvp-mtp\/#primaryimage\"},\"image\":{\"@id\":\"https:\/\/www.outdoors.ee\/et\/toode\/briti-armee-nokkmuts-cold-weather-mvp-mtp\/#primaryimage\"},\"thumbnailUrl\":\"https:\/\/www.outdoors.ee\/wp-content\/uploads\/2021\/08\/0137-British-Army-MVP-Cold-Weather-Cap.jpg\",\"datePublished\":\"2021-12-09T00:00:00+00:00\",\"dateModified\":\"2025-02-24T11:32:52+00:00\",\"description\":\"See originaalne Briti s\u00f5jav\u00e4e k\u00fclma ilma nokam\u00fcts on m\u00f5eldud kandmiseks k\u00fclma, tuulise ning niiske ilmastiku oludes. M\u00fcts on toodetud MVP (Moisture Vapour Permeable) niiskuskindlast ning hingavast materjalist (Briti s\u00f5jav\u00e4e Gore-Tex ekvivalent).\u00a0 NB! Kaks veidi erinevat mudelit, palun vaata pilte. Valikuv\u00f5imalus kahjuks puudub. Seisukord:\u00a0 uus (v\u00f5ib sisaldada kirjeid sildil) uuev\u00e4\u00e4rne (sisaldab minimaalseid kulumisj\u00e4lgi)\",\"breadcrumb\":{\"@id\":\"https:\/\/www.outdoors.ee\/et\/toode\/briti-armee-nokkmuts-cold-weather-mvp-mtp\/#breadcrumb\"},\"inLanguage\":\"et\",\"potentialAction\":[{\"@type\":\"ReadAction\",\"target\":[\"https:\/\/www.outdoors.ee\/et\/toode\/briti-armee-nokkmuts-cold-weather-mvp-mtp\/\"]}]},{\"@type\":\"ImageObject\",\"inLanguage\":\"et\",\"@id\":\"https:\/\/www.outdoors.ee\/et\/toode\/briti-armee-nokkmuts-cold-weather-mvp-mtp\/#primaryimage\",\"url\":\"https:\/\/www.outdoors.ee\/wp-content\/uploads\/2021\/08\/0137-British-Army-MVP-Cold-Weather-Cap.jpg\",\"contentUrl\":\"https:\/\/www.outdoors.ee\/wp-content\/uploads\/2021\/08\/0137-British-Army-MVP-Cold-Weather-Cap.jpg\",\"width\":570,\"height\":518},{\"@type\":\"BreadcrumbList\",\"@id\":\"https:\/\/www.outdoors.ee\/et\/toode\/briti-armee-nokkmuts-cold-weather-mvp-mtp\/#breadcrumb\",\"itemListElement\":[{\"@type\":\"ListItem\",\"position\":1,\"name\":\"Home\",\"item\":\"https:\/\/www.outdoors.ee\/et\/\"},{\"@type\":\"ListItem\",\"position\":2,\"name\":\"Tooted\",\"item\":\"https:\/\/www.outdoors.ee\/products\/\"},{\"@type\":\"ListItem\",\"position\":3,\"name\":\"Briti Armee nokkm\u00fcts Cold Weather MVP MTP\"}]},{\"@type\":\"WebSite\",\"@id\":\"https:\/\/www.outdoors.ee\/#website\",\"url\":\"https:\/\/www.outdoors.ee\/\",\"name\":\"Outdoors\",\"description\":\"Genuine military surplus and not only!\",\"potentialAction\":[{\"@type\":\"SearchAction\",\"target\":{\"@type\":\"EntryPoint\",\"urlTemplate\":\"https:\/\/www.outdoors.ee\/?s={search_term_string}\"},\"query-input\":{\"@type\":\"PropertyValueSpecification\",\"valueRequired\":true,\"valueName\":\"search_term_string\"}}],\"inLanguage\":\"et\"}]}<\/script>\n<!-- \/ Yoast SEO plugin. -->","yoast_head_json":{"title":"Briti Armee nokam\u00fcts Cold Weather MVP MTP - outdoors.ee","description":"See originaalne Briti s\u00f5jav\u00e4e k\u00fclma ilma nokam\u00fcts on m\u00f5eldud kandmiseks k\u00fclma, tuulise ning niiske ilmastiku oludes. M\u00fcts on toodetud MVP (Moisture Vapour Permeable) niiskuskindlast ning hingavast materjalist (Briti s\u00f5jav\u00e4e Gore-Tex ekvivalent).\u00a0 NB! Kaks veidi erinevat mudelit, palun vaata pilte. Valikuv\u00f5imalus kahjuks puudub. Seisukord:\u00a0 uus (v\u00f5ib sisaldada kirjeid sildil) uuev\u00e4\u00e4rne (sisaldab minimaalseid kulumisj\u00e4lgi)","robots":{"index":"index","follow":"follow","max-snippet":"max-snippet:-1","max-image-preview":"max-image-preview:large","max-video-preview":"max-video-preview:-1"},"canonical":"https:\/\/www.outdoors.ee\/et\/toode\/briti-armee-nokkmuts-cold-weather-mvp-mtp\/","og_locale":"et_EE","og_type":"article","og_title":"Briti Armee nokam\u00fcts Cold Weather MVP MTP","og_description":"See originaalne Briti s\u00f5jav\u00e4e k\u00fclma ilma nokam\u00fcts on m\u00f5eldud kandmiseks k\u00fclma, tuulise ning niiske ilmastiku oludes. M\u00fcts on toodetud MVP (Moisture Vapour Permeable) niiskuskindlast ning hingavast materjalist (Briti s\u00f5jav\u00e4e Gore-Tex ekvivalent).\u00a0 NB! Kaks veidi erinevat mudelit, palun vaata pilte. Valikuv\u00f5imalus kahjuks puudub. Seisukord:\u00a0 uus (v\u00f5ib sisaldada kirjeid sildil) uuev\u00e4\u00e4rne (sisaldab minimaalseid kulumisj\u00e4lgi)","og_url":"https:\/\/www.outdoors.ee\/et\/toode\/briti-armee-nokkmuts-cold-weather-mvp-mtp\/","og_site_name":"Outdoors","article_modified_time":"2025-02-24T11:32:52+00:00","og_image":[{"width":570,"height":518,"url":"https:\/\/www.outdoors.ee\/wp-content\/uploads\/2021\/08\/0137-British-Army-MVP-Cold-Weather-Cap.jpg","type":"image\/jpeg"}],"twitter_card":"summary_large_image","twitter_title":"Briti Armee nokam\u00fcts Cold Weather MVP MTP","twitter_misc":{"Est. reading time":"1 minut"},"schema":{"@context":"https:\/\/schema.org","@graph":[{"@type":"WebPage","@id":"https:\/\/www.outdoors.ee\/et\/toode\/briti-armee-nokkmuts-cold-weather-mvp-mtp\/","url":"https:\/\/www.outdoors.ee\/et\/toode\/briti-armee-nokkmuts-cold-weather-mvp-mtp\/","name":"Briti Armee nokam\u00fcts Cold Weather MVP MTP - outdoors.ee","isPartOf":{"@id":"https:\/\/www.outdoors.ee\/#website"},"primaryImageOfPage":{"@id":"https:\/\/www.outdoors.ee\/et\/toode\/briti-armee-nokkmuts-cold-weather-mvp-mtp\/#primaryimage"},"image":{"@id":"https:\/\/www.outdoors.ee\/et\/toode\/briti-armee-nokkmuts-cold-weather-mvp-mtp\/#primaryimage"},"thumbnailUrl":"https:\/\/www.outdoors.ee\/wp-content\/uploads\/2021\/08\/0137-British-Army-MVP-Cold-Weather-Cap.jpg","datePublished":"2021-12-09T00:00:00+00:00","dateModified":"2025-02-24T11:32:52+00:00","description":"See originaalne Briti s\u00f5jav\u00e4e k\u00fclma ilma nokam\u00fcts on m\u00f5eldud kandmiseks k\u00fclma, tuulise ning niiske ilmastiku oludes. M\u00fcts on toodetud MVP (Moisture Vapour Permeable) niiskuskindlast ning hingavast materjalist (Briti s\u00f5jav\u00e4e Gore-Tex ekvivalent).\u00a0 NB! Kaks veidi erinevat mudelit, palun vaata pilte. Valikuv\u00f5imalus kahjuks puudub. Seisukord:\u00a0 uus (v\u00f5ib sisaldada kirjeid sildil) uuev\u00e4\u00e4rne (sisaldab minimaalseid kulumisj\u00e4lgi)","breadcrumb":{"@id":"https:\/\/www.outdoors.ee\/et\/toode\/briti-armee-nokkmuts-cold-weather-mvp-mtp\/#breadcrumb"},"inLanguage":"et","potentialAction":[{"@type":"ReadAction","target":["https:\/\/www.outdoors.ee\/et\/toode\/briti-armee-nokkmuts-cold-weather-mvp-mtp\/"]}]},{"@type":"ImageObject","inLanguage":"et","@id":"https:\/\/www.outdoors.ee\/et\/toode\/briti-armee-nokkmuts-cold-weather-mvp-mtp\/#primaryimage","url":"https:\/\/www.outdoors.ee\/wp-content\/uploads\/2021\/08\/0137-British-Army-MVP-Cold-Weather-Cap.jpg","contentUrl":"https:\/\/www.outdoors.ee\/wp-content\/uploads\/2021\/08\/0137-British-Army-MVP-Cold-Weather-Cap.jpg","width":570,"height":518},{"@type":"BreadcrumbList","@id":"https:\/\/www.outdoors.ee\/et\/toode\/briti-armee-nokkmuts-cold-weather-mvp-mtp\/#breadcrumb","itemListElement":[{"@type":"ListItem","position":1,"name":"Home","item":"https:\/\/www.outdoors.ee\/et\/"},{"@type":"ListItem","position":2,"name":"Tooted","item":"https:\/\/www.outdoors.ee\/products\/"},{"@type":"ListItem","position":3,"name":"Briti Armee nokkm\u00fcts Cold Weather MVP MTP"}]},{"@type":"WebSite","@id":"https:\/\/www.outdoors.ee\/#website","url":"https:\/\/www.outdoors.ee\/","name":"Outdoors","description":"Genuine military surplus and not only!","potentialAction":[{"@type":"SearchAction","target":{"@type":"EntryPoint","urlTemplate":"https:\/\/www.outdoors.ee\/?s={search_term_string}"},"query-input":{"@type":"PropertyValueSpecification","valueRequired":true,"valueName":"search_term_string"}}],"inLanguage":"et"}]}},"_links":{"self":[{"href":"https:\/\/www.outdoors.ee\/et\/wp-json\/wp\/v2\/product\/58357","targetHints":{"allow":["GET"]}}],"collection":[{"href":"https:\/\/www.outdoors.ee\/et\/wp-json\/wp\/v2\/product"}],"about":[{"href":"https:\/\/www.outdoors.ee\/et\/wp-json\/wp\/v2\/types\/product"}],"wp:featuredmedia":[{"embeddable":true,"href":"https:\/\/www.outdoors.ee\/et\/wp-json\/wp\/v2\/media\/9094"}],"wp:attachment":[{"href":"https:\/\/www.outdoors.ee\/et\/wp-json\/wp\/v2\/media?parent=58357"}],"wp:term":[{"taxonomy":"product_brand","embeddable":true,"href":"https:\/\/www.outdoors.ee\/et\/wp-json\/wp\/v2\/product_brand?post=58357"},{"taxonomy":"product_cat","embeddable":true,"href":"https:\/\/www.outdoors.ee\/et\/wp-json\/wp\/v2\/product_cat?post=58357"},{"taxonomy":"product_tag","embeddable":true,"href":"https:\/\/www.outdoors.ee\/et\/wp-json\/wp\/v2\/product_tag?post=58357"}],"curies":[{"name":"wp","href":"https:\/\/api.w.org\/{rel}","templated":true}]}}