{"id":58337,"date":"2021-12-09T00:00:00","date_gmt":"2021-12-08T22:00:00","guid":{"rendered":"https:\/\/www.outdoors.ee\/product\/briti-armee-virtus-rider-3l-joogi-seljakott-mtp\/"},"modified":"2026-03-24T14:31:47","modified_gmt":"2026-03-24T12:31:47","slug":"briti-armee-virtus-rider-3l-joogikott-mtp","status":"publish","type":"product","link":"https:\/\/www.outdoors.ee\/et\/toode\/briti-armee-virtus-rider-3l-joogikott-mtp\/","title":{"rendered":"Briti Armee Virtus Rider 3L joogikott MTP"},"content":{"rendered":"<p>Rider sai Briti relvaj\u00f5udude poolt kasutusele v\u00f5etud 2015.aastal \u00fche SOURCE Virtus Soldier System komponendina.<\/p>\n<p><strong>Omadused<\/strong>:<\/p>\n<ul>\n<li>Briti s\u00f5jav\u00e4e originaal, madala profiiliga joogikott<\/li>\n<li>kantav seljakotina, kinnitatav vesti k\u00fclge v\u00f5i h\u00f5lpsasti paigutatav seljakotti<\/li>\n<li>vastupidav 500D Cordura\u00ae v\u00e4lismaterjal MTP laigus<\/li>\n<li>veekott: Source 3L WLPS low profile hydration bladder<\/li>\n<li>joogiklapp:\u00a0Storm Push-Pull Drinking Valve with insulated tube<\/li>\n<li>Kandesang \u00fcleval<\/li>\n<li>2 reguleeritava pikkusega \u00f5larihma, mida saab vajadusel paigutada vastavasse taskusse<\/li>\n<li>reguleeritava k\u00f5rgusega rinnarihm<\/li>\n<li>avar, mugav liigp\u00e4\u00e4s veekotile, takjapaela ning trukki abil suletava klapi kaudu<\/li>\n<li>3 rida MOLLE paneele<\/li>\n<li>kondensatsiooni \u00e4ravoolu ava p\u00f5hjas<\/li>\n<li>M\u00f5\u00f5tmed ca 36 \u00d7 7 \u00d7 25 cm<\/li>\n<li>Kaal ca 0,86kg<\/li>\n<li>Kiri sildil: Rider 3L Hydration Pack<\/li>\n<\/ul>\n<p><strong>Seisukord:<\/strong><\/p>\n<ul>\n<li>uus (ilma j\u00e4em\u00fc\u00fcgipakendita, v\u00f5ib sisaldada hulgiladustamise j\u00e4lgi)<\/li>\n<li>uuev\u00e4\u00e4rne (sisaldab minimaalseid kulumisj\u00e4lgi)<\/li>\n<li>uuev\u00e4\u00e4rne, ilma veekotita (sisaldab minimaalseid kulumisj\u00e4lgi, veekott puudub)<\/li>\n<li>kasutatud, Grade 1 (sisaldab m\u00f5\u00f5dukaid kulumisj\u00e4lgi, v\u00f5ib olla kergelt m\u00e4\u00e4rdunud)<\/li>\n<\/ul>\n","protected":false},"excerpt":{"rendered":"<p>Briti Armee Virtus Rider 3L joogikott, MTP<\/p>\n","protected":false},"featured_media":27527,"template":"","meta":[],"product_brand":[],"product_cat":[149],"product_tag":[],"class_list":{"0":"post-58337","1":"product","2":"type-product","3":"status-publish","4":"has-post-thumbnail","6":"product_cat-taktikaline-varustus","7":"pa_brand-british-military-surplus","8":"pa_brand-source-2","9":"pa_condition-kasutatud-grade-1","10":"pa_condition-uuevaarne","11":"pa_condition-uuevaarne-ilma-veekotita","12":"pa_condition-uus","14":"first","15":"instock","16":"taxable","17":"shipping-taxable","18":"purchasable","19":"product-type-variable"},"yoast_head":"<!-- This site is optimized with the Yoast SEO plugin v27.2 - https:\/\/yoast.com\/product\/yoast-seo-wordpress\/ -->\n<title>Briti Armee Virtus Rider 3L joogikott MTP - Outdoors<\/title>\n<meta name=\"robots\" content=\"index, follow, max-snippet:-1, max-image-preview:large, max-video-preview:-1\" \/>\n<link rel=\"canonical\" href=\"https:\/\/www.outdoors.ee\/et\/toode\/briti-armee-virtus-rider-3l-joogikott-mtp\/\" \/>\n<meta property=\"og:locale\" content=\"et_EE\" \/>\n<meta property=\"og:type\" content=\"article\" \/>\n<meta property=\"og:title\" content=\"Briti Armee Virtus Rider 3L joogi-seljakott MTP\" \/>\n<meta property=\"og:description\" content=\"Briti Armee Virtus Rider 3L joogikott, MTP\" \/>\n<meta property=\"og:url\" content=\"https:\/\/www.outdoors.ee\/et\/toode\/briti-armee-virtus-rider-3l-joogikott-mtp\/\" \/>\n<meta property=\"og:site_name\" content=\"Outdoors\" \/>\n<meta property=\"article:modified_time\" content=\"2026-03-24T12:31:47+00:00\" \/>\n<meta property=\"og:image\" content=\"https:\/\/www.outdoors.ee\/wp-content\/uploads\/2021\/12\/0133-British-Army-Virtus-Rider-3L-Hydration-Pack-MTP-1.jpg\" \/>\n\t<meta property=\"og:image:width\" content=\"749\" \/>\n\t<meta property=\"og:image:height\" content=\"763\" \/>\n\t<meta property=\"og:image:type\" content=\"image\/jpeg\" \/>\n<meta name=\"twitter:card\" content=\"summary_large_image\" \/>\n<meta name=\"twitter:label1\" content=\"Est. reading time\" \/>\n\t<meta name=\"twitter:data1\" content=\"1 minut\" \/>\n<script type=\"application\/ld+json\" class=\"yoast-schema-graph\">{\"@context\":\"https:\/\/schema.org\",\"@graph\":[{\"@type\":\"WebPage\",\"@id\":\"https:\/\/www.outdoors.ee\/et\/toode\/briti-armee-virtus-rider-3l-joogikott-mtp\/\",\"url\":\"https:\/\/www.outdoors.ee\/et\/toode\/briti-armee-virtus-rider-3l-joogikott-mtp\/\",\"name\":\"Briti Armee Virtus Rider 3L joogikott MTP - Outdoors\",\"isPartOf\":{\"@id\":\"https:\/\/www.outdoors.ee\/#website\"},\"primaryImageOfPage\":{\"@id\":\"https:\/\/www.outdoors.ee\/et\/toode\/briti-armee-virtus-rider-3l-joogikott-mtp\/#primaryimage\"},\"image\":{\"@id\":\"https:\/\/www.outdoors.ee\/et\/toode\/briti-armee-virtus-rider-3l-joogikott-mtp\/#primaryimage\"},\"thumbnailUrl\":\"https:\/\/www.outdoors.ee\/wp-content\/uploads\/2021\/12\/0133-British-Army-Virtus-Rider-3L-Hydration-Pack-MTP-1.jpg\",\"datePublished\":\"2021-12-08T22:00:00+00:00\",\"dateModified\":\"2026-03-24T12:31:47+00:00\",\"breadcrumb\":{\"@id\":\"https:\/\/www.outdoors.ee\/et\/toode\/briti-armee-virtus-rider-3l-joogikott-mtp\/#breadcrumb\"},\"inLanguage\":\"et\",\"potentialAction\":[{\"@type\":\"ReadAction\",\"target\":[\"https:\/\/www.outdoors.ee\/et\/toode\/briti-armee-virtus-rider-3l-joogikott-mtp\/\"]}]},{\"@type\":\"ImageObject\",\"inLanguage\":\"et\",\"@id\":\"https:\/\/www.outdoors.ee\/et\/toode\/briti-armee-virtus-rider-3l-joogikott-mtp\/#primaryimage\",\"url\":\"https:\/\/www.outdoors.ee\/wp-content\/uploads\/2021\/12\/0133-British-Army-Virtus-Rider-3L-Hydration-Pack-MTP-1.jpg\",\"contentUrl\":\"https:\/\/www.outdoors.ee\/wp-content\/uploads\/2021\/12\/0133-British-Army-Virtus-Rider-3L-Hydration-Pack-MTP-1.jpg\",\"width\":749,\"height\":763},{\"@type\":\"BreadcrumbList\",\"@id\":\"https:\/\/www.outdoors.ee\/et\/toode\/briti-armee-virtus-rider-3l-joogikott-mtp\/#breadcrumb\",\"itemListElement\":[{\"@type\":\"ListItem\",\"position\":1,\"name\":\"Home\",\"item\":\"https:\/\/www.outdoors.ee\/et\/\"},{\"@type\":\"ListItem\",\"position\":2,\"name\":\"Tooted\",\"item\":\"https:\/\/www.outdoors.ee\/products\/\"},{\"@type\":\"ListItem\",\"position\":3,\"name\":\"Briti Armee Virtus Rider 3L joogikott MTP\"}]},{\"@type\":\"WebSite\",\"@id\":\"https:\/\/www.outdoors.ee\/#website\",\"url\":\"https:\/\/www.outdoors.ee\/\",\"name\":\"Outdoors\",\"description\":\"Genuine military surplus and not only!\",\"potentialAction\":[{\"@type\":\"SearchAction\",\"target\":{\"@type\":\"EntryPoint\",\"urlTemplate\":\"https:\/\/www.outdoors.ee\/?s={search_term_string}\"},\"query-input\":{\"@type\":\"PropertyValueSpecification\",\"valueRequired\":true,\"valueName\":\"search_term_string\"}}],\"inLanguage\":\"et\"}]}<\/script>\n<!-- \/ Yoast SEO plugin. -->","yoast_head_json":{"title":"Briti Armee Virtus Rider 3L joogikott MTP - Outdoors","robots":{"index":"index","follow":"follow","max-snippet":"max-snippet:-1","max-image-preview":"max-image-preview:large","max-video-preview":"max-video-preview:-1"},"canonical":"https:\/\/www.outdoors.ee\/et\/toode\/briti-armee-virtus-rider-3l-joogikott-mtp\/","og_locale":"et_EE","og_type":"article","og_title":"Briti Armee Virtus Rider 3L joogi-seljakott MTP","og_description":"Briti Armee Virtus Rider 3L joogikott, MTP","og_url":"https:\/\/www.outdoors.ee\/et\/toode\/briti-armee-virtus-rider-3l-joogikott-mtp\/","og_site_name":"Outdoors","article_modified_time":"2026-03-24T12:31:47+00:00","og_image":[{"width":749,"height":763,"url":"https:\/\/www.outdoors.ee\/wp-content\/uploads\/2021\/12\/0133-British-Army-Virtus-Rider-3L-Hydration-Pack-MTP-1.jpg","type":"image\/jpeg"}],"twitter_card":"summary_large_image","twitter_misc":{"Est. reading time":"1 minut"},"schema":{"@context":"https:\/\/schema.org","@graph":[{"@type":"WebPage","@id":"https:\/\/www.outdoors.ee\/et\/toode\/briti-armee-virtus-rider-3l-joogikott-mtp\/","url":"https:\/\/www.outdoors.ee\/et\/toode\/briti-armee-virtus-rider-3l-joogikott-mtp\/","name":"Briti Armee Virtus Rider 3L joogikott MTP - Outdoors","isPartOf":{"@id":"https:\/\/www.outdoors.ee\/#website"},"primaryImageOfPage":{"@id":"https:\/\/www.outdoors.ee\/et\/toode\/briti-armee-virtus-rider-3l-joogikott-mtp\/#primaryimage"},"image":{"@id":"https:\/\/www.outdoors.ee\/et\/toode\/briti-armee-virtus-rider-3l-joogikott-mtp\/#primaryimage"},"thumbnailUrl":"https:\/\/www.outdoors.ee\/wp-content\/uploads\/2021\/12\/0133-British-Army-Virtus-Rider-3L-Hydration-Pack-MTP-1.jpg","datePublished":"2021-12-08T22:00:00+00:00","dateModified":"2026-03-24T12:31:47+00:00","breadcrumb":{"@id":"https:\/\/www.outdoors.ee\/et\/toode\/briti-armee-virtus-rider-3l-joogikott-mtp\/#breadcrumb"},"inLanguage":"et","potentialAction":[{"@type":"ReadAction","target":["https:\/\/www.outdoors.ee\/et\/toode\/briti-armee-virtus-rider-3l-joogikott-mtp\/"]}]},{"@type":"ImageObject","inLanguage":"et","@id":"https:\/\/www.outdoors.ee\/et\/toode\/briti-armee-virtus-rider-3l-joogikott-mtp\/#primaryimage","url":"https:\/\/www.outdoors.ee\/wp-content\/uploads\/2021\/12\/0133-British-Army-Virtus-Rider-3L-Hydration-Pack-MTP-1.jpg","contentUrl":"https:\/\/www.outdoors.ee\/wp-content\/uploads\/2021\/12\/0133-British-Army-Virtus-Rider-3L-Hydration-Pack-MTP-1.jpg","width":749,"height":763},{"@type":"BreadcrumbList","@id":"https:\/\/www.outdoors.ee\/et\/toode\/briti-armee-virtus-rider-3l-joogikott-mtp\/#breadcrumb","itemListElement":[{"@type":"ListItem","position":1,"name":"Home","item":"https:\/\/www.outdoors.ee\/et\/"},{"@type":"ListItem","position":2,"name":"Tooted","item":"https:\/\/www.outdoors.ee\/products\/"},{"@type":"ListItem","position":3,"name":"Briti Armee Virtus Rider 3L joogikott MTP"}]},{"@type":"WebSite","@id":"https:\/\/www.outdoors.ee\/#website","url":"https:\/\/www.outdoors.ee\/","name":"Outdoors","description":"Genuine military surplus and not only!","potentialAction":[{"@type":"SearchAction","target":{"@type":"EntryPoint","urlTemplate":"https:\/\/www.outdoors.ee\/?s={search_term_string}"},"query-input":{"@type":"PropertyValueSpecification","valueRequired":true,"valueName":"search_term_string"}}],"inLanguage":"et"}]}},"_links":{"self":[{"href":"https:\/\/www.outdoors.ee\/et\/wp-json\/wp\/v2\/product\/58337","targetHints":{"allow":["GET"]}}],"collection":[{"href":"https:\/\/www.outdoors.ee\/et\/wp-json\/wp\/v2\/product"}],"about":[{"href":"https:\/\/www.outdoors.ee\/et\/wp-json\/wp\/v2\/types\/product"}],"wp:featuredmedia":[{"embeddable":true,"href":"https:\/\/www.outdoors.ee\/et\/wp-json\/wp\/v2\/media\/27527"}],"wp:attachment":[{"href":"https:\/\/www.outdoors.ee\/et\/wp-json\/wp\/v2\/media?parent=58337"}],"wp:term":[{"taxonomy":"product_brand","embeddable":true,"href":"https:\/\/www.outdoors.ee\/et\/wp-json\/wp\/v2\/product_brand?post=58337"},{"taxonomy":"product_cat","embeddable":true,"href":"https:\/\/www.outdoors.ee\/et\/wp-json\/wp\/v2\/product_cat?post=58337"},{"taxonomy":"product_tag","embeddable":true,"href":"https:\/\/www.outdoors.ee\/et\/wp-json\/wp\/v2\/product_tag?post=58337"}],"curies":[{"name":"wp","href":"https:\/\/api.w.org\/{rel}","templated":true}]}}