{"id":58334,"date":"2021-12-09T00:00:00","date_gmt":"2021-12-09T00:00:00","guid":{"rendered":"https:\/\/www.outdoors.ee\/product\/british-army-webbing-yoke-mtp\/"},"modified":"2024-08-06T14:35:16","modified_gmt":"2024-08-06T11:35:16","slug":"british-army-webbing-yoke-mtp","status":"publish","type":"product","link":"https:\/\/www.outdoors.ee\/et\/toode\/british-army-webbing-yoke-mtp\/","title":{"rendered":"Briti Armee Webbing Yoke MTP"},"content":{"rendered":"<p>Side-Pouch Yoke v\u00f5imaldab PLCE seljakoti k\u00fcljetaskute \u00fchendamist v\u00e4iksemaks seljakotiks.<\/p>\n<p>Main Yoke kinnitub PLCE v\u00f6\u00f6rihma D-aasade k\u00fclge ning annab v\u00f5imaluse rakmete moodustamiseks.<\/p>\n<p><strong>Seisukord<\/strong>: uus v\u00f5i uuev\u00e4\u00e4rne minimaalsete kulumisj\u00e4lgedega. K\u00fcljetasku (Side Pouch) yoke on ilma lisarihmadeta, mis on n\u00e4idatud pildil nr.2<\/p>\n","protected":false},"excerpt":{"rendered":"<p>Briti Armee Webbing Yoke, MTP<\/p>\n","protected":false},"featured_media":17836,"template":"","meta":[],"product_brand":[],"product_cat":[3541],"product_tag":[],"class_list":{"0":"post-58334","1":"product","2":"type-product","3":"status-publish","4":"has-post-thumbnail","6":"product_cat-kotid-taskud","7":"pa_brand-british-military-surplus","8":"pa_option-main-2","9":"pa_option-side-pouch-2","11":"first","12":"outofstock","13":"taxable","14":"shipping-taxable","15":"purchasable","16":"product-type-variable"},"yoast_head":"<!-- This site is optimized with the Yoast SEO plugin v27.2 - https:\/\/yoast.com\/product\/yoast-seo-wordpress\/ -->\n<title>British Army Webbing Yoke MTP - outdoors.ee<\/title>\n<meta name=\"robots\" content=\"index, follow, max-snippet:-1, max-image-preview:large, max-video-preview:-1\" \/>\n<link rel=\"canonical\" href=\"https:\/\/www.outdoors.ee\/et\/toode\/british-army-webbing-yoke-mtp\/\" \/>\n<meta property=\"og:locale\" content=\"et_EE\" \/>\n<meta property=\"og:type\" content=\"article\" \/>\n<meta property=\"og:title\" content=\"British Army Webbing Yoke MTP\" \/>\n<meta property=\"og:description\" content=\"Briti Armee Webbing Yoke, MTP\" \/>\n<meta property=\"og:url\" content=\"https:\/\/www.outdoors.ee\/et\/toode\/british-army-webbing-yoke-mtp\/\" \/>\n<meta property=\"og:site_name\" content=\"Outdoors\" \/>\n<meta property=\"article:modified_time\" content=\"2024-08-06T11:35:16+00:00\" \/>\n<meta property=\"og:image\" content=\"https:\/\/www.outdoors.ee\/wp-content\/uploads\/2021\/09\/0132-1-British-Yoke-MTP.jpg\" \/>\n\t<meta property=\"og:image:width\" content=\"341\" \/>\n\t<meta property=\"og:image:height\" content=\"350\" \/>\n\t<meta property=\"og:image:type\" content=\"image\/jpeg\" \/>\n<meta name=\"twitter:card\" content=\"summary_large_image\" \/>\n<meta name=\"twitter:title\" content=\"British Army Webbing Yoke MTP\" \/>\n<meta name=\"twitter:label1\" content=\"Est. reading time\" \/>\n\t<meta name=\"twitter:data1\" content=\"1 minut\" \/>\n<script type=\"application\/ld+json\" class=\"yoast-schema-graph\">{\"@context\":\"https:\/\/schema.org\",\"@graph\":[{\"@type\":\"WebPage\",\"@id\":\"https:\/\/www.outdoors.ee\/et\/toode\/british-army-webbing-yoke-mtp\/\",\"url\":\"https:\/\/www.outdoors.ee\/et\/toode\/british-army-webbing-yoke-mtp\/\",\"name\":\"British Army Webbing Yoke MTP - outdoors.ee\",\"isPartOf\":{\"@id\":\"https:\/\/www.outdoors.ee\/#website\"},\"primaryImageOfPage\":{\"@id\":\"https:\/\/www.outdoors.ee\/et\/toode\/british-army-webbing-yoke-mtp\/#primaryimage\"},\"image\":{\"@id\":\"https:\/\/www.outdoors.ee\/et\/toode\/british-army-webbing-yoke-mtp\/#primaryimage\"},\"thumbnailUrl\":\"https:\/\/www.outdoors.ee\/wp-content\/uploads\/2021\/09\/0132-1-British-Yoke-MTP.jpg\",\"datePublished\":\"2021-12-09T00:00:00+00:00\",\"dateModified\":\"2024-08-06T11:35:16+00:00\",\"breadcrumb\":{\"@id\":\"https:\/\/www.outdoors.ee\/et\/toode\/british-army-webbing-yoke-mtp\/#breadcrumb\"},\"inLanguage\":\"et\",\"potentialAction\":[{\"@type\":\"ReadAction\",\"target\":[\"https:\/\/www.outdoors.ee\/et\/toode\/british-army-webbing-yoke-mtp\/\"]}]},{\"@type\":\"ImageObject\",\"inLanguage\":\"et\",\"@id\":\"https:\/\/www.outdoors.ee\/et\/toode\/british-army-webbing-yoke-mtp\/#primaryimage\",\"url\":\"https:\/\/www.outdoors.ee\/wp-content\/uploads\/2021\/09\/0132-1-British-Yoke-MTP.jpg\",\"contentUrl\":\"https:\/\/www.outdoors.ee\/wp-content\/uploads\/2021\/09\/0132-1-British-Yoke-MTP.jpg\",\"width\":341,\"height\":350},{\"@type\":\"BreadcrumbList\",\"@id\":\"https:\/\/www.outdoors.ee\/et\/toode\/british-army-webbing-yoke-mtp\/#breadcrumb\",\"itemListElement\":[{\"@type\":\"ListItem\",\"position\":1,\"name\":\"Home\",\"item\":\"https:\/\/www.outdoors.ee\/et\/\"},{\"@type\":\"ListItem\",\"position\":2,\"name\":\"Tooted\",\"item\":\"https:\/\/www.outdoors.ee\/products\/\"},{\"@type\":\"ListItem\",\"position\":3,\"name\":\"Briti Armee Webbing Yoke MTP\"}]},{\"@type\":\"WebSite\",\"@id\":\"https:\/\/www.outdoors.ee\/#website\",\"url\":\"https:\/\/www.outdoors.ee\/\",\"name\":\"Outdoors\",\"description\":\"Genuine military surplus and not only!\",\"potentialAction\":[{\"@type\":\"SearchAction\",\"target\":{\"@type\":\"EntryPoint\",\"urlTemplate\":\"https:\/\/www.outdoors.ee\/?s={search_term_string}\"},\"query-input\":{\"@type\":\"PropertyValueSpecification\",\"valueRequired\":true,\"valueName\":\"search_term_string\"}}],\"inLanguage\":\"et\"}]}<\/script>\n<!-- \/ Yoast SEO plugin. -->","yoast_head_json":{"title":"British Army Webbing Yoke MTP - outdoors.ee","robots":{"index":"index","follow":"follow","max-snippet":"max-snippet:-1","max-image-preview":"max-image-preview:large","max-video-preview":"max-video-preview:-1"},"canonical":"https:\/\/www.outdoors.ee\/et\/toode\/british-army-webbing-yoke-mtp\/","og_locale":"et_EE","og_type":"article","og_title":"British Army Webbing Yoke MTP","og_description":"Briti Armee Webbing Yoke, MTP","og_url":"https:\/\/www.outdoors.ee\/et\/toode\/british-army-webbing-yoke-mtp\/","og_site_name":"Outdoors","article_modified_time":"2024-08-06T11:35:16+00:00","og_image":[{"width":341,"height":350,"url":"https:\/\/www.outdoors.ee\/wp-content\/uploads\/2021\/09\/0132-1-British-Yoke-MTP.jpg","type":"image\/jpeg"}],"twitter_card":"summary_large_image","twitter_title":"British Army Webbing Yoke MTP","twitter_misc":{"Est. reading time":"1 minut"},"schema":{"@context":"https:\/\/schema.org","@graph":[{"@type":"WebPage","@id":"https:\/\/www.outdoors.ee\/et\/toode\/british-army-webbing-yoke-mtp\/","url":"https:\/\/www.outdoors.ee\/et\/toode\/british-army-webbing-yoke-mtp\/","name":"British Army Webbing Yoke MTP - outdoors.ee","isPartOf":{"@id":"https:\/\/www.outdoors.ee\/#website"},"primaryImageOfPage":{"@id":"https:\/\/www.outdoors.ee\/et\/toode\/british-army-webbing-yoke-mtp\/#primaryimage"},"image":{"@id":"https:\/\/www.outdoors.ee\/et\/toode\/british-army-webbing-yoke-mtp\/#primaryimage"},"thumbnailUrl":"https:\/\/www.outdoors.ee\/wp-content\/uploads\/2021\/09\/0132-1-British-Yoke-MTP.jpg","datePublished":"2021-12-09T00:00:00+00:00","dateModified":"2024-08-06T11:35:16+00:00","breadcrumb":{"@id":"https:\/\/www.outdoors.ee\/et\/toode\/british-army-webbing-yoke-mtp\/#breadcrumb"},"inLanguage":"et","potentialAction":[{"@type":"ReadAction","target":["https:\/\/www.outdoors.ee\/et\/toode\/british-army-webbing-yoke-mtp\/"]}]},{"@type":"ImageObject","inLanguage":"et","@id":"https:\/\/www.outdoors.ee\/et\/toode\/british-army-webbing-yoke-mtp\/#primaryimage","url":"https:\/\/www.outdoors.ee\/wp-content\/uploads\/2021\/09\/0132-1-British-Yoke-MTP.jpg","contentUrl":"https:\/\/www.outdoors.ee\/wp-content\/uploads\/2021\/09\/0132-1-British-Yoke-MTP.jpg","width":341,"height":350},{"@type":"BreadcrumbList","@id":"https:\/\/www.outdoors.ee\/et\/toode\/british-army-webbing-yoke-mtp\/#breadcrumb","itemListElement":[{"@type":"ListItem","position":1,"name":"Home","item":"https:\/\/www.outdoors.ee\/et\/"},{"@type":"ListItem","position":2,"name":"Tooted","item":"https:\/\/www.outdoors.ee\/products\/"},{"@type":"ListItem","position":3,"name":"Briti Armee Webbing Yoke MTP"}]},{"@type":"WebSite","@id":"https:\/\/www.outdoors.ee\/#website","url":"https:\/\/www.outdoors.ee\/","name":"Outdoors","description":"Genuine military surplus and not only!","potentialAction":[{"@type":"SearchAction","target":{"@type":"EntryPoint","urlTemplate":"https:\/\/www.outdoors.ee\/?s={search_term_string}"},"query-input":{"@type":"PropertyValueSpecification","valueRequired":true,"valueName":"search_term_string"}}],"inLanguage":"et"}]}},"_links":{"self":[{"href":"https:\/\/www.outdoors.ee\/et\/wp-json\/wp\/v2\/product\/58334","targetHints":{"allow":["GET"]}}],"collection":[{"href":"https:\/\/www.outdoors.ee\/et\/wp-json\/wp\/v2\/product"}],"about":[{"href":"https:\/\/www.outdoors.ee\/et\/wp-json\/wp\/v2\/types\/product"}],"wp:featuredmedia":[{"embeddable":true,"href":"https:\/\/www.outdoors.ee\/et\/wp-json\/wp\/v2\/media\/17836"}],"wp:attachment":[{"href":"https:\/\/www.outdoors.ee\/et\/wp-json\/wp\/v2\/media?parent=58334"}],"wp:term":[{"taxonomy":"product_brand","embeddable":true,"href":"https:\/\/www.outdoors.ee\/et\/wp-json\/wp\/v2\/product_brand?post=58334"},{"taxonomy":"product_cat","embeddable":true,"href":"https:\/\/www.outdoors.ee\/et\/wp-json\/wp\/v2\/product_cat?post=58334"},{"taxonomy":"product_tag","embeddable":true,"href":"https:\/\/www.outdoors.ee\/et\/wp-json\/wp\/v2\/product_tag?post=58334"}],"curies":[{"name":"wp","href":"https:\/\/api.w.org\/{rel}","templated":true}]}}