{"id":58328,"date":"2021-12-09T00:00:00","date_gmt":"2021-12-08T22:00:00","guid":{"rendered":"https:\/\/www.outdoors.ee\/product\/briti-armee-saarised-mvp-mtp\/"},"modified":"2026-02-12T12:33:14","modified_gmt":"2026-02-12T10:33:14","slug":"briti-armee-saarised-mvp-mtp","status":"publish","type":"product","link":"https:\/\/www.outdoors.ee\/et\/toode\/briti-armee-saarised-mvp-mtp\/","title":{"rendered":"Briti Armee s\u00e4\u00e4rised MVP MTP"},"content":{"rendered":"<p style=\"text-align: justify;\">Vastupidavad Briti s\u00f5jav\u00e4e veekindlast ja hingavast materjalist (Moistrure Vapour Permeable, Briti s\u00f5jav\u00e4e Gore-Texi\u00a0 ekvivalent) s\u00e4\u00e4rised talla kinnitusn\u00f6\u00f6riga kaasaaegses MTP (Multi-Terrain Pattern) laigus.<\/p>\n<p style=\"text-align: justify;\"><strong>Omadused:<\/strong><\/p>\n<ul style=\"text-align: justify;\">\n<li>vetth\u00fclgav ja hingav materjal<\/li>\n<li>suletavad t\u00e4ies pikkuses trukkide, t\u00f5mbluku ning takjaklapiga<\/li>\n<li>keskel on pingutuskumm, et s\u00e4\u00e4ris ei vajuks alla<\/li>\n<li>pingitusn\u00f6\u00f6riga \u00fcleval<\/li>\n<li>alumine serv on kahe haagiga saapapaelte k\u00fclge kinnitatav, et s\u00e4\u00e4ris ei t\u00f5useks \u00fcles<\/li>\n<li>ligikaudsed m\u00f5\u00f5tmed. Suurus \u201cStandard\u201d kogupikkus \u2013 47cm, \u00fclemise otsa laius \u2013 24cm; Suurus \u201cLarge\u201d kogupikkus \u2013 47cm, \u00fclemise otsa laius \u2013 24cm<\/li>\n<\/ul>\n<p style=\"text-align: justify;\"><strong>Suurus:<\/strong> Standard (jalan\u00f5udele suuruses UK4\/EU37 kuni UK12\/EU47) v\u00f5i Large (jalan\u00f5udele suuruses UK13\/EU48 ja suurematele)<\/p>\n<p style=\"text-align: justify;\"><strong>Seisukord:<\/strong><\/p>\n<ul>\n<li style=\"text-align: justify;\">uued (originaalpakendis v\u00f5i ilma, v\u00f5ivad sisaldada hulgiladustamise j\u00e4lgi)<\/li>\n<li>uuev\u00e4\u00e4rsed (sisaldavad minimaalseid kulumisj\u00e4lgi)<\/li>\n<\/ul>\n","protected":false},"excerpt":{"rendered":"<p>Briti Armee s\u00e4\u00e4rised MVP, MTP<\/p>\n","protected":false},"featured_media":17688,"template":"","meta":[],"product_brand":[],"product_cat":[197],"product_tag":[3143],"class_list":{"0":"post-58328","1":"product","2":"type-product","3":"status-publish","4":"has-post-thumbnail","6":"product_cat-sokid-saarised","7":"product_tag-vihmariided","8":"pa_brand-british-military-surplus","9":"pa_condition-uuevaarne","10":"pa_condition-uus","11":"pa_size-large-3","12":"pa_size-standard-2","14":"first","15":"instock","16":"taxable","17":"shipping-taxable","18":"purchasable","19":"product-type-variable"},"yoast_head":"<!-- This site is optimized with the Yoast SEO plugin v27.2 - https:\/\/yoast.com\/product\/yoast-seo-wordpress\/ -->\n<title>Briti Armee s\u00e4\u00e4rised MVP MTP - outdoors.ee<\/title>\n<meta name=\"description\" content=\"Vastupidavad Briti s\u00f5jav\u00e4e veekindlast ja hingavast materjalist (Moistrure Vapour Permeable, Briti s\u00f5jav\u00e4e Gore-Texi\u00a0 ekvivalent) s\u00e4\u00e4rised talla kinnitusn\u00f6\u00f6riga kaasaaegses MTP (Multi-Terrain Pattern) laigus. Omadused: vetth\u00fclgav ja hingav materjal suletavad t\u00e4ies pikkuses trukkide, t\u00f5mbluku ning takjaklapiga keskel on pingutuskumm, et s\u00e4\u00e4ris ei vajuks alla pingitusn\u00f6\u00f6riga \u00fcleval alumine serv on kahe haagiga saapapaelte k\u00fclge kinnitatav, et s\u00e4\u00e4ris ei t\u00f5useks \u00fcles Suurus: Standard (jalan\u00f5udele suuruses UK4 kuni UK12) v\u00f5i Large (jalan\u00f5udele suuruses UK13 ja suurematele) Seisukord: uued\" \/>\n<meta name=\"robots\" content=\"index, follow, max-snippet:-1, max-image-preview:large, max-video-preview:-1\" \/>\n<link rel=\"canonical\" href=\"https:\/\/www.outdoors.ee\/et\/toode\/briti-armee-saarised-mvp-mtp\/\" \/>\n<meta property=\"og:locale\" content=\"et_EE\" \/>\n<meta property=\"og:type\" content=\"article\" \/>\n<meta property=\"og:title\" content=\"Briti Armee s\u00e4\u00e4rised MVP MTP\" \/>\n<meta property=\"og:description\" content=\"Vastupidavad Briti s\u00f5jav\u00e4e veekindlast ja hingavast materjalist (Moistrure Vapour Permeable, Briti s\u00f5jav\u00e4e Gore-Texi\u00a0 ekvivalent) s\u00e4\u00e4rised talla kinnitusn\u00f6\u00f6riga kaasaaegses MTP (Multi-Terrain Pattern) laigus. Omadused: vetth\u00fclgav ja hingav materjal suletavad t\u00e4ies pikkuses trukkide, t\u00f5mbluku ning takjaklapiga keskel on pingutuskumm, et s\u00e4\u00e4ris ei vajuks alla pingitusn\u00f6\u00f6riga \u00fcleval alumine serv on kahe haagiga saapapaelte k\u00fclge kinnitatav, et s\u00e4\u00e4ris ei t\u00f5useks \u00fcles Suurus: Standard (jalan\u00f5udele suuruses UK4 kuni UK12) v\u00f5i Large (jalan\u00f5udele suuruses UK13 ja suurematele) Seisukord: uued\" \/>\n<meta property=\"og:url\" content=\"https:\/\/www.outdoors.ee\/et\/toode\/briti-armee-saarised-mvp-mtp\/\" \/>\n<meta property=\"og:site_name\" content=\"Outdoors\" \/>\n<meta property=\"article:modified_time\" content=\"2026-02-12T10:33:14+00:00\" \/>\n<meta property=\"og:image\" content=\"https:\/\/www.outdoors.ee\/wp-content\/uploads\/2021\/09\/0130-British-Gaiters-MTP.jpg\" \/>\n\t<meta property=\"og:image:width\" content=\"900\" \/>\n\t<meta property=\"og:image:height\" content=\"908\" \/>\n\t<meta property=\"og:image:type\" content=\"image\/jpeg\" \/>\n<meta name=\"twitter:card\" content=\"summary_large_image\" \/>\n<meta name=\"twitter:title\" content=\"Briti Armee s\u00e4\u00e4rised MVP MTP\" \/>\n<meta name=\"twitter:label1\" content=\"Est. reading time\" \/>\n\t<meta name=\"twitter:data1\" content=\"1 minut\" \/>\n<script type=\"application\/ld+json\" class=\"yoast-schema-graph\">{\"@context\":\"https:\/\/schema.org\",\"@graph\":[{\"@type\":\"WebPage\",\"@id\":\"https:\/\/www.outdoors.ee\/et\/toode\/briti-armee-saarised-mvp-mtp\/\",\"url\":\"https:\/\/www.outdoors.ee\/et\/toode\/briti-armee-saarised-mvp-mtp\/\",\"name\":\"Briti Armee s\u00e4\u00e4rised MVP MTP - outdoors.ee\",\"isPartOf\":{\"@id\":\"https:\/\/www.outdoors.ee\/#website\"},\"primaryImageOfPage\":{\"@id\":\"https:\/\/www.outdoors.ee\/et\/toode\/briti-armee-saarised-mvp-mtp\/#primaryimage\"},\"image\":{\"@id\":\"https:\/\/www.outdoors.ee\/et\/toode\/briti-armee-saarised-mvp-mtp\/#primaryimage\"},\"thumbnailUrl\":\"https:\/\/www.outdoors.ee\/wp-content\/uploads\/2021\/09\/0130-British-Gaiters-MTP.jpg\",\"datePublished\":\"2021-12-08T22:00:00+00:00\",\"dateModified\":\"2026-02-12T10:33:14+00:00\",\"description\":\"Vastupidavad Briti s\u00f5jav\u00e4e veekindlast ja hingavast materjalist (Moistrure Vapour Permeable, Briti s\u00f5jav\u00e4e Gore-Texi\u00a0 ekvivalent) s\u00e4\u00e4rised talla kinnitusn\u00f6\u00f6riga kaasaaegses MTP (Multi-Terrain Pattern) laigus. Omadused: vetth\u00fclgav ja hingav materjal suletavad t\u00e4ies pikkuses trukkide, t\u00f5mbluku ning takjaklapiga keskel on pingutuskumm, et s\u00e4\u00e4ris ei vajuks alla pingitusn\u00f6\u00f6riga \u00fcleval alumine serv on kahe haagiga saapapaelte k\u00fclge kinnitatav, et s\u00e4\u00e4ris ei t\u00f5useks \u00fcles Suurus: Standard (jalan\u00f5udele suuruses UK4 kuni UK12) v\u00f5i Large (jalan\u00f5udele suuruses UK13 ja suurematele) Seisukord: uued\",\"breadcrumb\":{\"@id\":\"https:\/\/www.outdoors.ee\/et\/toode\/briti-armee-saarised-mvp-mtp\/#breadcrumb\"},\"inLanguage\":\"et\",\"potentialAction\":[{\"@type\":\"ReadAction\",\"target\":[\"https:\/\/www.outdoors.ee\/et\/toode\/briti-armee-saarised-mvp-mtp\/\"]}]},{\"@type\":\"ImageObject\",\"inLanguage\":\"et\",\"@id\":\"https:\/\/www.outdoors.ee\/et\/toode\/briti-armee-saarised-mvp-mtp\/#primaryimage\",\"url\":\"https:\/\/www.outdoors.ee\/wp-content\/uploads\/2021\/09\/0130-British-Gaiters-MTP.jpg\",\"contentUrl\":\"https:\/\/www.outdoors.ee\/wp-content\/uploads\/2021\/09\/0130-British-Gaiters-MTP.jpg\",\"width\":900,\"height\":908},{\"@type\":\"BreadcrumbList\",\"@id\":\"https:\/\/www.outdoors.ee\/et\/toode\/briti-armee-saarised-mvp-mtp\/#breadcrumb\",\"itemListElement\":[{\"@type\":\"ListItem\",\"position\":1,\"name\":\"Home\",\"item\":\"https:\/\/www.outdoors.ee\/et\/\"},{\"@type\":\"ListItem\",\"position\":2,\"name\":\"Tooted\",\"item\":\"https:\/\/www.outdoors.ee\/products\/\"},{\"@type\":\"ListItem\",\"position\":3,\"name\":\"Briti Armee s\u00e4\u00e4rised MVP MTP\"}]},{\"@type\":\"WebSite\",\"@id\":\"https:\/\/www.outdoors.ee\/#website\",\"url\":\"https:\/\/www.outdoors.ee\/\",\"name\":\"Outdoors\",\"description\":\"Genuine military surplus and not only!\",\"potentialAction\":[{\"@type\":\"SearchAction\",\"target\":{\"@type\":\"EntryPoint\",\"urlTemplate\":\"https:\/\/www.outdoors.ee\/?s={search_term_string}\"},\"query-input\":{\"@type\":\"PropertyValueSpecification\",\"valueRequired\":true,\"valueName\":\"search_term_string\"}}],\"inLanguage\":\"et\"}]}<\/script>\n<!-- \/ Yoast SEO plugin. -->","yoast_head_json":{"title":"Briti Armee s\u00e4\u00e4rised MVP MTP - outdoors.ee","description":"Vastupidavad Briti s\u00f5jav\u00e4e veekindlast ja hingavast materjalist (Moistrure Vapour Permeable, Briti s\u00f5jav\u00e4e Gore-Texi\u00a0 ekvivalent) s\u00e4\u00e4rised talla kinnitusn\u00f6\u00f6riga kaasaaegses MTP (Multi-Terrain Pattern) laigus. Omadused: vetth\u00fclgav ja hingav materjal suletavad t\u00e4ies pikkuses trukkide, t\u00f5mbluku ning takjaklapiga keskel on pingutuskumm, et s\u00e4\u00e4ris ei vajuks alla pingitusn\u00f6\u00f6riga \u00fcleval alumine serv on kahe haagiga saapapaelte k\u00fclge kinnitatav, et s\u00e4\u00e4ris ei t\u00f5useks \u00fcles Suurus: Standard (jalan\u00f5udele suuruses UK4 kuni UK12) v\u00f5i Large (jalan\u00f5udele suuruses UK13 ja suurematele) Seisukord: uued","robots":{"index":"index","follow":"follow","max-snippet":"max-snippet:-1","max-image-preview":"max-image-preview:large","max-video-preview":"max-video-preview:-1"},"canonical":"https:\/\/www.outdoors.ee\/et\/toode\/briti-armee-saarised-mvp-mtp\/","og_locale":"et_EE","og_type":"article","og_title":"Briti Armee s\u00e4\u00e4rised MVP MTP","og_description":"Vastupidavad Briti s\u00f5jav\u00e4e veekindlast ja hingavast materjalist (Moistrure Vapour Permeable, Briti s\u00f5jav\u00e4e Gore-Texi\u00a0 ekvivalent) s\u00e4\u00e4rised talla kinnitusn\u00f6\u00f6riga kaasaaegses MTP (Multi-Terrain Pattern) laigus. Omadused: vetth\u00fclgav ja hingav materjal suletavad t\u00e4ies pikkuses trukkide, t\u00f5mbluku ning takjaklapiga keskel on pingutuskumm, et s\u00e4\u00e4ris ei vajuks alla pingitusn\u00f6\u00f6riga \u00fcleval alumine serv on kahe haagiga saapapaelte k\u00fclge kinnitatav, et s\u00e4\u00e4ris ei t\u00f5useks \u00fcles Suurus: Standard (jalan\u00f5udele suuruses UK4 kuni UK12) v\u00f5i Large (jalan\u00f5udele suuruses UK13 ja suurematele) Seisukord: uued","og_url":"https:\/\/www.outdoors.ee\/et\/toode\/briti-armee-saarised-mvp-mtp\/","og_site_name":"Outdoors","article_modified_time":"2026-02-12T10:33:14+00:00","og_image":[{"width":900,"height":908,"url":"https:\/\/www.outdoors.ee\/wp-content\/uploads\/2021\/09\/0130-British-Gaiters-MTP.jpg","type":"image\/jpeg"}],"twitter_card":"summary_large_image","twitter_title":"Briti Armee s\u00e4\u00e4rised MVP MTP","twitter_misc":{"Est. reading time":"1 minut"},"schema":{"@context":"https:\/\/schema.org","@graph":[{"@type":"WebPage","@id":"https:\/\/www.outdoors.ee\/et\/toode\/briti-armee-saarised-mvp-mtp\/","url":"https:\/\/www.outdoors.ee\/et\/toode\/briti-armee-saarised-mvp-mtp\/","name":"Briti Armee s\u00e4\u00e4rised MVP MTP - outdoors.ee","isPartOf":{"@id":"https:\/\/www.outdoors.ee\/#website"},"primaryImageOfPage":{"@id":"https:\/\/www.outdoors.ee\/et\/toode\/briti-armee-saarised-mvp-mtp\/#primaryimage"},"image":{"@id":"https:\/\/www.outdoors.ee\/et\/toode\/briti-armee-saarised-mvp-mtp\/#primaryimage"},"thumbnailUrl":"https:\/\/www.outdoors.ee\/wp-content\/uploads\/2021\/09\/0130-British-Gaiters-MTP.jpg","datePublished":"2021-12-08T22:00:00+00:00","dateModified":"2026-02-12T10:33:14+00:00","description":"Vastupidavad Briti s\u00f5jav\u00e4e veekindlast ja hingavast materjalist (Moistrure Vapour Permeable, Briti s\u00f5jav\u00e4e Gore-Texi\u00a0 ekvivalent) s\u00e4\u00e4rised talla kinnitusn\u00f6\u00f6riga kaasaaegses MTP (Multi-Terrain Pattern) laigus. Omadused: vetth\u00fclgav ja hingav materjal suletavad t\u00e4ies pikkuses trukkide, t\u00f5mbluku ning takjaklapiga keskel on pingutuskumm, et s\u00e4\u00e4ris ei vajuks alla pingitusn\u00f6\u00f6riga \u00fcleval alumine serv on kahe haagiga saapapaelte k\u00fclge kinnitatav, et s\u00e4\u00e4ris ei t\u00f5useks \u00fcles Suurus: Standard (jalan\u00f5udele suuruses UK4 kuni UK12) v\u00f5i Large (jalan\u00f5udele suuruses UK13 ja suurematele) Seisukord: uued","breadcrumb":{"@id":"https:\/\/www.outdoors.ee\/et\/toode\/briti-armee-saarised-mvp-mtp\/#breadcrumb"},"inLanguage":"et","potentialAction":[{"@type":"ReadAction","target":["https:\/\/www.outdoors.ee\/et\/toode\/briti-armee-saarised-mvp-mtp\/"]}]},{"@type":"ImageObject","inLanguage":"et","@id":"https:\/\/www.outdoors.ee\/et\/toode\/briti-armee-saarised-mvp-mtp\/#primaryimage","url":"https:\/\/www.outdoors.ee\/wp-content\/uploads\/2021\/09\/0130-British-Gaiters-MTP.jpg","contentUrl":"https:\/\/www.outdoors.ee\/wp-content\/uploads\/2021\/09\/0130-British-Gaiters-MTP.jpg","width":900,"height":908},{"@type":"BreadcrumbList","@id":"https:\/\/www.outdoors.ee\/et\/toode\/briti-armee-saarised-mvp-mtp\/#breadcrumb","itemListElement":[{"@type":"ListItem","position":1,"name":"Home","item":"https:\/\/www.outdoors.ee\/et\/"},{"@type":"ListItem","position":2,"name":"Tooted","item":"https:\/\/www.outdoors.ee\/products\/"},{"@type":"ListItem","position":3,"name":"Briti Armee s\u00e4\u00e4rised MVP MTP"}]},{"@type":"WebSite","@id":"https:\/\/www.outdoors.ee\/#website","url":"https:\/\/www.outdoors.ee\/","name":"Outdoors","description":"Genuine military surplus and not only!","potentialAction":[{"@type":"SearchAction","target":{"@type":"EntryPoint","urlTemplate":"https:\/\/www.outdoors.ee\/?s={search_term_string}"},"query-input":{"@type":"PropertyValueSpecification","valueRequired":true,"valueName":"search_term_string"}}],"inLanguage":"et"}]}},"_links":{"self":[{"href":"https:\/\/www.outdoors.ee\/et\/wp-json\/wp\/v2\/product\/58328","targetHints":{"allow":["GET"]}}],"collection":[{"href":"https:\/\/www.outdoors.ee\/et\/wp-json\/wp\/v2\/product"}],"about":[{"href":"https:\/\/www.outdoors.ee\/et\/wp-json\/wp\/v2\/types\/product"}],"wp:featuredmedia":[{"embeddable":true,"href":"https:\/\/www.outdoors.ee\/et\/wp-json\/wp\/v2\/media\/17688"}],"wp:attachment":[{"href":"https:\/\/www.outdoors.ee\/et\/wp-json\/wp\/v2\/media?parent=58328"}],"wp:term":[{"taxonomy":"product_brand","embeddable":true,"href":"https:\/\/www.outdoors.ee\/et\/wp-json\/wp\/v2\/product_brand?post=58328"},{"taxonomy":"product_cat","embeddable":true,"href":"https:\/\/www.outdoors.ee\/et\/wp-json\/wp\/v2\/product_cat?post=58328"},{"taxonomy":"product_tag","embeddable":true,"href":"https:\/\/www.outdoors.ee\/et\/wp-json\/wp\/v2\/product_tag?post=58328"}],"curies":[{"name":"wp","href":"https:\/\/api.w.org\/{rel}","templated":true}]}}