{"id":58319,"date":"2021-12-09T00:00:00","date_gmt":"2021-12-08T22:00:00","guid":{"rendered":"https:\/\/www.outdoors.ee\/product\/briti-armee-luhikesed-puksid-mtp\/"},"modified":"2024-12-09T20:15:25","modified_gmt":"2024-12-09T18:15:25","slug":"briti-armee-luhikesed-puksid-mtp","status":"publish","type":"product","link":"https:\/\/www.outdoors.ee\/et\/toode\/briti-armee-luhikesed-puksid-mtp\/","title":{"rendered":"Briti Armee l\u00fchikesed p\u00fcksid MTP"},"content":{"rendered":"<p><strong>Omadused<\/strong>:<\/p>\n<ul>\n<li>Briti s\u00f5jav\u00e4e originaal<\/li>\n<li>laiad v\u00f6\u00f6rihma aasad<\/li>\n<li>2 k\u00fcljetaskut n\u00f6\u00f6pidega<\/li>\n<li>2 k\u00e4etaskut<\/li>\n<li>1 tagatasku n\u00f6\u00f6biga<\/li>\n<li>n\u00f6\u00f6pide abil reguleeritav v\u00f6\u00f6koha laius<\/li>\n<li>t\u00f5mbluku ning n\u00f6\u00f6biga eest suletavad<\/li>\n<li>materjal: 67% pol\u00fcester 33% puuvill<\/li>\n<\/ul>\n<p><strong>Suurus <\/strong>rippmen\u00fc\u00fcs: s\u00e4\u00e4re sisepikkus \/ v\u00f6\u00f6\u00fcmberm\u00f5\u00f5t \/ istmiku \u00fcmberm\u00f5\u00f5t, cm<\/p>\n<p><strong>Seisukord<\/strong>:<\/p>\n<ul>\n<li>uus (j\u00e4em\u00fc\u00fcgipakendis v\u00f5i ilma, v\u00f5ib sisaldada hulgiladustamise j\u00e4lgi)<\/li>\n<li>uuev\u00e4\u00e4rseid (sisaldavad kergeid kulumisj\u00e4lgi)<\/li>\n<li>kasutatud, Grade 1 (sisaldavad m\u00f5\u00f5dukaid kulumisj\u00e4lgi, v\u00f5ivad sisaldada v\u00e4iksemaid vigastusi ning olla kergelt m\u00e4\u00e4rdunud)<\/li>\n<\/ul>\n","protected":false},"excerpt":{"rendered":"<p>Omadused: Briti s\u00f5jav\u00e4e originaal laiad v\u00f6\u00f6rihma aasad 2 k\u00fcljetaskut n\u00f6\u00f6pidega 2 k\u00e4etaskut 1 tagatasku n\u00f6\u00f6biga n\u00f6\u00f6pide abil reguleeritav v\u00f6\u00f6koha laius<\/p>\n","protected":false},"featured_media":92919,"template":"","meta":[],"product_brand":[],"product_cat":[2713],"product_tag":[],"class_list":{"0":"post-58319","1":"product","2":"type-product","3":"status-publish","4":"has-post-thumbnail","6":"product_cat-luhikesed-puksid","7":"pa_brand-british-military-surplus","8":"pa_condition-kasutatud-grade-1","9":"pa_condition-uuevaarne","10":"pa_condition-uus","11":"pa_size-24-72-88-2","12":"pa_size-24-76-92-3","13":"pa_size-24-80-96-2","14":"pa_size-24-84-100-2","15":"pa_size-24-88-104-2","16":"pa_size-24-92-108-2","17":"pa_size-27-100-116-3","18":"pa_size-27-104-120-2","19":"pa_size-27-108-124-2","20":"pa_size-27-112-128-2","21":"pa_size-27-76-92-2","22":"pa_size-27-80-96-2","23":"pa_size-27-84-100-2","24":"pa_size-27-88-104-3","25":"pa_size-27-92-108-3","26":"pa_size-27-96-108-2","27":"pa_size-30-104-120-3","28":"pa_size-30-76-92-2","29":"pa_size-30-80-96-2","30":"pa_size-30-84-100-2","31":"pa_size-30-88-104-2","32":"pa_size-30-92-108-2","33":"pa_size-30-96-112-2","34":"pa_size-33-100-116-2","35":"pa_size-33-104-120-2","36":"pa_size-33-112-128-2","37":"pa_size-33-92-108-2","38":"pa_size-33-96-112-2","40":"first","41":"instock","42":"taxable","43":"shipping-taxable","44":"purchasable","45":"product-type-variable"},"yoast_head":"<!-- This site is optimized with the Yoast SEO plugin v27.2 - https:\/\/yoast.com\/product\/yoast-seo-wordpress\/ -->\n<title>Briti Armee l\u00fchikesed p\u00fcksid MTP - outdoors.ee<\/title>\n<meta name=\"description\" content=\"Briti s\u00f5jav\u00e4e l\u00fchikesed p\u00fcksid MTP (Multi-Terrain Pattern) laigus. Omadused: laiad v\u00f6\u00f6rihma aasad 2 k\u00fcljetaskut n\u00f6\u00f6pidega 2 k\u00e4etaskut 1 tagatasku n\u00f6\u00f6biga n\u00f6\u00f6pide abil reguleeritav v\u00f6\u00f6koha laius t\u00f5mbluku ning n\u00f6\u00f6biga eest suletavad \u00a0 Materjal: pol\u00fcester \/ puuvill Suurus rippmen\u00fc\u00fcs: s\u00e4\u00e4re sisepikkus \/ v\u00f6\u00f6\u00fcmberm\u00f5\u00f5t \/ istmiku \u00fcmberm\u00f5\u00f5t Seisukord: uued\" \/>\n<meta name=\"robots\" content=\"index, follow, max-snippet:-1, max-image-preview:large, max-video-preview:-1\" \/>\n<link rel=\"canonical\" href=\"https:\/\/www.outdoors.ee\/et\/toode\/briti-armee-luhikesed-puksid-mtp\/\" \/>\n<meta property=\"og:locale\" content=\"et_EE\" \/>\n<meta property=\"og:type\" content=\"article\" \/>\n<meta property=\"og:title\" content=\"Briti Armee l\u00fchikesed p\u00fcksid MTP\" \/>\n<meta property=\"og:description\" content=\"Briti s\u00f5jav\u00e4e l\u00fchikesed p\u00fcksid MTP (Multi-Terrain Pattern) laigus. Omadused: laiad v\u00f6\u00f6rihma aasad 2 k\u00fcljetaskut n\u00f6\u00f6pidega 2 k\u00e4etaskut 1 tagatasku n\u00f6\u00f6biga n\u00f6\u00f6pide abil reguleeritav v\u00f6\u00f6koha laius t\u00f5mbluku ning n\u00f6\u00f6biga eest suletavad \u00a0 Materjal: pol\u00fcester \/ puuvill Suurus rippmen\u00fc\u00fcs: s\u00e4\u00e4re sisepikkus \/ v\u00f6\u00f6\u00fcmberm\u00f5\u00f5t \/ istmiku \u00fcmberm\u00f5\u00f5t Seisukord: uued\" \/>\n<meta property=\"og:url\" content=\"https:\/\/www.outdoors.ee\/et\/toode\/briti-armee-luhikesed-puksid-mtp\/\" \/>\n<meta property=\"og:site_name\" content=\"Outdoors\" \/>\n<meta property=\"article:modified_time\" content=\"2024-12-09T18:15:25+00:00\" \/>\n<meta property=\"og:image\" content=\"https:\/\/www.outdoors.ee\/wp-content\/uploads\/2021\/12\/0129-British-Army-Shorts-MTP-1.jpg\" \/>\n\t<meta property=\"og:image:width\" content=\"1100\" \/>\n\t<meta property=\"og:image:height\" content=\"1100\" \/>\n\t<meta property=\"og:image:type\" content=\"image\/jpeg\" \/>\n<meta name=\"twitter:card\" content=\"summary_large_image\" \/>\n<meta name=\"twitter:title\" content=\"Briti Armee l\u00fchikesed p\u00fcksid MTP\" \/>\n<meta name=\"twitter:label1\" content=\"Est. reading time\" \/>\n\t<meta name=\"twitter:data1\" content=\"1 minut\" \/>\n<script type=\"application\/ld+json\" class=\"yoast-schema-graph\">{\"@context\":\"https:\/\/schema.org\",\"@graph\":[{\"@type\":\"WebPage\",\"@id\":\"https:\/\/www.outdoors.ee\/et\/toode\/briti-armee-luhikesed-puksid-mtp\/\",\"url\":\"https:\/\/www.outdoors.ee\/et\/toode\/briti-armee-luhikesed-puksid-mtp\/\",\"name\":\"Briti Armee l\u00fchikesed p\u00fcksid MTP - outdoors.ee\",\"isPartOf\":{\"@id\":\"https:\/\/www.outdoors.ee\/#website\"},\"primaryImageOfPage\":{\"@id\":\"https:\/\/www.outdoors.ee\/et\/toode\/briti-armee-luhikesed-puksid-mtp\/#primaryimage\"},\"image\":{\"@id\":\"https:\/\/www.outdoors.ee\/et\/toode\/briti-armee-luhikesed-puksid-mtp\/#primaryimage\"},\"thumbnailUrl\":\"https:\/\/www.outdoors.ee\/wp-content\/uploads\/2021\/12\/0129-British-Army-Shorts-MTP-1.jpg\",\"datePublished\":\"2021-12-08T22:00:00+00:00\",\"dateModified\":\"2024-12-09T18:15:25+00:00\",\"description\":\"Briti s\u00f5jav\u00e4e l\u00fchikesed p\u00fcksid MTP (Multi-Terrain Pattern) laigus. Omadused: laiad v\u00f6\u00f6rihma aasad 2 k\u00fcljetaskut n\u00f6\u00f6pidega 2 k\u00e4etaskut 1 tagatasku n\u00f6\u00f6biga n\u00f6\u00f6pide abil reguleeritav v\u00f6\u00f6koha laius t\u00f5mbluku ning n\u00f6\u00f6biga eest suletavad \u00a0 Materjal: pol\u00fcester \/ puuvill Suurus rippmen\u00fc\u00fcs: s\u00e4\u00e4re sisepikkus \/ v\u00f6\u00f6\u00fcmberm\u00f5\u00f5t \/ istmiku \u00fcmberm\u00f5\u00f5t Seisukord: uued\",\"breadcrumb\":{\"@id\":\"https:\/\/www.outdoors.ee\/et\/toode\/briti-armee-luhikesed-puksid-mtp\/#breadcrumb\"},\"inLanguage\":\"et\",\"potentialAction\":[{\"@type\":\"ReadAction\",\"target\":[\"https:\/\/www.outdoors.ee\/et\/toode\/briti-armee-luhikesed-puksid-mtp\/\"]}]},{\"@type\":\"ImageObject\",\"inLanguage\":\"et\",\"@id\":\"https:\/\/www.outdoors.ee\/et\/toode\/briti-armee-luhikesed-puksid-mtp\/#primaryimage\",\"url\":\"https:\/\/www.outdoors.ee\/wp-content\/uploads\/2021\/12\/0129-British-Army-Shorts-MTP-1.jpg\",\"contentUrl\":\"https:\/\/www.outdoors.ee\/wp-content\/uploads\/2021\/12\/0129-British-Army-Shorts-MTP-1.jpg\",\"width\":1100,\"height\":1100},{\"@type\":\"BreadcrumbList\",\"@id\":\"https:\/\/www.outdoors.ee\/et\/toode\/briti-armee-luhikesed-puksid-mtp\/#breadcrumb\",\"itemListElement\":[{\"@type\":\"ListItem\",\"position\":1,\"name\":\"Home\",\"item\":\"https:\/\/www.outdoors.ee\/et\/\"},{\"@type\":\"ListItem\",\"position\":2,\"name\":\"Tooted\",\"item\":\"https:\/\/www.outdoors.ee\/products\/\"},{\"@type\":\"ListItem\",\"position\":3,\"name\":\"Briti Armee l\u00fchikesed p\u00fcksid MTP\"}]},{\"@type\":\"WebSite\",\"@id\":\"https:\/\/www.outdoors.ee\/#website\",\"url\":\"https:\/\/www.outdoors.ee\/\",\"name\":\"Outdoors\",\"description\":\"Genuine military surplus and not only!\",\"potentialAction\":[{\"@type\":\"SearchAction\",\"target\":{\"@type\":\"EntryPoint\",\"urlTemplate\":\"https:\/\/www.outdoors.ee\/?s={search_term_string}\"},\"query-input\":{\"@type\":\"PropertyValueSpecification\",\"valueRequired\":true,\"valueName\":\"search_term_string\"}}],\"inLanguage\":\"et\"}]}<\/script>\n<!-- \/ Yoast SEO plugin. -->","yoast_head_json":{"title":"Briti Armee l\u00fchikesed p\u00fcksid MTP - outdoors.ee","description":"Briti s\u00f5jav\u00e4e l\u00fchikesed p\u00fcksid MTP (Multi-Terrain Pattern) laigus. Omadused: laiad v\u00f6\u00f6rihma aasad 2 k\u00fcljetaskut n\u00f6\u00f6pidega 2 k\u00e4etaskut 1 tagatasku n\u00f6\u00f6biga n\u00f6\u00f6pide abil reguleeritav v\u00f6\u00f6koha laius t\u00f5mbluku ning n\u00f6\u00f6biga eest suletavad \u00a0 Materjal: pol\u00fcester \/ puuvill Suurus rippmen\u00fc\u00fcs: s\u00e4\u00e4re sisepikkus \/ v\u00f6\u00f6\u00fcmberm\u00f5\u00f5t \/ istmiku \u00fcmberm\u00f5\u00f5t Seisukord: uued","robots":{"index":"index","follow":"follow","max-snippet":"max-snippet:-1","max-image-preview":"max-image-preview:large","max-video-preview":"max-video-preview:-1"},"canonical":"https:\/\/www.outdoors.ee\/et\/toode\/briti-armee-luhikesed-puksid-mtp\/","og_locale":"et_EE","og_type":"article","og_title":"Briti Armee l\u00fchikesed p\u00fcksid MTP","og_description":"Briti s\u00f5jav\u00e4e l\u00fchikesed p\u00fcksid MTP (Multi-Terrain Pattern) laigus. Omadused: laiad v\u00f6\u00f6rihma aasad 2 k\u00fcljetaskut n\u00f6\u00f6pidega 2 k\u00e4etaskut 1 tagatasku n\u00f6\u00f6biga n\u00f6\u00f6pide abil reguleeritav v\u00f6\u00f6koha laius t\u00f5mbluku ning n\u00f6\u00f6biga eest suletavad \u00a0 Materjal: pol\u00fcester \/ puuvill Suurus rippmen\u00fc\u00fcs: s\u00e4\u00e4re sisepikkus \/ v\u00f6\u00f6\u00fcmberm\u00f5\u00f5t \/ istmiku \u00fcmberm\u00f5\u00f5t Seisukord: uued","og_url":"https:\/\/www.outdoors.ee\/et\/toode\/briti-armee-luhikesed-puksid-mtp\/","og_site_name":"Outdoors","article_modified_time":"2024-12-09T18:15:25+00:00","og_image":[{"width":1100,"height":1100,"url":"https:\/\/www.outdoors.ee\/wp-content\/uploads\/2021\/12\/0129-British-Army-Shorts-MTP-1.jpg","type":"image\/jpeg"}],"twitter_card":"summary_large_image","twitter_title":"Briti Armee l\u00fchikesed p\u00fcksid MTP","twitter_misc":{"Est. reading time":"1 minut"},"schema":{"@context":"https:\/\/schema.org","@graph":[{"@type":"WebPage","@id":"https:\/\/www.outdoors.ee\/et\/toode\/briti-armee-luhikesed-puksid-mtp\/","url":"https:\/\/www.outdoors.ee\/et\/toode\/briti-armee-luhikesed-puksid-mtp\/","name":"Briti Armee l\u00fchikesed p\u00fcksid MTP - outdoors.ee","isPartOf":{"@id":"https:\/\/www.outdoors.ee\/#website"},"primaryImageOfPage":{"@id":"https:\/\/www.outdoors.ee\/et\/toode\/briti-armee-luhikesed-puksid-mtp\/#primaryimage"},"image":{"@id":"https:\/\/www.outdoors.ee\/et\/toode\/briti-armee-luhikesed-puksid-mtp\/#primaryimage"},"thumbnailUrl":"https:\/\/www.outdoors.ee\/wp-content\/uploads\/2021\/12\/0129-British-Army-Shorts-MTP-1.jpg","datePublished":"2021-12-08T22:00:00+00:00","dateModified":"2024-12-09T18:15:25+00:00","description":"Briti s\u00f5jav\u00e4e l\u00fchikesed p\u00fcksid MTP (Multi-Terrain Pattern) laigus. Omadused: laiad v\u00f6\u00f6rihma aasad 2 k\u00fcljetaskut n\u00f6\u00f6pidega 2 k\u00e4etaskut 1 tagatasku n\u00f6\u00f6biga n\u00f6\u00f6pide abil reguleeritav v\u00f6\u00f6koha laius t\u00f5mbluku ning n\u00f6\u00f6biga eest suletavad \u00a0 Materjal: pol\u00fcester \/ puuvill Suurus rippmen\u00fc\u00fcs: s\u00e4\u00e4re sisepikkus \/ v\u00f6\u00f6\u00fcmberm\u00f5\u00f5t \/ istmiku \u00fcmberm\u00f5\u00f5t Seisukord: uued","breadcrumb":{"@id":"https:\/\/www.outdoors.ee\/et\/toode\/briti-armee-luhikesed-puksid-mtp\/#breadcrumb"},"inLanguage":"et","potentialAction":[{"@type":"ReadAction","target":["https:\/\/www.outdoors.ee\/et\/toode\/briti-armee-luhikesed-puksid-mtp\/"]}]},{"@type":"ImageObject","inLanguage":"et","@id":"https:\/\/www.outdoors.ee\/et\/toode\/briti-armee-luhikesed-puksid-mtp\/#primaryimage","url":"https:\/\/www.outdoors.ee\/wp-content\/uploads\/2021\/12\/0129-British-Army-Shorts-MTP-1.jpg","contentUrl":"https:\/\/www.outdoors.ee\/wp-content\/uploads\/2021\/12\/0129-British-Army-Shorts-MTP-1.jpg","width":1100,"height":1100},{"@type":"BreadcrumbList","@id":"https:\/\/www.outdoors.ee\/et\/toode\/briti-armee-luhikesed-puksid-mtp\/#breadcrumb","itemListElement":[{"@type":"ListItem","position":1,"name":"Home","item":"https:\/\/www.outdoors.ee\/et\/"},{"@type":"ListItem","position":2,"name":"Tooted","item":"https:\/\/www.outdoors.ee\/products\/"},{"@type":"ListItem","position":3,"name":"Briti Armee l\u00fchikesed p\u00fcksid MTP"}]},{"@type":"WebSite","@id":"https:\/\/www.outdoors.ee\/#website","url":"https:\/\/www.outdoors.ee\/","name":"Outdoors","description":"Genuine military surplus and not only!","potentialAction":[{"@type":"SearchAction","target":{"@type":"EntryPoint","urlTemplate":"https:\/\/www.outdoors.ee\/?s={search_term_string}"},"query-input":{"@type":"PropertyValueSpecification","valueRequired":true,"valueName":"search_term_string"}}],"inLanguage":"et"}]}},"_links":{"self":[{"href":"https:\/\/www.outdoors.ee\/et\/wp-json\/wp\/v2\/product\/58319","targetHints":{"allow":["GET"]}}],"collection":[{"href":"https:\/\/www.outdoors.ee\/et\/wp-json\/wp\/v2\/product"}],"about":[{"href":"https:\/\/www.outdoors.ee\/et\/wp-json\/wp\/v2\/types\/product"}],"wp:featuredmedia":[{"embeddable":true,"href":"https:\/\/www.outdoors.ee\/et\/wp-json\/wp\/v2\/media\/92919"}],"wp:attachment":[{"href":"https:\/\/www.outdoors.ee\/et\/wp-json\/wp\/v2\/media?parent=58319"}],"wp:term":[{"taxonomy":"product_brand","embeddable":true,"href":"https:\/\/www.outdoors.ee\/et\/wp-json\/wp\/v2\/product_brand?post=58319"},{"taxonomy":"product_cat","embeddable":true,"href":"https:\/\/www.outdoors.ee\/et\/wp-json\/wp\/v2\/product_cat?post=58319"},{"taxonomy":"product_tag","embeddable":true,"href":"https:\/\/www.outdoors.ee\/et\/wp-json\/wp\/v2\/product_tag?post=58319"}],"curies":[{"name":"wp","href":"https:\/\/api.w.org\/{rel}","templated":true}]}}