{"id":58309,"date":"2021-12-09T00:00:00","date_gmt":"2021-12-09T00:00:00","guid":{"rendered":"https:\/\/www.outdoors.ee\/product\/briti-armee-nokamuts-combat-mtp\/"},"modified":"2024-07-18T21:22:08","modified_gmt":"2024-07-18T18:22:08","slug":"briti-armee-nokkmuts-combat-mtp","status":"publish","type":"product","link":"https:\/\/www.outdoors.ee\/et\/toode\/briti-armee-nokkmuts-combat-mtp\/","title":{"rendered":"Briti Armee nokkm\u00fcts Combat MTP"},"content":{"rendered":"<p>Briti s\u00f5jav\u00e4e nokkm\u00fcts MTP (Multi-Terrain Pattern) laigus.<\/p>\n<p><strong>Omadused<\/strong>:<\/p>\n<ul>\n<li>2 \u00f5hutusava<\/li>\n<li>kaelaklapp<\/li>\n<li>kiri sildil: Cap Combat MTP<\/li>\n<\/ul>\n<p><strong>Seisukord<\/strong>:<\/p>\n<ul>\n<li>uus (ilma j\u00e4em\u00fc\u00fcgipakendita, v\u00f5ib sisaldada hulgiladustamise j\u00e4lgi)<\/li>\n<li>uuev\u00e4\u00e4rne (v\u00f5ib sisaldada minimaalseid kulumisj\u00e4lgi)<\/li>\n<\/ul>\n","protected":false},"excerpt":{"rendered":"<p>Briti Armee nokkm\u00fcts Combat, MTP<\/p>\n","protected":false},"featured_media":17655,"template":"","meta":[],"product_brand":[],"product_cat":[128],"product_tag":[],"class_list":{"0":"post-58309","1":"product","2":"type-product","3":"status-publish","4":"has-post-thumbnail","6":"product_cat-peakatted","7":"pa_brand-british-military-surplus","8":"pa_condition-uuevaarne","9":"pa_condition-uus","10":"pa_size-54-2","11":"pa_size-55-2","12":"pa_size-56-2","13":"pa_size-57-2","14":"pa_size-58-2","15":"pa_size-59-3","16":"pa_size-60-3","17":"pa_size-61-2","19":"first","20":"instock","21":"taxable","22":"shipping-taxable","23":"purchasable","24":"product-type-variable"},"yoast_head":"<!-- This site is optimized with the Yoast SEO plugin v27.2 - https:\/\/yoast.com\/product\/yoast-seo-wordpress\/ -->\n<title>Briti Armee nokam\u00fcts Combat MTP - outdoors.ee<\/title>\n<meta name=\"description\" content=\"Originaalne Briti s&otilde;jav&auml;e nokam&uuml;ts kaasaaegses MTP (Multi-Terrain Pattern) laigus. Omadused:&nbsp; 2 &otilde;hutusava m&uuml;tsi tagaosas asub kokkupandav kaelaklapp kiri sildil: Cap Combat MTP Seisukord:&nbsp; uus (v&otilde;ib sisaldada hulgiladustamise j&auml;lgi) uuev&auml;&auml;rne (v&otilde;ib sisaldada minimaalseid kulumisj&auml;lgi)\" \/>\n<meta name=\"robots\" content=\"index, follow, max-snippet:-1, max-image-preview:large, max-video-preview:-1\" \/>\n<link rel=\"canonical\" href=\"https:\/\/www.outdoors.ee\/et\/toode\/briti-armee-nokkmuts-combat-mtp\/\" \/>\n<meta property=\"og:locale\" content=\"et_EE\" \/>\n<meta property=\"og:type\" content=\"article\" \/>\n<meta property=\"og:title\" content=\"Briti Armee nokam\u00fcts Combat MTP\" \/>\n<meta property=\"og:description\" content=\"Originaalne Briti s&otilde;jav&auml;e nokam&uuml;ts kaasaaegses MTP (Multi-Terrain Pattern) laigus. Omadused:&nbsp; 2 &otilde;hutusava m&uuml;tsi tagaosas asub kokkupandav kaelaklapp kiri sildil: Cap Combat MTP Seisukord:&nbsp; uus (v&otilde;ib sisaldada hulgiladustamise j&auml;lgi) uuev&auml;&auml;rne (v&otilde;ib sisaldada minimaalseid kulumisj&auml;lgi)\" \/>\n<meta property=\"og:url\" content=\"https:\/\/www.outdoors.ee\/et\/toode\/briti-armee-nokkmuts-combat-mtp\/\" \/>\n<meta property=\"og:site_name\" content=\"Outdoors\" \/>\n<meta property=\"article:modified_time\" content=\"2024-07-18T18:22:08+00:00\" \/>\n<meta property=\"og:image\" content=\"https:\/\/www.outdoors.ee\/wp-content\/uploads\/2021\/09\/0128-1-British-Combat-Cap-MTP.jpg\" \/>\n\t<meta property=\"og:image:width\" content=\"679\" \/>\n\t<meta property=\"og:image:height\" content=\"500\" \/>\n\t<meta property=\"og:image:type\" content=\"image\/jpeg\" \/>\n<meta name=\"twitter:card\" content=\"summary_large_image\" \/>\n<meta name=\"twitter:title\" content=\"Briti Armee nokam\u00fcts Combat MTP\" \/>\n<script type=\"application\/ld+json\" class=\"yoast-schema-graph\">{\"@context\":\"https:\/\/schema.org\",\"@graph\":[{\"@type\":\"WebPage\",\"@id\":\"https:\/\/www.outdoors.ee\/et\/toode\/briti-armee-nokkmuts-combat-mtp\/\",\"url\":\"https:\/\/www.outdoors.ee\/et\/toode\/briti-armee-nokkmuts-combat-mtp\/\",\"name\":\"Briti Armee nokam\u00fcts Combat MTP - outdoors.ee\",\"isPartOf\":{\"@id\":\"https:\/\/www.outdoors.ee\/#website\"},\"primaryImageOfPage\":{\"@id\":\"https:\/\/www.outdoors.ee\/et\/toode\/briti-armee-nokkmuts-combat-mtp\/#primaryimage\"},\"image\":{\"@id\":\"https:\/\/www.outdoors.ee\/et\/toode\/briti-armee-nokkmuts-combat-mtp\/#primaryimage\"},\"thumbnailUrl\":\"https:\/\/www.outdoors.ee\/wp-content\/uploads\/2021\/09\/0128-1-British-Combat-Cap-MTP.jpg\",\"datePublished\":\"2021-12-09T00:00:00+00:00\",\"dateModified\":\"2024-07-18T18:22:08+00:00\",\"description\":\"Originaalne Briti s&otilde;jav&auml;e nokam&uuml;ts kaasaaegses MTP (Multi-Terrain Pattern) laigus. Omadused:&nbsp; 2 &otilde;hutusava m&uuml;tsi tagaosas asub kokkupandav kaelaklapp kiri sildil: Cap Combat MTP Seisukord:&nbsp; uus (v&otilde;ib sisaldada hulgiladustamise j&auml;lgi) uuev&auml;&auml;rne (v&otilde;ib sisaldada minimaalseid kulumisj&auml;lgi)\",\"breadcrumb\":{\"@id\":\"https:\/\/www.outdoors.ee\/et\/toode\/briti-armee-nokkmuts-combat-mtp\/#breadcrumb\"},\"inLanguage\":\"et\",\"potentialAction\":[{\"@type\":\"ReadAction\",\"target\":[\"https:\/\/www.outdoors.ee\/et\/toode\/briti-armee-nokkmuts-combat-mtp\/\"]}]},{\"@type\":\"ImageObject\",\"inLanguage\":\"et\",\"@id\":\"https:\/\/www.outdoors.ee\/et\/toode\/briti-armee-nokkmuts-combat-mtp\/#primaryimage\",\"url\":\"https:\/\/www.outdoors.ee\/wp-content\/uploads\/2021\/09\/0128-1-British-Combat-Cap-MTP.jpg\",\"contentUrl\":\"https:\/\/www.outdoors.ee\/wp-content\/uploads\/2021\/09\/0128-1-British-Combat-Cap-MTP.jpg\",\"width\":679,\"height\":500},{\"@type\":\"BreadcrumbList\",\"@id\":\"https:\/\/www.outdoors.ee\/et\/toode\/briti-armee-nokkmuts-combat-mtp\/#breadcrumb\",\"itemListElement\":[{\"@type\":\"ListItem\",\"position\":1,\"name\":\"Home\",\"item\":\"https:\/\/www.outdoors.ee\/et\/\"},{\"@type\":\"ListItem\",\"position\":2,\"name\":\"Tooted\",\"item\":\"https:\/\/www.outdoors.ee\/products\/\"},{\"@type\":\"ListItem\",\"position\":3,\"name\":\"Briti Armee nokkm\u00fcts Combat MTP\"}]},{\"@type\":\"WebSite\",\"@id\":\"https:\/\/www.outdoors.ee\/#website\",\"url\":\"https:\/\/www.outdoors.ee\/\",\"name\":\"Outdoors\",\"description\":\"Genuine military surplus and not only!\",\"potentialAction\":[{\"@type\":\"SearchAction\",\"target\":{\"@type\":\"EntryPoint\",\"urlTemplate\":\"https:\/\/www.outdoors.ee\/?s={search_term_string}\"},\"query-input\":{\"@type\":\"PropertyValueSpecification\",\"valueRequired\":true,\"valueName\":\"search_term_string\"}}],\"inLanguage\":\"et\"}]}<\/script>\n<!-- \/ Yoast SEO plugin. -->","yoast_head_json":{"title":"Briti Armee nokam\u00fcts Combat MTP - outdoors.ee","description":"Originaalne Briti s&otilde;jav&auml;e nokam&uuml;ts kaasaaegses MTP (Multi-Terrain Pattern) laigus. Omadused:&nbsp; 2 &otilde;hutusava m&uuml;tsi tagaosas asub kokkupandav kaelaklapp kiri sildil: Cap Combat MTP Seisukord:&nbsp; uus (v&otilde;ib sisaldada hulgiladustamise j&auml;lgi) uuev&auml;&auml;rne (v&otilde;ib sisaldada minimaalseid kulumisj&auml;lgi)","robots":{"index":"index","follow":"follow","max-snippet":"max-snippet:-1","max-image-preview":"max-image-preview:large","max-video-preview":"max-video-preview:-1"},"canonical":"https:\/\/www.outdoors.ee\/et\/toode\/briti-armee-nokkmuts-combat-mtp\/","og_locale":"et_EE","og_type":"article","og_title":"Briti Armee nokam\u00fcts Combat MTP","og_description":"Originaalne Briti s&otilde;jav&auml;e nokam&uuml;ts kaasaaegses MTP (Multi-Terrain Pattern) laigus. Omadused:&nbsp; 2 &otilde;hutusava m&uuml;tsi tagaosas asub kokkupandav kaelaklapp kiri sildil: Cap Combat MTP Seisukord:&nbsp; uus (v&otilde;ib sisaldada hulgiladustamise j&auml;lgi) uuev&auml;&auml;rne (v&otilde;ib sisaldada minimaalseid kulumisj&auml;lgi)","og_url":"https:\/\/www.outdoors.ee\/et\/toode\/briti-armee-nokkmuts-combat-mtp\/","og_site_name":"Outdoors","article_modified_time":"2024-07-18T18:22:08+00:00","og_image":[{"width":679,"height":500,"url":"https:\/\/www.outdoors.ee\/wp-content\/uploads\/2021\/09\/0128-1-British-Combat-Cap-MTP.jpg","type":"image\/jpeg"}],"twitter_card":"summary_large_image","twitter_title":"Briti Armee nokam\u00fcts Combat MTP","schema":{"@context":"https:\/\/schema.org","@graph":[{"@type":"WebPage","@id":"https:\/\/www.outdoors.ee\/et\/toode\/briti-armee-nokkmuts-combat-mtp\/","url":"https:\/\/www.outdoors.ee\/et\/toode\/briti-armee-nokkmuts-combat-mtp\/","name":"Briti Armee nokam\u00fcts Combat MTP - outdoors.ee","isPartOf":{"@id":"https:\/\/www.outdoors.ee\/#website"},"primaryImageOfPage":{"@id":"https:\/\/www.outdoors.ee\/et\/toode\/briti-armee-nokkmuts-combat-mtp\/#primaryimage"},"image":{"@id":"https:\/\/www.outdoors.ee\/et\/toode\/briti-armee-nokkmuts-combat-mtp\/#primaryimage"},"thumbnailUrl":"https:\/\/www.outdoors.ee\/wp-content\/uploads\/2021\/09\/0128-1-British-Combat-Cap-MTP.jpg","datePublished":"2021-12-09T00:00:00+00:00","dateModified":"2024-07-18T18:22:08+00:00","description":"Originaalne Briti s&otilde;jav&auml;e nokam&uuml;ts kaasaaegses MTP (Multi-Terrain Pattern) laigus. Omadused:&nbsp; 2 &otilde;hutusava m&uuml;tsi tagaosas asub kokkupandav kaelaklapp kiri sildil: Cap Combat MTP Seisukord:&nbsp; uus (v&otilde;ib sisaldada hulgiladustamise j&auml;lgi) uuev&auml;&auml;rne (v&otilde;ib sisaldada minimaalseid kulumisj&auml;lgi)","breadcrumb":{"@id":"https:\/\/www.outdoors.ee\/et\/toode\/briti-armee-nokkmuts-combat-mtp\/#breadcrumb"},"inLanguage":"et","potentialAction":[{"@type":"ReadAction","target":["https:\/\/www.outdoors.ee\/et\/toode\/briti-armee-nokkmuts-combat-mtp\/"]}]},{"@type":"ImageObject","inLanguage":"et","@id":"https:\/\/www.outdoors.ee\/et\/toode\/briti-armee-nokkmuts-combat-mtp\/#primaryimage","url":"https:\/\/www.outdoors.ee\/wp-content\/uploads\/2021\/09\/0128-1-British-Combat-Cap-MTP.jpg","contentUrl":"https:\/\/www.outdoors.ee\/wp-content\/uploads\/2021\/09\/0128-1-British-Combat-Cap-MTP.jpg","width":679,"height":500},{"@type":"BreadcrumbList","@id":"https:\/\/www.outdoors.ee\/et\/toode\/briti-armee-nokkmuts-combat-mtp\/#breadcrumb","itemListElement":[{"@type":"ListItem","position":1,"name":"Home","item":"https:\/\/www.outdoors.ee\/et\/"},{"@type":"ListItem","position":2,"name":"Tooted","item":"https:\/\/www.outdoors.ee\/products\/"},{"@type":"ListItem","position":3,"name":"Briti Armee nokkm\u00fcts Combat MTP"}]},{"@type":"WebSite","@id":"https:\/\/www.outdoors.ee\/#website","url":"https:\/\/www.outdoors.ee\/","name":"Outdoors","description":"Genuine military surplus and not only!","potentialAction":[{"@type":"SearchAction","target":{"@type":"EntryPoint","urlTemplate":"https:\/\/www.outdoors.ee\/?s={search_term_string}"},"query-input":{"@type":"PropertyValueSpecification","valueRequired":true,"valueName":"search_term_string"}}],"inLanguage":"et"}]}},"_links":{"self":[{"href":"https:\/\/www.outdoors.ee\/et\/wp-json\/wp\/v2\/product\/58309","targetHints":{"allow":["GET"]}}],"collection":[{"href":"https:\/\/www.outdoors.ee\/et\/wp-json\/wp\/v2\/product"}],"about":[{"href":"https:\/\/www.outdoors.ee\/et\/wp-json\/wp\/v2\/types\/product"}],"wp:featuredmedia":[{"embeddable":true,"href":"https:\/\/www.outdoors.ee\/et\/wp-json\/wp\/v2\/media\/17655"}],"wp:attachment":[{"href":"https:\/\/www.outdoors.ee\/et\/wp-json\/wp\/v2\/media?parent=58309"}],"wp:term":[{"taxonomy":"product_brand","embeddable":true,"href":"https:\/\/www.outdoors.ee\/et\/wp-json\/wp\/v2\/product_brand?post=58309"},{"taxonomy":"product_cat","embeddable":true,"href":"https:\/\/www.outdoors.ee\/et\/wp-json\/wp\/v2\/product_cat?post=58309"},{"taxonomy":"product_tag","embeddable":true,"href":"https:\/\/www.outdoors.ee\/et\/wp-json\/wp\/v2\/product_tag?post=58309"}],"curies":[{"name":"wp","href":"https:\/\/api.w.org\/{rel}","templated":true}]}}