{"id":58286,"date":"2021-12-09T00:00:00","date_gmt":"2021-12-08T22:00:00","guid":{"rendered":"https:\/\/www.outdoors.ee\/product\/briti-armee-voorihm-pcs-light-olive\/"},"modified":"2026-03-27T12:31:24","modified_gmt":"2026-03-27T10:31:24","slug":"briti-armee-voorihm-pcs-light-olive","status":"publish","type":"product","link":"https:\/\/www.outdoors.ee\/et\/toode\/briti-armee-voorihm-pcs-light-olive\/","title":{"rendered":"Briti Armee v\u00f6\u00f6rihm PCS Light Olive"},"content":{"rendered":"<p style=\"text-align: justify;\">Briti s\u00f5jav\u00e4e v\u00f6\u00f6rihm, mis on toodetud vastupidavast nailonist ja varustatud suure t\u00f6\u00f6kindla, kuid samas kerge plastikpandlaga. Metallr\u00f5ngad rihma \u00fclemisel \u00e4\u00e4rel v\u00f5imaldavad rakmete ja muu varustuse kinnitamist. Rihma laius on 58mm.<\/p>\n<p style=\"text-align: justify;\">Kaal: 0,26kg<\/p>\n<p style=\"text-align: justify;\">V\u00f6\u00f6\u00f5mberm\u00f5\u00f5t:<\/p>\n<ul>\n<li>Small: 80-100cm<\/li>\n<li>Medium: 90-110cm<\/li>\n<li>Large: 100-120cm<\/li>\n<\/ul>\n<p><strong>Seisukord:<\/strong><\/p>\n<ul>\n<li>uus (originaalpakendis v\u00f5i ilma, v\u00f5ib sisaldada hulgiladustamise j\u00e4lgi)<\/li>\n<li>uuev\u00e4\u00e4rne (sisaldab kergeid kulumisj\u00e4lgi)<\/li>\n<\/ul>\n","protected":false},"excerpt":{"rendered":"<p>Briti Armee v\u00f6\u00f6rihm PCS, heleroheline<\/p>\n","protected":false},"featured_media":71319,"template":"","meta":[],"product_brand":[],"product_cat":[2711],"product_tag":[],"class_list":{"0":"post-58286","1":"product","2":"type-product","3":"status-publish","4":"has-post-thumbnail","6":"product_cat-rihmad","7":"pa_brand-british-military-surplus","8":"pa_condition-uuevaarne","9":"pa_condition-uus","10":"pa_size-l-2","11":"pa_size-m-2","12":"pa_size-s-2","14":"first","15":"instock","16":"taxable","17":"shipping-taxable","18":"purchasable","19":"product-type-variable"},"yoast_head":"<!-- This site is optimized with the Yoast SEO plugin v27.2 - https:\/\/yoast.com\/product\/yoast-seo-wordpress\/ -->\n<title>Briti Armee v\u00f6\u00f6rihm PCS Light Olive - outdoors.ee<\/title>\n<meta name=\"description\" content=\"Originaalne Briti s\u00f5jav\u00e4e v\u00f6\u00f6rihm, mis on toodetud vastupidavast nailonist ja varustatud suure t\u00f6\u00f6kindla, kuid samas kerge plastikpandlaga. Metallr\u00f5ngad rihma \u00fclemisel \u00e4\u00e4rel v\u00f5imaldavad rakmete ja muu varustuse kinnitamist. Rihma laius on 58mm. Kaal: 0,26kg Pikkus: Small: 80-100cm Medium: 90-110cm Large: 100-120cm Seisukord: Uus\" \/>\n<meta name=\"robots\" content=\"index, follow, max-snippet:-1, max-image-preview:large, max-video-preview:-1\" \/>\n<link rel=\"canonical\" href=\"https:\/\/www.outdoors.ee\/et\/toode\/briti-armee-voorihm-pcs-light-olive\/\" \/>\n<meta property=\"og:locale\" content=\"et_EE\" \/>\n<meta property=\"og:type\" content=\"article\" \/>\n<meta property=\"og:title\" content=\"Briti Armee v\u00f6\u00f6rihm PCS Light Olive\" \/>\n<meta property=\"og:description\" content=\"Originaalne Briti s\u00f5jav\u00e4e v\u00f6\u00f6rihm, mis on toodetud vastupidavast nailonist ja varustatud suure t\u00f6\u00f6kindla, kuid samas kerge plastikpandlaga. Metallr\u00f5ngad rihma \u00fclemisel \u00e4\u00e4rel v\u00f5imaldavad rakmete ja muu varustuse kinnitamist. Rihma laius on 58mm. Kaal: 0,26kg Pikkus: Small: 80-100cm Medium: 90-110cm Large: 100-120cm Seisukord: Uus\" \/>\n<meta property=\"og:url\" content=\"https:\/\/www.outdoors.ee\/et\/toode\/briti-armee-voorihm-pcs-light-olive\/\" \/>\n<meta property=\"og:site_name\" content=\"Outdoors\" \/>\n<meta property=\"article:modified_time\" content=\"2026-03-27T10:31:24+00:00\" \/>\n<meta property=\"og:image\" content=\"https:\/\/www.outdoors.ee\/wp-content\/uploads\/2021\/12\/0125-British-Army-Waist-Belt-PCS-Light-Olive.jpg\" \/>\n\t<meta property=\"og:image:width\" content=\"700\" \/>\n\t<meta property=\"og:image:height\" content=\"500\" \/>\n\t<meta property=\"og:image:type\" content=\"image\/jpeg\" \/>\n<meta name=\"twitter:card\" content=\"summary_large_image\" \/>\n<meta name=\"twitter:title\" content=\"Briti Armee v\u00f6\u00f6rihm PCS Light Olive\" \/>\n<meta name=\"twitter:label1\" content=\"Est. reading time\" \/>\n\t<meta name=\"twitter:data1\" content=\"1 minut\" \/>\n<script type=\"application\/ld+json\" class=\"yoast-schema-graph\">{\"@context\":\"https:\/\/schema.org\",\"@graph\":[{\"@type\":\"WebPage\",\"@id\":\"https:\/\/www.outdoors.ee\/et\/toode\/briti-armee-voorihm-pcs-light-olive\/\",\"url\":\"https:\/\/www.outdoors.ee\/et\/toode\/briti-armee-voorihm-pcs-light-olive\/\",\"name\":\"Briti Armee v\u00f6\u00f6rihm PCS Light Olive - outdoors.ee\",\"isPartOf\":{\"@id\":\"https:\/\/www.outdoors.ee\/#website\"},\"primaryImageOfPage\":{\"@id\":\"https:\/\/www.outdoors.ee\/et\/toode\/briti-armee-voorihm-pcs-light-olive\/#primaryimage\"},\"image\":{\"@id\":\"https:\/\/www.outdoors.ee\/et\/toode\/briti-armee-voorihm-pcs-light-olive\/#primaryimage\"},\"thumbnailUrl\":\"https:\/\/www.outdoors.ee\/wp-content\/uploads\/2021\/12\/0125-British-Army-Waist-Belt-PCS-Light-Olive.jpg\",\"datePublished\":\"2021-12-08T22:00:00+00:00\",\"dateModified\":\"2026-03-27T10:31:24+00:00\",\"description\":\"Originaalne Briti s\u00f5jav\u00e4e v\u00f6\u00f6rihm, mis on toodetud vastupidavast nailonist ja varustatud suure t\u00f6\u00f6kindla, kuid samas kerge plastikpandlaga. Metallr\u00f5ngad rihma \u00fclemisel \u00e4\u00e4rel v\u00f5imaldavad rakmete ja muu varustuse kinnitamist. Rihma laius on 58mm. Kaal: 0,26kg Pikkus: Small: 80-100cm Medium: 90-110cm Large: 100-120cm Seisukord: Uus\",\"breadcrumb\":{\"@id\":\"https:\/\/www.outdoors.ee\/et\/toode\/briti-armee-voorihm-pcs-light-olive\/#breadcrumb\"},\"inLanguage\":\"et\",\"potentialAction\":[{\"@type\":\"ReadAction\",\"target\":[\"https:\/\/www.outdoors.ee\/et\/toode\/briti-armee-voorihm-pcs-light-olive\/\"]}]},{\"@type\":\"ImageObject\",\"inLanguage\":\"et\",\"@id\":\"https:\/\/www.outdoors.ee\/et\/toode\/briti-armee-voorihm-pcs-light-olive\/#primaryimage\",\"url\":\"https:\/\/www.outdoors.ee\/wp-content\/uploads\/2021\/12\/0125-British-Army-Waist-Belt-PCS-Light-Olive.jpg\",\"contentUrl\":\"https:\/\/www.outdoors.ee\/wp-content\/uploads\/2021\/12\/0125-British-Army-Waist-Belt-PCS-Light-Olive.jpg\",\"width\":700,\"height\":500},{\"@type\":\"BreadcrumbList\",\"@id\":\"https:\/\/www.outdoors.ee\/et\/toode\/briti-armee-voorihm-pcs-light-olive\/#breadcrumb\",\"itemListElement\":[{\"@type\":\"ListItem\",\"position\":1,\"name\":\"Home\",\"item\":\"https:\/\/www.outdoors.ee\/et\/\"},{\"@type\":\"ListItem\",\"position\":2,\"name\":\"Tooted\",\"item\":\"https:\/\/www.outdoors.ee\/products\/\"},{\"@type\":\"ListItem\",\"position\":3,\"name\":\"Briti Armee v\u00f6\u00f6rihm PCS Light Olive\"}]},{\"@type\":\"WebSite\",\"@id\":\"https:\/\/www.outdoors.ee\/#website\",\"url\":\"https:\/\/www.outdoors.ee\/\",\"name\":\"Outdoors\",\"description\":\"Genuine military surplus and not only!\",\"potentialAction\":[{\"@type\":\"SearchAction\",\"target\":{\"@type\":\"EntryPoint\",\"urlTemplate\":\"https:\/\/www.outdoors.ee\/?s={search_term_string}\"},\"query-input\":{\"@type\":\"PropertyValueSpecification\",\"valueRequired\":true,\"valueName\":\"search_term_string\"}}],\"inLanguage\":\"et\"}]}<\/script>\n<!-- \/ Yoast SEO plugin. -->","yoast_head_json":{"title":"Briti Armee v\u00f6\u00f6rihm PCS Light Olive - outdoors.ee","description":"Originaalne Briti s\u00f5jav\u00e4e v\u00f6\u00f6rihm, mis on toodetud vastupidavast nailonist ja varustatud suure t\u00f6\u00f6kindla, kuid samas kerge plastikpandlaga. Metallr\u00f5ngad rihma \u00fclemisel \u00e4\u00e4rel v\u00f5imaldavad rakmete ja muu varustuse kinnitamist. Rihma laius on 58mm. Kaal: 0,26kg Pikkus: Small: 80-100cm Medium: 90-110cm Large: 100-120cm Seisukord: Uus","robots":{"index":"index","follow":"follow","max-snippet":"max-snippet:-1","max-image-preview":"max-image-preview:large","max-video-preview":"max-video-preview:-1"},"canonical":"https:\/\/www.outdoors.ee\/et\/toode\/briti-armee-voorihm-pcs-light-olive\/","og_locale":"et_EE","og_type":"article","og_title":"Briti Armee v\u00f6\u00f6rihm PCS Light Olive","og_description":"Originaalne Briti s\u00f5jav\u00e4e v\u00f6\u00f6rihm, mis on toodetud vastupidavast nailonist ja varustatud suure t\u00f6\u00f6kindla, kuid samas kerge plastikpandlaga. Metallr\u00f5ngad rihma \u00fclemisel \u00e4\u00e4rel v\u00f5imaldavad rakmete ja muu varustuse kinnitamist. Rihma laius on 58mm. Kaal: 0,26kg Pikkus: Small: 80-100cm Medium: 90-110cm Large: 100-120cm Seisukord: Uus","og_url":"https:\/\/www.outdoors.ee\/et\/toode\/briti-armee-voorihm-pcs-light-olive\/","og_site_name":"Outdoors","article_modified_time":"2026-03-27T10:31:24+00:00","og_image":[{"width":700,"height":500,"url":"https:\/\/www.outdoors.ee\/wp-content\/uploads\/2021\/12\/0125-British-Army-Waist-Belt-PCS-Light-Olive.jpg","type":"image\/jpeg"}],"twitter_card":"summary_large_image","twitter_title":"Briti Armee v\u00f6\u00f6rihm PCS Light Olive","twitter_misc":{"Est. reading time":"1 minut"},"schema":{"@context":"https:\/\/schema.org","@graph":[{"@type":"WebPage","@id":"https:\/\/www.outdoors.ee\/et\/toode\/briti-armee-voorihm-pcs-light-olive\/","url":"https:\/\/www.outdoors.ee\/et\/toode\/briti-armee-voorihm-pcs-light-olive\/","name":"Briti Armee v\u00f6\u00f6rihm PCS Light Olive - outdoors.ee","isPartOf":{"@id":"https:\/\/www.outdoors.ee\/#website"},"primaryImageOfPage":{"@id":"https:\/\/www.outdoors.ee\/et\/toode\/briti-armee-voorihm-pcs-light-olive\/#primaryimage"},"image":{"@id":"https:\/\/www.outdoors.ee\/et\/toode\/briti-armee-voorihm-pcs-light-olive\/#primaryimage"},"thumbnailUrl":"https:\/\/www.outdoors.ee\/wp-content\/uploads\/2021\/12\/0125-British-Army-Waist-Belt-PCS-Light-Olive.jpg","datePublished":"2021-12-08T22:00:00+00:00","dateModified":"2026-03-27T10:31:24+00:00","description":"Originaalne Briti s\u00f5jav\u00e4e v\u00f6\u00f6rihm, mis on toodetud vastupidavast nailonist ja varustatud suure t\u00f6\u00f6kindla, kuid samas kerge plastikpandlaga. Metallr\u00f5ngad rihma \u00fclemisel \u00e4\u00e4rel v\u00f5imaldavad rakmete ja muu varustuse kinnitamist. Rihma laius on 58mm. Kaal: 0,26kg Pikkus: Small: 80-100cm Medium: 90-110cm Large: 100-120cm Seisukord: Uus","breadcrumb":{"@id":"https:\/\/www.outdoors.ee\/et\/toode\/briti-armee-voorihm-pcs-light-olive\/#breadcrumb"},"inLanguage":"et","potentialAction":[{"@type":"ReadAction","target":["https:\/\/www.outdoors.ee\/et\/toode\/briti-armee-voorihm-pcs-light-olive\/"]}]},{"@type":"ImageObject","inLanguage":"et","@id":"https:\/\/www.outdoors.ee\/et\/toode\/briti-armee-voorihm-pcs-light-olive\/#primaryimage","url":"https:\/\/www.outdoors.ee\/wp-content\/uploads\/2021\/12\/0125-British-Army-Waist-Belt-PCS-Light-Olive.jpg","contentUrl":"https:\/\/www.outdoors.ee\/wp-content\/uploads\/2021\/12\/0125-British-Army-Waist-Belt-PCS-Light-Olive.jpg","width":700,"height":500},{"@type":"BreadcrumbList","@id":"https:\/\/www.outdoors.ee\/et\/toode\/briti-armee-voorihm-pcs-light-olive\/#breadcrumb","itemListElement":[{"@type":"ListItem","position":1,"name":"Home","item":"https:\/\/www.outdoors.ee\/et\/"},{"@type":"ListItem","position":2,"name":"Tooted","item":"https:\/\/www.outdoors.ee\/products\/"},{"@type":"ListItem","position":3,"name":"Briti Armee v\u00f6\u00f6rihm PCS Light Olive"}]},{"@type":"WebSite","@id":"https:\/\/www.outdoors.ee\/#website","url":"https:\/\/www.outdoors.ee\/","name":"Outdoors","description":"Genuine military surplus and not only!","potentialAction":[{"@type":"SearchAction","target":{"@type":"EntryPoint","urlTemplate":"https:\/\/www.outdoors.ee\/?s={search_term_string}"},"query-input":{"@type":"PropertyValueSpecification","valueRequired":true,"valueName":"search_term_string"}}],"inLanguage":"et"}]}},"_links":{"self":[{"href":"https:\/\/www.outdoors.ee\/et\/wp-json\/wp\/v2\/product\/58286","targetHints":{"allow":["GET"]}}],"collection":[{"href":"https:\/\/www.outdoors.ee\/et\/wp-json\/wp\/v2\/product"}],"about":[{"href":"https:\/\/www.outdoors.ee\/et\/wp-json\/wp\/v2\/types\/product"}],"wp:featuredmedia":[{"embeddable":true,"href":"https:\/\/www.outdoors.ee\/et\/wp-json\/wp\/v2\/media\/71319"}],"wp:attachment":[{"href":"https:\/\/www.outdoors.ee\/et\/wp-json\/wp\/v2\/media?parent=58286"}],"wp:term":[{"taxonomy":"product_brand","embeddable":true,"href":"https:\/\/www.outdoors.ee\/et\/wp-json\/wp\/v2\/product_brand?post=58286"},{"taxonomy":"product_cat","embeddable":true,"href":"https:\/\/www.outdoors.ee\/et\/wp-json\/wp\/v2\/product_cat?post=58286"},{"taxonomy":"product_tag","embeddable":true,"href":"https:\/\/www.outdoors.ee\/et\/wp-json\/wp\/v2\/product_tag?post=58286"}],"curies":[{"name":"wp","href":"https:\/\/api.w.org\/{rel}","templated":true}]}}