{"id":58278,"date":"2021-12-09T00:00:00","date_gmt":"2021-12-09T00:00:00","guid":{"rendered":"https:\/\/www.outdoors.ee\/product\/briti-armee-seljakott-plce-short-convoluted-back-mtp\/"},"modified":"2026-03-31T20:05:20","modified_gmt":"2026-03-31T17:05:20","slug":"briti-armee-seljakott-plce-short-convoluted-back-mtp","status":"publish","type":"product","link":"https:\/\/www.outdoors.ee\/et\/toode\/briti-armee-seljakott-plce-short-convoluted-back-mtp\/","title":{"rendered":"Briti Armee seljakott PLCE Short Convoluted Back MTP"},"content":{"rendered":"<p style=\"text-align: justify;\">Briti jalav\u00e4e PLCE (Personal Load Carrying Equipment) originaal seljakott integreeritud alumiiniumraamiga MTP (Multi-Terrain Pattern) kamuflaa\u017eis.<\/p>\n<p style=\"text-align: justify;\"><strong>Omadused:<\/strong><\/p>\n<ul style=\"text-align: justify;\">\n<li>2 eemaldatavat k\u00fcljetaskut<\/li>\n<li>maht ca 110L koos k\u00fcljetaskutega<\/li>\n<li>integreeritud eemaldatav alumiiniumraam<\/li>\n<li>t\u00f5mblukuga pealmise kaane tasku<\/li>\n<li>t\u00f5mbluku ja takjapealaga tasku esipaneelil<\/li>\n<li>ilmastikukindel pealmine laiendus peasahtlile pingutusn\u00f6\u00f6riga<\/li>\n<li>polsterdatud \u00f5larihmad ning puusarihm<\/li>\n<li><span style=\"text-align: justify;\">pehmendatud seljaosa<\/span><\/li>\n<\/ul>\n<p style=\"text-align: justify;\"><strong>Seisukord:<\/strong><\/p>\n<ul>\n<li>uus, k\u00fcljetaskutega v\u00f5i ilma, vastavalt rippmen\u00fc\u00fc valikule (ilma originaalpakendita, v\u00f5ib sisaldada hulgiladustamise j\u00e4lgi)<\/li>\n<li style=\"text-align: justify;\">uuev\u00e4\u00e4rne, k\u00fcljetaskutega v\u00f5i ilma, vastavalt rippmen\u00fc\u00fc valikule (sisaldab kergeid kulumisj\u00e4lgi)<\/li>\n<li style=\"text-align: justify;\">kasutatud, Grade 1 (kergete v\u00f5i m\u00f5\u00f5dukate kulumisj\u00e4lgedega, ei sisalda m\u00e4rkimisv\u00e4\u00e4rseid vigastusi, v\u00f5ib olla kergelt m\u00e4\u00e4rdunud, <span style=\"text-decoration: underline;\">ilma k\u00fcljetaskuteta<\/span>)<\/li>\n<li style=\"text-align: justify;\">kasutatud, Grade 2 (sisaldab m\u00f5\u00f5dukaid kulumisj\u00e4lgi, v\u00f5ib olla m\u00e4\u00e4rdunud. <span style=\"text-decoration: underline;\">Ilma k\u00fcljetaskuteta<\/span> ning ilma alumiiniumraamita. V\u00f5ib sisaldada v\u00e4ikseid vigastusi sh ka puusarihmal)<\/li>\n<\/ul>\n","protected":false},"excerpt":{"rendered":"<p>Briti jalav\u00e4e PLCE (Personal Load Carrying Equipment) originaal seljakott integreeritud alumiiniumraamiga MTP (Multi-Terrain Pattern) kamuflaa\u017eis. Omadused: 2 eemaldatavat k\u00fcljetaskut maht<\/p>\n","protected":false},"featured_media":9160,"template":"","meta":[],"product_brand":[],"product_cat":[3539],"product_tag":[],"class_list":{"0":"post-58278","1":"product","2":"type-product","3":"status-publish","4":"has-post-thumbnail","6":"product_cat-seljakotid","7":"pa_brand-british-military-surplus","8":"pa_condition-kasutatud-grade-1","9":"pa_condition-kasutatud-grade-2","10":"pa_condition-uuevaarne","11":"pa_condition-uuevaarne-ilma-kuljetaskuteta","12":"pa_condition-uuevaarne-kuljetaskutega","13":"pa_condition-uus-ilma-kuljetaskuteta","14":"pa_condition-uus-kuljetaskutega","16":"first","17":"instock","18":"taxable","19":"shipping-taxable","20":"purchasable","21":"product-type-variable"},"yoast_head":"<!-- This site is optimized with the Yoast SEO plugin v27.2 - https:\/\/yoast.com\/product\/yoast-seo-wordpress\/ -->\n<title>Briti Armee seljakott PLCE Short Convoluted Back MTP - outdoors.ee<\/title>\n<meta name=\"description\" content=\"Originaalne Briti PLCE (Personal Load Carrying Equipment) jalav\u00e4e seljakott integreeritud alumiiniumraamiga kaasaaegses MTP (Multi-Terrain Pattern) laigus. Omadused: 2 eemaldatavat k\u00fcljetaskut maht ca 110L koos k\u00fcljetaskutega integreeritud eemaldatav alumiiniumraam t\u00f5mblukuga pealmise klapi tasku t\u00f5mbluku ja takjakinnitusega v\u00e4ike tasku esipaneelil ilmastikukindel pealmine laiendus peasahtlile pingutusn\u00f6\u00f6riga polsterdatud \u00f5larihmad ning puusarihm pehmendatud seljaosa Seisukord: uus (v\u00f5ib sisaldada hulgiladustamise j\u00e4lgi) uuev\u00e4\u00e4rne (sisaldab minimaalseid kulumisj\u00e4lgi, sisaldab k\u00fcljetaskuid) kasutatud, Grade 1 (kergete v\u00f5i m\u00f5\u00f5dukate kulumisj\u00e4lgedega, ei sisalda m\u00e4rkimisv\u00e4\u00e4rseid vigastusi, v\u00f5ib olla kergelt m\u00e4\u00e4rdunud, sisaldab k\u00fcljetaskuid) kasutatud, Grade 2 (sisaldab m\u00f5\u00f5dukaid kulumisj\u00e4lgi, v\u00f5ib olla m\u00e4\u00e4rdunud. Ilma k\u00fcljetaskuteta ning ilma alumiiniumraamita. V\u00f5ib sisaldada v\u00e4ikseid vigastusi sh ka puusarihmal)\" \/>\n<meta name=\"robots\" content=\"index, follow, max-snippet:-1, max-image-preview:large, max-video-preview:-1\" \/>\n<link rel=\"canonical\" href=\"https:\/\/www.outdoors.ee\/et\/toode\/briti-armee-seljakott-plce-short-convoluted-back-mtp\/\" \/>\n<meta property=\"og:locale\" content=\"et_EE\" \/>\n<meta property=\"og:type\" content=\"article\" \/>\n<meta property=\"og:title\" content=\"Briti Armee seljakott PLCE Short Convoluted Back MTP\" \/>\n<meta property=\"og:description\" content=\"Originaalne Briti PLCE (Personal Load Carrying Equipment) jalav\u00e4e seljakott integreeritud alumiiniumraamiga kaasaaegses MTP (Multi-Terrain Pattern) laigus. Omadused: 2 eemaldatavat k\u00fcljetaskut maht ca 110L koos k\u00fcljetaskutega integreeritud eemaldatav alumiiniumraam t\u00f5mblukuga pealmise klapi tasku t\u00f5mbluku ja takjakinnitusega v\u00e4ike tasku esipaneelil ilmastikukindel pealmine laiendus peasahtlile pingutusn\u00f6\u00f6riga polsterdatud \u00f5larihmad ning puusarihm pehmendatud seljaosa Seisukord: uus (v\u00f5ib sisaldada hulgiladustamise j\u00e4lgi) uuev\u00e4\u00e4rne (sisaldab minimaalseid kulumisj\u00e4lgi, sisaldab k\u00fcljetaskuid) kasutatud, Grade 1 (kergete v\u00f5i m\u00f5\u00f5dukate kulumisj\u00e4lgedega, ei sisalda m\u00e4rkimisv\u00e4\u00e4rseid vigastusi, v\u00f5ib olla kergelt m\u00e4\u00e4rdunud, sisaldab k\u00fcljetaskuid) kasutatud, Grade 2 (sisaldab m\u00f5\u00f5dukaid kulumisj\u00e4lgi, v\u00f5ib olla m\u00e4\u00e4rdunud. Ilma k\u00fcljetaskuteta ning ilma alumiiniumraamita. V\u00f5ib sisaldada v\u00e4ikseid vigastusi sh ka puusarihmal)\" \/>\n<meta property=\"og:url\" content=\"https:\/\/www.outdoors.ee\/et\/toode\/briti-armee-seljakott-plce-short-convoluted-back-mtp\/\" \/>\n<meta property=\"og:site_name\" content=\"Outdoors\" \/>\n<meta property=\"article:modified_time\" content=\"2026-03-31T17:05:20+00:00\" \/>\n<meta property=\"og:image\" content=\"https:\/\/www.outdoors.ee\/wp-content\/uploads\/2021\/08\/0122-British-Army-PLCE-Short-Convoluted-Back-Rucksack-MTP.png\" \/>\n\t<meta property=\"og:image:width\" content=\"433\" \/>\n\t<meta property=\"og:image:height\" content=\"507\" \/>\n\t<meta property=\"og:image:type\" content=\"image\/png\" \/>\n<meta name=\"twitter:card\" content=\"summary_large_image\" \/>\n<meta name=\"twitter:title\" content=\"Briti Armee seljakott PLCE Short Convoluted Back MTP\" \/>\n<meta name=\"twitter:label1\" content=\"Est. reading time\" \/>\n\t<meta name=\"twitter:data1\" content=\"1 minut\" \/>\n<script type=\"application\/ld+json\" class=\"yoast-schema-graph\">{\"@context\":\"https:\/\/schema.org\",\"@graph\":[{\"@type\":\"WebPage\",\"@id\":\"https:\/\/www.outdoors.ee\/et\/toode\/briti-armee-seljakott-plce-short-convoluted-back-mtp\/\",\"url\":\"https:\/\/www.outdoors.ee\/et\/toode\/briti-armee-seljakott-plce-short-convoluted-back-mtp\/\",\"name\":\"Briti Armee seljakott PLCE Short Convoluted Back MTP - outdoors.ee\",\"isPartOf\":{\"@id\":\"https:\/\/www.outdoors.ee\/#website\"},\"primaryImageOfPage\":{\"@id\":\"https:\/\/www.outdoors.ee\/et\/toode\/briti-armee-seljakott-plce-short-convoluted-back-mtp\/#primaryimage\"},\"image\":{\"@id\":\"https:\/\/www.outdoors.ee\/et\/toode\/briti-armee-seljakott-plce-short-convoluted-back-mtp\/#primaryimage\"},\"thumbnailUrl\":\"https:\/\/www.outdoors.ee\/wp-content\/uploads\/2021\/08\/0122-British-Army-PLCE-Short-Convoluted-Back-Rucksack-MTP.png\",\"datePublished\":\"2021-12-09T00:00:00+00:00\",\"dateModified\":\"2026-03-31T17:05:20+00:00\",\"description\":\"Originaalne Briti PLCE (Personal Load Carrying Equipment) jalav\u00e4e seljakott integreeritud alumiiniumraamiga kaasaaegses MTP (Multi-Terrain Pattern) laigus. Omadused: 2 eemaldatavat k\u00fcljetaskut maht ca 110L koos k\u00fcljetaskutega integreeritud eemaldatav alumiiniumraam t\u00f5mblukuga pealmise klapi tasku t\u00f5mbluku ja takjakinnitusega v\u00e4ike tasku esipaneelil ilmastikukindel pealmine laiendus peasahtlile pingutusn\u00f6\u00f6riga polsterdatud \u00f5larihmad ning puusarihm pehmendatud seljaosa Seisukord: uus (v\u00f5ib sisaldada hulgiladustamise j\u00e4lgi) uuev\u00e4\u00e4rne (sisaldab minimaalseid kulumisj\u00e4lgi, sisaldab k\u00fcljetaskuid) kasutatud, Grade 1 (kergete v\u00f5i m\u00f5\u00f5dukate kulumisj\u00e4lgedega, ei sisalda m\u00e4rkimisv\u00e4\u00e4rseid vigastusi, v\u00f5ib olla kergelt m\u00e4\u00e4rdunud, sisaldab k\u00fcljetaskuid) kasutatud, Grade 2 (sisaldab m\u00f5\u00f5dukaid kulumisj\u00e4lgi, v\u00f5ib olla m\u00e4\u00e4rdunud. Ilma k\u00fcljetaskuteta ning ilma alumiiniumraamita. V\u00f5ib sisaldada v\u00e4ikseid vigastusi sh ka puusarihmal)\",\"breadcrumb\":{\"@id\":\"https:\/\/www.outdoors.ee\/et\/toode\/briti-armee-seljakott-plce-short-convoluted-back-mtp\/#breadcrumb\"},\"inLanguage\":\"et\",\"potentialAction\":[{\"@type\":\"ReadAction\",\"target\":[\"https:\/\/www.outdoors.ee\/et\/toode\/briti-armee-seljakott-plce-short-convoluted-back-mtp\/\"]}]},{\"@type\":\"ImageObject\",\"inLanguage\":\"et\",\"@id\":\"https:\/\/www.outdoors.ee\/et\/toode\/briti-armee-seljakott-plce-short-convoluted-back-mtp\/#primaryimage\",\"url\":\"https:\/\/www.outdoors.ee\/wp-content\/uploads\/2021\/08\/0122-British-Army-PLCE-Short-Convoluted-Back-Rucksack-MTP.png\",\"contentUrl\":\"https:\/\/www.outdoors.ee\/wp-content\/uploads\/2021\/08\/0122-British-Army-PLCE-Short-Convoluted-Back-Rucksack-MTP.png\",\"width\":433,\"height\":507},{\"@type\":\"BreadcrumbList\",\"@id\":\"https:\/\/www.outdoors.ee\/et\/toode\/briti-armee-seljakott-plce-short-convoluted-back-mtp\/#breadcrumb\",\"itemListElement\":[{\"@type\":\"ListItem\",\"position\":1,\"name\":\"Home\",\"item\":\"https:\/\/www.outdoors.ee\/et\/\"},{\"@type\":\"ListItem\",\"position\":2,\"name\":\"Tooted\",\"item\":\"https:\/\/www.outdoors.ee\/products\/\"},{\"@type\":\"ListItem\",\"position\":3,\"name\":\"Briti Armee seljakott PLCE Short Convoluted Back MTP\"}]},{\"@type\":\"WebSite\",\"@id\":\"https:\/\/www.outdoors.ee\/#website\",\"url\":\"https:\/\/www.outdoors.ee\/\",\"name\":\"Outdoors\",\"description\":\"Genuine military surplus and not only!\",\"potentialAction\":[{\"@type\":\"SearchAction\",\"target\":{\"@type\":\"EntryPoint\",\"urlTemplate\":\"https:\/\/www.outdoors.ee\/?s={search_term_string}\"},\"query-input\":{\"@type\":\"PropertyValueSpecification\",\"valueRequired\":true,\"valueName\":\"search_term_string\"}}],\"inLanguage\":\"et\"}]}<\/script>\n<!-- \/ Yoast SEO plugin. -->","yoast_head_json":{"title":"Briti Armee seljakott PLCE Short Convoluted Back MTP - outdoors.ee","description":"Originaalne Briti PLCE (Personal Load Carrying Equipment) jalav\u00e4e seljakott integreeritud alumiiniumraamiga kaasaaegses MTP (Multi-Terrain Pattern) laigus. Omadused: 2 eemaldatavat k\u00fcljetaskut maht ca 110L koos k\u00fcljetaskutega integreeritud eemaldatav alumiiniumraam t\u00f5mblukuga pealmise klapi tasku t\u00f5mbluku ja takjakinnitusega v\u00e4ike tasku esipaneelil ilmastikukindel pealmine laiendus peasahtlile pingutusn\u00f6\u00f6riga polsterdatud \u00f5larihmad ning puusarihm pehmendatud seljaosa Seisukord: uus (v\u00f5ib sisaldada hulgiladustamise j\u00e4lgi) uuev\u00e4\u00e4rne (sisaldab minimaalseid kulumisj\u00e4lgi, sisaldab k\u00fcljetaskuid) kasutatud, Grade 1 (kergete v\u00f5i m\u00f5\u00f5dukate kulumisj\u00e4lgedega, ei sisalda m\u00e4rkimisv\u00e4\u00e4rseid vigastusi, v\u00f5ib olla kergelt m\u00e4\u00e4rdunud, sisaldab k\u00fcljetaskuid) kasutatud, Grade 2 (sisaldab m\u00f5\u00f5dukaid kulumisj\u00e4lgi, v\u00f5ib olla m\u00e4\u00e4rdunud. Ilma k\u00fcljetaskuteta ning ilma alumiiniumraamita. V\u00f5ib sisaldada v\u00e4ikseid vigastusi sh ka puusarihmal)","robots":{"index":"index","follow":"follow","max-snippet":"max-snippet:-1","max-image-preview":"max-image-preview:large","max-video-preview":"max-video-preview:-1"},"canonical":"https:\/\/www.outdoors.ee\/et\/toode\/briti-armee-seljakott-plce-short-convoluted-back-mtp\/","og_locale":"et_EE","og_type":"article","og_title":"Briti Armee seljakott PLCE Short Convoluted Back MTP","og_description":"Originaalne Briti PLCE (Personal Load Carrying Equipment) jalav\u00e4e seljakott integreeritud alumiiniumraamiga kaasaaegses MTP (Multi-Terrain Pattern) laigus. Omadused: 2 eemaldatavat k\u00fcljetaskut maht ca 110L koos k\u00fcljetaskutega integreeritud eemaldatav alumiiniumraam t\u00f5mblukuga pealmise klapi tasku t\u00f5mbluku ja takjakinnitusega v\u00e4ike tasku esipaneelil ilmastikukindel pealmine laiendus peasahtlile pingutusn\u00f6\u00f6riga polsterdatud \u00f5larihmad ning puusarihm pehmendatud seljaosa Seisukord: uus (v\u00f5ib sisaldada hulgiladustamise j\u00e4lgi) uuev\u00e4\u00e4rne (sisaldab minimaalseid kulumisj\u00e4lgi, sisaldab k\u00fcljetaskuid) kasutatud, Grade 1 (kergete v\u00f5i m\u00f5\u00f5dukate kulumisj\u00e4lgedega, ei sisalda m\u00e4rkimisv\u00e4\u00e4rseid vigastusi, v\u00f5ib olla kergelt m\u00e4\u00e4rdunud, sisaldab k\u00fcljetaskuid) kasutatud, Grade 2 (sisaldab m\u00f5\u00f5dukaid kulumisj\u00e4lgi, v\u00f5ib olla m\u00e4\u00e4rdunud. Ilma k\u00fcljetaskuteta ning ilma alumiiniumraamita. V\u00f5ib sisaldada v\u00e4ikseid vigastusi sh ka puusarihmal)","og_url":"https:\/\/www.outdoors.ee\/et\/toode\/briti-armee-seljakott-plce-short-convoluted-back-mtp\/","og_site_name":"Outdoors","article_modified_time":"2026-03-31T17:05:20+00:00","og_image":[{"width":433,"height":507,"url":"https:\/\/www.outdoors.ee\/wp-content\/uploads\/2021\/08\/0122-British-Army-PLCE-Short-Convoluted-Back-Rucksack-MTP.png","type":"image\/png"}],"twitter_card":"summary_large_image","twitter_title":"Briti Armee seljakott PLCE Short Convoluted Back MTP","twitter_misc":{"Est. reading time":"1 minut"},"schema":{"@context":"https:\/\/schema.org","@graph":[{"@type":"WebPage","@id":"https:\/\/www.outdoors.ee\/et\/toode\/briti-armee-seljakott-plce-short-convoluted-back-mtp\/","url":"https:\/\/www.outdoors.ee\/et\/toode\/briti-armee-seljakott-plce-short-convoluted-back-mtp\/","name":"Briti Armee seljakott PLCE Short Convoluted Back MTP - outdoors.ee","isPartOf":{"@id":"https:\/\/www.outdoors.ee\/#website"},"primaryImageOfPage":{"@id":"https:\/\/www.outdoors.ee\/et\/toode\/briti-armee-seljakott-plce-short-convoluted-back-mtp\/#primaryimage"},"image":{"@id":"https:\/\/www.outdoors.ee\/et\/toode\/briti-armee-seljakott-plce-short-convoluted-back-mtp\/#primaryimage"},"thumbnailUrl":"https:\/\/www.outdoors.ee\/wp-content\/uploads\/2021\/08\/0122-British-Army-PLCE-Short-Convoluted-Back-Rucksack-MTP.png","datePublished":"2021-12-09T00:00:00+00:00","dateModified":"2026-03-31T17:05:20+00:00","description":"Originaalne Briti PLCE (Personal Load Carrying Equipment) jalav\u00e4e seljakott integreeritud alumiiniumraamiga kaasaaegses MTP (Multi-Terrain Pattern) laigus. Omadused: 2 eemaldatavat k\u00fcljetaskut maht ca 110L koos k\u00fcljetaskutega integreeritud eemaldatav alumiiniumraam t\u00f5mblukuga pealmise klapi tasku t\u00f5mbluku ja takjakinnitusega v\u00e4ike tasku esipaneelil ilmastikukindel pealmine laiendus peasahtlile pingutusn\u00f6\u00f6riga polsterdatud \u00f5larihmad ning puusarihm pehmendatud seljaosa Seisukord: uus (v\u00f5ib sisaldada hulgiladustamise j\u00e4lgi) uuev\u00e4\u00e4rne (sisaldab minimaalseid kulumisj\u00e4lgi, sisaldab k\u00fcljetaskuid) kasutatud, Grade 1 (kergete v\u00f5i m\u00f5\u00f5dukate kulumisj\u00e4lgedega, ei sisalda m\u00e4rkimisv\u00e4\u00e4rseid vigastusi, v\u00f5ib olla kergelt m\u00e4\u00e4rdunud, sisaldab k\u00fcljetaskuid) kasutatud, Grade 2 (sisaldab m\u00f5\u00f5dukaid kulumisj\u00e4lgi, v\u00f5ib olla m\u00e4\u00e4rdunud. Ilma k\u00fcljetaskuteta ning ilma alumiiniumraamita. V\u00f5ib sisaldada v\u00e4ikseid vigastusi sh ka puusarihmal)","breadcrumb":{"@id":"https:\/\/www.outdoors.ee\/et\/toode\/briti-armee-seljakott-plce-short-convoluted-back-mtp\/#breadcrumb"},"inLanguage":"et","potentialAction":[{"@type":"ReadAction","target":["https:\/\/www.outdoors.ee\/et\/toode\/briti-armee-seljakott-plce-short-convoluted-back-mtp\/"]}]},{"@type":"ImageObject","inLanguage":"et","@id":"https:\/\/www.outdoors.ee\/et\/toode\/briti-armee-seljakott-plce-short-convoluted-back-mtp\/#primaryimage","url":"https:\/\/www.outdoors.ee\/wp-content\/uploads\/2021\/08\/0122-British-Army-PLCE-Short-Convoluted-Back-Rucksack-MTP.png","contentUrl":"https:\/\/www.outdoors.ee\/wp-content\/uploads\/2021\/08\/0122-British-Army-PLCE-Short-Convoluted-Back-Rucksack-MTP.png","width":433,"height":507},{"@type":"BreadcrumbList","@id":"https:\/\/www.outdoors.ee\/et\/toode\/briti-armee-seljakott-plce-short-convoluted-back-mtp\/#breadcrumb","itemListElement":[{"@type":"ListItem","position":1,"name":"Home","item":"https:\/\/www.outdoors.ee\/et\/"},{"@type":"ListItem","position":2,"name":"Tooted","item":"https:\/\/www.outdoors.ee\/products\/"},{"@type":"ListItem","position":3,"name":"Briti Armee seljakott PLCE Short Convoluted Back MTP"}]},{"@type":"WebSite","@id":"https:\/\/www.outdoors.ee\/#website","url":"https:\/\/www.outdoors.ee\/","name":"Outdoors","description":"Genuine military surplus and not only!","potentialAction":[{"@type":"SearchAction","target":{"@type":"EntryPoint","urlTemplate":"https:\/\/www.outdoors.ee\/?s={search_term_string}"},"query-input":{"@type":"PropertyValueSpecification","valueRequired":true,"valueName":"search_term_string"}}],"inLanguage":"et"}]}},"_links":{"self":[{"href":"https:\/\/www.outdoors.ee\/et\/wp-json\/wp\/v2\/product\/58278","targetHints":{"allow":["GET"]}}],"collection":[{"href":"https:\/\/www.outdoors.ee\/et\/wp-json\/wp\/v2\/product"}],"about":[{"href":"https:\/\/www.outdoors.ee\/et\/wp-json\/wp\/v2\/types\/product"}],"wp:featuredmedia":[{"embeddable":true,"href":"https:\/\/www.outdoors.ee\/et\/wp-json\/wp\/v2\/media\/9160"}],"wp:attachment":[{"href":"https:\/\/www.outdoors.ee\/et\/wp-json\/wp\/v2\/media?parent=58278"}],"wp:term":[{"taxonomy":"product_brand","embeddable":true,"href":"https:\/\/www.outdoors.ee\/et\/wp-json\/wp\/v2\/product_brand?post=58278"},{"taxonomy":"product_cat","embeddable":true,"href":"https:\/\/www.outdoors.ee\/et\/wp-json\/wp\/v2\/product_cat?post=58278"},{"taxonomy":"product_tag","embeddable":true,"href":"https:\/\/www.outdoors.ee\/et\/wp-json\/wp\/v2\/product_tag?post=58278"}],"curies":[{"name":"wp","href":"https:\/\/api.w.org\/{rel}","templated":true}]}}