{"id":58262,"date":"2021-12-09T00:00:00","date_gmt":"2021-12-09T00:00:00","guid":{"rendered":"https:\/\/www.outdoors.ee\/product\/briti-armee-nahast-kindad-combat-mkii-mtp\/"},"modified":"2024-11-02T11:10:21","modified_gmt":"2024-11-02T09:10:21","slug":"briti-armee-nahast-kindad-combat-mkii-mtp","status":"publish","type":"product","link":"https:\/\/www.outdoors.ee\/et\/toode\/briti-armee-nahast-kindad-combat-mkii-mtp\/","title":{"rendered":"Briti Armee nahast kindad Combat MKII MTP"},"content":{"rendered":"<p style=\"text-align: justify;\">Briti s\u00f5jav\u00e4e kindad, mis on toodetud vetth\u00fclgavast lambanahast, MVP (Moisture Vapour Permeable) materjalist sisevoodriga, mis kaitseb v\u00e4lise niiskuse eest samal ajal lastes k\u00e4tel kiuvada. Veniv mansett hoiab kinda ilusti \u00fcmber k\u00e4e.<\/p>\n<p style=\"text-align: justify;\"><strong>Seisukord:<\/strong><\/p>\n<ul>\n<li>uued (j\u00e4em\u00fc\u00fcgipakendis v\u00f5i ilma, v\u00f5ivad sisaldada hulgiladustamise j\u00e4lgi)<\/li>\n<li>uuev\u00e4\u00e4rsed (sisaldavad minimaalseid kulumisj\u00e4lgi)<\/li>\n<li>kasutatud, Grade 1 (sisaldavad m\u00f5\u00f5dukaid kulumisj\u00e4lgi, v\u00f5ivad olla veidi m\u00e4\u00e4rdunud)<\/li>\n<\/ul>\n","protected":false},"excerpt":{"rendered":"<p>Briti Armee nahast kindad Combat MKII, MTP<\/p>\n","protected":false},"featured_media":17645,"template":"","meta":[],"product_brand":[],"product_cat":[98],"product_tag":[],"class_list":{"0":"post-58262","1":"product","2":"type-product","3":"status-publish","4":"has-post-thumbnail","6":"product_cat-kindad","7":"pa_brand-british-military-surplus","8":"pa_condition-uuevaarne","9":"pa_condition-uus","10":"pa_size-10-2","11":"pa_size-11-2","12":"pa_size-7-3","13":"pa_size-8-2","14":"pa_size-9-2","16":"first","17":"instock","18":"taxable","19":"shipping-taxable","20":"purchasable","21":"product-type-variable"},"yoast_head":"<!-- This site is optimized with the Yoast SEO plugin v27.2 - https:\/\/yoast.com\/product\/yoast-seo-wordpress\/ -->\n<title>Briti Armee nahast kindad Combat MKII MTP - outdoors.ee<\/title>\n<meta name=\"description\" content=\"Originaalsed Briti s\u00f5jav\u00e4e kindad, mis on toodetud vetth\u00fclgavast lambanahast, MVP (Moisture Vapour Permeable) materjalist sooja sisevoodriga, mis kaitseb v\u00e4lise niiskuse eest samal ajal lastes k\u00e4tel kiuvada. Veniv mansett hoiab kinda ilusti \u00fcmber k\u00e4e.\u00a0 Seisukord: uued uuev\u00e4\u00e4rsed (minimalsete kulumisj\u00e4lgedega) kasutatud, Grade 1 (kergete v\u00f5i m\u00f5\u00f5dukate kulumisj\u00e4lgedega, v\u00f5ivad olla veidi m\u00e4\u00e4rdunud)\" \/>\n<meta name=\"robots\" content=\"index, follow, max-snippet:-1, max-image-preview:large, max-video-preview:-1\" \/>\n<link rel=\"canonical\" href=\"https:\/\/www.outdoors.ee\/et\/toode\/briti-armee-nahast-kindad-combat-mkii-mtp\/\" \/>\n<meta property=\"og:locale\" content=\"et_EE\" \/>\n<meta property=\"og:type\" content=\"article\" \/>\n<meta property=\"og:title\" content=\"Briti Armee nahast kindad Combat MKII MTP\" \/>\n<meta property=\"og:description\" content=\"Originaalsed Briti s\u00f5jav\u00e4e kindad, mis on toodetud vetth\u00fclgavast lambanahast, MVP (Moisture Vapour Permeable) materjalist sooja sisevoodriga, mis kaitseb v\u00e4lise niiskuse eest samal ajal lastes k\u00e4tel kiuvada. Veniv mansett hoiab kinda ilusti \u00fcmber k\u00e4e.\u00a0 Seisukord: uued uuev\u00e4\u00e4rsed (minimalsete kulumisj\u00e4lgedega) kasutatud, Grade 1 (kergete v\u00f5i m\u00f5\u00f5dukate kulumisj\u00e4lgedega, v\u00f5ivad olla veidi m\u00e4\u00e4rdunud)\" \/>\n<meta property=\"og:url\" content=\"https:\/\/www.outdoors.ee\/et\/toode\/briti-armee-nahast-kindad-combat-mkii-mtp\/\" \/>\n<meta property=\"og:site_name\" content=\"Outdoors\" \/>\n<meta property=\"article:modified_time\" content=\"2024-11-02T09:10:21+00:00\" \/>\n<meta property=\"og:image\" content=\"https:\/\/www.outdoors.ee\/wp-content\/uploads\/2021\/09\/0121W-British-Army-Combat-Leather-Gloves.jpg\" \/>\n\t<meta property=\"og:image:width\" content=\"637\" \/>\n\t<meta property=\"og:image:height\" content=\"637\" \/>\n\t<meta property=\"og:image:type\" content=\"image\/jpeg\" \/>\n<meta name=\"twitter:card\" content=\"summary_large_image\" \/>\n<meta name=\"twitter:title\" content=\"Briti Armee nahast kindad Combat MKII MTP\" \/>\n<meta name=\"twitter:label1\" content=\"Est. reading time\" \/>\n\t<meta name=\"twitter:data1\" content=\"1 minut\" \/>\n<script type=\"application\/ld+json\" class=\"yoast-schema-graph\">{\"@context\":\"https:\/\/schema.org\",\"@graph\":[{\"@type\":\"WebPage\",\"@id\":\"https:\/\/www.outdoors.ee\/et\/toode\/briti-armee-nahast-kindad-combat-mkii-mtp\/\",\"url\":\"https:\/\/www.outdoors.ee\/et\/toode\/briti-armee-nahast-kindad-combat-mkii-mtp\/\",\"name\":\"Briti Armee nahast kindad Combat MKII MTP - outdoors.ee\",\"isPartOf\":{\"@id\":\"https:\/\/www.outdoors.ee\/#website\"},\"primaryImageOfPage\":{\"@id\":\"https:\/\/www.outdoors.ee\/et\/toode\/briti-armee-nahast-kindad-combat-mkii-mtp\/#primaryimage\"},\"image\":{\"@id\":\"https:\/\/www.outdoors.ee\/et\/toode\/briti-armee-nahast-kindad-combat-mkii-mtp\/#primaryimage\"},\"thumbnailUrl\":\"https:\/\/www.outdoors.ee\/wp-content\/uploads\/2021\/09\/0121W-British-Army-Combat-Leather-Gloves.jpg\",\"datePublished\":\"2021-12-09T00:00:00+00:00\",\"dateModified\":\"2024-11-02T09:10:21+00:00\",\"description\":\"Originaalsed Briti s\u00f5jav\u00e4e kindad, mis on toodetud vetth\u00fclgavast lambanahast, MVP (Moisture Vapour Permeable) materjalist sooja sisevoodriga, mis kaitseb v\u00e4lise niiskuse eest samal ajal lastes k\u00e4tel kiuvada. Veniv mansett hoiab kinda ilusti \u00fcmber k\u00e4e.\u00a0 Seisukord: uued uuev\u00e4\u00e4rsed (minimalsete kulumisj\u00e4lgedega) kasutatud, Grade 1 (kergete v\u00f5i m\u00f5\u00f5dukate kulumisj\u00e4lgedega, v\u00f5ivad olla veidi m\u00e4\u00e4rdunud)\",\"breadcrumb\":{\"@id\":\"https:\/\/www.outdoors.ee\/et\/toode\/briti-armee-nahast-kindad-combat-mkii-mtp\/#breadcrumb\"},\"inLanguage\":\"et\",\"potentialAction\":[{\"@type\":\"ReadAction\",\"target\":[\"https:\/\/www.outdoors.ee\/et\/toode\/briti-armee-nahast-kindad-combat-mkii-mtp\/\"]}]},{\"@type\":\"ImageObject\",\"inLanguage\":\"et\",\"@id\":\"https:\/\/www.outdoors.ee\/et\/toode\/briti-armee-nahast-kindad-combat-mkii-mtp\/#primaryimage\",\"url\":\"https:\/\/www.outdoors.ee\/wp-content\/uploads\/2021\/09\/0121W-British-Army-Combat-Leather-Gloves.jpg\",\"contentUrl\":\"https:\/\/www.outdoors.ee\/wp-content\/uploads\/2021\/09\/0121W-British-Army-Combat-Leather-Gloves.jpg\",\"width\":637,\"height\":637},{\"@type\":\"BreadcrumbList\",\"@id\":\"https:\/\/www.outdoors.ee\/et\/toode\/briti-armee-nahast-kindad-combat-mkii-mtp\/#breadcrumb\",\"itemListElement\":[{\"@type\":\"ListItem\",\"position\":1,\"name\":\"Home\",\"item\":\"https:\/\/www.outdoors.ee\/et\/\"},{\"@type\":\"ListItem\",\"position\":2,\"name\":\"Tooted\",\"item\":\"https:\/\/www.outdoors.ee\/products\/\"},{\"@type\":\"ListItem\",\"position\":3,\"name\":\"Briti Armee nahast kindad Combat MKII MTP\"}]},{\"@type\":\"WebSite\",\"@id\":\"https:\/\/www.outdoors.ee\/#website\",\"url\":\"https:\/\/www.outdoors.ee\/\",\"name\":\"Outdoors\",\"description\":\"Genuine military surplus and not only!\",\"potentialAction\":[{\"@type\":\"SearchAction\",\"target\":{\"@type\":\"EntryPoint\",\"urlTemplate\":\"https:\/\/www.outdoors.ee\/?s={search_term_string}\"},\"query-input\":{\"@type\":\"PropertyValueSpecification\",\"valueRequired\":true,\"valueName\":\"search_term_string\"}}],\"inLanguage\":\"et\"}]}<\/script>\n<!-- \/ Yoast SEO plugin. -->","yoast_head_json":{"title":"Briti Armee nahast kindad Combat MKII MTP - outdoors.ee","description":"Originaalsed Briti s\u00f5jav\u00e4e kindad, mis on toodetud vetth\u00fclgavast lambanahast, MVP (Moisture Vapour Permeable) materjalist sooja sisevoodriga, mis kaitseb v\u00e4lise niiskuse eest samal ajal lastes k\u00e4tel kiuvada. Veniv mansett hoiab kinda ilusti \u00fcmber k\u00e4e.\u00a0 Seisukord: uued uuev\u00e4\u00e4rsed (minimalsete kulumisj\u00e4lgedega) kasutatud, Grade 1 (kergete v\u00f5i m\u00f5\u00f5dukate kulumisj\u00e4lgedega, v\u00f5ivad olla veidi m\u00e4\u00e4rdunud)","robots":{"index":"index","follow":"follow","max-snippet":"max-snippet:-1","max-image-preview":"max-image-preview:large","max-video-preview":"max-video-preview:-1"},"canonical":"https:\/\/www.outdoors.ee\/et\/toode\/briti-armee-nahast-kindad-combat-mkii-mtp\/","og_locale":"et_EE","og_type":"article","og_title":"Briti Armee nahast kindad Combat MKII MTP","og_description":"Originaalsed Briti s\u00f5jav\u00e4e kindad, mis on toodetud vetth\u00fclgavast lambanahast, MVP (Moisture Vapour Permeable) materjalist sooja sisevoodriga, mis kaitseb v\u00e4lise niiskuse eest samal ajal lastes k\u00e4tel kiuvada. Veniv mansett hoiab kinda ilusti \u00fcmber k\u00e4e.\u00a0 Seisukord: uued uuev\u00e4\u00e4rsed (minimalsete kulumisj\u00e4lgedega) kasutatud, Grade 1 (kergete v\u00f5i m\u00f5\u00f5dukate kulumisj\u00e4lgedega, v\u00f5ivad olla veidi m\u00e4\u00e4rdunud)","og_url":"https:\/\/www.outdoors.ee\/et\/toode\/briti-armee-nahast-kindad-combat-mkii-mtp\/","og_site_name":"Outdoors","article_modified_time":"2024-11-02T09:10:21+00:00","og_image":[{"width":637,"height":637,"url":"https:\/\/www.outdoors.ee\/wp-content\/uploads\/2021\/09\/0121W-British-Army-Combat-Leather-Gloves.jpg","type":"image\/jpeg"}],"twitter_card":"summary_large_image","twitter_title":"Briti Armee nahast kindad Combat MKII MTP","twitter_misc":{"Est. reading time":"1 minut"},"schema":{"@context":"https:\/\/schema.org","@graph":[{"@type":"WebPage","@id":"https:\/\/www.outdoors.ee\/et\/toode\/briti-armee-nahast-kindad-combat-mkii-mtp\/","url":"https:\/\/www.outdoors.ee\/et\/toode\/briti-armee-nahast-kindad-combat-mkii-mtp\/","name":"Briti Armee nahast kindad Combat MKII MTP - outdoors.ee","isPartOf":{"@id":"https:\/\/www.outdoors.ee\/#website"},"primaryImageOfPage":{"@id":"https:\/\/www.outdoors.ee\/et\/toode\/briti-armee-nahast-kindad-combat-mkii-mtp\/#primaryimage"},"image":{"@id":"https:\/\/www.outdoors.ee\/et\/toode\/briti-armee-nahast-kindad-combat-mkii-mtp\/#primaryimage"},"thumbnailUrl":"https:\/\/www.outdoors.ee\/wp-content\/uploads\/2021\/09\/0121W-British-Army-Combat-Leather-Gloves.jpg","datePublished":"2021-12-09T00:00:00+00:00","dateModified":"2024-11-02T09:10:21+00:00","description":"Originaalsed Briti s\u00f5jav\u00e4e kindad, mis on toodetud vetth\u00fclgavast lambanahast, MVP (Moisture Vapour Permeable) materjalist sooja sisevoodriga, mis kaitseb v\u00e4lise niiskuse eest samal ajal lastes k\u00e4tel kiuvada. Veniv mansett hoiab kinda ilusti \u00fcmber k\u00e4e.\u00a0 Seisukord: uued uuev\u00e4\u00e4rsed (minimalsete kulumisj\u00e4lgedega) kasutatud, Grade 1 (kergete v\u00f5i m\u00f5\u00f5dukate kulumisj\u00e4lgedega, v\u00f5ivad olla veidi m\u00e4\u00e4rdunud)","breadcrumb":{"@id":"https:\/\/www.outdoors.ee\/et\/toode\/briti-armee-nahast-kindad-combat-mkii-mtp\/#breadcrumb"},"inLanguage":"et","potentialAction":[{"@type":"ReadAction","target":["https:\/\/www.outdoors.ee\/et\/toode\/briti-armee-nahast-kindad-combat-mkii-mtp\/"]}]},{"@type":"ImageObject","inLanguage":"et","@id":"https:\/\/www.outdoors.ee\/et\/toode\/briti-armee-nahast-kindad-combat-mkii-mtp\/#primaryimage","url":"https:\/\/www.outdoors.ee\/wp-content\/uploads\/2021\/09\/0121W-British-Army-Combat-Leather-Gloves.jpg","contentUrl":"https:\/\/www.outdoors.ee\/wp-content\/uploads\/2021\/09\/0121W-British-Army-Combat-Leather-Gloves.jpg","width":637,"height":637},{"@type":"BreadcrumbList","@id":"https:\/\/www.outdoors.ee\/et\/toode\/briti-armee-nahast-kindad-combat-mkii-mtp\/#breadcrumb","itemListElement":[{"@type":"ListItem","position":1,"name":"Home","item":"https:\/\/www.outdoors.ee\/et\/"},{"@type":"ListItem","position":2,"name":"Tooted","item":"https:\/\/www.outdoors.ee\/products\/"},{"@type":"ListItem","position":3,"name":"Briti Armee nahast kindad Combat MKII MTP"}]},{"@type":"WebSite","@id":"https:\/\/www.outdoors.ee\/#website","url":"https:\/\/www.outdoors.ee\/","name":"Outdoors","description":"Genuine military surplus and not only!","potentialAction":[{"@type":"SearchAction","target":{"@type":"EntryPoint","urlTemplate":"https:\/\/www.outdoors.ee\/?s={search_term_string}"},"query-input":{"@type":"PropertyValueSpecification","valueRequired":true,"valueName":"search_term_string"}}],"inLanguage":"et"}]}},"_links":{"self":[{"href":"https:\/\/www.outdoors.ee\/et\/wp-json\/wp\/v2\/product\/58262","targetHints":{"allow":["GET"]}}],"collection":[{"href":"https:\/\/www.outdoors.ee\/et\/wp-json\/wp\/v2\/product"}],"about":[{"href":"https:\/\/www.outdoors.ee\/et\/wp-json\/wp\/v2\/types\/product"}],"wp:featuredmedia":[{"embeddable":true,"href":"https:\/\/www.outdoors.ee\/et\/wp-json\/wp\/v2\/media\/17645"}],"wp:attachment":[{"href":"https:\/\/www.outdoors.ee\/et\/wp-json\/wp\/v2\/media?parent=58262"}],"wp:term":[{"taxonomy":"product_brand","embeddable":true,"href":"https:\/\/www.outdoors.ee\/et\/wp-json\/wp\/v2\/product_brand?post=58262"},{"taxonomy":"product_cat","embeddable":true,"href":"https:\/\/www.outdoors.ee\/et\/wp-json\/wp\/v2\/product_cat?post=58262"},{"taxonomy":"product_tag","embeddable":true,"href":"https:\/\/www.outdoors.ee\/et\/wp-json\/wp\/v2\/product_tag?post=58262"}],"curies":[{"name":"wp","href":"https:\/\/api.w.org\/{rel}","templated":true}]}}