{"id":58256,"date":"2021-12-09T00:00:00","date_gmt":"2021-12-09T00:00:00","guid":{"rendered":"https:\/\/www.outdoors.ee\/product\/briti-armee-t-sark-anti-static-light-olive\/"},"modified":"2026-04-03T08:22:32","modified_gmt":"2026-04-03T05:22:32","slug":"briti-armee-t-sark-anti-static-light-olive","status":"publish","type":"product","link":"https:\/\/www.outdoors.ee\/et\/toode\/briti-armee-t-sark-anti-static-light-olive\/","title":{"rendered":"Briti Armee t-s\u00e4rk Anti-Static Light Olive"},"content":{"rendered":"<p style=\"text-align: justify;\">Briti s\u00f5jav\u00e4e PCS\u00b4i (Personal Clothing System) kuuluv heleroheline t-s\u00e4rk, mille tootmisel on kasutatud nahalt niiskuse \u00e4raviimise tehnoloogiat CoolMax.<\/p>\n<p style=\"text-align: justify;\">Kiri sildil: T-Shirt Combat Anti-Static Light Olive PCS<\/p>\n<p style=\"text-align: justify;\">Materjal: 100% pol\u00fcester<\/p>\n<p style=\"text-align: justify;\"><strong>Suurus <\/strong>rippmen\u00fc\u00fcs<strong>:<\/strong> pikkus \/ rinna\u00fcmberm\u00f5\u00f5t, cm<\/p>\n<p style=\"text-align: justify;\"><strong>Seisukord:<\/strong><\/p>\n<ul>\n<li>uus (j\u00e4em\u00fc\u00fcgipakendis v\u00f5i ilma, v\u00f5ib sisaldada hulgiladustamise j\u00e4lgi)<\/li>\n<li>uuev\u00e4\u00e4rne (sisaldab kergeid kulumisj\u00e4lgi)<\/li>\n<li>kasutatud, Grade 1 (sisaldab m\u00f5\u00f5dukaid kulumisj\u00e4lgi, v\u00f5ib sisaldada v\u00e4iksemaid vigastusi)<\/li>\n<\/ul>\n","protected":false},"excerpt":{"rendered":"<p>Briti Armee t-s\u00e4rk Anti-Static, heleroheline<\/p>\n","protected":false},"featured_media":64414,"template":"","meta":[],"product_brand":[],"product_cat":[129],"product_tag":[],"class_list":{"0":"post-58256","1":"product","2":"type-product","3":"status-publish","4":"has-post-thumbnail","6":"product_cat-soe-pesu-aluskiht","7":"pa_brand-british-military-surplus","8":"pa_condition-kasutatud-grade-1","9":"pa_condition-uuevaarne","10":"pa_condition-uus","11":"pa_size-l-180-100-2","12":"pa_size-m-170-90-2","13":"pa_size-s-160-80-2","14":"pa_size-xl-190-110-2","15":"pa_size-xxl-200-120-2","17":"first","18":"instock","19":"taxable","20":"shipping-taxable","21":"purchasable","22":"product-type-variable"},"yoast_head":"<!-- This site is optimized with the Yoast SEO plugin v27.2 - https:\/\/yoast.com\/product\/yoast-seo-wordpress\/ -->\n<title>Briti Armee t-s\u00e4rk Anti-Static Light Olive - outdoors.ee<\/title>\n<meta name=\"description\" content=\"Briti s\u00f5jav\u00e4e PCS\u00b4i (Personal Clothing System) kuuluv heleroheline t-s\u00e4rk, mille tootmisel on kasutatud nahalt niiskuse \u00e4raviimise tehnoloogiat CoolMax. Kiri sildil: T-Shirt Combat Anti-Static Light Olive PCS Materjal: 100% pol\u00fcester Suurus rippmen\u00fc\u00fcs: pikkus \/ rinna\u00fcmberm\u00f5\u00f5t Seisukord: kasutatud, heas korras, v\u00f5ib esineda kergeid kulumisj\u00e4lgi\" \/>\n<meta name=\"robots\" content=\"index, follow, max-snippet:-1, max-image-preview:large, max-video-preview:-1\" \/>\n<link rel=\"canonical\" href=\"https:\/\/www.outdoors.ee\/et\/toode\/briti-armee-t-sark-anti-static-light-olive\/\" \/>\n<meta property=\"og:locale\" content=\"et_EE\" \/>\n<meta property=\"og:type\" content=\"article\" \/>\n<meta property=\"og:title\" content=\"Briti Armee t-s\u00e4rk Anti-Static Light Olive\" \/>\n<meta property=\"og:description\" content=\"Briti s\u00f5jav\u00e4e PCS\u00b4i (Personal Clothing System) kuuluv heleroheline t-s\u00e4rk, mille tootmisel on kasutatud nahalt niiskuse \u00e4raviimise tehnoloogiat CoolMax. Kiri sildil: T-Shirt Combat Anti-Static Light Olive PCS Materjal: 100% pol\u00fcester Suurus rippmen\u00fc\u00fcs: pikkus \/ rinna\u00fcmberm\u00f5\u00f5t Seisukord: kasutatud, heas korras, v\u00f5ib esineda kergeid kulumisj\u00e4lgi\" \/>\n<meta property=\"og:url\" content=\"https:\/\/www.outdoors.ee\/et\/toode\/briti-armee-t-sark-anti-static-light-olive\/\" \/>\n<meta property=\"og:site_name\" content=\"Outdoors\" \/>\n<meta property=\"article:modified_time\" content=\"2026-04-03T05:22:32+00:00\" \/>\n<meta property=\"og:image\" content=\"https:\/\/www.outdoors.ee\/wp-content\/uploads\/2021\/12\/0119-British-Army-T-Shirt-Anti-Static-Light-Olive.jpg\" \/>\n\t<meta property=\"og:image:width\" content=\"1024\" \/>\n\t<meta property=\"og:image:height\" content=\"1128\" \/>\n\t<meta property=\"og:image:type\" content=\"image\/jpeg\" \/>\n<meta name=\"twitter:card\" content=\"summary_large_image\" \/>\n<meta name=\"twitter:title\" content=\"Briti Armee t-s\u00e4rk Anti-Static Light Olive\" \/>\n<meta name=\"twitter:label1\" content=\"Est. reading time\" \/>\n\t<meta name=\"twitter:data1\" content=\"1 minut\" \/>\n<script type=\"application\/ld+json\" class=\"yoast-schema-graph\">{\"@context\":\"https:\/\/schema.org\",\"@graph\":[{\"@type\":\"WebPage\",\"@id\":\"https:\/\/www.outdoors.ee\/et\/toode\/briti-armee-t-sark-anti-static-light-olive\/\",\"url\":\"https:\/\/www.outdoors.ee\/et\/toode\/briti-armee-t-sark-anti-static-light-olive\/\",\"name\":\"Briti Armee t-s\u00e4rk Anti-Static Light Olive - outdoors.ee\",\"isPartOf\":{\"@id\":\"https:\/\/www.outdoors.ee\/#website\"},\"primaryImageOfPage\":{\"@id\":\"https:\/\/www.outdoors.ee\/et\/toode\/briti-armee-t-sark-anti-static-light-olive\/#primaryimage\"},\"image\":{\"@id\":\"https:\/\/www.outdoors.ee\/et\/toode\/briti-armee-t-sark-anti-static-light-olive\/#primaryimage\"},\"thumbnailUrl\":\"https:\/\/www.outdoors.ee\/wp-content\/uploads\/2021\/12\/0119-British-Army-T-Shirt-Anti-Static-Light-Olive.jpg\",\"datePublished\":\"2021-12-09T00:00:00+00:00\",\"dateModified\":\"2026-04-03T05:22:32+00:00\",\"description\":\"Briti s\u00f5jav\u00e4e PCS\u00b4i (Personal Clothing System) kuuluv heleroheline t-s\u00e4rk, mille tootmisel on kasutatud nahalt niiskuse \u00e4raviimise tehnoloogiat CoolMax. Kiri sildil: T-Shirt Combat Anti-Static Light Olive PCS Materjal: 100% pol\u00fcester Suurus rippmen\u00fc\u00fcs: pikkus \/ rinna\u00fcmberm\u00f5\u00f5t Seisukord: kasutatud, heas korras, v\u00f5ib esineda kergeid kulumisj\u00e4lgi\",\"breadcrumb\":{\"@id\":\"https:\/\/www.outdoors.ee\/et\/toode\/briti-armee-t-sark-anti-static-light-olive\/#breadcrumb\"},\"inLanguage\":\"et\",\"potentialAction\":[{\"@type\":\"ReadAction\",\"target\":[\"https:\/\/www.outdoors.ee\/et\/toode\/briti-armee-t-sark-anti-static-light-olive\/\"]}]},{\"@type\":\"ImageObject\",\"inLanguage\":\"et\",\"@id\":\"https:\/\/www.outdoors.ee\/et\/toode\/briti-armee-t-sark-anti-static-light-olive\/#primaryimage\",\"url\":\"https:\/\/www.outdoors.ee\/wp-content\/uploads\/2021\/12\/0119-British-Army-T-Shirt-Anti-Static-Light-Olive.jpg\",\"contentUrl\":\"https:\/\/www.outdoors.ee\/wp-content\/uploads\/2021\/12\/0119-British-Army-T-Shirt-Anti-Static-Light-Olive.jpg\",\"width\":1024,\"height\":1128},{\"@type\":\"BreadcrumbList\",\"@id\":\"https:\/\/www.outdoors.ee\/et\/toode\/briti-armee-t-sark-anti-static-light-olive\/#breadcrumb\",\"itemListElement\":[{\"@type\":\"ListItem\",\"position\":1,\"name\":\"Home\",\"item\":\"https:\/\/www.outdoors.ee\/et\/\"},{\"@type\":\"ListItem\",\"position\":2,\"name\":\"Tooted\",\"item\":\"https:\/\/www.outdoors.ee\/products\/\"},{\"@type\":\"ListItem\",\"position\":3,\"name\":\"Briti Armee t-s\u00e4rk Anti-Static Light Olive\"}]},{\"@type\":\"WebSite\",\"@id\":\"https:\/\/www.outdoors.ee\/#website\",\"url\":\"https:\/\/www.outdoors.ee\/\",\"name\":\"Outdoors\",\"description\":\"Genuine military surplus and not only!\",\"potentialAction\":[{\"@type\":\"SearchAction\",\"target\":{\"@type\":\"EntryPoint\",\"urlTemplate\":\"https:\/\/www.outdoors.ee\/?s={search_term_string}\"},\"query-input\":{\"@type\":\"PropertyValueSpecification\",\"valueRequired\":true,\"valueName\":\"search_term_string\"}}],\"inLanguage\":\"et\"}]}<\/script>\n<!-- \/ Yoast SEO plugin. -->","yoast_head_json":{"title":"Briti Armee t-s\u00e4rk Anti-Static Light Olive - outdoors.ee","description":"Briti s\u00f5jav\u00e4e PCS\u00b4i (Personal Clothing System) kuuluv heleroheline t-s\u00e4rk, mille tootmisel on kasutatud nahalt niiskuse \u00e4raviimise tehnoloogiat CoolMax. Kiri sildil: T-Shirt Combat Anti-Static Light Olive PCS Materjal: 100% pol\u00fcester Suurus rippmen\u00fc\u00fcs: pikkus \/ rinna\u00fcmberm\u00f5\u00f5t Seisukord: kasutatud, heas korras, v\u00f5ib esineda kergeid kulumisj\u00e4lgi","robots":{"index":"index","follow":"follow","max-snippet":"max-snippet:-1","max-image-preview":"max-image-preview:large","max-video-preview":"max-video-preview:-1"},"canonical":"https:\/\/www.outdoors.ee\/et\/toode\/briti-armee-t-sark-anti-static-light-olive\/","og_locale":"et_EE","og_type":"article","og_title":"Briti Armee t-s\u00e4rk Anti-Static Light Olive","og_description":"Briti s\u00f5jav\u00e4e PCS\u00b4i (Personal Clothing System) kuuluv heleroheline t-s\u00e4rk, mille tootmisel on kasutatud nahalt niiskuse \u00e4raviimise tehnoloogiat CoolMax. Kiri sildil: T-Shirt Combat Anti-Static Light Olive PCS Materjal: 100% pol\u00fcester Suurus rippmen\u00fc\u00fcs: pikkus \/ rinna\u00fcmberm\u00f5\u00f5t Seisukord: kasutatud, heas korras, v\u00f5ib esineda kergeid kulumisj\u00e4lgi","og_url":"https:\/\/www.outdoors.ee\/et\/toode\/briti-armee-t-sark-anti-static-light-olive\/","og_site_name":"Outdoors","article_modified_time":"2026-04-03T05:22:32+00:00","og_image":[{"width":1024,"height":1128,"url":"https:\/\/www.outdoors.ee\/wp-content\/uploads\/2021\/12\/0119-British-Army-T-Shirt-Anti-Static-Light-Olive.jpg","type":"image\/jpeg"}],"twitter_card":"summary_large_image","twitter_title":"Briti Armee t-s\u00e4rk Anti-Static Light Olive","twitter_misc":{"Est. reading time":"1 minut"},"schema":{"@context":"https:\/\/schema.org","@graph":[{"@type":"WebPage","@id":"https:\/\/www.outdoors.ee\/et\/toode\/briti-armee-t-sark-anti-static-light-olive\/","url":"https:\/\/www.outdoors.ee\/et\/toode\/briti-armee-t-sark-anti-static-light-olive\/","name":"Briti Armee t-s\u00e4rk Anti-Static Light Olive - outdoors.ee","isPartOf":{"@id":"https:\/\/www.outdoors.ee\/#website"},"primaryImageOfPage":{"@id":"https:\/\/www.outdoors.ee\/et\/toode\/briti-armee-t-sark-anti-static-light-olive\/#primaryimage"},"image":{"@id":"https:\/\/www.outdoors.ee\/et\/toode\/briti-armee-t-sark-anti-static-light-olive\/#primaryimage"},"thumbnailUrl":"https:\/\/www.outdoors.ee\/wp-content\/uploads\/2021\/12\/0119-British-Army-T-Shirt-Anti-Static-Light-Olive.jpg","datePublished":"2021-12-09T00:00:00+00:00","dateModified":"2026-04-03T05:22:32+00:00","description":"Briti s\u00f5jav\u00e4e PCS\u00b4i (Personal Clothing System) kuuluv heleroheline t-s\u00e4rk, mille tootmisel on kasutatud nahalt niiskuse \u00e4raviimise tehnoloogiat CoolMax. Kiri sildil: T-Shirt Combat Anti-Static Light Olive PCS Materjal: 100% pol\u00fcester Suurus rippmen\u00fc\u00fcs: pikkus \/ rinna\u00fcmberm\u00f5\u00f5t Seisukord: kasutatud, heas korras, v\u00f5ib esineda kergeid kulumisj\u00e4lgi","breadcrumb":{"@id":"https:\/\/www.outdoors.ee\/et\/toode\/briti-armee-t-sark-anti-static-light-olive\/#breadcrumb"},"inLanguage":"et","potentialAction":[{"@type":"ReadAction","target":["https:\/\/www.outdoors.ee\/et\/toode\/briti-armee-t-sark-anti-static-light-olive\/"]}]},{"@type":"ImageObject","inLanguage":"et","@id":"https:\/\/www.outdoors.ee\/et\/toode\/briti-armee-t-sark-anti-static-light-olive\/#primaryimage","url":"https:\/\/www.outdoors.ee\/wp-content\/uploads\/2021\/12\/0119-British-Army-T-Shirt-Anti-Static-Light-Olive.jpg","contentUrl":"https:\/\/www.outdoors.ee\/wp-content\/uploads\/2021\/12\/0119-British-Army-T-Shirt-Anti-Static-Light-Olive.jpg","width":1024,"height":1128},{"@type":"BreadcrumbList","@id":"https:\/\/www.outdoors.ee\/et\/toode\/briti-armee-t-sark-anti-static-light-olive\/#breadcrumb","itemListElement":[{"@type":"ListItem","position":1,"name":"Home","item":"https:\/\/www.outdoors.ee\/et\/"},{"@type":"ListItem","position":2,"name":"Tooted","item":"https:\/\/www.outdoors.ee\/products\/"},{"@type":"ListItem","position":3,"name":"Briti Armee t-s\u00e4rk Anti-Static Light Olive"}]},{"@type":"WebSite","@id":"https:\/\/www.outdoors.ee\/#website","url":"https:\/\/www.outdoors.ee\/","name":"Outdoors","description":"Genuine military surplus and not only!","potentialAction":[{"@type":"SearchAction","target":{"@type":"EntryPoint","urlTemplate":"https:\/\/www.outdoors.ee\/?s={search_term_string}"},"query-input":{"@type":"PropertyValueSpecification","valueRequired":true,"valueName":"search_term_string"}}],"inLanguage":"et"}]}},"_links":{"self":[{"href":"https:\/\/www.outdoors.ee\/et\/wp-json\/wp\/v2\/product\/58256","targetHints":{"allow":["GET"]}}],"collection":[{"href":"https:\/\/www.outdoors.ee\/et\/wp-json\/wp\/v2\/product"}],"about":[{"href":"https:\/\/www.outdoors.ee\/et\/wp-json\/wp\/v2\/types\/product"}],"wp:featuredmedia":[{"embeddable":true,"href":"https:\/\/www.outdoors.ee\/et\/wp-json\/wp\/v2\/media\/64414"}],"wp:attachment":[{"href":"https:\/\/www.outdoors.ee\/et\/wp-json\/wp\/v2\/media?parent=58256"}],"wp:term":[{"taxonomy":"product_brand","embeddable":true,"href":"https:\/\/www.outdoors.ee\/et\/wp-json\/wp\/v2\/product_brand?post=58256"},{"taxonomy":"product_cat","embeddable":true,"href":"https:\/\/www.outdoors.ee\/et\/wp-json\/wp\/v2\/product_cat?post=58256"},{"taxonomy":"product_tag","embeddable":true,"href":"https:\/\/www.outdoors.ee\/et\/wp-json\/wp\/v2\/product_tag?post=58256"}],"curies":[{"name":"wp","href":"https:\/\/api.w.org\/{rel}","templated":true}]}}