{"id":58252,"date":"2021-12-09T00:00:00","date_gmt":"2021-12-09T00:00:00","guid":{"rendered":"https:\/\/www.outdoors.ee\/product\/briti-armee-termopuksid-thermal-pcs-for-air-crew\/"},"modified":"2024-10-08T22:14:47","modified_gmt":"2024-10-08T19:14:47","slug":"briti-armee-termopuksid-air-crew-thermal-trousers-light-olive","status":"publish","type":"product","link":"https:\/\/www.outdoors.ee\/et\/toode\/briti-armee-termopuksid-air-crew-thermal-trousers-light-olive\/","title":{"rendered":"Briti Armee termop\u00fcksid Air Crew Thermal Trousers Light Olive"},"content":{"rendered":"<p style=\"text-align: justify;\"><strong>Omadused<\/strong>:<\/p>\n<ul style=\"text-align: justify;\">\n<li>Briti \u00f5huv\u00e4e originaal<\/li>\n<li>pehme ja soe fliisvooder<\/li>\n<li>n\u00f6\u00f6bi ja takjakinnitusega eest suletavad<\/li>\n<li>ligip\u00e4\u00e4s alumisele kihile nn v\u00f5ltstaskute kaudu k\u00fclgedel<\/li>\n<li>t\u00e4ispikkuses t\u00f5mblukud m\u00f5lemal k\u00fcljel mugavaks \u00e4rav\u00f5tmiseks<\/li>\n<li>takjakinnitusega tagumine tasku, mis muutub vajadusel kompressioonikotiks<\/li>\n<\/ul>\n<p style=\"text-align: justify;\"><strong>Suurus: <\/strong>v\u00f6\u00f6\u00fcmberm\u00f5\u00f5t \/ s\u00e4\u00e4resisepikkus, cm<\/p>\n<p>NB! P\u00fcksid on ruumika l\u00f5ikega ning h\u00e4sti veniva v\u00f6\u00f6kohaga. V\u00e4iksem suurus v\u00f5ib osutuda paremini sobivaks.<\/p>\n<p style=\"text-align: justify;\"><strong>Seisukord<\/strong>:<\/p>\n<ul>\n<li>uued (v\u00f5ivad sisaldada hulgiladustamise j\u00e4lgi ning kirjasid sildil)<\/li>\n<li>uuev\u00e4\u00e4rsed (sisaldavad minimaalseid kulumisj\u00e4lgi)<\/li>\n<\/ul>\n","protected":false},"excerpt":{"rendered":"<p>Briti Armee termop\u00fcksid Air Crew Thermal Trousers, heleroheline<\/p>\n","protected":false},"featured_media":17732,"template":"","meta":[],"product_brand":[],"product_cat":[111],"product_tag":[],"class_list":{"0":"post-58252","1":"product","2":"type-product","3":"status-publish","4":"has-post-thumbnail","6":"product_cat-puksid","7":"pa_brand-british-military-surplus","8":"pa_condition-uuevaarne","9":"pa_condition-uus","10":"pa_size-100-80-2","11":"pa_size-80-75-2","12":"pa_size-80-80-2","13":"pa_size-90-75-2","14":"pa_size-90-80-2","15":"pa_size-90-85-2","17":"first","18":"outofstock","19":"taxable","20":"shipping-taxable","21":"purchasable","22":"product-type-variable"},"yoast_head":"<!-- This site is optimized with the Yoast SEO plugin v27.2 - https:\/\/yoast.com\/product\/yoast-seo-wordpress\/ -->\n<title>Briti Armee termop\u00fcksid Air Crew Thermal Trousers Light Olive - Outdoors<\/title>\n<meta name=\"robots\" content=\"index, follow, max-snippet:-1, max-image-preview:large, max-video-preview:-1\" \/>\n<link rel=\"canonical\" href=\"https:\/\/www.outdoors.ee\/et\/toode\/briti-armee-termopuksid-air-crew-thermal-trousers-light-olive\/\" \/>\n<meta property=\"og:locale\" content=\"et_EE\" \/>\n<meta property=\"og:type\" content=\"article\" \/>\n<meta property=\"og:title\" content=\"Briti Armee termop\u00fcksid Thermal PCS for Air Crew\" \/>\n<meta property=\"og:description\" content=\"Briti Armee termop\u00fcksid Air Crew Thermal Trousers, heleroheline\" \/>\n<meta property=\"og:url\" content=\"https:\/\/www.outdoors.ee\/et\/toode\/briti-armee-termopuksid-air-crew-thermal-trousers-light-olive\/\" \/>\n<meta property=\"og:site_name\" content=\"Outdoors\" \/>\n<meta property=\"article:modified_time\" content=\"2024-10-08T19:14:47+00:00\" \/>\n<meta property=\"og:image\" content=\"https:\/\/www.outdoors.ee\/wp-content\/uploads\/2021\/09\/0118-1-British-Thermal-Trousers-MTP.jpg\" \/>\n\t<meta property=\"og:image:width\" content=\"299\" \/>\n\t<meta property=\"og:image:height\" content=\"634\" \/>\n\t<meta property=\"og:image:type\" content=\"image\/jpeg\" \/>\n<meta name=\"twitter:card\" content=\"summary_large_image\" \/>\n<meta name=\"twitter:label1\" content=\"Est. reading time\" \/>\n\t<meta name=\"twitter:data1\" content=\"1 minut\" \/>\n<script type=\"application\/ld+json\" class=\"yoast-schema-graph\">{\"@context\":\"https:\/\/schema.org\",\"@graph\":[{\"@type\":\"WebPage\",\"@id\":\"https:\/\/www.outdoors.ee\/et\/toode\/briti-armee-termopuksid-air-crew-thermal-trousers-light-olive\/\",\"url\":\"https:\/\/www.outdoors.ee\/et\/toode\/briti-armee-termopuksid-air-crew-thermal-trousers-light-olive\/\",\"name\":\"Briti Armee termop\u00fcksid Air Crew Thermal Trousers Light Olive - Outdoors\",\"isPartOf\":{\"@id\":\"https:\/\/www.outdoors.ee\/#website\"},\"primaryImageOfPage\":{\"@id\":\"https:\/\/www.outdoors.ee\/et\/toode\/briti-armee-termopuksid-air-crew-thermal-trousers-light-olive\/#primaryimage\"},\"image\":{\"@id\":\"https:\/\/www.outdoors.ee\/et\/toode\/briti-armee-termopuksid-air-crew-thermal-trousers-light-olive\/#primaryimage\"},\"thumbnailUrl\":\"https:\/\/www.outdoors.ee\/wp-content\/uploads\/2021\/09\/0118-1-British-Thermal-Trousers-MTP.jpg\",\"datePublished\":\"2021-12-09T00:00:00+00:00\",\"dateModified\":\"2024-10-08T19:14:47+00:00\",\"breadcrumb\":{\"@id\":\"https:\/\/www.outdoors.ee\/et\/toode\/briti-armee-termopuksid-air-crew-thermal-trousers-light-olive\/#breadcrumb\"},\"inLanguage\":\"et\",\"potentialAction\":[{\"@type\":\"ReadAction\",\"target\":[\"https:\/\/www.outdoors.ee\/et\/toode\/briti-armee-termopuksid-air-crew-thermal-trousers-light-olive\/\"]}]},{\"@type\":\"ImageObject\",\"inLanguage\":\"et\",\"@id\":\"https:\/\/www.outdoors.ee\/et\/toode\/briti-armee-termopuksid-air-crew-thermal-trousers-light-olive\/#primaryimage\",\"url\":\"https:\/\/www.outdoors.ee\/wp-content\/uploads\/2021\/09\/0118-1-British-Thermal-Trousers-MTP.jpg\",\"contentUrl\":\"https:\/\/www.outdoors.ee\/wp-content\/uploads\/2021\/09\/0118-1-British-Thermal-Trousers-MTP.jpg\",\"width\":299,\"height\":634},{\"@type\":\"BreadcrumbList\",\"@id\":\"https:\/\/www.outdoors.ee\/et\/toode\/briti-armee-termopuksid-air-crew-thermal-trousers-light-olive\/#breadcrumb\",\"itemListElement\":[{\"@type\":\"ListItem\",\"position\":1,\"name\":\"Home\",\"item\":\"https:\/\/www.outdoors.ee\/et\/\"},{\"@type\":\"ListItem\",\"position\":2,\"name\":\"Tooted\",\"item\":\"https:\/\/www.outdoors.ee\/products\/\"},{\"@type\":\"ListItem\",\"position\":3,\"name\":\"Briti Armee termop\u00fcksid Air Crew Thermal Trousers Light Olive\"}]},{\"@type\":\"WebSite\",\"@id\":\"https:\/\/www.outdoors.ee\/#website\",\"url\":\"https:\/\/www.outdoors.ee\/\",\"name\":\"Outdoors\",\"description\":\"Genuine military surplus and not only!\",\"potentialAction\":[{\"@type\":\"SearchAction\",\"target\":{\"@type\":\"EntryPoint\",\"urlTemplate\":\"https:\/\/www.outdoors.ee\/?s={search_term_string}\"},\"query-input\":{\"@type\":\"PropertyValueSpecification\",\"valueRequired\":true,\"valueName\":\"search_term_string\"}}],\"inLanguage\":\"et\"}]}<\/script>\n<!-- \/ Yoast SEO plugin. -->","yoast_head_json":{"title":"Briti Armee termop\u00fcksid Air Crew Thermal Trousers Light Olive - Outdoors","robots":{"index":"index","follow":"follow","max-snippet":"max-snippet:-1","max-image-preview":"max-image-preview:large","max-video-preview":"max-video-preview:-1"},"canonical":"https:\/\/www.outdoors.ee\/et\/toode\/briti-armee-termopuksid-air-crew-thermal-trousers-light-olive\/","og_locale":"et_EE","og_type":"article","og_title":"Briti Armee termop\u00fcksid Thermal PCS for Air Crew","og_description":"Briti Armee termop\u00fcksid Air Crew Thermal Trousers, heleroheline","og_url":"https:\/\/www.outdoors.ee\/et\/toode\/briti-armee-termopuksid-air-crew-thermal-trousers-light-olive\/","og_site_name":"Outdoors","article_modified_time":"2024-10-08T19:14:47+00:00","og_image":[{"width":299,"height":634,"url":"https:\/\/www.outdoors.ee\/wp-content\/uploads\/2021\/09\/0118-1-British-Thermal-Trousers-MTP.jpg","type":"image\/jpeg"}],"twitter_card":"summary_large_image","twitter_misc":{"Est. reading time":"1 minut"},"schema":{"@context":"https:\/\/schema.org","@graph":[{"@type":"WebPage","@id":"https:\/\/www.outdoors.ee\/et\/toode\/briti-armee-termopuksid-air-crew-thermal-trousers-light-olive\/","url":"https:\/\/www.outdoors.ee\/et\/toode\/briti-armee-termopuksid-air-crew-thermal-trousers-light-olive\/","name":"Briti Armee termop\u00fcksid Air Crew Thermal Trousers Light Olive - Outdoors","isPartOf":{"@id":"https:\/\/www.outdoors.ee\/#website"},"primaryImageOfPage":{"@id":"https:\/\/www.outdoors.ee\/et\/toode\/briti-armee-termopuksid-air-crew-thermal-trousers-light-olive\/#primaryimage"},"image":{"@id":"https:\/\/www.outdoors.ee\/et\/toode\/briti-armee-termopuksid-air-crew-thermal-trousers-light-olive\/#primaryimage"},"thumbnailUrl":"https:\/\/www.outdoors.ee\/wp-content\/uploads\/2021\/09\/0118-1-British-Thermal-Trousers-MTP.jpg","datePublished":"2021-12-09T00:00:00+00:00","dateModified":"2024-10-08T19:14:47+00:00","breadcrumb":{"@id":"https:\/\/www.outdoors.ee\/et\/toode\/briti-armee-termopuksid-air-crew-thermal-trousers-light-olive\/#breadcrumb"},"inLanguage":"et","potentialAction":[{"@type":"ReadAction","target":["https:\/\/www.outdoors.ee\/et\/toode\/briti-armee-termopuksid-air-crew-thermal-trousers-light-olive\/"]}]},{"@type":"ImageObject","inLanguage":"et","@id":"https:\/\/www.outdoors.ee\/et\/toode\/briti-armee-termopuksid-air-crew-thermal-trousers-light-olive\/#primaryimage","url":"https:\/\/www.outdoors.ee\/wp-content\/uploads\/2021\/09\/0118-1-British-Thermal-Trousers-MTP.jpg","contentUrl":"https:\/\/www.outdoors.ee\/wp-content\/uploads\/2021\/09\/0118-1-British-Thermal-Trousers-MTP.jpg","width":299,"height":634},{"@type":"BreadcrumbList","@id":"https:\/\/www.outdoors.ee\/et\/toode\/briti-armee-termopuksid-air-crew-thermal-trousers-light-olive\/#breadcrumb","itemListElement":[{"@type":"ListItem","position":1,"name":"Home","item":"https:\/\/www.outdoors.ee\/et\/"},{"@type":"ListItem","position":2,"name":"Tooted","item":"https:\/\/www.outdoors.ee\/products\/"},{"@type":"ListItem","position":3,"name":"Briti Armee termop\u00fcksid Air Crew Thermal Trousers Light Olive"}]},{"@type":"WebSite","@id":"https:\/\/www.outdoors.ee\/#website","url":"https:\/\/www.outdoors.ee\/","name":"Outdoors","description":"Genuine military surplus and not only!","potentialAction":[{"@type":"SearchAction","target":{"@type":"EntryPoint","urlTemplate":"https:\/\/www.outdoors.ee\/?s={search_term_string}"},"query-input":{"@type":"PropertyValueSpecification","valueRequired":true,"valueName":"search_term_string"}}],"inLanguage":"et"}]}},"_links":{"self":[{"href":"https:\/\/www.outdoors.ee\/et\/wp-json\/wp\/v2\/product\/58252","targetHints":{"allow":["GET"]}}],"collection":[{"href":"https:\/\/www.outdoors.ee\/et\/wp-json\/wp\/v2\/product"}],"about":[{"href":"https:\/\/www.outdoors.ee\/et\/wp-json\/wp\/v2\/types\/product"}],"wp:featuredmedia":[{"embeddable":true,"href":"https:\/\/www.outdoors.ee\/et\/wp-json\/wp\/v2\/media\/17732"}],"wp:attachment":[{"href":"https:\/\/www.outdoors.ee\/et\/wp-json\/wp\/v2\/media?parent=58252"}],"wp:term":[{"taxonomy":"product_brand","embeddable":true,"href":"https:\/\/www.outdoors.ee\/et\/wp-json\/wp\/v2\/product_brand?post=58252"},{"taxonomy":"product_cat","embeddable":true,"href":"https:\/\/www.outdoors.ee\/et\/wp-json\/wp\/v2\/product_cat?post=58252"},{"taxonomy":"product_tag","embeddable":true,"href":"https:\/\/www.outdoors.ee\/et\/wp-json\/wp\/v2\/product_tag?post=58252"}],"curies":[{"name":"wp","href":"https:\/\/api.w.org\/{rel}","templated":true}]}}