{"id":58225,"date":"2021-12-09T00:00:00","date_gmt":"2021-12-08T22:00:00","guid":{"rendered":"https:\/\/www.outdoors.ee\/product\/briti-armee-termojope-pcs-thermal-jacket\/"},"modified":"2026-04-28T09:21:51","modified_gmt":"2026-04-28T06:21:51","slug":"briti-armee-termojope-pcs-thermal-jacket","status":"publish","type":"product","link":"https:\/\/www.outdoors.ee\/et\/toode\/briti-armee-termojope-pcs-thermal-jacket\/","title":{"rendered":"Briti Armee termojope PCS Thermal Jacket"},"content":{"rendered":"<p style=\"text-align: justify;\">Briti s\u00f5jav\u00e4e PCS\u00b4i (Perconal Clothing System) kuuluv termojope, mis on m\u00f5eldud aastaringseks kasutamiseks. Termojope on m\u00f5eldud kasutamiseks sooja vahekihina, kuid kuiva ilmaga v\u00f5ib seda kanda ka eraldi jopena. Jopel on traadiga \u00e4\u00e4res kraesse kokkupandav kapuuts. Jope rinnatasku t\u00e4idab vajadusel kompressioonkoti funktsiooni, mille sisse saab jopet kokku pakkida. Jopel on venivad mansetid, pingutusn\u00f6\u00f6rid kraes ning alumises \u00e4\u00e4res, t\u00e4ispikkuses t\u00f5mblukk ja kaks t\u00f5mblukuga k\u00e4etaskut.<\/p>\n<p style=\"text-align: justify;\"><strong>Suurus <\/strong>rippmen\u00fc\u00fcs<strong>: <\/strong>pikkus \/ rinna\u00fcmberm\u00f5\u00f5t, cm<\/p>\n<p>Jope ligikaudne laius m\u00f5\u00f5detuna kaenla alt (laiali laotatuna):<\/p>\n<p><strong>S<\/strong> \u2013 60cm, <strong>M<\/strong> \u2013 64cm, <strong>L<\/strong> \u2013 67cm, <strong>XL<\/strong> \u2013 71cm, <strong>XXL<\/strong> \u2013 75cm<\/p>\n<p style=\"text-align: justify;\"><strong>Seisukord:\u00a0<\/strong><\/p>\n<ul>\n<li>uus (ilma j\u00e4em\u00fc\u00fcgipakendita, v\u00f5ib sisaldada hulgiladustamise j\u00e4lgi)<\/li>\n<li>uuev\u00e4\u00e4rne (sisaldab kergeid kulumisj\u00e4lgi)<\/li>\n<li>kasutatud, Grade 1 (sisaldab m\u00f5\u00f5dukaid kulumisj\u00e4lgi, v\u00f5ib olla veidi m\u00e4\u00e4rdunud\/vajada pesu, v\u00f5ib sisaldada v\u00e4iksemaid vigastusi)<\/li>\n<\/ul>\n","protected":false},"excerpt":{"rendered":"<p>Briti Armee termojope integreeritud kompressioonkotiga, heleroheline<\/p>\n","protected":false},"featured_media":17730,"template":"","meta":[],"product_brand":[],"product_cat":[101],"product_tag":[],"class_list":{"0":"post-58225","1":"product","2":"type-product","3":"status-publish","4":"has-post-thumbnail","6":"product_cat-joped-parkad","7":"pa_brand-british-military-surplus","8":"pa_condition-kasutatud-grade-1","9":"pa_condition-uuevaarne","10":"pa_condition-uus","11":"pa_size-l-180-100-2","12":"pa_size-m-170-90-2","13":"pa_size-s-160-80-2","14":"pa_size-xl-190-110-2","15":"pa_size-xxl-200-120-2","17":"first","18":"instock","19":"featured","20":"taxable","21":"shipping-taxable","22":"purchasable","23":"product-type-variable"},"yoast_head":"<!-- This site is optimized with the Yoast SEO plugin v27.2 - https:\/\/yoast.com\/product\/yoast-seo-wordpress\/ -->\n<title>Briti Armee termojope PCS Thermal Jacket - outdoors.ee<\/title>\n<meta name=\"description\" content=\"Originaalne kaasaaegne Briti s\u00f5jav\u00e4e PCS\u00b4i (Perconal Clothing System) kuuluv termojope, mis on m\u00f5eldud aastaringseks kasutamiseks. Termojope on m\u00f5eldud kasutamiseks sooja vahekihina, kuid kuiva ilmaga v\u00f5ib seda kanda ka eraldi jopena.\u00a0Jopel on traadiga \u00e4\u00e4res kraesse kokkupandav kapuuts. Jope rinnatasku t\u00e4idab vajadusel kompressioonkoti funktsiooni, mille sisse saab jopet kokku pakkida. Jopel on venivad mansetid, pingutusn\u00f6\u00f6rid kraes ning alumises \u00e4\u00e4res, t\u00e4ispikkuses t\u00f5mblukk ja kaks t\u00f5mblukuga k\u00e4etaskut. Suurused (pikkus\/rinn\u00fcmberm\u00f5\u00f5t, cm): S - 160\/80; M - 170\/90, L - 180\/100, XL - 190\/110, XXL - 200\/120 Seisukord:\u00a0 uus (v\u00f5ib sisaldada hulgiladustamise j\u00e4lgi) uuev\u00e4\u00e4rne (sisaldab minimaalseid kulumisj\u00e4lgi) kasutatud, Grade 1 (heas korras, v\u00f5ib esineda kulumisj\u00e4lgi ning olla m\u00e4\u00e4rdunud\/vajada pesu, v\u00f5ib sisaldada v\u00e4iksemaid vigastusi)\" \/>\n<meta name=\"robots\" content=\"index, follow, max-snippet:-1, max-image-preview:large, max-video-preview:-1\" \/>\n<link rel=\"canonical\" href=\"https:\/\/www.outdoors.ee\/et\/toode\/briti-armee-termojope-pcs-thermal-jacket\/\" \/>\n<meta property=\"og:locale\" content=\"et_EE\" \/>\n<meta property=\"og:type\" content=\"article\" \/>\n<meta property=\"og:title\" content=\"Briti Armee termojope PCS Thermal Jacket\" \/>\n<meta property=\"og:description\" content=\"Originaalne kaasaaegne Briti s\u00f5jav\u00e4e PCS\u00b4i (Perconal Clothing System) kuuluv termojope, mis on m\u00f5eldud aastaringseks kasutamiseks. Termojope on m\u00f5eldud kasutamiseks sooja vahekihina, kuid kuiva ilmaga v\u00f5ib seda kanda ka eraldi jopena.\u00a0Jopel on traadiga \u00e4\u00e4res kraesse kokkupandav kapuuts. Jope rinnatasku t\u00e4idab vajadusel kompressioonkoti funktsiooni, mille sisse saab jopet kokku pakkida. Jopel on venivad mansetid, pingutusn\u00f6\u00f6rid kraes ning alumises \u00e4\u00e4res, t\u00e4ispikkuses t\u00f5mblukk ja kaks t\u00f5mblukuga k\u00e4etaskut. Suurused (pikkus\/rinn\u00fcmberm\u00f5\u00f5t, cm): S - 160\/80; M - 170\/90, L - 180\/100, XL - 190\/110, XXL - 200\/120 Seisukord:\u00a0 uus (v\u00f5ib sisaldada hulgiladustamise j\u00e4lgi) uuev\u00e4\u00e4rne (sisaldab minimaalseid kulumisj\u00e4lgi) kasutatud, Grade 1 (heas korras, v\u00f5ib esineda kulumisj\u00e4lgi ning olla m\u00e4\u00e4rdunud\/vajada pesu, v\u00f5ib sisaldada v\u00e4iksemaid vigastusi)\" \/>\n<meta property=\"og:url\" content=\"https:\/\/www.outdoors.ee\/et\/toode\/briti-armee-termojope-pcs-thermal-jacket\/\" \/>\n<meta property=\"og:site_name\" content=\"Outdoors\" \/>\n<meta property=\"article:modified_time\" content=\"2026-04-28T06:21:51+00:00\" \/>\n<meta property=\"og:image\" content=\"https:\/\/www.outdoors.ee\/wp-content\/uploads\/2021\/09\/0117-British-Jacket-Thermal-w-stuff-bag.jpg\" \/>\n\t<meta property=\"og:image:width\" content=\"542\" \/>\n\t<meta property=\"og:image:height\" content=\"705\" \/>\n\t<meta property=\"og:image:type\" content=\"image\/jpeg\" \/>\n<meta name=\"twitter:card\" content=\"summary_large_image\" \/>\n<meta name=\"twitter:title\" content=\"Briti Armee termojope PCS Thermal Jacket\" \/>\n<meta name=\"twitter:label1\" content=\"Est. reading time\" \/>\n\t<meta name=\"twitter:data1\" content=\"1 minut\" \/>\n<script type=\"application\/ld+json\" class=\"yoast-schema-graph\">{\"@context\":\"https:\/\/schema.org\",\"@graph\":[{\"@type\":\"WebPage\",\"@id\":\"https:\/\/www.outdoors.ee\/et\/toode\/briti-armee-termojope-pcs-thermal-jacket\/\",\"url\":\"https:\/\/www.outdoors.ee\/et\/toode\/briti-armee-termojope-pcs-thermal-jacket\/\",\"name\":\"Briti Armee termojope PCS Thermal Jacket - outdoors.ee\",\"isPartOf\":{\"@id\":\"https:\/\/www.outdoors.ee\/#website\"},\"primaryImageOfPage\":{\"@id\":\"https:\/\/www.outdoors.ee\/et\/toode\/briti-armee-termojope-pcs-thermal-jacket\/#primaryimage\"},\"image\":{\"@id\":\"https:\/\/www.outdoors.ee\/et\/toode\/briti-armee-termojope-pcs-thermal-jacket\/#primaryimage\"},\"thumbnailUrl\":\"https:\/\/www.outdoors.ee\/wp-content\/uploads\/2021\/09\/0117-British-Jacket-Thermal-w-stuff-bag.jpg\",\"datePublished\":\"2021-12-08T22:00:00+00:00\",\"dateModified\":\"2026-04-28T06:21:51+00:00\",\"description\":\"Originaalne kaasaaegne Briti s\u00f5jav\u00e4e PCS\u00b4i (Perconal Clothing System) kuuluv termojope, mis on m\u00f5eldud aastaringseks kasutamiseks. Termojope on m\u00f5eldud kasutamiseks sooja vahekihina, kuid kuiva ilmaga v\u00f5ib seda kanda ka eraldi jopena.\u00a0Jopel on traadiga \u00e4\u00e4res kraesse kokkupandav kapuuts. Jope rinnatasku t\u00e4idab vajadusel kompressioonkoti funktsiooni, mille sisse saab jopet kokku pakkida. Jopel on venivad mansetid, pingutusn\u00f6\u00f6rid kraes ning alumises \u00e4\u00e4res, t\u00e4ispikkuses t\u00f5mblukk ja kaks t\u00f5mblukuga k\u00e4etaskut. Suurused (pikkus\/rinn\u00fcmberm\u00f5\u00f5t, cm): S - 160\/80; M - 170\/90, L - 180\/100, XL - 190\/110, XXL - 200\/120 Seisukord:\u00a0 uus (v\u00f5ib sisaldada hulgiladustamise j\u00e4lgi) uuev\u00e4\u00e4rne (sisaldab minimaalseid kulumisj\u00e4lgi) kasutatud, Grade 1 (heas korras, v\u00f5ib esineda kulumisj\u00e4lgi ning olla m\u00e4\u00e4rdunud\/vajada pesu, v\u00f5ib sisaldada v\u00e4iksemaid vigastusi)\",\"breadcrumb\":{\"@id\":\"https:\/\/www.outdoors.ee\/et\/toode\/briti-armee-termojope-pcs-thermal-jacket\/#breadcrumb\"},\"inLanguage\":\"et\",\"potentialAction\":[{\"@type\":\"ReadAction\",\"target\":[\"https:\/\/www.outdoors.ee\/et\/toode\/briti-armee-termojope-pcs-thermal-jacket\/\"]}]},{\"@type\":\"ImageObject\",\"inLanguage\":\"et\",\"@id\":\"https:\/\/www.outdoors.ee\/et\/toode\/briti-armee-termojope-pcs-thermal-jacket\/#primaryimage\",\"url\":\"https:\/\/www.outdoors.ee\/wp-content\/uploads\/2021\/09\/0117-British-Jacket-Thermal-w-stuff-bag.jpg\",\"contentUrl\":\"https:\/\/www.outdoors.ee\/wp-content\/uploads\/2021\/09\/0117-British-Jacket-Thermal-w-stuff-bag.jpg\",\"width\":542,\"height\":705},{\"@type\":\"BreadcrumbList\",\"@id\":\"https:\/\/www.outdoors.ee\/et\/toode\/briti-armee-termojope-pcs-thermal-jacket\/#breadcrumb\",\"itemListElement\":[{\"@type\":\"ListItem\",\"position\":1,\"name\":\"Home\",\"item\":\"https:\/\/www.outdoors.ee\/et\/\"},{\"@type\":\"ListItem\",\"position\":2,\"name\":\"Tooted\",\"item\":\"https:\/\/www.outdoors.ee\/products\/\"},{\"@type\":\"ListItem\",\"position\":3,\"name\":\"Briti Armee termojope PCS Thermal Jacket\"}]},{\"@type\":\"WebSite\",\"@id\":\"https:\/\/www.outdoors.ee\/#website\",\"url\":\"https:\/\/www.outdoors.ee\/\",\"name\":\"Outdoors\",\"description\":\"Genuine military surplus and not only!\",\"potentialAction\":[{\"@type\":\"SearchAction\",\"target\":{\"@type\":\"EntryPoint\",\"urlTemplate\":\"https:\/\/www.outdoors.ee\/?s={search_term_string}\"},\"query-input\":{\"@type\":\"PropertyValueSpecification\",\"valueRequired\":true,\"valueName\":\"search_term_string\"}}],\"inLanguage\":\"et\"}]}<\/script>\n<!-- \/ Yoast SEO plugin. -->","yoast_head_json":{"title":"Briti Armee termojope PCS Thermal Jacket - outdoors.ee","description":"Originaalne kaasaaegne Briti s\u00f5jav\u00e4e PCS\u00b4i (Perconal Clothing System) kuuluv termojope, mis on m\u00f5eldud aastaringseks kasutamiseks. Termojope on m\u00f5eldud kasutamiseks sooja vahekihina, kuid kuiva ilmaga v\u00f5ib seda kanda ka eraldi jopena.\u00a0Jopel on traadiga \u00e4\u00e4res kraesse kokkupandav kapuuts. Jope rinnatasku t\u00e4idab vajadusel kompressioonkoti funktsiooni, mille sisse saab jopet kokku pakkida. Jopel on venivad mansetid, pingutusn\u00f6\u00f6rid kraes ning alumises \u00e4\u00e4res, t\u00e4ispikkuses t\u00f5mblukk ja kaks t\u00f5mblukuga k\u00e4etaskut. Suurused (pikkus\/rinn\u00fcmberm\u00f5\u00f5t, cm): S - 160\/80; M - 170\/90, L - 180\/100, XL - 190\/110, XXL - 200\/120 Seisukord:\u00a0 uus (v\u00f5ib sisaldada hulgiladustamise j\u00e4lgi) uuev\u00e4\u00e4rne (sisaldab minimaalseid kulumisj\u00e4lgi) kasutatud, Grade 1 (heas korras, v\u00f5ib esineda kulumisj\u00e4lgi ning olla m\u00e4\u00e4rdunud\/vajada pesu, v\u00f5ib sisaldada v\u00e4iksemaid vigastusi)","robots":{"index":"index","follow":"follow","max-snippet":"max-snippet:-1","max-image-preview":"max-image-preview:large","max-video-preview":"max-video-preview:-1"},"canonical":"https:\/\/www.outdoors.ee\/et\/toode\/briti-armee-termojope-pcs-thermal-jacket\/","og_locale":"et_EE","og_type":"article","og_title":"Briti Armee termojope PCS Thermal Jacket","og_description":"Originaalne kaasaaegne Briti s\u00f5jav\u00e4e PCS\u00b4i (Perconal Clothing System) kuuluv termojope, mis on m\u00f5eldud aastaringseks kasutamiseks. Termojope on m\u00f5eldud kasutamiseks sooja vahekihina, kuid kuiva ilmaga v\u00f5ib seda kanda ka eraldi jopena.\u00a0Jopel on traadiga \u00e4\u00e4res kraesse kokkupandav kapuuts. Jope rinnatasku t\u00e4idab vajadusel kompressioonkoti funktsiooni, mille sisse saab jopet kokku pakkida. Jopel on venivad mansetid, pingutusn\u00f6\u00f6rid kraes ning alumises \u00e4\u00e4res, t\u00e4ispikkuses t\u00f5mblukk ja kaks t\u00f5mblukuga k\u00e4etaskut. Suurused (pikkus\/rinn\u00fcmberm\u00f5\u00f5t, cm): S - 160\/80; M - 170\/90, L - 180\/100, XL - 190\/110, XXL - 200\/120 Seisukord:\u00a0 uus (v\u00f5ib sisaldada hulgiladustamise j\u00e4lgi) uuev\u00e4\u00e4rne (sisaldab minimaalseid kulumisj\u00e4lgi) kasutatud, Grade 1 (heas korras, v\u00f5ib esineda kulumisj\u00e4lgi ning olla m\u00e4\u00e4rdunud\/vajada pesu, v\u00f5ib sisaldada v\u00e4iksemaid vigastusi)","og_url":"https:\/\/www.outdoors.ee\/et\/toode\/briti-armee-termojope-pcs-thermal-jacket\/","og_site_name":"Outdoors","article_modified_time":"2026-04-28T06:21:51+00:00","og_image":[{"width":542,"height":705,"url":"https:\/\/www.outdoors.ee\/wp-content\/uploads\/2021\/09\/0117-British-Jacket-Thermal-w-stuff-bag.jpg","type":"image\/jpeg"}],"twitter_card":"summary_large_image","twitter_title":"Briti Armee termojope PCS Thermal Jacket","twitter_misc":{"Est. reading time":"1 minut"},"schema":{"@context":"https:\/\/schema.org","@graph":[{"@type":"WebPage","@id":"https:\/\/www.outdoors.ee\/et\/toode\/briti-armee-termojope-pcs-thermal-jacket\/","url":"https:\/\/www.outdoors.ee\/et\/toode\/briti-armee-termojope-pcs-thermal-jacket\/","name":"Briti Armee termojope PCS Thermal Jacket - outdoors.ee","isPartOf":{"@id":"https:\/\/www.outdoors.ee\/#website"},"primaryImageOfPage":{"@id":"https:\/\/www.outdoors.ee\/et\/toode\/briti-armee-termojope-pcs-thermal-jacket\/#primaryimage"},"image":{"@id":"https:\/\/www.outdoors.ee\/et\/toode\/briti-armee-termojope-pcs-thermal-jacket\/#primaryimage"},"thumbnailUrl":"https:\/\/www.outdoors.ee\/wp-content\/uploads\/2021\/09\/0117-British-Jacket-Thermal-w-stuff-bag.jpg","datePublished":"2021-12-08T22:00:00+00:00","dateModified":"2026-04-28T06:21:51+00:00","description":"Originaalne kaasaaegne Briti s\u00f5jav\u00e4e PCS\u00b4i (Perconal Clothing System) kuuluv termojope, mis on m\u00f5eldud aastaringseks kasutamiseks. Termojope on m\u00f5eldud kasutamiseks sooja vahekihina, kuid kuiva ilmaga v\u00f5ib seda kanda ka eraldi jopena.\u00a0Jopel on traadiga \u00e4\u00e4res kraesse kokkupandav kapuuts. Jope rinnatasku t\u00e4idab vajadusel kompressioonkoti funktsiooni, mille sisse saab jopet kokku pakkida. Jopel on venivad mansetid, pingutusn\u00f6\u00f6rid kraes ning alumises \u00e4\u00e4res, t\u00e4ispikkuses t\u00f5mblukk ja kaks t\u00f5mblukuga k\u00e4etaskut. Suurused (pikkus\/rinn\u00fcmberm\u00f5\u00f5t, cm): S - 160\/80; M - 170\/90, L - 180\/100, XL - 190\/110, XXL - 200\/120 Seisukord:\u00a0 uus (v\u00f5ib sisaldada hulgiladustamise j\u00e4lgi) uuev\u00e4\u00e4rne (sisaldab minimaalseid kulumisj\u00e4lgi) kasutatud, Grade 1 (heas korras, v\u00f5ib esineda kulumisj\u00e4lgi ning olla m\u00e4\u00e4rdunud\/vajada pesu, v\u00f5ib sisaldada v\u00e4iksemaid vigastusi)","breadcrumb":{"@id":"https:\/\/www.outdoors.ee\/et\/toode\/briti-armee-termojope-pcs-thermal-jacket\/#breadcrumb"},"inLanguage":"et","potentialAction":[{"@type":"ReadAction","target":["https:\/\/www.outdoors.ee\/et\/toode\/briti-armee-termojope-pcs-thermal-jacket\/"]}]},{"@type":"ImageObject","inLanguage":"et","@id":"https:\/\/www.outdoors.ee\/et\/toode\/briti-armee-termojope-pcs-thermal-jacket\/#primaryimage","url":"https:\/\/www.outdoors.ee\/wp-content\/uploads\/2021\/09\/0117-British-Jacket-Thermal-w-stuff-bag.jpg","contentUrl":"https:\/\/www.outdoors.ee\/wp-content\/uploads\/2021\/09\/0117-British-Jacket-Thermal-w-stuff-bag.jpg","width":542,"height":705},{"@type":"BreadcrumbList","@id":"https:\/\/www.outdoors.ee\/et\/toode\/briti-armee-termojope-pcs-thermal-jacket\/#breadcrumb","itemListElement":[{"@type":"ListItem","position":1,"name":"Home","item":"https:\/\/www.outdoors.ee\/et\/"},{"@type":"ListItem","position":2,"name":"Tooted","item":"https:\/\/www.outdoors.ee\/products\/"},{"@type":"ListItem","position":3,"name":"Briti Armee termojope PCS Thermal Jacket"}]},{"@type":"WebSite","@id":"https:\/\/www.outdoors.ee\/#website","url":"https:\/\/www.outdoors.ee\/","name":"Outdoors","description":"Genuine military surplus and not only!","potentialAction":[{"@type":"SearchAction","target":{"@type":"EntryPoint","urlTemplate":"https:\/\/www.outdoors.ee\/?s={search_term_string}"},"query-input":{"@type":"PropertyValueSpecification","valueRequired":true,"valueName":"search_term_string"}}],"inLanguage":"et"}]}},"_links":{"self":[{"href":"https:\/\/www.outdoors.ee\/et\/wp-json\/wp\/v2\/product\/58225","targetHints":{"allow":["GET"]}}],"collection":[{"href":"https:\/\/www.outdoors.ee\/et\/wp-json\/wp\/v2\/product"}],"about":[{"href":"https:\/\/www.outdoors.ee\/et\/wp-json\/wp\/v2\/types\/product"}],"wp:featuredmedia":[{"embeddable":true,"href":"https:\/\/www.outdoors.ee\/et\/wp-json\/wp\/v2\/media\/17730"}],"wp:attachment":[{"href":"https:\/\/www.outdoors.ee\/et\/wp-json\/wp\/v2\/media?parent=58225"}],"wp:term":[{"taxonomy":"product_brand","embeddable":true,"href":"https:\/\/www.outdoors.ee\/et\/wp-json\/wp\/v2\/product_brand?post=58225"},{"taxonomy":"product_cat","embeddable":true,"href":"https:\/\/www.outdoors.ee\/et\/wp-json\/wp\/v2\/product_cat?post=58225"},{"taxonomy":"product_tag","embeddable":true,"href":"https:\/\/www.outdoors.ee\/et\/wp-json\/wp\/v2\/product_tag?post=58225"}],"curies":[{"name":"wp","href":"https:\/\/api.w.org\/{rel}","templated":true}]}}