{"id":58209,"date":"2021-12-09T00:00:00","date_gmt":"2021-12-08T22:00:00","guid":{"rendered":"https:\/\/www.outdoors.ee\/product\/briti-armee-tuulejope-buffalo\/"},"modified":"2026-04-27T21:26:29","modified_gmt":"2026-04-27T18:26:29","slug":"briti-armee-anorak-jope-pcs-lightweight-thermal-smock","status":"publish","type":"product","link":"https:\/\/www.outdoors.ee\/et\/toode\/briti-armee-anorak-jope-pcs-lightweight-thermal-smock\/","title":{"rendered":"Briti Armee anorak jope PCS Lightweight Thermal Smock"},"content":{"rendered":"<p style=\"text-align: justify;\">Briti s\u00f5jav\u00e4e PCS\u00b4i (Personal Clothing System) kuuluv fliisist voodriga anorak jope on m\u00f5eldud aastaringseks kasutamiseks. Kerge, kompaktselt kokkupakitav ning soojapidav, sobib h\u00e4sti nii vahe- kui ka pealiskihina kandmiseks.<\/p>\n<p style=\"text-align: justify;\"><strong>Omadused:<\/strong><\/p>\n<ul style=\"text-align: justify;\">\n<li>Briti s\u00f5jav\u00e4e originaal<\/li>\n<li>heleroheline tuulekindel pealne<\/li>\n<li>kerge ja soojapidav fliismaterjalist vooder<\/li>\n<li>kokkupandav tuulekindel kapuuts<\/li>\n<li>t\u00f5mblukuga kaelus<\/li>\n<li>horisontaalse t\u00f5mblukuga rinnatasku<\/li>\n<li>k\u00e4etasku ees t\u00f5mblukuga m\u00f5lemalt poolt<\/li>\n<li>t\u00f5mblukuga ventilatsiooniavad kaenla all<\/li>\n<li>t\u00f5mblukud m\u00f5lema k\u00fclje alumises osas<\/li>\n<li>kiri sildil: Smock Lightweight Thermal, PCS, Light Olive<\/li>\n<li>kaal ca 500g<\/li>\n<\/ul>\n<p style=\"text-align: justify;\"><strong>Suurus <\/strong>rippmen\u00fc\u00fcs<strong>: <\/strong>pikkus \/ rinna\u00fcmberm\u00f5\u00f5t, cm<\/p>\n<p>Jope ligikaudne laius m\u00f5\u00f5detuna kaenla alt (laiali laotatuna):<\/p>\n<p><strong>S<\/strong>\u00a0&#8211; 63cm,\u00a0<strong>M<\/strong>\u00a0&#8211; 66cm,\u00a0<strong>L<\/strong>\u00a0&#8211; 71cm,\u00a0<strong>XL<\/strong>\u00a0&#8211; 74cm,\u00a0<strong>XXL<\/strong>\u00a0&#8211; 78cm<\/p>\n<p style=\"text-align: justify;\"><strong>Seisukord:\u00a0<\/strong><\/p>\n<ul>\n<li>uus (ilma originaalpakendita, v\u00f5ib sisaldada hulgiladustamise j\u00e4lgi ja kirjasid sildil)<\/li>\n<li>uuev\u00e4\u00e4rne (sisaldab kergeid kulumisj\u00e4lgi)<\/li>\n<li>kasutatud, Grade 1 (sisaldab m\u00f5\u00f5dukaid kulumisj\u00e4lgi, v\u00f5ib olla kergelt m\u00e4\u00e4rdunud ja sisaldada v\u00e4iksemaid vigastusi)<\/li>\n<\/ul>\n","protected":false},"excerpt":{"rendered":"<p>Briti Armee anorak-tuulejope PCS Lightweight Thermal Smock, heleroheline<\/p>\n","protected":false},"featured_media":71693,"template":"","meta":[],"product_brand":[],"product_cat":[101],"product_tag":[],"class_list":{"0":"post-58209","1":"product","2":"type-product","3":"status-publish","4":"has-post-thumbnail","6":"product_cat-joped-parkad","7":"pa_brand-british-military-surplus","8":"pa_condition-kasutatud-grade-1","9":"pa_condition-uuevaarne","10":"pa_condition-uus","11":"pa_size-l-180-100-2","12":"pa_size-m-170-90-2","13":"pa_size-s-160-80-2","14":"pa_size-xl-190-110-2","15":"pa_size-xxl-200-120-2","17":"first","18":"instock","19":"featured","20":"taxable","21":"shipping-taxable","22":"purchasable","23":"product-type-variable"},"yoast_head":"<!-- This site is optimized with the Yoast SEO plugin v27.2 - https:\/\/yoast.com\/product\/yoast-seo-wordpress\/ -->\n<title>Briti Armee tuulejope &quot;Buffalo&quot; - outdoors.ee<\/title>\n<meta name=\"description\" content=\"Originaalne Briti s\u00f5jav\u00e4e fliisist voodriga tuulekindel nn &quot;buffalo&quot; anorak on m\u00f5eldud aastaringseks kasutamiseks. Kerge, kompaktselt kokkupakitav ning soojapidav, sobib h\u00e4sti nii vahe- kui ka pealiskihina kandmiseks.\u00a0 Omadused: heleroheline tuulekindel pealne kerge ja soojapidav fliismaterjalist vooder kokkupandav tuulekindel kapuuts t\u00f5mblukuga kaelus suur horisontaalne rinnatasku\u00a0 2 k\u00e4etaskut k\u00fclgedel t\u00f5mblukuga ventilatsiooniavad kaenla all t\u00f5mblukud m\u00f5lema k\u00fclje alumises osas kiri sildil:\u00a0Smock Lightweight Thermal, PCS, Light Olive Kaal: ca 500g NB! vt suuruste tabelit (viimane pilt)! Seisukord:\u00a0 uus (v\u00f5ib sisaldada hulgiladustamise j\u00e4lgi ja kirjasid sildil) uuev\u00e4\u00e4rne (sisaldab minimaalseid kulumisj\u00e4lgi) kasutatud, Grade 1 (sisaldab m\u00f5\u00f5dukaid kulumisj\u00e4lgi, v\u00f5ib olla kergelt m\u00e4\u00e4rdunud ja sisaldada v\u00e4iksemaid vigastusi)\" \/>\n<meta name=\"robots\" content=\"index, follow, max-snippet:-1, max-image-preview:large, max-video-preview:-1\" \/>\n<link rel=\"canonical\" href=\"https:\/\/www.outdoors.ee\/et\/toode\/briti-armee-anorak-jope-pcs-lightweight-thermal-smock\/\" \/>\n<meta property=\"og:locale\" content=\"et_EE\" \/>\n<meta property=\"og:type\" content=\"article\" \/>\n<meta property=\"og:title\" content=\"Briti Armee tuulejope &quot;Buffalo&quot;\" \/>\n<meta property=\"og:description\" content=\"Originaalne Briti s\u00f5jav\u00e4e fliisist voodriga tuulekindel nn &quot;buffalo&quot; anorak on m\u00f5eldud aastaringseks kasutamiseks. Kerge, kompaktselt kokkupakitav ning soojapidav, sobib h\u00e4sti nii vahe- kui ka pealiskihina kandmiseks.\u00a0 Omadused: heleroheline tuulekindel pealne kerge ja soojapidav fliismaterjalist vooder kokkupandav tuulekindel kapuuts t\u00f5mblukuga kaelus suur horisontaalne rinnatasku\u00a0 2 k\u00e4etaskut k\u00fclgedel t\u00f5mblukuga ventilatsiooniavad kaenla all t\u00f5mblukud m\u00f5lema k\u00fclje alumises osas kiri sildil:\u00a0Smock Lightweight Thermal, PCS, Light Olive Kaal: ca 500g NB! vt suuruste tabelit (viimane pilt)! Seisukord:\u00a0 uus (v\u00f5ib sisaldada hulgiladustamise j\u00e4lgi ja kirjasid sildil) uuev\u00e4\u00e4rne (sisaldab minimaalseid kulumisj\u00e4lgi) kasutatud, Grade 1 (sisaldab m\u00f5\u00f5dukaid kulumisj\u00e4lgi, v\u00f5ib olla kergelt m\u00e4\u00e4rdunud ja sisaldada v\u00e4iksemaid vigastusi)\" \/>\n<meta property=\"og:url\" content=\"https:\/\/www.outdoors.ee\/et\/toode\/briti-armee-anorak-jope-pcs-lightweight-thermal-smock\/\" \/>\n<meta property=\"og:site_name\" content=\"Outdoors\" \/>\n<meta property=\"article:modified_time\" content=\"2026-04-27T18:26:29+00:00\" \/>\n<meta property=\"og:image\" content=\"https:\/\/www.outdoors.ee\/wp-content\/uploads\/2021\/12\/0116-British-Army-PCS-Lightweight-Thermal-Smock-1.jpg\" \/>\n\t<meta property=\"og:image:width\" content=\"700\" \/>\n\t<meta property=\"og:image:height\" content=\"700\" \/>\n\t<meta property=\"og:image:type\" content=\"image\/jpeg\" \/>\n<meta name=\"twitter:card\" content=\"summary_large_image\" \/>\n<meta name=\"twitter:title\" content=\"Briti Armee tuulejope &quot;Buffalo&quot;\" \/>\n<meta name=\"twitter:label1\" content=\"Est. reading time\" \/>\n\t<meta name=\"twitter:data1\" content=\"1 minut\" \/>\n<script type=\"application\/ld+json\" class=\"yoast-schema-graph\">{\"@context\":\"https:\/\/schema.org\",\"@graph\":[{\"@type\":\"WebPage\",\"@id\":\"https:\/\/www.outdoors.ee\/et\/toode\/briti-armee-anorak-jope-pcs-lightweight-thermal-smock\/\",\"url\":\"https:\/\/www.outdoors.ee\/et\/toode\/briti-armee-anorak-jope-pcs-lightweight-thermal-smock\/\",\"name\":\"Briti Armee tuulejope \\\"Buffalo\\\" - outdoors.ee\",\"isPartOf\":{\"@id\":\"https:\/\/www.outdoors.ee\/#website\"},\"primaryImageOfPage\":{\"@id\":\"https:\/\/www.outdoors.ee\/et\/toode\/briti-armee-anorak-jope-pcs-lightweight-thermal-smock\/#primaryimage\"},\"image\":{\"@id\":\"https:\/\/www.outdoors.ee\/et\/toode\/briti-armee-anorak-jope-pcs-lightweight-thermal-smock\/#primaryimage\"},\"thumbnailUrl\":\"https:\/\/www.outdoors.ee\/wp-content\/uploads\/2021\/12\/0116-British-Army-PCS-Lightweight-Thermal-Smock-1.jpg\",\"datePublished\":\"2021-12-08T22:00:00+00:00\",\"dateModified\":\"2026-04-27T18:26:29+00:00\",\"description\":\"Originaalne Briti s\u00f5jav\u00e4e fliisist voodriga tuulekindel nn \\\"buffalo\\\" anorak on m\u00f5eldud aastaringseks kasutamiseks. Kerge, kompaktselt kokkupakitav ning soojapidav, sobib h\u00e4sti nii vahe- kui ka pealiskihina kandmiseks.\u00a0 Omadused: heleroheline tuulekindel pealne kerge ja soojapidav fliismaterjalist vooder kokkupandav tuulekindel kapuuts t\u00f5mblukuga kaelus suur horisontaalne rinnatasku\u00a0 2 k\u00e4etaskut k\u00fclgedel t\u00f5mblukuga ventilatsiooniavad kaenla all t\u00f5mblukud m\u00f5lema k\u00fclje alumises osas kiri sildil:\u00a0Smock Lightweight Thermal, PCS, Light Olive Kaal: ca 500g NB! vt suuruste tabelit (viimane pilt)! Seisukord:\u00a0 uus (v\u00f5ib sisaldada hulgiladustamise j\u00e4lgi ja kirjasid sildil) uuev\u00e4\u00e4rne (sisaldab minimaalseid kulumisj\u00e4lgi) kasutatud, Grade 1 (sisaldab m\u00f5\u00f5dukaid kulumisj\u00e4lgi, v\u00f5ib olla kergelt m\u00e4\u00e4rdunud ja sisaldada v\u00e4iksemaid vigastusi)\",\"breadcrumb\":{\"@id\":\"https:\/\/www.outdoors.ee\/et\/toode\/briti-armee-anorak-jope-pcs-lightweight-thermal-smock\/#breadcrumb\"},\"inLanguage\":\"et\",\"potentialAction\":[{\"@type\":\"ReadAction\",\"target\":[\"https:\/\/www.outdoors.ee\/et\/toode\/briti-armee-anorak-jope-pcs-lightweight-thermal-smock\/\"]}]},{\"@type\":\"ImageObject\",\"inLanguage\":\"et\",\"@id\":\"https:\/\/www.outdoors.ee\/et\/toode\/briti-armee-anorak-jope-pcs-lightweight-thermal-smock\/#primaryimage\",\"url\":\"https:\/\/www.outdoors.ee\/wp-content\/uploads\/2021\/12\/0116-British-Army-PCS-Lightweight-Thermal-Smock-1.jpg\",\"contentUrl\":\"https:\/\/www.outdoors.ee\/wp-content\/uploads\/2021\/12\/0116-British-Army-PCS-Lightweight-Thermal-Smock-1.jpg\",\"width\":700,\"height\":700},{\"@type\":\"BreadcrumbList\",\"@id\":\"https:\/\/www.outdoors.ee\/et\/toode\/briti-armee-anorak-jope-pcs-lightweight-thermal-smock\/#breadcrumb\",\"itemListElement\":[{\"@type\":\"ListItem\",\"position\":1,\"name\":\"Home\",\"item\":\"https:\/\/www.outdoors.ee\/et\/\"},{\"@type\":\"ListItem\",\"position\":2,\"name\":\"Tooted\",\"item\":\"https:\/\/www.outdoors.ee\/products\/\"},{\"@type\":\"ListItem\",\"position\":3,\"name\":\"Briti Armee anorak jope PCS Lightweight Thermal Smock\"}]},{\"@type\":\"WebSite\",\"@id\":\"https:\/\/www.outdoors.ee\/#website\",\"url\":\"https:\/\/www.outdoors.ee\/\",\"name\":\"Outdoors\",\"description\":\"Genuine military surplus and not only!\",\"potentialAction\":[{\"@type\":\"SearchAction\",\"target\":{\"@type\":\"EntryPoint\",\"urlTemplate\":\"https:\/\/www.outdoors.ee\/?s={search_term_string}\"},\"query-input\":{\"@type\":\"PropertyValueSpecification\",\"valueRequired\":true,\"valueName\":\"search_term_string\"}}],\"inLanguage\":\"et\"}]}<\/script>\n<!-- \/ Yoast SEO plugin. -->","yoast_head_json":{"title":"Briti Armee tuulejope \"Buffalo\" - outdoors.ee","description":"Originaalne Briti s\u00f5jav\u00e4e fliisist voodriga tuulekindel nn \"buffalo\" anorak on m\u00f5eldud aastaringseks kasutamiseks. Kerge, kompaktselt kokkupakitav ning soojapidav, sobib h\u00e4sti nii vahe- kui ka pealiskihina kandmiseks.\u00a0 Omadused: heleroheline tuulekindel pealne kerge ja soojapidav fliismaterjalist vooder kokkupandav tuulekindel kapuuts t\u00f5mblukuga kaelus suur horisontaalne rinnatasku\u00a0 2 k\u00e4etaskut k\u00fclgedel t\u00f5mblukuga ventilatsiooniavad kaenla all t\u00f5mblukud m\u00f5lema k\u00fclje alumises osas kiri sildil:\u00a0Smock Lightweight Thermal, PCS, Light Olive Kaal: ca 500g NB! vt suuruste tabelit (viimane pilt)! Seisukord:\u00a0 uus (v\u00f5ib sisaldada hulgiladustamise j\u00e4lgi ja kirjasid sildil) uuev\u00e4\u00e4rne (sisaldab minimaalseid kulumisj\u00e4lgi) kasutatud, Grade 1 (sisaldab m\u00f5\u00f5dukaid kulumisj\u00e4lgi, v\u00f5ib olla kergelt m\u00e4\u00e4rdunud ja sisaldada v\u00e4iksemaid vigastusi)","robots":{"index":"index","follow":"follow","max-snippet":"max-snippet:-1","max-image-preview":"max-image-preview:large","max-video-preview":"max-video-preview:-1"},"canonical":"https:\/\/www.outdoors.ee\/et\/toode\/briti-armee-anorak-jope-pcs-lightweight-thermal-smock\/","og_locale":"et_EE","og_type":"article","og_title":"Briti Armee tuulejope \"Buffalo\"","og_description":"Originaalne Briti s\u00f5jav\u00e4e fliisist voodriga tuulekindel nn \"buffalo\" anorak on m\u00f5eldud aastaringseks kasutamiseks. Kerge, kompaktselt kokkupakitav ning soojapidav, sobib h\u00e4sti nii vahe- kui ka pealiskihina kandmiseks.\u00a0 Omadused: heleroheline tuulekindel pealne kerge ja soojapidav fliismaterjalist vooder kokkupandav tuulekindel kapuuts t\u00f5mblukuga kaelus suur horisontaalne rinnatasku\u00a0 2 k\u00e4etaskut k\u00fclgedel t\u00f5mblukuga ventilatsiooniavad kaenla all t\u00f5mblukud m\u00f5lema k\u00fclje alumises osas kiri sildil:\u00a0Smock Lightweight Thermal, PCS, Light Olive Kaal: ca 500g NB! vt suuruste tabelit (viimane pilt)! Seisukord:\u00a0 uus (v\u00f5ib sisaldada hulgiladustamise j\u00e4lgi ja kirjasid sildil) uuev\u00e4\u00e4rne (sisaldab minimaalseid kulumisj\u00e4lgi) kasutatud, Grade 1 (sisaldab m\u00f5\u00f5dukaid kulumisj\u00e4lgi, v\u00f5ib olla kergelt m\u00e4\u00e4rdunud ja sisaldada v\u00e4iksemaid vigastusi)","og_url":"https:\/\/www.outdoors.ee\/et\/toode\/briti-armee-anorak-jope-pcs-lightweight-thermal-smock\/","og_site_name":"Outdoors","article_modified_time":"2026-04-27T18:26:29+00:00","og_image":[{"width":700,"height":700,"url":"https:\/\/www.outdoors.ee\/wp-content\/uploads\/2021\/12\/0116-British-Army-PCS-Lightweight-Thermal-Smock-1.jpg","type":"image\/jpeg"}],"twitter_card":"summary_large_image","twitter_title":"Briti Armee tuulejope \"Buffalo\"","twitter_misc":{"Est. reading time":"1 minut"},"schema":{"@context":"https:\/\/schema.org","@graph":[{"@type":"WebPage","@id":"https:\/\/www.outdoors.ee\/et\/toode\/briti-armee-anorak-jope-pcs-lightweight-thermal-smock\/","url":"https:\/\/www.outdoors.ee\/et\/toode\/briti-armee-anorak-jope-pcs-lightweight-thermal-smock\/","name":"Briti Armee tuulejope \"Buffalo\" - outdoors.ee","isPartOf":{"@id":"https:\/\/www.outdoors.ee\/#website"},"primaryImageOfPage":{"@id":"https:\/\/www.outdoors.ee\/et\/toode\/briti-armee-anorak-jope-pcs-lightweight-thermal-smock\/#primaryimage"},"image":{"@id":"https:\/\/www.outdoors.ee\/et\/toode\/briti-armee-anorak-jope-pcs-lightweight-thermal-smock\/#primaryimage"},"thumbnailUrl":"https:\/\/www.outdoors.ee\/wp-content\/uploads\/2021\/12\/0116-British-Army-PCS-Lightweight-Thermal-Smock-1.jpg","datePublished":"2021-12-08T22:00:00+00:00","dateModified":"2026-04-27T18:26:29+00:00","description":"Originaalne Briti s\u00f5jav\u00e4e fliisist voodriga tuulekindel nn \"buffalo\" anorak on m\u00f5eldud aastaringseks kasutamiseks. Kerge, kompaktselt kokkupakitav ning soojapidav, sobib h\u00e4sti nii vahe- kui ka pealiskihina kandmiseks.\u00a0 Omadused: heleroheline tuulekindel pealne kerge ja soojapidav fliismaterjalist vooder kokkupandav tuulekindel kapuuts t\u00f5mblukuga kaelus suur horisontaalne rinnatasku\u00a0 2 k\u00e4etaskut k\u00fclgedel t\u00f5mblukuga ventilatsiooniavad kaenla all t\u00f5mblukud m\u00f5lema k\u00fclje alumises osas kiri sildil:\u00a0Smock Lightweight Thermal, PCS, Light Olive Kaal: ca 500g NB! vt suuruste tabelit (viimane pilt)! Seisukord:\u00a0 uus (v\u00f5ib sisaldada hulgiladustamise j\u00e4lgi ja kirjasid sildil) uuev\u00e4\u00e4rne (sisaldab minimaalseid kulumisj\u00e4lgi) kasutatud, Grade 1 (sisaldab m\u00f5\u00f5dukaid kulumisj\u00e4lgi, v\u00f5ib olla kergelt m\u00e4\u00e4rdunud ja sisaldada v\u00e4iksemaid vigastusi)","breadcrumb":{"@id":"https:\/\/www.outdoors.ee\/et\/toode\/briti-armee-anorak-jope-pcs-lightweight-thermal-smock\/#breadcrumb"},"inLanguage":"et","potentialAction":[{"@type":"ReadAction","target":["https:\/\/www.outdoors.ee\/et\/toode\/briti-armee-anorak-jope-pcs-lightweight-thermal-smock\/"]}]},{"@type":"ImageObject","inLanguage":"et","@id":"https:\/\/www.outdoors.ee\/et\/toode\/briti-armee-anorak-jope-pcs-lightweight-thermal-smock\/#primaryimage","url":"https:\/\/www.outdoors.ee\/wp-content\/uploads\/2021\/12\/0116-British-Army-PCS-Lightweight-Thermal-Smock-1.jpg","contentUrl":"https:\/\/www.outdoors.ee\/wp-content\/uploads\/2021\/12\/0116-British-Army-PCS-Lightweight-Thermal-Smock-1.jpg","width":700,"height":700},{"@type":"BreadcrumbList","@id":"https:\/\/www.outdoors.ee\/et\/toode\/briti-armee-anorak-jope-pcs-lightweight-thermal-smock\/#breadcrumb","itemListElement":[{"@type":"ListItem","position":1,"name":"Home","item":"https:\/\/www.outdoors.ee\/et\/"},{"@type":"ListItem","position":2,"name":"Tooted","item":"https:\/\/www.outdoors.ee\/products\/"},{"@type":"ListItem","position":3,"name":"Briti Armee anorak jope PCS Lightweight Thermal Smock"}]},{"@type":"WebSite","@id":"https:\/\/www.outdoors.ee\/#website","url":"https:\/\/www.outdoors.ee\/","name":"Outdoors","description":"Genuine military surplus and not only!","potentialAction":[{"@type":"SearchAction","target":{"@type":"EntryPoint","urlTemplate":"https:\/\/www.outdoors.ee\/?s={search_term_string}"},"query-input":{"@type":"PropertyValueSpecification","valueRequired":true,"valueName":"search_term_string"}}],"inLanguage":"et"}]}},"_links":{"self":[{"href":"https:\/\/www.outdoors.ee\/et\/wp-json\/wp\/v2\/product\/58209","targetHints":{"allow":["GET"]}}],"collection":[{"href":"https:\/\/www.outdoors.ee\/et\/wp-json\/wp\/v2\/product"}],"about":[{"href":"https:\/\/www.outdoors.ee\/et\/wp-json\/wp\/v2\/types\/product"}],"wp:featuredmedia":[{"embeddable":true,"href":"https:\/\/www.outdoors.ee\/et\/wp-json\/wp\/v2\/media\/71693"}],"wp:attachment":[{"href":"https:\/\/www.outdoors.ee\/et\/wp-json\/wp\/v2\/media?parent=58209"}],"wp:term":[{"taxonomy":"product_brand","embeddable":true,"href":"https:\/\/www.outdoors.ee\/et\/wp-json\/wp\/v2\/product_brand?post=58209"},{"taxonomy":"product_cat","embeddable":true,"href":"https:\/\/www.outdoors.ee\/et\/wp-json\/wp\/v2\/product_cat?post=58209"},{"taxonomy":"product_tag","embeddable":true,"href":"https:\/\/www.outdoors.ee\/et\/wp-json\/wp\/v2\/product_tag?post=58209"}],"curies":[{"name":"wp","href":"https:\/\/api.w.org\/{rel}","templated":true}]}}