{"id":58154,"date":"2021-12-09T00:00:00","date_gmt":"2021-12-08T22:00:00","guid":{"rendered":"https:\/\/www.outdoors.ee\/product\/briti-armee-vihmajope-lightweight-waterproof-mvp-mtp\/"},"modified":"2026-03-06T22:52:22","modified_gmt":"2026-03-06T20:52:22","slug":"briti-armee-vihmajope-lightweight-waterproof-mvp-mtp","status":"publish","type":"product","link":"https:\/\/www.outdoors.ee\/et\/toode\/briti-armee-vihmajope-lightweight-waterproof-mvp-mtp\/","title":{"rendered":"Briti Armee vihmajope Lightweight Waterproof MVP MTP"},"content":{"rendered":"<p style=\"text-align: justify;\">Briti s\u00f5jav\u00e4e kerge ja kompaktne vihmajope, mis on toodetud vetth\u00fclgavast ja hingavast MVP (Moisture Vapour Permeable) materjalist (Gore-Tex\u00b4i ekvivalent).<\/p>\n<p style=\"text-align: justify;\"><strong>Omadused:<\/strong><\/p>\n<ul style=\"text-align: justify;\">\n<li>fliismaterjaliga vooderdatud kaelus<\/li>\n<li>2 takjakinnitusega taskut varrukatel<\/li>\n<li>t\u00f5mblukuga ventilatsiooniavad kaenla all<\/li>\n<li>pingutusn\u00f6\u00f6riga reguleeritav alumine \u00e4\u00e4r<\/li>\n<li>takjakinnitusega auastme eraldusm\u00e4rgi klapp ees<\/li>\n<li>laigumuster v\u00f5ib veidi varjeeruda<\/li>\n<\/ul>\n<p><strong>Suurus <\/strong>rippmen\u00fc\u00fcs<strong>: <\/strong>pikkus \/ rinna\u00fcmberm\u00f5\u00f5t, cm<\/p>\n<p style=\"text-align: justify;\"><strong>Seisukord:<\/strong><\/p>\n<ul>\n<li>uus (ilma j\u00e4em\u00fc\u00fcgipakendita, v\u00f5ib sisaldada hulgiladustamise j\u00e4lgi ja kirjasid sildil)<\/li>\n<li>uuev\u00e4\u00e4rne (sisaldab kergeid kulumisj\u00e4lgi)<\/li>\n<li>kasutatud, Grade 1 (sisaldab m\u00f5\u00f5dukaid kulumisj\u00e4lgi, v\u00f5ib olla kohati m\u00e4\u00e4rdunud)<\/li>\n<\/ul>\n","protected":false},"excerpt":{"rendered":"<p>Briti Armee vihmajope Lightweight Waterproof MVP, MTP<\/p>\n","protected":false},"featured_media":17769,"template":"","meta":[],"product_brand":[],"product_cat":[101],"product_tag":[],"class_list":{"0":"post-58154","1":"product","2":"type-product","3":"status-publish","4":"has-post-thumbnail","6":"product_cat-joped-parkad","7":"pa_brand-british-military-surplus","8":"pa_condition-kasutatud-grade-1","9":"pa_condition-uuevaarne","10":"pa_condition-uus","11":"pa_size-l-180-100-2","12":"pa_size-m-170-90-2","13":"pa_size-s-160-80-2","14":"pa_size-xl-190-110-2","15":"pa_size-xs-150-80-2","16":"pa_size-xxl-200-120-2","18":"first","19":"instock","20":"taxable","21":"shipping-taxable","22":"purchasable","23":"product-type-variable"},"yoast_head":"<!-- This site is optimized with the Yoast SEO plugin v27.2 - https:\/\/yoast.com\/product\/yoast-seo-wordpress\/ -->\n<title>Briti Armee vihmajope Lightweight Waterproof MVP MTP - outdoors.ee<\/title>\n<meta name=\"description\" content=\"Originaalne Briti s\u00f5jav\u00e4e kergekaaluline ja veekindel jope, mis on toodetud vetth\u00fclgavast ja hingavast MVP materjalist (Briti s\u00f5jav\u00e4e Gore-Tex\u00ae\u00a0ekvivalent). Ideaalne igap\u00e4evaseks kasutamiseks, treenimiseks ning vaba\u00f5hu\u00fcritusteks. Omadused: fliismaterjaliga vooderdatud kaelus 2 takjakinnitusega taskut varrukatel t\u00f5mblukuga ventilatsiooniavad kaenla all pingutusn\u00f6\u00f6riga reguleeritav alumine \u00e4\u00e4r takjakinnitusega auastme eraldusm\u00e4rgi klapp ees laigumuster v\u00f5ib veidi varjeeruda Seisukord: uus (v\u00f5ib sisaldada kirjeid sildil) uuev\u00e4\u00e4rne (sisaldab minimaalseid kulumisj\u00e4lgi) kasutatud, Grade 1 (kergete kulumisj\u00e4lgedega, v\u00f5ib olla m\u00e4\u00e4rdunud) Suurus:\u00a0pikkus\/rinna\u00fcmberm\u00f5\u00f5t, cm XS - 150\/80; S - 160\/80; M - 170\/90; L - 180\/100; XL - 190\/110; XXL - 200\/120\" \/>\n<meta name=\"robots\" content=\"index, follow, max-snippet:-1, max-image-preview:large, max-video-preview:-1\" \/>\n<link rel=\"canonical\" href=\"https:\/\/www.outdoors.ee\/et\/toode\/briti-armee-vihmajope-lightweight-waterproof-mvp-mtp\/\" \/>\n<meta property=\"og:locale\" content=\"et_EE\" \/>\n<meta property=\"og:type\" content=\"article\" \/>\n<meta property=\"og:title\" content=\"Briti Armee vihmajope Lightweight Waterproof MVP MTP\" \/>\n<meta property=\"og:description\" content=\"Originaalne Briti s\u00f5jav\u00e4e kergekaaluline ja veekindel jope, mis on toodetud vetth\u00fclgavast ja hingavast MVP materjalist (Briti s\u00f5jav\u00e4e Gore-Tex\u00ae\u00a0ekvivalent). Ideaalne igap\u00e4evaseks kasutamiseks, treenimiseks ning vaba\u00f5hu\u00fcritusteks. Omadused: fliismaterjaliga vooderdatud kaelus 2 takjakinnitusega taskut varrukatel t\u00f5mblukuga ventilatsiooniavad kaenla all pingutusn\u00f6\u00f6riga reguleeritav alumine \u00e4\u00e4r takjakinnitusega auastme eraldusm\u00e4rgi klapp ees laigumuster v\u00f5ib veidi varjeeruda Seisukord: uus (v\u00f5ib sisaldada kirjeid sildil) uuev\u00e4\u00e4rne (sisaldab minimaalseid kulumisj\u00e4lgi) kasutatud, Grade 1 (kergete kulumisj\u00e4lgedega, v\u00f5ib olla m\u00e4\u00e4rdunud) Suurus:\u00a0pikkus\/rinna\u00fcmberm\u00f5\u00f5t, cm XS - 150\/80; S - 160\/80; M - 170\/90; L - 180\/100; XL - 190\/110; XXL - 200\/120\" \/>\n<meta property=\"og:url\" content=\"https:\/\/www.outdoors.ee\/et\/toode\/briti-armee-vihmajope-lightweight-waterproof-mvp-mtp\/\" \/>\n<meta property=\"og:site_name\" content=\"Outdoors\" \/>\n<meta property=\"article:modified_time\" content=\"2026-03-06T20:52:22+00:00\" \/>\n<meta property=\"og:image\" content=\"https:\/\/www.outdoors.ee\/wp-content\/uploads\/2021\/09\/0113lw-British-Army-Lightweight-Waterproof-MVP-Jacket-MTP.jpg\" \/>\n\t<meta property=\"og:image:width\" content=\"501\" \/>\n\t<meta property=\"og:image:height\" content=\"511\" \/>\n\t<meta property=\"og:image:type\" content=\"image\/jpeg\" \/>\n<meta name=\"twitter:card\" content=\"summary_large_image\" \/>\n<meta name=\"twitter:title\" content=\"Briti Armee vihmajope Lightweight Waterproof MVP MTP\" \/>\n<meta name=\"twitter:label1\" content=\"Est. reading time\" \/>\n\t<meta name=\"twitter:data1\" content=\"1 minut\" \/>\n<script type=\"application\/ld+json\" class=\"yoast-schema-graph\">{\"@context\":\"https:\/\/schema.org\",\"@graph\":[{\"@type\":\"WebPage\",\"@id\":\"https:\/\/www.outdoors.ee\/et\/toode\/briti-armee-vihmajope-lightweight-waterproof-mvp-mtp\/\",\"url\":\"https:\/\/www.outdoors.ee\/et\/toode\/briti-armee-vihmajope-lightweight-waterproof-mvp-mtp\/\",\"name\":\"Briti Armee vihmajope Lightweight Waterproof MVP MTP - outdoors.ee\",\"isPartOf\":{\"@id\":\"https:\/\/www.outdoors.ee\/#website\"},\"primaryImageOfPage\":{\"@id\":\"https:\/\/www.outdoors.ee\/et\/toode\/briti-armee-vihmajope-lightweight-waterproof-mvp-mtp\/#primaryimage\"},\"image\":{\"@id\":\"https:\/\/www.outdoors.ee\/et\/toode\/briti-armee-vihmajope-lightweight-waterproof-mvp-mtp\/#primaryimage\"},\"thumbnailUrl\":\"https:\/\/www.outdoors.ee\/wp-content\/uploads\/2021\/09\/0113lw-British-Army-Lightweight-Waterproof-MVP-Jacket-MTP.jpg\",\"datePublished\":\"2021-12-08T22:00:00+00:00\",\"dateModified\":\"2026-03-06T20:52:22+00:00\",\"description\":\"Originaalne Briti s\u00f5jav\u00e4e kergekaaluline ja veekindel jope, mis on toodetud vetth\u00fclgavast ja hingavast MVP materjalist (Briti s\u00f5jav\u00e4e Gore-Tex\u00ae\u00a0ekvivalent). Ideaalne igap\u00e4evaseks kasutamiseks, treenimiseks ning vaba\u00f5hu\u00fcritusteks. Omadused: fliismaterjaliga vooderdatud kaelus 2 takjakinnitusega taskut varrukatel t\u00f5mblukuga ventilatsiooniavad kaenla all pingutusn\u00f6\u00f6riga reguleeritav alumine \u00e4\u00e4r takjakinnitusega auastme eraldusm\u00e4rgi klapp ees laigumuster v\u00f5ib veidi varjeeruda Seisukord: uus (v\u00f5ib sisaldada kirjeid sildil) uuev\u00e4\u00e4rne (sisaldab minimaalseid kulumisj\u00e4lgi) kasutatud, Grade 1 (kergete kulumisj\u00e4lgedega, v\u00f5ib olla m\u00e4\u00e4rdunud) Suurus:\u00a0pikkus\/rinna\u00fcmberm\u00f5\u00f5t, cm XS - 150\/80; S - 160\/80; M - 170\/90; L - 180\/100; XL - 190\/110; XXL - 200\/120\",\"breadcrumb\":{\"@id\":\"https:\/\/www.outdoors.ee\/et\/toode\/briti-armee-vihmajope-lightweight-waterproof-mvp-mtp\/#breadcrumb\"},\"inLanguage\":\"et\",\"potentialAction\":[{\"@type\":\"ReadAction\",\"target\":[\"https:\/\/www.outdoors.ee\/et\/toode\/briti-armee-vihmajope-lightweight-waterproof-mvp-mtp\/\"]}]},{\"@type\":\"ImageObject\",\"inLanguage\":\"et\",\"@id\":\"https:\/\/www.outdoors.ee\/et\/toode\/briti-armee-vihmajope-lightweight-waterproof-mvp-mtp\/#primaryimage\",\"url\":\"https:\/\/www.outdoors.ee\/wp-content\/uploads\/2021\/09\/0113lw-British-Army-Lightweight-Waterproof-MVP-Jacket-MTP.jpg\",\"contentUrl\":\"https:\/\/www.outdoors.ee\/wp-content\/uploads\/2021\/09\/0113lw-British-Army-Lightweight-Waterproof-MVP-Jacket-MTP.jpg\",\"width\":501,\"height\":511},{\"@type\":\"BreadcrumbList\",\"@id\":\"https:\/\/www.outdoors.ee\/et\/toode\/briti-armee-vihmajope-lightweight-waterproof-mvp-mtp\/#breadcrumb\",\"itemListElement\":[{\"@type\":\"ListItem\",\"position\":1,\"name\":\"Home\",\"item\":\"https:\/\/www.outdoors.ee\/et\/\"},{\"@type\":\"ListItem\",\"position\":2,\"name\":\"Tooted\",\"item\":\"https:\/\/www.outdoors.ee\/products\/\"},{\"@type\":\"ListItem\",\"position\":3,\"name\":\"Briti Armee vihmajope Lightweight Waterproof MVP MTP\"}]},{\"@type\":\"WebSite\",\"@id\":\"https:\/\/www.outdoors.ee\/#website\",\"url\":\"https:\/\/www.outdoors.ee\/\",\"name\":\"Outdoors\",\"description\":\"Genuine military surplus and not only!\",\"potentialAction\":[{\"@type\":\"SearchAction\",\"target\":{\"@type\":\"EntryPoint\",\"urlTemplate\":\"https:\/\/www.outdoors.ee\/?s={search_term_string}\"},\"query-input\":{\"@type\":\"PropertyValueSpecification\",\"valueRequired\":true,\"valueName\":\"search_term_string\"}}],\"inLanguage\":\"et\"}]}<\/script>\n<!-- \/ Yoast SEO plugin. -->","yoast_head_json":{"title":"Briti Armee vihmajope Lightweight Waterproof MVP MTP - outdoors.ee","description":"Originaalne Briti s\u00f5jav\u00e4e kergekaaluline ja veekindel jope, mis on toodetud vetth\u00fclgavast ja hingavast MVP materjalist (Briti s\u00f5jav\u00e4e Gore-Tex\u00ae\u00a0ekvivalent). Ideaalne igap\u00e4evaseks kasutamiseks, treenimiseks ning vaba\u00f5hu\u00fcritusteks. Omadused: fliismaterjaliga vooderdatud kaelus 2 takjakinnitusega taskut varrukatel t\u00f5mblukuga ventilatsiooniavad kaenla all pingutusn\u00f6\u00f6riga reguleeritav alumine \u00e4\u00e4r takjakinnitusega auastme eraldusm\u00e4rgi klapp ees laigumuster v\u00f5ib veidi varjeeruda Seisukord: uus (v\u00f5ib sisaldada kirjeid sildil) uuev\u00e4\u00e4rne (sisaldab minimaalseid kulumisj\u00e4lgi) kasutatud, Grade 1 (kergete kulumisj\u00e4lgedega, v\u00f5ib olla m\u00e4\u00e4rdunud) Suurus:\u00a0pikkus\/rinna\u00fcmberm\u00f5\u00f5t, cm XS - 150\/80; S - 160\/80; M - 170\/90; L - 180\/100; XL - 190\/110; XXL - 200\/120","robots":{"index":"index","follow":"follow","max-snippet":"max-snippet:-1","max-image-preview":"max-image-preview:large","max-video-preview":"max-video-preview:-1"},"canonical":"https:\/\/www.outdoors.ee\/et\/toode\/briti-armee-vihmajope-lightweight-waterproof-mvp-mtp\/","og_locale":"et_EE","og_type":"article","og_title":"Briti Armee vihmajope Lightweight Waterproof MVP MTP","og_description":"Originaalne Briti s\u00f5jav\u00e4e kergekaaluline ja veekindel jope, mis on toodetud vetth\u00fclgavast ja hingavast MVP materjalist (Briti s\u00f5jav\u00e4e Gore-Tex\u00ae\u00a0ekvivalent). Ideaalne igap\u00e4evaseks kasutamiseks, treenimiseks ning vaba\u00f5hu\u00fcritusteks. Omadused: fliismaterjaliga vooderdatud kaelus 2 takjakinnitusega taskut varrukatel t\u00f5mblukuga ventilatsiooniavad kaenla all pingutusn\u00f6\u00f6riga reguleeritav alumine \u00e4\u00e4r takjakinnitusega auastme eraldusm\u00e4rgi klapp ees laigumuster v\u00f5ib veidi varjeeruda Seisukord: uus (v\u00f5ib sisaldada kirjeid sildil) uuev\u00e4\u00e4rne (sisaldab minimaalseid kulumisj\u00e4lgi) kasutatud, Grade 1 (kergete kulumisj\u00e4lgedega, v\u00f5ib olla m\u00e4\u00e4rdunud) Suurus:\u00a0pikkus\/rinna\u00fcmberm\u00f5\u00f5t, cm XS - 150\/80; S - 160\/80; M - 170\/90; L - 180\/100; XL - 190\/110; XXL - 200\/120","og_url":"https:\/\/www.outdoors.ee\/et\/toode\/briti-armee-vihmajope-lightweight-waterproof-mvp-mtp\/","og_site_name":"Outdoors","article_modified_time":"2026-03-06T20:52:22+00:00","og_image":[{"width":501,"height":511,"url":"https:\/\/www.outdoors.ee\/wp-content\/uploads\/2021\/09\/0113lw-British-Army-Lightweight-Waterproof-MVP-Jacket-MTP.jpg","type":"image\/jpeg"}],"twitter_card":"summary_large_image","twitter_title":"Briti Armee vihmajope Lightweight Waterproof MVP MTP","twitter_misc":{"Est. reading time":"1 minut"},"schema":{"@context":"https:\/\/schema.org","@graph":[{"@type":"WebPage","@id":"https:\/\/www.outdoors.ee\/et\/toode\/briti-armee-vihmajope-lightweight-waterproof-mvp-mtp\/","url":"https:\/\/www.outdoors.ee\/et\/toode\/briti-armee-vihmajope-lightweight-waterproof-mvp-mtp\/","name":"Briti Armee vihmajope Lightweight Waterproof MVP MTP - outdoors.ee","isPartOf":{"@id":"https:\/\/www.outdoors.ee\/#website"},"primaryImageOfPage":{"@id":"https:\/\/www.outdoors.ee\/et\/toode\/briti-armee-vihmajope-lightweight-waterproof-mvp-mtp\/#primaryimage"},"image":{"@id":"https:\/\/www.outdoors.ee\/et\/toode\/briti-armee-vihmajope-lightweight-waterproof-mvp-mtp\/#primaryimage"},"thumbnailUrl":"https:\/\/www.outdoors.ee\/wp-content\/uploads\/2021\/09\/0113lw-British-Army-Lightweight-Waterproof-MVP-Jacket-MTP.jpg","datePublished":"2021-12-08T22:00:00+00:00","dateModified":"2026-03-06T20:52:22+00:00","description":"Originaalne Briti s\u00f5jav\u00e4e kergekaaluline ja veekindel jope, mis on toodetud vetth\u00fclgavast ja hingavast MVP materjalist (Briti s\u00f5jav\u00e4e Gore-Tex\u00ae\u00a0ekvivalent). Ideaalne igap\u00e4evaseks kasutamiseks, treenimiseks ning vaba\u00f5hu\u00fcritusteks. Omadused: fliismaterjaliga vooderdatud kaelus 2 takjakinnitusega taskut varrukatel t\u00f5mblukuga ventilatsiooniavad kaenla all pingutusn\u00f6\u00f6riga reguleeritav alumine \u00e4\u00e4r takjakinnitusega auastme eraldusm\u00e4rgi klapp ees laigumuster v\u00f5ib veidi varjeeruda Seisukord: uus (v\u00f5ib sisaldada kirjeid sildil) uuev\u00e4\u00e4rne (sisaldab minimaalseid kulumisj\u00e4lgi) kasutatud, Grade 1 (kergete kulumisj\u00e4lgedega, v\u00f5ib olla m\u00e4\u00e4rdunud) Suurus:\u00a0pikkus\/rinna\u00fcmberm\u00f5\u00f5t, cm XS - 150\/80; S - 160\/80; M - 170\/90; L - 180\/100; XL - 190\/110; XXL - 200\/120","breadcrumb":{"@id":"https:\/\/www.outdoors.ee\/et\/toode\/briti-armee-vihmajope-lightweight-waterproof-mvp-mtp\/#breadcrumb"},"inLanguage":"et","potentialAction":[{"@type":"ReadAction","target":["https:\/\/www.outdoors.ee\/et\/toode\/briti-armee-vihmajope-lightweight-waterproof-mvp-mtp\/"]}]},{"@type":"ImageObject","inLanguage":"et","@id":"https:\/\/www.outdoors.ee\/et\/toode\/briti-armee-vihmajope-lightweight-waterproof-mvp-mtp\/#primaryimage","url":"https:\/\/www.outdoors.ee\/wp-content\/uploads\/2021\/09\/0113lw-British-Army-Lightweight-Waterproof-MVP-Jacket-MTP.jpg","contentUrl":"https:\/\/www.outdoors.ee\/wp-content\/uploads\/2021\/09\/0113lw-British-Army-Lightweight-Waterproof-MVP-Jacket-MTP.jpg","width":501,"height":511},{"@type":"BreadcrumbList","@id":"https:\/\/www.outdoors.ee\/et\/toode\/briti-armee-vihmajope-lightweight-waterproof-mvp-mtp\/#breadcrumb","itemListElement":[{"@type":"ListItem","position":1,"name":"Home","item":"https:\/\/www.outdoors.ee\/et\/"},{"@type":"ListItem","position":2,"name":"Tooted","item":"https:\/\/www.outdoors.ee\/products\/"},{"@type":"ListItem","position":3,"name":"Briti Armee vihmajope Lightweight Waterproof MVP MTP"}]},{"@type":"WebSite","@id":"https:\/\/www.outdoors.ee\/#website","url":"https:\/\/www.outdoors.ee\/","name":"Outdoors","description":"Genuine military surplus and not only!","potentialAction":[{"@type":"SearchAction","target":{"@type":"EntryPoint","urlTemplate":"https:\/\/www.outdoors.ee\/?s={search_term_string}"},"query-input":{"@type":"PropertyValueSpecification","valueRequired":true,"valueName":"search_term_string"}}],"inLanguage":"et"}]}},"_links":{"self":[{"href":"https:\/\/www.outdoors.ee\/et\/wp-json\/wp\/v2\/product\/58154","targetHints":{"allow":["GET"]}}],"collection":[{"href":"https:\/\/www.outdoors.ee\/et\/wp-json\/wp\/v2\/product"}],"about":[{"href":"https:\/\/www.outdoors.ee\/et\/wp-json\/wp\/v2\/types\/product"}],"wp:featuredmedia":[{"embeddable":true,"href":"https:\/\/www.outdoors.ee\/et\/wp-json\/wp\/v2\/media\/17769"}],"wp:attachment":[{"href":"https:\/\/www.outdoors.ee\/et\/wp-json\/wp\/v2\/media?parent=58154"}],"wp:term":[{"taxonomy":"product_brand","embeddable":true,"href":"https:\/\/www.outdoors.ee\/et\/wp-json\/wp\/v2\/product_brand?post=58154"},{"taxonomy":"product_cat","embeddable":true,"href":"https:\/\/www.outdoors.ee\/et\/wp-json\/wp\/v2\/product_cat?post=58154"},{"taxonomy":"product_tag","embeddable":true,"href":"https:\/\/www.outdoors.ee\/et\/wp-json\/wp\/v2\/product_tag?post=58154"}],"curies":[{"name":"wp","href":"https:\/\/api.w.org\/{rel}","templated":true}]}}