{"id":58137,"date":"2021-12-09T00:00:00","date_gmt":"2021-12-08T22:00:00","guid":{"rendered":"https:\/\/www.outdoors.ee\/product\/briti-armee-vihmapuksid-lightweight-waterproof-mvp-mtp\/"},"modified":"2026-03-06T22:52:22","modified_gmt":"2026-03-06T20:52:22","slug":"briti-armee-vihmapuksid-lightweight-waterproof-mvp-mtp","status":"publish","type":"product","link":"https:\/\/www.outdoors.ee\/et\/toode\/briti-armee-vihmapuksid-lightweight-waterproof-mvp-mtp\/","title":{"rendered":"Briti Armee vihmap\u00fcksid Lightweight Waterproof MVP MTP"},"content":{"rendered":"<p style=\"text-align: justify;\">Briti s\u00f5jav\u00e4e vihmap\u00fcksid, mis on toodetud vetth\u00fclgavast ja hingavast MVP (Moisture Vapour Permeable) materjalist (Briti s\u00f5jav\u00e4e Gore-Texi\u00ae ekvivalent).<\/p>\n<p style=\"text-align: justify;\">Omaduste hulka kuuluvad: pingutusn\u00f6\u00f6r, h\u00e4sti veniv v\u00f6\u00f6koht (lihtne tavap\u00fckste peale t\u00f5mmata), t\u00f5mblukk p\u00fckste t\u00e4ispikkuses m\u00f5lemal poolel \u00e4rav\u00f5tmise lihtsustamiseks, takjakinnitusega reguleeritavad mansetid ning vormitud p\u00f5lvekohad.<\/p>\n<p style=\"text-align: justify;\">Laigu muster v\u00f5ib veidi varjeeruda.<\/p>\n<p style=\"text-align: justify;\">Kiri sildis: Troursers Lightweight Waterproof MVP MTP<\/p>\n<p>Kaal ca 400g<\/p>\n<p>Suurus (s\u00e4\u00e4resisepikkus \/ v\u00f6\u00f6\u00fcmberm\u00f5\u00f5t, cm): <strong>XS<\/strong> &#8211; 70\/70; <strong>S<\/strong> &#8211; 70\/75;\u00a0<strong>M<\/strong> &#8211; 75\/80; <strong>L<\/strong> &#8211; 80\/90; <strong>XL<\/strong> &#8211; 85\/100; <strong>XXL<\/strong> &#8211; 90\/110<\/p>\n<p><strong>Seisukord:<\/strong><\/p>\n<ul>\n<li>uus (ilma j\u00e4em\u00fc\u00fcgipakendita, v\u00f5ivad sisaldada hulgiladustamise j\u00e4lgi ning kirjasid sildil)<\/li>\n<li>uuev\u00e4\u00e4rne (sisaldavad kergeid kulumisj\u00e4lgi)<\/li>\n<li>kasutatud, Grade 1 (sisaldavad m\u00f5\u00f5dukaid kulumisj\u00e4lgi, v\u00f5ivad olla veidi m\u00e4\u00e4rdunud\/vajada pesu, v\u00f5ivad sisaldada v\u00e4iksemaid vigastusi)<\/li>\n<\/ul>\n","protected":false},"excerpt":{"rendered":"<p>Briti Armee vihmap\u00fcksid Lightweight Waterproof MVP, MTP<\/p>\n","protected":false},"featured_media":17781,"template":"","meta":[],"product_brand":[],"product_cat":[111],"product_tag":[],"class_list":{"0":"post-58137","1":"product","2":"type-product","3":"status-publish","4":"has-post-thumbnail","6":"product_cat-puksid","7":"pa_brand-british-military-surplus","8":"pa_condition-kasutatud-grade-1","9":"pa_condition-uuevaarne","10":"pa_condition-uus","11":"pa_size-l-2","12":"pa_size-m-2","13":"pa_size-s-2","14":"pa_size-xl-2","15":"pa_size-xs-2","16":"pa_size-xxl-2","18":"first","19":"instock","20":"taxable","21":"shipping-taxable","22":"purchasable","23":"product-type-variable"},"yoast_head":"<!-- This site is optimized with the Yoast SEO plugin v27.2 - https:\/\/yoast.com\/product\/yoast-seo-wordpress\/ -->\n<title>Briti Armee vihmap\u00fcksid Lightweight Waterproof MVP MTP - outdoors.ee<\/title>\n<meta name=\"description\" content=\"Originaalsed Briti s\u00f5jav\u00e4e p\u00fcksid, mis on toodetud vetth\u00fclgavast ja hingavast MVP (Moisture Vapour Permeable) materjalist (Briti s\u00f5jav\u00e4e Gore-Texi\u00ae\u00a0ekvivalent). Ideaalsed igap\u00e4evaseks kasutamiseks, harjutamiseks ning vaba\u00f5hu\u00fcritusteks, millal peab pikalt maastikul liikvel olema vaatamata ilmastikuoludele. V\u00f5ib kasutada \u00fclep\u00fckstena k\u00fclmemal ajal. Omaduste hulka kuuluvad: pingutusn\u00f6\u00f6riga, h\u00e4sti veniv v\u00f6\u00f6koht (lihtne tavap\u00fckste peale t\u00f5mmata), t\u00f5mblukk p\u00fckste t\u00e4ispikkuses m\u00f5lemal poolel \u00e4rav\u00f5tmise lihtsustamiseks, takjakinnitusega reguleeritavad mansetid ning vormitud p\u00f5lvekohad. Laigu muster v\u00f5ib veidi varjeeruda. Kiri sildis: Troursers Lightweight Waterproof MVP MTP Kaal: ca 400g Seisukord: uued (v\u00f5ivad sisaldada kirjeid sildil)\u00a0 uuev\u00e4\u00e4rsed (v\u00f5ivad sisaldada minimaalseid kulumisj\u00e4lgi) kasutatud, Grade 1 (heas korras, kergete kulumisj\u00e4lgedega,v\u00f5ivad olla kergelt m\u00e4\u00e4rdunud) Suurused:\u00a0s\u00e4\u00e4re sisepikkus \/ v\u00f6\u00f6\u00fcmberm\u00f5\u00f5t, cm XS - 70\/70; S - 70\/75;\u00a0M - 75\/80; L - 80\/90; XL - 85\/100; XXL - 90\/110\" \/>\n<meta name=\"robots\" content=\"index, follow, max-snippet:-1, max-image-preview:large, max-video-preview:-1\" \/>\n<link rel=\"canonical\" href=\"https:\/\/www.outdoors.ee\/et\/toode\/briti-armee-vihmapuksid-lightweight-waterproof-mvp-mtp\/\" \/>\n<meta property=\"og:locale\" content=\"et_EE\" \/>\n<meta property=\"og:type\" content=\"article\" \/>\n<meta property=\"og:title\" content=\"Briti Armee vihmap\u00fcksid Lightweight Waterproof MVP MTP\" \/>\n<meta property=\"og:description\" content=\"Originaalsed Briti s\u00f5jav\u00e4e p\u00fcksid, mis on toodetud vetth\u00fclgavast ja hingavast MVP (Moisture Vapour Permeable) materjalist (Briti s\u00f5jav\u00e4e Gore-Texi\u00ae\u00a0ekvivalent). Ideaalsed igap\u00e4evaseks kasutamiseks, harjutamiseks ning vaba\u00f5hu\u00fcritusteks, millal peab pikalt maastikul liikvel olema vaatamata ilmastikuoludele. V\u00f5ib kasutada \u00fclep\u00fckstena k\u00fclmemal ajal. Omaduste hulka kuuluvad: pingutusn\u00f6\u00f6riga, h\u00e4sti veniv v\u00f6\u00f6koht (lihtne tavap\u00fckste peale t\u00f5mmata), t\u00f5mblukk p\u00fckste t\u00e4ispikkuses m\u00f5lemal poolel \u00e4rav\u00f5tmise lihtsustamiseks, takjakinnitusega reguleeritavad mansetid ning vormitud p\u00f5lvekohad. Laigu muster v\u00f5ib veidi varjeeruda. Kiri sildis: Troursers Lightweight Waterproof MVP MTP Kaal: ca 400g Seisukord: uued (v\u00f5ivad sisaldada kirjeid sildil)\u00a0 uuev\u00e4\u00e4rsed (v\u00f5ivad sisaldada minimaalseid kulumisj\u00e4lgi) kasutatud, Grade 1 (heas korras, kergete kulumisj\u00e4lgedega,v\u00f5ivad olla kergelt m\u00e4\u00e4rdunud) Suurused:\u00a0s\u00e4\u00e4re sisepikkus \/ v\u00f6\u00f6\u00fcmberm\u00f5\u00f5t, cm XS - 70\/70; S - 70\/75;\u00a0M - 75\/80; L - 80\/90; XL - 85\/100; XXL - 90\/110\" \/>\n<meta property=\"og:url\" content=\"https:\/\/www.outdoors.ee\/et\/toode\/briti-armee-vihmapuksid-lightweight-waterproof-mvp-mtp\/\" \/>\n<meta property=\"og:site_name\" content=\"Outdoors\" \/>\n<meta property=\"article:modified_time\" content=\"2026-03-06T20:52:22+00:00\" \/>\n<meta property=\"og:image\" content=\"https:\/\/www.outdoors.ee\/wp-content\/uploads\/2021\/09\/0112WPn-1-British-Lightweight-Waterproof-trousers-MTP.jpg\" \/>\n\t<meta property=\"og:image:width\" content=\"818\" \/>\n\t<meta property=\"og:image:height\" content=\"1599\" \/>\n\t<meta property=\"og:image:type\" content=\"image\/jpeg\" \/>\n<meta name=\"twitter:card\" content=\"summary_large_image\" \/>\n<meta name=\"twitter:title\" content=\"Briti Armee vihmap\u00fcksid Lightweight Waterproof MVP MTP\" \/>\n<meta name=\"twitter:label1\" content=\"Est. reading time\" \/>\n\t<meta name=\"twitter:data1\" content=\"1 minut\" \/>\n<script type=\"application\/ld+json\" class=\"yoast-schema-graph\">{\"@context\":\"https:\/\/schema.org\",\"@graph\":[{\"@type\":\"WebPage\",\"@id\":\"https:\/\/www.outdoors.ee\/et\/toode\/briti-armee-vihmapuksid-lightweight-waterproof-mvp-mtp\/\",\"url\":\"https:\/\/www.outdoors.ee\/et\/toode\/briti-armee-vihmapuksid-lightweight-waterproof-mvp-mtp\/\",\"name\":\"Briti Armee vihmap\u00fcksid Lightweight Waterproof MVP MTP - outdoors.ee\",\"isPartOf\":{\"@id\":\"https:\/\/www.outdoors.ee\/#website\"},\"primaryImageOfPage\":{\"@id\":\"https:\/\/www.outdoors.ee\/et\/toode\/briti-armee-vihmapuksid-lightweight-waterproof-mvp-mtp\/#primaryimage\"},\"image\":{\"@id\":\"https:\/\/www.outdoors.ee\/et\/toode\/briti-armee-vihmapuksid-lightweight-waterproof-mvp-mtp\/#primaryimage\"},\"thumbnailUrl\":\"https:\/\/www.outdoors.ee\/wp-content\/uploads\/2021\/09\/0112WPn-1-British-Lightweight-Waterproof-trousers-MTP.jpg\",\"datePublished\":\"2021-12-08T22:00:00+00:00\",\"dateModified\":\"2026-03-06T20:52:22+00:00\",\"description\":\"Originaalsed Briti s\u00f5jav\u00e4e p\u00fcksid, mis on toodetud vetth\u00fclgavast ja hingavast MVP (Moisture Vapour Permeable) materjalist (Briti s\u00f5jav\u00e4e Gore-Texi\u00ae\u00a0ekvivalent). Ideaalsed igap\u00e4evaseks kasutamiseks, harjutamiseks ning vaba\u00f5hu\u00fcritusteks, millal peab pikalt maastikul liikvel olema vaatamata ilmastikuoludele. V\u00f5ib kasutada \u00fclep\u00fckstena k\u00fclmemal ajal. Omaduste hulka kuuluvad: pingutusn\u00f6\u00f6riga, h\u00e4sti veniv v\u00f6\u00f6koht (lihtne tavap\u00fckste peale t\u00f5mmata), t\u00f5mblukk p\u00fckste t\u00e4ispikkuses m\u00f5lemal poolel \u00e4rav\u00f5tmise lihtsustamiseks, takjakinnitusega reguleeritavad mansetid ning vormitud p\u00f5lvekohad. Laigu muster v\u00f5ib veidi varjeeruda. Kiri sildis: Troursers Lightweight Waterproof MVP MTP Kaal: ca 400g Seisukord: uued (v\u00f5ivad sisaldada kirjeid sildil)\u00a0 uuev\u00e4\u00e4rsed (v\u00f5ivad sisaldada minimaalseid kulumisj\u00e4lgi) kasutatud, Grade 1 (heas korras, kergete kulumisj\u00e4lgedega,v\u00f5ivad olla kergelt m\u00e4\u00e4rdunud) Suurused:\u00a0s\u00e4\u00e4re sisepikkus \/ v\u00f6\u00f6\u00fcmberm\u00f5\u00f5t, cm XS - 70\/70; S - 70\/75;\u00a0M - 75\/80; L - 80\/90; XL - 85\/100; XXL - 90\/110\",\"breadcrumb\":{\"@id\":\"https:\/\/www.outdoors.ee\/et\/toode\/briti-armee-vihmapuksid-lightweight-waterproof-mvp-mtp\/#breadcrumb\"},\"inLanguage\":\"et\",\"potentialAction\":[{\"@type\":\"ReadAction\",\"target\":[\"https:\/\/www.outdoors.ee\/et\/toode\/briti-armee-vihmapuksid-lightweight-waterproof-mvp-mtp\/\"]}]},{\"@type\":\"ImageObject\",\"inLanguage\":\"et\",\"@id\":\"https:\/\/www.outdoors.ee\/et\/toode\/briti-armee-vihmapuksid-lightweight-waterproof-mvp-mtp\/#primaryimage\",\"url\":\"https:\/\/www.outdoors.ee\/wp-content\/uploads\/2021\/09\/0112WPn-1-British-Lightweight-Waterproof-trousers-MTP.jpg\",\"contentUrl\":\"https:\/\/www.outdoors.ee\/wp-content\/uploads\/2021\/09\/0112WPn-1-British-Lightweight-Waterproof-trousers-MTP.jpg\",\"width\":818,\"height\":1599},{\"@type\":\"BreadcrumbList\",\"@id\":\"https:\/\/www.outdoors.ee\/et\/toode\/briti-armee-vihmapuksid-lightweight-waterproof-mvp-mtp\/#breadcrumb\",\"itemListElement\":[{\"@type\":\"ListItem\",\"position\":1,\"name\":\"Home\",\"item\":\"https:\/\/www.outdoors.ee\/et\/\"},{\"@type\":\"ListItem\",\"position\":2,\"name\":\"Tooted\",\"item\":\"https:\/\/www.outdoors.ee\/products\/\"},{\"@type\":\"ListItem\",\"position\":3,\"name\":\"Briti Armee vihmap\u00fcksid Lightweight Waterproof MVP MTP\"}]},{\"@type\":\"WebSite\",\"@id\":\"https:\/\/www.outdoors.ee\/#website\",\"url\":\"https:\/\/www.outdoors.ee\/\",\"name\":\"Outdoors\",\"description\":\"Genuine military surplus and not only!\",\"potentialAction\":[{\"@type\":\"SearchAction\",\"target\":{\"@type\":\"EntryPoint\",\"urlTemplate\":\"https:\/\/www.outdoors.ee\/?s={search_term_string}\"},\"query-input\":{\"@type\":\"PropertyValueSpecification\",\"valueRequired\":true,\"valueName\":\"search_term_string\"}}],\"inLanguage\":\"et\"}]}<\/script>\n<!-- \/ Yoast SEO plugin. -->","yoast_head_json":{"title":"Briti Armee vihmap\u00fcksid Lightweight Waterproof MVP MTP - outdoors.ee","description":"Originaalsed Briti s\u00f5jav\u00e4e p\u00fcksid, mis on toodetud vetth\u00fclgavast ja hingavast MVP (Moisture Vapour Permeable) materjalist (Briti s\u00f5jav\u00e4e Gore-Texi\u00ae\u00a0ekvivalent). Ideaalsed igap\u00e4evaseks kasutamiseks, harjutamiseks ning vaba\u00f5hu\u00fcritusteks, millal peab pikalt maastikul liikvel olema vaatamata ilmastikuoludele. V\u00f5ib kasutada \u00fclep\u00fckstena k\u00fclmemal ajal. Omaduste hulka kuuluvad: pingutusn\u00f6\u00f6riga, h\u00e4sti veniv v\u00f6\u00f6koht (lihtne tavap\u00fckste peale t\u00f5mmata), t\u00f5mblukk p\u00fckste t\u00e4ispikkuses m\u00f5lemal poolel \u00e4rav\u00f5tmise lihtsustamiseks, takjakinnitusega reguleeritavad mansetid ning vormitud p\u00f5lvekohad. Laigu muster v\u00f5ib veidi varjeeruda. Kiri sildis: Troursers Lightweight Waterproof MVP MTP Kaal: ca 400g Seisukord: uued (v\u00f5ivad sisaldada kirjeid sildil)\u00a0 uuev\u00e4\u00e4rsed (v\u00f5ivad sisaldada minimaalseid kulumisj\u00e4lgi) kasutatud, Grade 1 (heas korras, kergete kulumisj\u00e4lgedega,v\u00f5ivad olla kergelt m\u00e4\u00e4rdunud) Suurused:\u00a0s\u00e4\u00e4re sisepikkus \/ v\u00f6\u00f6\u00fcmberm\u00f5\u00f5t, cm XS - 70\/70; S - 70\/75;\u00a0M - 75\/80; L - 80\/90; XL - 85\/100; XXL - 90\/110","robots":{"index":"index","follow":"follow","max-snippet":"max-snippet:-1","max-image-preview":"max-image-preview:large","max-video-preview":"max-video-preview:-1"},"canonical":"https:\/\/www.outdoors.ee\/et\/toode\/briti-armee-vihmapuksid-lightweight-waterproof-mvp-mtp\/","og_locale":"et_EE","og_type":"article","og_title":"Briti Armee vihmap\u00fcksid Lightweight Waterproof MVP MTP","og_description":"Originaalsed Briti s\u00f5jav\u00e4e p\u00fcksid, mis on toodetud vetth\u00fclgavast ja hingavast MVP (Moisture Vapour Permeable) materjalist (Briti s\u00f5jav\u00e4e Gore-Texi\u00ae\u00a0ekvivalent). Ideaalsed igap\u00e4evaseks kasutamiseks, harjutamiseks ning vaba\u00f5hu\u00fcritusteks, millal peab pikalt maastikul liikvel olema vaatamata ilmastikuoludele. V\u00f5ib kasutada \u00fclep\u00fckstena k\u00fclmemal ajal. Omaduste hulka kuuluvad: pingutusn\u00f6\u00f6riga, h\u00e4sti veniv v\u00f6\u00f6koht (lihtne tavap\u00fckste peale t\u00f5mmata), t\u00f5mblukk p\u00fckste t\u00e4ispikkuses m\u00f5lemal poolel \u00e4rav\u00f5tmise lihtsustamiseks, takjakinnitusega reguleeritavad mansetid ning vormitud p\u00f5lvekohad. Laigu muster v\u00f5ib veidi varjeeruda. Kiri sildis: Troursers Lightweight Waterproof MVP MTP Kaal: ca 400g Seisukord: uued (v\u00f5ivad sisaldada kirjeid sildil)\u00a0 uuev\u00e4\u00e4rsed (v\u00f5ivad sisaldada minimaalseid kulumisj\u00e4lgi) kasutatud, Grade 1 (heas korras, kergete kulumisj\u00e4lgedega,v\u00f5ivad olla kergelt m\u00e4\u00e4rdunud) Suurused:\u00a0s\u00e4\u00e4re sisepikkus \/ v\u00f6\u00f6\u00fcmberm\u00f5\u00f5t, cm XS - 70\/70; S - 70\/75;\u00a0M - 75\/80; L - 80\/90; XL - 85\/100; XXL - 90\/110","og_url":"https:\/\/www.outdoors.ee\/et\/toode\/briti-armee-vihmapuksid-lightweight-waterproof-mvp-mtp\/","og_site_name":"Outdoors","article_modified_time":"2026-03-06T20:52:22+00:00","og_image":[{"width":818,"height":1599,"url":"https:\/\/www.outdoors.ee\/wp-content\/uploads\/2021\/09\/0112WPn-1-British-Lightweight-Waterproof-trousers-MTP.jpg","type":"image\/jpeg"}],"twitter_card":"summary_large_image","twitter_title":"Briti Armee vihmap\u00fcksid Lightweight Waterproof MVP MTP","twitter_misc":{"Est. reading time":"1 minut"},"schema":{"@context":"https:\/\/schema.org","@graph":[{"@type":"WebPage","@id":"https:\/\/www.outdoors.ee\/et\/toode\/briti-armee-vihmapuksid-lightweight-waterproof-mvp-mtp\/","url":"https:\/\/www.outdoors.ee\/et\/toode\/briti-armee-vihmapuksid-lightweight-waterproof-mvp-mtp\/","name":"Briti Armee vihmap\u00fcksid Lightweight Waterproof MVP MTP - outdoors.ee","isPartOf":{"@id":"https:\/\/www.outdoors.ee\/#website"},"primaryImageOfPage":{"@id":"https:\/\/www.outdoors.ee\/et\/toode\/briti-armee-vihmapuksid-lightweight-waterproof-mvp-mtp\/#primaryimage"},"image":{"@id":"https:\/\/www.outdoors.ee\/et\/toode\/briti-armee-vihmapuksid-lightweight-waterproof-mvp-mtp\/#primaryimage"},"thumbnailUrl":"https:\/\/www.outdoors.ee\/wp-content\/uploads\/2021\/09\/0112WPn-1-British-Lightweight-Waterproof-trousers-MTP.jpg","datePublished":"2021-12-08T22:00:00+00:00","dateModified":"2026-03-06T20:52:22+00:00","description":"Originaalsed Briti s\u00f5jav\u00e4e p\u00fcksid, mis on toodetud vetth\u00fclgavast ja hingavast MVP (Moisture Vapour Permeable) materjalist (Briti s\u00f5jav\u00e4e Gore-Texi\u00ae\u00a0ekvivalent). Ideaalsed igap\u00e4evaseks kasutamiseks, harjutamiseks ning vaba\u00f5hu\u00fcritusteks, millal peab pikalt maastikul liikvel olema vaatamata ilmastikuoludele. V\u00f5ib kasutada \u00fclep\u00fckstena k\u00fclmemal ajal. Omaduste hulka kuuluvad: pingutusn\u00f6\u00f6riga, h\u00e4sti veniv v\u00f6\u00f6koht (lihtne tavap\u00fckste peale t\u00f5mmata), t\u00f5mblukk p\u00fckste t\u00e4ispikkuses m\u00f5lemal poolel \u00e4rav\u00f5tmise lihtsustamiseks, takjakinnitusega reguleeritavad mansetid ning vormitud p\u00f5lvekohad. Laigu muster v\u00f5ib veidi varjeeruda. Kiri sildis: Troursers Lightweight Waterproof MVP MTP Kaal: ca 400g Seisukord: uued (v\u00f5ivad sisaldada kirjeid sildil)\u00a0 uuev\u00e4\u00e4rsed (v\u00f5ivad sisaldada minimaalseid kulumisj\u00e4lgi) kasutatud, Grade 1 (heas korras, kergete kulumisj\u00e4lgedega,v\u00f5ivad olla kergelt m\u00e4\u00e4rdunud) Suurused:\u00a0s\u00e4\u00e4re sisepikkus \/ v\u00f6\u00f6\u00fcmberm\u00f5\u00f5t, cm XS - 70\/70; S - 70\/75;\u00a0M - 75\/80; L - 80\/90; XL - 85\/100; XXL - 90\/110","breadcrumb":{"@id":"https:\/\/www.outdoors.ee\/et\/toode\/briti-armee-vihmapuksid-lightweight-waterproof-mvp-mtp\/#breadcrumb"},"inLanguage":"et","potentialAction":[{"@type":"ReadAction","target":["https:\/\/www.outdoors.ee\/et\/toode\/briti-armee-vihmapuksid-lightweight-waterproof-mvp-mtp\/"]}]},{"@type":"ImageObject","inLanguage":"et","@id":"https:\/\/www.outdoors.ee\/et\/toode\/briti-armee-vihmapuksid-lightweight-waterproof-mvp-mtp\/#primaryimage","url":"https:\/\/www.outdoors.ee\/wp-content\/uploads\/2021\/09\/0112WPn-1-British-Lightweight-Waterproof-trousers-MTP.jpg","contentUrl":"https:\/\/www.outdoors.ee\/wp-content\/uploads\/2021\/09\/0112WPn-1-British-Lightweight-Waterproof-trousers-MTP.jpg","width":818,"height":1599},{"@type":"BreadcrumbList","@id":"https:\/\/www.outdoors.ee\/et\/toode\/briti-armee-vihmapuksid-lightweight-waterproof-mvp-mtp\/#breadcrumb","itemListElement":[{"@type":"ListItem","position":1,"name":"Home","item":"https:\/\/www.outdoors.ee\/et\/"},{"@type":"ListItem","position":2,"name":"Tooted","item":"https:\/\/www.outdoors.ee\/products\/"},{"@type":"ListItem","position":3,"name":"Briti Armee vihmap\u00fcksid Lightweight Waterproof MVP MTP"}]},{"@type":"WebSite","@id":"https:\/\/www.outdoors.ee\/#website","url":"https:\/\/www.outdoors.ee\/","name":"Outdoors","description":"Genuine military surplus and not only!","potentialAction":[{"@type":"SearchAction","target":{"@type":"EntryPoint","urlTemplate":"https:\/\/www.outdoors.ee\/?s={search_term_string}"},"query-input":{"@type":"PropertyValueSpecification","valueRequired":true,"valueName":"search_term_string"}}],"inLanguage":"et"}]}},"_links":{"self":[{"href":"https:\/\/www.outdoors.ee\/et\/wp-json\/wp\/v2\/product\/58137","targetHints":{"allow":["GET"]}}],"collection":[{"href":"https:\/\/www.outdoors.ee\/et\/wp-json\/wp\/v2\/product"}],"about":[{"href":"https:\/\/www.outdoors.ee\/et\/wp-json\/wp\/v2\/types\/product"}],"wp:featuredmedia":[{"embeddable":true,"href":"https:\/\/www.outdoors.ee\/et\/wp-json\/wp\/v2\/media\/17781"}],"wp:attachment":[{"href":"https:\/\/www.outdoors.ee\/et\/wp-json\/wp\/v2\/media?parent=58137"}],"wp:term":[{"taxonomy":"product_brand","embeddable":true,"href":"https:\/\/www.outdoors.ee\/et\/wp-json\/wp\/v2\/product_brand?post=58137"},{"taxonomy":"product_cat","embeddable":true,"href":"https:\/\/www.outdoors.ee\/et\/wp-json\/wp\/v2\/product_cat?post=58137"},{"taxonomy":"product_tag","embeddable":true,"href":"https:\/\/www.outdoors.ee\/et\/wp-json\/wp\/v2\/product_tag?post=58137"}],"curies":[{"name":"wp","href":"https:\/\/api.w.org\/{rel}","templated":true}]}}