{"id":58127,"date":"2021-12-09T00:00:00","date_gmt":"2021-12-09T00:00:00","guid":{"rendered":"https:\/\/www.outdoors.ee\/product\/mfh-bw-valipuksid-flecktarn\/"},"modified":"2025-08-27T13:23:21","modified_gmt":"2025-08-27T10:23:21","slug":"mfh-bw-valipuksid-flecktarn","status":"publish","type":"product","link":"https:\/\/www.outdoors.ee\/et\/toode\/mfh-bw-valipuksid-flecktarn\/","title":{"rendered":"MFH\u00ae BW v\u00e4lip\u00fcksid Flecktarn"},"content":{"rendered":"<p><strong>Omadused<\/strong>:<\/p>\n<ul>\n<li>toodetud vastavalt Saksa s\u00f5jav\u00e4e spetsifikatsioonile<\/li>\n<li>2 klapi ja trukkidega suletavat\u00a0reietaskut<\/li>\n<li>2 k\u00e4etaskut<\/li>\n<li>1 tagatasku<\/li>\n<li>ca 3,5cm laiad p\u00fcksirihma aasad<\/li>\n<li>n\u00f6\u00f6bid trakside kinnitamiseks v\u00f6\u00f6l<\/li>\n<\/ul>\n<p><strong>Materjal<\/strong>: 65% puuvilll 35% pol\u00fcester<\/p>\n<p><strong>Seisukord<\/strong>: uus<\/p>\n","protected":false},"excerpt":{"rendered":"<p>Omadused: toodetud vastavalt Saksa s\u00f5jav\u00e4e spetsifikatsioonile 2 klapi ja trukkidega suletavat\u00a0reietaskut 2 k\u00e4etaskut 1 tagatasku ca 3,5cm laiad p\u00fcksirihma aasad<\/p>\n","protected":false},"featured_media":18188,"template":"","meta":[],"product_brand":[],"product_cat":[111],"product_tag":[],"class_list":{"0":"post-58127","1":"product","2":"type-product","3":"status-publish","4":"has-post-thumbnail","6":"product_cat-puksid","7":"pa_brand-mfh-2","8":"pa_size-10-2","9":"pa_size-11-2","10":"pa_size-12-2","11":"pa_size-13-2","12":"pa_size-14-2","13":"pa_size-15-2","14":"pa_size-16-2","15":"pa_size-8-2","16":"pa_size-9-2","18":"first","19":"instock","20":"sale","21":"taxable","22":"shipping-taxable","23":"purchasable","24":"product-type-variable"},"yoast_head":"<!-- This site is optimized with the Yoast SEO plugin v27.2 - https:\/\/yoast.com\/product\/yoast-seo-wordpress\/ -->\n<title>MFH BW v\u00e4lip\u00fcksid Flecktarn - outdoors.ee<\/title>\n<meta name=\"description\" content=\"Omadused: toodetud vastavalt Saksa s&otilde;jav&auml;e spetsifikatsioonile 2 klapi ja trukkidega suletavat&nbsp;reietaskut 2 k&auml;etaskut 1 tagatasku ca 3,5cm laiad p&uuml;ksirihma aasad n&ouml;&ouml;bid trakside kinnitamiseks v&ouml;&ouml;l Materjal: 65% puuvilll 35% pol&uuml;ester Seisukord: uued\" \/>\n<meta name=\"robots\" content=\"index, follow, max-snippet:-1, max-image-preview:large, max-video-preview:-1\" \/>\n<link rel=\"canonical\" href=\"https:\/\/www.outdoors.ee\/toode\/mfh-bw-field-trousers-flecktarn\/\" \/>\n<meta property=\"og:locale\" content=\"et_EE\" \/>\n<meta property=\"og:type\" content=\"article\" \/>\n<meta property=\"og:title\" content=\"MFH BW v\u00e4lip\u00fcksid Flecktarn\" \/>\n<meta property=\"og:description\" content=\"Omadused: toodetud vastavalt Saksa s&otilde;jav&auml;e spetsifikatsioonile 2 klapi ja trukkidega suletavat&nbsp;reietaskut 2 k&auml;etaskut 1 tagatasku ca 3,5cm laiad p&uuml;ksirihma aasad n&ouml;&ouml;bid trakside kinnitamiseks v&ouml;&ouml;l Materjal: 65% puuvilll 35% pol&uuml;ester Seisukord: uued\" \/>\n<meta property=\"og:url\" content=\"https:\/\/www.outdoors.ee\/toode\/mfh-bw-field-trousers-flecktarn\/\" \/>\n<meta property=\"og:site_name\" content=\"Outdoors\" \/>\n<meta property=\"article:modified_time\" content=\"2025-08-27T10:23:21+00:00\" \/>\n<meta property=\"og:image\" content=\"https:\/\/www.outdoors.ee\/wp-content\/uploads\/2021\/09\/MFH-BW-Field-Trousers-Flecktarn-1.jpg\" \/>\n\t<meta property=\"og:image:width\" content=\"1200\" \/>\n\t<meta property=\"og:image:height\" content=\"1200\" \/>\n\t<meta property=\"og:image:type\" content=\"image\/jpeg\" \/>\n<meta name=\"twitter:card\" content=\"summary_large_image\" \/>\n<meta name=\"twitter:title\" content=\"MFH BW v\u00e4lip\u00fcksid Flecktarn\" \/>\n<script type=\"application\/ld+json\" class=\"yoast-schema-graph\">{\"@context\":\"https:\/\/schema.org\",\"@graph\":[{\"@type\":\"WebPage\",\"@id\":\"https:\/\/www.outdoors.ee\/toode\/mfh-bw-field-trousers-flecktarn\/\",\"url\":\"https:\/\/www.outdoors.ee\/toode\/mfh-bw-field-trousers-flecktarn\/\",\"name\":\"MFH BW v\u00e4lip\u00fcksid Flecktarn - outdoors.ee\",\"isPartOf\":{\"@id\":\"https:\/\/www.outdoors.ee\/#website\"},\"primaryImageOfPage\":{\"@id\":\"https:\/\/www.outdoors.ee\/toode\/mfh-bw-field-trousers-flecktarn\/#primaryimage\"},\"image\":{\"@id\":\"https:\/\/www.outdoors.ee\/toode\/mfh-bw-field-trousers-flecktarn\/#primaryimage\"},\"thumbnailUrl\":\"https:\/\/www.outdoors.ee\/wp-content\/uploads\/2021\/09\/MFH-BW-Field-Trousers-Flecktarn-1.jpg\",\"datePublished\":\"2021-12-09T00:00:00+00:00\",\"dateModified\":\"2025-08-27T10:23:21+00:00\",\"description\":\"Omadused: toodetud vastavalt Saksa s&otilde;jav&auml;e spetsifikatsioonile 2 klapi ja trukkidega suletavat&nbsp;reietaskut 2 k&auml;etaskut 1 tagatasku ca 3,5cm laiad p&uuml;ksirihma aasad n&ouml;&ouml;bid trakside kinnitamiseks v&ouml;&ouml;l Materjal: 65% puuvilll 35% pol&uuml;ester Seisukord: uued\",\"breadcrumb\":{\"@id\":\"https:\/\/www.outdoors.ee\/toode\/mfh-bw-field-trousers-flecktarn\/#breadcrumb\"},\"inLanguage\":\"et\",\"potentialAction\":[{\"@type\":\"ReadAction\",\"target\":[\"https:\/\/www.outdoors.ee\/toode\/mfh-bw-field-trousers-flecktarn\/\"]}]},{\"@type\":\"ImageObject\",\"inLanguage\":\"et\",\"@id\":\"https:\/\/www.outdoors.ee\/toode\/mfh-bw-field-trousers-flecktarn\/#primaryimage\",\"url\":\"https:\/\/www.outdoors.ee\/wp-content\/uploads\/2021\/09\/MFH-BW-Field-Trousers-Flecktarn-1.jpg\",\"contentUrl\":\"https:\/\/www.outdoors.ee\/wp-content\/uploads\/2021\/09\/MFH-BW-Field-Trousers-Flecktarn-1.jpg\",\"width\":1200,\"height\":1200},{\"@type\":\"BreadcrumbList\",\"@id\":\"https:\/\/www.outdoors.ee\/toode\/mfh-bw-field-trousers-flecktarn\/#breadcrumb\",\"itemListElement\":[{\"@type\":\"ListItem\",\"position\":1,\"name\":\"Home\",\"item\":\"https:\/\/www.outdoors.ee\/et\/\"},{\"@type\":\"ListItem\",\"position\":2,\"name\":\"Tooted\",\"item\":\"https:\/\/www.outdoors.ee\/products\/\"},{\"@type\":\"ListItem\",\"position\":3,\"name\":\"MFH\u00ae BW v\u00e4lip\u00fcksid Flecktarn\"}]},{\"@type\":\"WebSite\",\"@id\":\"https:\/\/www.outdoors.ee\/#website\",\"url\":\"https:\/\/www.outdoors.ee\/\",\"name\":\"Outdoors\",\"description\":\"Genuine military surplus and not only!\",\"potentialAction\":[{\"@type\":\"SearchAction\",\"target\":{\"@type\":\"EntryPoint\",\"urlTemplate\":\"https:\/\/www.outdoors.ee\/?s={search_term_string}\"},\"query-input\":{\"@type\":\"PropertyValueSpecification\",\"valueRequired\":true,\"valueName\":\"search_term_string\"}}],\"inLanguage\":\"et\"}]}<\/script>\n<!-- \/ Yoast SEO plugin. -->","yoast_head_json":{"title":"MFH BW v\u00e4lip\u00fcksid Flecktarn - outdoors.ee","description":"Omadused: toodetud vastavalt Saksa s&otilde;jav&auml;e spetsifikatsioonile 2 klapi ja trukkidega suletavat&nbsp;reietaskut 2 k&auml;etaskut 1 tagatasku ca 3,5cm laiad p&uuml;ksirihma aasad n&ouml;&ouml;bid trakside kinnitamiseks v&ouml;&ouml;l Materjal: 65% puuvilll 35% pol&uuml;ester Seisukord: uued","robots":{"index":"index","follow":"follow","max-snippet":"max-snippet:-1","max-image-preview":"max-image-preview:large","max-video-preview":"max-video-preview:-1"},"canonical":"https:\/\/www.outdoors.ee\/toode\/mfh-bw-field-trousers-flecktarn\/","og_locale":"et_EE","og_type":"article","og_title":"MFH BW v\u00e4lip\u00fcksid Flecktarn","og_description":"Omadused: toodetud vastavalt Saksa s&otilde;jav&auml;e spetsifikatsioonile 2 klapi ja trukkidega suletavat&nbsp;reietaskut 2 k&auml;etaskut 1 tagatasku ca 3,5cm laiad p&uuml;ksirihma aasad n&ouml;&ouml;bid trakside kinnitamiseks v&ouml;&ouml;l Materjal: 65% puuvilll 35% pol&uuml;ester Seisukord: uued","og_url":"https:\/\/www.outdoors.ee\/toode\/mfh-bw-field-trousers-flecktarn\/","og_site_name":"Outdoors","article_modified_time":"2025-08-27T10:23:21+00:00","og_image":[{"width":1200,"height":1200,"url":"https:\/\/www.outdoors.ee\/wp-content\/uploads\/2021\/09\/MFH-BW-Field-Trousers-Flecktarn-1.jpg","type":"image\/jpeg"}],"twitter_card":"summary_large_image","twitter_title":"MFH BW v\u00e4lip\u00fcksid Flecktarn","schema":{"@context":"https:\/\/schema.org","@graph":[{"@type":"WebPage","@id":"https:\/\/www.outdoors.ee\/toode\/mfh-bw-field-trousers-flecktarn\/","url":"https:\/\/www.outdoors.ee\/toode\/mfh-bw-field-trousers-flecktarn\/","name":"MFH BW v\u00e4lip\u00fcksid Flecktarn - outdoors.ee","isPartOf":{"@id":"https:\/\/www.outdoors.ee\/#website"},"primaryImageOfPage":{"@id":"https:\/\/www.outdoors.ee\/toode\/mfh-bw-field-trousers-flecktarn\/#primaryimage"},"image":{"@id":"https:\/\/www.outdoors.ee\/toode\/mfh-bw-field-trousers-flecktarn\/#primaryimage"},"thumbnailUrl":"https:\/\/www.outdoors.ee\/wp-content\/uploads\/2021\/09\/MFH-BW-Field-Trousers-Flecktarn-1.jpg","datePublished":"2021-12-09T00:00:00+00:00","dateModified":"2025-08-27T10:23:21+00:00","description":"Omadused: toodetud vastavalt Saksa s&otilde;jav&auml;e spetsifikatsioonile 2 klapi ja trukkidega suletavat&nbsp;reietaskut 2 k&auml;etaskut 1 tagatasku ca 3,5cm laiad p&uuml;ksirihma aasad n&ouml;&ouml;bid trakside kinnitamiseks v&ouml;&ouml;l Materjal: 65% puuvilll 35% pol&uuml;ester Seisukord: uued","breadcrumb":{"@id":"https:\/\/www.outdoors.ee\/toode\/mfh-bw-field-trousers-flecktarn\/#breadcrumb"},"inLanguage":"et","potentialAction":[{"@type":"ReadAction","target":["https:\/\/www.outdoors.ee\/toode\/mfh-bw-field-trousers-flecktarn\/"]}]},{"@type":"ImageObject","inLanguage":"et","@id":"https:\/\/www.outdoors.ee\/toode\/mfh-bw-field-trousers-flecktarn\/#primaryimage","url":"https:\/\/www.outdoors.ee\/wp-content\/uploads\/2021\/09\/MFH-BW-Field-Trousers-Flecktarn-1.jpg","contentUrl":"https:\/\/www.outdoors.ee\/wp-content\/uploads\/2021\/09\/MFH-BW-Field-Trousers-Flecktarn-1.jpg","width":1200,"height":1200},{"@type":"BreadcrumbList","@id":"https:\/\/www.outdoors.ee\/toode\/mfh-bw-field-trousers-flecktarn\/#breadcrumb","itemListElement":[{"@type":"ListItem","position":1,"name":"Home","item":"https:\/\/www.outdoors.ee\/et\/"},{"@type":"ListItem","position":2,"name":"Tooted","item":"https:\/\/www.outdoors.ee\/products\/"},{"@type":"ListItem","position":3,"name":"MFH\u00ae BW v\u00e4lip\u00fcksid Flecktarn"}]},{"@type":"WebSite","@id":"https:\/\/www.outdoors.ee\/#website","url":"https:\/\/www.outdoors.ee\/","name":"Outdoors","description":"Genuine military surplus and not only!","potentialAction":[{"@type":"SearchAction","target":{"@type":"EntryPoint","urlTemplate":"https:\/\/www.outdoors.ee\/?s={search_term_string}"},"query-input":{"@type":"PropertyValueSpecification","valueRequired":true,"valueName":"search_term_string"}}],"inLanguage":"et"}]}},"_links":{"self":[{"href":"https:\/\/www.outdoors.ee\/et\/wp-json\/wp\/v2\/product\/58127","targetHints":{"allow":["GET"]}}],"collection":[{"href":"https:\/\/www.outdoors.ee\/et\/wp-json\/wp\/v2\/product"}],"about":[{"href":"https:\/\/www.outdoors.ee\/et\/wp-json\/wp\/v2\/types\/product"}],"wp:featuredmedia":[{"embeddable":true,"href":"https:\/\/www.outdoors.ee\/et\/wp-json\/wp\/v2\/media\/18188"}],"wp:attachment":[{"href":"https:\/\/www.outdoors.ee\/et\/wp-json\/wp\/v2\/media?parent=58127"}],"wp:term":[{"taxonomy":"product_brand","embeddable":true,"href":"https:\/\/www.outdoors.ee\/et\/wp-json\/wp\/v2\/product_brand?post=58127"},{"taxonomy":"product_cat","embeddable":true,"href":"https:\/\/www.outdoors.ee\/et\/wp-json\/wp\/v2\/product_cat?post=58127"},{"taxonomy":"product_tag","embeddable":true,"href":"https:\/\/www.outdoors.ee\/et\/wp-json\/wp\/v2\/product_tag?post=58127"}],"curies":[{"name":"wp","href":"https:\/\/api.w.org\/{rel}","templated":true}]}}