{"id":58080,"date":"2021-12-09T00:00:00","date_gmt":"2021-12-08T22:00:00","guid":{"rendered":"https:\/\/www.outdoors.ee\/product\/briti-armee-lahinguvormi-puksid-mtp\/"},"modified":"2026-04-07T19:29:30","modified_gmt":"2026-04-07T16:29:30","slug":"briti-armee-valivormi-puksid-mtp","status":"publish","type":"product","link":"https:\/\/www.outdoors.ee\/et\/toode\/briti-armee-valivormi-puksid-mtp\/","title":{"rendered":"Briti Armee v\u00e4livormi p\u00fcksid MTP"},"content":{"rendered":"<p style=\"text-align: justify;\"><strong>Omadused:<\/strong><\/p>\n<ul style=\"text-align: justify;\">\n<li>Briti s\u00f5jav\u00e4e originaal, PCS (Personal Clothing System) osa<\/li>\n<li style=\"text-align: justify;\">2 suurt nurga all asetsevat reietaskut n\u00f6\u00f6pidega<\/li>\n<li style=\"text-align: justify;\">2 k\u00e4etaskut<\/li>\n<li style=\"text-align: justify;\">1 t\u00f5mblukuga turvatasku vasaku k\u00e4etasku sees<\/li>\n<li style=\"text-align: justify;\">1 tagatasku<\/li>\n<li style=\"text-align: justify;\">t\u00f5mbluku ning n\u00f6\u00f6biga eest suletavad<\/li>\n<li style=\"text-align: justify;\">n\u00f6\u00f6pide abil reguleeritav v\u00f6\u00f6\u00fcmberm\u00f5\u00f5t<\/li>\n<li style=\"text-align: justify;\">Kanada t\u00fc\u00fcpi n\u00f6\u00f6bid<\/li>\n<li style=\"text-align: justify;\">k\u00f5ik taskutel asetsevad n\u00f6\u00f6bid on klappidega kaetud<\/li>\n<li style=\"text-align: justify;\">laiad v\u00f6\u00f6rihma aasad, rihmadele laiusega kuni 8cm<\/li>\n<li>v\u00f5imalikud kirjad sildil: Trouser Combat Warm Weather MTP \/ Trouser Combat Multi Terrain Pattern (MTP)<\/li>\n<li>materjal<strong>:<\/strong> 70% pol\u00fcester 30% puuvill, putukavastase t\u00f6\u00f6tlusega<\/li>\n<\/ul>\n<p style=\"text-align: justify;\"><strong>Suurus <\/strong>rippmen\u00fc\u00fcs<strong>:<\/strong> s\u00e4\u00e4re sisepikkus \/ v\u00f6\u00f6\u00fcmberm\u00f5\u00f5t \/ istmiku \u00fcmberm\u00f5\u00f5t, cm<\/p>\n<p style=\"text-align: justify;\"><strong>Seisukord:<\/strong><\/p>\n<ul>\n<li>uus (ilma originaalpakendita, v\u00f5ivad sisaldada hulgiladustamise j\u00e4lgi)<\/li>\n<li>uuev\u00e4\u00e4rne (sisaldavad kergeid\u00a0 kulumisj\u00e4lgi)<\/li>\n<li>kasutatud, Grade 1 (sisaldavad m\u00f5\u00f5dukaid kulumisj\u00e4lgi, v\u00f5ivad sisaldada v\u00e4iksemaid vigastusi ning olla kergelt m\u00e4\u00e4rdunud)<\/li>\n<\/ul>\n","protected":false},"excerpt":{"rendered":"<p>Omadused: Briti s\u00f5jav\u00e4e originaal, PCS (Personal Clothing System) osa 2 suurt nurga all asetsevat reietaskut n\u00f6\u00f6pidega 2 k\u00e4etaskut 1 t\u00f5mblukuga<\/p>\n","protected":false},"featured_media":69423,"template":"","meta":[],"product_brand":[],"product_cat":[111],"product_tag":[],"class_list":{"0":"post-58080","1":"product","2":"type-product","3":"status-publish","4":"has-post-thumbnail","6":"product_cat-puksid","7":"pa_brand-british-military-surplus","8":"pa_condition-kasutatud-grade-1","9":"pa_condition-uuevaarne","10":"pa_condition-uus","11":"pa_size-70-72-88-2","12":"pa_size-70-76-92-2","13":"pa_size-70-80-96-2","14":"pa_size-70-96-112-2","15":"pa_size-75-68-84-2","16":"pa_size-75-72-88-2","17":"pa_size-75-76-92-2","18":"pa_size-75-80-96-2","19":"pa_size-75-84-100-2","20":"pa_size-75-88-104-2","21":"pa_size-75-92-108-3","22":"pa_size-75-96-112-2","23":"pa_size-80-100-116-2","24":"pa_size-80-104-120-2","25":"pa_size-80-72-88-2","26":"pa_size-80-76-92-2","27":"pa_size-80-80-96-3","28":"pa_size-80-84-100-2","29":"pa_size-80-88-104-2","30":"pa_size-80-92-108-2","31":"pa_size-80-96-112-3","32":"pa_size-85-100-116-3","33":"pa_size-85-104-120-2","34":"pa_size-85-108-124-2","35":"pa_size-85-112-128-2","36":"pa_size-85-80-96-2","37":"pa_size-85-84-100-2","38":"pa_size-85-88-104-2","39":"pa_size-85-92-108-2","40":"pa_size-85-96-112-2","41":"pa_size-90-100-116-2","42":"pa_size-90-104-120-2","43":"pa_size-90-108-124-2","44":"pa_size-90-112-128-3","45":"pa_size-90-92-108-2","46":"pa_size-90-96-112-2","48":"first","49":"instock","50":"taxable","51":"shipping-taxable","52":"purchasable","53":"product-type-variable"},"yoast_head":"<!-- This site is optimized with the Yoast SEO plugin v27.2 - https:\/\/yoast.com\/product\/yoast-seo-wordpress\/ -->\n<title>Briti Armee v\u00e4livormi p\u00fcksid MTP - Outdoors<\/title>\n<meta name=\"robots\" content=\"index, follow, max-snippet:-1, max-image-preview:large, max-video-preview:-1\" \/>\n<link rel=\"canonical\" href=\"https:\/\/www.outdoors.ee\/et\/toode\/briti-armee-valivormi-puksid-mtp\/\" \/>\n<meta property=\"og:locale\" content=\"et_EE\" \/>\n<meta property=\"og:type\" content=\"article\" \/>\n<meta property=\"og:title\" content=\"Briti Armee lahinguvormi p\u00fcksid MTP\" \/>\n<meta property=\"og:description\" content=\"Omadused: Briti s\u00f5jav\u00e4e originaal, PCS (Personal Clothing System) osa 2 suurt nurga all asetsevat reietaskut n\u00f6\u00f6pidega 2 k\u00e4etaskut 1 t\u00f5mblukuga\" \/>\n<meta property=\"og:url\" content=\"https:\/\/www.outdoors.ee\/et\/toode\/briti-armee-valivormi-puksid-mtp\/\" \/>\n<meta property=\"og:site_name\" content=\"Outdoors\" \/>\n<meta property=\"article:modified_time\" content=\"2026-04-07T16:29:30+00:00\" \/>\n<meta property=\"og:image\" content=\"https:\/\/www.outdoors.ee\/wp-content\/uploads\/2021\/12\/0111-British-Army-Combat-Trousers-MTP-1.jpg\" \/>\n\t<meta property=\"og:image:width\" content=\"1000\" \/>\n\t<meta property=\"og:image:height\" content=\"1200\" \/>\n\t<meta property=\"og:image:type\" content=\"image\/jpeg\" \/>\n<meta name=\"twitter:card\" content=\"summary_large_image\" \/>\n<meta name=\"twitter:label1\" content=\"Est. reading time\" \/>\n\t<meta name=\"twitter:data1\" content=\"1 minut\" \/>\n<script type=\"application\/ld+json\" class=\"yoast-schema-graph\">{\"@context\":\"https:\/\/schema.org\",\"@graph\":[{\"@type\":\"WebPage\",\"@id\":\"https:\/\/www.outdoors.ee\/et\/toode\/briti-armee-valivormi-puksid-mtp\/\",\"url\":\"https:\/\/www.outdoors.ee\/et\/toode\/briti-armee-valivormi-puksid-mtp\/\",\"name\":\"Briti Armee v\u00e4livormi p\u00fcksid MTP - Outdoors\",\"isPartOf\":{\"@id\":\"https:\/\/www.outdoors.ee\/#website\"},\"primaryImageOfPage\":{\"@id\":\"https:\/\/www.outdoors.ee\/et\/toode\/briti-armee-valivormi-puksid-mtp\/#primaryimage\"},\"image\":{\"@id\":\"https:\/\/www.outdoors.ee\/et\/toode\/briti-armee-valivormi-puksid-mtp\/#primaryimage\"},\"thumbnailUrl\":\"https:\/\/www.outdoors.ee\/wp-content\/uploads\/2021\/12\/0111-British-Army-Combat-Trousers-MTP-1.jpg\",\"datePublished\":\"2021-12-08T22:00:00+00:00\",\"dateModified\":\"2026-04-07T16:29:30+00:00\",\"breadcrumb\":{\"@id\":\"https:\/\/www.outdoors.ee\/et\/toode\/briti-armee-valivormi-puksid-mtp\/#breadcrumb\"},\"inLanguage\":\"et\",\"potentialAction\":[{\"@type\":\"ReadAction\",\"target\":[\"https:\/\/www.outdoors.ee\/et\/toode\/briti-armee-valivormi-puksid-mtp\/\"]}]},{\"@type\":\"ImageObject\",\"inLanguage\":\"et\",\"@id\":\"https:\/\/www.outdoors.ee\/et\/toode\/briti-armee-valivormi-puksid-mtp\/#primaryimage\",\"url\":\"https:\/\/www.outdoors.ee\/wp-content\/uploads\/2021\/12\/0111-British-Army-Combat-Trousers-MTP-1.jpg\",\"contentUrl\":\"https:\/\/www.outdoors.ee\/wp-content\/uploads\/2021\/12\/0111-British-Army-Combat-Trousers-MTP-1.jpg\",\"width\":1000,\"height\":1200},{\"@type\":\"BreadcrumbList\",\"@id\":\"https:\/\/www.outdoors.ee\/et\/toode\/briti-armee-valivormi-puksid-mtp\/#breadcrumb\",\"itemListElement\":[{\"@type\":\"ListItem\",\"position\":1,\"name\":\"Home\",\"item\":\"https:\/\/www.outdoors.ee\/et\/\"},{\"@type\":\"ListItem\",\"position\":2,\"name\":\"Tooted\",\"item\":\"https:\/\/www.outdoors.ee\/products\/\"},{\"@type\":\"ListItem\",\"position\":3,\"name\":\"Briti Armee v\u00e4livormi p\u00fcksid MTP\"}]},{\"@type\":\"WebSite\",\"@id\":\"https:\/\/www.outdoors.ee\/#website\",\"url\":\"https:\/\/www.outdoors.ee\/\",\"name\":\"Outdoors\",\"description\":\"Genuine military surplus and not only!\",\"potentialAction\":[{\"@type\":\"SearchAction\",\"target\":{\"@type\":\"EntryPoint\",\"urlTemplate\":\"https:\/\/www.outdoors.ee\/?s={search_term_string}\"},\"query-input\":{\"@type\":\"PropertyValueSpecification\",\"valueRequired\":true,\"valueName\":\"search_term_string\"}}],\"inLanguage\":\"et\"}]}<\/script>\n<!-- \/ Yoast SEO plugin. -->","yoast_head_json":{"title":"Briti Armee v\u00e4livormi p\u00fcksid MTP - Outdoors","robots":{"index":"index","follow":"follow","max-snippet":"max-snippet:-1","max-image-preview":"max-image-preview:large","max-video-preview":"max-video-preview:-1"},"canonical":"https:\/\/www.outdoors.ee\/et\/toode\/briti-armee-valivormi-puksid-mtp\/","og_locale":"et_EE","og_type":"article","og_title":"Briti Armee lahinguvormi p\u00fcksid MTP","og_description":"Omadused: Briti s\u00f5jav\u00e4e originaal, PCS (Personal Clothing System) osa 2 suurt nurga all asetsevat reietaskut n\u00f6\u00f6pidega 2 k\u00e4etaskut 1 t\u00f5mblukuga","og_url":"https:\/\/www.outdoors.ee\/et\/toode\/briti-armee-valivormi-puksid-mtp\/","og_site_name":"Outdoors","article_modified_time":"2026-04-07T16:29:30+00:00","og_image":[{"width":1000,"height":1200,"url":"https:\/\/www.outdoors.ee\/wp-content\/uploads\/2021\/12\/0111-British-Army-Combat-Trousers-MTP-1.jpg","type":"image\/jpeg"}],"twitter_card":"summary_large_image","twitter_misc":{"Est. reading time":"1 minut"},"schema":{"@context":"https:\/\/schema.org","@graph":[{"@type":"WebPage","@id":"https:\/\/www.outdoors.ee\/et\/toode\/briti-armee-valivormi-puksid-mtp\/","url":"https:\/\/www.outdoors.ee\/et\/toode\/briti-armee-valivormi-puksid-mtp\/","name":"Briti Armee v\u00e4livormi p\u00fcksid MTP - Outdoors","isPartOf":{"@id":"https:\/\/www.outdoors.ee\/#website"},"primaryImageOfPage":{"@id":"https:\/\/www.outdoors.ee\/et\/toode\/briti-armee-valivormi-puksid-mtp\/#primaryimage"},"image":{"@id":"https:\/\/www.outdoors.ee\/et\/toode\/briti-armee-valivormi-puksid-mtp\/#primaryimage"},"thumbnailUrl":"https:\/\/www.outdoors.ee\/wp-content\/uploads\/2021\/12\/0111-British-Army-Combat-Trousers-MTP-1.jpg","datePublished":"2021-12-08T22:00:00+00:00","dateModified":"2026-04-07T16:29:30+00:00","breadcrumb":{"@id":"https:\/\/www.outdoors.ee\/et\/toode\/briti-armee-valivormi-puksid-mtp\/#breadcrumb"},"inLanguage":"et","potentialAction":[{"@type":"ReadAction","target":["https:\/\/www.outdoors.ee\/et\/toode\/briti-armee-valivormi-puksid-mtp\/"]}]},{"@type":"ImageObject","inLanguage":"et","@id":"https:\/\/www.outdoors.ee\/et\/toode\/briti-armee-valivormi-puksid-mtp\/#primaryimage","url":"https:\/\/www.outdoors.ee\/wp-content\/uploads\/2021\/12\/0111-British-Army-Combat-Trousers-MTP-1.jpg","contentUrl":"https:\/\/www.outdoors.ee\/wp-content\/uploads\/2021\/12\/0111-British-Army-Combat-Trousers-MTP-1.jpg","width":1000,"height":1200},{"@type":"BreadcrumbList","@id":"https:\/\/www.outdoors.ee\/et\/toode\/briti-armee-valivormi-puksid-mtp\/#breadcrumb","itemListElement":[{"@type":"ListItem","position":1,"name":"Home","item":"https:\/\/www.outdoors.ee\/et\/"},{"@type":"ListItem","position":2,"name":"Tooted","item":"https:\/\/www.outdoors.ee\/products\/"},{"@type":"ListItem","position":3,"name":"Briti Armee v\u00e4livormi p\u00fcksid MTP"}]},{"@type":"WebSite","@id":"https:\/\/www.outdoors.ee\/#website","url":"https:\/\/www.outdoors.ee\/","name":"Outdoors","description":"Genuine military surplus and not only!","potentialAction":[{"@type":"SearchAction","target":{"@type":"EntryPoint","urlTemplate":"https:\/\/www.outdoors.ee\/?s={search_term_string}"},"query-input":{"@type":"PropertyValueSpecification","valueRequired":true,"valueName":"search_term_string"}}],"inLanguage":"et"}]}},"_links":{"self":[{"href":"https:\/\/www.outdoors.ee\/et\/wp-json\/wp\/v2\/product\/58080","targetHints":{"allow":["GET"]}}],"collection":[{"href":"https:\/\/www.outdoors.ee\/et\/wp-json\/wp\/v2\/product"}],"about":[{"href":"https:\/\/www.outdoors.ee\/et\/wp-json\/wp\/v2\/types\/product"}],"wp:featuredmedia":[{"embeddable":true,"href":"https:\/\/www.outdoors.ee\/et\/wp-json\/wp\/v2\/media\/69423"}],"wp:attachment":[{"href":"https:\/\/www.outdoors.ee\/et\/wp-json\/wp\/v2\/media?parent=58080"}],"wp:term":[{"taxonomy":"product_brand","embeddable":true,"href":"https:\/\/www.outdoors.ee\/et\/wp-json\/wp\/v2\/product_brand?post=58080"},{"taxonomy":"product_cat","embeddable":true,"href":"https:\/\/www.outdoors.ee\/et\/wp-json\/wp\/v2\/product_cat?post=58080"},{"taxonomy":"product_tag","embeddable":true,"href":"https:\/\/www.outdoors.ee\/et\/wp-json\/wp\/v2\/product_tag?post=58080"}],"curies":[{"name":"wp","href":"https:\/\/api.w.org\/{rel}","templated":true}]}}