{"id":58052,"date":"2021-12-09T00:00:00","date_gmt":"2021-12-08T22:00:00","guid":{"rendered":"https:\/\/www.outdoors.ee\/product\/briti-armee-kuulivestialune-sark-ubacs-ep-mtp\/"},"modified":"2025-09-15T13:32:12","modified_gmt":"2025-09-15T10:32:12","slug":"briti-armee-vestialune-sark-ubacs-ep-mtp","status":"publish","type":"product","link":"https:\/\/www.outdoors.ee\/et\/toode\/briti-armee-vestialune-sark-ubacs-ep-mtp\/","title":{"rendered":"Briti Armee vestialune s\u00e4rk UBACS EP MTP"},"content":{"rendered":"<p style=\"text-align: justify;\">Briti s\u00f5jav\u00e4e vestialune s\u00e4rk, mille kehaosa on valmistatud venivast ja kiiresti kuivavast CoolMax tehnoloogiaga trikotaa\u017ematerjalist ning krae, \u00f5lad ja varrukad vastupidavast puuvilla ja pol\u00fcestri segukangast. Terve s\u00e4rk on Briti MTP (Multi-Terrain Pattern) laigus. Niiskust h\u00fclgavast kangast kehaosa ulatub kaenlaalusteni, v\u00e4hendades keha \u00fclekuumenemist ning higistamist.<\/p>\n<p style=\"text-align: justify;\"><strong>Omadused:<\/strong><\/p>\n<ul style=\"text-align: justify;\">\n<li>Briti s\u00f5jav\u00e4e originaal<\/li>\n<li>kehaosa MTP laigus CoolMax tehnoloogiaga materjalist<\/li>\n<li>2 takjakinnitusega klapiga taskut<\/li>\n<li>t\u00f5mblukuga kaelus<\/li>\n<li>n\u00f6\u00f6biga reguleeritav manseti laius<\/li>\n<li>kiri sildil: Shirt Under Body Armour Combat EP MTP<\/li>\n<\/ul>\n<p><strong>Suurus <\/strong>rippmen\u00fc\u00fcs (pikkus \/ rinna\u00fcmberm\u00f5\u00f5t, cm):\u00a0S &#8211; 160\/80, M &#8211; 170\/90, L &#8211; 180\/100, LW &#8211; 180\/110, XL &#8211; 190\/110, XXL &#8211; 200\/120<\/p>\n<p><strong>NB!<\/strong> Velcro paneelid k\u00e4istel v\u00f5ivad puudu olla (kasutatud s\u00e4rgi puhul)<\/p>\n<p><strong>Seisukord:<\/strong><\/p>\n<ul>\n<li>uus (ilma originaalpakendita, v\u00f5ib sisaldada hulgiladustamise j\u00e4lgi v\u00f5i kirjasid sildil)<\/li>\n<li>uuev\u00e4\u00e4rne (sisaldab kergeid kulumisj\u00e4lgi)<\/li>\n<li>kasutatud, Grade 1 (sisaldab kergeid v\u00f5i m\u00f5\u00f5dukaid kulumisj\u00e4lgi, v\u00f5ib olla kergelt m\u00e4\u00e4rdunud ning sisaldada v\u00e4iksemaid vigastusi)<\/li>\n<\/ul>\n","protected":false},"excerpt":{"rendered":"<p>Briti Armee vestialune s\u00e4rk UBACS EP (enhanced protection), MTP<\/p>\n","protected":false},"featured_media":64861,"template":"","meta":[],"product_brand":[],"product_cat":[2715],"product_tag":[],"class_list":{"0":"post-58052","1":"product","2":"type-product","3":"status-publish","4":"has-post-thumbnail","6":"product_cat-sargid-jakid","7":"pa_brand-british-military-surplus","8":"pa_condition-kasutatud-grade-1","9":"pa_condition-uuevaarne","10":"pa_condition-uus","11":"pa_size-l-2","12":"pa_size-lw-2","13":"pa_size-m-2","14":"pa_size-s-2","15":"pa_size-xl-2","16":"pa_size-xxl-2","18":"first","19":"instock","20":"featured","21":"taxable","22":"shipping-taxable","23":"purchasable","24":"product-type-variable"},"yoast_head":"<!-- This site is optimized with the Yoast SEO plugin v27.2 - https:\/\/yoast.com\/product\/yoast-seo-wordpress\/ -->\n<title>Briti Armee kuulivestialune s\u00e4rk UBACS EP MTP - outdoors.ee<\/title>\n<meta name=\"description\" content=\"Briti s\u00f5jav\u00e4e kuulivestialune s\u00e4rk, mille kehaosa on valmistatud venivast ja kiiresti kuivavast CoolMax tehnoloogiaga trikotaa\u017ematerjalist ning krae, \u00f5lad ja varrukad vastupidavast puuvilla ja pol\u00fcestri segukangast. Terve aluss\u00e4rk on kaetud Briti kaasaaegse MTP (Multi-Terrain Pattern) laiguga. Niiskust\u00a0h\u00fclgavast kangast kehaosa ulatub kaenlaalusteni, v\u00e4hendades keha \u00fclekuumenemist ning higistamist. Omadused: Briti s\u00f5jav\u00e4e originaals\u00e4rk kehaosa MTP laigus CoolMax tehnoloogiaga materjalist\u00a0 2 takjakinnitusega klapiga taskut\u00a0 t\u00f5mblukuga kaelus\u00a0 n\u00f6\u00f6biga reguleeritav manseti laius Suurbritannia lipuembleem vasakul k\u00e4isel kiri sildil: Shirt Under Body Armour Combat EP MTP Suurus rippmen\u00fc\u00fcs\u00a0(pikkus \/ rinna\u00fcmberm\u00f5\u00f5t): S - 160\/80, M - 170\/90, L - 180\/100, LW - 180\/110, XL - 190\/120, XXL - 200\/130 NB!\u00a0Velcro paneelid k\u00e4istel v\u00f5ivad puudu olla Seisukord: uus (v\u00f5ib sisaldada hulgiladustamise j\u00e4lgi v\u00f5i kirjeid sildil) uuev\u00e4\u00e4rne (v\u00f5ib sisaldada vaid minimaalseid kulumisj\u00e4lgi) kasutatud, Grade 1 (heas korras, sisaldab kergeid kulumisj\u00e4lgi, v\u00f5ib olla kergelt m\u00e4\u00e4rdunud ning sisaldada v\u00e4iksemaid vigastusi)\" \/>\n<meta name=\"robots\" content=\"index, follow, max-snippet:-1, max-image-preview:large, max-video-preview:-1\" \/>\n<link rel=\"canonical\" href=\"https:\/\/www.outdoors.ee\/et\/toode\/briti-armee-vestialune-sark-ubacs-ep-mtp\/\" \/>\n<meta property=\"og:locale\" content=\"et_EE\" \/>\n<meta property=\"og:type\" content=\"article\" \/>\n<meta property=\"og:title\" content=\"Briti Armee kuulivestialune s\u00e4rk UBACS EP MTP\" \/>\n<meta property=\"og:description\" content=\"Briti s\u00f5jav\u00e4e kuulivestialune s\u00e4rk, mille kehaosa on valmistatud venivast ja kiiresti kuivavast CoolMax tehnoloogiaga trikotaa\u017ematerjalist ning krae, \u00f5lad ja varrukad vastupidavast puuvilla ja pol\u00fcestri segukangast. Terve aluss\u00e4rk on kaetud Briti kaasaaegse MTP (Multi-Terrain Pattern) laiguga. Niiskust\u00a0h\u00fclgavast kangast kehaosa ulatub kaenlaalusteni, v\u00e4hendades keha \u00fclekuumenemist ning higistamist. Omadused: Briti s\u00f5jav\u00e4e originaals\u00e4rk kehaosa MTP laigus CoolMax tehnoloogiaga materjalist\u00a0 2 takjakinnitusega klapiga taskut\u00a0 t\u00f5mblukuga kaelus\u00a0 n\u00f6\u00f6biga reguleeritav manseti laius Suurbritannia lipuembleem vasakul k\u00e4isel kiri sildil: Shirt Under Body Armour Combat EP MTP Suurus rippmen\u00fc\u00fcs\u00a0(pikkus \/ rinna\u00fcmberm\u00f5\u00f5t): S - 160\/80, M - 170\/90, L - 180\/100, LW - 180\/110, XL - 190\/120, XXL - 200\/130 NB!\u00a0Velcro paneelid k\u00e4istel v\u00f5ivad puudu olla Seisukord: uus (v\u00f5ib sisaldada hulgiladustamise j\u00e4lgi v\u00f5i kirjeid sildil) uuev\u00e4\u00e4rne (v\u00f5ib sisaldada vaid minimaalseid kulumisj\u00e4lgi) kasutatud, Grade 1 (heas korras, sisaldab kergeid kulumisj\u00e4lgi, v\u00f5ib olla kergelt m\u00e4\u00e4rdunud ning sisaldada v\u00e4iksemaid vigastusi)\" \/>\n<meta property=\"og:url\" content=\"https:\/\/www.outdoors.ee\/et\/toode\/briti-armee-vestialune-sark-ubacs-ep-mtp\/\" \/>\n<meta property=\"og:site_name\" content=\"Outdoors\" \/>\n<meta property=\"article:modified_time\" content=\"2025-09-15T10:32:12+00:00\" \/>\n<meta property=\"og:image\" content=\"https:\/\/www.outdoors.ee\/wp-content\/uploads\/2021\/12\/0108-British-Army-UBACS-EP-MTP.jpg\" \/>\n\t<meta property=\"og:image:width\" content=\"1183\" \/>\n\t<meta property=\"og:image:height\" content=\"1224\" \/>\n\t<meta property=\"og:image:type\" content=\"image\/jpeg\" \/>\n<meta name=\"twitter:card\" content=\"summary_large_image\" \/>\n<meta name=\"twitter:title\" content=\"Briti Armee kuulivestialune s\u00e4rk UBACS EP MTP\" \/>\n<meta name=\"twitter:label1\" content=\"Est. reading time\" \/>\n\t<meta name=\"twitter:data1\" content=\"1 minut\" \/>\n<script type=\"application\/ld+json\" class=\"yoast-schema-graph\">{\"@context\":\"https:\/\/schema.org\",\"@graph\":[{\"@type\":\"WebPage\",\"@id\":\"https:\/\/www.outdoors.ee\/et\/toode\/briti-armee-vestialune-sark-ubacs-ep-mtp\/\",\"url\":\"https:\/\/www.outdoors.ee\/et\/toode\/briti-armee-vestialune-sark-ubacs-ep-mtp\/\",\"name\":\"Briti Armee kuulivestialune s\u00e4rk UBACS EP MTP - outdoors.ee\",\"isPartOf\":{\"@id\":\"https:\/\/www.outdoors.ee\/#website\"},\"primaryImageOfPage\":{\"@id\":\"https:\/\/www.outdoors.ee\/et\/toode\/briti-armee-vestialune-sark-ubacs-ep-mtp\/#primaryimage\"},\"image\":{\"@id\":\"https:\/\/www.outdoors.ee\/et\/toode\/briti-armee-vestialune-sark-ubacs-ep-mtp\/#primaryimage\"},\"thumbnailUrl\":\"https:\/\/www.outdoors.ee\/wp-content\/uploads\/2021\/12\/0108-British-Army-UBACS-EP-MTP.jpg\",\"datePublished\":\"2021-12-08T22:00:00+00:00\",\"dateModified\":\"2025-09-15T10:32:12+00:00\",\"description\":\"Briti s\u00f5jav\u00e4e kuulivestialune s\u00e4rk, mille kehaosa on valmistatud venivast ja kiiresti kuivavast CoolMax tehnoloogiaga trikotaa\u017ematerjalist ning krae, \u00f5lad ja varrukad vastupidavast puuvilla ja pol\u00fcestri segukangast. Terve aluss\u00e4rk on kaetud Briti kaasaaegse MTP (Multi-Terrain Pattern) laiguga. Niiskust\u00a0h\u00fclgavast kangast kehaosa ulatub kaenlaalusteni, v\u00e4hendades keha \u00fclekuumenemist ning higistamist. Omadused: Briti s\u00f5jav\u00e4e originaals\u00e4rk kehaosa MTP laigus CoolMax tehnoloogiaga materjalist\u00a0 2 takjakinnitusega klapiga taskut\u00a0 t\u00f5mblukuga kaelus\u00a0 n\u00f6\u00f6biga reguleeritav manseti laius Suurbritannia lipuembleem vasakul k\u00e4isel kiri sildil: Shirt Under Body Armour Combat EP MTP Suurus rippmen\u00fc\u00fcs\u00a0(pikkus \/ rinna\u00fcmberm\u00f5\u00f5t): S - 160\/80, M - 170\/90, L - 180\/100, LW - 180\/110, XL - 190\/120, XXL - 200\/130 NB!\u00a0Velcro paneelid k\u00e4istel v\u00f5ivad puudu olla Seisukord: uus (v\u00f5ib sisaldada hulgiladustamise j\u00e4lgi v\u00f5i kirjeid sildil) uuev\u00e4\u00e4rne (v\u00f5ib sisaldada vaid minimaalseid kulumisj\u00e4lgi) kasutatud, Grade 1 (heas korras, sisaldab kergeid kulumisj\u00e4lgi, v\u00f5ib olla kergelt m\u00e4\u00e4rdunud ning sisaldada v\u00e4iksemaid vigastusi)\",\"breadcrumb\":{\"@id\":\"https:\/\/www.outdoors.ee\/et\/toode\/briti-armee-vestialune-sark-ubacs-ep-mtp\/#breadcrumb\"},\"inLanguage\":\"et\",\"potentialAction\":[{\"@type\":\"ReadAction\",\"target\":[\"https:\/\/www.outdoors.ee\/et\/toode\/briti-armee-vestialune-sark-ubacs-ep-mtp\/\"]}]},{\"@type\":\"ImageObject\",\"inLanguage\":\"et\",\"@id\":\"https:\/\/www.outdoors.ee\/et\/toode\/briti-armee-vestialune-sark-ubacs-ep-mtp\/#primaryimage\",\"url\":\"https:\/\/www.outdoors.ee\/wp-content\/uploads\/2021\/12\/0108-British-Army-UBACS-EP-MTP.jpg\",\"contentUrl\":\"https:\/\/www.outdoors.ee\/wp-content\/uploads\/2021\/12\/0108-British-Army-UBACS-EP-MTP.jpg\",\"width\":1183,\"height\":1224},{\"@type\":\"BreadcrumbList\",\"@id\":\"https:\/\/www.outdoors.ee\/et\/toode\/briti-armee-vestialune-sark-ubacs-ep-mtp\/#breadcrumb\",\"itemListElement\":[{\"@type\":\"ListItem\",\"position\":1,\"name\":\"Home\",\"item\":\"https:\/\/www.outdoors.ee\/et\/\"},{\"@type\":\"ListItem\",\"position\":2,\"name\":\"Tooted\",\"item\":\"https:\/\/www.outdoors.ee\/products\/\"},{\"@type\":\"ListItem\",\"position\":3,\"name\":\"Briti Armee vestialune s\u00e4rk UBACS EP MTP\"}]},{\"@type\":\"WebSite\",\"@id\":\"https:\/\/www.outdoors.ee\/#website\",\"url\":\"https:\/\/www.outdoors.ee\/\",\"name\":\"Outdoors\",\"description\":\"Genuine military surplus and not only!\",\"potentialAction\":[{\"@type\":\"SearchAction\",\"target\":{\"@type\":\"EntryPoint\",\"urlTemplate\":\"https:\/\/www.outdoors.ee\/?s={search_term_string}\"},\"query-input\":{\"@type\":\"PropertyValueSpecification\",\"valueRequired\":true,\"valueName\":\"search_term_string\"}}],\"inLanguage\":\"et\"}]}<\/script>\n<!-- \/ Yoast SEO plugin. -->","yoast_head_json":{"title":"Briti Armee kuulivestialune s\u00e4rk UBACS EP MTP - outdoors.ee","description":"Briti s\u00f5jav\u00e4e kuulivestialune s\u00e4rk, mille kehaosa on valmistatud venivast ja kiiresti kuivavast CoolMax tehnoloogiaga trikotaa\u017ematerjalist ning krae, \u00f5lad ja varrukad vastupidavast puuvilla ja pol\u00fcestri segukangast. Terve aluss\u00e4rk on kaetud Briti kaasaaegse MTP (Multi-Terrain Pattern) laiguga. Niiskust\u00a0h\u00fclgavast kangast kehaosa ulatub kaenlaalusteni, v\u00e4hendades keha \u00fclekuumenemist ning higistamist. Omadused: Briti s\u00f5jav\u00e4e originaals\u00e4rk kehaosa MTP laigus CoolMax tehnoloogiaga materjalist\u00a0 2 takjakinnitusega klapiga taskut\u00a0 t\u00f5mblukuga kaelus\u00a0 n\u00f6\u00f6biga reguleeritav manseti laius Suurbritannia lipuembleem vasakul k\u00e4isel kiri sildil: Shirt Under Body Armour Combat EP MTP Suurus rippmen\u00fc\u00fcs\u00a0(pikkus \/ rinna\u00fcmberm\u00f5\u00f5t): S - 160\/80, M - 170\/90, L - 180\/100, LW - 180\/110, XL - 190\/120, XXL - 200\/130 NB!\u00a0Velcro paneelid k\u00e4istel v\u00f5ivad puudu olla Seisukord: uus (v\u00f5ib sisaldada hulgiladustamise j\u00e4lgi v\u00f5i kirjeid sildil) uuev\u00e4\u00e4rne (v\u00f5ib sisaldada vaid minimaalseid kulumisj\u00e4lgi) kasutatud, Grade 1 (heas korras, sisaldab kergeid kulumisj\u00e4lgi, v\u00f5ib olla kergelt m\u00e4\u00e4rdunud ning sisaldada v\u00e4iksemaid vigastusi)","robots":{"index":"index","follow":"follow","max-snippet":"max-snippet:-1","max-image-preview":"max-image-preview:large","max-video-preview":"max-video-preview:-1"},"canonical":"https:\/\/www.outdoors.ee\/et\/toode\/briti-armee-vestialune-sark-ubacs-ep-mtp\/","og_locale":"et_EE","og_type":"article","og_title":"Briti Armee kuulivestialune s\u00e4rk UBACS EP MTP","og_description":"Briti s\u00f5jav\u00e4e kuulivestialune s\u00e4rk, mille kehaosa on valmistatud venivast ja kiiresti kuivavast CoolMax tehnoloogiaga trikotaa\u017ematerjalist ning krae, \u00f5lad ja varrukad vastupidavast puuvilla ja pol\u00fcestri segukangast. Terve aluss\u00e4rk on kaetud Briti kaasaaegse MTP (Multi-Terrain Pattern) laiguga. Niiskust\u00a0h\u00fclgavast kangast kehaosa ulatub kaenlaalusteni, v\u00e4hendades keha \u00fclekuumenemist ning higistamist. Omadused: Briti s\u00f5jav\u00e4e originaals\u00e4rk kehaosa MTP laigus CoolMax tehnoloogiaga materjalist\u00a0 2 takjakinnitusega klapiga taskut\u00a0 t\u00f5mblukuga kaelus\u00a0 n\u00f6\u00f6biga reguleeritav manseti laius Suurbritannia lipuembleem vasakul k\u00e4isel kiri sildil: Shirt Under Body Armour Combat EP MTP Suurus rippmen\u00fc\u00fcs\u00a0(pikkus \/ rinna\u00fcmberm\u00f5\u00f5t): S - 160\/80, M - 170\/90, L - 180\/100, LW - 180\/110, XL - 190\/120, XXL - 200\/130 NB!\u00a0Velcro paneelid k\u00e4istel v\u00f5ivad puudu olla Seisukord: uus (v\u00f5ib sisaldada hulgiladustamise j\u00e4lgi v\u00f5i kirjeid sildil) uuev\u00e4\u00e4rne (v\u00f5ib sisaldada vaid minimaalseid kulumisj\u00e4lgi) kasutatud, Grade 1 (heas korras, sisaldab kergeid kulumisj\u00e4lgi, v\u00f5ib olla kergelt m\u00e4\u00e4rdunud ning sisaldada v\u00e4iksemaid vigastusi)","og_url":"https:\/\/www.outdoors.ee\/et\/toode\/briti-armee-vestialune-sark-ubacs-ep-mtp\/","og_site_name":"Outdoors","article_modified_time":"2025-09-15T10:32:12+00:00","og_image":[{"width":1183,"height":1224,"url":"https:\/\/www.outdoors.ee\/wp-content\/uploads\/2021\/12\/0108-British-Army-UBACS-EP-MTP.jpg","type":"image\/jpeg"}],"twitter_card":"summary_large_image","twitter_title":"Briti Armee kuulivestialune s\u00e4rk UBACS EP MTP","twitter_misc":{"Est. reading time":"1 minut"},"schema":{"@context":"https:\/\/schema.org","@graph":[{"@type":"WebPage","@id":"https:\/\/www.outdoors.ee\/et\/toode\/briti-armee-vestialune-sark-ubacs-ep-mtp\/","url":"https:\/\/www.outdoors.ee\/et\/toode\/briti-armee-vestialune-sark-ubacs-ep-mtp\/","name":"Briti Armee kuulivestialune s\u00e4rk UBACS EP MTP - outdoors.ee","isPartOf":{"@id":"https:\/\/www.outdoors.ee\/#website"},"primaryImageOfPage":{"@id":"https:\/\/www.outdoors.ee\/et\/toode\/briti-armee-vestialune-sark-ubacs-ep-mtp\/#primaryimage"},"image":{"@id":"https:\/\/www.outdoors.ee\/et\/toode\/briti-armee-vestialune-sark-ubacs-ep-mtp\/#primaryimage"},"thumbnailUrl":"https:\/\/www.outdoors.ee\/wp-content\/uploads\/2021\/12\/0108-British-Army-UBACS-EP-MTP.jpg","datePublished":"2021-12-08T22:00:00+00:00","dateModified":"2025-09-15T10:32:12+00:00","description":"Briti s\u00f5jav\u00e4e kuulivestialune s\u00e4rk, mille kehaosa on valmistatud venivast ja kiiresti kuivavast CoolMax tehnoloogiaga trikotaa\u017ematerjalist ning krae, \u00f5lad ja varrukad vastupidavast puuvilla ja pol\u00fcestri segukangast. Terve aluss\u00e4rk on kaetud Briti kaasaaegse MTP (Multi-Terrain Pattern) laiguga. Niiskust\u00a0h\u00fclgavast kangast kehaosa ulatub kaenlaalusteni, v\u00e4hendades keha \u00fclekuumenemist ning higistamist. Omadused: Briti s\u00f5jav\u00e4e originaals\u00e4rk kehaosa MTP laigus CoolMax tehnoloogiaga materjalist\u00a0 2 takjakinnitusega klapiga taskut\u00a0 t\u00f5mblukuga kaelus\u00a0 n\u00f6\u00f6biga reguleeritav manseti laius Suurbritannia lipuembleem vasakul k\u00e4isel kiri sildil: Shirt Under Body Armour Combat EP MTP Suurus rippmen\u00fc\u00fcs\u00a0(pikkus \/ rinna\u00fcmberm\u00f5\u00f5t): S - 160\/80, M - 170\/90, L - 180\/100, LW - 180\/110, XL - 190\/120, XXL - 200\/130 NB!\u00a0Velcro paneelid k\u00e4istel v\u00f5ivad puudu olla Seisukord: uus (v\u00f5ib sisaldada hulgiladustamise j\u00e4lgi v\u00f5i kirjeid sildil) uuev\u00e4\u00e4rne (v\u00f5ib sisaldada vaid minimaalseid kulumisj\u00e4lgi) kasutatud, Grade 1 (heas korras, sisaldab kergeid kulumisj\u00e4lgi, v\u00f5ib olla kergelt m\u00e4\u00e4rdunud ning sisaldada v\u00e4iksemaid vigastusi)","breadcrumb":{"@id":"https:\/\/www.outdoors.ee\/et\/toode\/briti-armee-vestialune-sark-ubacs-ep-mtp\/#breadcrumb"},"inLanguage":"et","potentialAction":[{"@type":"ReadAction","target":["https:\/\/www.outdoors.ee\/et\/toode\/briti-armee-vestialune-sark-ubacs-ep-mtp\/"]}]},{"@type":"ImageObject","inLanguage":"et","@id":"https:\/\/www.outdoors.ee\/et\/toode\/briti-armee-vestialune-sark-ubacs-ep-mtp\/#primaryimage","url":"https:\/\/www.outdoors.ee\/wp-content\/uploads\/2021\/12\/0108-British-Army-UBACS-EP-MTP.jpg","contentUrl":"https:\/\/www.outdoors.ee\/wp-content\/uploads\/2021\/12\/0108-British-Army-UBACS-EP-MTP.jpg","width":1183,"height":1224},{"@type":"BreadcrumbList","@id":"https:\/\/www.outdoors.ee\/et\/toode\/briti-armee-vestialune-sark-ubacs-ep-mtp\/#breadcrumb","itemListElement":[{"@type":"ListItem","position":1,"name":"Home","item":"https:\/\/www.outdoors.ee\/et\/"},{"@type":"ListItem","position":2,"name":"Tooted","item":"https:\/\/www.outdoors.ee\/products\/"},{"@type":"ListItem","position":3,"name":"Briti Armee vestialune s\u00e4rk UBACS EP MTP"}]},{"@type":"WebSite","@id":"https:\/\/www.outdoors.ee\/#website","url":"https:\/\/www.outdoors.ee\/","name":"Outdoors","description":"Genuine military surplus and not only!","potentialAction":[{"@type":"SearchAction","target":{"@type":"EntryPoint","urlTemplate":"https:\/\/www.outdoors.ee\/?s={search_term_string}"},"query-input":{"@type":"PropertyValueSpecification","valueRequired":true,"valueName":"search_term_string"}}],"inLanguage":"et"}]}},"_links":{"self":[{"href":"https:\/\/www.outdoors.ee\/et\/wp-json\/wp\/v2\/product\/58052","targetHints":{"allow":["GET"]}}],"collection":[{"href":"https:\/\/www.outdoors.ee\/et\/wp-json\/wp\/v2\/product"}],"about":[{"href":"https:\/\/www.outdoors.ee\/et\/wp-json\/wp\/v2\/types\/product"}],"wp:featuredmedia":[{"embeddable":true,"href":"https:\/\/www.outdoors.ee\/et\/wp-json\/wp\/v2\/media\/64861"}],"wp:attachment":[{"href":"https:\/\/www.outdoors.ee\/et\/wp-json\/wp\/v2\/media?parent=58052"}],"wp:term":[{"taxonomy":"product_brand","embeddable":true,"href":"https:\/\/www.outdoors.ee\/et\/wp-json\/wp\/v2\/product_brand?post=58052"},{"taxonomy":"product_cat","embeddable":true,"href":"https:\/\/www.outdoors.ee\/et\/wp-json\/wp\/v2\/product_cat?post=58052"},{"taxonomy":"product_tag","embeddable":true,"href":"https:\/\/www.outdoors.ee\/et\/wp-json\/wp\/v2\/product_tag?post=58052"}],"curies":[{"name":"wp","href":"https:\/\/api.w.org\/{rel}","templated":true}]}}