{"id":58007,"date":"2021-12-09T00:00:00","date_gmt":"2021-12-08T22:00:00","guid":{"rendered":"https:\/\/www.outdoors.ee\/product\/briti-armee-tuulekindel-parka-smock-mtp\/"},"modified":"2026-04-16T16:30:45","modified_gmt":"2026-04-16T13:30:45","slug":"briti-armee-valijope-windproof-smock-mtp","status":"publish","type":"product","link":"https:\/\/www.outdoors.ee\/et\/toode\/briti-armee-valijope-windproof-smock-mtp\/","title":{"rendered":"Briti Armee v\u00e4lijope Windproof Smock MTP"},"content":{"rendered":"<p style=\"text-align: justify;\"><strong>Omadused:<\/strong><\/p>\n<ul style=\"text-align: justify;\">\n<li>Briti s\u00f5jav\u00e4e originaal<\/li>\n<li>takjapaela klapiga kaetud t\u00f5mblukk<\/li>\n<li>2 n\u00f6\u00f6pidega suletavat rinnataskut<\/li>\n<li>2 vertikaalse t\u00f5mblukuga rinnataskut<\/li>\n<li>takjapaela klapiga suletavad taskud k\u00e4istel<\/li>\n<li>2 alumist n\u00f6\u00f6pidega suletavat taskut<\/li>\n<li>2 sooja fliisist voodriga k\u00e4etaskut<\/li>\n<li>traadiga \u00e4\u00e4res, kokkupandav, pingutusn\u00f6\u00f6ridega kapuuts<\/li>\n<li>v\u00f6\u00f6koha pingutusn\u00f6\u00f6r<\/li>\n<li>kaenlaalune ventilatsioon t\u00f5mblukkudega<\/li>\n<li>Kanada t\u00fc\u00fcpi n\u00f6\u00f6bid<\/li>\n<li>Kiri sildil: Smock Combat Windproof MTP v\u00f5i Smock 2 Combat Windproof MTP (mudel v\u00f5ib veidi varjeeruda)<\/li>\n<li>Materjal: 50% puuvill, 50% pol\u00fcester<\/li>\n<\/ul>\n<p>Enamikel kasutatud parkadest puuduvad varrukatel asetsevad takjapaela paneelid, eriti see, millel on Suurbritannia lipu embleem.<\/p>\n<p><strong>Suurus <\/strong>rippmen\u00fc\u00fcs<strong>:<\/strong> pikkus \/ rinna\u00fcmberm\u00f5\u00f5t, cm<\/p>\n<p>NB! <span class=\"Y2IQFc\" lang=\"et\">See toode kipub olema suurem. Soovitame osta seda pigem v\u00e4iksemas suuruses.<\/span><\/p>\n<p style=\"text-align: justify;\"><strong>Seisukord:<\/strong><\/p>\n<ul>\n<li>uus (ilma j\u00e4em\u00fc\u00fcgipakendita, v\u00f5ib sisaldada hulgiladustamise j\u00e4lgi)<\/li>\n<li>uuev\u00e4\u00e4rne (sisaldab kergeid kulumisj\u00e4lgi)<\/li>\n<li>kasutatud, Grade 1 (sisaldab m\u00f5\u00f5dukaid kulumisj\u00e4lgi, v\u00f5ib olla kergelt m\u00e4\u00e4rdunud ning sisaldada v\u00e4ikseid vigastusi)<\/li>\n<\/ul>\n","protected":false},"excerpt":{"rendered":"<p>Briti Armee tuulekindel parka Smock, MTP<\/p>\n","protected":false},"featured_media":71831,"template":"","meta":[],"product_brand":[],"product_cat":[101],"product_tag":[],"class_list":{"0":"post-58007","1":"product","2":"type-product","3":"status-publish","4":"has-post-thumbnail","6":"product_cat-joped-parkad","7":"pa_brand-british-military-surplus","8":"pa_condition-kasutatud-grade-1","9":"pa_condition-uuevaarne","10":"pa_condition-uus","11":"pa_size-160-104-2","12":"pa_size-160-88-3","13":"pa_size-160-96-2","14":"pa_size-170-104-2","15":"pa_size-170-112-2","16":"pa_size-170-88-2","17":"pa_size-170-96-2","18":"pa_size-180-104-2","19":"pa_size-180-112-2","20":"pa_size-180-96-2","21":"pa_size-190-104-2","22":"pa_size-190-112-2","23":"pa_size-190-120-2","24":"pa_size-190-96-2","25":"pa_size-200-112-2","26":"pa_size-200-120-2","28":"first","29":"instock","30":"featured","31":"taxable","32":"shipping-taxable","33":"purchasable","34":"product-type-variable"},"yoast_head":"<!-- This site is optimized with the Yoast SEO plugin v27.2 - https:\/\/yoast.com\/product\/yoast-seo-wordpress\/ -->\n<title>Briti Armee tuulekindel parka Smock MTP - outdoors.ee<\/title>\n<meta name=\"description\" content=\"Originaalne Briti s\u00f5jav\u00e4e tuulekindel parka kaasaaegses MTP (Multi-Terrain Pattern) laigus. Ilmselt \u00fcks parimaid s\u00f5jav\u00e4e r\u00f5ivastuse eksemplare, mida on kunagi loodud.\u00a0 Omadused: 2 rinnataskut 2 vertikaalse t\u00f5mblukuga rinnataskut 2 alumist n\u00f6\u00f6pidega suletavat taskut, n\u00f6\u00f6bid kaetud klappidega 2 sooja fliisist voodriga k\u00e4etaskut traadiga \u00e4\u00e4res, kokkupandav, pingutusn\u00f6\u00f6ridega kapuuts v\u00f6\u00f6koha pingutusn\u00f6\u00f6r\u00a0 kaenlaalune ventilatsioon kahesuunaliste t\u00f5mblukkudega Kanada t\u00fc\u00fcpi n\u00f6\u00f6bid Kiri sildil: Smock Combat Windproof MTP or Smock 2 Combat Windproof MTP Materjal: 50% puuvill, 50% pol\u00fcester Seisukord: uus (v\u00f5ib sisaldada hulgiladustamise j\u00e4lgi) uuev\u00e4\u00e4rne (v\u00f5ib sisaldada vaid minimaalseid kulumisj\u00e4lgi) kasutatud, Grade 1 (heas korras, sisaldab kergeid kulumisj\u00e4lgi, v\u00f5ib olla kergelt m\u00e4\u00e4rdunud)\" \/>\n<meta name=\"robots\" content=\"index, follow, max-snippet:-1, max-image-preview:large, max-video-preview:-1\" \/>\n<link rel=\"canonical\" href=\"https:\/\/www.outdoors.ee\/et\/toode\/briti-armee-valijope-windproof-smock-mtp\/\" \/>\n<meta property=\"og:locale\" content=\"et_EE\" \/>\n<meta property=\"og:type\" content=\"article\" \/>\n<meta property=\"og:title\" content=\"Briti Armee tuulekindel parka Smock MTP\" \/>\n<meta property=\"og:description\" content=\"Originaalne Briti s\u00f5jav\u00e4e tuulekindel parka kaasaaegses MTP (Multi-Terrain Pattern) laigus. Ilmselt \u00fcks parimaid s\u00f5jav\u00e4e r\u00f5ivastuse eksemplare, mida on kunagi loodud.\u00a0 Omadused: 2 rinnataskut 2 vertikaalse t\u00f5mblukuga rinnataskut 2 alumist n\u00f6\u00f6pidega suletavat taskut, n\u00f6\u00f6bid kaetud klappidega 2 sooja fliisist voodriga k\u00e4etaskut traadiga \u00e4\u00e4res, kokkupandav, pingutusn\u00f6\u00f6ridega kapuuts v\u00f6\u00f6koha pingutusn\u00f6\u00f6r\u00a0 kaenlaalune ventilatsioon kahesuunaliste t\u00f5mblukkudega Kanada t\u00fc\u00fcpi n\u00f6\u00f6bid Kiri sildil: Smock Combat Windproof MTP or Smock 2 Combat Windproof MTP Materjal: 50% puuvill, 50% pol\u00fcester Seisukord: uus (v\u00f5ib sisaldada hulgiladustamise j\u00e4lgi) uuev\u00e4\u00e4rne (v\u00f5ib sisaldada vaid minimaalseid kulumisj\u00e4lgi) kasutatud, Grade 1 (heas korras, sisaldab kergeid kulumisj\u00e4lgi, v\u00f5ib olla kergelt m\u00e4\u00e4rdunud)\" \/>\n<meta property=\"og:url\" content=\"https:\/\/www.outdoors.ee\/et\/toode\/briti-armee-valijope-windproof-smock-mtp\/\" \/>\n<meta property=\"og:site_name\" content=\"Outdoors\" \/>\n<meta property=\"article:modified_time\" content=\"2026-04-16T13:30:45+00:00\" \/>\n<meta property=\"og:image\" content=\"https:\/\/www.outdoors.ee\/wp-content\/uploads\/2021\/12\/0105-British-Army-Windproof-Combat-Smock-MTP-3.jpg\" \/>\n\t<meta property=\"og:image:width\" content=\"2000\" \/>\n\t<meta property=\"og:image:height\" content=\"2000\" \/>\n\t<meta property=\"og:image:type\" content=\"image\/jpeg\" \/>\n<meta name=\"twitter:card\" content=\"summary_large_image\" \/>\n<meta name=\"twitter:title\" content=\"Briti Armee tuulekindel parka Smock MTP\" \/>\n<meta name=\"twitter:label1\" content=\"Est. reading time\" \/>\n\t<meta name=\"twitter:data1\" content=\"1 minut\" \/>\n<script type=\"application\/ld+json\" class=\"yoast-schema-graph\">{\"@context\":\"https:\/\/schema.org\",\"@graph\":[{\"@type\":\"WebPage\",\"@id\":\"https:\/\/www.outdoors.ee\/et\/toode\/briti-armee-valijope-windproof-smock-mtp\/\",\"url\":\"https:\/\/www.outdoors.ee\/et\/toode\/briti-armee-valijope-windproof-smock-mtp\/\",\"name\":\"Briti Armee tuulekindel parka Smock MTP - outdoors.ee\",\"isPartOf\":{\"@id\":\"https:\/\/www.outdoors.ee\/#website\"},\"primaryImageOfPage\":{\"@id\":\"https:\/\/www.outdoors.ee\/et\/toode\/briti-armee-valijope-windproof-smock-mtp\/#primaryimage\"},\"image\":{\"@id\":\"https:\/\/www.outdoors.ee\/et\/toode\/briti-armee-valijope-windproof-smock-mtp\/#primaryimage\"},\"thumbnailUrl\":\"https:\/\/www.outdoors.ee\/wp-content\/uploads\/2021\/12\/0105-British-Army-Windproof-Combat-Smock-MTP-3.jpg\",\"datePublished\":\"2021-12-08T22:00:00+00:00\",\"dateModified\":\"2026-04-16T13:30:45+00:00\",\"description\":\"Originaalne Briti s\u00f5jav\u00e4e tuulekindel parka kaasaaegses MTP (Multi-Terrain Pattern) laigus. Ilmselt \u00fcks parimaid s\u00f5jav\u00e4e r\u00f5ivastuse eksemplare, mida on kunagi loodud.\u00a0 Omadused: 2 rinnataskut 2 vertikaalse t\u00f5mblukuga rinnataskut 2 alumist n\u00f6\u00f6pidega suletavat taskut, n\u00f6\u00f6bid kaetud klappidega 2 sooja fliisist voodriga k\u00e4etaskut traadiga \u00e4\u00e4res, kokkupandav, pingutusn\u00f6\u00f6ridega kapuuts v\u00f6\u00f6koha pingutusn\u00f6\u00f6r\u00a0 kaenlaalune ventilatsioon kahesuunaliste t\u00f5mblukkudega Kanada t\u00fc\u00fcpi n\u00f6\u00f6bid Kiri sildil: Smock Combat Windproof MTP or Smock 2 Combat Windproof MTP Materjal: 50% puuvill, 50% pol\u00fcester Seisukord: uus (v\u00f5ib sisaldada hulgiladustamise j\u00e4lgi) uuev\u00e4\u00e4rne (v\u00f5ib sisaldada vaid minimaalseid kulumisj\u00e4lgi) kasutatud, Grade 1 (heas korras, sisaldab kergeid kulumisj\u00e4lgi, v\u00f5ib olla kergelt m\u00e4\u00e4rdunud)\",\"breadcrumb\":{\"@id\":\"https:\/\/www.outdoors.ee\/et\/toode\/briti-armee-valijope-windproof-smock-mtp\/#breadcrumb\"},\"inLanguage\":\"et\",\"potentialAction\":[{\"@type\":\"ReadAction\",\"target\":[\"https:\/\/www.outdoors.ee\/et\/toode\/briti-armee-valijope-windproof-smock-mtp\/\"]}]},{\"@type\":\"ImageObject\",\"inLanguage\":\"et\",\"@id\":\"https:\/\/www.outdoors.ee\/et\/toode\/briti-armee-valijope-windproof-smock-mtp\/#primaryimage\",\"url\":\"https:\/\/www.outdoors.ee\/wp-content\/uploads\/2021\/12\/0105-British-Army-Windproof-Combat-Smock-MTP-3.jpg\",\"contentUrl\":\"https:\/\/www.outdoors.ee\/wp-content\/uploads\/2021\/12\/0105-British-Army-Windproof-Combat-Smock-MTP-3.jpg\",\"width\":2000,\"height\":2000},{\"@type\":\"BreadcrumbList\",\"@id\":\"https:\/\/www.outdoors.ee\/et\/toode\/briti-armee-valijope-windproof-smock-mtp\/#breadcrumb\",\"itemListElement\":[{\"@type\":\"ListItem\",\"position\":1,\"name\":\"Home\",\"item\":\"https:\/\/www.outdoors.ee\/et\/\"},{\"@type\":\"ListItem\",\"position\":2,\"name\":\"Tooted\",\"item\":\"https:\/\/www.outdoors.ee\/products\/\"},{\"@type\":\"ListItem\",\"position\":3,\"name\":\"Briti Armee v\u00e4lijope Windproof Smock MTP\"}]},{\"@type\":\"WebSite\",\"@id\":\"https:\/\/www.outdoors.ee\/#website\",\"url\":\"https:\/\/www.outdoors.ee\/\",\"name\":\"Outdoors\",\"description\":\"Genuine military surplus and not only!\",\"potentialAction\":[{\"@type\":\"SearchAction\",\"target\":{\"@type\":\"EntryPoint\",\"urlTemplate\":\"https:\/\/www.outdoors.ee\/?s={search_term_string}\"},\"query-input\":{\"@type\":\"PropertyValueSpecification\",\"valueRequired\":true,\"valueName\":\"search_term_string\"}}],\"inLanguage\":\"et\"}]}<\/script>\n<!-- \/ Yoast SEO plugin. -->","yoast_head_json":{"title":"Briti Armee tuulekindel parka Smock MTP - outdoors.ee","description":"Originaalne Briti s\u00f5jav\u00e4e tuulekindel parka kaasaaegses MTP (Multi-Terrain Pattern) laigus. Ilmselt \u00fcks parimaid s\u00f5jav\u00e4e r\u00f5ivastuse eksemplare, mida on kunagi loodud.\u00a0 Omadused: 2 rinnataskut 2 vertikaalse t\u00f5mblukuga rinnataskut 2 alumist n\u00f6\u00f6pidega suletavat taskut, n\u00f6\u00f6bid kaetud klappidega 2 sooja fliisist voodriga k\u00e4etaskut traadiga \u00e4\u00e4res, kokkupandav, pingutusn\u00f6\u00f6ridega kapuuts v\u00f6\u00f6koha pingutusn\u00f6\u00f6r\u00a0 kaenlaalune ventilatsioon kahesuunaliste t\u00f5mblukkudega Kanada t\u00fc\u00fcpi n\u00f6\u00f6bid Kiri sildil: Smock Combat Windproof MTP or Smock 2 Combat Windproof MTP Materjal: 50% puuvill, 50% pol\u00fcester Seisukord: uus (v\u00f5ib sisaldada hulgiladustamise j\u00e4lgi) uuev\u00e4\u00e4rne (v\u00f5ib sisaldada vaid minimaalseid kulumisj\u00e4lgi) kasutatud, Grade 1 (heas korras, sisaldab kergeid kulumisj\u00e4lgi, v\u00f5ib olla kergelt m\u00e4\u00e4rdunud)","robots":{"index":"index","follow":"follow","max-snippet":"max-snippet:-1","max-image-preview":"max-image-preview:large","max-video-preview":"max-video-preview:-1"},"canonical":"https:\/\/www.outdoors.ee\/et\/toode\/briti-armee-valijope-windproof-smock-mtp\/","og_locale":"et_EE","og_type":"article","og_title":"Briti Armee tuulekindel parka Smock MTP","og_description":"Originaalne Briti s\u00f5jav\u00e4e tuulekindel parka kaasaaegses MTP (Multi-Terrain Pattern) laigus. Ilmselt \u00fcks parimaid s\u00f5jav\u00e4e r\u00f5ivastuse eksemplare, mida on kunagi loodud.\u00a0 Omadused: 2 rinnataskut 2 vertikaalse t\u00f5mblukuga rinnataskut 2 alumist n\u00f6\u00f6pidega suletavat taskut, n\u00f6\u00f6bid kaetud klappidega 2 sooja fliisist voodriga k\u00e4etaskut traadiga \u00e4\u00e4res, kokkupandav, pingutusn\u00f6\u00f6ridega kapuuts v\u00f6\u00f6koha pingutusn\u00f6\u00f6r\u00a0 kaenlaalune ventilatsioon kahesuunaliste t\u00f5mblukkudega Kanada t\u00fc\u00fcpi n\u00f6\u00f6bid Kiri sildil: Smock Combat Windproof MTP or Smock 2 Combat Windproof MTP Materjal: 50% puuvill, 50% pol\u00fcester Seisukord: uus (v\u00f5ib sisaldada hulgiladustamise j\u00e4lgi) uuev\u00e4\u00e4rne (v\u00f5ib sisaldada vaid minimaalseid kulumisj\u00e4lgi) kasutatud, Grade 1 (heas korras, sisaldab kergeid kulumisj\u00e4lgi, v\u00f5ib olla kergelt m\u00e4\u00e4rdunud)","og_url":"https:\/\/www.outdoors.ee\/et\/toode\/briti-armee-valijope-windproof-smock-mtp\/","og_site_name":"Outdoors","article_modified_time":"2026-04-16T13:30:45+00:00","og_image":[{"width":2000,"height":2000,"url":"https:\/\/www.outdoors.ee\/wp-content\/uploads\/2021\/12\/0105-British-Army-Windproof-Combat-Smock-MTP-3.jpg","type":"image\/jpeg"}],"twitter_card":"summary_large_image","twitter_title":"Briti Armee tuulekindel parka Smock MTP","twitter_misc":{"Est. reading time":"1 minut"},"schema":{"@context":"https:\/\/schema.org","@graph":[{"@type":"WebPage","@id":"https:\/\/www.outdoors.ee\/et\/toode\/briti-armee-valijope-windproof-smock-mtp\/","url":"https:\/\/www.outdoors.ee\/et\/toode\/briti-armee-valijope-windproof-smock-mtp\/","name":"Briti Armee tuulekindel parka Smock MTP - outdoors.ee","isPartOf":{"@id":"https:\/\/www.outdoors.ee\/#website"},"primaryImageOfPage":{"@id":"https:\/\/www.outdoors.ee\/et\/toode\/briti-armee-valijope-windproof-smock-mtp\/#primaryimage"},"image":{"@id":"https:\/\/www.outdoors.ee\/et\/toode\/briti-armee-valijope-windproof-smock-mtp\/#primaryimage"},"thumbnailUrl":"https:\/\/www.outdoors.ee\/wp-content\/uploads\/2021\/12\/0105-British-Army-Windproof-Combat-Smock-MTP-3.jpg","datePublished":"2021-12-08T22:00:00+00:00","dateModified":"2026-04-16T13:30:45+00:00","description":"Originaalne Briti s\u00f5jav\u00e4e tuulekindel parka kaasaaegses MTP (Multi-Terrain Pattern) laigus. Ilmselt \u00fcks parimaid s\u00f5jav\u00e4e r\u00f5ivastuse eksemplare, mida on kunagi loodud.\u00a0 Omadused: 2 rinnataskut 2 vertikaalse t\u00f5mblukuga rinnataskut 2 alumist n\u00f6\u00f6pidega suletavat taskut, n\u00f6\u00f6bid kaetud klappidega 2 sooja fliisist voodriga k\u00e4etaskut traadiga \u00e4\u00e4res, kokkupandav, pingutusn\u00f6\u00f6ridega kapuuts v\u00f6\u00f6koha pingutusn\u00f6\u00f6r\u00a0 kaenlaalune ventilatsioon kahesuunaliste t\u00f5mblukkudega Kanada t\u00fc\u00fcpi n\u00f6\u00f6bid Kiri sildil: Smock Combat Windproof MTP or Smock 2 Combat Windproof MTP Materjal: 50% puuvill, 50% pol\u00fcester Seisukord: uus (v\u00f5ib sisaldada hulgiladustamise j\u00e4lgi) uuev\u00e4\u00e4rne (v\u00f5ib sisaldada vaid minimaalseid kulumisj\u00e4lgi) kasutatud, Grade 1 (heas korras, sisaldab kergeid kulumisj\u00e4lgi, v\u00f5ib olla kergelt m\u00e4\u00e4rdunud)","breadcrumb":{"@id":"https:\/\/www.outdoors.ee\/et\/toode\/briti-armee-valijope-windproof-smock-mtp\/#breadcrumb"},"inLanguage":"et","potentialAction":[{"@type":"ReadAction","target":["https:\/\/www.outdoors.ee\/et\/toode\/briti-armee-valijope-windproof-smock-mtp\/"]}]},{"@type":"ImageObject","inLanguage":"et","@id":"https:\/\/www.outdoors.ee\/et\/toode\/briti-armee-valijope-windproof-smock-mtp\/#primaryimage","url":"https:\/\/www.outdoors.ee\/wp-content\/uploads\/2021\/12\/0105-British-Army-Windproof-Combat-Smock-MTP-3.jpg","contentUrl":"https:\/\/www.outdoors.ee\/wp-content\/uploads\/2021\/12\/0105-British-Army-Windproof-Combat-Smock-MTP-3.jpg","width":2000,"height":2000},{"@type":"BreadcrumbList","@id":"https:\/\/www.outdoors.ee\/et\/toode\/briti-armee-valijope-windproof-smock-mtp\/#breadcrumb","itemListElement":[{"@type":"ListItem","position":1,"name":"Home","item":"https:\/\/www.outdoors.ee\/et\/"},{"@type":"ListItem","position":2,"name":"Tooted","item":"https:\/\/www.outdoors.ee\/products\/"},{"@type":"ListItem","position":3,"name":"Briti Armee v\u00e4lijope Windproof Smock MTP"}]},{"@type":"WebSite","@id":"https:\/\/www.outdoors.ee\/#website","url":"https:\/\/www.outdoors.ee\/","name":"Outdoors","description":"Genuine military surplus and not only!","potentialAction":[{"@type":"SearchAction","target":{"@type":"EntryPoint","urlTemplate":"https:\/\/www.outdoors.ee\/?s={search_term_string}"},"query-input":{"@type":"PropertyValueSpecification","valueRequired":true,"valueName":"search_term_string"}}],"inLanguage":"et"}]}},"_links":{"self":[{"href":"https:\/\/www.outdoors.ee\/et\/wp-json\/wp\/v2\/product\/58007","targetHints":{"allow":["GET"]}}],"collection":[{"href":"https:\/\/www.outdoors.ee\/et\/wp-json\/wp\/v2\/product"}],"about":[{"href":"https:\/\/www.outdoors.ee\/et\/wp-json\/wp\/v2\/types\/product"}],"wp:featuredmedia":[{"embeddable":true,"href":"https:\/\/www.outdoors.ee\/et\/wp-json\/wp\/v2\/media\/71831"}],"wp:attachment":[{"href":"https:\/\/www.outdoors.ee\/et\/wp-json\/wp\/v2\/media?parent=58007"}],"wp:term":[{"taxonomy":"product_brand","embeddable":true,"href":"https:\/\/www.outdoors.ee\/et\/wp-json\/wp\/v2\/product_brand?post=58007"},{"taxonomy":"product_cat","embeddable":true,"href":"https:\/\/www.outdoors.ee\/et\/wp-json\/wp\/v2\/product_cat?post=58007"},{"taxonomy":"product_tag","embeddable":true,"href":"https:\/\/www.outdoors.ee\/et\/wp-json\/wp\/v2\/product_tag?post=58007"}],"curies":[{"name":"wp","href":"https:\/\/api.w.org\/{rel}","templated":true}]}}