{"id":57986,"date":"2021-12-09T00:00:00","date_gmt":"2021-12-09T00:00:00","guid":{"rendered":"https:\/\/www.outdoors.ee\/product\/briti-armee-magamiskoti-umbris-mvp-mtp\/"},"modified":"2026-04-27T13:44:05","modified_gmt":"2026-04-27T10:44:05","slug":"briti-armee-magamiskoti-umbris-mvp-mtp","status":"publish","type":"product","link":"https:\/\/www.outdoors.ee\/et\/toode\/briti-armee-magamiskoti-umbris-mvp-mtp\/","title":{"rendered":"Briti Armee magamiskoti \u00fcmbris MVP MTP"},"content":{"rendered":"<p style=\"text-align: justify;\">Briti s\u00f5jav\u00e4e magamiskoti kate kaasaaegses \u00a0MTP (Multi-Terrain Pattern) laigus, niiskuskindlast ja hingavast MVP (Moisture Vapour Permeable) materjalist (olemuselt Gore-Tex). Kasutatakse v\u00e4litingimustes ilma tendi v\u00f5i varjualuseta magamiseks.<\/p>\n<p style=\"text-align: justify;\"><strong>Omadused:<\/strong><\/p>\n<ul>\n<li>laiendatud \u00fclemine osa<\/li>\n<li>pingutusn\u00f6\u00f6riga kapuutsi osa<\/li>\n<li>mahukas, sobib kasutamiseks peaaegu iga magamiskotiga<\/li>\n<li>teibitud \u00f5mblused<\/li>\n<li>materjal:<span style=\"text-align: justify;\">\u00a0MVP (Moisture Vapour Permeable) niiskuskindel ja hingav laminaat<\/span><\/li>\n<li>kaal ca 800g<\/li>\n<\/ul>\n<p style=\"text-align: justify;\"><strong>Seisukord:\u00a0<\/strong><\/p>\n<ul>\n<li>uus (v\u00f5ib sisaldada hulgiladustamise j\u00e4lgi)<\/li>\n<li>uuev\u00e4\u00e4rne (sisaldab minimaalseid kulumisj\u00e4lgi)<\/li>\n<li>kasutatud, Grade 1 (sisaldab kergeid v\u00f5i m\u00f5\u00f5dukaid kulumisj\u00e4lgi, v\u00f5ib olla kergelt m\u00e4\u00e4rdunud)<\/li>\n<li>kasutatud, Grade 2 (sisaldab kergeid v\u00f5i m\u00f5\u00f5dukaid kulumisj\u00e4lgi, esineb v\u00e4iksemaid parandatavaid vigastusi)<\/li>\n<\/ul>\n","protected":false},"excerpt":{"rendered":"<p>Briti Armee magamiskoti \u00fcmbris, MTP<\/p>\n","protected":false},"featured_media":17613,"template":"","meta":[],"product_brand":[],"product_cat":[150],"product_tag":[],"class_list":{"0":"post-57986","1":"product","2":"type-product","3":"status-publish","4":"has-post-thumbnail","6":"product_cat-magamisvarustus","7":"pa_brand-british-military-surplus","8":"pa_condition-kasutatud-grade-1","9":"pa_condition-kasutatud-grade-2","10":"pa_condition-uuevaarne","11":"pa_condition-uus","13":"first","14":"instock","15":"taxable","16":"shipping-taxable","17":"purchasable","18":"product-type-variable"},"yoast_head":"<!-- This site is optimized with the Yoast SEO plugin v27.2 - https:\/\/yoast.com\/product\/yoast-seo-wordpress\/ -->\n<title>Briti Armee magamiskoti \u00fcmbris MVP MTP - outdoors.ee<\/title>\n<meta name=\"description\" content=\"Originaalne Briti s\u00f5jav\u00e4e magamiskoti kate kaasaaegses \u00a0MTP (Multi-Terrain Pattern) laigus, niiskuskindlast ja hingavast MVP (Moisture Vapour Permeable) materjalist (Briti s\u00f5jav\u00e4e Gore-Tex\u00ae\u00b4i ekvivalent). Kasutatakse v\u00e4litingimustes ilma tendi v\u00f5i varjualuseta magamiseks. Omadused: laiendatud \u00fclemine osa pingutusn\u00f6\u00f6riga kapuutsi osa suurem\u00f5\u00f5duline, sobib kasutamiseks peaaegu iga magamiskotiga teibitud \u00f5mblused Materjal:\u00a0MVP (Moisture Vapour Permeable) niiskuskindel ja hingav laminaat Seisukord:\u00a0 uus (v\u00f5ib sisaldada hulgiladustamise j\u00e4lgi) uuev\u00e4\u00e4rne (sisaldab minimaalseid kulumisj\u00e4lgi) kasutatud, Grade 1 (sisaldab kergeid v\u00f5i m\u00f5\u00f5dukaid kulumisj\u00e4lgi, v\u00f5ib olla kergelt m\u00e4\u00e4rdunud) kasutatud, Grade 2 (sisaldab kergeid v\u00f5i m\u00f5\u00f5dukaid kulumisj\u00e4lgi, esineb v\u00e4iksemaid parandatavaid vigastusi) \u00a0\" \/>\n<meta name=\"robots\" content=\"index, follow, max-snippet:-1, max-image-preview:large, max-video-preview:-1\" \/>\n<link rel=\"canonical\" href=\"https:\/\/www.outdoors.ee\/et\/toode\/briti-armee-magamiskoti-umbris-mvp-mtp\/\" \/>\n<meta property=\"og:locale\" content=\"et_EE\" \/>\n<meta property=\"og:type\" content=\"article\" \/>\n<meta property=\"og:title\" content=\"Briti Armee magamiskoti \u00fcmbris MVP MTP\" \/>\n<meta property=\"og:description\" content=\"Originaalne Briti s\u00f5jav\u00e4e magamiskoti kate kaasaaegses \u00a0MTP (Multi-Terrain Pattern) laigus, niiskuskindlast ja hingavast MVP (Moisture Vapour Permeable) materjalist (Briti s\u00f5jav\u00e4e Gore-Tex\u00ae\u00b4i ekvivalent). Kasutatakse v\u00e4litingimustes ilma tendi v\u00f5i varjualuseta magamiseks. Omadused: laiendatud \u00fclemine osa pingutusn\u00f6\u00f6riga kapuutsi osa suurem\u00f5\u00f5duline, sobib kasutamiseks peaaegu iga magamiskotiga teibitud \u00f5mblused Materjal:\u00a0MVP (Moisture Vapour Permeable) niiskuskindel ja hingav laminaat Seisukord:\u00a0 uus (v\u00f5ib sisaldada hulgiladustamise j\u00e4lgi) uuev\u00e4\u00e4rne (sisaldab minimaalseid kulumisj\u00e4lgi) kasutatud, Grade 1 (sisaldab kergeid v\u00f5i m\u00f5\u00f5dukaid kulumisj\u00e4lgi, v\u00f5ib olla kergelt m\u00e4\u00e4rdunud) kasutatud, Grade 2 (sisaldab kergeid v\u00f5i m\u00f5\u00f5dukaid kulumisj\u00e4lgi, esineb v\u00e4iksemaid parandatavaid vigastusi) \u00a0\" \/>\n<meta property=\"og:url\" content=\"https:\/\/www.outdoors.ee\/et\/toode\/briti-armee-magamiskoti-umbris-mvp-mtp\/\" \/>\n<meta property=\"og:site_name\" content=\"Outdoors\" \/>\n<meta property=\"article:modified_time\" content=\"2026-04-27T10:44:05+00:00\" \/>\n<meta property=\"og:image\" content=\"https:\/\/www.outdoors.ee\/wp-content\/uploads\/2021\/09\/0101-British-Bivy-cover-MTP.jpg\" \/>\n\t<meta property=\"og:image:width\" content=\"385\" \/>\n\t<meta property=\"og:image:height\" content=\"385\" \/>\n\t<meta property=\"og:image:type\" content=\"image\/jpeg\" \/>\n<meta name=\"twitter:card\" content=\"summary_large_image\" \/>\n<meta name=\"twitter:title\" content=\"Briti Armee magamiskoti \u00fcmbris MVP MTP\" \/>\n<meta name=\"twitter:label1\" content=\"Est. reading time\" \/>\n\t<meta name=\"twitter:data1\" content=\"1 minut\" \/>\n<script type=\"application\/ld+json\" class=\"yoast-schema-graph\">{\"@context\":\"https:\/\/schema.org\",\"@graph\":[{\"@type\":\"WebPage\",\"@id\":\"https:\/\/www.outdoors.ee\/et\/toode\/briti-armee-magamiskoti-umbris-mvp-mtp\/\",\"url\":\"https:\/\/www.outdoors.ee\/et\/toode\/briti-armee-magamiskoti-umbris-mvp-mtp\/\",\"name\":\"Briti Armee magamiskoti \u00fcmbris MVP MTP - outdoors.ee\",\"isPartOf\":{\"@id\":\"https:\/\/www.outdoors.ee\/#website\"},\"primaryImageOfPage\":{\"@id\":\"https:\/\/www.outdoors.ee\/et\/toode\/briti-armee-magamiskoti-umbris-mvp-mtp\/#primaryimage\"},\"image\":{\"@id\":\"https:\/\/www.outdoors.ee\/et\/toode\/briti-armee-magamiskoti-umbris-mvp-mtp\/#primaryimage\"},\"thumbnailUrl\":\"https:\/\/www.outdoors.ee\/wp-content\/uploads\/2021\/09\/0101-British-Bivy-cover-MTP.jpg\",\"datePublished\":\"2021-12-09T00:00:00+00:00\",\"dateModified\":\"2026-04-27T10:44:05+00:00\",\"description\":\"Originaalne Briti s\u00f5jav\u00e4e magamiskoti kate kaasaaegses \u00a0MTP (Multi-Terrain Pattern) laigus, niiskuskindlast ja hingavast MVP (Moisture Vapour Permeable) materjalist (Briti s\u00f5jav\u00e4e Gore-Tex\u00ae\u00b4i ekvivalent). Kasutatakse v\u00e4litingimustes ilma tendi v\u00f5i varjualuseta magamiseks. Omadused: laiendatud \u00fclemine osa pingutusn\u00f6\u00f6riga kapuutsi osa suurem\u00f5\u00f5duline, sobib kasutamiseks peaaegu iga magamiskotiga teibitud \u00f5mblused Materjal:\u00a0MVP (Moisture Vapour Permeable) niiskuskindel ja hingav laminaat Seisukord:\u00a0 uus (v\u00f5ib sisaldada hulgiladustamise j\u00e4lgi) uuev\u00e4\u00e4rne (sisaldab minimaalseid kulumisj\u00e4lgi) kasutatud, Grade 1 (sisaldab kergeid v\u00f5i m\u00f5\u00f5dukaid kulumisj\u00e4lgi, v\u00f5ib olla kergelt m\u00e4\u00e4rdunud) kasutatud, Grade 2 (sisaldab kergeid v\u00f5i m\u00f5\u00f5dukaid kulumisj\u00e4lgi, esineb v\u00e4iksemaid parandatavaid vigastusi) \u00a0\",\"breadcrumb\":{\"@id\":\"https:\/\/www.outdoors.ee\/et\/toode\/briti-armee-magamiskoti-umbris-mvp-mtp\/#breadcrumb\"},\"inLanguage\":\"et\",\"potentialAction\":[{\"@type\":\"ReadAction\",\"target\":[\"https:\/\/www.outdoors.ee\/et\/toode\/briti-armee-magamiskoti-umbris-mvp-mtp\/\"]}]},{\"@type\":\"ImageObject\",\"inLanguage\":\"et\",\"@id\":\"https:\/\/www.outdoors.ee\/et\/toode\/briti-armee-magamiskoti-umbris-mvp-mtp\/#primaryimage\",\"url\":\"https:\/\/www.outdoors.ee\/wp-content\/uploads\/2021\/09\/0101-British-Bivy-cover-MTP.jpg\",\"contentUrl\":\"https:\/\/www.outdoors.ee\/wp-content\/uploads\/2021\/09\/0101-British-Bivy-cover-MTP.jpg\",\"width\":385,\"height\":385},{\"@type\":\"BreadcrumbList\",\"@id\":\"https:\/\/www.outdoors.ee\/et\/toode\/briti-armee-magamiskoti-umbris-mvp-mtp\/#breadcrumb\",\"itemListElement\":[{\"@type\":\"ListItem\",\"position\":1,\"name\":\"Home\",\"item\":\"https:\/\/www.outdoors.ee\/et\/\"},{\"@type\":\"ListItem\",\"position\":2,\"name\":\"Tooted\",\"item\":\"https:\/\/www.outdoors.ee\/products\/\"},{\"@type\":\"ListItem\",\"position\":3,\"name\":\"Briti Armee magamiskoti \u00fcmbris MVP MTP\"}]},{\"@type\":\"WebSite\",\"@id\":\"https:\/\/www.outdoors.ee\/#website\",\"url\":\"https:\/\/www.outdoors.ee\/\",\"name\":\"Outdoors\",\"description\":\"Genuine military surplus and not only!\",\"potentialAction\":[{\"@type\":\"SearchAction\",\"target\":{\"@type\":\"EntryPoint\",\"urlTemplate\":\"https:\/\/www.outdoors.ee\/?s={search_term_string}\"},\"query-input\":{\"@type\":\"PropertyValueSpecification\",\"valueRequired\":true,\"valueName\":\"search_term_string\"}}],\"inLanguage\":\"et\"}]}<\/script>\n<!-- \/ Yoast SEO plugin. -->","yoast_head_json":{"title":"Briti Armee magamiskoti \u00fcmbris MVP MTP - outdoors.ee","description":"Originaalne Briti s\u00f5jav\u00e4e magamiskoti kate kaasaaegses \u00a0MTP (Multi-Terrain Pattern) laigus, niiskuskindlast ja hingavast MVP (Moisture Vapour Permeable) materjalist (Briti s\u00f5jav\u00e4e Gore-Tex\u00ae\u00b4i ekvivalent). Kasutatakse v\u00e4litingimustes ilma tendi v\u00f5i varjualuseta magamiseks. Omadused: laiendatud \u00fclemine osa pingutusn\u00f6\u00f6riga kapuutsi osa suurem\u00f5\u00f5duline, sobib kasutamiseks peaaegu iga magamiskotiga teibitud \u00f5mblused Materjal:\u00a0MVP (Moisture Vapour Permeable) niiskuskindel ja hingav laminaat Seisukord:\u00a0 uus (v\u00f5ib sisaldada hulgiladustamise j\u00e4lgi) uuev\u00e4\u00e4rne (sisaldab minimaalseid kulumisj\u00e4lgi) kasutatud, Grade 1 (sisaldab kergeid v\u00f5i m\u00f5\u00f5dukaid kulumisj\u00e4lgi, v\u00f5ib olla kergelt m\u00e4\u00e4rdunud) kasutatud, Grade 2 (sisaldab kergeid v\u00f5i m\u00f5\u00f5dukaid kulumisj\u00e4lgi, esineb v\u00e4iksemaid parandatavaid vigastusi) \u00a0","robots":{"index":"index","follow":"follow","max-snippet":"max-snippet:-1","max-image-preview":"max-image-preview:large","max-video-preview":"max-video-preview:-1"},"canonical":"https:\/\/www.outdoors.ee\/et\/toode\/briti-armee-magamiskoti-umbris-mvp-mtp\/","og_locale":"et_EE","og_type":"article","og_title":"Briti Armee magamiskoti \u00fcmbris MVP MTP","og_description":"Originaalne Briti s\u00f5jav\u00e4e magamiskoti kate kaasaaegses \u00a0MTP (Multi-Terrain Pattern) laigus, niiskuskindlast ja hingavast MVP (Moisture Vapour Permeable) materjalist (Briti s\u00f5jav\u00e4e Gore-Tex\u00ae\u00b4i ekvivalent). Kasutatakse v\u00e4litingimustes ilma tendi v\u00f5i varjualuseta magamiseks. Omadused: laiendatud \u00fclemine osa pingutusn\u00f6\u00f6riga kapuutsi osa suurem\u00f5\u00f5duline, sobib kasutamiseks peaaegu iga magamiskotiga teibitud \u00f5mblused Materjal:\u00a0MVP (Moisture Vapour Permeable) niiskuskindel ja hingav laminaat Seisukord:\u00a0 uus (v\u00f5ib sisaldada hulgiladustamise j\u00e4lgi) uuev\u00e4\u00e4rne (sisaldab minimaalseid kulumisj\u00e4lgi) kasutatud, Grade 1 (sisaldab kergeid v\u00f5i m\u00f5\u00f5dukaid kulumisj\u00e4lgi, v\u00f5ib olla kergelt m\u00e4\u00e4rdunud) kasutatud, Grade 2 (sisaldab kergeid v\u00f5i m\u00f5\u00f5dukaid kulumisj\u00e4lgi, esineb v\u00e4iksemaid parandatavaid vigastusi) \u00a0","og_url":"https:\/\/www.outdoors.ee\/et\/toode\/briti-armee-magamiskoti-umbris-mvp-mtp\/","og_site_name":"Outdoors","article_modified_time":"2026-04-27T10:44:05+00:00","og_image":[{"width":385,"height":385,"url":"https:\/\/www.outdoors.ee\/wp-content\/uploads\/2021\/09\/0101-British-Bivy-cover-MTP.jpg","type":"image\/jpeg"}],"twitter_card":"summary_large_image","twitter_title":"Briti Armee magamiskoti \u00fcmbris MVP MTP","twitter_misc":{"Est. reading time":"1 minut"},"schema":{"@context":"https:\/\/schema.org","@graph":[{"@type":"WebPage","@id":"https:\/\/www.outdoors.ee\/et\/toode\/briti-armee-magamiskoti-umbris-mvp-mtp\/","url":"https:\/\/www.outdoors.ee\/et\/toode\/briti-armee-magamiskoti-umbris-mvp-mtp\/","name":"Briti Armee magamiskoti \u00fcmbris MVP MTP - outdoors.ee","isPartOf":{"@id":"https:\/\/www.outdoors.ee\/#website"},"primaryImageOfPage":{"@id":"https:\/\/www.outdoors.ee\/et\/toode\/briti-armee-magamiskoti-umbris-mvp-mtp\/#primaryimage"},"image":{"@id":"https:\/\/www.outdoors.ee\/et\/toode\/briti-armee-magamiskoti-umbris-mvp-mtp\/#primaryimage"},"thumbnailUrl":"https:\/\/www.outdoors.ee\/wp-content\/uploads\/2021\/09\/0101-British-Bivy-cover-MTP.jpg","datePublished":"2021-12-09T00:00:00+00:00","dateModified":"2026-04-27T10:44:05+00:00","description":"Originaalne Briti s\u00f5jav\u00e4e magamiskoti kate kaasaaegses \u00a0MTP (Multi-Terrain Pattern) laigus, niiskuskindlast ja hingavast MVP (Moisture Vapour Permeable) materjalist (Briti s\u00f5jav\u00e4e Gore-Tex\u00ae\u00b4i ekvivalent). Kasutatakse v\u00e4litingimustes ilma tendi v\u00f5i varjualuseta magamiseks. Omadused: laiendatud \u00fclemine osa pingutusn\u00f6\u00f6riga kapuutsi osa suurem\u00f5\u00f5duline, sobib kasutamiseks peaaegu iga magamiskotiga teibitud \u00f5mblused Materjal:\u00a0MVP (Moisture Vapour Permeable) niiskuskindel ja hingav laminaat Seisukord:\u00a0 uus (v\u00f5ib sisaldada hulgiladustamise j\u00e4lgi) uuev\u00e4\u00e4rne (sisaldab minimaalseid kulumisj\u00e4lgi) kasutatud, Grade 1 (sisaldab kergeid v\u00f5i m\u00f5\u00f5dukaid kulumisj\u00e4lgi, v\u00f5ib olla kergelt m\u00e4\u00e4rdunud) kasutatud, Grade 2 (sisaldab kergeid v\u00f5i m\u00f5\u00f5dukaid kulumisj\u00e4lgi, esineb v\u00e4iksemaid parandatavaid vigastusi) \u00a0","breadcrumb":{"@id":"https:\/\/www.outdoors.ee\/et\/toode\/briti-armee-magamiskoti-umbris-mvp-mtp\/#breadcrumb"},"inLanguage":"et","potentialAction":[{"@type":"ReadAction","target":["https:\/\/www.outdoors.ee\/et\/toode\/briti-armee-magamiskoti-umbris-mvp-mtp\/"]}]},{"@type":"ImageObject","inLanguage":"et","@id":"https:\/\/www.outdoors.ee\/et\/toode\/briti-armee-magamiskoti-umbris-mvp-mtp\/#primaryimage","url":"https:\/\/www.outdoors.ee\/wp-content\/uploads\/2021\/09\/0101-British-Bivy-cover-MTP.jpg","contentUrl":"https:\/\/www.outdoors.ee\/wp-content\/uploads\/2021\/09\/0101-British-Bivy-cover-MTP.jpg","width":385,"height":385},{"@type":"BreadcrumbList","@id":"https:\/\/www.outdoors.ee\/et\/toode\/briti-armee-magamiskoti-umbris-mvp-mtp\/#breadcrumb","itemListElement":[{"@type":"ListItem","position":1,"name":"Home","item":"https:\/\/www.outdoors.ee\/et\/"},{"@type":"ListItem","position":2,"name":"Tooted","item":"https:\/\/www.outdoors.ee\/products\/"},{"@type":"ListItem","position":3,"name":"Briti Armee magamiskoti \u00fcmbris MVP MTP"}]},{"@type":"WebSite","@id":"https:\/\/www.outdoors.ee\/#website","url":"https:\/\/www.outdoors.ee\/","name":"Outdoors","description":"Genuine military surplus and not only!","potentialAction":[{"@type":"SearchAction","target":{"@type":"EntryPoint","urlTemplate":"https:\/\/www.outdoors.ee\/?s={search_term_string}"},"query-input":{"@type":"PropertyValueSpecification","valueRequired":true,"valueName":"search_term_string"}}],"inLanguage":"et"}]}},"_links":{"self":[{"href":"https:\/\/www.outdoors.ee\/et\/wp-json\/wp\/v2\/product\/57986","targetHints":{"allow":["GET"]}}],"collection":[{"href":"https:\/\/www.outdoors.ee\/et\/wp-json\/wp\/v2\/product"}],"about":[{"href":"https:\/\/www.outdoors.ee\/et\/wp-json\/wp\/v2\/types\/product"}],"wp:featuredmedia":[{"embeddable":true,"href":"https:\/\/www.outdoors.ee\/et\/wp-json\/wp\/v2\/media\/17613"}],"wp:attachment":[{"href":"https:\/\/www.outdoors.ee\/et\/wp-json\/wp\/v2\/media?parent=57986"}],"wp:term":[{"taxonomy":"product_brand","embeddable":true,"href":"https:\/\/www.outdoors.ee\/et\/wp-json\/wp\/v2\/product_brand?post=57986"},{"taxonomy":"product_cat","embeddable":true,"href":"https:\/\/www.outdoors.ee\/et\/wp-json\/wp\/v2\/product_cat?post=57986"},{"taxonomy":"product_tag","embeddable":true,"href":"https:\/\/www.outdoors.ee\/et\/wp-json\/wp\/v2\/product_tag?post=57986"}],"curies":[{"name":"wp","href":"https:\/\/api.w.org\/{rel}","templated":true}]}}