{"id":111602,"date":"2026-04-21T10:24:13","date_gmt":"2026-04-21T07:24:13","guid":{"rendered":"https:\/\/www.outdoors.ee\/?post_type=product&#038;p=111602"},"modified":"2026-04-21T10:24:37","modified_gmt":"2026-04-21T07:24:37","slug":"nuga-morakniv-pro-robust-c-grey","status":"publish","type":"product","link":"https:\/\/www.outdoors.ee\/et\/toode\/nuga-morakniv-pro-robust-c-grey\/","title":{"rendered":"Nuga Morakniv\u00ae Pro Robust (C) Grey"},"content":{"rendered":"<p>Pro Robust (C) on eriti vastupidav s\u00fcsinikterasest universaalnuga 3,2 mm teraga. Ergonoomiline t\u00fcnnikujuline k\u00e4epide libisemisvastase pinnaga ning tugev s\u00f5rmekaitse. Pol\u00fcmeertupp Smart Button kinnituse ja v\u00f6\u00f6klambriga.<\/p>\n<p><strong>Omadused:<\/strong><\/p>\n<ul>\n<li class=\"attribute-item\">tera pikkus: 91 mm<\/li>\n<li>tera paksus: 3,2 mm<\/li>\n<li>tera materjal: saksa p\u00e4ritolu s\u00fcsinikteras<\/li>\n<li>k\u00e4epideme materjal: pol\u00fcpropeen<\/li>\n<li>noa pikkus: 206 mm<\/li>\n<li class=\"attribute-item\">toote pikkus: 224 mm<\/li>\n<li class=\"attribute-item\">kaal: 134 g<\/li>\n<li>toodetud Rootsis<\/li>\n<\/ul>\n<p><strong>Seisukord:<\/strong> uus<\/p>\n","protected":false},"excerpt":{"rendered":"<p>Pro Robust (C) on eriti vastupidav s\u00fcsinikterasest universaalnuga 3,2 mm teraga. Ergonoomiline t\u00fcnnikujuline k\u00e4epide libisemisvastase pinnaga ning tugev s\u00f5rmekaitse. Pol\u00fcmeertupp<\/p>\n","protected":false},"featured_media":111604,"template":"","meta":[],"product_brand":[],"product_cat":[149],"product_tag":[],"class_list":{"0":"post-111602","1":"product","2":"type-product","3":"status-publish","4":"has-post-thumbnail","6":"product_cat-taktikaline-varustus","8":"first","9":"instock","10":"taxable","11":"shipping-taxable","12":"purchasable","13":"product-type-simple"},"yoast_head":"<!-- This site is optimized with the Yoast SEO plugin v27.2 - https:\/\/yoast.com\/product\/yoast-seo-wordpress\/ -->\n<title>Nuga Morakniv\u00ae Pro Robust (C) Grey - Outdoors<\/title>\n<meta name=\"robots\" content=\"index, follow, max-snippet:-1, max-image-preview:large, max-video-preview:-1\" \/>\n<link rel=\"canonical\" href=\"https:\/\/www.outdoors.ee\/et\/toode\/nuga-morakniv-pro-robust-c-grey\/\" \/>\n<meta property=\"og:locale\" content=\"et_EE\" \/>\n<meta property=\"og:type\" content=\"article\" \/>\n<meta property=\"og:title\" content=\"Nuga Morakniv\u00ae Pro Robust (C) Grey - Outdoors\" \/>\n<meta property=\"og:description\" content=\"Pro Robust (C) on eriti vastupidav s\u00fcsinikterasest universaalnuga 3,2 mm teraga. Ergonoomiline t\u00fcnnikujuline k\u00e4epide libisemisvastase pinnaga ning tugev s\u00f5rmekaitse. Pol\u00fcmeertupp\" \/>\n<meta property=\"og:url\" content=\"https:\/\/www.outdoors.ee\/et\/toode\/nuga-morakniv-pro-robust-c-grey\/\" \/>\n<meta property=\"og:site_name\" content=\"Outdoors\" \/>\n<meta property=\"article:modified_time\" content=\"2026-04-21T07:24:37+00:00\" \/>\n<meta property=\"og:image\" content=\"https:\/\/www.outdoors.ee\/wp-content\/uploads\/2026\/04\/12249-Morakniv\u00ae-Pro-Robust-C-Grey.png\" \/>\n\t<meta property=\"og:image:width\" content=\"1200\" \/>\n\t<meta property=\"og:image:height\" content=\"1100\" \/>\n\t<meta property=\"og:image:type\" content=\"image\/png\" \/>\n<meta name=\"twitter:card\" content=\"summary_large_image\" \/>\n<meta name=\"twitter:label1\" content=\"Est. reading time\" \/>\n\t<meta name=\"twitter:data1\" content=\"1 minut\" \/>\n<script type=\"application\/ld+json\" class=\"yoast-schema-graph\">{\"@context\":\"https:\/\/schema.org\",\"@graph\":[{\"@type\":\"WebPage\",\"@id\":\"https:\/\/www.outdoors.ee\/et\/toode\/nuga-morakniv-pro-robust-c-grey\/\",\"url\":\"https:\/\/www.outdoors.ee\/et\/toode\/nuga-morakniv-pro-robust-c-grey\/\",\"name\":\"Nuga Morakniv\u00ae Pro Robust (C) Grey - Outdoors\",\"isPartOf\":{\"@id\":\"https:\/\/www.outdoors.ee\/#website\"},\"primaryImageOfPage\":{\"@id\":\"https:\/\/www.outdoors.ee\/et\/toode\/nuga-morakniv-pro-robust-c-grey\/#primaryimage\"},\"image\":{\"@id\":\"https:\/\/www.outdoors.ee\/et\/toode\/nuga-morakniv-pro-robust-c-grey\/#primaryimage\"},\"thumbnailUrl\":\"https:\/\/www.outdoors.ee\/wp-content\/uploads\/2026\/04\/12249-Morakniv\u00ae-Pro-Robust-C-Grey.png\",\"datePublished\":\"2026-04-21T07:24:13+00:00\",\"dateModified\":\"2026-04-21T07:24:37+00:00\",\"breadcrumb\":{\"@id\":\"https:\/\/www.outdoors.ee\/et\/toode\/nuga-morakniv-pro-robust-c-grey\/#breadcrumb\"},\"inLanguage\":\"et\",\"potentialAction\":[{\"@type\":\"ReadAction\",\"target\":[\"https:\/\/www.outdoors.ee\/et\/toode\/nuga-morakniv-pro-robust-c-grey\/\"]}]},{\"@type\":\"ImageObject\",\"inLanguage\":\"et\",\"@id\":\"https:\/\/www.outdoors.ee\/et\/toode\/nuga-morakniv-pro-robust-c-grey\/#primaryimage\",\"url\":\"https:\/\/www.outdoors.ee\/wp-content\/uploads\/2026\/04\/12249-Morakniv\u00ae-Pro-Robust-C-Grey.png\",\"contentUrl\":\"https:\/\/www.outdoors.ee\/wp-content\/uploads\/2026\/04\/12249-Morakniv\u00ae-Pro-Robust-C-Grey.png\",\"width\":1200,\"height\":1100},{\"@type\":\"BreadcrumbList\",\"@id\":\"https:\/\/www.outdoors.ee\/et\/toode\/nuga-morakniv-pro-robust-c-grey\/#breadcrumb\",\"itemListElement\":[{\"@type\":\"ListItem\",\"position\":1,\"name\":\"Home\",\"item\":\"https:\/\/www.outdoors.ee\/et\/\"},{\"@type\":\"ListItem\",\"position\":2,\"name\":\"Tooted\",\"item\":\"https:\/\/www.outdoors.ee\/products\/\"},{\"@type\":\"ListItem\",\"position\":3,\"name\":\"Nuga Morakniv\u00ae Pro Robust (C) Grey\"}]},{\"@type\":\"WebSite\",\"@id\":\"https:\/\/www.outdoors.ee\/#website\",\"url\":\"https:\/\/www.outdoors.ee\/\",\"name\":\"Outdoors\",\"description\":\"Genuine military surplus and not only!\",\"potentialAction\":[{\"@type\":\"SearchAction\",\"target\":{\"@type\":\"EntryPoint\",\"urlTemplate\":\"https:\/\/www.outdoors.ee\/?s={search_term_string}\"},\"query-input\":{\"@type\":\"PropertyValueSpecification\",\"valueRequired\":true,\"valueName\":\"search_term_string\"}}],\"inLanguage\":\"et\"}]}<\/script>\n<!-- \/ Yoast SEO plugin. -->","yoast_head_json":{"title":"Nuga Morakniv\u00ae Pro Robust (C) Grey - Outdoors","robots":{"index":"index","follow":"follow","max-snippet":"max-snippet:-1","max-image-preview":"max-image-preview:large","max-video-preview":"max-video-preview:-1"},"canonical":"https:\/\/www.outdoors.ee\/et\/toode\/nuga-morakniv-pro-robust-c-grey\/","og_locale":"et_EE","og_type":"article","og_title":"Nuga Morakniv\u00ae Pro Robust (C) Grey - Outdoors","og_description":"Pro Robust (C) on eriti vastupidav s\u00fcsinikterasest universaalnuga 3,2 mm teraga. Ergonoomiline t\u00fcnnikujuline k\u00e4epide libisemisvastase pinnaga ning tugev s\u00f5rmekaitse. Pol\u00fcmeertupp","og_url":"https:\/\/www.outdoors.ee\/et\/toode\/nuga-morakniv-pro-robust-c-grey\/","og_site_name":"Outdoors","article_modified_time":"2026-04-21T07:24:37+00:00","og_image":[{"width":1200,"height":1100,"url":"https:\/\/www.outdoors.ee\/wp-content\/uploads\/2026\/04\/12249-Morakniv\u00ae-Pro-Robust-C-Grey.png","type":"image\/png"}],"twitter_card":"summary_large_image","twitter_misc":{"Est. reading time":"1 minut"},"schema":{"@context":"https:\/\/schema.org","@graph":[{"@type":"WebPage","@id":"https:\/\/www.outdoors.ee\/et\/toode\/nuga-morakniv-pro-robust-c-grey\/","url":"https:\/\/www.outdoors.ee\/et\/toode\/nuga-morakniv-pro-robust-c-grey\/","name":"Nuga Morakniv\u00ae Pro Robust (C) Grey - Outdoors","isPartOf":{"@id":"https:\/\/www.outdoors.ee\/#website"},"primaryImageOfPage":{"@id":"https:\/\/www.outdoors.ee\/et\/toode\/nuga-morakniv-pro-robust-c-grey\/#primaryimage"},"image":{"@id":"https:\/\/www.outdoors.ee\/et\/toode\/nuga-morakniv-pro-robust-c-grey\/#primaryimage"},"thumbnailUrl":"https:\/\/www.outdoors.ee\/wp-content\/uploads\/2026\/04\/12249-Morakniv\u00ae-Pro-Robust-C-Grey.png","datePublished":"2026-04-21T07:24:13+00:00","dateModified":"2026-04-21T07:24:37+00:00","breadcrumb":{"@id":"https:\/\/www.outdoors.ee\/et\/toode\/nuga-morakniv-pro-robust-c-grey\/#breadcrumb"},"inLanguage":"et","potentialAction":[{"@type":"ReadAction","target":["https:\/\/www.outdoors.ee\/et\/toode\/nuga-morakniv-pro-robust-c-grey\/"]}]},{"@type":"ImageObject","inLanguage":"et","@id":"https:\/\/www.outdoors.ee\/et\/toode\/nuga-morakniv-pro-robust-c-grey\/#primaryimage","url":"https:\/\/www.outdoors.ee\/wp-content\/uploads\/2026\/04\/12249-Morakniv\u00ae-Pro-Robust-C-Grey.png","contentUrl":"https:\/\/www.outdoors.ee\/wp-content\/uploads\/2026\/04\/12249-Morakniv\u00ae-Pro-Robust-C-Grey.png","width":1200,"height":1100},{"@type":"BreadcrumbList","@id":"https:\/\/www.outdoors.ee\/et\/toode\/nuga-morakniv-pro-robust-c-grey\/#breadcrumb","itemListElement":[{"@type":"ListItem","position":1,"name":"Home","item":"https:\/\/www.outdoors.ee\/et\/"},{"@type":"ListItem","position":2,"name":"Tooted","item":"https:\/\/www.outdoors.ee\/products\/"},{"@type":"ListItem","position":3,"name":"Nuga Morakniv\u00ae Pro Robust (C) Grey"}]},{"@type":"WebSite","@id":"https:\/\/www.outdoors.ee\/#website","url":"https:\/\/www.outdoors.ee\/","name":"Outdoors","description":"Genuine military surplus and not only!","potentialAction":[{"@type":"SearchAction","target":{"@type":"EntryPoint","urlTemplate":"https:\/\/www.outdoors.ee\/?s={search_term_string}"},"query-input":{"@type":"PropertyValueSpecification","valueRequired":true,"valueName":"search_term_string"}}],"inLanguage":"et"}]}},"_links":{"self":[{"href":"https:\/\/www.outdoors.ee\/et\/wp-json\/wp\/v2\/product\/111602","targetHints":{"allow":["GET"]}}],"collection":[{"href":"https:\/\/www.outdoors.ee\/et\/wp-json\/wp\/v2\/product"}],"about":[{"href":"https:\/\/www.outdoors.ee\/et\/wp-json\/wp\/v2\/types\/product"}],"wp:featuredmedia":[{"embeddable":true,"href":"https:\/\/www.outdoors.ee\/et\/wp-json\/wp\/v2\/media\/111604"}],"wp:attachment":[{"href":"https:\/\/www.outdoors.ee\/et\/wp-json\/wp\/v2\/media?parent=111602"}],"wp:term":[{"taxonomy":"product_brand","embeddable":true,"href":"https:\/\/www.outdoors.ee\/et\/wp-json\/wp\/v2\/product_brand?post=111602"},{"taxonomy":"product_cat","embeddable":true,"href":"https:\/\/www.outdoors.ee\/et\/wp-json\/wp\/v2\/product_cat?post=111602"},{"taxonomy":"product_tag","embeddable":true,"href":"https:\/\/www.outdoors.ee\/et\/wp-json\/wp\/v2\/product_tag?post=111602"}],"curies":[{"name":"wp","href":"https:\/\/api.w.org\/{rel}","templated":true}]}}