{"id":111591,"date":"2026-04-20T14:39:41","date_gmt":"2026-04-20T11:39:41","guid":{"rendered":"https:\/\/www.outdoors.ee\/?post_type=product&#038;p=111591"},"modified":"2026-04-20T14:39:54","modified_gmt":"2026-04-20T11:39:54","slug":"nuga-morakniv-basic-511-c-red","status":"publish","type":"product","link":"https:\/\/www.outdoors.ee\/et\/toode\/nuga-morakniv-basic-511-c-red\/","title":{"rendered":"Nuga Morakniv\u00ae Basic 511 (C) Red"},"content":{"rendered":"<p>Basic 511 (C) on klassikaline universaalnuga 91 mm s\u00fcsinikterasest teraga. M\u00f5eldud mitmek\u00fclgseks kasutamiseks \u2013 hinnatud nii professionaalide kui ka amat\u00f6\u00f6ride seas. Usaldusv\u00e4\u00e4rne t\u00f6\u00f6riist puusepat\u00f6\u00f6deks, ehituseks, paigaldust\u00f6\u00f6deks ja paljuks muuks.<\/p>\n<p><strong>Omadused:<\/strong><\/p>\n<ul>\n<li class=\"attribute-item\">tera pikkus: 91 mm<\/li>\n<li>tera paksus: 2 mm<\/li>\n<li>tera materjal: saksa p\u00e4ritolu s\u00fcsinikteras<\/li>\n<li>k\u00e4epideme materjal: pol\u00fcpropeen<\/li>\n<li>noa pikkus: 206 mm<\/li>\n<li class=\"attribute-item\">toote pikkus: 224 mm<\/li>\n<li class=\"attribute-item\">kaal: 111 g<\/li>\n<li>toodetud Rootsis<\/li>\n<li>noatupp komplektis<\/li>\n<\/ul>\n<p><strong>Seisukord:<\/strong> uus<\/p>\n","protected":false},"excerpt":{"rendered":"<p>Basic 511 (C) on klassikaline universaalnuga 91 mm s\u00fcsinikterasest teraga. M\u00f5eldud mitmek\u00fclgseks kasutamiseks \u2013 hinnatud nii professionaalide kui ka amat\u00f6\u00f6ride<\/p>\n","protected":false},"featured_media":111590,"template":"","meta":[],"product_brand":[],"product_cat":[149],"product_tag":[],"class_list":{"0":"post-111591","1":"product","2":"type-product","3":"status-publish","4":"has-post-thumbnail","6":"product_cat-taktikaline-varustus","8":"first","9":"instock","10":"taxable","11":"shipping-taxable","12":"purchasable","13":"product-type-simple"},"yoast_head":"<!-- This site is optimized with the Yoast SEO plugin v27.2 - https:\/\/yoast.com\/product\/yoast-seo-wordpress\/ -->\n<title>Nuga Morakniv\u00ae Basic 511 (C) Red - Outdoors<\/title>\n<meta name=\"robots\" content=\"index, follow, max-snippet:-1, max-image-preview:large, max-video-preview:-1\" \/>\n<link rel=\"canonical\" href=\"https:\/\/www.outdoors.ee\/et\/toode\/nuga-morakniv-basic-511-c-red\/\" \/>\n<meta property=\"og:locale\" content=\"et_EE\" \/>\n<meta property=\"og:type\" content=\"article\" \/>\n<meta property=\"og:title\" content=\"Nuga Morakniv\u00ae Basic 511 (C) Red - Outdoors\" \/>\n<meta property=\"og:description\" content=\"Basic 511 (C) on klassikaline universaalnuga 91 mm s\u00fcsinikterasest teraga. M\u00f5eldud mitmek\u00fclgseks kasutamiseks \u2013 hinnatud nii professionaalide kui ka amat\u00f6\u00f6ride\" \/>\n<meta property=\"og:url\" content=\"https:\/\/www.outdoors.ee\/et\/toode\/nuga-morakniv-basic-511-c-red\/\" \/>\n<meta property=\"og:site_name\" content=\"Outdoors\" \/>\n<meta property=\"article:modified_time\" content=\"2026-04-20T11:39:54+00:00\" \/>\n<meta property=\"og:image\" content=\"https:\/\/www.outdoors.ee\/wp-content\/uploads\/2026\/04\/12147-Morakniv\u00ae-Basic-511-C-Red.jpg\" \/>\n\t<meta property=\"og:image:width\" content=\"1200\" \/>\n\t<meta property=\"og:image:height\" content=\"1100\" \/>\n\t<meta property=\"og:image:type\" content=\"image\/jpeg\" \/>\n<meta name=\"twitter:card\" content=\"summary_large_image\" \/>\n<meta name=\"twitter:label1\" content=\"Est. reading time\" \/>\n\t<meta name=\"twitter:data1\" content=\"1 minut\" \/>\n<script type=\"application\/ld+json\" class=\"yoast-schema-graph\">{\"@context\":\"https:\/\/schema.org\",\"@graph\":[{\"@type\":\"WebPage\",\"@id\":\"https:\/\/www.outdoors.ee\/et\/toode\/nuga-morakniv-basic-511-c-red\/\",\"url\":\"https:\/\/www.outdoors.ee\/et\/toode\/nuga-morakniv-basic-511-c-red\/\",\"name\":\"Nuga Morakniv\u00ae Basic 511 (C) Red - Outdoors\",\"isPartOf\":{\"@id\":\"https:\/\/www.outdoors.ee\/#website\"},\"primaryImageOfPage\":{\"@id\":\"https:\/\/www.outdoors.ee\/et\/toode\/nuga-morakniv-basic-511-c-red\/#primaryimage\"},\"image\":{\"@id\":\"https:\/\/www.outdoors.ee\/et\/toode\/nuga-morakniv-basic-511-c-red\/#primaryimage\"},\"thumbnailUrl\":\"https:\/\/www.outdoors.ee\/wp-content\/uploads\/2026\/04\/12147-Morakniv\u00ae-Basic-511-C-Red.jpg\",\"datePublished\":\"2026-04-20T11:39:41+00:00\",\"dateModified\":\"2026-04-20T11:39:54+00:00\",\"breadcrumb\":{\"@id\":\"https:\/\/www.outdoors.ee\/et\/toode\/nuga-morakniv-basic-511-c-red\/#breadcrumb\"},\"inLanguage\":\"et\",\"potentialAction\":[{\"@type\":\"ReadAction\",\"target\":[\"https:\/\/www.outdoors.ee\/et\/toode\/nuga-morakniv-basic-511-c-red\/\"]}]},{\"@type\":\"ImageObject\",\"inLanguage\":\"et\",\"@id\":\"https:\/\/www.outdoors.ee\/et\/toode\/nuga-morakniv-basic-511-c-red\/#primaryimage\",\"url\":\"https:\/\/www.outdoors.ee\/wp-content\/uploads\/2026\/04\/12147-Morakniv\u00ae-Basic-511-C-Red.jpg\",\"contentUrl\":\"https:\/\/www.outdoors.ee\/wp-content\/uploads\/2026\/04\/12147-Morakniv\u00ae-Basic-511-C-Red.jpg\",\"width\":1200,\"height\":1100},{\"@type\":\"BreadcrumbList\",\"@id\":\"https:\/\/www.outdoors.ee\/et\/toode\/nuga-morakniv-basic-511-c-red\/#breadcrumb\",\"itemListElement\":[{\"@type\":\"ListItem\",\"position\":1,\"name\":\"Home\",\"item\":\"https:\/\/www.outdoors.ee\/et\/\"},{\"@type\":\"ListItem\",\"position\":2,\"name\":\"Tooted\",\"item\":\"https:\/\/www.outdoors.ee\/products\/\"},{\"@type\":\"ListItem\",\"position\":3,\"name\":\"Nuga Morakniv\u00ae Basic 511 (C) Red\"}]},{\"@type\":\"WebSite\",\"@id\":\"https:\/\/www.outdoors.ee\/#website\",\"url\":\"https:\/\/www.outdoors.ee\/\",\"name\":\"Outdoors\",\"description\":\"Genuine military surplus and not only!\",\"potentialAction\":[{\"@type\":\"SearchAction\",\"target\":{\"@type\":\"EntryPoint\",\"urlTemplate\":\"https:\/\/www.outdoors.ee\/?s={search_term_string}\"},\"query-input\":{\"@type\":\"PropertyValueSpecification\",\"valueRequired\":true,\"valueName\":\"search_term_string\"}}],\"inLanguage\":\"et\"}]}<\/script>\n<!-- \/ Yoast SEO plugin. -->","yoast_head_json":{"title":"Nuga Morakniv\u00ae Basic 511 (C) Red - Outdoors","robots":{"index":"index","follow":"follow","max-snippet":"max-snippet:-1","max-image-preview":"max-image-preview:large","max-video-preview":"max-video-preview:-1"},"canonical":"https:\/\/www.outdoors.ee\/et\/toode\/nuga-morakniv-basic-511-c-red\/","og_locale":"et_EE","og_type":"article","og_title":"Nuga Morakniv\u00ae Basic 511 (C) Red - Outdoors","og_description":"Basic 511 (C) on klassikaline universaalnuga 91 mm s\u00fcsinikterasest teraga. M\u00f5eldud mitmek\u00fclgseks kasutamiseks \u2013 hinnatud nii professionaalide kui ka amat\u00f6\u00f6ride","og_url":"https:\/\/www.outdoors.ee\/et\/toode\/nuga-morakniv-basic-511-c-red\/","og_site_name":"Outdoors","article_modified_time":"2026-04-20T11:39:54+00:00","og_image":[{"width":1200,"height":1100,"url":"https:\/\/www.outdoors.ee\/wp-content\/uploads\/2026\/04\/12147-Morakniv\u00ae-Basic-511-C-Red.jpg","type":"image\/jpeg"}],"twitter_card":"summary_large_image","twitter_misc":{"Est. reading time":"1 minut"},"schema":{"@context":"https:\/\/schema.org","@graph":[{"@type":"WebPage","@id":"https:\/\/www.outdoors.ee\/et\/toode\/nuga-morakniv-basic-511-c-red\/","url":"https:\/\/www.outdoors.ee\/et\/toode\/nuga-morakniv-basic-511-c-red\/","name":"Nuga Morakniv\u00ae Basic 511 (C) Red - Outdoors","isPartOf":{"@id":"https:\/\/www.outdoors.ee\/#website"},"primaryImageOfPage":{"@id":"https:\/\/www.outdoors.ee\/et\/toode\/nuga-morakniv-basic-511-c-red\/#primaryimage"},"image":{"@id":"https:\/\/www.outdoors.ee\/et\/toode\/nuga-morakniv-basic-511-c-red\/#primaryimage"},"thumbnailUrl":"https:\/\/www.outdoors.ee\/wp-content\/uploads\/2026\/04\/12147-Morakniv\u00ae-Basic-511-C-Red.jpg","datePublished":"2026-04-20T11:39:41+00:00","dateModified":"2026-04-20T11:39:54+00:00","breadcrumb":{"@id":"https:\/\/www.outdoors.ee\/et\/toode\/nuga-morakniv-basic-511-c-red\/#breadcrumb"},"inLanguage":"et","potentialAction":[{"@type":"ReadAction","target":["https:\/\/www.outdoors.ee\/et\/toode\/nuga-morakniv-basic-511-c-red\/"]}]},{"@type":"ImageObject","inLanguage":"et","@id":"https:\/\/www.outdoors.ee\/et\/toode\/nuga-morakniv-basic-511-c-red\/#primaryimage","url":"https:\/\/www.outdoors.ee\/wp-content\/uploads\/2026\/04\/12147-Morakniv\u00ae-Basic-511-C-Red.jpg","contentUrl":"https:\/\/www.outdoors.ee\/wp-content\/uploads\/2026\/04\/12147-Morakniv\u00ae-Basic-511-C-Red.jpg","width":1200,"height":1100},{"@type":"BreadcrumbList","@id":"https:\/\/www.outdoors.ee\/et\/toode\/nuga-morakniv-basic-511-c-red\/#breadcrumb","itemListElement":[{"@type":"ListItem","position":1,"name":"Home","item":"https:\/\/www.outdoors.ee\/et\/"},{"@type":"ListItem","position":2,"name":"Tooted","item":"https:\/\/www.outdoors.ee\/products\/"},{"@type":"ListItem","position":3,"name":"Nuga Morakniv\u00ae Basic 511 (C) Red"}]},{"@type":"WebSite","@id":"https:\/\/www.outdoors.ee\/#website","url":"https:\/\/www.outdoors.ee\/","name":"Outdoors","description":"Genuine military surplus and not only!","potentialAction":[{"@type":"SearchAction","target":{"@type":"EntryPoint","urlTemplate":"https:\/\/www.outdoors.ee\/?s={search_term_string}"},"query-input":{"@type":"PropertyValueSpecification","valueRequired":true,"valueName":"search_term_string"}}],"inLanguage":"et"}]}},"_links":{"self":[{"href":"https:\/\/www.outdoors.ee\/et\/wp-json\/wp\/v2\/product\/111591","targetHints":{"allow":["GET"]}}],"collection":[{"href":"https:\/\/www.outdoors.ee\/et\/wp-json\/wp\/v2\/product"}],"about":[{"href":"https:\/\/www.outdoors.ee\/et\/wp-json\/wp\/v2\/types\/product"}],"wp:featuredmedia":[{"embeddable":true,"href":"https:\/\/www.outdoors.ee\/et\/wp-json\/wp\/v2\/media\/111590"}],"wp:attachment":[{"href":"https:\/\/www.outdoors.ee\/et\/wp-json\/wp\/v2\/media?parent=111591"}],"wp:term":[{"taxonomy":"product_brand","embeddable":true,"href":"https:\/\/www.outdoors.ee\/et\/wp-json\/wp\/v2\/product_brand?post=111591"},{"taxonomy":"product_cat","embeddable":true,"href":"https:\/\/www.outdoors.ee\/et\/wp-json\/wp\/v2\/product_cat?post=111591"},{"taxonomy":"product_tag","embeddable":true,"href":"https:\/\/www.outdoors.ee\/et\/wp-json\/wp\/v2\/product_tag?post=111591"}],"curies":[{"name":"wp","href":"https:\/\/api.w.org\/{rel}","templated":true}]}}