{"id":111579,"date":"2026-04-20T13:38:47","date_gmt":"2026-04-20T10:38:47","guid":{"rendered":"https:\/\/www.outdoors.ee\/?post_type=product&#038;p=111579"},"modified":"2026-04-20T14:06:05","modified_gmt":"2026-04-20T11:06:05","slug":"helikon-tex-torusall-wrap-lightweight","status":"publish","type":"product","link":"https:\/\/www.outdoors.ee\/et\/toode\/helikon-tex-torusall-wrap-lightweight\/","title":{"rendered":"Helikon-Tex\u00ae torusall Wrap Lightweight"},"content":{"rendered":"<p data-start=\"0\" data-end=\"564\">V\u00e4litingimustes on mitmek\u00fclgsus v\u00f5tmet\u00e4htsusega. Wrap Lightweight ei ole lihtsalt sall \u2013 see on t\u00f6\u00f6riist, mis toimib t\u00e4pselt nii, nagu sul vaja. See kaitseb kaela k\u00fclma eest, varjab n\u00e4gu tolmu ja tuule eest ning vajadusel peidab identiteeti ja hajutab n\u00e4okontuure. T\u00e4nu elastsele, hingavale ja kiiresti kuivavale pol\u00fcesterkangale juhib Wrap Lightweight niiskuse kehast eemale ja kuivab kiiresti \u2013 oluliselt kiiremini kui puuvill. See t\u00e4hendab mugavust ka intensiivse liikumise ajal.<\/p>\n<p data-start=\"566\" data-end=\"575\"><strong>Omadused:<\/strong><\/p>\n<ul>\n<li data-start=\"577\" data-end=\"815\">kaitseb kaela k\u00fclma eest v\u00e4litingimustes<\/li>\n<li data-start=\"577\" data-end=\"815\">toimib sallina, n\u00e4okattena, m\u00fctsina, peapaelana v\u00f5i n\u00e4o\/suusamaskina<\/li>\n<li data-start=\"577\" data-end=\"815\">sobib h\u00e4sti jooksmiseks, m\u00e4gedes liikumiseks, jalgrattas\u00f5iduks, mootorrattas\u00f5iduks ning igap\u00e4evaseks kandmiseks<\/li>\n<li class=\"leading-[150%]\">kangas: 100% p<span class=\"break-all\">ol\u00fcester<\/span><\/li>\n<li class=\"leading-[150%]\"><span class=\"break-all\">kaal 39g<\/span><\/li>\n<\/ul>\n<p><strong>Seisukord:<\/strong> uus<\/p>\n","protected":false},"excerpt":{"rendered":"<p>V\u00e4litingimustes on mitmek\u00fclgsus v\u00f5tmet\u00e4htsusega. Wrap Lightweight ei ole lihtsalt sall \u2013 see on t\u00f6\u00f6riist, mis toimib t\u00e4pselt nii, nagu sul<\/p>\n","protected":false},"featured_media":111574,"template":"","meta":[],"product_brand":[],"product_cat":[128],"product_tag":[],"class_list":{"0":"post-111579","1":"product","2":"type-product","3":"status-publish","4":"has-post-thumbnail","6":"product_cat-peakatted","7":"pa_brand-helikon-tex","8":"pa_color-black-2","9":"pa_color-coyote-2","10":"pa_color-erdl","11":"pa_color-olive-2","13":"first","14":"instock","15":"taxable","16":"shipping-taxable","17":"purchasable","18":"product-type-variable"},"yoast_head":"<!-- This site is optimized with the Yoast SEO plugin v27.2 - https:\/\/yoast.com\/product\/yoast-seo-wordpress\/ -->\n<title>Helikon-Tex\u00ae torusall Wrap Lightweight - Outdoors<\/title>\n<meta name=\"robots\" content=\"index, follow, max-snippet:-1, max-image-preview:large, max-video-preview:-1\" \/>\n<link rel=\"canonical\" href=\"https:\/\/www.outdoors.ee\/et\/toode\/helikon-tex-torusall-wrap-lightweight\/\" \/>\n<meta property=\"og:locale\" content=\"et_EE\" \/>\n<meta property=\"og:type\" content=\"article\" \/>\n<meta property=\"og:title\" content=\"Helikon-Tex\u00ae torusall Wrap Lightweight - Outdoors\" \/>\n<meta property=\"og:description\" content=\"V\u00e4litingimustes on mitmek\u00fclgsus v\u00f5tmet\u00e4htsusega. Wrap Lightweight ei ole lihtsalt sall \u2013 see on t\u00f6\u00f6riist, mis toimib t\u00e4pselt nii, nagu sul\" \/>\n<meta property=\"og:url\" content=\"https:\/\/www.outdoors.ee\/et\/toode\/helikon-tex-torusall-wrap-lightweight\/\" \/>\n<meta property=\"og:site_name\" content=\"Outdoors\" \/>\n<meta property=\"article:modified_time\" content=\"2026-04-20T11:06:05+00:00\" \/>\n<meta property=\"og:image\" content=\"https:\/\/www.outdoors.ee\/wp-content\/uploads\/2026\/04\/Helikon-Tex\u00ae-Wrap-Lightweight-Coyote.jpg\" \/>\n\t<meta property=\"og:image:width\" content=\"1500\" \/>\n\t<meta property=\"og:image:height\" content=\"1500\" \/>\n\t<meta property=\"og:image:type\" content=\"image\/jpeg\" \/>\n<meta name=\"twitter:card\" content=\"summary_large_image\" \/>\n<meta name=\"twitter:label1\" content=\"Est. reading time\" \/>\n\t<meta name=\"twitter:data1\" content=\"1 minut\" \/>\n<script type=\"application\/ld+json\" class=\"yoast-schema-graph\">{\"@context\":\"https:\/\/schema.org\",\"@graph\":[{\"@type\":\"WebPage\",\"@id\":\"https:\/\/www.outdoors.ee\/et\/toode\/helikon-tex-torusall-wrap-lightweight\/\",\"url\":\"https:\/\/www.outdoors.ee\/et\/toode\/helikon-tex-torusall-wrap-lightweight\/\",\"name\":\"Helikon-Tex\u00ae torusall Wrap Lightweight - Outdoors\",\"isPartOf\":{\"@id\":\"https:\/\/www.outdoors.ee\/#website\"},\"primaryImageOfPage\":{\"@id\":\"https:\/\/www.outdoors.ee\/et\/toode\/helikon-tex-torusall-wrap-lightweight\/#primaryimage\"},\"image\":{\"@id\":\"https:\/\/www.outdoors.ee\/et\/toode\/helikon-tex-torusall-wrap-lightweight\/#primaryimage\"},\"thumbnailUrl\":\"https:\/\/www.outdoors.ee\/wp-content\/uploads\/2026\/04\/Helikon-Tex\u00ae-Wrap-Lightweight-Coyote.jpg\",\"datePublished\":\"2026-04-20T10:38:47+00:00\",\"dateModified\":\"2026-04-20T11:06:05+00:00\",\"breadcrumb\":{\"@id\":\"https:\/\/www.outdoors.ee\/et\/toode\/helikon-tex-torusall-wrap-lightweight\/#breadcrumb\"},\"inLanguage\":\"et\",\"potentialAction\":[{\"@type\":\"ReadAction\",\"target\":[\"https:\/\/www.outdoors.ee\/et\/toode\/helikon-tex-torusall-wrap-lightweight\/\"]}]},{\"@type\":\"ImageObject\",\"inLanguage\":\"et\",\"@id\":\"https:\/\/www.outdoors.ee\/et\/toode\/helikon-tex-torusall-wrap-lightweight\/#primaryimage\",\"url\":\"https:\/\/www.outdoors.ee\/wp-content\/uploads\/2026\/04\/Helikon-Tex\u00ae-Wrap-Lightweight-Coyote.jpg\",\"contentUrl\":\"https:\/\/www.outdoors.ee\/wp-content\/uploads\/2026\/04\/Helikon-Tex\u00ae-Wrap-Lightweight-Coyote.jpg\",\"width\":1500,\"height\":1500},{\"@type\":\"BreadcrumbList\",\"@id\":\"https:\/\/www.outdoors.ee\/et\/toode\/helikon-tex-torusall-wrap-lightweight\/#breadcrumb\",\"itemListElement\":[{\"@type\":\"ListItem\",\"position\":1,\"name\":\"Home\",\"item\":\"https:\/\/www.outdoors.ee\/et\/\"},{\"@type\":\"ListItem\",\"position\":2,\"name\":\"Tooted\",\"item\":\"https:\/\/www.outdoors.ee\/products\/\"},{\"@type\":\"ListItem\",\"position\":3,\"name\":\"Helikon-Tex\u00ae torusall Wrap Lightweight\"}]},{\"@type\":\"WebSite\",\"@id\":\"https:\/\/www.outdoors.ee\/#website\",\"url\":\"https:\/\/www.outdoors.ee\/\",\"name\":\"Outdoors\",\"description\":\"Genuine military surplus and not only!\",\"potentialAction\":[{\"@type\":\"SearchAction\",\"target\":{\"@type\":\"EntryPoint\",\"urlTemplate\":\"https:\/\/www.outdoors.ee\/?s={search_term_string}\"},\"query-input\":{\"@type\":\"PropertyValueSpecification\",\"valueRequired\":true,\"valueName\":\"search_term_string\"}}],\"inLanguage\":\"et\"}]}<\/script>\n<!-- \/ Yoast SEO plugin. -->","yoast_head_json":{"title":"Helikon-Tex\u00ae torusall Wrap Lightweight - Outdoors","robots":{"index":"index","follow":"follow","max-snippet":"max-snippet:-1","max-image-preview":"max-image-preview:large","max-video-preview":"max-video-preview:-1"},"canonical":"https:\/\/www.outdoors.ee\/et\/toode\/helikon-tex-torusall-wrap-lightweight\/","og_locale":"et_EE","og_type":"article","og_title":"Helikon-Tex\u00ae torusall Wrap Lightweight - Outdoors","og_description":"V\u00e4litingimustes on mitmek\u00fclgsus v\u00f5tmet\u00e4htsusega. Wrap Lightweight ei ole lihtsalt sall \u2013 see on t\u00f6\u00f6riist, mis toimib t\u00e4pselt nii, nagu sul","og_url":"https:\/\/www.outdoors.ee\/et\/toode\/helikon-tex-torusall-wrap-lightweight\/","og_site_name":"Outdoors","article_modified_time":"2026-04-20T11:06:05+00:00","og_image":[{"width":1500,"height":1500,"url":"https:\/\/www.outdoors.ee\/wp-content\/uploads\/2026\/04\/Helikon-Tex\u00ae-Wrap-Lightweight-Coyote.jpg","type":"image\/jpeg"}],"twitter_card":"summary_large_image","twitter_misc":{"Est. reading time":"1 minut"},"schema":{"@context":"https:\/\/schema.org","@graph":[{"@type":"WebPage","@id":"https:\/\/www.outdoors.ee\/et\/toode\/helikon-tex-torusall-wrap-lightweight\/","url":"https:\/\/www.outdoors.ee\/et\/toode\/helikon-tex-torusall-wrap-lightweight\/","name":"Helikon-Tex\u00ae torusall Wrap Lightweight - Outdoors","isPartOf":{"@id":"https:\/\/www.outdoors.ee\/#website"},"primaryImageOfPage":{"@id":"https:\/\/www.outdoors.ee\/et\/toode\/helikon-tex-torusall-wrap-lightweight\/#primaryimage"},"image":{"@id":"https:\/\/www.outdoors.ee\/et\/toode\/helikon-tex-torusall-wrap-lightweight\/#primaryimage"},"thumbnailUrl":"https:\/\/www.outdoors.ee\/wp-content\/uploads\/2026\/04\/Helikon-Tex\u00ae-Wrap-Lightweight-Coyote.jpg","datePublished":"2026-04-20T10:38:47+00:00","dateModified":"2026-04-20T11:06:05+00:00","breadcrumb":{"@id":"https:\/\/www.outdoors.ee\/et\/toode\/helikon-tex-torusall-wrap-lightweight\/#breadcrumb"},"inLanguage":"et","potentialAction":[{"@type":"ReadAction","target":["https:\/\/www.outdoors.ee\/et\/toode\/helikon-tex-torusall-wrap-lightweight\/"]}]},{"@type":"ImageObject","inLanguage":"et","@id":"https:\/\/www.outdoors.ee\/et\/toode\/helikon-tex-torusall-wrap-lightweight\/#primaryimage","url":"https:\/\/www.outdoors.ee\/wp-content\/uploads\/2026\/04\/Helikon-Tex\u00ae-Wrap-Lightweight-Coyote.jpg","contentUrl":"https:\/\/www.outdoors.ee\/wp-content\/uploads\/2026\/04\/Helikon-Tex\u00ae-Wrap-Lightweight-Coyote.jpg","width":1500,"height":1500},{"@type":"BreadcrumbList","@id":"https:\/\/www.outdoors.ee\/et\/toode\/helikon-tex-torusall-wrap-lightweight\/#breadcrumb","itemListElement":[{"@type":"ListItem","position":1,"name":"Home","item":"https:\/\/www.outdoors.ee\/et\/"},{"@type":"ListItem","position":2,"name":"Tooted","item":"https:\/\/www.outdoors.ee\/products\/"},{"@type":"ListItem","position":3,"name":"Helikon-Tex\u00ae torusall Wrap Lightweight"}]},{"@type":"WebSite","@id":"https:\/\/www.outdoors.ee\/#website","url":"https:\/\/www.outdoors.ee\/","name":"Outdoors","description":"Genuine military surplus and not only!","potentialAction":[{"@type":"SearchAction","target":{"@type":"EntryPoint","urlTemplate":"https:\/\/www.outdoors.ee\/?s={search_term_string}"},"query-input":{"@type":"PropertyValueSpecification","valueRequired":true,"valueName":"search_term_string"}}],"inLanguage":"et"}]}},"_links":{"self":[{"href":"https:\/\/www.outdoors.ee\/et\/wp-json\/wp\/v2\/product\/111579","targetHints":{"allow":["GET"]}}],"collection":[{"href":"https:\/\/www.outdoors.ee\/et\/wp-json\/wp\/v2\/product"}],"about":[{"href":"https:\/\/www.outdoors.ee\/et\/wp-json\/wp\/v2\/types\/product"}],"wp:featuredmedia":[{"embeddable":true,"href":"https:\/\/www.outdoors.ee\/et\/wp-json\/wp\/v2\/media\/111574"}],"wp:attachment":[{"href":"https:\/\/www.outdoors.ee\/et\/wp-json\/wp\/v2\/media?parent=111579"}],"wp:term":[{"taxonomy":"product_brand","embeddable":true,"href":"https:\/\/www.outdoors.ee\/et\/wp-json\/wp\/v2\/product_brand?post=111579"},{"taxonomy":"product_cat","embeddable":true,"href":"https:\/\/www.outdoors.ee\/et\/wp-json\/wp\/v2\/product_cat?post=111579"},{"taxonomy":"product_tag","embeddable":true,"href":"https:\/\/www.outdoors.ee\/et\/wp-json\/wp\/v2\/product_tag?post=111579"}],"curies":[{"name":"wp","href":"https:\/\/api.w.org\/{rel}","templated":true}]}}