{"id":111221,"date":"2026-04-03T15:52:47","date_gmt":"2026-04-03T12:52:47","guid":{"rendered":"https:\/\/www.outdoors.ee\/?post_type=product&#038;p=111221"},"modified":"2026-04-03T16:02:38","modified_gmt":"2026-04-03T13:02:38","slug":"briti-armee-metallist-laskemoona-kast-m19a1-olive","status":"publish","type":"product","link":"https:\/\/www.outdoors.ee\/et\/toode\/briti-armee-metallist-laskemoona-kast-m19a1-olive\/","title":{"rendered":"Briti Armee metallist laskemoona kast M19A1 Olive"},"content":{"rendered":"<p><strong>Omadused:<\/strong><\/p>\n<ul>\n<li>Briti s\u00f5jav\u00e4e originaal<\/li>\n<li>vastab militaarstandardile: Milspec MIL &#8211; DTL 3060G<\/li>\n<li>vastupidav s\u00fcsinikterasest struktuur<\/li>\n<li>k\u00f5rge tihedusega s\u00fcnteetilisest kummist tihend<\/li>\n<li>kandesang<\/li>\n<li>ligikaudsed m\u00f5\u00f5tmed (P x L x K). V\u00e4lis: 275 x 98 x 180 mm; Sise: 256 x 90 x 168 mm<\/li>\n<li>kaal: 1,84kg<\/li>\n<\/ul>\n<p><strong>Seisukord:<\/strong> uus (v\u00f5ib sisaldada ladustamise j\u00e4lgi)<\/p>\n","protected":false},"excerpt":{"rendered":"<p>Omadused: Briti s\u00f5jav\u00e4e originaal vastab militaarstandardile: Milspec MIL &#8211; DTL 3060G vastupidav s\u00fcsinikterasest struktuur k\u00f5rge tihedusega s\u00fcnteetilisest kummist tihend kandesang<\/p>\n","protected":false},"featured_media":111219,"template":"","meta":[],"product_brand":[],"product_cat":[149],"product_tag":[],"class_list":{"0":"post-111221","1":"product","2":"type-product","3":"status-publish","4":"has-post-thumbnail","6":"product_cat-taktikaline-varustus","7":"pa_brand-british-military-surplus","9":"first","10":"instock","11":"taxable","12":"shipping-taxable","13":"purchasable","14":"product-type-simple"},"yoast_head":"<!-- This site is optimized with the Yoast SEO plugin v27.2 - https:\/\/yoast.com\/product\/yoast-seo-wordpress\/ -->\n<title>Briti Armee metallist laskemoona kast M19A1 Olive - Outdoors<\/title>\n<meta name=\"robots\" content=\"index, follow, max-snippet:-1, max-image-preview:large, max-video-preview:-1\" \/>\n<link rel=\"canonical\" href=\"https:\/\/www.outdoors.ee\/et\/toode\/briti-armee-metallist-laskemoona-kast-m19a1-olive\/\" \/>\n<meta property=\"og:locale\" content=\"et_EE\" \/>\n<meta property=\"og:type\" content=\"article\" \/>\n<meta property=\"og:title\" content=\"Briti Armee metallist laskemoona kast M19A1 Olive - Outdoors\" \/>\n<meta property=\"og:description\" content=\"Omadused: Briti s\u00f5jav\u00e4e originaal vastab militaarstandardile: Milspec MIL &#8211; DTL 3060G vastupidav s\u00fcsinikterasest struktuur k\u00f5rge tihedusega s\u00fcnteetilisest kummist tihend kandesang\" \/>\n<meta property=\"og:url\" content=\"https:\/\/www.outdoors.ee\/et\/toode\/briti-armee-metallist-laskemoona-kast-m19a1-olive\/\" \/>\n<meta property=\"og:site_name\" content=\"Outdoors\" \/>\n<meta property=\"article:modified_time\" content=\"2026-04-03T13:02:38+00:00\" \/>\n<meta property=\"og:image\" content=\"https:\/\/www.outdoors.ee\/wp-content\/uploads\/2026\/04\/British-Army-M19A1-Steel-Ammo-Can-Olive-1-scaled.jpg\" \/>\n\t<meta property=\"og:image:width\" content=\"2560\" \/>\n\t<meta property=\"og:image:height\" content=\"2560\" \/>\n\t<meta property=\"og:image:type\" content=\"image\/jpeg\" \/>\n<meta name=\"twitter:card\" content=\"summary_large_image\" \/>\n<meta name=\"twitter:label1\" content=\"Est. reading time\" \/>\n\t<meta name=\"twitter:data1\" content=\"1 minut\" \/>\n<script type=\"application\/ld+json\" class=\"yoast-schema-graph\">{\"@context\":\"https:\/\/schema.org\",\"@graph\":[{\"@type\":\"WebPage\",\"@id\":\"https:\/\/www.outdoors.ee\/et\/toode\/briti-armee-metallist-laskemoona-kast-m19a1-olive\/\",\"url\":\"https:\/\/www.outdoors.ee\/et\/toode\/briti-armee-metallist-laskemoona-kast-m19a1-olive\/\",\"name\":\"Briti Armee metallist laskemoona kast M19A1 Olive - Outdoors\",\"isPartOf\":{\"@id\":\"https:\/\/www.outdoors.ee\/#website\"},\"primaryImageOfPage\":{\"@id\":\"https:\/\/www.outdoors.ee\/et\/toode\/briti-armee-metallist-laskemoona-kast-m19a1-olive\/#primaryimage\"},\"image\":{\"@id\":\"https:\/\/www.outdoors.ee\/et\/toode\/briti-armee-metallist-laskemoona-kast-m19a1-olive\/#primaryimage\"},\"thumbnailUrl\":\"https:\/\/www.outdoors.ee\/wp-content\/uploads\/2026\/04\/British-Army-M19A1-Steel-Ammo-Can-Olive-1-scaled.jpg\",\"datePublished\":\"2026-04-03T12:52:47+00:00\",\"dateModified\":\"2026-04-03T13:02:38+00:00\",\"breadcrumb\":{\"@id\":\"https:\/\/www.outdoors.ee\/et\/toode\/briti-armee-metallist-laskemoona-kast-m19a1-olive\/#breadcrumb\"},\"inLanguage\":\"et\",\"potentialAction\":[{\"@type\":\"ReadAction\",\"target\":[\"https:\/\/www.outdoors.ee\/et\/toode\/briti-armee-metallist-laskemoona-kast-m19a1-olive\/\"]}]},{\"@type\":\"ImageObject\",\"inLanguage\":\"et\",\"@id\":\"https:\/\/www.outdoors.ee\/et\/toode\/briti-armee-metallist-laskemoona-kast-m19a1-olive\/#primaryimage\",\"url\":\"https:\/\/www.outdoors.ee\/wp-content\/uploads\/2026\/04\/British-Army-M19A1-Steel-Ammo-Can-Olive-1-scaled.jpg\",\"contentUrl\":\"https:\/\/www.outdoors.ee\/wp-content\/uploads\/2026\/04\/British-Army-M19A1-Steel-Ammo-Can-Olive-1-scaled.jpg\",\"width\":2560,\"height\":2560},{\"@type\":\"BreadcrumbList\",\"@id\":\"https:\/\/www.outdoors.ee\/et\/toode\/briti-armee-metallist-laskemoona-kast-m19a1-olive\/#breadcrumb\",\"itemListElement\":[{\"@type\":\"ListItem\",\"position\":1,\"name\":\"Home\",\"item\":\"https:\/\/www.outdoors.ee\/et\/\"},{\"@type\":\"ListItem\",\"position\":2,\"name\":\"Tooted\",\"item\":\"https:\/\/www.outdoors.ee\/products\/\"},{\"@type\":\"ListItem\",\"position\":3,\"name\":\"Briti Armee metallist laskemoona kast M19A1 Olive\"}]},{\"@type\":\"WebSite\",\"@id\":\"https:\/\/www.outdoors.ee\/#website\",\"url\":\"https:\/\/www.outdoors.ee\/\",\"name\":\"Outdoors\",\"description\":\"Genuine military surplus and not only!\",\"potentialAction\":[{\"@type\":\"SearchAction\",\"target\":{\"@type\":\"EntryPoint\",\"urlTemplate\":\"https:\/\/www.outdoors.ee\/?s={search_term_string}\"},\"query-input\":{\"@type\":\"PropertyValueSpecification\",\"valueRequired\":true,\"valueName\":\"search_term_string\"}}],\"inLanguage\":\"et\"}]}<\/script>\n<!-- \/ Yoast SEO plugin. -->","yoast_head_json":{"title":"Briti Armee metallist laskemoona kast M19A1 Olive - Outdoors","robots":{"index":"index","follow":"follow","max-snippet":"max-snippet:-1","max-image-preview":"max-image-preview:large","max-video-preview":"max-video-preview:-1"},"canonical":"https:\/\/www.outdoors.ee\/et\/toode\/briti-armee-metallist-laskemoona-kast-m19a1-olive\/","og_locale":"et_EE","og_type":"article","og_title":"Briti Armee metallist laskemoona kast M19A1 Olive - Outdoors","og_description":"Omadused: Briti s\u00f5jav\u00e4e originaal vastab militaarstandardile: Milspec MIL &#8211; DTL 3060G vastupidav s\u00fcsinikterasest struktuur k\u00f5rge tihedusega s\u00fcnteetilisest kummist tihend kandesang","og_url":"https:\/\/www.outdoors.ee\/et\/toode\/briti-armee-metallist-laskemoona-kast-m19a1-olive\/","og_site_name":"Outdoors","article_modified_time":"2026-04-03T13:02:38+00:00","og_image":[{"width":2560,"height":2560,"url":"https:\/\/www.outdoors.ee\/wp-content\/uploads\/2026\/04\/British-Army-M19A1-Steel-Ammo-Can-Olive-1-scaled.jpg","type":"image\/jpeg"}],"twitter_card":"summary_large_image","twitter_misc":{"Est. reading time":"1 minut"},"schema":{"@context":"https:\/\/schema.org","@graph":[{"@type":"WebPage","@id":"https:\/\/www.outdoors.ee\/et\/toode\/briti-armee-metallist-laskemoona-kast-m19a1-olive\/","url":"https:\/\/www.outdoors.ee\/et\/toode\/briti-armee-metallist-laskemoona-kast-m19a1-olive\/","name":"Briti Armee metallist laskemoona kast M19A1 Olive - Outdoors","isPartOf":{"@id":"https:\/\/www.outdoors.ee\/#website"},"primaryImageOfPage":{"@id":"https:\/\/www.outdoors.ee\/et\/toode\/briti-armee-metallist-laskemoona-kast-m19a1-olive\/#primaryimage"},"image":{"@id":"https:\/\/www.outdoors.ee\/et\/toode\/briti-armee-metallist-laskemoona-kast-m19a1-olive\/#primaryimage"},"thumbnailUrl":"https:\/\/www.outdoors.ee\/wp-content\/uploads\/2026\/04\/British-Army-M19A1-Steel-Ammo-Can-Olive-1-scaled.jpg","datePublished":"2026-04-03T12:52:47+00:00","dateModified":"2026-04-03T13:02:38+00:00","breadcrumb":{"@id":"https:\/\/www.outdoors.ee\/et\/toode\/briti-armee-metallist-laskemoona-kast-m19a1-olive\/#breadcrumb"},"inLanguage":"et","potentialAction":[{"@type":"ReadAction","target":["https:\/\/www.outdoors.ee\/et\/toode\/briti-armee-metallist-laskemoona-kast-m19a1-olive\/"]}]},{"@type":"ImageObject","inLanguage":"et","@id":"https:\/\/www.outdoors.ee\/et\/toode\/briti-armee-metallist-laskemoona-kast-m19a1-olive\/#primaryimage","url":"https:\/\/www.outdoors.ee\/wp-content\/uploads\/2026\/04\/British-Army-M19A1-Steel-Ammo-Can-Olive-1-scaled.jpg","contentUrl":"https:\/\/www.outdoors.ee\/wp-content\/uploads\/2026\/04\/British-Army-M19A1-Steel-Ammo-Can-Olive-1-scaled.jpg","width":2560,"height":2560},{"@type":"BreadcrumbList","@id":"https:\/\/www.outdoors.ee\/et\/toode\/briti-armee-metallist-laskemoona-kast-m19a1-olive\/#breadcrumb","itemListElement":[{"@type":"ListItem","position":1,"name":"Home","item":"https:\/\/www.outdoors.ee\/et\/"},{"@type":"ListItem","position":2,"name":"Tooted","item":"https:\/\/www.outdoors.ee\/products\/"},{"@type":"ListItem","position":3,"name":"Briti Armee metallist laskemoona kast M19A1 Olive"}]},{"@type":"WebSite","@id":"https:\/\/www.outdoors.ee\/#website","url":"https:\/\/www.outdoors.ee\/","name":"Outdoors","description":"Genuine military surplus and not only!","potentialAction":[{"@type":"SearchAction","target":{"@type":"EntryPoint","urlTemplate":"https:\/\/www.outdoors.ee\/?s={search_term_string}"},"query-input":{"@type":"PropertyValueSpecification","valueRequired":true,"valueName":"search_term_string"}}],"inLanguage":"et"}]}},"_links":{"self":[{"href":"https:\/\/www.outdoors.ee\/et\/wp-json\/wp\/v2\/product\/111221","targetHints":{"allow":["GET"]}}],"collection":[{"href":"https:\/\/www.outdoors.ee\/et\/wp-json\/wp\/v2\/product"}],"about":[{"href":"https:\/\/www.outdoors.ee\/et\/wp-json\/wp\/v2\/types\/product"}],"wp:featuredmedia":[{"embeddable":true,"href":"https:\/\/www.outdoors.ee\/et\/wp-json\/wp\/v2\/media\/111219"}],"wp:attachment":[{"href":"https:\/\/www.outdoors.ee\/et\/wp-json\/wp\/v2\/media?parent=111221"}],"wp:term":[{"taxonomy":"product_brand","embeddable":true,"href":"https:\/\/www.outdoors.ee\/et\/wp-json\/wp\/v2\/product_brand?post=111221"},{"taxonomy":"product_cat","embeddable":true,"href":"https:\/\/www.outdoors.ee\/et\/wp-json\/wp\/v2\/product_cat?post=111221"},{"taxonomy":"product_tag","embeddable":true,"href":"https:\/\/www.outdoors.ee\/et\/wp-json\/wp\/v2\/product_tag?post=111221"}],"curies":[{"name":"wp","href":"https:\/\/api.w.org\/{rel}","templated":true}]}}