{"id":111120,"date":"2026-03-27T14:47:25","date_gmt":"2026-03-27T12:47:25","guid":{"rendered":"https:\/\/www.outdoors.ee\/?post_type=product&#038;p=111120"},"modified":"2026-03-27T14:47:41","modified_gmt":"2026-03-27T12:47:41","slug":"a-blochl-us-ammo-boxes-2pcs","status":"publish","type":"product","link":"https:\/\/www.outdoors.ee\/et\/toode\/a-blochl-us-ammo-boxes-2pcs\/","title":{"rendered":"A.Bl\u00f6chl\u00ae US Ammo Boxes, 2pcs"},"content":{"rendered":"<p><strong>Omadused:<\/strong><\/p>\n<ul>\n<li>vastupidav struktuur: l\u00f6\u00f6gikindel ja ilmastikukindel pol\u00fcprop\u00fcleen tagab pika t\u00f6\u00f6ea<\/li>\n<li>turvaline hoiustamine: lukustatav kaas (eelpuuritud ava) sisu kaitseks<\/li>\n<li>portatiivne ja ergonoomiline: tugev kokkuklapitav k\u00e4epide mugavaks transportimiseks ja hoiustamiseks<\/li>\n<li>ilmastikukaitse: tolmu- ja pritsmekindel disain hoiab varustuse puhta ning kuivana.<\/li>\n<li>nutikas virnastamine: s\u00fcvistatud kaas v\u00f5imaldab stabiilset ja ruumis\u00e4\u00e4stlikku hoiustamist<\/li>\n<li>lihtne hooldus: sile plastikpind on t\u00e4ielikult pestav ja kergelt puhastatav<\/li>\n<li>mitmek\u00fclgne kasutus: sobib moonakastiks, t\u00f6\u00f6riistakohvriks v\u00f5i varustuse organiseerimiseks<\/li>\n<li>m\u00f5\u00f5tmed. v\u00e4iksem kast: 29 x 12,9 x 18cm; suurem kast: 35 x 18,2 x 22cm<\/li>\n<li>kaal: 450g ja 850g<\/li>\n<li>materjal: pol\u00fcprop\u00fcleen<\/li>\n<\/ul>\n<p><strong>Seisukord:<\/strong> uus<\/p>\n","protected":false},"excerpt":{"rendered":"<p>Omadused: vastupidav struktuur: l\u00f6\u00f6gikindel ja ilmastikukindel pol\u00fcprop\u00fcleen tagab pika t\u00f6\u00f6ea turvaline hoiustamine: lukustatav kaas (eelpuuritud ava) sisu kaitseks portatiivne ja<\/p>\n","protected":false},"featured_media":111118,"template":"","meta":[],"product_brand":[],"product_cat":[149],"product_tag":[],"class_list":{"0":"post-111120","1":"product","2":"type-product","3":"status-publish","4":"has-post-thumbnail","6":"product_cat-taktikaline-varustus","8":"first","9":"instock","10":"taxable","11":"shipping-taxable","12":"purchasable","13":"product-type-simple"},"yoast_head":"<!-- This site is optimized with the Yoast SEO plugin v27.2 - https:\/\/yoast.com\/product\/yoast-seo-wordpress\/ -->\n<title>A.Bl\u00f6chl\u00ae US Ammo Boxes, 2pcs - Outdoors<\/title>\n<meta name=\"robots\" content=\"index, follow, max-snippet:-1, max-image-preview:large, max-video-preview:-1\" \/>\n<link rel=\"canonical\" href=\"https:\/\/www.outdoors.ee\/et\/toode\/a-blochl-us-ammo-boxes-2pcs\/\" \/>\n<meta property=\"og:locale\" content=\"et_EE\" \/>\n<meta property=\"og:type\" content=\"article\" \/>\n<meta property=\"og:title\" content=\"A.Bl\u00f6chl\u00ae US Ammo Boxes, 2pcs - Outdoors\" \/>\n<meta property=\"og:description\" content=\"Omadused: vastupidav struktuur: l\u00f6\u00f6gikindel ja ilmastikukindel pol\u00fcprop\u00fcleen tagab pika t\u00f6\u00f6ea turvaline hoiustamine: lukustatav kaas (eelpuuritud ava) sisu kaitseks portatiivne ja\" \/>\n<meta property=\"og:url\" content=\"https:\/\/www.outdoors.ee\/et\/toode\/a-blochl-us-ammo-boxes-2pcs\/\" \/>\n<meta property=\"og:site_name\" content=\"Outdoors\" \/>\n<meta property=\"article:modified_time\" content=\"2026-03-27T12:47:41+00:00\" \/>\n<meta property=\"og:image\" content=\"https:\/\/www.outdoors.ee\/wp-content\/uploads\/2026\/03\/A.Blochl\u00ae-US-Ammo-Boxes-2pcs-1-scaled.jpg\" \/>\n\t<meta property=\"og:image:width\" content=\"2560\" \/>\n\t<meta property=\"og:image:height\" content=\"2048\" \/>\n\t<meta property=\"og:image:type\" content=\"image\/jpeg\" \/>\n<meta name=\"twitter:card\" content=\"summary_large_image\" \/>\n<meta name=\"twitter:label1\" content=\"Est. reading time\" \/>\n\t<meta name=\"twitter:data1\" content=\"1 minut\" \/>\n<script type=\"application\/ld+json\" class=\"yoast-schema-graph\">{\"@context\":\"https:\/\/schema.org\",\"@graph\":[{\"@type\":\"WebPage\",\"@id\":\"https:\/\/www.outdoors.ee\/et\/toode\/a-blochl-us-ammo-boxes-2pcs\/\",\"url\":\"https:\/\/www.outdoors.ee\/et\/toode\/a-blochl-us-ammo-boxes-2pcs\/\",\"name\":\"A.Bl\u00f6chl\u00ae US Ammo Boxes, 2pcs - Outdoors\",\"isPartOf\":{\"@id\":\"https:\/\/www.outdoors.ee\/#website\"},\"primaryImageOfPage\":{\"@id\":\"https:\/\/www.outdoors.ee\/et\/toode\/a-blochl-us-ammo-boxes-2pcs\/#primaryimage\"},\"image\":{\"@id\":\"https:\/\/www.outdoors.ee\/et\/toode\/a-blochl-us-ammo-boxes-2pcs\/#primaryimage\"},\"thumbnailUrl\":\"https:\/\/www.outdoors.ee\/wp-content\/uploads\/2026\/03\/A.Blochl\u00ae-US-Ammo-Boxes-2pcs-1-scaled.jpg\",\"datePublished\":\"2026-03-27T12:47:25+00:00\",\"dateModified\":\"2026-03-27T12:47:41+00:00\",\"breadcrumb\":{\"@id\":\"https:\/\/www.outdoors.ee\/et\/toode\/a-blochl-us-ammo-boxes-2pcs\/#breadcrumb\"},\"inLanguage\":\"et\",\"potentialAction\":[{\"@type\":\"ReadAction\",\"target\":[\"https:\/\/www.outdoors.ee\/et\/toode\/a-blochl-us-ammo-boxes-2pcs\/\"]}]},{\"@type\":\"ImageObject\",\"inLanguage\":\"et\",\"@id\":\"https:\/\/www.outdoors.ee\/et\/toode\/a-blochl-us-ammo-boxes-2pcs\/#primaryimage\",\"url\":\"https:\/\/www.outdoors.ee\/wp-content\/uploads\/2026\/03\/A.Blochl\u00ae-US-Ammo-Boxes-2pcs-1-scaled.jpg\",\"contentUrl\":\"https:\/\/www.outdoors.ee\/wp-content\/uploads\/2026\/03\/A.Blochl\u00ae-US-Ammo-Boxes-2pcs-1-scaled.jpg\",\"width\":2560,\"height\":2048},{\"@type\":\"BreadcrumbList\",\"@id\":\"https:\/\/www.outdoors.ee\/et\/toode\/a-blochl-us-ammo-boxes-2pcs\/#breadcrumb\",\"itemListElement\":[{\"@type\":\"ListItem\",\"position\":1,\"name\":\"Home\",\"item\":\"https:\/\/www.outdoors.ee\/et\/\"},{\"@type\":\"ListItem\",\"position\":2,\"name\":\"Tooted\",\"item\":\"https:\/\/www.outdoors.ee\/products\/\"},{\"@type\":\"ListItem\",\"position\":3,\"name\":\"A.Bl\u00f6chl\u00ae US Ammo Boxes, 2pcs\"}]},{\"@type\":\"WebSite\",\"@id\":\"https:\/\/www.outdoors.ee\/#website\",\"url\":\"https:\/\/www.outdoors.ee\/\",\"name\":\"Outdoors\",\"description\":\"Genuine military surplus and not only!\",\"potentialAction\":[{\"@type\":\"SearchAction\",\"target\":{\"@type\":\"EntryPoint\",\"urlTemplate\":\"https:\/\/www.outdoors.ee\/?s={search_term_string}\"},\"query-input\":{\"@type\":\"PropertyValueSpecification\",\"valueRequired\":true,\"valueName\":\"search_term_string\"}}],\"inLanguage\":\"et\"}]}<\/script>\n<!-- \/ Yoast SEO plugin. -->","yoast_head_json":{"title":"A.Bl\u00f6chl\u00ae US Ammo Boxes, 2pcs - Outdoors","robots":{"index":"index","follow":"follow","max-snippet":"max-snippet:-1","max-image-preview":"max-image-preview:large","max-video-preview":"max-video-preview:-1"},"canonical":"https:\/\/www.outdoors.ee\/et\/toode\/a-blochl-us-ammo-boxes-2pcs\/","og_locale":"et_EE","og_type":"article","og_title":"A.Bl\u00f6chl\u00ae US Ammo Boxes, 2pcs - Outdoors","og_description":"Omadused: vastupidav struktuur: l\u00f6\u00f6gikindel ja ilmastikukindel pol\u00fcprop\u00fcleen tagab pika t\u00f6\u00f6ea turvaline hoiustamine: lukustatav kaas (eelpuuritud ava) sisu kaitseks portatiivne ja","og_url":"https:\/\/www.outdoors.ee\/et\/toode\/a-blochl-us-ammo-boxes-2pcs\/","og_site_name":"Outdoors","article_modified_time":"2026-03-27T12:47:41+00:00","og_image":[{"width":2560,"height":2048,"url":"https:\/\/www.outdoors.ee\/wp-content\/uploads\/2026\/03\/A.Blochl\u00ae-US-Ammo-Boxes-2pcs-1-scaled.jpg","type":"image\/jpeg"}],"twitter_card":"summary_large_image","twitter_misc":{"Est. reading time":"1 minut"},"schema":{"@context":"https:\/\/schema.org","@graph":[{"@type":"WebPage","@id":"https:\/\/www.outdoors.ee\/et\/toode\/a-blochl-us-ammo-boxes-2pcs\/","url":"https:\/\/www.outdoors.ee\/et\/toode\/a-blochl-us-ammo-boxes-2pcs\/","name":"A.Bl\u00f6chl\u00ae US Ammo Boxes, 2pcs - Outdoors","isPartOf":{"@id":"https:\/\/www.outdoors.ee\/#website"},"primaryImageOfPage":{"@id":"https:\/\/www.outdoors.ee\/et\/toode\/a-blochl-us-ammo-boxes-2pcs\/#primaryimage"},"image":{"@id":"https:\/\/www.outdoors.ee\/et\/toode\/a-blochl-us-ammo-boxes-2pcs\/#primaryimage"},"thumbnailUrl":"https:\/\/www.outdoors.ee\/wp-content\/uploads\/2026\/03\/A.Blochl\u00ae-US-Ammo-Boxes-2pcs-1-scaled.jpg","datePublished":"2026-03-27T12:47:25+00:00","dateModified":"2026-03-27T12:47:41+00:00","breadcrumb":{"@id":"https:\/\/www.outdoors.ee\/et\/toode\/a-blochl-us-ammo-boxes-2pcs\/#breadcrumb"},"inLanguage":"et","potentialAction":[{"@type":"ReadAction","target":["https:\/\/www.outdoors.ee\/et\/toode\/a-blochl-us-ammo-boxes-2pcs\/"]}]},{"@type":"ImageObject","inLanguage":"et","@id":"https:\/\/www.outdoors.ee\/et\/toode\/a-blochl-us-ammo-boxes-2pcs\/#primaryimage","url":"https:\/\/www.outdoors.ee\/wp-content\/uploads\/2026\/03\/A.Blochl\u00ae-US-Ammo-Boxes-2pcs-1-scaled.jpg","contentUrl":"https:\/\/www.outdoors.ee\/wp-content\/uploads\/2026\/03\/A.Blochl\u00ae-US-Ammo-Boxes-2pcs-1-scaled.jpg","width":2560,"height":2048},{"@type":"BreadcrumbList","@id":"https:\/\/www.outdoors.ee\/et\/toode\/a-blochl-us-ammo-boxes-2pcs\/#breadcrumb","itemListElement":[{"@type":"ListItem","position":1,"name":"Home","item":"https:\/\/www.outdoors.ee\/et\/"},{"@type":"ListItem","position":2,"name":"Tooted","item":"https:\/\/www.outdoors.ee\/products\/"},{"@type":"ListItem","position":3,"name":"A.Bl\u00f6chl\u00ae US Ammo Boxes, 2pcs"}]},{"@type":"WebSite","@id":"https:\/\/www.outdoors.ee\/#website","url":"https:\/\/www.outdoors.ee\/","name":"Outdoors","description":"Genuine military surplus and not only!","potentialAction":[{"@type":"SearchAction","target":{"@type":"EntryPoint","urlTemplate":"https:\/\/www.outdoors.ee\/?s={search_term_string}"},"query-input":{"@type":"PropertyValueSpecification","valueRequired":true,"valueName":"search_term_string"}}],"inLanguage":"et"}]}},"_links":{"self":[{"href":"https:\/\/www.outdoors.ee\/et\/wp-json\/wp\/v2\/product\/111120","targetHints":{"allow":["GET"]}}],"collection":[{"href":"https:\/\/www.outdoors.ee\/et\/wp-json\/wp\/v2\/product"}],"about":[{"href":"https:\/\/www.outdoors.ee\/et\/wp-json\/wp\/v2\/types\/product"}],"wp:featuredmedia":[{"embeddable":true,"href":"https:\/\/www.outdoors.ee\/et\/wp-json\/wp\/v2\/media\/111118"}],"wp:attachment":[{"href":"https:\/\/www.outdoors.ee\/et\/wp-json\/wp\/v2\/media?parent=111120"}],"wp:term":[{"taxonomy":"product_brand","embeddable":true,"href":"https:\/\/www.outdoors.ee\/et\/wp-json\/wp\/v2\/product_brand?post=111120"},{"taxonomy":"product_cat","embeddable":true,"href":"https:\/\/www.outdoors.ee\/et\/wp-json\/wp\/v2\/product_cat?post=111120"},{"taxonomy":"product_tag","embeddable":true,"href":"https:\/\/www.outdoors.ee\/et\/wp-json\/wp\/v2\/product_tag?post=111120"}],"curies":[{"name":"wp","href":"https:\/\/api.w.org\/{rel}","templated":true}]}}