{"id":111094,"date":"2026-03-26T14:54:13","date_gmt":"2026-03-26T12:54:13","guid":{"rendered":"https:\/\/www.outdoors.ee\/?post_type=product&#038;p=111094"},"modified":"2026-04-22T20:17:26","modified_gmt":"2026-04-22T17:17:26","slug":"a-blochl-bw-model-2000-combat-boots","status":"publish","type":"product","link":"https:\/\/www.outdoors.ee\/et\/toode\/a-blochl-bw-model-2000-combat-boots\/","title":{"rendered":"A.Bl\u00f6chl\u00ae BW Model 2000 Combat Boots"},"content":{"rendered":"<p>Bundeswehr Model 2000 on legendaarne lahingsaabas, mis on tuntud oma maksimaalse vastupidavuse, suurep\u00e4rase mugavuse ja s\u00f5jav\u00e4elise funktsionaalsuse poolest.<\/p>\n<p><strong>Tipptasemel konstruktsioon ja materjalid<\/strong><\/p>\n<p>Kvaliteetne nahk: Valmistatud 1,6\u20131,8 mm paksusest t\u00e4isnahast, mis tagab erakordse vastupidavuse ja kulumiskindluse<\/p>\n<p>Taktikaline vooder: Hingav, t\u00e4isnahast (sile veisenahk) ja PU-st vooder tagab jalgadele optimaalse sisekliima ka pikaajalisel kandmisel<\/p>\n<p>V\u00e4litingimustes testitud stabiilsus: Tugev liimitud konstruktsioon koos tugevdatud tepitud \u00f5mblustega tagab, et saapad s\u00e4ilitavad oma kuju ka intensiivse kasutuse korral<\/p>\n<p><strong>Mugavus ja j\u00f5udlus maastikul<\/strong><\/p>\n<p>Ergonoomiline istuvus: H\u00fcppeliigese piirkonnas asuv elastne kiil toetab jala loomulikku liikumist, samas kui polsterdatud keel ja s\u00e4\u00e4reosa pakuvad liikumisvabadust ilma toetust ohverdamata<\/p>\n<p>T\u00e4iustatud pehmendus: Varustatud eemaldatava vormitud PU\/EVA v\u00f5rkstruktuuriga sisetallaga, mis v\u00e4hendab liigeste koormust ja pakub suurep\u00e4rast p\u00f5rutussummutust<\/p>\n<p>Usaldusv\u00e4\u00e4rne haakuvus: Libisemis- ja \u00f5likindel kummist v\u00e4listald (EVA + PVC) pakub kindlat haakuvust erinevatel ja keerulistel maastikel<\/p>\n<p><strong>L\u00e4bim\u00f5eldud detailid<\/strong><\/p>\n<p>T\u00f5hustatud ventilatsioon: Spetsiaalsed \u00f5hutusavad pehmendatud s\u00e4\u00e4reosa \u00fclaosas parandavad \u00f5huringlust intensiivse tegevuse ajal<\/p>\n<p>Efektiivne paeltes\u00fcsteem: Sisaldab 7 paari suletud r\u00f5ngaid ja 1 paari avatud konkse kindlaks ja individuaalseks reguleerimiseks. Komplektis on vastupidavad \u00fcmarad pol\u00fcesterpaelad<\/p>\n<p>Kiire jalgapanek: Funktsionaalsed t\u00f5mbeasad s\u00e4\u00e4re tagaosas v\u00f5imaldavad saapaid kiiresti jalga panna<\/p>\n<p>Tugevdatud \u00f5mblused: \u00d5mmeldud \u00fclitugeva musta pol\u00fcesterniidiga, et tagada \u00f5mbluste maksimaalne vastupidavus<\/p>\n<p><b>Omadused:<\/b><\/p>\n<ul>\n<li>Pealis: T\u00e4isnahk<\/li>\n<li>Tald: Kummist s\u00fcgava mustriga tald (EVA + PVC)<\/li>\n<li>Sisetald: Eemaldatav, vormitud PU + EVA v\u00f5rkstruktuur<\/li>\n<li>Kaal ca. 1650 g \/ paar (suurus EU43)<\/li>\n<\/ul>\n<p><strong>Seisukord:<\/strong> uus<\/p>\n","protected":false},"excerpt":{"rendered":"<p>A.Bl\u00f6chl\u00ae Bundeswehr Model 2000 Leather Combat Boots, black<\/p>\n","protected":false},"featured_media":111090,"template":"","meta":[],"product_brand":[],"product_cat":[70],"product_tag":[],"class_list":{"0":"post-111094","1":"product","2":"type-product","3":"status-publish","4":"has-post-thumbnail","6":"product_cat-jalanoud","7":"pa_brand-a-blochl","8":"pa_size-uk10-us11-eu45-2-2","9":"pa_size-uk11-us12-eu46-2","10":"pa_size-uk85-us95-eu43-2","11":"pa_size-uk95-us105-eu44-2","13":"first","14":"instock","15":"taxable","16":"shipping-taxable","17":"purchasable","18":"product-type-variable"},"yoast_head":"<!-- This site is optimized with the Yoast SEO plugin v27.2 - https:\/\/yoast.com\/product\/yoast-seo-wordpress\/ -->\n<title>A.Bl\u00f6chl\u00ae BW Model 2000 Combat Boots - Outdoors<\/title>\n<meta name=\"robots\" content=\"index, follow, max-snippet:-1, max-image-preview:large, max-video-preview:-1\" \/>\n<link rel=\"canonical\" href=\"https:\/\/www.outdoors.ee\/et\/toode\/a-blochl-bw-model-2000-combat-boots\/\" \/>\n<meta property=\"og:locale\" content=\"et_EE\" \/>\n<meta property=\"og:type\" content=\"article\" \/>\n<meta property=\"og:title\" content=\"A.Bl\u00f6chl\u00ae BW Model 2000 Combat Boots - Outdoors\" \/>\n<meta property=\"og:description\" content=\"A.Bl\u00f6chl\u00ae Bundeswehr Model 2000 Leather Combat Boots, black\" \/>\n<meta property=\"og:url\" content=\"https:\/\/www.outdoors.ee\/et\/toode\/a-blochl-bw-model-2000-combat-boots\/\" \/>\n<meta property=\"og:site_name\" content=\"Outdoors\" \/>\n<meta property=\"article:modified_time\" content=\"2026-04-22T17:17:26+00:00\" \/>\n<meta property=\"og:image\" content=\"https:\/\/www.outdoors.ee\/wp-content\/uploads\/2026\/03\/A.Blochl\u00ae-BW-Model-2000-Combat-Boots-1.jpg\" \/>\n\t<meta property=\"og:image:width\" content=\"1200\" \/>\n\t<meta property=\"og:image:height\" content=\"1200\" \/>\n\t<meta property=\"og:image:type\" content=\"image\/jpeg\" \/>\n<meta name=\"twitter:card\" content=\"summary_large_image\" \/>\n<meta name=\"twitter:label1\" content=\"Est. reading time\" \/>\n\t<meta name=\"twitter:data1\" content=\"2 minutit\" \/>\n<script type=\"application\/ld+json\" class=\"yoast-schema-graph\">{\"@context\":\"https:\/\/schema.org\",\"@graph\":[{\"@type\":\"WebPage\",\"@id\":\"https:\/\/www.outdoors.ee\/et\/toode\/a-blochl-bw-model-2000-combat-boots\/\",\"url\":\"https:\/\/www.outdoors.ee\/et\/toode\/a-blochl-bw-model-2000-combat-boots\/\",\"name\":\"A.Bl\u00f6chl\u00ae BW Model 2000 Combat Boots - Outdoors\",\"isPartOf\":{\"@id\":\"https:\/\/www.outdoors.ee\/#website\"},\"primaryImageOfPage\":{\"@id\":\"https:\/\/www.outdoors.ee\/et\/toode\/a-blochl-bw-model-2000-combat-boots\/#primaryimage\"},\"image\":{\"@id\":\"https:\/\/www.outdoors.ee\/et\/toode\/a-blochl-bw-model-2000-combat-boots\/#primaryimage\"},\"thumbnailUrl\":\"https:\/\/www.outdoors.ee\/wp-content\/uploads\/2026\/03\/A.Blochl\u00ae-BW-Model-2000-Combat-Boots-1.jpg\",\"datePublished\":\"2026-03-26T12:54:13+00:00\",\"dateModified\":\"2026-04-22T17:17:26+00:00\",\"breadcrumb\":{\"@id\":\"https:\/\/www.outdoors.ee\/et\/toode\/a-blochl-bw-model-2000-combat-boots\/#breadcrumb\"},\"inLanguage\":\"et\",\"potentialAction\":[{\"@type\":\"ReadAction\",\"target\":[\"https:\/\/www.outdoors.ee\/et\/toode\/a-blochl-bw-model-2000-combat-boots\/\"]}]},{\"@type\":\"ImageObject\",\"inLanguage\":\"et\",\"@id\":\"https:\/\/www.outdoors.ee\/et\/toode\/a-blochl-bw-model-2000-combat-boots\/#primaryimage\",\"url\":\"https:\/\/www.outdoors.ee\/wp-content\/uploads\/2026\/03\/A.Blochl\u00ae-BW-Model-2000-Combat-Boots-1.jpg\",\"contentUrl\":\"https:\/\/www.outdoors.ee\/wp-content\/uploads\/2026\/03\/A.Blochl\u00ae-BW-Model-2000-Combat-Boots-1.jpg\",\"width\":1200,\"height\":1200},{\"@type\":\"BreadcrumbList\",\"@id\":\"https:\/\/www.outdoors.ee\/et\/toode\/a-blochl-bw-model-2000-combat-boots\/#breadcrumb\",\"itemListElement\":[{\"@type\":\"ListItem\",\"position\":1,\"name\":\"Home\",\"item\":\"https:\/\/www.outdoors.ee\/et\/\"},{\"@type\":\"ListItem\",\"position\":2,\"name\":\"Tooted\",\"item\":\"https:\/\/www.outdoors.ee\/products\/\"},{\"@type\":\"ListItem\",\"position\":3,\"name\":\"A.Bl\u00f6chl\u00ae BW Model 2000 Combat Boots\"}]},{\"@type\":\"WebSite\",\"@id\":\"https:\/\/www.outdoors.ee\/#website\",\"url\":\"https:\/\/www.outdoors.ee\/\",\"name\":\"Outdoors\",\"description\":\"Genuine military surplus and not only!\",\"potentialAction\":[{\"@type\":\"SearchAction\",\"target\":{\"@type\":\"EntryPoint\",\"urlTemplate\":\"https:\/\/www.outdoors.ee\/?s={search_term_string}\"},\"query-input\":{\"@type\":\"PropertyValueSpecification\",\"valueRequired\":true,\"valueName\":\"search_term_string\"}}],\"inLanguage\":\"et\"}]}<\/script>\n<!-- \/ Yoast SEO plugin. -->","yoast_head_json":{"title":"A.Bl\u00f6chl\u00ae BW Model 2000 Combat Boots - Outdoors","robots":{"index":"index","follow":"follow","max-snippet":"max-snippet:-1","max-image-preview":"max-image-preview:large","max-video-preview":"max-video-preview:-1"},"canonical":"https:\/\/www.outdoors.ee\/et\/toode\/a-blochl-bw-model-2000-combat-boots\/","og_locale":"et_EE","og_type":"article","og_title":"A.Bl\u00f6chl\u00ae BW Model 2000 Combat Boots - Outdoors","og_description":"A.Bl\u00f6chl\u00ae Bundeswehr Model 2000 Leather Combat Boots, black","og_url":"https:\/\/www.outdoors.ee\/et\/toode\/a-blochl-bw-model-2000-combat-boots\/","og_site_name":"Outdoors","article_modified_time":"2026-04-22T17:17:26+00:00","og_image":[{"width":1200,"height":1200,"url":"https:\/\/www.outdoors.ee\/wp-content\/uploads\/2026\/03\/A.Blochl\u00ae-BW-Model-2000-Combat-Boots-1.jpg","type":"image\/jpeg"}],"twitter_card":"summary_large_image","twitter_misc":{"Est. reading time":"2 minutit"},"schema":{"@context":"https:\/\/schema.org","@graph":[{"@type":"WebPage","@id":"https:\/\/www.outdoors.ee\/et\/toode\/a-blochl-bw-model-2000-combat-boots\/","url":"https:\/\/www.outdoors.ee\/et\/toode\/a-blochl-bw-model-2000-combat-boots\/","name":"A.Bl\u00f6chl\u00ae BW Model 2000 Combat Boots - Outdoors","isPartOf":{"@id":"https:\/\/www.outdoors.ee\/#website"},"primaryImageOfPage":{"@id":"https:\/\/www.outdoors.ee\/et\/toode\/a-blochl-bw-model-2000-combat-boots\/#primaryimage"},"image":{"@id":"https:\/\/www.outdoors.ee\/et\/toode\/a-blochl-bw-model-2000-combat-boots\/#primaryimage"},"thumbnailUrl":"https:\/\/www.outdoors.ee\/wp-content\/uploads\/2026\/03\/A.Blochl\u00ae-BW-Model-2000-Combat-Boots-1.jpg","datePublished":"2026-03-26T12:54:13+00:00","dateModified":"2026-04-22T17:17:26+00:00","breadcrumb":{"@id":"https:\/\/www.outdoors.ee\/et\/toode\/a-blochl-bw-model-2000-combat-boots\/#breadcrumb"},"inLanguage":"et","potentialAction":[{"@type":"ReadAction","target":["https:\/\/www.outdoors.ee\/et\/toode\/a-blochl-bw-model-2000-combat-boots\/"]}]},{"@type":"ImageObject","inLanguage":"et","@id":"https:\/\/www.outdoors.ee\/et\/toode\/a-blochl-bw-model-2000-combat-boots\/#primaryimage","url":"https:\/\/www.outdoors.ee\/wp-content\/uploads\/2026\/03\/A.Blochl\u00ae-BW-Model-2000-Combat-Boots-1.jpg","contentUrl":"https:\/\/www.outdoors.ee\/wp-content\/uploads\/2026\/03\/A.Blochl\u00ae-BW-Model-2000-Combat-Boots-1.jpg","width":1200,"height":1200},{"@type":"BreadcrumbList","@id":"https:\/\/www.outdoors.ee\/et\/toode\/a-blochl-bw-model-2000-combat-boots\/#breadcrumb","itemListElement":[{"@type":"ListItem","position":1,"name":"Home","item":"https:\/\/www.outdoors.ee\/et\/"},{"@type":"ListItem","position":2,"name":"Tooted","item":"https:\/\/www.outdoors.ee\/products\/"},{"@type":"ListItem","position":3,"name":"A.Bl\u00f6chl\u00ae BW Model 2000 Combat Boots"}]},{"@type":"WebSite","@id":"https:\/\/www.outdoors.ee\/#website","url":"https:\/\/www.outdoors.ee\/","name":"Outdoors","description":"Genuine military surplus and not only!","potentialAction":[{"@type":"SearchAction","target":{"@type":"EntryPoint","urlTemplate":"https:\/\/www.outdoors.ee\/?s={search_term_string}"},"query-input":{"@type":"PropertyValueSpecification","valueRequired":true,"valueName":"search_term_string"}}],"inLanguage":"et"}]}},"_links":{"self":[{"href":"https:\/\/www.outdoors.ee\/et\/wp-json\/wp\/v2\/product\/111094","targetHints":{"allow":["GET"]}}],"collection":[{"href":"https:\/\/www.outdoors.ee\/et\/wp-json\/wp\/v2\/product"}],"about":[{"href":"https:\/\/www.outdoors.ee\/et\/wp-json\/wp\/v2\/types\/product"}],"wp:featuredmedia":[{"embeddable":true,"href":"https:\/\/www.outdoors.ee\/et\/wp-json\/wp\/v2\/media\/111090"}],"wp:attachment":[{"href":"https:\/\/www.outdoors.ee\/et\/wp-json\/wp\/v2\/media?parent=111094"}],"wp:term":[{"taxonomy":"product_brand","embeddable":true,"href":"https:\/\/www.outdoors.ee\/et\/wp-json\/wp\/v2\/product_brand?post=111094"},{"taxonomy":"product_cat","embeddable":true,"href":"https:\/\/www.outdoors.ee\/et\/wp-json\/wp\/v2\/product_cat?post=111094"},{"taxonomy":"product_tag","embeddable":true,"href":"https:\/\/www.outdoors.ee\/et\/wp-json\/wp\/v2\/product_tag?post=111094"}],"curies":[{"name":"wp","href":"https:\/\/api.w.org\/{rel}","templated":true}]}}