{"id":111045,"date":"2026-03-25T10:32:28","date_gmt":"2026-03-25T08:32:28","guid":{"rendered":"https:\/\/www.outdoors.ee\/?post_type=product&#038;p=111045"},"modified":"2026-03-25T10:32:41","modified_gmt":"2026-03-25T08:32:41","slug":"nuga-swedish-fireknife-2in1","status":"publish","type":"product","link":"https:\/\/www.outdoors.ee\/et\/toode\/nuga-swedish-fireknife-2in1\/","title":{"rendered":"Nuga Swedish FireKnife 2in1"},"content":{"rendered":"<p>Rohkem kui lihtsalt nuga. Rohkem kui ainult tulepulk.<\/p>\n<p><strong>Omadused:<\/strong><\/p>\n<ul>\n<li>vastupidav, pooleldi nuga l\u00e4biva sabaga (half-tang), 8,9 cm \/ 3,5 tolline 12C27 Alleima 80% \u00fcmbert\u00f6\u00f6deldud roostevabast terasest tera<\/li>\n<li>ilmastikukindel tulepulk (Swedish FireSteel), mis on kinnitatud t\u00e4\u00e4giluku abil<\/li>\n<li>kestab kuni 3000 l\u00f6\u00f6ki<\/li>\n<li>90-kraadise nurga all lihvitud tera selg maksimaalsete 2980 \u00b0C \/ 5400 \u00b0F s\u00e4demete tekitamiseks<\/li>\n<li>tihedalt istuv tupp vastupidava v\u00f6\u00f6klambri ja \u00e4ravooluavaga lihtsaks puhastamiseks<\/li>\n<li>k\u00e4epidemed ja tupp on valmistatud biop\u00f5hisest plastikust<\/li>\n<li>valmistatud Rootsis<\/li>\n<\/ul>\n<p><strong>Seisukord:<\/strong> uus<\/p>\n","protected":false},"excerpt":{"rendered":"<p>Rohkem kui lihtsalt nuga. Rohkem kui ainult tulepulk. Omadused: vastupidav, pooleldi nuga l\u00e4biva sabaga (half-tang), 8,9 cm \/ 3,5 tolline<\/p>\n","protected":false},"featured_media":111040,"template":"","meta":[],"product_brand":[],"product_cat":[149],"product_tag":[],"class_list":{"0":"post-111045","1":"product","2":"type-product","3":"status-publish","4":"has-post-thumbnail","6":"product_cat-taktikaline-varustus","7":"pa_brand-light-my-fire","8":"pa_color-rusty-orange","9":"pa_color-sage-green-2","11":"first","12":"instock","13":"taxable","14":"shipping-taxable","15":"purchasable","16":"product-type-variable"},"yoast_head":"<!-- This site is optimized with the Yoast SEO plugin v27.2 - https:\/\/yoast.com\/product\/yoast-seo-wordpress\/ -->\n<title>Nuga Swedish FireKnife 2in1 - Outdoors<\/title>\n<meta name=\"robots\" content=\"index, follow, max-snippet:-1, max-image-preview:large, max-video-preview:-1\" \/>\n<link rel=\"canonical\" href=\"https:\/\/www.outdoors.ee\/et\/toode\/nuga-swedish-fireknife-2in1\/\" \/>\n<meta property=\"og:locale\" content=\"et_EE\" \/>\n<meta property=\"og:type\" content=\"article\" \/>\n<meta property=\"og:title\" content=\"Nuga Swedish FireKnife 2in1 - Outdoors\" \/>\n<meta property=\"og:description\" content=\"Rohkem kui lihtsalt nuga. Rohkem kui ainult tulepulk. Omadused: vastupidav, pooleldi nuga l\u00e4biva sabaga (half-tang), 8,9 cm \/ 3,5 tolline\" \/>\n<meta property=\"og:url\" content=\"https:\/\/www.outdoors.ee\/et\/toode\/nuga-swedish-fireknife-2in1\/\" \/>\n<meta property=\"og:site_name\" content=\"Outdoors\" \/>\n<meta property=\"article:modified_time\" content=\"2026-03-25T08:32:41+00:00\" \/>\n<meta property=\"og:image\" content=\"https:\/\/www.outdoors.ee\/wp-content\/uploads\/2026\/03\/Light-My-Fire-Swedish-FireKnife-2in1-Rusty-Orange-2.jpg\" \/>\n\t<meta property=\"og:image:width\" content=\"2083\" \/>\n\t<meta property=\"og:image:height\" content=\"2083\" \/>\n\t<meta property=\"og:image:type\" content=\"image\/jpeg\" \/>\n<meta name=\"twitter:card\" content=\"summary_large_image\" \/>\n<meta name=\"twitter:label1\" content=\"Est. reading time\" \/>\n\t<meta name=\"twitter:data1\" content=\"1 minut\" \/>\n<script type=\"application\/ld+json\" class=\"yoast-schema-graph\">{\"@context\":\"https:\/\/schema.org\",\"@graph\":[{\"@type\":\"WebPage\",\"@id\":\"https:\/\/www.outdoors.ee\/et\/toode\/nuga-swedish-fireknife-2in1\/\",\"url\":\"https:\/\/www.outdoors.ee\/et\/toode\/nuga-swedish-fireknife-2in1\/\",\"name\":\"Nuga Swedish FireKnife 2in1 - Outdoors\",\"isPartOf\":{\"@id\":\"https:\/\/www.outdoors.ee\/#website\"},\"primaryImageOfPage\":{\"@id\":\"https:\/\/www.outdoors.ee\/et\/toode\/nuga-swedish-fireknife-2in1\/#primaryimage\"},\"image\":{\"@id\":\"https:\/\/www.outdoors.ee\/et\/toode\/nuga-swedish-fireknife-2in1\/#primaryimage\"},\"thumbnailUrl\":\"https:\/\/www.outdoors.ee\/wp-content\/uploads\/2026\/03\/Light-My-Fire-Swedish-FireKnife-2in1-Rusty-Orange-2.jpg\",\"datePublished\":\"2026-03-25T08:32:28+00:00\",\"dateModified\":\"2026-03-25T08:32:41+00:00\",\"breadcrumb\":{\"@id\":\"https:\/\/www.outdoors.ee\/et\/toode\/nuga-swedish-fireknife-2in1\/#breadcrumb\"},\"inLanguage\":\"et\",\"potentialAction\":[{\"@type\":\"ReadAction\",\"target\":[\"https:\/\/www.outdoors.ee\/et\/toode\/nuga-swedish-fireknife-2in1\/\"]}]},{\"@type\":\"ImageObject\",\"inLanguage\":\"et\",\"@id\":\"https:\/\/www.outdoors.ee\/et\/toode\/nuga-swedish-fireknife-2in1\/#primaryimage\",\"url\":\"https:\/\/www.outdoors.ee\/wp-content\/uploads\/2026\/03\/Light-My-Fire-Swedish-FireKnife-2in1-Rusty-Orange-2.jpg\",\"contentUrl\":\"https:\/\/www.outdoors.ee\/wp-content\/uploads\/2026\/03\/Light-My-Fire-Swedish-FireKnife-2in1-Rusty-Orange-2.jpg\",\"width\":2083,\"height\":2083},{\"@type\":\"BreadcrumbList\",\"@id\":\"https:\/\/www.outdoors.ee\/et\/toode\/nuga-swedish-fireknife-2in1\/#breadcrumb\",\"itemListElement\":[{\"@type\":\"ListItem\",\"position\":1,\"name\":\"Home\",\"item\":\"https:\/\/www.outdoors.ee\/et\/\"},{\"@type\":\"ListItem\",\"position\":2,\"name\":\"Tooted\",\"item\":\"https:\/\/www.outdoors.ee\/products\/\"},{\"@type\":\"ListItem\",\"position\":3,\"name\":\"Nuga Swedish FireKnife 2in1\"}]},{\"@type\":\"WebSite\",\"@id\":\"https:\/\/www.outdoors.ee\/#website\",\"url\":\"https:\/\/www.outdoors.ee\/\",\"name\":\"Outdoors\",\"description\":\"Genuine military surplus and not only!\",\"potentialAction\":[{\"@type\":\"SearchAction\",\"target\":{\"@type\":\"EntryPoint\",\"urlTemplate\":\"https:\/\/www.outdoors.ee\/?s={search_term_string}\"},\"query-input\":{\"@type\":\"PropertyValueSpecification\",\"valueRequired\":true,\"valueName\":\"search_term_string\"}}],\"inLanguage\":\"et\"}]}<\/script>\n<!-- \/ Yoast SEO plugin. -->","yoast_head_json":{"title":"Nuga Swedish FireKnife 2in1 - Outdoors","robots":{"index":"index","follow":"follow","max-snippet":"max-snippet:-1","max-image-preview":"max-image-preview:large","max-video-preview":"max-video-preview:-1"},"canonical":"https:\/\/www.outdoors.ee\/et\/toode\/nuga-swedish-fireknife-2in1\/","og_locale":"et_EE","og_type":"article","og_title":"Nuga Swedish FireKnife 2in1 - Outdoors","og_description":"Rohkem kui lihtsalt nuga. Rohkem kui ainult tulepulk. Omadused: vastupidav, pooleldi nuga l\u00e4biva sabaga (half-tang), 8,9 cm \/ 3,5 tolline","og_url":"https:\/\/www.outdoors.ee\/et\/toode\/nuga-swedish-fireknife-2in1\/","og_site_name":"Outdoors","article_modified_time":"2026-03-25T08:32:41+00:00","og_image":[{"width":2083,"height":2083,"url":"https:\/\/www.outdoors.ee\/wp-content\/uploads\/2026\/03\/Light-My-Fire-Swedish-FireKnife-2in1-Rusty-Orange-2.jpg","type":"image\/jpeg"}],"twitter_card":"summary_large_image","twitter_misc":{"Est. reading time":"1 minut"},"schema":{"@context":"https:\/\/schema.org","@graph":[{"@type":"WebPage","@id":"https:\/\/www.outdoors.ee\/et\/toode\/nuga-swedish-fireknife-2in1\/","url":"https:\/\/www.outdoors.ee\/et\/toode\/nuga-swedish-fireknife-2in1\/","name":"Nuga Swedish FireKnife 2in1 - Outdoors","isPartOf":{"@id":"https:\/\/www.outdoors.ee\/#website"},"primaryImageOfPage":{"@id":"https:\/\/www.outdoors.ee\/et\/toode\/nuga-swedish-fireknife-2in1\/#primaryimage"},"image":{"@id":"https:\/\/www.outdoors.ee\/et\/toode\/nuga-swedish-fireknife-2in1\/#primaryimage"},"thumbnailUrl":"https:\/\/www.outdoors.ee\/wp-content\/uploads\/2026\/03\/Light-My-Fire-Swedish-FireKnife-2in1-Rusty-Orange-2.jpg","datePublished":"2026-03-25T08:32:28+00:00","dateModified":"2026-03-25T08:32:41+00:00","breadcrumb":{"@id":"https:\/\/www.outdoors.ee\/et\/toode\/nuga-swedish-fireknife-2in1\/#breadcrumb"},"inLanguage":"et","potentialAction":[{"@type":"ReadAction","target":["https:\/\/www.outdoors.ee\/et\/toode\/nuga-swedish-fireknife-2in1\/"]}]},{"@type":"ImageObject","inLanguage":"et","@id":"https:\/\/www.outdoors.ee\/et\/toode\/nuga-swedish-fireknife-2in1\/#primaryimage","url":"https:\/\/www.outdoors.ee\/wp-content\/uploads\/2026\/03\/Light-My-Fire-Swedish-FireKnife-2in1-Rusty-Orange-2.jpg","contentUrl":"https:\/\/www.outdoors.ee\/wp-content\/uploads\/2026\/03\/Light-My-Fire-Swedish-FireKnife-2in1-Rusty-Orange-2.jpg","width":2083,"height":2083},{"@type":"BreadcrumbList","@id":"https:\/\/www.outdoors.ee\/et\/toode\/nuga-swedish-fireknife-2in1\/#breadcrumb","itemListElement":[{"@type":"ListItem","position":1,"name":"Home","item":"https:\/\/www.outdoors.ee\/et\/"},{"@type":"ListItem","position":2,"name":"Tooted","item":"https:\/\/www.outdoors.ee\/products\/"},{"@type":"ListItem","position":3,"name":"Nuga Swedish FireKnife 2in1"}]},{"@type":"WebSite","@id":"https:\/\/www.outdoors.ee\/#website","url":"https:\/\/www.outdoors.ee\/","name":"Outdoors","description":"Genuine military surplus and not only!","potentialAction":[{"@type":"SearchAction","target":{"@type":"EntryPoint","urlTemplate":"https:\/\/www.outdoors.ee\/?s={search_term_string}"},"query-input":{"@type":"PropertyValueSpecification","valueRequired":true,"valueName":"search_term_string"}}],"inLanguage":"et"}]}},"_links":{"self":[{"href":"https:\/\/www.outdoors.ee\/et\/wp-json\/wp\/v2\/product\/111045","targetHints":{"allow":["GET"]}}],"collection":[{"href":"https:\/\/www.outdoors.ee\/et\/wp-json\/wp\/v2\/product"}],"about":[{"href":"https:\/\/www.outdoors.ee\/et\/wp-json\/wp\/v2\/types\/product"}],"wp:featuredmedia":[{"embeddable":true,"href":"https:\/\/www.outdoors.ee\/et\/wp-json\/wp\/v2\/media\/111040"}],"wp:attachment":[{"href":"https:\/\/www.outdoors.ee\/et\/wp-json\/wp\/v2\/media?parent=111045"}],"wp:term":[{"taxonomy":"product_brand","embeddable":true,"href":"https:\/\/www.outdoors.ee\/et\/wp-json\/wp\/v2\/product_brand?post=111045"},{"taxonomy":"product_cat","embeddable":true,"href":"https:\/\/www.outdoors.ee\/et\/wp-json\/wp\/v2\/product_cat?post=111045"},{"taxonomy":"product_tag","embeddable":true,"href":"https:\/\/www.outdoors.ee\/et\/wp-json\/wp\/v2\/product_tag?post=111045"}],"curies":[{"name":"wp","href":"https:\/\/api.w.org\/{rel}","templated":true}]}}