{"id":111018,"date":"2026-03-24T19:36:32","date_gmt":"2026-03-24T17:36:32","guid":{"rendered":"https:\/\/www.outdoors.ee\/?post_type=product&#038;p=111018"},"modified":"2026-03-24T19:36:43","modified_gmt":"2026-03-24T17:36:43","slug":"a-blochl-vihmajope-alpha-waterproof-jacket","status":"publish","type":"product","link":"https:\/\/www.outdoors.ee\/et\/toode\/a-blochl-vihmajope-alpha-waterproof-jacket\/","title":{"rendered":"A.Bl\u00f6chl\u00ae vihmajope Alpha Waterproof Jacket"},"content":{"rendered":"<p data-path-to-node=\"1\">Alpha vihmajope on k\u00f5rge sooritusv\u00f5imega koorikjope, mis on loodud nii v\u00e4lisportlastele, professionaalidele kui ka igap\u00e4evastele liiklejatele. Jope on ehitatud taluma k\u00f5ige karmimaid ilmastikuolusid, kasutades veekindlat ja hingavat konstruktsiooni, mis on varustatud premium-klassi YKK\u00ae lukkude, tormiklapi ja integreeritud ventilatsioonis\u00fcsteemiga.<\/p>\n<p data-path-to-node=\"2\">Selles jopes kohtuvad taktikaline funktsionaalsus ja kergekaaluline mugavus. Neljas suunas veniv <i data-path-to-node=\"2\" data-index-in-node=\"97\">stretch<\/i>-kangas ja reguleeritav alumine \u00e4\u00e4r tagavad t\u00e4pse ja liikumisvaba istuvuse. Eriline sisemine muster-tr\u00fckk ennetab kanga kleepumist naha k\u00fclge, hoides teid kuiva ja mugavana kogu p\u00e4eva v\u00e4ltel.<\/p>\n<p data-path-to-node=\"3\"><b data-path-to-node=\"3\" data-index-in-node=\"0\">Omadused:<\/b><\/p>\n<ul>\n<li data-path-to-node=\"3\">veekindlad YKK\u00ae t\u00f5mblukud<\/li>\n<li data-path-to-node=\"3\">kahesuunaline eesmine lukk tormiklapi ja trukk-kinnitusega<\/li>\n<li data-path-to-node=\"3\">kaks lukuga esitaskut koos v\u00f5rk-ventilatsiooniga<\/li>\n<li data-path-to-node=\"3\">kaenlaalune ventilatsioonis\u00fcsteem (kahesuunalised t\u00f5mblukud)<\/li>\n<li data-path-to-node=\"3\">sisetasku nutitelefonile v\u00f5i rahakotile<\/li>\n<li data-path-to-node=\"3\">pingutusn\u00f6\u00f6ri ja vormitava nokaga kapuuts<\/li>\n<li data-path-to-node=\"3\">takjapaela paneelid (8,5 x 12 cm) \u00f5lavartel<\/li>\n<li data-path-to-node=\"3\">sisemine ava k\u00f5rvaklapi- v\u00f5i sideseadmete juhtmetele<\/li>\n<li data-path-to-node=\"3\">takjapaela abil reguleeritavad mansetid<\/li>\n<li data-path-to-node=\"3\">reguleeritav pingutusn\u00f6\u00f6r alumises \u00e4\u00e4res<\/li>\n<li data-path-to-node=\"3\">kompaktselt kokkupakitav<\/li>\n<li data-path-to-node=\"3\">sisemine muster-tr\u00fckk v\u00e4hendab h\u00f5\u00f5rdumist<\/li>\n<li data-path-to-node=\"3\">t\u00e4ielikult teibitud \u00f5mblused<\/li>\n<li data-path-to-node=\"3\">OEKO-TEX\u00ae STANDARD 100 sertifikaat<\/li>\n<li data-path-to-node=\"3\">veepidavus: 20 000 mm \/ 24 h<\/li>\n<li data-path-to-node=\"3\">hingavus: 15 000 g\/m\u00b2\/24 h<\/li>\n<li data-path-to-node=\"3\">laal ca. 442 g (suurus M)<\/li>\n<li data-path-to-node=\"3\">pealismaterjal: 100% pol\u00fcester (75D)<\/li>\n<li data-path-to-node=\"3\">membraan: 100% pol\u00fcuretaan (PU)<\/li>\n<\/ul>\n<p><strong>Seisukord:<\/strong> uus<\/p>\n","protected":false},"excerpt":{"rendered":"<p>Alpha vihmajope on k\u00f5rge sooritusv\u00f5imega koorikjope, mis on loodud nii v\u00e4lisportlastele, professionaalidele kui ka igap\u00e4evastele liiklejatele. Jope on ehitatud taluma<\/p>\n","protected":false},"featured_media":111011,"template":"","meta":[],"product_brand":[],"product_cat":[101],"product_tag":[3143],"class_list":{"0":"post-111018","1":"product","2":"type-product","3":"status-publish","4":"has-post-thumbnail","6":"product_cat-joped-parkad","7":"product_tag-vihmariided","8":"pa_brand-a-blochl","9":"pa_color-ral7013","10":"pa_size-l-2","11":"pa_size-m-2","12":"pa_size-xl-2","14":"first","15":"instock","16":"taxable","17":"shipping-taxable","18":"purchasable","19":"product-type-variable"},"yoast_head":"<!-- This site is optimized with the Yoast SEO plugin v27.2 - https:\/\/yoast.com\/product\/yoast-seo-wordpress\/ -->\n<title>A.Bl\u00f6chl\u00ae vihmajope Alpha Waterproof Jacket - Outdoors<\/title>\n<meta name=\"robots\" content=\"index, follow, max-snippet:-1, max-image-preview:large, max-video-preview:-1\" \/>\n<link rel=\"canonical\" href=\"https:\/\/www.outdoors.ee\/et\/toode\/a-blochl-vihmajope-alpha-waterproof-jacket\/\" \/>\n<meta property=\"og:locale\" content=\"et_EE\" \/>\n<meta property=\"og:type\" content=\"article\" \/>\n<meta property=\"og:title\" content=\"A.Bl\u00f6chl\u00ae vihmajope Alpha Waterproof Jacket - Outdoors\" \/>\n<meta property=\"og:description\" content=\"Alpha vihmajope on k\u00f5rge sooritusv\u00f5imega koorikjope, mis on loodud nii v\u00e4lisportlastele, professionaalidele kui ka igap\u00e4evastele liiklejatele. Jope on ehitatud taluma\" \/>\n<meta property=\"og:url\" content=\"https:\/\/www.outdoors.ee\/et\/toode\/a-blochl-vihmajope-alpha-waterproof-jacket\/\" \/>\n<meta property=\"og:site_name\" content=\"Outdoors\" \/>\n<meta property=\"article:modified_time\" content=\"2026-03-24T17:36:43+00:00\" \/>\n<meta property=\"og:image\" content=\"https:\/\/www.outdoors.ee\/wp-content\/uploads\/2026\/03\/A.Blochl\u00ae-Alpha-Waterproof-Jacket-1.jpg\" \/>\n\t<meta property=\"og:image:width\" content=\"1200\" \/>\n\t<meta property=\"og:image:height\" content=\"1547\" \/>\n\t<meta property=\"og:image:type\" content=\"image\/jpeg\" \/>\n<meta name=\"twitter:card\" content=\"summary_large_image\" \/>\n<meta name=\"twitter:label1\" content=\"Est. reading time\" \/>\n\t<meta name=\"twitter:data1\" content=\"1 minut\" \/>\n<script type=\"application\/ld+json\" class=\"yoast-schema-graph\">{\"@context\":\"https:\/\/schema.org\",\"@graph\":[{\"@type\":\"WebPage\",\"@id\":\"https:\/\/www.outdoors.ee\/et\/toode\/a-blochl-vihmajope-alpha-waterproof-jacket\/\",\"url\":\"https:\/\/www.outdoors.ee\/et\/toode\/a-blochl-vihmajope-alpha-waterproof-jacket\/\",\"name\":\"A.Bl\u00f6chl\u00ae vihmajope Alpha Waterproof Jacket - Outdoors\",\"isPartOf\":{\"@id\":\"https:\/\/www.outdoors.ee\/#website\"},\"primaryImageOfPage\":{\"@id\":\"https:\/\/www.outdoors.ee\/et\/toode\/a-blochl-vihmajope-alpha-waterproof-jacket\/#primaryimage\"},\"image\":{\"@id\":\"https:\/\/www.outdoors.ee\/et\/toode\/a-blochl-vihmajope-alpha-waterproof-jacket\/#primaryimage\"},\"thumbnailUrl\":\"https:\/\/www.outdoors.ee\/wp-content\/uploads\/2026\/03\/A.Blochl\u00ae-Alpha-Waterproof-Jacket-1.jpg\",\"datePublished\":\"2026-03-24T17:36:32+00:00\",\"dateModified\":\"2026-03-24T17:36:43+00:00\",\"breadcrumb\":{\"@id\":\"https:\/\/www.outdoors.ee\/et\/toode\/a-blochl-vihmajope-alpha-waterproof-jacket\/#breadcrumb\"},\"inLanguage\":\"et\",\"potentialAction\":[{\"@type\":\"ReadAction\",\"target\":[\"https:\/\/www.outdoors.ee\/et\/toode\/a-blochl-vihmajope-alpha-waterproof-jacket\/\"]}]},{\"@type\":\"ImageObject\",\"inLanguage\":\"et\",\"@id\":\"https:\/\/www.outdoors.ee\/et\/toode\/a-blochl-vihmajope-alpha-waterproof-jacket\/#primaryimage\",\"url\":\"https:\/\/www.outdoors.ee\/wp-content\/uploads\/2026\/03\/A.Blochl\u00ae-Alpha-Waterproof-Jacket-1.jpg\",\"contentUrl\":\"https:\/\/www.outdoors.ee\/wp-content\/uploads\/2026\/03\/A.Blochl\u00ae-Alpha-Waterproof-Jacket-1.jpg\",\"width\":1200,\"height\":1547},{\"@type\":\"BreadcrumbList\",\"@id\":\"https:\/\/www.outdoors.ee\/et\/toode\/a-blochl-vihmajope-alpha-waterproof-jacket\/#breadcrumb\",\"itemListElement\":[{\"@type\":\"ListItem\",\"position\":1,\"name\":\"Home\",\"item\":\"https:\/\/www.outdoors.ee\/et\/\"},{\"@type\":\"ListItem\",\"position\":2,\"name\":\"Tooted\",\"item\":\"https:\/\/www.outdoors.ee\/products\/\"},{\"@type\":\"ListItem\",\"position\":3,\"name\":\"A.Bl\u00f6chl\u00ae vihmajope Alpha Waterproof Jacket\"}]},{\"@type\":\"WebSite\",\"@id\":\"https:\/\/www.outdoors.ee\/#website\",\"url\":\"https:\/\/www.outdoors.ee\/\",\"name\":\"Outdoors\",\"description\":\"Genuine military surplus and not only!\",\"potentialAction\":[{\"@type\":\"SearchAction\",\"target\":{\"@type\":\"EntryPoint\",\"urlTemplate\":\"https:\/\/www.outdoors.ee\/?s={search_term_string}\"},\"query-input\":{\"@type\":\"PropertyValueSpecification\",\"valueRequired\":true,\"valueName\":\"search_term_string\"}}],\"inLanguage\":\"et\"}]}<\/script>\n<!-- \/ Yoast SEO plugin. -->","yoast_head_json":{"title":"A.Bl\u00f6chl\u00ae vihmajope Alpha Waterproof Jacket - Outdoors","robots":{"index":"index","follow":"follow","max-snippet":"max-snippet:-1","max-image-preview":"max-image-preview:large","max-video-preview":"max-video-preview:-1"},"canonical":"https:\/\/www.outdoors.ee\/et\/toode\/a-blochl-vihmajope-alpha-waterproof-jacket\/","og_locale":"et_EE","og_type":"article","og_title":"A.Bl\u00f6chl\u00ae vihmajope Alpha Waterproof Jacket - Outdoors","og_description":"Alpha vihmajope on k\u00f5rge sooritusv\u00f5imega koorikjope, mis on loodud nii v\u00e4lisportlastele, professionaalidele kui ka igap\u00e4evastele liiklejatele. Jope on ehitatud taluma","og_url":"https:\/\/www.outdoors.ee\/et\/toode\/a-blochl-vihmajope-alpha-waterproof-jacket\/","og_site_name":"Outdoors","article_modified_time":"2026-03-24T17:36:43+00:00","og_image":[{"width":1200,"height":1547,"url":"https:\/\/www.outdoors.ee\/wp-content\/uploads\/2026\/03\/A.Blochl\u00ae-Alpha-Waterproof-Jacket-1.jpg","type":"image\/jpeg"}],"twitter_card":"summary_large_image","twitter_misc":{"Est. reading time":"1 minut"},"schema":{"@context":"https:\/\/schema.org","@graph":[{"@type":"WebPage","@id":"https:\/\/www.outdoors.ee\/et\/toode\/a-blochl-vihmajope-alpha-waterproof-jacket\/","url":"https:\/\/www.outdoors.ee\/et\/toode\/a-blochl-vihmajope-alpha-waterproof-jacket\/","name":"A.Bl\u00f6chl\u00ae vihmajope Alpha Waterproof Jacket - Outdoors","isPartOf":{"@id":"https:\/\/www.outdoors.ee\/#website"},"primaryImageOfPage":{"@id":"https:\/\/www.outdoors.ee\/et\/toode\/a-blochl-vihmajope-alpha-waterproof-jacket\/#primaryimage"},"image":{"@id":"https:\/\/www.outdoors.ee\/et\/toode\/a-blochl-vihmajope-alpha-waterproof-jacket\/#primaryimage"},"thumbnailUrl":"https:\/\/www.outdoors.ee\/wp-content\/uploads\/2026\/03\/A.Blochl\u00ae-Alpha-Waterproof-Jacket-1.jpg","datePublished":"2026-03-24T17:36:32+00:00","dateModified":"2026-03-24T17:36:43+00:00","breadcrumb":{"@id":"https:\/\/www.outdoors.ee\/et\/toode\/a-blochl-vihmajope-alpha-waterproof-jacket\/#breadcrumb"},"inLanguage":"et","potentialAction":[{"@type":"ReadAction","target":["https:\/\/www.outdoors.ee\/et\/toode\/a-blochl-vihmajope-alpha-waterproof-jacket\/"]}]},{"@type":"ImageObject","inLanguage":"et","@id":"https:\/\/www.outdoors.ee\/et\/toode\/a-blochl-vihmajope-alpha-waterproof-jacket\/#primaryimage","url":"https:\/\/www.outdoors.ee\/wp-content\/uploads\/2026\/03\/A.Blochl\u00ae-Alpha-Waterproof-Jacket-1.jpg","contentUrl":"https:\/\/www.outdoors.ee\/wp-content\/uploads\/2026\/03\/A.Blochl\u00ae-Alpha-Waterproof-Jacket-1.jpg","width":1200,"height":1547},{"@type":"BreadcrumbList","@id":"https:\/\/www.outdoors.ee\/et\/toode\/a-blochl-vihmajope-alpha-waterproof-jacket\/#breadcrumb","itemListElement":[{"@type":"ListItem","position":1,"name":"Home","item":"https:\/\/www.outdoors.ee\/et\/"},{"@type":"ListItem","position":2,"name":"Tooted","item":"https:\/\/www.outdoors.ee\/products\/"},{"@type":"ListItem","position":3,"name":"A.Bl\u00f6chl\u00ae vihmajope Alpha Waterproof Jacket"}]},{"@type":"WebSite","@id":"https:\/\/www.outdoors.ee\/#website","url":"https:\/\/www.outdoors.ee\/","name":"Outdoors","description":"Genuine military surplus and not only!","potentialAction":[{"@type":"SearchAction","target":{"@type":"EntryPoint","urlTemplate":"https:\/\/www.outdoors.ee\/?s={search_term_string}"},"query-input":{"@type":"PropertyValueSpecification","valueRequired":true,"valueName":"search_term_string"}}],"inLanguage":"et"}]}},"_links":{"self":[{"href":"https:\/\/www.outdoors.ee\/et\/wp-json\/wp\/v2\/product\/111018","targetHints":{"allow":["GET"]}}],"collection":[{"href":"https:\/\/www.outdoors.ee\/et\/wp-json\/wp\/v2\/product"}],"about":[{"href":"https:\/\/www.outdoors.ee\/et\/wp-json\/wp\/v2\/types\/product"}],"wp:featuredmedia":[{"embeddable":true,"href":"https:\/\/www.outdoors.ee\/et\/wp-json\/wp\/v2\/media\/111011"}],"wp:attachment":[{"href":"https:\/\/www.outdoors.ee\/et\/wp-json\/wp\/v2\/media?parent=111018"}],"wp:term":[{"taxonomy":"product_brand","embeddable":true,"href":"https:\/\/www.outdoors.ee\/et\/wp-json\/wp\/v2\/product_brand?post=111018"},{"taxonomy":"product_cat","embeddable":true,"href":"https:\/\/www.outdoors.ee\/et\/wp-json\/wp\/v2\/product_cat?post=111018"},{"taxonomy":"product_tag","embeddable":true,"href":"https:\/\/www.outdoors.ee\/et\/wp-json\/wp\/v2\/product_tag?post=111018"}],"curies":[{"name":"wp","href":"https:\/\/api.w.org\/{rel}","templated":true}]}}