{"id":109290,"date":"2026-01-23T16:32:52","date_gmt":"2026-01-23T14:32:52","guid":{"rendered":"https:\/\/www.outdoors.ee\/?post_type=product&#038;p=109290"},"modified":"2026-03-07T22:48:44","modified_gmt":"2026-03-07T20:48:44","slug":"bundeswehr-holik-tuletorjuja-saapad","status":"publish","type":"product","link":"https:\/\/www.outdoors.ee\/et\/toode\/bundeswehr-holik-tuletorjuja-saapad\/","title":{"rendered":"Bundeswehr Holik\u00ae tulet\u00f5rjuja saapad"},"content":{"rendered":"<p><strong>Saksa s\u00f5jav\u00e4e originaal.<\/strong><\/p>\n<p><strong>Pealne:<\/strong><\/p>\n<ul>\n<li>H\u00fcdrofoobse t\u00f6\u00f6tlusega veisenahk, paksus 2,0\u20132,2 mm<\/li>\n<li>TPU-varbakaitse<\/li>\n<li>Komposiitmaterjalist turvanina<\/li>\n<li>Pehme vahtmaterjalist sisepolsterdus<\/li>\n<li>Helkurelemendid<\/li>\n<li>GRIP-s\u00fcsteem jalatsi lihtsamaks jalga panemiseks ja kandmiseks<\/li>\n<li>T\u00f5mbluku ja paeltega kinnituse kombinatsioon<\/li>\n<\/ul>\n<p><strong>V\u00e4listald:<\/strong><\/p>\n<ul>\n<li>EXPLORER kummitald<\/li>\n<li>Isepuhastuva mustriga v\u00e4listald<\/li>\n<li>Antistaatiline, libisemiskindel, \u00f5lide ja hapete suhtes vastupidav<\/li>\n<li>Kuumakindlus kuni 250 \u00b0C<\/li>\n<li>P\u00f5rutusneelav kannaosa<\/li>\n<\/ul>\n<p><strong>Eemaldatav sisetald:<\/strong><\/p>\n<ul>\n<li>Anatoomiliselt kujundatud, antistaatiline<\/li>\n<\/ul>\n<p><strong>Sisevooder:<\/strong><\/p>\n<ul>\n<li>4-kihilise PTFE membraaniga<\/li>\n<\/ul>\n<p><strong>Sertifikaat: <\/strong>EN 15090:2012 (EN 15090:2012)<\/p>\n<ul>\n<li>F2A &#8211; Tulet\u00f5rje jalan\u00f5u t\u00fc\u00fcp 2<\/li>\n<li>HI3 &#8211; Sooja isolatsioon<\/li>\n<li>SRC &#8211; Libisemiskindlus<\/li>\n<li>P &#8211; Torkekindlus<\/li>\n<li>T &#8211; L\u00f6\u00f6gikindlus<\/li>\n<li>A &#8211; Antistaatiline<\/li>\n<li>CI &#8211; K\u00fclma isolatsioon<\/li>\n<\/ul>\n<p><strong>Seisukord<\/strong>:<\/p>\n<ul>\n<li>uus (ilma originaalkarbita, v\u00f5ivad sisaldada hulgiladustamise j\u00e4lgi)<\/li>\n<li>uuev\u00e4\u00e4rne (sisaldavad kergeid kulumisj\u00e4lgi, sisetallad v\u00f5ivad puududa)<\/li>\n<\/ul>\n","protected":false},"excerpt":{"rendered":"<p>Saksa Armee Holik\u00ae tulet\u00f5rjuja saapad, must<\/p>\n","protected":false},"featured_media":109294,"template":"","meta":[],"product_brand":[],"product_cat":[70],"product_tag":[],"class_list":{"0":"post-109290","1":"product","2":"type-product","3":"status-publish","4":"has-post-thumbnail","6":"product_cat-jalanoud","7":"pa_brand-german-military-surplus","8":"pa_condition-uuevaarne","9":"pa_size-uk10-us11-eu45-2-2","10":"pa_size-uk95-us105-eu44-2","11":"pa_size-uk9-us10-eu43-2","13":"first","14":"instock","15":"taxable","16":"shipping-taxable","17":"purchasable","18":"product-type-variable"},"yoast_head":"<!-- This site is optimized with the Yoast SEO plugin v27.2 - https:\/\/yoast.com\/product\/yoast-seo-wordpress\/ -->\n<title>Bundeswehr Holik\u00ae tulet\u00f5rjuja saapad - Outdoors<\/title>\n<meta name=\"robots\" content=\"index, follow, max-snippet:-1, max-image-preview:large, max-video-preview:-1\" \/>\n<link rel=\"canonical\" href=\"https:\/\/www.outdoors.ee\/et\/toode\/bundeswehr-holik-tuletorjuja-saapad\/\" \/>\n<meta property=\"og:locale\" content=\"et_EE\" \/>\n<meta property=\"og:type\" content=\"article\" \/>\n<meta property=\"og:title\" content=\"Bundeswehr Holik\u00ae tulet\u00f5rjuja saapad - Outdoors\" \/>\n<meta property=\"og:description\" content=\"Saksa Armee Holik\u00ae tulet\u00f5rjuja saapad, must\" \/>\n<meta property=\"og:url\" content=\"https:\/\/www.outdoors.ee\/et\/toode\/bundeswehr-holik-tuletorjuja-saapad\/\" \/>\n<meta property=\"og:site_name\" content=\"Outdoors\" \/>\n<meta property=\"article:modified_time\" content=\"2026-03-07T20:48:44+00:00\" \/>\n<meta property=\"og:image\" content=\"https:\/\/www.outdoors.ee\/wp-content\/uploads\/2026\/01\/0994-Bundeswehr-Holik\u00ae-Firefighter-Boots-1.png\" \/>\n\t<meta property=\"og:image:width\" content=\"960\" \/>\n\t<meta property=\"og:image:height\" content=\"1280\" \/>\n\t<meta property=\"og:image:type\" content=\"image\/png\" \/>\n<meta name=\"twitter:card\" content=\"summary_large_image\" \/>\n<meta name=\"twitter:label1\" content=\"Est. reading time\" \/>\n\t<meta name=\"twitter:data1\" content=\"1 minut\" \/>\n<script type=\"application\/ld+json\" class=\"yoast-schema-graph\">{\"@context\":\"https:\/\/schema.org\",\"@graph\":[{\"@type\":\"WebPage\",\"@id\":\"https:\/\/www.outdoors.ee\/et\/toode\/bundeswehr-holik-tuletorjuja-saapad\/\",\"url\":\"https:\/\/www.outdoors.ee\/et\/toode\/bundeswehr-holik-tuletorjuja-saapad\/\",\"name\":\"Bundeswehr Holik\u00ae tulet\u00f5rjuja saapad - Outdoors\",\"isPartOf\":{\"@id\":\"https:\/\/www.outdoors.ee\/#website\"},\"primaryImageOfPage\":{\"@id\":\"https:\/\/www.outdoors.ee\/et\/toode\/bundeswehr-holik-tuletorjuja-saapad\/#primaryimage\"},\"image\":{\"@id\":\"https:\/\/www.outdoors.ee\/et\/toode\/bundeswehr-holik-tuletorjuja-saapad\/#primaryimage\"},\"thumbnailUrl\":\"https:\/\/www.outdoors.ee\/wp-content\/uploads\/2026\/01\/0994-Bundeswehr-Holik\u00ae-Firefighter-Boots-1.png\",\"datePublished\":\"2026-01-23T14:32:52+00:00\",\"dateModified\":\"2026-03-07T20:48:44+00:00\",\"breadcrumb\":{\"@id\":\"https:\/\/www.outdoors.ee\/et\/toode\/bundeswehr-holik-tuletorjuja-saapad\/#breadcrumb\"},\"inLanguage\":\"et\",\"potentialAction\":[{\"@type\":\"ReadAction\",\"target\":[\"https:\/\/www.outdoors.ee\/et\/toode\/bundeswehr-holik-tuletorjuja-saapad\/\"]}]},{\"@type\":\"ImageObject\",\"inLanguage\":\"et\",\"@id\":\"https:\/\/www.outdoors.ee\/et\/toode\/bundeswehr-holik-tuletorjuja-saapad\/#primaryimage\",\"url\":\"https:\/\/www.outdoors.ee\/wp-content\/uploads\/2026\/01\/0994-Bundeswehr-Holik\u00ae-Firefighter-Boots-1.png\",\"contentUrl\":\"https:\/\/www.outdoors.ee\/wp-content\/uploads\/2026\/01\/0994-Bundeswehr-Holik\u00ae-Firefighter-Boots-1.png\",\"width\":960,\"height\":1280},{\"@type\":\"BreadcrumbList\",\"@id\":\"https:\/\/www.outdoors.ee\/et\/toode\/bundeswehr-holik-tuletorjuja-saapad\/#breadcrumb\",\"itemListElement\":[{\"@type\":\"ListItem\",\"position\":1,\"name\":\"Home\",\"item\":\"https:\/\/www.outdoors.ee\/et\/\"},{\"@type\":\"ListItem\",\"position\":2,\"name\":\"Tooted\",\"item\":\"https:\/\/www.outdoors.ee\/products\/\"},{\"@type\":\"ListItem\",\"position\":3,\"name\":\"Bundeswehr Holik\u00ae tulet\u00f5rjuja saapad\"}]},{\"@type\":\"WebSite\",\"@id\":\"https:\/\/www.outdoors.ee\/#website\",\"url\":\"https:\/\/www.outdoors.ee\/\",\"name\":\"Outdoors\",\"description\":\"Genuine military surplus and not only!\",\"potentialAction\":[{\"@type\":\"SearchAction\",\"target\":{\"@type\":\"EntryPoint\",\"urlTemplate\":\"https:\/\/www.outdoors.ee\/?s={search_term_string}\"},\"query-input\":{\"@type\":\"PropertyValueSpecification\",\"valueRequired\":true,\"valueName\":\"search_term_string\"}}],\"inLanguage\":\"et\"}]}<\/script>\n<!-- \/ Yoast SEO plugin. -->","yoast_head_json":{"title":"Bundeswehr Holik\u00ae tulet\u00f5rjuja saapad - Outdoors","robots":{"index":"index","follow":"follow","max-snippet":"max-snippet:-1","max-image-preview":"max-image-preview:large","max-video-preview":"max-video-preview:-1"},"canonical":"https:\/\/www.outdoors.ee\/et\/toode\/bundeswehr-holik-tuletorjuja-saapad\/","og_locale":"et_EE","og_type":"article","og_title":"Bundeswehr Holik\u00ae tulet\u00f5rjuja saapad - Outdoors","og_description":"Saksa Armee Holik\u00ae tulet\u00f5rjuja saapad, must","og_url":"https:\/\/www.outdoors.ee\/et\/toode\/bundeswehr-holik-tuletorjuja-saapad\/","og_site_name":"Outdoors","article_modified_time":"2026-03-07T20:48:44+00:00","og_image":[{"width":960,"height":1280,"url":"https:\/\/www.outdoors.ee\/wp-content\/uploads\/2026\/01\/0994-Bundeswehr-Holik\u00ae-Firefighter-Boots-1.png","type":"image\/png"}],"twitter_card":"summary_large_image","twitter_misc":{"Est. reading time":"1 minut"},"schema":{"@context":"https:\/\/schema.org","@graph":[{"@type":"WebPage","@id":"https:\/\/www.outdoors.ee\/et\/toode\/bundeswehr-holik-tuletorjuja-saapad\/","url":"https:\/\/www.outdoors.ee\/et\/toode\/bundeswehr-holik-tuletorjuja-saapad\/","name":"Bundeswehr Holik\u00ae tulet\u00f5rjuja saapad - Outdoors","isPartOf":{"@id":"https:\/\/www.outdoors.ee\/#website"},"primaryImageOfPage":{"@id":"https:\/\/www.outdoors.ee\/et\/toode\/bundeswehr-holik-tuletorjuja-saapad\/#primaryimage"},"image":{"@id":"https:\/\/www.outdoors.ee\/et\/toode\/bundeswehr-holik-tuletorjuja-saapad\/#primaryimage"},"thumbnailUrl":"https:\/\/www.outdoors.ee\/wp-content\/uploads\/2026\/01\/0994-Bundeswehr-Holik\u00ae-Firefighter-Boots-1.png","datePublished":"2026-01-23T14:32:52+00:00","dateModified":"2026-03-07T20:48:44+00:00","breadcrumb":{"@id":"https:\/\/www.outdoors.ee\/et\/toode\/bundeswehr-holik-tuletorjuja-saapad\/#breadcrumb"},"inLanguage":"et","potentialAction":[{"@type":"ReadAction","target":["https:\/\/www.outdoors.ee\/et\/toode\/bundeswehr-holik-tuletorjuja-saapad\/"]}]},{"@type":"ImageObject","inLanguage":"et","@id":"https:\/\/www.outdoors.ee\/et\/toode\/bundeswehr-holik-tuletorjuja-saapad\/#primaryimage","url":"https:\/\/www.outdoors.ee\/wp-content\/uploads\/2026\/01\/0994-Bundeswehr-Holik\u00ae-Firefighter-Boots-1.png","contentUrl":"https:\/\/www.outdoors.ee\/wp-content\/uploads\/2026\/01\/0994-Bundeswehr-Holik\u00ae-Firefighter-Boots-1.png","width":960,"height":1280},{"@type":"BreadcrumbList","@id":"https:\/\/www.outdoors.ee\/et\/toode\/bundeswehr-holik-tuletorjuja-saapad\/#breadcrumb","itemListElement":[{"@type":"ListItem","position":1,"name":"Home","item":"https:\/\/www.outdoors.ee\/et\/"},{"@type":"ListItem","position":2,"name":"Tooted","item":"https:\/\/www.outdoors.ee\/products\/"},{"@type":"ListItem","position":3,"name":"Bundeswehr Holik\u00ae tulet\u00f5rjuja saapad"}]},{"@type":"WebSite","@id":"https:\/\/www.outdoors.ee\/#website","url":"https:\/\/www.outdoors.ee\/","name":"Outdoors","description":"Genuine military surplus and not only!","potentialAction":[{"@type":"SearchAction","target":{"@type":"EntryPoint","urlTemplate":"https:\/\/www.outdoors.ee\/?s={search_term_string}"},"query-input":{"@type":"PropertyValueSpecification","valueRequired":true,"valueName":"search_term_string"}}],"inLanguage":"et"}]}},"_links":{"self":[{"href":"https:\/\/www.outdoors.ee\/et\/wp-json\/wp\/v2\/product\/109290","targetHints":{"allow":["GET"]}}],"collection":[{"href":"https:\/\/www.outdoors.ee\/et\/wp-json\/wp\/v2\/product"}],"about":[{"href":"https:\/\/www.outdoors.ee\/et\/wp-json\/wp\/v2\/types\/product"}],"wp:featuredmedia":[{"embeddable":true,"href":"https:\/\/www.outdoors.ee\/et\/wp-json\/wp\/v2\/media\/109294"}],"wp:attachment":[{"href":"https:\/\/www.outdoors.ee\/et\/wp-json\/wp\/v2\/media?parent=109290"}],"wp:term":[{"taxonomy":"product_brand","embeddable":true,"href":"https:\/\/www.outdoors.ee\/et\/wp-json\/wp\/v2\/product_brand?post=109290"},{"taxonomy":"product_cat","embeddable":true,"href":"https:\/\/www.outdoors.ee\/et\/wp-json\/wp\/v2\/product_cat?post=109290"},{"taxonomy":"product_tag","embeddable":true,"href":"https:\/\/www.outdoors.ee\/et\/wp-json\/wp\/v2\/product_tag?post=109290"}],"curies":[{"name":"wp","href":"https:\/\/api.w.org\/{rel}","templated":true}]}}