{"id":109238,"date":"2026-01-22T15:01:31","date_gmt":"2026-01-22T13:01:31","guid":{"rendered":"https:\/\/www.outdoors.ee\/?post_type=product&#038;p=109238"},"modified":"2026-01-22T15:02:01","modified_gmt":"2026-01-22T13:02:01","slug":"adidas-gsg-9-2-bw-taktikalised-saapad","status":"publish","type":"product","link":"https:\/\/www.outdoors.ee\/et\/toode\/adidas-gsg-9-2-bw-taktikalised-saapad\/","title":{"rendered":"Adidas\u00ae GSG-9.2 BW taktikalised saapad"},"content":{"rendered":"<p><strong>Omadused:<\/strong><\/p>\n<ul>\n<li>Saksa s\u00f5jav\u00e4e originaal Adidas\u00ae taktikaline jalan\u00f5u<\/li>\n<li>t\u00e4isnahast ClimaProof membraaniga pealne<\/li>\n<li>3 Stripes Saddle disain kulumiskindlast adiTUFF-materjalist suurep\u00e4rase jalalaba toe ning kaitse tagamiseks<\/li>\n<li>perforeeritud kaelus parema hingavuse tagamiseks<\/li>\n<li>taktikaline, libisemiskindel Traxion v\u00e4listald<\/li>\n<li>p\u00f5rutustneelav adiPRENE kannapehmendus<\/li>\n<li>kaal ca. 1450g\/paar (Suurus UK9,5\/EU44)<\/li>\n<\/ul>\n<p><strong>Seisukord:\u00a0<\/strong><\/p>\n<ul>\n<li>uus (ilma originaalkarbita, v\u00f5ivad sisaldada hulgiladustamise j\u00e4lgi)<\/li>\n<li>uuev\u00e4\u00e4rne (sisaldavad kergeid kulumisj\u00e4lgi)<\/li>\n<li>kasutatud, Grade 1 (sisaldavad m\u00f5\u00f5dukaid kulumisj\u00e4lgi, v\u00f5ivad sisaldada v\u00e4iksemaid vigastusi, sisetallad v\u00f5ivad olla eemaldatud)<\/li>\n<\/ul>\n","protected":false},"excerpt":{"rendered":"<p>Saksa Armee Adidas\u00ae GSG-9.2 taktikalised saapad, must<\/p>\n","protected":false},"featured_media":109263,"template":"","meta":[],"product_brand":[],"product_cat":[70],"product_tag":[],"class_list":{"0":"post-109238","1":"product","2":"type-product","3":"status-publish","4":"has-post-thumbnail","6":"product_cat-jalanoud","7":"pa_brand-adidas-2","8":"pa_brand-german-military-surplus","9":"pa_condition-uuevaarne","10":"pa_condition-uus","11":"pa_size-uk10-us105-eu445-2","12":"pa_size-uk115-us12-eu465-2","13":"pa_size-uk11-us115-eu46-2","14":"pa_size-uk12-us125-eu47-2-2","15":"pa_size-uk6-us65-eu395","17":"first","18":"instock","19":"taxable","20":"shipping-taxable","21":"purchasable","22":"product-type-variable"},"yoast_head":"<!-- This site is optimized with the Yoast SEO plugin v27.2 - https:\/\/yoast.com\/product\/yoast-seo-wordpress\/ -->\n<title>Adidas\u00ae GSG-9.2 BW taktikalised saapad - Outdoors<\/title>\n<meta name=\"robots\" content=\"index, follow, max-snippet:-1, max-image-preview:large, max-video-preview:-1\" \/>\n<link rel=\"canonical\" href=\"https:\/\/www.outdoors.ee\/et\/toode\/adidas-gsg-9-2-bw-taktikalised-saapad\/\" \/>\n<meta property=\"og:locale\" content=\"et_EE\" \/>\n<meta property=\"og:type\" content=\"article\" \/>\n<meta property=\"og:title\" content=\"Adidas\u00ae GSG-9.2 BW taktikalised saapad - Outdoors\" \/>\n<meta property=\"og:description\" content=\"Saksa Armee Adidas\u00ae GSG-9.2 taktikalised saapad, must\" \/>\n<meta property=\"og:url\" content=\"https:\/\/www.outdoors.ee\/et\/toode\/adidas-gsg-9-2-bw-taktikalised-saapad\/\" \/>\n<meta property=\"og:site_name\" content=\"Outdoors\" \/>\n<meta property=\"article:modified_time\" content=\"2026-01-22T13:02:01+00:00\" \/>\n<meta property=\"og:image\" content=\"https:\/\/www.outdoors.ee\/wp-content\/uploads\/2026\/01\/0990-Adidas\u00ae-GSG-9.2-BW-Tactical-Boots-1.jpg\" \/>\n\t<meta property=\"og:image:width\" content=\"1100\" \/>\n\t<meta property=\"og:image:height\" content=\"1150\" \/>\n\t<meta property=\"og:image:type\" content=\"image\/jpeg\" \/>\n<meta name=\"twitter:card\" content=\"summary_large_image\" \/>\n<meta name=\"twitter:label1\" content=\"Est. reading time\" \/>\n\t<meta name=\"twitter:data1\" content=\"1 minut\" \/>\n<script type=\"application\/ld+json\" class=\"yoast-schema-graph\">{\"@context\":\"https:\/\/schema.org\",\"@graph\":[{\"@type\":\"WebPage\",\"@id\":\"https:\/\/www.outdoors.ee\/et\/toode\/adidas-gsg-9-2-bw-taktikalised-saapad\/\",\"url\":\"https:\/\/www.outdoors.ee\/et\/toode\/adidas-gsg-9-2-bw-taktikalised-saapad\/\",\"name\":\"Adidas\u00ae GSG-9.2 BW taktikalised saapad - Outdoors\",\"isPartOf\":{\"@id\":\"https:\/\/www.outdoors.ee\/#website\"},\"primaryImageOfPage\":{\"@id\":\"https:\/\/www.outdoors.ee\/et\/toode\/adidas-gsg-9-2-bw-taktikalised-saapad\/#primaryimage\"},\"image\":{\"@id\":\"https:\/\/www.outdoors.ee\/et\/toode\/adidas-gsg-9-2-bw-taktikalised-saapad\/#primaryimage\"},\"thumbnailUrl\":\"https:\/\/www.outdoors.ee\/wp-content\/uploads\/2026\/01\/0990-Adidas\u00ae-GSG-9.2-BW-Tactical-Boots-1.jpg\",\"datePublished\":\"2026-01-22T13:01:31+00:00\",\"dateModified\":\"2026-01-22T13:02:01+00:00\",\"breadcrumb\":{\"@id\":\"https:\/\/www.outdoors.ee\/et\/toode\/adidas-gsg-9-2-bw-taktikalised-saapad\/#breadcrumb\"},\"inLanguage\":\"et\",\"potentialAction\":[{\"@type\":\"ReadAction\",\"target\":[\"https:\/\/www.outdoors.ee\/et\/toode\/adidas-gsg-9-2-bw-taktikalised-saapad\/\"]}]},{\"@type\":\"ImageObject\",\"inLanguage\":\"et\",\"@id\":\"https:\/\/www.outdoors.ee\/et\/toode\/adidas-gsg-9-2-bw-taktikalised-saapad\/#primaryimage\",\"url\":\"https:\/\/www.outdoors.ee\/wp-content\/uploads\/2026\/01\/0990-Adidas\u00ae-GSG-9.2-BW-Tactical-Boots-1.jpg\",\"contentUrl\":\"https:\/\/www.outdoors.ee\/wp-content\/uploads\/2026\/01\/0990-Adidas\u00ae-GSG-9.2-BW-Tactical-Boots-1.jpg\",\"width\":1100,\"height\":1150},{\"@type\":\"BreadcrumbList\",\"@id\":\"https:\/\/www.outdoors.ee\/et\/toode\/adidas-gsg-9-2-bw-taktikalised-saapad\/#breadcrumb\",\"itemListElement\":[{\"@type\":\"ListItem\",\"position\":1,\"name\":\"Home\",\"item\":\"https:\/\/www.outdoors.ee\/et\/\"},{\"@type\":\"ListItem\",\"position\":2,\"name\":\"Tooted\",\"item\":\"https:\/\/www.outdoors.ee\/products\/\"},{\"@type\":\"ListItem\",\"position\":3,\"name\":\"Adidas\u00ae GSG-9.2 BW taktikalised saapad\"}]},{\"@type\":\"WebSite\",\"@id\":\"https:\/\/www.outdoors.ee\/#website\",\"url\":\"https:\/\/www.outdoors.ee\/\",\"name\":\"Outdoors\",\"description\":\"Genuine military surplus and not only!\",\"potentialAction\":[{\"@type\":\"SearchAction\",\"target\":{\"@type\":\"EntryPoint\",\"urlTemplate\":\"https:\/\/www.outdoors.ee\/?s={search_term_string}\"},\"query-input\":{\"@type\":\"PropertyValueSpecification\",\"valueRequired\":true,\"valueName\":\"search_term_string\"}}],\"inLanguage\":\"et\"}]}<\/script>\n<!-- \/ Yoast SEO plugin. -->","yoast_head_json":{"title":"Adidas\u00ae GSG-9.2 BW taktikalised saapad - Outdoors","robots":{"index":"index","follow":"follow","max-snippet":"max-snippet:-1","max-image-preview":"max-image-preview:large","max-video-preview":"max-video-preview:-1"},"canonical":"https:\/\/www.outdoors.ee\/et\/toode\/adidas-gsg-9-2-bw-taktikalised-saapad\/","og_locale":"et_EE","og_type":"article","og_title":"Adidas\u00ae GSG-9.2 BW taktikalised saapad - Outdoors","og_description":"Saksa Armee Adidas\u00ae GSG-9.2 taktikalised saapad, must","og_url":"https:\/\/www.outdoors.ee\/et\/toode\/adidas-gsg-9-2-bw-taktikalised-saapad\/","og_site_name":"Outdoors","article_modified_time":"2026-01-22T13:02:01+00:00","og_image":[{"width":1100,"height":1150,"url":"https:\/\/www.outdoors.ee\/wp-content\/uploads\/2026\/01\/0990-Adidas\u00ae-GSG-9.2-BW-Tactical-Boots-1.jpg","type":"image\/jpeg"}],"twitter_card":"summary_large_image","twitter_misc":{"Est. reading time":"1 minut"},"schema":{"@context":"https:\/\/schema.org","@graph":[{"@type":"WebPage","@id":"https:\/\/www.outdoors.ee\/et\/toode\/adidas-gsg-9-2-bw-taktikalised-saapad\/","url":"https:\/\/www.outdoors.ee\/et\/toode\/adidas-gsg-9-2-bw-taktikalised-saapad\/","name":"Adidas\u00ae GSG-9.2 BW taktikalised saapad - Outdoors","isPartOf":{"@id":"https:\/\/www.outdoors.ee\/#website"},"primaryImageOfPage":{"@id":"https:\/\/www.outdoors.ee\/et\/toode\/adidas-gsg-9-2-bw-taktikalised-saapad\/#primaryimage"},"image":{"@id":"https:\/\/www.outdoors.ee\/et\/toode\/adidas-gsg-9-2-bw-taktikalised-saapad\/#primaryimage"},"thumbnailUrl":"https:\/\/www.outdoors.ee\/wp-content\/uploads\/2026\/01\/0990-Adidas\u00ae-GSG-9.2-BW-Tactical-Boots-1.jpg","datePublished":"2026-01-22T13:01:31+00:00","dateModified":"2026-01-22T13:02:01+00:00","breadcrumb":{"@id":"https:\/\/www.outdoors.ee\/et\/toode\/adidas-gsg-9-2-bw-taktikalised-saapad\/#breadcrumb"},"inLanguage":"et","potentialAction":[{"@type":"ReadAction","target":["https:\/\/www.outdoors.ee\/et\/toode\/adidas-gsg-9-2-bw-taktikalised-saapad\/"]}]},{"@type":"ImageObject","inLanguage":"et","@id":"https:\/\/www.outdoors.ee\/et\/toode\/adidas-gsg-9-2-bw-taktikalised-saapad\/#primaryimage","url":"https:\/\/www.outdoors.ee\/wp-content\/uploads\/2026\/01\/0990-Adidas\u00ae-GSG-9.2-BW-Tactical-Boots-1.jpg","contentUrl":"https:\/\/www.outdoors.ee\/wp-content\/uploads\/2026\/01\/0990-Adidas\u00ae-GSG-9.2-BW-Tactical-Boots-1.jpg","width":1100,"height":1150},{"@type":"BreadcrumbList","@id":"https:\/\/www.outdoors.ee\/et\/toode\/adidas-gsg-9-2-bw-taktikalised-saapad\/#breadcrumb","itemListElement":[{"@type":"ListItem","position":1,"name":"Home","item":"https:\/\/www.outdoors.ee\/et\/"},{"@type":"ListItem","position":2,"name":"Tooted","item":"https:\/\/www.outdoors.ee\/products\/"},{"@type":"ListItem","position":3,"name":"Adidas\u00ae GSG-9.2 BW taktikalised saapad"}]},{"@type":"WebSite","@id":"https:\/\/www.outdoors.ee\/#website","url":"https:\/\/www.outdoors.ee\/","name":"Outdoors","description":"Genuine military surplus and not only!","potentialAction":[{"@type":"SearchAction","target":{"@type":"EntryPoint","urlTemplate":"https:\/\/www.outdoors.ee\/?s={search_term_string}"},"query-input":{"@type":"PropertyValueSpecification","valueRequired":true,"valueName":"search_term_string"}}],"inLanguage":"et"}]}},"_links":{"self":[{"href":"https:\/\/www.outdoors.ee\/et\/wp-json\/wp\/v2\/product\/109238","targetHints":{"allow":["GET"]}}],"collection":[{"href":"https:\/\/www.outdoors.ee\/et\/wp-json\/wp\/v2\/product"}],"about":[{"href":"https:\/\/www.outdoors.ee\/et\/wp-json\/wp\/v2\/types\/product"}],"wp:featuredmedia":[{"embeddable":true,"href":"https:\/\/www.outdoors.ee\/et\/wp-json\/wp\/v2\/media\/109263"}],"wp:attachment":[{"href":"https:\/\/www.outdoors.ee\/et\/wp-json\/wp\/v2\/media?parent=109238"}],"wp:term":[{"taxonomy":"product_brand","embeddable":true,"href":"https:\/\/www.outdoors.ee\/et\/wp-json\/wp\/v2\/product_brand?post=109238"},{"taxonomy":"product_cat","embeddable":true,"href":"https:\/\/www.outdoors.ee\/et\/wp-json\/wp\/v2\/product_cat?post=109238"},{"taxonomy":"product_tag","embeddable":true,"href":"https:\/\/www.outdoors.ee\/et\/wp-json\/wp\/v2\/product_tag?post=109238"}],"curies":[{"name":"wp","href":"https:\/\/api.w.org\/{rel}","templated":true}]}}