{"id":108322,"date":"2025-12-11T15:07:11","date_gmt":"2025-12-11T13:07:11","guid":{"rendered":"https:\/\/www.outdoors.ee\/?post_type=product&#038;p=108322"},"modified":"2025-12-11T18:36:52","modified_gmt":"2025-12-11T16:36:52","slug":"prantsuse-ohuvae-tuletorjekomando-parka","status":"publish","type":"product","link":"https:\/\/www.outdoors.ee\/et\/toode\/prantsuse-ohuvae-tuletorjekomando-parka\/","title":{"rendered":"Prantsuse \u00d5huv\u00e4e tulet\u00f5rjekomando parka"},"content":{"rendered":"<p data-start=\"0\" data-end=\"109\">M\u00f5eldud kasutamiseks k\u00f5rge riskiga keskkondades, nagu tulet\u00f5rje, elektrit\u00f6\u00f6d, t\u00f6\u00f6stusohutus ja p\u00e4\u00e4stet\u00f6\u00f6d.<\/p>\n<p data-start=\"111\" data-end=\"124\"><strong data-start=\"111\" data-end=\"124\">Omadused:<\/strong><\/p>\n<ul>\n<li data-start=\"111\" data-end=\"124\">Prantsuse \u00f5huv\u00e4e tulet\u00f5rjekomando originaaljope<\/li>\n<li data-start=\"111\" data-end=\"124\">kiirvabastuse funktsiooniga YKK<!--StartFragment --><span class=\"cf0\">\u00ae t\u00f5mblukk-kinnis takjapaela abil suletava klapi all<\/span><!--EndFragment --><\/li>\n<li data-start=\"111\" data-end=\"124\">2 t\u00f5mblukuga rinnataskut klapi all<\/li>\n<li data-start=\"111\" data-end=\"124\">Standard: NF EN 469:2006 \u2013 Tulekahjuvastane kaitseriietus; EN 340:2003 \u2013 \u00dcldised kaitseriietuse n\u00f5uded<\/li>\n<li data-start=\"111\" data-end=\"124\">Performance class: Xf2 Xr2 Y2 Z2<\/li>\n<li data-start=\"111\" data-end=\"124\">CE-sertifikaat (0334)<\/li>\n<li data-start=\"111\" data-end=\"124\">Gore-Tex\u00ae membraan<\/li>\n<li>kaal ca 2150g (suurus 104L)<\/li>\n<\/ul>\n<p data-start=\"367\" data-end=\"436\"><strong data-start=\"367\" data-end=\"392\">Materjalid ja koostis<\/strong> (v\u00f5ib tootjast s\u00f5ltuvalt veidi erineda):<\/p>\n<ul>\n<li data-start=\"367\" data-end=\"436\">pealiskangas: 100% aramiid v\u00f5i 75% Kermel, 23% para-aramiidkiud, 2% antistaatilised kiud (k\u00f5rge kuuma- ja leegikindlus)<\/li>\n<li data-start=\"367\" data-end=\"436\">Airlock-laminaat: 50% melamiinvaik, 50% aramiid<\/li>\n<li data-start=\"367\" data-end=\"436\">vahekiht: 100% silikoon v\u00f5i 100% aramiid<\/li>\n<li data-start=\"367\" data-end=\"436\">membraan: ePTFE (Gore-Tex)<\/li>\n<li data-start=\"367\" data-end=\"436\">vooder: 50% aramiid, 50% viskoos v\u00f5i 100% aramiid<\/li>\n<\/ul>\n<div class=\"text-base my-auto mx-auto pb-10 [--thread-content-margin:--spacing(4)] @w-sm\/main:[--thread-content-margin:--spacing(6)] @w-lg\/main:[--thread-content-margin:--spacing(16)] px-(--thread-content-margin)\">\n<div class=\"[--thread-content-max-width:40rem] @w-lg\/main:[--thread-content-max-width:48rem] mx-auto max-w-(--thread-content-max-width) flex-1 group\/turn-messages focus-visible:outline-hidden relative flex w-full min-w-0 flex-col agent-turn\" tabindex=\"-1\">\n<div class=\"flex max-w-full flex-col grow\">\n<div class=\"min-h-8 text-message relative flex w-full flex-col items-end gap-2 text-start break-words whitespace-normal [.text-message+&amp;]:mt-1\" dir=\"auto\" data-message-author-role=\"assistant\" data-message-id=\"f6a3b591-c384-470c-bcb2-0f476d84a51d\" data-message-model-slug=\"gpt-5-1\">\n<div class=\"flex w-full flex-col gap-1 empty:hidden first:pt-[1px]\">\n<div class=\"markdown prose dark:prose-invert w-full break-words light markdown-new-styling\">\n<p data-start=\"0\" data-end=\"101\" data-is-last-node=\"\" data-is-only-node=\"\">NB! Jope disain ja koostis v\u00f5ivad tootjast s\u00f5ltuvalt veidi erineda, kuid k\u00f5ik mudelid vastavad siiski samadele n\u00f5uetele.<\/p>\n<\/div>\n<\/div>\n<\/div>\n<\/div>\n<\/div>\n<\/div>\n<p><strong>Seisukord:<\/strong><\/p>\n<ul>\n<li>uus (v\u00f5ib sisaldada hulgiladustamise j\u00e4lgi)<\/li>\n<li>uuev\u00e4\u00e4rne (sisaldab kergeid kulumisj\u00e4lgi)<\/li>\n<\/ul>\n","protected":false},"excerpt":{"rendered":"<p>M\u00f5eldud kasutamiseks k\u00f5rge riskiga keskkondades, nagu tulet\u00f5rje, elektrit\u00f6\u00f6d, t\u00f6\u00f6stusohutus ja p\u00e4\u00e4stet\u00f6\u00f6d. Omadused: Prantsuse \u00f5huv\u00e4e tulet\u00f5rjekomando originaaljope kiirvabastuse funktsiooniga YKK\u00ae t\u00f5mblukk-kinnis<\/p>\n","protected":false},"featured_media":108327,"template":"","meta":[],"product_brand":[],"product_cat":[101],"product_tag":[],"class_list":{"0":"post-108322","1":"product","2":"type-product","3":"status-publish","4":"has-post-thumbnail","6":"product_cat-joped-parkad","7":"pa_brand-french-military-surplus","8":"pa_condition-uus","9":"pa_size-large-long-104l-2","10":"pa_size-large-regular-104m","11":"pa_size-large-xlong-104xl","12":"pa_size-medium-regular-96m","13":"pa_size-small-long-88l","14":"pa_size-small-short-88c","15":"pa_size-xlarge-regular-112m","16":"pa_size-xxlarge-long-120l-2","18":"first","19":"instock","20":"taxable","21":"shipping-taxable","22":"purchasable","23":"product-type-variable"},"yoast_head":"<!-- This site is optimized with the Yoast SEO plugin v27.2 - https:\/\/yoast.com\/product\/yoast-seo-wordpress\/ -->\n<title>Prantsuse \u00d5huv\u00e4e tulet\u00f5rjekomando parka - Outdoors<\/title>\n<meta name=\"robots\" content=\"index, follow, max-snippet:-1, max-image-preview:large, max-video-preview:-1\" \/>\n<link rel=\"canonical\" href=\"https:\/\/www.outdoors.ee\/et\/toode\/prantsuse-ohuvae-tuletorjekomando-parka\/\" \/>\n<meta property=\"og:locale\" content=\"et_EE\" \/>\n<meta property=\"og:type\" content=\"article\" \/>\n<meta property=\"og:title\" content=\"Prantsuse \u00d5huv\u00e4e tulet\u00f5rjekomando parka - Outdoors\" \/>\n<meta property=\"og:description\" content=\"M\u00f5eldud kasutamiseks k\u00f5rge riskiga keskkondades, nagu tulet\u00f5rje, elektrit\u00f6\u00f6d, t\u00f6\u00f6stusohutus ja p\u00e4\u00e4stet\u00f6\u00f6d. Omadused: Prantsuse \u00f5huv\u00e4e tulet\u00f5rjekomando originaaljope kiirvabastuse funktsiooniga YKK\u00ae t\u00f5mblukk-kinnis\" \/>\n<meta property=\"og:url\" content=\"https:\/\/www.outdoors.ee\/et\/toode\/prantsuse-ohuvae-tuletorjekomando-parka\/\" \/>\n<meta property=\"og:site_name\" content=\"Outdoors\" \/>\n<meta property=\"article:modified_time\" content=\"2025-12-11T16:36:52+00:00\" \/>\n<meta property=\"og:image\" content=\"https:\/\/www.outdoors.ee\/wp-content\/uploads\/2025\/12\/0398-French-Air-Force-Fire-Fighter-Jacket-1.png\" \/>\n\t<meta property=\"og:image:width\" content=\"960\" \/>\n\t<meta property=\"og:image:height\" content=\"1280\" \/>\n\t<meta property=\"og:image:type\" content=\"image\/png\" \/>\n<meta name=\"twitter:card\" content=\"summary_large_image\" \/>\n<meta name=\"twitter:label1\" content=\"Est. reading time\" \/>\n\t<meta name=\"twitter:data1\" content=\"1 minut\" \/>\n<script type=\"application\/ld+json\" class=\"yoast-schema-graph\">{\"@context\":\"https:\/\/schema.org\",\"@graph\":[{\"@type\":\"WebPage\",\"@id\":\"https:\/\/www.outdoors.ee\/et\/toode\/prantsuse-ohuvae-tuletorjekomando-parka\/\",\"url\":\"https:\/\/www.outdoors.ee\/et\/toode\/prantsuse-ohuvae-tuletorjekomando-parka\/\",\"name\":\"Prantsuse \u00d5huv\u00e4e tulet\u00f5rjekomando parka - Outdoors\",\"isPartOf\":{\"@id\":\"https:\/\/www.outdoors.ee\/#website\"},\"primaryImageOfPage\":{\"@id\":\"https:\/\/www.outdoors.ee\/et\/toode\/prantsuse-ohuvae-tuletorjekomando-parka\/#primaryimage\"},\"image\":{\"@id\":\"https:\/\/www.outdoors.ee\/et\/toode\/prantsuse-ohuvae-tuletorjekomando-parka\/#primaryimage\"},\"thumbnailUrl\":\"https:\/\/www.outdoors.ee\/wp-content\/uploads\/2025\/12\/0398-French-Air-Force-Fire-Fighter-Jacket-1.png\",\"datePublished\":\"2025-12-11T13:07:11+00:00\",\"dateModified\":\"2025-12-11T16:36:52+00:00\",\"breadcrumb\":{\"@id\":\"https:\/\/www.outdoors.ee\/et\/toode\/prantsuse-ohuvae-tuletorjekomando-parka\/#breadcrumb\"},\"inLanguage\":\"et\",\"potentialAction\":[{\"@type\":\"ReadAction\",\"target\":[\"https:\/\/www.outdoors.ee\/et\/toode\/prantsuse-ohuvae-tuletorjekomando-parka\/\"]}]},{\"@type\":\"ImageObject\",\"inLanguage\":\"et\",\"@id\":\"https:\/\/www.outdoors.ee\/et\/toode\/prantsuse-ohuvae-tuletorjekomando-parka\/#primaryimage\",\"url\":\"https:\/\/www.outdoors.ee\/wp-content\/uploads\/2025\/12\/0398-French-Air-Force-Fire-Fighter-Jacket-1.png\",\"contentUrl\":\"https:\/\/www.outdoors.ee\/wp-content\/uploads\/2025\/12\/0398-French-Air-Force-Fire-Fighter-Jacket-1.png\",\"width\":960,\"height\":1280},{\"@type\":\"BreadcrumbList\",\"@id\":\"https:\/\/www.outdoors.ee\/et\/toode\/prantsuse-ohuvae-tuletorjekomando-parka\/#breadcrumb\",\"itemListElement\":[{\"@type\":\"ListItem\",\"position\":1,\"name\":\"Home\",\"item\":\"https:\/\/www.outdoors.ee\/et\/\"},{\"@type\":\"ListItem\",\"position\":2,\"name\":\"Tooted\",\"item\":\"https:\/\/www.outdoors.ee\/products\/\"},{\"@type\":\"ListItem\",\"position\":3,\"name\":\"Prantsuse \u00d5huv\u00e4e tulet\u00f5rjekomando parka\"}]},{\"@type\":\"WebSite\",\"@id\":\"https:\/\/www.outdoors.ee\/#website\",\"url\":\"https:\/\/www.outdoors.ee\/\",\"name\":\"Outdoors\",\"description\":\"Genuine military surplus and not only!\",\"potentialAction\":[{\"@type\":\"SearchAction\",\"target\":{\"@type\":\"EntryPoint\",\"urlTemplate\":\"https:\/\/www.outdoors.ee\/?s={search_term_string}\"},\"query-input\":{\"@type\":\"PropertyValueSpecification\",\"valueRequired\":true,\"valueName\":\"search_term_string\"}}],\"inLanguage\":\"et\"}]}<\/script>\n<!-- \/ Yoast SEO plugin. -->","yoast_head_json":{"title":"Prantsuse \u00d5huv\u00e4e tulet\u00f5rjekomando parka - Outdoors","robots":{"index":"index","follow":"follow","max-snippet":"max-snippet:-1","max-image-preview":"max-image-preview:large","max-video-preview":"max-video-preview:-1"},"canonical":"https:\/\/www.outdoors.ee\/et\/toode\/prantsuse-ohuvae-tuletorjekomando-parka\/","og_locale":"et_EE","og_type":"article","og_title":"Prantsuse \u00d5huv\u00e4e tulet\u00f5rjekomando parka - Outdoors","og_description":"M\u00f5eldud kasutamiseks k\u00f5rge riskiga keskkondades, nagu tulet\u00f5rje, elektrit\u00f6\u00f6d, t\u00f6\u00f6stusohutus ja p\u00e4\u00e4stet\u00f6\u00f6d. Omadused: Prantsuse \u00f5huv\u00e4e tulet\u00f5rjekomando originaaljope kiirvabastuse funktsiooniga YKK\u00ae t\u00f5mblukk-kinnis","og_url":"https:\/\/www.outdoors.ee\/et\/toode\/prantsuse-ohuvae-tuletorjekomando-parka\/","og_site_name":"Outdoors","article_modified_time":"2025-12-11T16:36:52+00:00","og_image":[{"width":960,"height":1280,"url":"https:\/\/www.outdoors.ee\/wp-content\/uploads\/2025\/12\/0398-French-Air-Force-Fire-Fighter-Jacket-1.png","type":"image\/png"}],"twitter_card":"summary_large_image","twitter_misc":{"Est. reading time":"1 minut"},"schema":{"@context":"https:\/\/schema.org","@graph":[{"@type":"WebPage","@id":"https:\/\/www.outdoors.ee\/et\/toode\/prantsuse-ohuvae-tuletorjekomando-parka\/","url":"https:\/\/www.outdoors.ee\/et\/toode\/prantsuse-ohuvae-tuletorjekomando-parka\/","name":"Prantsuse \u00d5huv\u00e4e tulet\u00f5rjekomando parka - Outdoors","isPartOf":{"@id":"https:\/\/www.outdoors.ee\/#website"},"primaryImageOfPage":{"@id":"https:\/\/www.outdoors.ee\/et\/toode\/prantsuse-ohuvae-tuletorjekomando-parka\/#primaryimage"},"image":{"@id":"https:\/\/www.outdoors.ee\/et\/toode\/prantsuse-ohuvae-tuletorjekomando-parka\/#primaryimage"},"thumbnailUrl":"https:\/\/www.outdoors.ee\/wp-content\/uploads\/2025\/12\/0398-French-Air-Force-Fire-Fighter-Jacket-1.png","datePublished":"2025-12-11T13:07:11+00:00","dateModified":"2025-12-11T16:36:52+00:00","breadcrumb":{"@id":"https:\/\/www.outdoors.ee\/et\/toode\/prantsuse-ohuvae-tuletorjekomando-parka\/#breadcrumb"},"inLanguage":"et","potentialAction":[{"@type":"ReadAction","target":["https:\/\/www.outdoors.ee\/et\/toode\/prantsuse-ohuvae-tuletorjekomando-parka\/"]}]},{"@type":"ImageObject","inLanguage":"et","@id":"https:\/\/www.outdoors.ee\/et\/toode\/prantsuse-ohuvae-tuletorjekomando-parka\/#primaryimage","url":"https:\/\/www.outdoors.ee\/wp-content\/uploads\/2025\/12\/0398-French-Air-Force-Fire-Fighter-Jacket-1.png","contentUrl":"https:\/\/www.outdoors.ee\/wp-content\/uploads\/2025\/12\/0398-French-Air-Force-Fire-Fighter-Jacket-1.png","width":960,"height":1280},{"@type":"BreadcrumbList","@id":"https:\/\/www.outdoors.ee\/et\/toode\/prantsuse-ohuvae-tuletorjekomando-parka\/#breadcrumb","itemListElement":[{"@type":"ListItem","position":1,"name":"Home","item":"https:\/\/www.outdoors.ee\/et\/"},{"@type":"ListItem","position":2,"name":"Tooted","item":"https:\/\/www.outdoors.ee\/products\/"},{"@type":"ListItem","position":3,"name":"Prantsuse \u00d5huv\u00e4e tulet\u00f5rjekomando parka"}]},{"@type":"WebSite","@id":"https:\/\/www.outdoors.ee\/#website","url":"https:\/\/www.outdoors.ee\/","name":"Outdoors","description":"Genuine military surplus and not only!","potentialAction":[{"@type":"SearchAction","target":{"@type":"EntryPoint","urlTemplate":"https:\/\/www.outdoors.ee\/?s={search_term_string}"},"query-input":{"@type":"PropertyValueSpecification","valueRequired":true,"valueName":"search_term_string"}}],"inLanguage":"et"}]}},"_links":{"self":[{"href":"https:\/\/www.outdoors.ee\/et\/wp-json\/wp\/v2\/product\/108322","targetHints":{"allow":["GET"]}}],"collection":[{"href":"https:\/\/www.outdoors.ee\/et\/wp-json\/wp\/v2\/product"}],"about":[{"href":"https:\/\/www.outdoors.ee\/et\/wp-json\/wp\/v2\/types\/product"}],"wp:featuredmedia":[{"embeddable":true,"href":"https:\/\/www.outdoors.ee\/et\/wp-json\/wp\/v2\/media\/108327"}],"wp:attachment":[{"href":"https:\/\/www.outdoors.ee\/et\/wp-json\/wp\/v2\/media?parent=108322"}],"wp:term":[{"taxonomy":"product_brand","embeddable":true,"href":"https:\/\/www.outdoors.ee\/et\/wp-json\/wp\/v2\/product_brand?post=108322"},{"taxonomy":"product_cat","embeddable":true,"href":"https:\/\/www.outdoors.ee\/et\/wp-json\/wp\/v2\/product_cat?post=108322"},{"taxonomy":"product_tag","embeddable":true,"href":"https:\/\/www.outdoors.ee\/et\/wp-json\/wp\/v2\/product_tag?post=108322"}],"curies":[{"name":"wp","href":"https:\/\/api.w.org\/{rel}","templated":true}]}}