{"id":107645,"date":"2025-11-07T14:58:37","date_gmt":"2025-11-07T12:58:37","guid":{"rendered":"https:\/\/www.outdoors.ee\/?post_type=product&#038;p=107645"},"modified":"2025-11-07T14:58:46","modified_gmt":"2025-11-07T12:58:46","slug":"a-blochl-putukavork-2-inimese-voodile","status":"publish","type":"product","link":"https:\/\/www.outdoors.ee\/et\/toode\/a-blochl-putukavork-2-inimese-voodile\/","title":{"rendered":"A.Bl\u00f6chl\u00ae putukav\u00f5rk 2-inimese voodile"},"content":{"rendered":"<p>Kaheinimese voodi suurusele sobiv s\u00e4\u00e4sev\u00f5rk, millel on laest riputatav kinnitus, mis tagab t\u00f5husa kaitse s\u00e4\u00e4skede ja teiste putukate eest. Katusekujuline disain tagab avara ja mugava sisemuse. Mugavalt hoiukotti pakituna on seda lihtne transportida ja hoiustada.<\/p>\n<p>V\u00e4rv: Oliivroheline<\/p>\n<p>Materjal: 100% pol\u00fcamiid<\/p>\n<p><strong>Seisukord:<\/strong> uus<\/p>\n<p>&nbsp;<\/p>\n","protected":false},"excerpt":{"rendered":"<p>Kaheinimese voodi suurusele sobiv s\u00e4\u00e4sev\u00f5rk, millel on laest riputatav kinnitus, mis tagab t\u00f5husa kaitse s\u00e4\u00e4skede ja teiste putukate eest. Katusekujuline<\/p>\n","protected":false},"featured_media":107644,"template":"","meta":[],"product_brand":[],"product_cat":[150],"product_tag":[],"class_list":{"0":"post-107645","1":"product","2":"type-product","3":"status-publish","4":"has-post-thumbnail","6":"product_cat-magamisvarustus","8":"first","9":"instock","10":"taxable","11":"shipping-taxable","12":"purchasable","13":"product-type-simple"},"yoast_head":"<!-- This site is optimized with the Yoast SEO plugin v27.2 - https:\/\/yoast.com\/product\/yoast-seo-wordpress\/ -->\n<title>A.Bl\u00f6chl\u00ae putukav\u00f5rk 2-inimese voodile - Outdoors<\/title>\n<meta name=\"robots\" content=\"index, follow, max-snippet:-1, max-image-preview:large, max-video-preview:-1\" \/>\n<link rel=\"canonical\" href=\"https:\/\/www.outdoors.ee\/et\/toode\/a-blochl-putukavork-2-inimese-voodile\/\" \/>\n<meta property=\"og:locale\" content=\"et_EE\" \/>\n<meta property=\"og:type\" content=\"article\" \/>\n<meta property=\"og:title\" content=\"A.Bl\u00f6chl\u00ae putukav\u00f5rk 2-inimese voodile - Outdoors\" \/>\n<meta property=\"og:description\" content=\"Kaheinimese voodi suurusele sobiv s\u00e4\u00e4sev\u00f5rk, millel on laest riputatav kinnitus, mis tagab t\u00f5husa kaitse s\u00e4\u00e4skede ja teiste putukate eest. Katusekujuline\" \/>\n<meta property=\"og:url\" content=\"https:\/\/www.outdoors.ee\/et\/toode\/a-blochl-putukavork-2-inimese-voodile\/\" \/>\n<meta property=\"og:site_name\" content=\"Outdoors\" \/>\n<meta property=\"article:modified_time\" content=\"2025-11-07T12:58:46+00:00\" \/>\n<meta property=\"og:image\" content=\"https:\/\/www.outdoors.ee\/wp-content\/uploads\/2025\/11\/A.Blochl\u00ae-Double-Bed-Mosquito-Net.jpg\" \/>\n\t<meta property=\"og:image:width\" content=\"873\" \/>\n\t<meta property=\"og:image:height\" content=\"1024\" \/>\n\t<meta property=\"og:image:type\" content=\"image\/jpeg\" \/>\n<meta name=\"twitter:card\" content=\"summary_large_image\" \/>\n<meta name=\"twitter:label1\" content=\"Est. reading time\" \/>\n\t<meta name=\"twitter:data1\" content=\"1 minut\" \/>\n<script type=\"application\/ld+json\" class=\"yoast-schema-graph\">{\"@context\":\"https:\/\/schema.org\",\"@graph\":[{\"@type\":\"WebPage\",\"@id\":\"https:\/\/www.outdoors.ee\/et\/toode\/a-blochl-putukavork-2-inimese-voodile\/\",\"url\":\"https:\/\/www.outdoors.ee\/et\/toode\/a-blochl-putukavork-2-inimese-voodile\/\",\"name\":\"A.Bl\u00f6chl\u00ae putukav\u00f5rk 2-inimese voodile - Outdoors\",\"isPartOf\":{\"@id\":\"https:\/\/www.outdoors.ee\/#website\"},\"primaryImageOfPage\":{\"@id\":\"https:\/\/www.outdoors.ee\/et\/toode\/a-blochl-putukavork-2-inimese-voodile\/#primaryimage\"},\"image\":{\"@id\":\"https:\/\/www.outdoors.ee\/et\/toode\/a-blochl-putukavork-2-inimese-voodile\/#primaryimage\"},\"thumbnailUrl\":\"https:\/\/www.outdoors.ee\/wp-content\/uploads\/2025\/11\/A.Blochl\u00ae-Double-Bed-Mosquito-Net.jpg\",\"datePublished\":\"2025-11-07T12:58:37+00:00\",\"dateModified\":\"2025-11-07T12:58:46+00:00\",\"breadcrumb\":{\"@id\":\"https:\/\/www.outdoors.ee\/et\/toode\/a-blochl-putukavork-2-inimese-voodile\/#breadcrumb\"},\"inLanguage\":\"et\",\"potentialAction\":[{\"@type\":\"ReadAction\",\"target\":[\"https:\/\/www.outdoors.ee\/et\/toode\/a-blochl-putukavork-2-inimese-voodile\/\"]}]},{\"@type\":\"ImageObject\",\"inLanguage\":\"et\",\"@id\":\"https:\/\/www.outdoors.ee\/et\/toode\/a-blochl-putukavork-2-inimese-voodile\/#primaryimage\",\"url\":\"https:\/\/www.outdoors.ee\/wp-content\/uploads\/2025\/11\/A.Blochl\u00ae-Double-Bed-Mosquito-Net.jpg\",\"contentUrl\":\"https:\/\/www.outdoors.ee\/wp-content\/uploads\/2025\/11\/A.Blochl\u00ae-Double-Bed-Mosquito-Net.jpg\",\"width\":873,\"height\":1024},{\"@type\":\"BreadcrumbList\",\"@id\":\"https:\/\/www.outdoors.ee\/et\/toode\/a-blochl-putukavork-2-inimese-voodile\/#breadcrumb\",\"itemListElement\":[{\"@type\":\"ListItem\",\"position\":1,\"name\":\"Home\",\"item\":\"https:\/\/www.outdoors.ee\/et\/\"},{\"@type\":\"ListItem\",\"position\":2,\"name\":\"Tooted\",\"item\":\"https:\/\/www.outdoors.ee\/products\/\"},{\"@type\":\"ListItem\",\"position\":3,\"name\":\"A.Bl\u00f6chl\u00ae putukav\u00f5rk 2-inimese voodile\"}]},{\"@type\":\"WebSite\",\"@id\":\"https:\/\/www.outdoors.ee\/#website\",\"url\":\"https:\/\/www.outdoors.ee\/\",\"name\":\"Outdoors\",\"description\":\"Genuine military surplus and not only!\",\"potentialAction\":[{\"@type\":\"SearchAction\",\"target\":{\"@type\":\"EntryPoint\",\"urlTemplate\":\"https:\/\/www.outdoors.ee\/?s={search_term_string}\"},\"query-input\":{\"@type\":\"PropertyValueSpecification\",\"valueRequired\":true,\"valueName\":\"search_term_string\"}}],\"inLanguage\":\"et\"}]}<\/script>\n<!-- \/ Yoast SEO plugin. -->","yoast_head_json":{"title":"A.Bl\u00f6chl\u00ae putukav\u00f5rk 2-inimese voodile - Outdoors","robots":{"index":"index","follow":"follow","max-snippet":"max-snippet:-1","max-image-preview":"max-image-preview:large","max-video-preview":"max-video-preview:-1"},"canonical":"https:\/\/www.outdoors.ee\/et\/toode\/a-blochl-putukavork-2-inimese-voodile\/","og_locale":"et_EE","og_type":"article","og_title":"A.Bl\u00f6chl\u00ae putukav\u00f5rk 2-inimese voodile - Outdoors","og_description":"Kaheinimese voodi suurusele sobiv s\u00e4\u00e4sev\u00f5rk, millel on laest riputatav kinnitus, mis tagab t\u00f5husa kaitse s\u00e4\u00e4skede ja teiste putukate eest. Katusekujuline","og_url":"https:\/\/www.outdoors.ee\/et\/toode\/a-blochl-putukavork-2-inimese-voodile\/","og_site_name":"Outdoors","article_modified_time":"2025-11-07T12:58:46+00:00","og_image":[{"width":873,"height":1024,"url":"https:\/\/www.outdoors.ee\/wp-content\/uploads\/2025\/11\/A.Blochl\u00ae-Double-Bed-Mosquito-Net.jpg","type":"image\/jpeg"}],"twitter_card":"summary_large_image","twitter_misc":{"Est. reading time":"1 minut"},"schema":{"@context":"https:\/\/schema.org","@graph":[{"@type":"WebPage","@id":"https:\/\/www.outdoors.ee\/et\/toode\/a-blochl-putukavork-2-inimese-voodile\/","url":"https:\/\/www.outdoors.ee\/et\/toode\/a-blochl-putukavork-2-inimese-voodile\/","name":"A.Bl\u00f6chl\u00ae putukav\u00f5rk 2-inimese voodile - Outdoors","isPartOf":{"@id":"https:\/\/www.outdoors.ee\/#website"},"primaryImageOfPage":{"@id":"https:\/\/www.outdoors.ee\/et\/toode\/a-blochl-putukavork-2-inimese-voodile\/#primaryimage"},"image":{"@id":"https:\/\/www.outdoors.ee\/et\/toode\/a-blochl-putukavork-2-inimese-voodile\/#primaryimage"},"thumbnailUrl":"https:\/\/www.outdoors.ee\/wp-content\/uploads\/2025\/11\/A.Blochl\u00ae-Double-Bed-Mosquito-Net.jpg","datePublished":"2025-11-07T12:58:37+00:00","dateModified":"2025-11-07T12:58:46+00:00","breadcrumb":{"@id":"https:\/\/www.outdoors.ee\/et\/toode\/a-blochl-putukavork-2-inimese-voodile\/#breadcrumb"},"inLanguage":"et","potentialAction":[{"@type":"ReadAction","target":["https:\/\/www.outdoors.ee\/et\/toode\/a-blochl-putukavork-2-inimese-voodile\/"]}]},{"@type":"ImageObject","inLanguage":"et","@id":"https:\/\/www.outdoors.ee\/et\/toode\/a-blochl-putukavork-2-inimese-voodile\/#primaryimage","url":"https:\/\/www.outdoors.ee\/wp-content\/uploads\/2025\/11\/A.Blochl\u00ae-Double-Bed-Mosquito-Net.jpg","contentUrl":"https:\/\/www.outdoors.ee\/wp-content\/uploads\/2025\/11\/A.Blochl\u00ae-Double-Bed-Mosquito-Net.jpg","width":873,"height":1024},{"@type":"BreadcrumbList","@id":"https:\/\/www.outdoors.ee\/et\/toode\/a-blochl-putukavork-2-inimese-voodile\/#breadcrumb","itemListElement":[{"@type":"ListItem","position":1,"name":"Home","item":"https:\/\/www.outdoors.ee\/et\/"},{"@type":"ListItem","position":2,"name":"Tooted","item":"https:\/\/www.outdoors.ee\/products\/"},{"@type":"ListItem","position":3,"name":"A.Bl\u00f6chl\u00ae putukav\u00f5rk 2-inimese voodile"}]},{"@type":"WebSite","@id":"https:\/\/www.outdoors.ee\/#website","url":"https:\/\/www.outdoors.ee\/","name":"Outdoors","description":"Genuine military surplus and not only!","potentialAction":[{"@type":"SearchAction","target":{"@type":"EntryPoint","urlTemplate":"https:\/\/www.outdoors.ee\/?s={search_term_string}"},"query-input":{"@type":"PropertyValueSpecification","valueRequired":true,"valueName":"search_term_string"}}],"inLanguage":"et"}]}},"_links":{"self":[{"href":"https:\/\/www.outdoors.ee\/et\/wp-json\/wp\/v2\/product\/107645","targetHints":{"allow":["GET"]}}],"collection":[{"href":"https:\/\/www.outdoors.ee\/et\/wp-json\/wp\/v2\/product"}],"about":[{"href":"https:\/\/www.outdoors.ee\/et\/wp-json\/wp\/v2\/types\/product"}],"wp:featuredmedia":[{"embeddable":true,"href":"https:\/\/www.outdoors.ee\/et\/wp-json\/wp\/v2\/media\/107644"}],"wp:attachment":[{"href":"https:\/\/www.outdoors.ee\/et\/wp-json\/wp\/v2\/media?parent=107645"}],"wp:term":[{"taxonomy":"product_brand","embeddable":true,"href":"https:\/\/www.outdoors.ee\/et\/wp-json\/wp\/v2\/product_brand?post=107645"},{"taxonomy":"product_cat","embeddable":true,"href":"https:\/\/www.outdoors.ee\/et\/wp-json\/wp\/v2\/product_cat?post=107645"},{"taxonomy":"product_tag","embeddable":true,"href":"https:\/\/www.outdoors.ee\/et\/wp-json\/wp\/v2\/product_tag?post=107645"}],"curies":[{"name":"wp","href":"https:\/\/api.w.org\/{rel}","templated":true}]}}