{"id":107641,"date":"2025-11-07T14:40:44","date_gmt":"2025-11-07T12:40:44","guid":{"rendered":"https:\/\/www.outdoors.ee\/?post_type=product&#038;p=107641"},"modified":"2025-11-11T07:38:09","modified_gmt":"2025-11-11T05:38:09","slug":"a-blochl-saksa-armee-kokkupandav-sapoorilabidas","status":"publish","type":"product","link":"https:\/\/www.outdoors.ee\/et\/toode\/a-blochl-saksa-armee-kokkupandav-sapoorilabidas\/","title":{"rendered":"A.Bl\u00f6chl\u00ae Saksa Armee kokkupandav sap\u00f6\u00f6rilabidas"},"content":{"rendered":"<p data-start=\"0\" data-end=\"164\">Kokkupandav labidas vastupidava terasest k\u00e4epideme ja labidateraga, mida saab kasutada ka k\u00f5plana. Labidatera \u00fcks k\u00fclg on sakiline, mis v\u00f5imaldavad saagimist. Lihtsasti lahtiv\u00f5etav vedruga p\u00f6\u00f6rdluku abil. Kolmeosaline komplekt sisaldab plastikust vutlari, mida on v\u00f5imalik kinnitada nt v\u00f6\u00f6rihma k\u00fclge.<\/p>\n<p data-start=\"0\" data-end=\"152\"><strong>Omadused:<\/strong><\/p>\n<ul>\n<li data-start=\"0\" data-end=\"152\">kogupikkus 58 cm<\/li>\n<li data-start=\"0\" data-end=\"152\">labidatera m\u00f5\u00f5tmed ca. 21,5 x 15cm<\/li>\n<li data-start=\"0\" data-end=\"152\">m\u00f5\u00f5tmed pakituna. 24 x 15 x 7 cm<\/li>\n<li data-start=\"0\" data-end=\"152\">kaal 1270g<\/li>\n<li data-start=\"0\" data-end=\"152\">materjal: teras, alumiinium, EVA plastik<\/li>\n<\/ul>\n<p><strong>Seisukord: uus<\/strong><\/p>\n","protected":false},"excerpt":{"rendered":"<p>Kokkupandav labidas vastupidava terasest k\u00e4epideme ja labidateraga, mida saab kasutada ka k\u00f5plana. Labidatera \u00fcks k\u00fclg on sakiline, mis v\u00f5imaldavad saagimist.<\/p>\n","protected":false},"featured_media":107640,"template":"","meta":[],"product_brand":[],"product_cat":[149],"product_tag":[],"class_list":{"0":"post-107641","1":"product","2":"type-product","3":"status-publish","4":"has-post-thumbnail","6":"product_cat-taktikaline-varustus","7":"pa_brand-a-blochl","9":"first","10":"instock","11":"taxable","12":"shipping-taxable","13":"purchasable","14":"product-type-simple"},"yoast_head":"<!-- This site is optimized with the Yoast SEO plugin v27.2 - https:\/\/yoast.com\/product\/yoast-seo-wordpress\/ -->\n<title>A.Bl\u00f6chl\u00ae Saksa Armee kokkupandav sap\u00f6\u00f6rilabidas - Outdoors<\/title>\n<meta name=\"robots\" content=\"index, follow, max-snippet:-1, max-image-preview:large, max-video-preview:-1\" \/>\n<link rel=\"canonical\" href=\"https:\/\/www.outdoors.ee\/et\/toode\/a-blochl-saksa-armee-kokkupandav-sapoorilabidas\/\" \/>\n<meta property=\"og:locale\" content=\"et_EE\" \/>\n<meta property=\"og:type\" content=\"article\" \/>\n<meta property=\"og:title\" content=\"A.Bl\u00f6chl\u00ae Saksa Armee kokkupandav sap\u00f6\u00f6rilabidas - Outdoors\" \/>\n<meta property=\"og:description\" content=\"Kokkupandav labidas vastupidava terasest k\u00e4epideme ja labidateraga, mida saab kasutada ka k\u00f5plana. Labidatera \u00fcks k\u00fclg on sakiline, mis v\u00f5imaldavad saagimist.\" \/>\n<meta property=\"og:url\" content=\"https:\/\/www.outdoors.ee\/et\/toode\/a-blochl-saksa-armee-kokkupandav-sapoorilabidas\/\" \/>\n<meta property=\"og:site_name\" content=\"Outdoors\" \/>\n<meta property=\"article:modified_time\" content=\"2025-11-11T05:38:09+00:00\" \/>\n<meta property=\"og:image\" content=\"https:\/\/www.outdoors.ee\/wp-content\/uploads\/2025\/11\/A.Blochl\u00ae-German-Army-Double-Folding-Shovel-2.jpg\" \/>\n\t<meta property=\"og:image:width\" content=\"1200\" \/>\n\t<meta property=\"og:image:height\" content=\"1115\" \/>\n\t<meta property=\"og:image:type\" content=\"image\/jpeg\" \/>\n<meta name=\"twitter:card\" content=\"summary_large_image\" \/>\n<meta name=\"twitter:label1\" content=\"Est. reading time\" \/>\n\t<meta name=\"twitter:data1\" content=\"1 minut\" \/>\n<script type=\"application\/ld+json\" class=\"yoast-schema-graph\">{\"@context\":\"https:\/\/schema.org\",\"@graph\":[{\"@type\":\"WebPage\",\"@id\":\"https:\/\/www.outdoors.ee\/et\/toode\/a-blochl-saksa-armee-kokkupandav-sapoorilabidas\/\",\"url\":\"https:\/\/www.outdoors.ee\/et\/toode\/a-blochl-saksa-armee-kokkupandav-sapoorilabidas\/\",\"name\":\"A.Bl\u00f6chl\u00ae Saksa Armee kokkupandav sap\u00f6\u00f6rilabidas - Outdoors\",\"isPartOf\":{\"@id\":\"https:\/\/www.outdoors.ee\/#website\"},\"primaryImageOfPage\":{\"@id\":\"https:\/\/www.outdoors.ee\/et\/toode\/a-blochl-saksa-armee-kokkupandav-sapoorilabidas\/#primaryimage\"},\"image\":{\"@id\":\"https:\/\/www.outdoors.ee\/et\/toode\/a-blochl-saksa-armee-kokkupandav-sapoorilabidas\/#primaryimage\"},\"thumbnailUrl\":\"https:\/\/www.outdoors.ee\/wp-content\/uploads\/2025\/11\/A.Blochl\u00ae-German-Army-Double-Folding-Shovel-2.jpg\",\"datePublished\":\"2025-11-07T12:40:44+00:00\",\"dateModified\":\"2025-11-11T05:38:09+00:00\",\"breadcrumb\":{\"@id\":\"https:\/\/www.outdoors.ee\/et\/toode\/a-blochl-saksa-armee-kokkupandav-sapoorilabidas\/#breadcrumb\"},\"inLanguage\":\"et\",\"potentialAction\":[{\"@type\":\"ReadAction\",\"target\":[\"https:\/\/www.outdoors.ee\/et\/toode\/a-blochl-saksa-armee-kokkupandav-sapoorilabidas\/\"]}]},{\"@type\":\"ImageObject\",\"inLanguage\":\"et\",\"@id\":\"https:\/\/www.outdoors.ee\/et\/toode\/a-blochl-saksa-armee-kokkupandav-sapoorilabidas\/#primaryimage\",\"url\":\"https:\/\/www.outdoors.ee\/wp-content\/uploads\/2025\/11\/A.Blochl\u00ae-German-Army-Double-Folding-Shovel-2.jpg\",\"contentUrl\":\"https:\/\/www.outdoors.ee\/wp-content\/uploads\/2025\/11\/A.Blochl\u00ae-German-Army-Double-Folding-Shovel-2.jpg\",\"width\":1200,\"height\":1115},{\"@type\":\"BreadcrumbList\",\"@id\":\"https:\/\/www.outdoors.ee\/et\/toode\/a-blochl-saksa-armee-kokkupandav-sapoorilabidas\/#breadcrumb\",\"itemListElement\":[{\"@type\":\"ListItem\",\"position\":1,\"name\":\"Home\",\"item\":\"https:\/\/www.outdoors.ee\/et\/\"},{\"@type\":\"ListItem\",\"position\":2,\"name\":\"Tooted\",\"item\":\"https:\/\/www.outdoors.ee\/products\/\"},{\"@type\":\"ListItem\",\"position\":3,\"name\":\"A.Bl\u00f6chl\u00ae Saksa Armee kokkupandav sap\u00f6\u00f6rilabidas\"}]},{\"@type\":\"WebSite\",\"@id\":\"https:\/\/www.outdoors.ee\/#website\",\"url\":\"https:\/\/www.outdoors.ee\/\",\"name\":\"Outdoors\",\"description\":\"Genuine military surplus and not only!\",\"potentialAction\":[{\"@type\":\"SearchAction\",\"target\":{\"@type\":\"EntryPoint\",\"urlTemplate\":\"https:\/\/www.outdoors.ee\/?s={search_term_string}\"},\"query-input\":{\"@type\":\"PropertyValueSpecification\",\"valueRequired\":true,\"valueName\":\"search_term_string\"}}],\"inLanguage\":\"et\"}]}<\/script>\n<!-- \/ Yoast SEO plugin. -->","yoast_head_json":{"title":"A.Bl\u00f6chl\u00ae Saksa Armee kokkupandav sap\u00f6\u00f6rilabidas - Outdoors","robots":{"index":"index","follow":"follow","max-snippet":"max-snippet:-1","max-image-preview":"max-image-preview:large","max-video-preview":"max-video-preview:-1"},"canonical":"https:\/\/www.outdoors.ee\/et\/toode\/a-blochl-saksa-armee-kokkupandav-sapoorilabidas\/","og_locale":"et_EE","og_type":"article","og_title":"A.Bl\u00f6chl\u00ae Saksa Armee kokkupandav sap\u00f6\u00f6rilabidas - Outdoors","og_description":"Kokkupandav labidas vastupidava terasest k\u00e4epideme ja labidateraga, mida saab kasutada ka k\u00f5plana. Labidatera \u00fcks k\u00fclg on sakiline, mis v\u00f5imaldavad saagimist.","og_url":"https:\/\/www.outdoors.ee\/et\/toode\/a-blochl-saksa-armee-kokkupandav-sapoorilabidas\/","og_site_name":"Outdoors","article_modified_time":"2025-11-11T05:38:09+00:00","og_image":[{"width":1200,"height":1115,"url":"https:\/\/www.outdoors.ee\/wp-content\/uploads\/2025\/11\/A.Blochl\u00ae-German-Army-Double-Folding-Shovel-2.jpg","type":"image\/jpeg"}],"twitter_card":"summary_large_image","twitter_misc":{"Est. reading time":"1 minut"},"schema":{"@context":"https:\/\/schema.org","@graph":[{"@type":"WebPage","@id":"https:\/\/www.outdoors.ee\/et\/toode\/a-blochl-saksa-armee-kokkupandav-sapoorilabidas\/","url":"https:\/\/www.outdoors.ee\/et\/toode\/a-blochl-saksa-armee-kokkupandav-sapoorilabidas\/","name":"A.Bl\u00f6chl\u00ae Saksa Armee kokkupandav sap\u00f6\u00f6rilabidas - Outdoors","isPartOf":{"@id":"https:\/\/www.outdoors.ee\/#website"},"primaryImageOfPage":{"@id":"https:\/\/www.outdoors.ee\/et\/toode\/a-blochl-saksa-armee-kokkupandav-sapoorilabidas\/#primaryimage"},"image":{"@id":"https:\/\/www.outdoors.ee\/et\/toode\/a-blochl-saksa-armee-kokkupandav-sapoorilabidas\/#primaryimage"},"thumbnailUrl":"https:\/\/www.outdoors.ee\/wp-content\/uploads\/2025\/11\/A.Blochl\u00ae-German-Army-Double-Folding-Shovel-2.jpg","datePublished":"2025-11-07T12:40:44+00:00","dateModified":"2025-11-11T05:38:09+00:00","breadcrumb":{"@id":"https:\/\/www.outdoors.ee\/et\/toode\/a-blochl-saksa-armee-kokkupandav-sapoorilabidas\/#breadcrumb"},"inLanguage":"et","potentialAction":[{"@type":"ReadAction","target":["https:\/\/www.outdoors.ee\/et\/toode\/a-blochl-saksa-armee-kokkupandav-sapoorilabidas\/"]}]},{"@type":"ImageObject","inLanguage":"et","@id":"https:\/\/www.outdoors.ee\/et\/toode\/a-blochl-saksa-armee-kokkupandav-sapoorilabidas\/#primaryimage","url":"https:\/\/www.outdoors.ee\/wp-content\/uploads\/2025\/11\/A.Blochl\u00ae-German-Army-Double-Folding-Shovel-2.jpg","contentUrl":"https:\/\/www.outdoors.ee\/wp-content\/uploads\/2025\/11\/A.Blochl\u00ae-German-Army-Double-Folding-Shovel-2.jpg","width":1200,"height":1115},{"@type":"BreadcrumbList","@id":"https:\/\/www.outdoors.ee\/et\/toode\/a-blochl-saksa-armee-kokkupandav-sapoorilabidas\/#breadcrumb","itemListElement":[{"@type":"ListItem","position":1,"name":"Home","item":"https:\/\/www.outdoors.ee\/et\/"},{"@type":"ListItem","position":2,"name":"Tooted","item":"https:\/\/www.outdoors.ee\/products\/"},{"@type":"ListItem","position":3,"name":"A.Bl\u00f6chl\u00ae Saksa Armee kokkupandav sap\u00f6\u00f6rilabidas"}]},{"@type":"WebSite","@id":"https:\/\/www.outdoors.ee\/#website","url":"https:\/\/www.outdoors.ee\/","name":"Outdoors","description":"Genuine military surplus and not only!","potentialAction":[{"@type":"SearchAction","target":{"@type":"EntryPoint","urlTemplate":"https:\/\/www.outdoors.ee\/?s={search_term_string}"},"query-input":{"@type":"PropertyValueSpecification","valueRequired":true,"valueName":"search_term_string"}}],"inLanguage":"et"}]}},"_links":{"self":[{"href":"https:\/\/www.outdoors.ee\/et\/wp-json\/wp\/v2\/product\/107641","targetHints":{"allow":["GET"]}}],"collection":[{"href":"https:\/\/www.outdoors.ee\/et\/wp-json\/wp\/v2\/product"}],"about":[{"href":"https:\/\/www.outdoors.ee\/et\/wp-json\/wp\/v2\/types\/product"}],"wp:featuredmedia":[{"embeddable":true,"href":"https:\/\/www.outdoors.ee\/et\/wp-json\/wp\/v2\/media\/107640"}],"wp:attachment":[{"href":"https:\/\/www.outdoors.ee\/et\/wp-json\/wp\/v2\/media?parent=107641"}],"wp:term":[{"taxonomy":"product_brand","embeddable":true,"href":"https:\/\/www.outdoors.ee\/et\/wp-json\/wp\/v2\/product_brand?post=107641"},{"taxonomy":"product_cat","embeddable":true,"href":"https:\/\/www.outdoors.ee\/et\/wp-json\/wp\/v2\/product_cat?post=107641"},{"taxonomy":"product_tag","embeddable":true,"href":"https:\/\/www.outdoors.ee\/et\/wp-json\/wp\/v2\/product_tag?post=107641"}],"curies":[{"name":"wp","href":"https:\/\/api.w.org\/{rel}","templated":true}]}}