{"id":107625,"date":"2025-11-07T10:54:24","date_gmt":"2025-11-07T08:54:24","guid":{"rendered":"https:\/\/www.outdoors.ee\/?post_type=product&#038;p=107625"},"modified":"2025-11-07T10:54:36","modified_gmt":"2025-11-07T08:54:36","slug":"a-blochl-kettsaag-survival-pocket-saw","status":"publish","type":"product","link":"https:\/\/www.outdoors.ee\/et\/toode\/a-blochl-kettsaag-survival-pocket-saw\/","title":{"rendered":"A.Bl\u00f6chl\u00ae kettsaag Survival Pocket Saw"},"content":{"rendered":"<p data-start=\"82\" data-end=\"279\">Kettsaag on praktiline ja kompaktne t\u00f6\u00f6riist, mis v\u00f5tab v\u00e4he ruumi ja on alati kasutusvalmis. V\u00e4liretkedel on see suurep\u00e4rane lisa v\u00f5i alternatiiv kirvele. Saag l\u00f5ikab t\u00f5husalt m\u00f5lemas suunas, v\u00f5imaldades isegi paksemaid oksi kiiresti ja efektiivselt l\u00e4bi saagida. Kaasas on vastupidav ja praktiline vutlar mugavaks transportimiseks ja hoiustamiseks.<\/p>\n<p><strong>Omadused:<\/strong><\/p>\n<ul>\n<li>hammaste arv: 33 pcs<\/li>\n<li>keti pikkus ca. 64 cm<\/li>\n<li>kaal ca. 144g<\/li>\n<li>keti materjal: teras<\/li>\n<li>aasade materjal: 100% nailon<\/li>\n<\/ul>\n<p><strong>Seisukord:<\/strong> uus<\/p>\n","protected":false},"excerpt":{"rendered":"<p>Kettsaag on praktiline ja kompaktne t\u00f6\u00f6riist, mis v\u00f5tab v\u00e4he ruumi ja on alati kasutusvalmis. V\u00e4liretkedel on see suurep\u00e4rane lisa v\u00f5i<\/p>\n","protected":false},"featured_media":107622,"template":"","meta":[],"product_brand":[],"product_cat":[149],"product_tag":[],"class_list":{"0":"post-107625","1":"product","2":"type-product","3":"status-publish","4":"has-post-thumbnail","6":"product_cat-taktikaline-varustus","7":"pa_brand-a-blochl","9":"first","10":"instock","11":"taxable","12":"shipping-taxable","13":"purchasable","14":"product-type-simple"},"yoast_head":"<!-- This site is optimized with the Yoast SEO plugin v27.2 - https:\/\/yoast.com\/product\/yoast-seo-wordpress\/ -->\n<title>A.Bl\u00f6chl\u00ae kettsaag Survival Pocket Saw - Outdoors<\/title>\n<meta name=\"robots\" content=\"index, follow, max-snippet:-1, max-image-preview:large, max-video-preview:-1\" \/>\n<link rel=\"canonical\" href=\"https:\/\/www.outdoors.ee\/et\/toode\/a-blochl-kettsaag-survival-pocket-saw\/\" \/>\n<meta property=\"og:locale\" content=\"et_EE\" \/>\n<meta property=\"og:type\" content=\"article\" \/>\n<meta property=\"og:title\" content=\"A.Bl\u00f6chl\u00ae kettsaag Survival Pocket Saw - Outdoors\" \/>\n<meta property=\"og:description\" content=\"Kettsaag on praktiline ja kompaktne t\u00f6\u00f6riist, mis v\u00f5tab v\u00e4he ruumi ja on alati kasutusvalmis. V\u00e4liretkedel on see suurep\u00e4rane lisa v\u00f5i\" \/>\n<meta property=\"og:url\" content=\"https:\/\/www.outdoors.ee\/et\/toode\/a-blochl-kettsaag-survival-pocket-saw\/\" \/>\n<meta property=\"og:site_name\" content=\"Outdoors\" \/>\n<meta property=\"article:modified_time\" content=\"2025-11-07T08:54:36+00:00\" \/>\n<meta property=\"og:image\" content=\"https:\/\/www.outdoors.ee\/wp-content\/uploads\/2025\/11\/A.Blochl\u00ae-Survival-Pocket-Saw-1.jpg\" \/>\n\t<meta property=\"og:image:width\" content=\"1200\" \/>\n\t<meta property=\"og:image:height\" content=\"937\" \/>\n\t<meta property=\"og:image:type\" content=\"image\/jpeg\" \/>\n<meta name=\"twitter:card\" content=\"summary_large_image\" \/>\n<meta name=\"twitter:label1\" content=\"Est. reading time\" \/>\n\t<meta name=\"twitter:data1\" content=\"1 minut\" \/>\n<script type=\"application\/ld+json\" class=\"yoast-schema-graph\">{\"@context\":\"https:\/\/schema.org\",\"@graph\":[{\"@type\":\"WebPage\",\"@id\":\"https:\/\/www.outdoors.ee\/et\/toode\/a-blochl-kettsaag-survival-pocket-saw\/\",\"url\":\"https:\/\/www.outdoors.ee\/et\/toode\/a-blochl-kettsaag-survival-pocket-saw\/\",\"name\":\"A.Bl\u00f6chl\u00ae kettsaag Survival Pocket Saw - Outdoors\",\"isPartOf\":{\"@id\":\"https:\/\/www.outdoors.ee\/#website\"},\"primaryImageOfPage\":{\"@id\":\"https:\/\/www.outdoors.ee\/et\/toode\/a-blochl-kettsaag-survival-pocket-saw\/#primaryimage\"},\"image\":{\"@id\":\"https:\/\/www.outdoors.ee\/et\/toode\/a-blochl-kettsaag-survival-pocket-saw\/#primaryimage\"},\"thumbnailUrl\":\"https:\/\/www.outdoors.ee\/wp-content\/uploads\/2025\/11\/A.Blochl\u00ae-Survival-Pocket-Saw-1.jpg\",\"datePublished\":\"2025-11-07T08:54:24+00:00\",\"dateModified\":\"2025-11-07T08:54:36+00:00\",\"breadcrumb\":{\"@id\":\"https:\/\/www.outdoors.ee\/et\/toode\/a-blochl-kettsaag-survival-pocket-saw\/#breadcrumb\"},\"inLanguage\":\"et\",\"potentialAction\":[{\"@type\":\"ReadAction\",\"target\":[\"https:\/\/www.outdoors.ee\/et\/toode\/a-blochl-kettsaag-survival-pocket-saw\/\"]}]},{\"@type\":\"ImageObject\",\"inLanguage\":\"et\",\"@id\":\"https:\/\/www.outdoors.ee\/et\/toode\/a-blochl-kettsaag-survival-pocket-saw\/#primaryimage\",\"url\":\"https:\/\/www.outdoors.ee\/wp-content\/uploads\/2025\/11\/A.Blochl\u00ae-Survival-Pocket-Saw-1.jpg\",\"contentUrl\":\"https:\/\/www.outdoors.ee\/wp-content\/uploads\/2025\/11\/A.Blochl\u00ae-Survival-Pocket-Saw-1.jpg\",\"width\":1200,\"height\":937},{\"@type\":\"BreadcrumbList\",\"@id\":\"https:\/\/www.outdoors.ee\/et\/toode\/a-blochl-kettsaag-survival-pocket-saw\/#breadcrumb\",\"itemListElement\":[{\"@type\":\"ListItem\",\"position\":1,\"name\":\"Home\",\"item\":\"https:\/\/www.outdoors.ee\/et\/\"},{\"@type\":\"ListItem\",\"position\":2,\"name\":\"Tooted\",\"item\":\"https:\/\/www.outdoors.ee\/products\/\"},{\"@type\":\"ListItem\",\"position\":3,\"name\":\"A.Bl\u00f6chl\u00ae kettsaag Survival Pocket Saw\"}]},{\"@type\":\"WebSite\",\"@id\":\"https:\/\/www.outdoors.ee\/#website\",\"url\":\"https:\/\/www.outdoors.ee\/\",\"name\":\"Outdoors\",\"description\":\"Genuine military surplus and not only!\",\"potentialAction\":[{\"@type\":\"SearchAction\",\"target\":{\"@type\":\"EntryPoint\",\"urlTemplate\":\"https:\/\/www.outdoors.ee\/?s={search_term_string}\"},\"query-input\":{\"@type\":\"PropertyValueSpecification\",\"valueRequired\":true,\"valueName\":\"search_term_string\"}}],\"inLanguage\":\"et\"}]}<\/script>\n<!-- \/ Yoast SEO plugin. -->","yoast_head_json":{"title":"A.Bl\u00f6chl\u00ae kettsaag Survival Pocket Saw - Outdoors","robots":{"index":"index","follow":"follow","max-snippet":"max-snippet:-1","max-image-preview":"max-image-preview:large","max-video-preview":"max-video-preview:-1"},"canonical":"https:\/\/www.outdoors.ee\/et\/toode\/a-blochl-kettsaag-survival-pocket-saw\/","og_locale":"et_EE","og_type":"article","og_title":"A.Bl\u00f6chl\u00ae kettsaag Survival Pocket Saw - Outdoors","og_description":"Kettsaag on praktiline ja kompaktne t\u00f6\u00f6riist, mis v\u00f5tab v\u00e4he ruumi ja on alati kasutusvalmis. V\u00e4liretkedel on see suurep\u00e4rane lisa v\u00f5i","og_url":"https:\/\/www.outdoors.ee\/et\/toode\/a-blochl-kettsaag-survival-pocket-saw\/","og_site_name":"Outdoors","article_modified_time":"2025-11-07T08:54:36+00:00","og_image":[{"width":1200,"height":937,"url":"https:\/\/www.outdoors.ee\/wp-content\/uploads\/2025\/11\/A.Blochl\u00ae-Survival-Pocket-Saw-1.jpg","type":"image\/jpeg"}],"twitter_card":"summary_large_image","twitter_misc":{"Est. reading time":"1 minut"},"schema":{"@context":"https:\/\/schema.org","@graph":[{"@type":"WebPage","@id":"https:\/\/www.outdoors.ee\/et\/toode\/a-blochl-kettsaag-survival-pocket-saw\/","url":"https:\/\/www.outdoors.ee\/et\/toode\/a-blochl-kettsaag-survival-pocket-saw\/","name":"A.Bl\u00f6chl\u00ae kettsaag Survival Pocket Saw - Outdoors","isPartOf":{"@id":"https:\/\/www.outdoors.ee\/#website"},"primaryImageOfPage":{"@id":"https:\/\/www.outdoors.ee\/et\/toode\/a-blochl-kettsaag-survival-pocket-saw\/#primaryimage"},"image":{"@id":"https:\/\/www.outdoors.ee\/et\/toode\/a-blochl-kettsaag-survival-pocket-saw\/#primaryimage"},"thumbnailUrl":"https:\/\/www.outdoors.ee\/wp-content\/uploads\/2025\/11\/A.Blochl\u00ae-Survival-Pocket-Saw-1.jpg","datePublished":"2025-11-07T08:54:24+00:00","dateModified":"2025-11-07T08:54:36+00:00","breadcrumb":{"@id":"https:\/\/www.outdoors.ee\/et\/toode\/a-blochl-kettsaag-survival-pocket-saw\/#breadcrumb"},"inLanguage":"et","potentialAction":[{"@type":"ReadAction","target":["https:\/\/www.outdoors.ee\/et\/toode\/a-blochl-kettsaag-survival-pocket-saw\/"]}]},{"@type":"ImageObject","inLanguage":"et","@id":"https:\/\/www.outdoors.ee\/et\/toode\/a-blochl-kettsaag-survival-pocket-saw\/#primaryimage","url":"https:\/\/www.outdoors.ee\/wp-content\/uploads\/2025\/11\/A.Blochl\u00ae-Survival-Pocket-Saw-1.jpg","contentUrl":"https:\/\/www.outdoors.ee\/wp-content\/uploads\/2025\/11\/A.Blochl\u00ae-Survival-Pocket-Saw-1.jpg","width":1200,"height":937},{"@type":"BreadcrumbList","@id":"https:\/\/www.outdoors.ee\/et\/toode\/a-blochl-kettsaag-survival-pocket-saw\/#breadcrumb","itemListElement":[{"@type":"ListItem","position":1,"name":"Home","item":"https:\/\/www.outdoors.ee\/et\/"},{"@type":"ListItem","position":2,"name":"Tooted","item":"https:\/\/www.outdoors.ee\/products\/"},{"@type":"ListItem","position":3,"name":"A.Bl\u00f6chl\u00ae kettsaag Survival Pocket Saw"}]},{"@type":"WebSite","@id":"https:\/\/www.outdoors.ee\/#website","url":"https:\/\/www.outdoors.ee\/","name":"Outdoors","description":"Genuine military surplus and not only!","potentialAction":[{"@type":"SearchAction","target":{"@type":"EntryPoint","urlTemplate":"https:\/\/www.outdoors.ee\/?s={search_term_string}"},"query-input":{"@type":"PropertyValueSpecification","valueRequired":true,"valueName":"search_term_string"}}],"inLanguage":"et"}]}},"_links":{"self":[{"href":"https:\/\/www.outdoors.ee\/et\/wp-json\/wp\/v2\/product\/107625","targetHints":{"allow":["GET"]}}],"collection":[{"href":"https:\/\/www.outdoors.ee\/et\/wp-json\/wp\/v2\/product"}],"about":[{"href":"https:\/\/www.outdoors.ee\/et\/wp-json\/wp\/v2\/types\/product"}],"wp:featuredmedia":[{"embeddable":true,"href":"https:\/\/www.outdoors.ee\/et\/wp-json\/wp\/v2\/media\/107622"}],"wp:attachment":[{"href":"https:\/\/www.outdoors.ee\/et\/wp-json\/wp\/v2\/media?parent=107625"}],"wp:term":[{"taxonomy":"product_brand","embeddable":true,"href":"https:\/\/www.outdoors.ee\/et\/wp-json\/wp\/v2\/product_brand?post=107625"},{"taxonomy":"product_cat","embeddable":true,"href":"https:\/\/www.outdoors.ee\/et\/wp-json\/wp\/v2\/product_cat?post=107625"},{"taxonomy":"product_tag","embeddable":true,"href":"https:\/\/www.outdoors.ee\/et\/wp-json\/wp\/v2\/product_tag?post=107625"}],"curies":[{"name":"wp","href":"https:\/\/api.w.org\/{rel}","templated":true}]}}