{"id":107562,"date":"2025-11-06T16:20:44","date_gmt":"2025-11-06T14:20:44","guid":{"rendered":"https:\/\/www.outdoors.ee\/?post_type=product&#038;p=107562"},"modified":"2026-03-16T19:32:34","modified_gmt":"2026-03-16T17:32:34","slug":"a-blochl-seljakott-bw-mountain-backpack-8020l","status":"publish","type":"product","link":"https:\/\/www.outdoors.ee\/et\/toode\/a-blochl-seljakott-bw-mountain-backpack-8020l\/","title":{"rendered":"A.Bl\u00f6chl\u00ae seljakott BW Mountain Backpack 80+20L"},"content":{"rendered":"<p data-start=\"83\" data-end=\"299\">Bundeswehr Mountain seljakott on suure mahutavusega, sellel on eemaldatavad k\u00fcljetaskud ja mugav, reguleeritava k\u00f5rgusega kandes\u00fcsteem, mida toetab integreeritud alumiiniumraamile parema stabiilsuse tagamiseks. Seljakott peasahtlile p\u00e4\u00e4seb ligi nii \u00fclevalt kui ka alt. Kaks 10-liitrist k\u00fcljetaskut moodustavad praktilise p\u00e4evakoti.\u00a0 Seljakotil on klapitasku, MOLLE s\u00fcsteemi kinnituspaneelid, reguleeritavad pehmendatud \u00f5larihmad ning eraldi alumine sahtel m\u00e4\u00e4rdunud pesu v\u00f5i muu varustuse tarbeks.<\/p>\n<p data-start=\"127\" data-end=\"344\"><strong>Omadused:<\/strong><\/p>\n<ul>\n<li data-start=\"127\" data-end=\"344\">maht ca. 80 + 20L (k\u00fcljetaskutega)<\/li>\n<li data-start=\"127\" data-end=\"344\">seljakoti m\u00f5\u00f5tmed ca. 38 x 22 x 70cm<\/li>\n<li data-start=\"127\" data-end=\"344\">k\u00fcljetasku m\u00f5\u00f5tmed ca. 20 x 10 x 40cm<\/li>\n<li data-start=\"127\" data-end=\"344\">kaal ca. 2930g<\/li>\n<li data-start=\"127\" data-end=\"344\">materjal 100% pol\u00fcester<\/li>\n<\/ul>\n<p><strong>Seisukord:<\/strong> uus<\/p>\n","protected":false},"excerpt":{"rendered":"<p>Bundeswehr Mountain seljakott on suure mahutavusega, sellel on eemaldatavad k\u00fcljetaskud ja mugav, reguleeritava k\u00f5rgusega kandes\u00fcsteem, mida toetab integreeritud alumiiniumraamile parema<\/p>\n","protected":false},"featured_media":107552,"template":"","meta":[],"product_brand":[],"product_cat":[3539],"product_tag":[],"class_list":{"0":"post-107562","1":"product","2":"type-product","3":"status-publish","4":"has-post-thumbnail","6":"product_cat-seljakotid","7":"pa_brand-a-blochl","8":"pa_color-black-2","9":"pa_color-m84","10":"pa_color-olive-2","12":"first","13":"instock","14":"taxable","15":"shipping-taxable","16":"purchasable","17":"product-type-variable"},"yoast_head":"<!-- This site is optimized with the Yoast SEO plugin v27.2 - https:\/\/yoast.com\/product\/yoast-seo-wordpress\/ -->\n<title>A.Bl\u00f6chl\u00ae seljakott BW Mountain Backpack 80+20L - Outdoors<\/title>\n<meta name=\"robots\" content=\"index, follow, max-snippet:-1, max-image-preview:large, max-video-preview:-1\" \/>\n<link rel=\"canonical\" href=\"https:\/\/www.outdoors.ee\/et\/toode\/a-blochl-seljakott-bw-mountain-backpack-8020l\/\" \/>\n<meta property=\"og:locale\" content=\"et_EE\" \/>\n<meta property=\"og:type\" content=\"article\" \/>\n<meta property=\"og:title\" content=\"A.Bl\u00f6chl\u00ae seljakott BW Mountain Backpack 80+20L - Outdoors\" \/>\n<meta property=\"og:description\" content=\"Bundeswehr Mountain seljakott on suure mahutavusega, sellel on eemaldatavad k\u00fcljetaskud ja mugav, reguleeritava k\u00f5rgusega kandes\u00fcsteem, mida toetab integreeritud alumiiniumraamile parema\" \/>\n<meta property=\"og:url\" content=\"https:\/\/www.outdoors.ee\/et\/toode\/a-blochl-seljakott-bw-mountain-backpack-8020l\/\" \/>\n<meta property=\"og:site_name\" content=\"Outdoors\" \/>\n<meta property=\"article:modified_time\" content=\"2026-03-16T17:32:34+00:00\" \/>\n<meta property=\"og:image\" content=\"https:\/\/www.outdoors.ee\/wp-content\/uploads\/2025\/11\/A.Blochl\u00ae-BW-Mountain-Backpack-M84-1.jpg\" \/>\n\t<meta property=\"og:image:width\" content=\"891\" \/>\n\t<meta property=\"og:image:height\" content=\"1024\" \/>\n\t<meta property=\"og:image:type\" content=\"image\/jpeg\" \/>\n<meta name=\"twitter:card\" content=\"summary_large_image\" \/>\n<meta name=\"twitter:label1\" content=\"Est. reading time\" \/>\n\t<meta name=\"twitter:data1\" content=\"1 minut\" \/>\n<script type=\"application\/ld+json\" class=\"yoast-schema-graph\">{\"@context\":\"https:\/\/schema.org\",\"@graph\":[{\"@type\":\"WebPage\",\"@id\":\"https:\/\/www.outdoors.ee\/et\/toode\/a-blochl-seljakott-bw-mountain-backpack-8020l\/\",\"url\":\"https:\/\/www.outdoors.ee\/et\/toode\/a-blochl-seljakott-bw-mountain-backpack-8020l\/\",\"name\":\"A.Bl\u00f6chl\u00ae seljakott BW Mountain Backpack 80+20L - Outdoors\",\"isPartOf\":{\"@id\":\"https:\/\/www.outdoors.ee\/#website\"},\"primaryImageOfPage\":{\"@id\":\"https:\/\/www.outdoors.ee\/et\/toode\/a-blochl-seljakott-bw-mountain-backpack-8020l\/#primaryimage\"},\"image\":{\"@id\":\"https:\/\/www.outdoors.ee\/et\/toode\/a-blochl-seljakott-bw-mountain-backpack-8020l\/#primaryimage\"},\"thumbnailUrl\":\"https:\/\/www.outdoors.ee\/wp-content\/uploads\/2025\/11\/A.Blochl\u00ae-BW-Mountain-Backpack-M84-1.jpg\",\"datePublished\":\"2025-11-06T14:20:44+00:00\",\"dateModified\":\"2026-03-16T17:32:34+00:00\",\"breadcrumb\":{\"@id\":\"https:\/\/www.outdoors.ee\/et\/toode\/a-blochl-seljakott-bw-mountain-backpack-8020l\/#breadcrumb\"},\"inLanguage\":\"et\",\"potentialAction\":[{\"@type\":\"ReadAction\",\"target\":[\"https:\/\/www.outdoors.ee\/et\/toode\/a-blochl-seljakott-bw-mountain-backpack-8020l\/\"]}]},{\"@type\":\"ImageObject\",\"inLanguage\":\"et\",\"@id\":\"https:\/\/www.outdoors.ee\/et\/toode\/a-blochl-seljakott-bw-mountain-backpack-8020l\/#primaryimage\",\"url\":\"https:\/\/www.outdoors.ee\/wp-content\/uploads\/2025\/11\/A.Blochl\u00ae-BW-Mountain-Backpack-M84-1.jpg\",\"contentUrl\":\"https:\/\/www.outdoors.ee\/wp-content\/uploads\/2025\/11\/A.Blochl\u00ae-BW-Mountain-Backpack-M84-1.jpg\",\"width\":891,\"height\":1024,\"caption\":\"A.B.\"},{\"@type\":\"BreadcrumbList\",\"@id\":\"https:\/\/www.outdoors.ee\/et\/toode\/a-blochl-seljakott-bw-mountain-backpack-8020l\/#breadcrumb\",\"itemListElement\":[{\"@type\":\"ListItem\",\"position\":1,\"name\":\"Home\",\"item\":\"https:\/\/www.outdoors.ee\/et\/\"},{\"@type\":\"ListItem\",\"position\":2,\"name\":\"Tooted\",\"item\":\"https:\/\/www.outdoors.ee\/products\/\"},{\"@type\":\"ListItem\",\"position\":3,\"name\":\"A.Bl\u00f6chl\u00ae seljakott BW Mountain Backpack 80+20L\"}]},{\"@type\":\"WebSite\",\"@id\":\"https:\/\/www.outdoors.ee\/#website\",\"url\":\"https:\/\/www.outdoors.ee\/\",\"name\":\"Outdoors\",\"description\":\"Genuine military surplus and not only!\",\"potentialAction\":[{\"@type\":\"SearchAction\",\"target\":{\"@type\":\"EntryPoint\",\"urlTemplate\":\"https:\/\/www.outdoors.ee\/?s={search_term_string}\"},\"query-input\":{\"@type\":\"PropertyValueSpecification\",\"valueRequired\":true,\"valueName\":\"search_term_string\"}}],\"inLanguage\":\"et\"}]}<\/script>\n<!-- \/ Yoast SEO plugin. -->","yoast_head_json":{"title":"A.Bl\u00f6chl\u00ae seljakott BW Mountain Backpack 80+20L - Outdoors","robots":{"index":"index","follow":"follow","max-snippet":"max-snippet:-1","max-image-preview":"max-image-preview:large","max-video-preview":"max-video-preview:-1"},"canonical":"https:\/\/www.outdoors.ee\/et\/toode\/a-blochl-seljakott-bw-mountain-backpack-8020l\/","og_locale":"et_EE","og_type":"article","og_title":"A.Bl\u00f6chl\u00ae seljakott BW Mountain Backpack 80+20L - Outdoors","og_description":"Bundeswehr Mountain seljakott on suure mahutavusega, sellel on eemaldatavad k\u00fcljetaskud ja mugav, reguleeritava k\u00f5rgusega kandes\u00fcsteem, mida toetab integreeritud alumiiniumraamile parema","og_url":"https:\/\/www.outdoors.ee\/et\/toode\/a-blochl-seljakott-bw-mountain-backpack-8020l\/","og_site_name":"Outdoors","article_modified_time":"2026-03-16T17:32:34+00:00","og_image":[{"width":891,"height":1024,"url":"https:\/\/www.outdoors.ee\/wp-content\/uploads\/2025\/11\/A.Blochl\u00ae-BW-Mountain-Backpack-M84-1.jpg","type":"image\/jpeg"}],"twitter_card":"summary_large_image","twitter_misc":{"Est. reading time":"1 minut"},"schema":{"@context":"https:\/\/schema.org","@graph":[{"@type":"WebPage","@id":"https:\/\/www.outdoors.ee\/et\/toode\/a-blochl-seljakott-bw-mountain-backpack-8020l\/","url":"https:\/\/www.outdoors.ee\/et\/toode\/a-blochl-seljakott-bw-mountain-backpack-8020l\/","name":"A.Bl\u00f6chl\u00ae seljakott BW Mountain Backpack 80+20L - Outdoors","isPartOf":{"@id":"https:\/\/www.outdoors.ee\/#website"},"primaryImageOfPage":{"@id":"https:\/\/www.outdoors.ee\/et\/toode\/a-blochl-seljakott-bw-mountain-backpack-8020l\/#primaryimage"},"image":{"@id":"https:\/\/www.outdoors.ee\/et\/toode\/a-blochl-seljakott-bw-mountain-backpack-8020l\/#primaryimage"},"thumbnailUrl":"https:\/\/www.outdoors.ee\/wp-content\/uploads\/2025\/11\/A.Blochl\u00ae-BW-Mountain-Backpack-M84-1.jpg","datePublished":"2025-11-06T14:20:44+00:00","dateModified":"2026-03-16T17:32:34+00:00","breadcrumb":{"@id":"https:\/\/www.outdoors.ee\/et\/toode\/a-blochl-seljakott-bw-mountain-backpack-8020l\/#breadcrumb"},"inLanguage":"et","potentialAction":[{"@type":"ReadAction","target":["https:\/\/www.outdoors.ee\/et\/toode\/a-blochl-seljakott-bw-mountain-backpack-8020l\/"]}]},{"@type":"ImageObject","inLanguage":"et","@id":"https:\/\/www.outdoors.ee\/et\/toode\/a-blochl-seljakott-bw-mountain-backpack-8020l\/#primaryimage","url":"https:\/\/www.outdoors.ee\/wp-content\/uploads\/2025\/11\/A.Blochl\u00ae-BW-Mountain-Backpack-M84-1.jpg","contentUrl":"https:\/\/www.outdoors.ee\/wp-content\/uploads\/2025\/11\/A.Blochl\u00ae-BW-Mountain-Backpack-M84-1.jpg","width":891,"height":1024,"caption":"A.B."},{"@type":"BreadcrumbList","@id":"https:\/\/www.outdoors.ee\/et\/toode\/a-blochl-seljakott-bw-mountain-backpack-8020l\/#breadcrumb","itemListElement":[{"@type":"ListItem","position":1,"name":"Home","item":"https:\/\/www.outdoors.ee\/et\/"},{"@type":"ListItem","position":2,"name":"Tooted","item":"https:\/\/www.outdoors.ee\/products\/"},{"@type":"ListItem","position":3,"name":"A.Bl\u00f6chl\u00ae seljakott BW Mountain Backpack 80+20L"}]},{"@type":"WebSite","@id":"https:\/\/www.outdoors.ee\/#website","url":"https:\/\/www.outdoors.ee\/","name":"Outdoors","description":"Genuine military surplus and not only!","potentialAction":[{"@type":"SearchAction","target":{"@type":"EntryPoint","urlTemplate":"https:\/\/www.outdoors.ee\/?s={search_term_string}"},"query-input":{"@type":"PropertyValueSpecification","valueRequired":true,"valueName":"search_term_string"}}],"inLanguage":"et"}]}},"_links":{"self":[{"href":"https:\/\/www.outdoors.ee\/et\/wp-json\/wp\/v2\/product\/107562","targetHints":{"allow":["GET"]}}],"collection":[{"href":"https:\/\/www.outdoors.ee\/et\/wp-json\/wp\/v2\/product"}],"about":[{"href":"https:\/\/www.outdoors.ee\/et\/wp-json\/wp\/v2\/types\/product"}],"wp:featuredmedia":[{"embeddable":true,"href":"https:\/\/www.outdoors.ee\/et\/wp-json\/wp\/v2\/media\/107552"}],"wp:attachment":[{"href":"https:\/\/www.outdoors.ee\/et\/wp-json\/wp\/v2\/media?parent=107562"}],"wp:term":[{"taxonomy":"product_brand","embeddable":true,"href":"https:\/\/www.outdoors.ee\/et\/wp-json\/wp\/v2\/product_brand?post=107562"},{"taxonomy":"product_cat","embeddable":true,"href":"https:\/\/www.outdoors.ee\/et\/wp-json\/wp\/v2\/product_cat?post=107562"},{"taxonomy":"product_tag","embeddable":true,"href":"https:\/\/www.outdoors.ee\/et\/wp-json\/wp\/v2\/product_tag?post=107562"}],"curies":[{"name":"wp","href":"https:\/\/api.w.org\/{rel}","templated":true}]}}