{"id":107485,"date":"2025-11-06T10:19:55","date_gmt":"2025-11-06T08:19:55","guid":{"rendered":"https:\/\/www.outdoors.ee\/?post_type=product&#038;p=107485"},"modified":"2025-11-06T19:14:51","modified_gmt":"2025-11-06T17:14:51","slug":"a-blochl-thinsulate-taktikalised-talvesaapad","status":"publish","type":"product","link":"https:\/\/www.outdoors.ee\/et\/toode\/a-blochl-thinsulate-taktikalised-talvesaapad\/","title":{"rendered":"A.Bl\u00f6chl\u00ae Thinsulate\u2122 taktikalised talvesaapad"},"content":{"rendered":"<p data-start=\"78\" data-end=\"286\">Talvesaapad, mis on varustatud 3M Thinsulate<strong data-start=\"138\" data-end=\"156\">\u2122<\/strong> soojustusega (200g\/m\u00b2), tagades erakordse soojuse ja mugavuse ka miinuskraadides (soovitatav kandmiseks temperatuudel kuni umbes \u201320\u00b0C).<\/p>\n<p data-start=\"288\" data-end=\"690\">Vetth\u00fclgav pealismaterjal pakub usaldusv\u00e4\u00e4rset kaitset niiskuse eest (NB: ei ole t\u00e4ielikult veekindel). Libisemisvastane ja p\u00f5rutustneelav v\u00e4listald tagab stabiilsuse ja mugavuse, soodustades loomulikku ja v\u00e4simust v\u00e4hendavat liikumist<\/p>\n<p data-start=\"326\" data-end=\"605\"><strong>Omadused:<\/strong><\/p>\n<ul>\n<li data-asw-orgfontsize=\"14\" data-asw-modified=\"font-size\"><span data-asw-orgfontsize=\"12\" data-asw-modified=\"font-size\">pealne:\u00a0\u00a0pol\u00fcuretaan (PU) \/ pol\u00fcamiid v\u00f5rk<\/span><\/li>\n<li data-asw-orgfontsize=\"14\" data-asw-modified=\"font-size\">vooder: 3M Thinsulate\u2122 200g\/m2<\/li>\n<li data-asw-orgfontsize=\"14\" data-asw-modified=\"font-size\">v\u00e4listald: Ethylene-Vinyl Acetate (EVA) + kumm<\/li>\n<li data-asw-orgfontsize=\"14\" data-asw-modified=\"font-size\">kaal ca. 1378g \/paar (suurus EU43)<\/li>\n<\/ul>\n<p><strong>Seisukord:<\/strong> uus<\/p>\n","protected":false},"excerpt":{"rendered":"<p>Talvesaapad, mis on varustatud 3M Thinsulate\u2122 soojustusega (200g\/m\u00b2), tagades erakordse soojuse ja mugavuse ka miinuskraadides (soovitatav kandmiseks temperatuudel kuni umbes<\/p>\n","protected":false},"featured_media":107475,"template":"","meta":[],"product_brand":[],"product_cat":[70],"product_tag":[],"class_list":{"0":"post-107485","1":"product","2":"type-product","3":"status-publish","4":"has-post-thumbnail","6":"product_cat-jalanoud","7":"pa_brand-a-blochl","8":"pa_size-uk10-us11-eu44-2","9":"pa_size-uk11-us12-eu45-2","10":"pa_size-uk12-us13-eu46-2","11":"pa_size-uk8-us9-eu42-3","12":"pa_size-uk9-us10-eu43-2","14":"first","15":"instock","16":"taxable","17":"shipping-taxable","18":"purchasable","19":"product-type-variable"},"yoast_head":"<!-- This site is optimized with the Yoast SEO plugin v27.2 - https:\/\/yoast.com\/product\/yoast-seo-wordpress\/ -->\n<title>A.Bl\u00f6chl\u00ae Thinsulate\u2122 taktikalised talvesaapad - Outdoors<\/title>\n<meta name=\"robots\" content=\"index, follow, max-snippet:-1, max-image-preview:large, max-video-preview:-1\" \/>\n<link rel=\"canonical\" href=\"https:\/\/www.outdoors.ee\/et\/toode\/a-blochl-thinsulate-taktikalised-talvesaapad\/\" \/>\n<meta property=\"og:locale\" content=\"et_EE\" \/>\n<meta property=\"og:type\" content=\"article\" \/>\n<meta property=\"og:title\" content=\"A.Bl\u00f6chl\u00ae Thinsulate\u2122 taktikalised talvesaapad - Outdoors\" \/>\n<meta property=\"og:description\" content=\"Talvesaapad, mis on varustatud 3M Thinsulate\u2122 soojustusega (200g\/m\u00b2), tagades erakordse soojuse ja mugavuse ka miinuskraadides (soovitatav kandmiseks temperatuudel kuni umbes\" \/>\n<meta property=\"og:url\" content=\"https:\/\/www.outdoors.ee\/et\/toode\/a-blochl-thinsulate-taktikalised-talvesaapad\/\" \/>\n<meta property=\"og:site_name\" content=\"Outdoors\" \/>\n<meta property=\"article:modified_time\" content=\"2025-11-06T17:14:51+00:00\" \/>\n<meta property=\"og:image\" content=\"https:\/\/www.outdoors.ee\/wp-content\/uploads\/2025\/11\/A.Blochl\u00ae-Thinsulate\u2122-Winter-Tactical-Boots-1.jpg\" \/>\n\t<meta property=\"og:image:width\" content=\"1200\" \/>\n\t<meta property=\"og:image:height\" content=\"1122\" \/>\n\t<meta property=\"og:image:type\" content=\"image\/jpeg\" \/>\n<meta name=\"twitter:card\" content=\"summary_large_image\" \/>\n<meta name=\"twitter:label1\" content=\"Est. reading time\" \/>\n\t<meta name=\"twitter:data1\" content=\"1 minut\" \/>\n<script type=\"application\/ld+json\" class=\"yoast-schema-graph\">{\"@context\":\"https:\/\/schema.org\",\"@graph\":[{\"@type\":\"WebPage\",\"@id\":\"https:\/\/www.outdoors.ee\/et\/toode\/a-blochl-thinsulate-taktikalised-talvesaapad\/\",\"url\":\"https:\/\/www.outdoors.ee\/et\/toode\/a-blochl-thinsulate-taktikalised-talvesaapad\/\",\"name\":\"A.Bl\u00f6chl\u00ae Thinsulate\u2122 taktikalised talvesaapad - Outdoors\",\"isPartOf\":{\"@id\":\"https:\/\/www.outdoors.ee\/#website\"},\"primaryImageOfPage\":{\"@id\":\"https:\/\/www.outdoors.ee\/et\/toode\/a-blochl-thinsulate-taktikalised-talvesaapad\/#primaryimage\"},\"image\":{\"@id\":\"https:\/\/www.outdoors.ee\/et\/toode\/a-blochl-thinsulate-taktikalised-talvesaapad\/#primaryimage\"},\"thumbnailUrl\":\"https:\/\/www.outdoors.ee\/wp-content\/uploads\/2025\/11\/A.Blochl\u00ae-Thinsulate\u2122-Winter-Tactical-Boots-1.jpg\",\"datePublished\":\"2025-11-06T08:19:55+00:00\",\"dateModified\":\"2025-11-06T17:14:51+00:00\",\"breadcrumb\":{\"@id\":\"https:\/\/www.outdoors.ee\/et\/toode\/a-blochl-thinsulate-taktikalised-talvesaapad\/#breadcrumb\"},\"inLanguage\":\"et\",\"potentialAction\":[{\"@type\":\"ReadAction\",\"target\":[\"https:\/\/www.outdoors.ee\/et\/toode\/a-blochl-thinsulate-taktikalised-talvesaapad\/\"]}]},{\"@type\":\"ImageObject\",\"inLanguage\":\"et\",\"@id\":\"https:\/\/www.outdoors.ee\/et\/toode\/a-blochl-thinsulate-taktikalised-talvesaapad\/#primaryimage\",\"url\":\"https:\/\/www.outdoors.ee\/wp-content\/uploads\/2025\/11\/A.Blochl\u00ae-Thinsulate\u2122-Winter-Tactical-Boots-1.jpg\",\"contentUrl\":\"https:\/\/www.outdoors.ee\/wp-content\/uploads\/2025\/11\/A.Blochl\u00ae-Thinsulate\u2122-Winter-Tactical-Boots-1.jpg\",\"width\":1200,\"height\":1122},{\"@type\":\"BreadcrumbList\",\"@id\":\"https:\/\/www.outdoors.ee\/et\/toode\/a-blochl-thinsulate-taktikalised-talvesaapad\/#breadcrumb\",\"itemListElement\":[{\"@type\":\"ListItem\",\"position\":1,\"name\":\"Home\",\"item\":\"https:\/\/www.outdoors.ee\/et\/\"},{\"@type\":\"ListItem\",\"position\":2,\"name\":\"Tooted\",\"item\":\"https:\/\/www.outdoors.ee\/products\/\"},{\"@type\":\"ListItem\",\"position\":3,\"name\":\"A.Bl\u00f6chl\u00ae Thinsulate\u2122 taktikalised talvesaapad\"}]},{\"@type\":\"WebSite\",\"@id\":\"https:\/\/www.outdoors.ee\/#website\",\"url\":\"https:\/\/www.outdoors.ee\/\",\"name\":\"Outdoors\",\"description\":\"Genuine military surplus and not only!\",\"potentialAction\":[{\"@type\":\"SearchAction\",\"target\":{\"@type\":\"EntryPoint\",\"urlTemplate\":\"https:\/\/www.outdoors.ee\/?s={search_term_string}\"},\"query-input\":{\"@type\":\"PropertyValueSpecification\",\"valueRequired\":true,\"valueName\":\"search_term_string\"}}],\"inLanguage\":\"et\"}]}<\/script>\n<!-- \/ Yoast SEO plugin. -->","yoast_head_json":{"title":"A.Bl\u00f6chl\u00ae Thinsulate\u2122 taktikalised talvesaapad - Outdoors","robots":{"index":"index","follow":"follow","max-snippet":"max-snippet:-1","max-image-preview":"max-image-preview:large","max-video-preview":"max-video-preview:-1"},"canonical":"https:\/\/www.outdoors.ee\/et\/toode\/a-blochl-thinsulate-taktikalised-talvesaapad\/","og_locale":"et_EE","og_type":"article","og_title":"A.Bl\u00f6chl\u00ae Thinsulate\u2122 taktikalised talvesaapad - Outdoors","og_description":"Talvesaapad, mis on varustatud 3M Thinsulate\u2122 soojustusega (200g\/m\u00b2), tagades erakordse soojuse ja mugavuse ka miinuskraadides (soovitatav kandmiseks temperatuudel kuni umbes","og_url":"https:\/\/www.outdoors.ee\/et\/toode\/a-blochl-thinsulate-taktikalised-talvesaapad\/","og_site_name":"Outdoors","article_modified_time":"2025-11-06T17:14:51+00:00","og_image":[{"width":1200,"height":1122,"url":"https:\/\/www.outdoors.ee\/wp-content\/uploads\/2025\/11\/A.Blochl\u00ae-Thinsulate\u2122-Winter-Tactical-Boots-1.jpg","type":"image\/jpeg"}],"twitter_card":"summary_large_image","twitter_misc":{"Est. reading time":"1 minut"},"schema":{"@context":"https:\/\/schema.org","@graph":[{"@type":"WebPage","@id":"https:\/\/www.outdoors.ee\/et\/toode\/a-blochl-thinsulate-taktikalised-talvesaapad\/","url":"https:\/\/www.outdoors.ee\/et\/toode\/a-blochl-thinsulate-taktikalised-talvesaapad\/","name":"A.Bl\u00f6chl\u00ae Thinsulate\u2122 taktikalised talvesaapad - Outdoors","isPartOf":{"@id":"https:\/\/www.outdoors.ee\/#website"},"primaryImageOfPage":{"@id":"https:\/\/www.outdoors.ee\/et\/toode\/a-blochl-thinsulate-taktikalised-talvesaapad\/#primaryimage"},"image":{"@id":"https:\/\/www.outdoors.ee\/et\/toode\/a-blochl-thinsulate-taktikalised-talvesaapad\/#primaryimage"},"thumbnailUrl":"https:\/\/www.outdoors.ee\/wp-content\/uploads\/2025\/11\/A.Blochl\u00ae-Thinsulate\u2122-Winter-Tactical-Boots-1.jpg","datePublished":"2025-11-06T08:19:55+00:00","dateModified":"2025-11-06T17:14:51+00:00","breadcrumb":{"@id":"https:\/\/www.outdoors.ee\/et\/toode\/a-blochl-thinsulate-taktikalised-talvesaapad\/#breadcrumb"},"inLanguage":"et","potentialAction":[{"@type":"ReadAction","target":["https:\/\/www.outdoors.ee\/et\/toode\/a-blochl-thinsulate-taktikalised-talvesaapad\/"]}]},{"@type":"ImageObject","inLanguage":"et","@id":"https:\/\/www.outdoors.ee\/et\/toode\/a-blochl-thinsulate-taktikalised-talvesaapad\/#primaryimage","url":"https:\/\/www.outdoors.ee\/wp-content\/uploads\/2025\/11\/A.Blochl\u00ae-Thinsulate\u2122-Winter-Tactical-Boots-1.jpg","contentUrl":"https:\/\/www.outdoors.ee\/wp-content\/uploads\/2025\/11\/A.Blochl\u00ae-Thinsulate\u2122-Winter-Tactical-Boots-1.jpg","width":1200,"height":1122},{"@type":"BreadcrumbList","@id":"https:\/\/www.outdoors.ee\/et\/toode\/a-blochl-thinsulate-taktikalised-talvesaapad\/#breadcrumb","itemListElement":[{"@type":"ListItem","position":1,"name":"Home","item":"https:\/\/www.outdoors.ee\/et\/"},{"@type":"ListItem","position":2,"name":"Tooted","item":"https:\/\/www.outdoors.ee\/products\/"},{"@type":"ListItem","position":3,"name":"A.Bl\u00f6chl\u00ae Thinsulate\u2122 taktikalised talvesaapad"}]},{"@type":"WebSite","@id":"https:\/\/www.outdoors.ee\/#website","url":"https:\/\/www.outdoors.ee\/","name":"Outdoors","description":"Genuine military surplus and not only!","potentialAction":[{"@type":"SearchAction","target":{"@type":"EntryPoint","urlTemplate":"https:\/\/www.outdoors.ee\/?s={search_term_string}"},"query-input":{"@type":"PropertyValueSpecification","valueRequired":true,"valueName":"search_term_string"}}],"inLanguage":"et"}]}},"_links":{"self":[{"href":"https:\/\/www.outdoors.ee\/et\/wp-json\/wp\/v2\/product\/107485","targetHints":{"allow":["GET"]}}],"collection":[{"href":"https:\/\/www.outdoors.ee\/et\/wp-json\/wp\/v2\/product"}],"about":[{"href":"https:\/\/www.outdoors.ee\/et\/wp-json\/wp\/v2\/types\/product"}],"wp:featuredmedia":[{"embeddable":true,"href":"https:\/\/www.outdoors.ee\/et\/wp-json\/wp\/v2\/media\/107475"}],"wp:attachment":[{"href":"https:\/\/www.outdoors.ee\/et\/wp-json\/wp\/v2\/media?parent=107485"}],"wp:term":[{"taxonomy":"product_brand","embeddable":true,"href":"https:\/\/www.outdoors.ee\/et\/wp-json\/wp\/v2\/product_brand?post=107485"},{"taxonomy":"product_cat","embeddable":true,"href":"https:\/\/www.outdoors.ee\/et\/wp-json\/wp\/v2\/product_cat?post=107485"},{"taxonomy":"product_tag","embeddable":true,"href":"https:\/\/www.outdoors.ee\/et\/wp-json\/wp\/v2\/product_tag?post=107485"}],"curies":[{"name":"wp","href":"https:\/\/api.w.org\/{rel}","templated":true}]}}