{"id":107404,"date":"2025-11-05T16:12:30","date_gmt":"2025-11-05T14:12:30","guid":{"rendered":"https:\/\/www.outdoors.ee\/?post_type=product&#038;p=107404"},"modified":"2025-11-05T16:12:40","modified_gmt":"2025-11-05T14:12:40","slug":"magnum-spordijalatsid-storm-trail-lite-uniform-trainers","status":"publish","type":"product","link":"https:\/\/www.outdoors.ee\/et\/toode\/magnum-spordijalatsid-storm-trail-lite-uniform-trainers\/","title":{"rendered":"Magnum\u00ae spordijalatsid Storm Trail Lite Uniform Trainers"},"content":{"rendered":"<p data-start=\"83\" data-end=\"207\">Storm Trail Lite Uniform Trainers on vastupidavad ja mugavad spordijalatsid, mis on m\u00f5eldud nii meestele kui naistele.<\/p>\n<p data-start=\"209\" data-end=\"530\">Jalatsitel on tihedalt kootud tehnilisest s\u00fcnteetilisest v\u00f5rgust pealisosa, millel on vastupidavad ja hingavad paneelid ning kiiresti niiskust juhtiv vooder, mis tagab optimaalse mugavuse ja kuivuse. Kulumiskindlad PU-katted pakuvad lisatuge ja kaitset, samas kui ghillie-paelas\u00fcsteem tagab kindla ja kohanduva istuvuse.<\/p>\n<p data-start=\"532\" data-end=\"766\">Eemaldatav EVA-sisetald pakub suurep\u00e4rast pehmendust, mida omakorda t\u00e4iendab p\u00f5rutustneelav CMEVA-vahetald. Agresiivse maastikujooksu mustriga kummist v\u00e4listald parandab haakuvust ja vastupidavust igal maastikul.<\/p>\n<p data-start=\"337\" data-end=\"632\"><strong>Omadused:<\/strong><\/p>\n<ul>\n<li data-asw-orgfontsize=\"14\" data-asw-modified=\"font-size\">eemaldatav EVA sisetald<\/li>\n<li data-asw-orgfontsize=\"14\" data-asw-modified=\"font-size\">kulumiskindlad PU tugevdused<\/li>\n<li data-asw-orgfontsize=\"14\" data-asw-modified=\"font-size\">vastupidav ja hingav tekstiilist pealne<\/li>\n<li data-asw-orgfontsize=\"14\" data-asw-modified=\"font-size\">agressiivse mustriga v\u00e4listald<\/li>\n<li data-asw-orgfontsize=\"14\" data-asw-modified=\"font-size\">p\u00f5rutustneelav CMEVA vahetald<\/li>\n<li data-asw-orgfontsize=\"14\" data-asw-modified=\"font-size\">kaal: 592g\/paar (suurus EU42)<\/li>\n<\/ul>\n<p><strong>Seisukord:<\/strong> uus<\/p>\n","protected":false},"excerpt":{"rendered":"<p>Storm Trail Lite Uniform Trainers on vastupidavad ja mugavad spordijalatsid, mis on m\u00f5eldud nii meestele kui naistele. Jalatsitel on tihedalt<\/p>\n","protected":false},"featured_media":107373,"template":"","meta":[],"product_brand":[],"product_cat":[70],"product_tag":[],"class_list":{"0":"post-107404","1":"product","2":"type-product","3":"status-publish","4":"has-post-thumbnail","6":"product_cat-jalanoud","7":"pa_brand-magnum-2","8":"pa_color-black-2","9":"pa_color-coyote-2","10":"pa_size-uk10-us11-eu44-2","11":"pa_size-uk11-us12-eu45-2","12":"pa_size-uk12-us13-eu46-2","13":"pa_size-uk8-us9-eu42-3","14":"pa_size-uk9-us10-eu43-2","16":"first","17":"instock","18":"taxable","19":"shipping-taxable","20":"purchasable","21":"product-type-variable"},"yoast_head":"<!-- This site is optimized with the Yoast SEO plugin v27.2 - https:\/\/yoast.com\/product\/yoast-seo-wordpress\/ -->\n<title>Magnum\u00ae spordijalatsid Storm Trail Lite Uniform Trainers - Outdoors<\/title>\n<meta name=\"robots\" content=\"index, follow, max-snippet:-1, max-image-preview:large, max-video-preview:-1\" \/>\n<link rel=\"canonical\" href=\"https:\/\/www.outdoors.ee\/et\/toode\/magnum-spordijalatsid-storm-trail-lite-uniform-trainers\/\" \/>\n<meta property=\"og:locale\" content=\"et_EE\" \/>\n<meta property=\"og:type\" content=\"article\" \/>\n<meta property=\"og:title\" content=\"Magnum\u00ae spordijalatsid Storm Trail Lite Uniform Trainers - Outdoors\" \/>\n<meta property=\"og:description\" content=\"Storm Trail Lite Uniform Trainers on vastupidavad ja mugavad spordijalatsid, mis on m\u00f5eldud nii meestele kui naistele. Jalatsitel on tihedalt\" \/>\n<meta property=\"og:url\" content=\"https:\/\/www.outdoors.ee\/et\/toode\/magnum-spordijalatsid-storm-trail-lite-uniform-trainers\/\" \/>\n<meta property=\"og:site_name\" content=\"Outdoors\" \/>\n<meta property=\"article:modified_time\" content=\"2025-11-05T14:12:40+00:00\" \/>\n<meta property=\"og:image\" content=\"https:\/\/www.outdoors.ee\/wp-content\/uploads\/2025\/11\/Magnum\u00ae-Storm-Trail-Lite-Uniform-Trainers-Black-1.jpg\" \/>\n\t<meta property=\"og:image:width\" content=\"1300\" \/>\n\t<meta property=\"og:image:height\" content=\"1300\" \/>\n\t<meta property=\"og:image:type\" content=\"image\/jpeg\" \/>\n<meta name=\"twitter:card\" content=\"summary_large_image\" \/>\n<meta name=\"twitter:label1\" content=\"Est. reading time\" \/>\n\t<meta name=\"twitter:data1\" content=\"1 minut\" \/>\n<script type=\"application\/ld+json\" class=\"yoast-schema-graph\">{\"@context\":\"https:\/\/schema.org\",\"@graph\":[{\"@type\":\"WebPage\",\"@id\":\"https:\/\/www.outdoors.ee\/et\/toode\/magnum-spordijalatsid-storm-trail-lite-uniform-trainers\/\",\"url\":\"https:\/\/www.outdoors.ee\/et\/toode\/magnum-spordijalatsid-storm-trail-lite-uniform-trainers\/\",\"name\":\"Magnum\u00ae spordijalatsid Storm Trail Lite Uniform Trainers - Outdoors\",\"isPartOf\":{\"@id\":\"https:\/\/www.outdoors.ee\/#website\"},\"primaryImageOfPage\":{\"@id\":\"https:\/\/www.outdoors.ee\/et\/toode\/magnum-spordijalatsid-storm-trail-lite-uniform-trainers\/#primaryimage\"},\"image\":{\"@id\":\"https:\/\/www.outdoors.ee\/et\/toode\/magnum-spordijalatsid-storm-trail-lite-uniform-trainers\/#primaryimage\"},\"thumbnailUrl\":\"https:\/\/www.outdoors.ee\/wp-content\/uploads\/2025\/11\/Magnum\u00ae-Storm-Trail-Lite-Uniform-Trainers-Black-1.jpg\",\"datePublished\":\"2025-11-05T14:12:30+00:00\",\"dateModified\":\"2025-11-05T14:12:40+00:00\",\"breadcrumb\":{\"@id\":\"https:\/\/www.outdoors.ee\/et\/toode\/magnum-spordijalatsid-storm-trail-lite-uniform-trainers\/#breadcrumb\"},\"inLanguage\":\"et\",\"potentialAction\":[{\"@type\":\"ReadAction\",\"target\":[\"https:\/\/www.outdoors.ee\/et\/toode\/magnum-spordijalatsid-storm-trail-lite-uniform-trainers\/\"]}]},{\"@type\":\"ImageObject\",\"inLanguage\":\"et\",\"@id\":\"https:\/\/www.outdoors.ee\/et\/toode\/magnum-spordijalatsid-storm-trail-lite-uniform-trainers\/#primaryimage\",\"url\":\"https:\/\/www.outdoors.ee\/wp-content\/uploads\/2025\/11\/Magnum\u00ae-Storm-Trail-Lite-Uniform-Trainers-Black-1.jpg\",\"contentUrl\":\"https:\/\/www.outdoors.ee\/wp-content\/uploads\/2025\/11\/Magnum\u00ae-Storm-Trail-Lite-Uniform-Trainers-Black-1.jpg\",\"width\":1300,\"height\":1300},{\"@type\":\"BreadcrumbList\",\"@id\":\"https:\/\/www.outdoors.ee\/et\/toode\/magnum-spordijalatsid-storm-trail-lite-uniform-trainers\/#breadcrumb\",\"itemListElement\":[{\"@type\":\"ListItem\",\"position\":1,\"name\":\"Home\",\"item\":\"https:\/\/www.outdoors.ee\/et\/\"},{\"@type\":\"ListItem\",\"position\":2,\"name\":\"Tooted\",\"item\":\"https:\/\/www.outdoors.ee\/products\/\"},{\"@type\":\"ListItem\",\"position\":3,\"name\":\"Magnum\u00ae spordijalatsid Storm Trail Lite Uniform Trainers\"}]},{\"@type\":\"WebSite\",\"@id\":\"https:\/\/www.outdoors.ee\/#website\",\"url\":\"https:\/\/www.outdoors.ee\/\",\"name\":\"Outdoors\",\"description\":\"Genuine military surplus and not only!\",\"potentialAction\":[{\"@type\":\"SearchAction\",\"target\":{\"@type\":\"EntryPoint\",\"urlTemplate\":\"https:\/\/www.outdoors.ee\/?s={search_term_string}\"},\"query-input\":{\"@type\":\"PropertyValueSpecification\",\"valueRequired\":true,\"valueName\":\"search_term_string\"}}],\"inLanguage\":\"et\"}]}<\/script>\n<!-- \/ Yoast SEO plugin. -->","yoast_head_json":{"title":"Magnum\u00ae spordijalatsid Storm Trail Lite Uniform Trainers - Outdoors","robots":{"index":"index","follow":"follow","max-snippet":"max-snippet:-1","max-image-preview":"max-image-preview:large","max-video-preview":"max-video-preview:-1"},"canonical":"https:\/\/www.outdoors.ee\/et\/toode\/magnum-spordijalatsid-storm-trail-lite-uniform-trainers\/","og_locale":"et_EE","og_type":"article","og_title":"Magnum\u00ae spordijalatsid Storm Trail Lite Uniform Trainers - Outdoors","og_description":"Storm Trail Lite Uniform Trainers on vastupidavad ja mugavad spordijalatsid, mis on m\u00f5eldud nii meestele kui naistele. Jalatsitel on tihedalt","og_url":"https:\/\/www.outdoors.ee\/et\/toode\/magnum-spordijalatsid-storm-trail-lite-uniform-trainers\/","og_site_name":"Outdoors","article_modified_time":"2025-11-05T14:12:40+00:00","og_image":[{"width":1300,"height":1300,"url":"https:\/\/www.outdoors.ee\/wp-content\/uploads\/2025\/11\/Magnum\u00ae-Storm-Trail-Lite-Uniform-Trainers-Black-1.jpg","type":"image\/jpeg"}],"twitter_card":"summary_large_image","twitter_misc":{"Est. reading time":"1 minut"},"schema":{"@context":"https:\/\/schema.org","@graph":[{"@type":"WebPage","@id":"https:\/\/www.outdoors.ee\/et\/toode\/magnum-spordijalatsid-storm-trail-lite-uniform-trainers\/","url":"https:\/\/www.outdoors.ee\/et\/toode\/magnum-spordijalatsid-storm-trail-lite-uniform-trainers\/","name":"Magnum\u00ae spordijalatsid Storm Trail Lite Uniform Trainers - Outdoors","isPartOf":{"@id":"https:\/\/www.outdoors.ee\/#website"},"primaryImageOfPage":{"@id":"https:\/\/www.outdoors.ee\/et\/toode\/magnum-spordijalatsid-storm-trail-lite-uniform-trainers\/#primaryimage"},"image":{"@id":"https:\/\/www.outdoors.ee\/et\/toode\/magnum-spordijalatsid-storm-trail-lite-uniform-trainers\/#primaryimage"},"thumbnailUrl":"https:\/\/www.outdoors.ee\/wp-content\/uploads\/2025\/11\/Magnum\u00ae-Storm-Trail-Lite-Uniform-Trainers-Black-1.jpg","datePublished":"2025-11-05T14:12:30+00:00","dateModified":"2025-11-05T14:12:40+00:00","breadcrumb":{"@id":"https:\/\/www.outdoors.ee\/et\/toode\/magnum-spordijalatsid-storm-trail-lite-uniform-trainers\/#breadcrumb"},"inLanguage":"et","potentialAction":[{"@type":"ReadAction","target":["https:\/\/www.outdoors.ee\/et\/toode\/magnum-spordijalatsid-storm-trail-lite-uniform-trainers\/"]}]},{"@type":"ImageObject","inLanguage":"et","@id":"https:\/\/www.outdoors.ee\/et\/toode\/magnum-spordijalatsid-storm-trail-lite-uniform-trainers\/#primaryimage","url":"https:\/\/www.outdoors.ee\/wp-content\/uploads\/2025\/11\/Magnum\u00ae-Storm-Trail-Lite-Uniform-Trainers-Black-1.jpg","contentUrl":"https:\/\/www.outdoors.ee\/wp-content\/uploads\/2025\/11\/Magnum\u00ae-Storm-Trail-Lite-Uniform-Trainers-Black-1.jpg","width":1300,"height":1300},{"@type":"BreadcrumbList","@id":"https:\/\/www.outdoors.ee\/et\/toode\/magnum-spordijalatsid-storm-trail-lite-uniform-trainers\/#breadcrumb","itemListElement":[{"@type":"ListItem","position":1,"name":"Home","item":"https:\/\/www.outdoors.ee\/et\/"},{"@type":"ListItem","position":2,"name":"Tooted","item":"https:\/\/www.outdoors.ee\/products\/"},{"@type":"ListItem","position":3,"name":"Magnum\u00ae spordijalatsid Storm Trail Lite Uniform Trainers"}]},{"@type":"WebSite","@id":"https:\/\/www.outdoors.ee\/#website","url":"https:\/\/www.outdoors.ee\/","name":"Outdoors","description":"Genuine military surplus and not only!","potentialAction":[{"@type":"SearchAction","target":{"@type":"EntryPoint","urlTemplate":"https:\/\/www.outdoors.ee\/?s={search_term_string}"},"query-input":{"@type":"PropertyValueSpecification","valueRequired":true,"valueName":"search_term_string"}}],"inLanguage":"et"}]}},"_links":{"self":[{"href":"https:\/\/www.outdoors.ee\/et\/wp-json\/wp\/v2\/product\/107404","targetHints":{"allow":["GET"]}}],"collection":[{"href":"https:\/\/www.outdoors.ee\/et\/wp-json\/wp\/v2\/product"}],"about":[{"href":"https:\/\/www.outdoors.ee\/et\/wp-json\/wp\/v2\/types\/product"}],"wp:featuredmedia":[{"embeddable":true,"href":"https:\/\/www.outdoors.ee\/et\/wp-json\/wp\/v2\/media\/107373"}],"wp:attachment":[{"href":"https:\/\/www.outdoors.ee\/et\/wp-json\/wp\/v2\/media?parent=107404"}],"wp:term":[{"taxonomy":"product_brand","embeddable":true,"href":"https:\/\/www.outdoors.ee\/et\/wp-json\/wp\/v2\/product_brand?post=107404"},{"taxonomy":"product_cat","embeddable":true,"href":"https:\/\/www.outdoors.ee\/et\/wp-json\/wp\/v2\/product_cat?post=107404"},{"taxonomy":"product_tag","embeddable":true,"href":"https:\/\/www.outdoors.ee\/et\/wp-json\/wp\/v2\/product_tag?post=107404"}],"curies":[{"name":"wp","href":"https:\/\/api.w.org\/{rel}","templated":true}]}}