{"id":107318,"date":"2025-11-05T08:41:43","date_gmt":"2025-11-05T06:41:43","guid":{"rendered":"https:\/\/www.outdoors.ee\/?post_type=product&#038;p=107318"},"modified":"2025-11-05T08:42:06","modified_gmt":"2025-11-05T06:42:06","slug":"a-blochl-multifunktsionaalne-vork-skarpo-utility-mesh-net-irr-140x280cm","status":"publish","type":"product","link":"https:\/\/www.outdoors.ee\/et\/toode\/a-blochl-multifunktsionaalne-vork-skarpo-utility-mesh-net-irr-140x280cm\/","title":{"rendered":"A.Bl\u00f6chl\u00ae multifunktsionaalne v\u00f5rk Skarpo Utility Mesh Net IRR 140x280cm"},"content":{"rendered":"<p>Multifunktsionaalne v\u00f5rk, mis on loodud n\u00f5udlike rakenduste jaoks s\u00f5jav\u00e4es, korrakaitses, jahil, bushcraft\u2019is ja muudes v\u00e4litegevustes. Seda saab kasutada nii kiivri v\u00f5i relva maskeerimiseks, varjualuse v\u00f5i s\u00f5iduki kattena kui ka p\u00e4evaseks ja \u00f6iseks maskeeringv\u00f5rguks \u2013 tegemist on t\u00f5eliselt universaalse ja t\u00f6\u00f6kindla abivahendiga.<\/p>\n<p><strong>Omadused:<\/strong><\/p>\n<ul>\n<li>mitmeotstabeliselt kasutatav v\u00f5rk v\u00e4hendatud infrapuna j\u00e4ljega<\/li>\n<li>vetth\u00fclgav, hingav, raskelts\u00fcttiv ning kompaktne<\/li>\n<li>kinnitusaasad k\u00fclgedel<\/li>\n<li>v\u00f5rkkangast pingutusn\u00f6\u00f6riga pakkekott komplektis<\/li>\n<li>kaal ca 260g<\/li>\n<li>m\u00f5\u00f5tmed: 140 x 280 cm<\/li>\n<li>pakituna: 20 x D9 cm<\/li>\n<li>materjal 100% pol\u00fcester<\/li>\n<li>Available colour and camo patterns:\n<ul>\n<li>RAL7013 &#8211; NATO-t\u00fc\u00fcpi oliivorheline<\/li>\n<li>5FTD &#8211; Saksa Bundeswehri flecktarn<\/li>\n<li>M05 &#8211; Soome kamuflaa\u017emuster<\/li>\n<li>M05 Snow &#8211; Soome talvekamuflaa\u017emuster<\/li>\n<li>M84 &#8211; Taani kamuflaa\u017emuster<\/li>\n<\/ul>\n<\/li>\n<\/ul>\n<p><strong>Seisukord:<\/strong> uus<\/p>\n","protected":false},"excerpt":{"rendered":"<p>Multifunktsionaalne v\u00f5rk, mis on loodud n\u00f5udlike rakenduste jaoks s\u00f5jav\u00e4es, korrakaitses, jahil, bushcraft\u2019is ja muudes v\u00e4litegevustes. Seda saab kasutada nii kiivri<\/p>\n","protected":false},"featured_media":107309,"template":"","meta":[],"product_brand":[],"product_cat":[149],"product_tag":[],"class_list":{"0":"post-107318","1":"product","2":"type-product","3":"status-publish","4":"has-post-thumbnail","6":"product_cat-taktikaline-varustus","7":"pa_brand-a-blochl","8":"pa_color-flecktarn-2","9":"pa_color-m05-2","10":"pa_color-m05-snow","11":"pa_color-m84","12":"pa_color-ral7013","14":"first","15":"instock","16":"taxable","17":"shipping-taxable","18":"purchasable","19":"product-type-variable"},"yoast_head":"<!-- This site is optimized with the Yoast SEO plugin v27.2 - https:\/\/yoast.com\/product\/yoast-seo-wordpress\/ -->\n<title>A.Bl\u00f6chl\u00ae multifunktsionaalne v\u00f5rk Skarpo Utility Mesh Net IRR 140x280cm - Outdoors<\/title>\n<meta name=\"robots\" content=\"index, follow, max-snippet:-1, max-image-preview:large, max-video-preview:-1\" \/>\n<link rel=\"canonical\" href=\"https:\/\/www.outdoors.ee\/et\/toode\/a-blochl-multifunktsionaalne-vork-skarpo-utility-mesh-net-irr-140x280cm\/\" \/>\n<meta property=\"og:locale\" content=\"et_EE\" \/>\n<meta property=\"og:type\" content=\"article\" \/>\n<meta property=\"og:title\" content=\"A.Bl\u00f6chl\u00ae multifunktsionaalne v\u00f5rk Skarpo Utility Mesh Net IRR 140x280cm - Outdoors\" \/>\n<meta property=\"og:description\" content=\"Multifunktsionaalne v\u00f5rk, mis on loodud n\u00f5udlike rakenduste jaoks s\u00f5jav\u00e4es, korrakaitses, jahil, bushcraft\u2019is ja muudes v\u00e4litegevustes. Seda saab kasutada nii kiivri\" \/>\n<meta property=\"og:url\" content=\"https:\/\/www.outdoors.ee\/et\/toode\/a-blochl-multifunktsionaalne-vork-skarpo-utility-mesh-net-irr-140x280cm\/\" \/>\n<meta property=\"og:site_name\" content=\"Outdoors\" \/>\n<meta property=\"article:modified_time\" content=\"2025-11-05T06:42:06+00:00\" \/>\n<meta property=\"og:image\" content=\"https:\/\/www.outdoors.ee\/wp-content\/uploads\/2025\/11\/A.Blochl\u00ae-Utility-Mesh-Net-IRR-140-x-280cm-M05-scaled.jpg\" \/>\n\t<meta property=\"og:image:width\" content=\"2560\" \/>\n\t<meta property=\"og:image:height\" content=\"2560\" \/>\n\t<meta property=\"og:image:type\" content=\"image\/jpeg\" \/>\n<meta name=\"twitter:card\" content=\"summary_large_image\" \/>\n<meta name=\"twitter:label1\" content=\"Est. reading time\" \/>\n\t<meta name=\"twitter:data1\" content=\"1 minut\" \/>\n<script type=\"application\/ld+json\" class=\"yoast-schema-graph\">{\"@context\":\"https:\/\/schema.org\",\"@graph\":[{\"@type\":\"WebPage\",\"@id\":\"https:\/\/www.outdoors.ee\/et\/toode\/a-blochl-multifunktsionaalne-vork-skarpo-utility-mesh-net-irr-140x280cm\/\",\"url\":\"https:\/\/www.outdoors.ee\/et\/toode\/a-blochl-multifunktsionaalne-vork-skarpo-utility-mesh-net-irr-140x280cm\/\",\"name\":\"A.Bl\u00f6chl\u00ae multifunktsionaalne v\u00f5rk Skarpo Utility Mesh Net IRR 140x280cm - Outdoors\",\"isPartOf\":{\"@id\":\"https:\/\/www.outdoors.ee\/#website\"},\"primaryImageOfPage\":{\"@id\":\"https:\/\/www.outdoors.ee\/et\/toode\/a-blochl-multifunktsionaalne-vork-skarpo-utility-mesh-net-irr-140x280cm\/#primaryimage\"},\"image\":{\"@id\":\"https:\/\/www.outdoors.ee\/et\/toode\/a-blochl-multifunktsionaalne-vork-skarpo-utility-mesh-net-irr-140x280cm\/#primaryimage\"},\"thumbnailUrl\":\"https:\/\/www.outdoors.ee\/wp-content\/uploads\/2025\/11\/A.Blochl\u00ae-Utility-Mesh-Net-IRR-140-x-280cm-M05-scaled.jpg\",\"datePublished\":\"2025-11-05T06:41:43+00:00\",\"dateModified\":\"2025-11-05T06:42:06+00:00\",\"breadcrumb\":{\"@id\":\"https:\/\/www.outdoors.ee\/et\/toode\/a-blochl-multifunktsionaalne-vork-skarpo-utility-mesh-net-irr-140x280cm\/#breadcrumb\"},\"inLanguage\":\"et\",\"potentialAction\":[{\"@type\":\"ReadAction\",\"target\":[\"https:\/\/www.outdoors.ee\/et\/toode\/a-blochl-multifunktsionaalne-vork-skarpo-utility-mesh-net-irr-140x280cm\/\"]}]},{\"@type\":\"ImageObject\",\"inLanguage\":\"et\",\"@id\":\"https:\/\/www.outdoors.ee\/et\/toode\/a-blochl-multifunktsionaalne-vork-skarpo-utility-mesh-net-irr-140x280cm\/#primaryimage\",\"url\":\"https:\/\/www.outdoors.ee\/wp-content\/uploads\/2025\/11\/A.Blochl\u00ae-Utility-Mesh-Net-IRR-140-x-280cm-M05-scaled.jpg\",\"contentUrl\":\"https:\/\/www.outdoors.ee\/wp-content\/uploads\/2025\/11\/A.Blochl\u00ae-Utility-Mesh-Net-IRR-140-x-280cm-M05-scaled.jpg\",\"width\":2560,\"height\":2560},{\"@type\":\"BreadcrumbList\",\"@id\":\"https:\/\/www.outdoors.ee\/et\/toode\/a-blochl-multifunktsionaalne-vork-skarpo-utility-mesh-net-irr-140x280cm\/#breadcrumb\",\"itemListElement\":[{\"@type\":\"ListItem\",\"position\":1,\"name\":\"Home\",\"item\":\"https:\/\/www.outdoors.ee\/et\/\"},{\"@type\":\"ListItem\",\"position\":2,\"name\":\"Tooted\",\"item\":\"https:\/\/www.outdoors.ee\/products\/\"},{\"@type\":\"ListItem\",\"position\":3,\"name\":\"A.Bl\u00f6chl\u00ae multifunktsionaalne v\u00f5rk Skarpo Utility Mesh Net IRR 140x280cm\"}]},{\"@type\":\"WebSite\",\"@id\":\"https:\/\/www.outdoors.ee\/#website\",\"url\":\"https:\/\/www.outdoors.ee\/\",\"name\":\"Outdoors\",\"description\":\"Genuine military surplus and not only!\",\"potentialAction\":[{\"@type\":\"SearchAction\",\"target\":{\"@type\":\"EntryPoint\",\"urlTemplate\":\"https:\/\/www.outdoors.ee\/?s={search_term_string}\"},\"query-input\":{\"@type\":\"PropertyValueSpecification\",\"valueRequired\":true,\"valueName\":\"search_term_string\"}}],\"inLanguage\":\"et\"}]}<\/script>\n<!-- \/ Yoast SEO plugin. -->","yoast_head_json":{"title":"A.Bl\u00f6chl\u00ae multifunktsionaalne v\u00f5rk Skarpo Utility Mesh Net IRR 140x280cm - Outdoors","robots":{"index":"index","follow":"follow","max-snippet":"max-snippet:-1","max-image-preview":"max-image-preview:large","max-video-preview":"max-video-preview:-1"},"canonical":"https:\/\/www.outdoors.ee\/et\/toode\/a-blochl-multifunktsionaalne-vork-skarpo-utility-mesh-net-irr-140x280cm\/","og_locale":"et_EE","og_type":"article","og_title":"A.Bl\u00f6chl\u00ae multifunktsionaalne v\u00f5rk Skarpo Utility Mesh Net IRR 140x280cm - Outdoors","og_description":"Multifunktsionaalne v\u00f5rk, mis on loodud n\u00f5udlike rakenduste jaoks s\u00f5jav\u00e4es, korrakaitses, jahil, bushcraft\u2019is ja muudes v\u00e4litegevustes. Seda saab kasutada nii kiivri","og_url":"https:\/\/www.outdoors.ee\/et\/toode\/a-blochl-multifunktsionaalne-vork-skarpo-utility-mesh-net-irr-140x280cm\/","og_site_name":"Outdoors","article_modified_time":"2025-11-05T06:42:06+00:00","og_image":[{"width":2560,"height":2560,"url":"https:\/\/www.outdoors.ee\/wp-content\/uploads\/2025\/11\/A.Blochl\u00ae-Utility-Mesh-Net-IRR-140-x-280cm-M05-scaled.jpg","type":"image\/jpeg"}],"twitter_card":"summary_large_image","twitter_misc":{"Est. reading time":"1 minut"},"schema":{"@context":"https:\/\/schema.org","@graph":[{"@type":"WebPage","@id":"https:\/\/www.outdoors.ee\/et\/toode\/a-blochl-multifunktsionaalne-vork-skarpo-utility-mesh-net-irr-140x280cm\/","url":"https:\/\/www.outdoors.ee\/et\/toode\/a-blochl-multifunktsionaalne-vork-skarpo-utility-mesh-net-irr-140x280cm\/","name":"A.Bl\u00f6chl\u00ae multifunktsionaalne v\u00f5rk Skarpo Utility Mesh Net IRR 140x280cm - Outdoors","isPartOf":{"@id":"https:\/\/www.outdoors.ee\/#website"},"primaryImageOfPage":{"@id":"https:\/\/www.outdoors.ee\/et\/toode\/a-blochl-multifunktsionaalne-vork-skarpo-utility-mesh-net-irr-140x280cm\/#primaryimage"},"image":{"@id":"https:\/\/www.outdoors.ee\/et\/toode\/a-blochl-multifunktsionaalne-vork-skarpo-utility-mesh-net-irr-140x280cm\/#primaryimage"},"thumbnailUrl":"https:\/\/www.outdoors.ee\/wp-content\/uploads\/2025\/11\/A.Blochl\u00ae-Utility-Mesh-Net-IRR-140-x-280cm-M05-scaled.jpg","datePublished":"2025-11-05T06:41:43+00:00","dateModified":"2025-11-05T06:42:06+00:00","breadcrumb":{"@id":"https:\/\/www.outdoors.ee\/et\/toode\/a-blochl-multifunktsionaalne-vork-skarpo-utility-mesh-net-irr-140x280cm\/#breadcrumb"},"inLanguage":"et","potentialAction":[{"@type":"ReadAction","target":["https:\/\/www.outdoors.ee\/et\/toode\/a-blochl-multifunktsionaalne-vork-skarpo-utility-mesh-net-irr-140x280cm\/"]}]},{"@type":"ImageObject","inLanguage":"et","@id":"https:\/\/www.outdoors.ee\/et\/toode\/a-blochl-multifunktsionaalne-vork-skarpo-utility-mesh-net-irr-140x280cm\/#primaryimage","url":"https:\/\/www.outdoors.ee\/wp-content\/uploads\/2025\/11\/A.Blochl\u00ae-Utility-Mesh-Net-IRR-140-x-280cm-M05-scaled.jpg","contentUrl":"https:\/\/www.outdoors.ee\/wp-content\/uploads\/2025\/11\/A.Blochl\u00ae-Utility-Mesh-Net-IRR-140-x-280cm-M05-scaled.jpg","width":2560,"height":2560},{"@type":"BreadcrumbList","@id":"https:\/\/www.outdoors.ee\/et\/toode\/a-blochl-multifunktsionaalne-vork-skarpo-utility-mesh-net-irr-140x280cm\/#breadcrumb","itemListElement":[{"@type":"ListItem","position":1,"name":"Home","item":"https:\/\/www.outdoors.ee\/et\/"},{"@type":"ListItem","position":2,"name":"Tooted","item":"https:\/\/www.outdoors.ee\/products\/"},{"@type":"ListItem","position":3,"name":"A.Bl\u00f6chl\u00ae multifunktsionaalne v\u00f5rk Skarpo Utility Mesh Net IRR 140x280cm"}]},{"@type":"WebSite","@id":"https:\/\/www.outdoors.ee\/#website","url":"https:\/\/www.outdoors.ee\/","name":"Outdoors","description":"Genuine military surplus and not only!","potentialAction":[{"@type":"SearchAction","target":{"@type":"EntryPoint","urlTemplate":"https:\/\/www.outdoors.ee\/?s={search_term_string}"},"query-input":{"@type":"PropertyValueSpecification","valueRequired":true,"valueName":"search_term_string"}}],"inLanguage":"et"}]}},"_links":{"self":[{"href":"https:\/\/www.outdoors.ee\/et\/wp-json\/wp\/v2\/product\/107318","targetHints":{"allow":["GET"]}}],"collection":[{"href":"https:\/\/www.outdoors.ee\/et\/wp-json\/wp\/v2\/product"}],"about":[{"href":"https:\/\/www.outdoors.ee\/et\/wp-json\/wp\/v2\/types\/product"}],"wp:featuredmedia":[{"embeddable":true,"href":"https:\/\/www.outdoors.ee\/et\/wp-json\/wp\/v2\/media\/107309"}],"wp:attachment":[{"href":"https:\/\/www.outdoors.ee\/et\/wp-json\/wp\/v2\/media?parent=107318"}],"wp:term":[{"taxonomy":"product_brand","embeddable":true,"href":"https:\/\/www.outdoors.ee\/et\/wp-json\/wp\/v2\/product_brand?post=107318"},{"taxonomy":"product_cat","embeddable":true,"href":"https:\/\/www.outdoors.ee\/et\/wp-json\/wp\/v2\/product_cat?post=107318"},{"taxonomy":"product_tag","embeddable":true,"href":"https:\/\/www.outdoors.ee\/et\/wp-json\/wp\/v2\/product_tag?post=107318"}],"curies":[{"name":"wp","href":"https:\/\/api.w.org\/{rel}","templated":true}]}}