{"id":107257,"date":"2025-11-04T11:38:50","date_gmt":"2025-11-04T09:38:50","guid":{"rendered":"https:\/\/www.outdoors.ee\/?post_type=product&#038;p=107257"},"modified":"2025-11-05T08:50:37","modified_gmt":"2025-11-05T06:50:37","slug":"a-blochl-kapuutsiga-jakk-insulated-level-4-jacket","status":"publish","type":"product","link":"https:\/\/www.outdoors.ee\/et\/toode\/a-blochl-kapuutsiga-jakk-insulated-level-4-jacket\/","title":{"rendered":"A.Bl\u00f6chl\u00ae kapuutsiga jakk Insulated Level 4 Jacket"},"content":{"rendered":"<p data-start=\"81\" data-end=\"280\">AB Insulated Level 4\u00a0 Jacket on multifunktsionaalne jakk, mis on spetsiaalselt loodud muutlike ilmastikutingimuste jaoks. Seda saab kanda nii sooja vahekihina kui ka kerge \u00fcleriidena.<\/p>\n<p data-start=\"282\" data-end=\"552\">T\u00e4nu PrimaLoft\u00ae soojustusele pakub jakk t\u00e4iuslikku tasakaalu soojuse ja hingavuse vahel, muutes selle ideaalseks kaaslaseks jahedamateks s\u00fcgis-, kevad- ja varasuvep\u00e4evadeks. See tagab kindla kaitse tuule ja k\u00fclma eest, s\u00e4ilitades samas suurep\u00e4rase kandmismugavuse.<\/p>\n<p data-start=\"554\" data-end=\"890\">Level 4 jaki disain vastab t\u00e4nap\u00e4evastele j\u00f5udlusn\u00f5uetele, muutes selle sobivaks nii s\u00f5jav\u00e4e-, teenistus- ja v\u00e4litegevusteks, bushcraft\u2019i harrastamiseks kui ka igap\u00e4evaseks kandmiseks. Elastsed k\u00fclgpaneelid ja reguleeritav all\u00e4\u00e4r tagavad isikup\u00e4rase istuvuse, mis liigub loomulikult koos kehaga, suurendades mugavust ja liikuvust. Suurep\u00e4rane valik k\u00f5igile, kes otsivad usaldusv\u00e4\u00e4rset ja mitmek\u00fclgset jakki igap\u00e4evaseks kasutamiseks.<\/p>\n<p data-start=\"821\" data-end=\"1156\"><strong>Omadused:<\/strong><\/p>\n<ul>\n<li data-asw-orgfontsize=\"14\" data-asw-modified=\"font-size\"><span data-asw-orgfontsize=\"12\" data-asw-modified=\"font-size\"><span dir=\"auto\">PrimaLoft\u00ae Silver soojustus (70 g\/m\u00b2, 100% taaskasutatud materjal)<\/span><\/span><\/li>\n<li data-asw-orgfontsize=\"14\" data-asw-modified=\"font-size\">Teflon t\u00f6\u00f6tlus<\/li>\n<li data-asw-orgfontsize=\"14\" data-asw-modified=\"font-size\">YKK\u00ae t\u00f5mblukk-kinnis l\u00f5uakaitsmega<\/li>\n<li data-asw-orgfontsize=\"14\" data-asw-modified=\"font-size\">vetth\u00fclgav, tuulekindel ning hingav<\/li>\n<li data-asw-orgfontsize=\"14\" data-asw-modified=\"font-size\">veniva \u00e4\u00e4rega kapuuts<\/li>\n<li data-asw-orgfontsize=\"14\" data-asw-modified=\"font-size\">venivad mansetid<\/li>\n<li data-asw-orgfontsize=\"14\" data-asw-modified=\"font-size\">venivast materjalist (elastaan) k\u00fcljepaneelid<\/li>\n<li data-asw-orgfontsize=\"14\" data-asw-modified=\"font-size\">t\u00f5mblukuga rinnatasku vasakul poolel<\/li>\n<li data-asw-orgfontsize=\"14\" data-asw-modified=\"font-size\">t\u00f5mblukuga sisetasku<\/li>\n<li data-asw-orgfontsize=\"14\" data-asw-modified=\"font-size\">2 t\u00f5mblukuga suletavat k\u00fcljetaskut<\/li>\n<li data-asw-orgfontsize=\"14\" data-asw-modified=\"font-size\">takjapaneelid k\u00e4istel (8 x 12 cm)<\/li>\n<li>pingutusn\u00f6\u00f6r alumises \u00e4\u00e4res<\/li>\n<li>kompaktselt kokkupakitav<\/li>\n<li>kompaktselt kokkupakitav<\/li>\n<li data-asw-orgfontsize=\"14\" data-asw-modified=\"font-size\">OEKO-TEX\u00ae STANDARD 100<\/li>\n<li data-asw-orgfontsize=\"14\" data-asw-modified=\"font-size\">kaal ca 582 g (size M)<\/li>\n<li data-asw-orgfontsize=\"14\" data-asw-modified=\"font-size\">m\u00f5\u00f5tmed pakituna ca 16 x 30 cm<\/li>\n<li data-asw-orgfontsize=\"14\" data-asw-modified=\"font-size\"><span dir=\"auto\">materjal. Pealne<\/span><span data-asw-orgfontsize=\"12\" data-asw-modified=\"font-size\"><span dir=\"auto\">: 88% nailon, 12% elastaan. <\/span><\/span><span data-asw-orgfontsize=\"12\" data-asw-modified=\"font-size\"><span dir=\"auto\">Soojustus<\/span><\/span><span data-asw-orgfontsize=\"12\" data-asw-modified=\"font-size\"><span dir=\"auto\">: 100% pol\u00fcester (PrimaLoft\u00ae).\u00a0 Sisevooder<\/span><\/span><span data-asw-orgfontsize=\"12\" data-asw-modified=\"font-size\"><span dir=\"auto\">: 100% nailon<\/span><\/span><\/li>\n<\/ul>\n<p><strong>Seisukord:<\/strong> uus<\/p>\n","protected":false},"excerpt":{"rendered":"<p>A.Bl\u00f6chl\u00ae talvejope Extreme Cold Weather Level 7 Jacket<\/p>\n","protected":false},"featured_media":110800,"template":"","meta":[],"product_brand":[],"product_cat":[101],"product_tag":[],"class_list":{"0":"post-107257","1":"product","2":"type-product","3":"status-publish","4":"has-post-thumbnail","6":"product_cat-joped-parkad","7":"pa_brand-a-blochl","8":"pa_color-black-2","9":"pa_color-coyote-2","10":"pa_color-ral7013","11":"pa_size-l-2","12":"pa_size-m-2","13":"pa_size-xl-2","15":"first","16":"instock","17":"taxable","18":"shipping-taxable","19":"purchasable","20":"product-type-variable"},"yoast_head":"<!-- This site is optimized with the Yoast SEO plugin v27.2 - https:\/\/yoast.com\/product\/yoast-seo-wordpress\/ -->\n<title>A.Bl\u00f6chl\u00ae kapuutsiga jakk Insulated Level 4 Jacket - Outdoors<\/title>\n<meta name=\"robots\" content=\"index, follow, max-snippet:-1, max-image-preview:large, max-video-preview:-1\" \/>\n<link rel=\"canonical\" href=\"https:\/\/www.outdoors.ee\/et\/toode\/a-blochl-kapuutsiga-jakk-insulated-level-4-jacket\/\" \/>\n<meta property=\"og:locale\" content=\"et_EE\" \/>\n<meta property=\"og:type\" content=\"article\" \/>\n<meta property=\"og:title\" content=\"A.Bl\u00f6chl\u00ae kapuutsiga jakk Insulated Level 4 Jacket - Outdoors\" \/>\n<meta property=\"og:description\" content=\"A.Bl\u00f6chl\u00ae talvejope Extreme Cold Weather Level 7 Jacket\" \/>\n<meta property=\"og:url\" content=\"https:\/\/www.outdoors.ee\/et\/toode\/a-blochl-kapuutsiga-jakk-insulated-level-4-jacket\/\" \/>\n<meta property=\"og:site_name\" content=\"Outdoors\" \/>\n<meta property=\"article:modified_time\" content=\"2025-11-05T06:50:37+00:00\" \/>\n<meta property=\"og:image\" content=\"https:\/\/www.outdoors.ee\/wp-content\/uploads\/2025\/11\/A.Blochl\u00ae-Insulated-Level-4-Jacket-w.-hood-RAL7013-1-1.jpg\" \/>\n\t<meta property=\"og:image:width\" content=\"1200\" \/>\n\t<meta property=\"og:image:height\" content=\"1547\" \/>\n\t<meta property=\"og:image:type\" content=\"image\/jpeg\" \/>\n<meta name=\"twitter:card\" content=\"summary_large_image\" \/>\n<meta name=\"twitter:label1\" content=\"Est. reading time\" \/>\n\t<meta name=\"twitter:data1\" content=\"2 minutit\" \/>\n<script type=\"application\/ld+json\" class=\"yoast-schema-graph\">{\"@context\":\"https:\/\/schema.org\",\"@graph\":[{\"@type\":\"WebPage\",\"@id\":\"https:\/\/www.outdoors.ee\/et\/toode\/a-blochl-kapuutsiga-jakk-insulated-level-4-jacket\/\",\"url\":\"https:\/\/www.outdoors.ee\/et\/toode\/a-blochl-kapuutsiga-jakk-insulated-level-4-jacket\/\",\"name\":\"A.Bl\u00f6chl\u00ae kapuutsiga jakk Insulated Level 4 Jacket - Outdoors\",\"isPartOf\":{\"@id\":\"https:\/\/www.outdoors.ee\/#website\"},\"primaryImageOfPage\":{\"@id\":\"https:\/\/www.outdoors.ee\/et\/toode\/a-blochl-kapuutsiga-jakk-insulated-level-4-jacket\/#primaryimage\"},\"image\":{\"@id\":\"https:\/\/www.outdoors.ee\/et\/toode\/a-blochl-kapuutsiga-jakk-insulated-level-4-jacket\/#primaryimage\"},\"thumbnailUrl\":\"https:\/\/www.outdoors.ee\/wp-content\/uploads\/2025\/11\/A.Blochl\u00ae-Insulated-Level-4-Jacket-w.-hood-RAL7013-1-1.jpg\",\"datePublished\":\"2025-11-04T09:38:50+00:00\",\"dateModified\":\"2025-11-05T06:50:37+00:00\",\"breadcrumb\":{\"@id\":\"https:\/\/www.outdoors.ee\/et\/toode\/a-blochl-kapuutsiga-jakk-insulated-level-4-jacket\/#breadcrumb\"},\"inLanguage\":\"et\",\"potentialAction\":[{\"@type\":\"ReadAction\",\"target\":[\"https:\/\/www.outdoors.ee\/et\/toode\/a-blochl-kapuutsiga-jakk-insulated-level-4-jacket\/\"]}]},{\"@type\":\"ImageObject\",\"inLanguage\":\"et\",\"@id\":\"https:\/\/www.outdoors.ee\/et\/toode\/a-blochl-kapuutsiga-jakk-insulated-level-4-jacket\/#primaryimage\",\"url\":\"https:\/\/www.outdoors.ee\/wp-content\/uploads\/2025\/11\/A.Blochl\u00ae-Insulated-Level-4-Jacket-w.-hood-RAL7013-1-1.jpg\",\"contentUrl\":\"https:\/\/www.outdoors.ee\/wp-content\/uploads\/2025\/11\/A.Blochl\u00ae-Insulated-Level-4-Jacket-w.-hood-RAL7013-1-1.jpg\",\"width\":1200,\"height\":1547},{\"@type\":\"BreadcrumbList\",\"@id\":\"https:\/\/www.outdoors.ee\/et\/toode\/a-blochl-kapuutsiga-jakk-insulated-level-4-jacket\/#breadcrumb\",\"itemListElement\":[{\"@type\":\"ListItem\",\"position\":1,\"name\":\"Home\",\"item\":\"https:\/\/www.outdoors.ee\/et\/\"},{\"@type\":\"ListItem\",\"position\":2,\"name\":\"Tooted\",\"item\":\"https:\/\/www.outdoors.ee\/products\/\"},{\"@type\":\"ListItem\",\"position\":3,\"name\":\"A.Bl\u00f6chl\u00ae kapuutsiga jakk Insulated Level 4 Jacket\"}]},{\"@type\":\"WebSite\",\"@id\":\"https:\/\/www.outdoors.ee\/#website\",\"url\":\"https:\/\/www.outdoors.ee\/\",\"name\":\"Outdoors\",\"description\":\"Genuine military surplus and not only!\",\"potentialAction\":[{\"@type\":\"SearchAction\",\"target\":{\"@type\":\"EntryPoint\",\"urlTemplate\":\"https:\/\/www.outdoors.ee\/?s={search_term_string}\"},\"query-input\":{\"@type\":\"PropertyValueSpecification\",\"valueRequired\":true,\"valueName\":\"search_term_string\"}}],\"inLanguage\":\"et\"}]}<\/script>\n<!-- \/ Yoast SEO plugin. -->","yoast_head_json":{"title":"A.Bl\u00f6chl\u00ae kapuutsiga jakk Insulated Level 4 Jacket - Outdoors","robots":{"index":"index","follow":"follow","max-snippet":"max-snippet:-1","max-image-preview":"max-image-preview:large","max-video-preview":"max-video-preview:-1"},"canonical":"https:\/\/www.outdoors.ee\/et\/toode\/a-blochl-kapuutsiga-jakk-insulated-level-4-jacket\/","og_locale":"et_EE","og_type":"article","og_title":"A.Bl\u00f6chl\u00ae kapuutsiga jakk Insulated Level 4 Jacket - Outdoors","og_description":"A.Bl\u00f6chl\u00ae talvejope Extreme Cold Weather Level 7 Jacket","og_url":"https:\/\/www.outdoors.ee\/et\/toode\/a-blochl-kapuutsiga-jakk-insulated-level-4-jacket\/","og_site_name":"Outdoors","article_modified_time":"2025-11-05T06:50:37+00:00","og_image":[{"width":1200,"height":1547,"url":"https:\/\/www.outdoors.ee\/wp-content\/uploads\/2025\/11\/A.Blochl\u00ae-Insulated-Level-4-Jacket-w.-hood-RAL7013-1-1.jpg","type":"image\/jpeg"}],"twitter_card":"summary_large_image","twitter_misc":{"Est. reading time":"2 minutit"},"schema":{"@context":"https:\/\/schema.org","@graph":[{"@type":"WebPage","@id":"https:\/\/www.outdoors.ee\/et\/toode\/a-blochl-kapuutsiga-jakk-insulated-level-4-jacket\/","url":"https:\/\/www.outdoors.ee\/et\/toode\/a-blochl-kapuutsiga-jakk-insulated-level-4-jacket\/","name":"A.Bl\u00f6chl\u00ae kapuutsiga jakk Insulated Level 4 Jacket - Outdoors","isPartOf":{"@id":"https:\/\/www.outdoors.ee\/#website"},"primaryImageOfPage":{"@id":"https:\/\/www.outdoors.ee\/et\/toode\/a-blochl-kapuutsiga-jakk-insulated-level-4-jacket\/#primaryimage"},"image":{"@id":"https:\/\/www.outdoors.ee\/et\/toode\/a-blochl-kapuutsiga-jakk-insulated-level-4-jacket\/#primaryimage"},"thumbnailUrl":"https:\/\/www.outdoors.ee\/wp-content\/uploads\/2025\/11\/A.Blochl\u00ae-Insulated-Level-4-Jacket-w.-hood-RAL7013-1-1.jpg","datePublished":"2025-11-04T09:38:50+00:00","dateModified":"2025-11-05T06:50:37+00:00","breadcrumb":{"@id":"https:\/\/www.outdoors.ee\/et\/toode\/a-blochl-kapuutsiga-jakk-insulated-level-4-jacket\/#breadcrumb"},"inLanguage":"et","potentialAction":[{"@type":"ReadAction","target":["https:\/\/www.outdoors.ee\/et\/toode\/a-blochl-kapuutsiga-jakk-insulated-level-4-jacket\/"]}]},{"@type":"ImageObject","inLanguage":"et","@id":"https:\/\/www.outdoors.ee\/et\/toode\/a-blochl-kapuutsiga-jakk-insulated-level-4-jacket\/#primaryimage","url":"https:\/\/www.outdoors.ee\/wp-content\/uploads\/2025\/11\/A.Blochl\u00ae-Insulated-Level-4-Jacket-w.-hood-RAL7013-1-1.jpg","contentUrl":"https:\/\/www.outdoors.ee\/wp-content\/uploads\/2025\/11\/A.Blochl\u00ae-Insulated-Level-4-Jacket-w.-hood-RAL7013-1-1.jpg","width":1200,"height":1547},{"@type":"BreadcrumbList","@id":"https:\/\/www.outdoors.ee\/et\/toode\/a-blochl-kapuutsiga-jakk-insulated-level-4-jacket\/#breadcrumb","itemListElement":[{"@type":"ListItem","position":1,"name":"Home","item":"https:\/\/www.outdoors.ee\/et\/"},{"@type":"ListItem","position":2,"name":"Tooted","item":"https:\/\/www.outdoors.ee\/products\/"},{"@type":"ListItem","position":3,"name":"A.Bl\u00f6chl\u00ae kapuutsiga jakk Insulated Level 4 Jacket"}]},{"@type":"WebSite","@id":"https:\/\/www.outdoors.ee\/#website","url":"https:\/\/www.outdoors.ee\/","name":"Outdoors","description":"Genuine military surplus and not only!","potentialAction":[{"@type":"SearchAction","target":{"@type":"EntryPoint","urlTemplate":"https:\/\/www.outdoors.ee\/?s={search_term_string}"},"query-input":{"@type":"PropertyValueSpecification","valueRequired":true,"valueName":"search_term_string"}}],"inLanguage":"et"}]}},"_links":{"self":[{"href":"https:\/\/www.outdoors.ee\/et\/wp-json\/wp\/v2\/product\/107257","targetHints":{"allow":["GET"]}}],"collection":[{"href":"https:\/\/www.outdoors.ee\/et\/wp-json\/wp\/v2\/product"}],"about":[{"href":"https:\/\/www.outdoors.ee\/et\/wp-json\/wp\/v2\/types\/product"}],"wp:featuredmedia":[{"embeddable":true,"href":"https:\/\/www.outdoors.ee\/et\/wp-json\/wp\/v2\/media\/110800"}],"wp:attachment":[{"href":"https:\/\/www.outdoors.ee\/et\/wp-json\/wp\/v2\/media?parent=107257"}],"wp:term":[{"taxonomy":"product_brand","embeddable":true,"href":"https:\/\/www.outdoors.ee\/et\/wp-json\/wp\/v2\/product_brand?post=107257"},{"taxonomy":"product_cat","embeddable":true,"href":"https:\/\/www.outdoors.ee\/et\/wp-json\/wp\/v2\/product_cat?post=107257"},{"taxonomy":"product_tag","embeddable":true,"href":"https:\/\/www.outdoors.ee\/et\/wp-json\/wp\/v2\/product_tag?post=107257"}],"curies":[{"name":"wp","href":"https:\/\/api.w.org\/{rel}","templated":true}]}}