{"id":107161,"date":"2025-11-05T08:35:43","date_gmt":"2025-11-05T06:35:43","guid":{"rendered":"https:\/\/www.outdoors.ee\/?post_type=product&#038;p=107161"},"modified":"2026-04-01T19:45:41","modified_gmt":"2026-04-01T16:45:41","slug":"a-blochl-jakk-delta-softshell-jacket","status":"publish","type":"product","link":"https:\/\/www.outdoors.ee\/et\/toode\/a-blochl-jakk-delta-softshell-jacket\/","title":{"rendered":"A.Bl\u00f6chl\u00ae jakk DELTA Softshell Jacket"},"content":{"rendered":"<p data-start=\"65\" data-end=\"359\">Delta softshell jakk \u00fchendab endast funktsionaalsuse ning stiili. See pakub suurep\u00e4rast kaitset tuule ja kerge vihma eest, j\u00e4\u00e4des samal ajal hingavaks, mist\u00f5ttu sobib ideaalselt aktiivseteks v\u00e4liseiklusteks. Pehme ja paindlik materjal tagab erakordse mugavuse ja liikumisvabaduse. Praktiliste taskutega, mis hoiavad sinu olulised esemed turvaliselt, \u00fchendab jakk moodsa disaini ja mitmek\u00fclgse v\u00e4rvipaleti, muutes selle h\u00f5lpsasti sobitatavaks igap\u00e4evaseks kandmiseks v\u00f5i vaba\u00f5hutegevusteks.<\/p>\n<p><strong>Features:<\/strong><\/p>\n<ul>\n<li>mugav sirge l\u00f5ige<\/li>\n<li>vee-, \u00f5li- ning mustust h\u00fclgav pealismaterjal<\/li>\n<li>tuulekindel ning hingav<\/li>\n<li>t\u00e4ispikkuses t\u00f5mblukk-kinnis l\u00f5uakaitsmega<\/li>\n<li>k\u00f5rge kraeg<\/li>\n<li>viisori ning pingutusn\u00f6\u00f6riga kapuuts<\/li>\n<li>2 suurt t\u00f5mblukuga k\u00fcljetaskut<\/li>\n<li>rinnatasku D-r\u00f5ngaga v\u00f5tme jmt kinnitamiseks<\/li>\n<li>kaenlaalused vent.t\u00f5mblukud<\/li>\n<li>takjapaneelid ning t\u00f5mblukuga taskud k\u00e4istel<\/li>\n<li>tagumine tunnel-tasku kahe t\u00f5mblukuga kummaski otsas<\/li>\n<li>1 t\u00f5mblukuga sisetasku<\/li>\n<li>tugevdatud k\u00fc\u00fcnarnuki piirkond<\/li>\n<li>takjapaela abil reguleeritavad mansetid<\/li>\n<li>veekindel: 8,000 mm<\/li>\n<li><span dir=\"auto\">materjal: <\/span><span data-asw-orgfontsize=\"12\" data-asw-modified=\"font-size\"><span dir=\"auto\">100% pol\u00fcester<\/span><\/span><\/li>\n<li>masinpestav 30\u00b0C juures<\/li>\n<\/ul>\n<p><strong>Seisukord: <\/strong>uus<\/p>\n","protected":false},"excerpt":{"rendered":"<p>Delta softshell jakk \u00fchendab endast funktsionaalsuse ning stiili. See pakub suurep\u00e4rast kaitset tuule ja kerge vihma eest, j\u00e4\u00e4des samal ajal<\/p>\n","protected":false},"featured_media":107152,"template":"","meta":[],"product_brand":[],"product_cat":[101],"product_tag":[],"class_list":{"0":"post-107161","1":"product","2":"type-product","3":"status-publish","4":"has-post-thumbnail","6":"product_cat-joped-parkad","7":"pa_brand-a-blochl","8":"pa_color-black-2","9":"pa_color-olive-2","10":"pa_size-l-2","11":"pa_size-m-2","12":"pa_size-xl-2","14":"first","15":"instock","16":"taxable","17":"shipping-taxable","18":"purchasable","19":"product-type-variable"},"yoast_head":"<!-- This site is optimized with the Yoast SEO plugin v27.2 - https:\/\/yoast.com\/product\/yoast-seo-wordpress\/ -->\n<title>A.Bl\u00f6chl\u00ae jakk DELTA Softshell Jacket - Outdoors<\/title>\n<meta name=\"robots\" content=\"index, follow, max-snippet:-1, max-image-preview:large, max-video-preview:-1\" \/>\n<link rel=\"canonical\" href=\"https:\/\/www.outdoors.ee\/et\/toode\/a-blochl-jakk-delta-softshell-jacket\/\" \/>\n<meta property=\"og:locale\" content=\"et_EE\" \/>\n<meta property=\"og:type\" content=\"article\" \/>\n<meta property=\"og:title\" content=\"A.Bl\u00f6chl\u00ae jakk DELTA Softshell Jacket - Outdoors\" \/>\n<meta property=\"og:description\" content=\"Delta softshell jakk \u00fchendab endast funktsionaalsuse ning stiili. See pakub suurep\u00e4rast kaitset tuule ja kerge vihma eest, j\u00e4\u00e4des samal ajal\" \/>\n<meta property=\"og:url\" content=\"https:\/\/www.outdoors.ee\/et\/toode\/a-blochl-jakk-delta-softshell-jacket\/\" \/>\n<meta property=\"og:site_name\" content=\"Outdoors\" \/>\n<meta property=\"article:modified_time\" content=\"2026-04-01T16:45:41+00:00\" \/>\n<meta property=\"og:image\" content=\"https:\/\/www.outdoors.ee\/wp-content\/uploads\/2025\/11\/A.Blochl\u00ae-DELTA-Softshell-Jacket-Olive-1-scaled.jpg\" \/>\n\t<meta property=\"og:image:width\" content=\"2048\" \/>\n\t<meta property=\"og:image:height\" content=\"2560\" \/>\n\t<meta property=\"og:image:type\" content=\"image\/jpeg\" \/>\n<meta name=\"twitter:card\" content=\"summary_large_image\" \/>\n<meta name=\"twitter:label1\" content=\"Est. reading time\" \/>\n\t<meta name=\"twitter:data1\" content=\"1 minut\" \/>\n<script type=\"application\/ld+json\" class=\"yoast-schema-graph\">{\"@context\":\"https:\/\/schema.org\",\"@graph\":[{\"@type\":\"WebPage\",\"@id\":\"https:\/\/www.outdoors.ee\/et\/toode\/a-blochl-jakk-delta-softshell-jacket\/\",\"url\":\"https:\/\/www.outdoors.ee\/et\/toode\/a-blochl-jakk-delta-softshell-jacket\/\",\"name\":\"A.Bl\u00f6chl\u00ae jakk DELTA Softshell Jacket - Outdoors\",\"isPartOf\":{\"@id\":\"https:\/\/www.outdoors.ee\/#website\"},\"primaryImageOfPage\":{\"@id\":\"https:\/\/www.outdoors.ee\/et\/toode\/a-blochl-jakk-delta-softshell-jacket\/#primaryimage\"},\"image\":{\"@id\":\"https:\/\/www.outdoors.ee\/et\/toode\/a-blochl-jakk-delta-softshell-jacket\/#primaryimage\"},\"thumbnailUrl\":\"https:\/\/www.outdoors.ee\/wp-content\/uploads\/2025\/11\/A.Blochl\u00ae-DELTA-Softshell-Jacket-Olive-1-scaled.jpg\",\"datePublished\":\"2025-11-05T06:35:43+00:00\",\"dateModified\":\"2026-04-01T16:45:41+00:00\",\"breadcrumb\":{\"@id\":\"https:\/\/www.outdoors.ee\/et\/toode\/a-blochl-jakk-delta-softshell-jacket\/#breadcrumb\"},\"inLanguage\":\"et\",\"potentialAction\":[{\"@type\":\"ReadAction\",\"target\":[\"https:\/\/www.outdoors.ee\/et\/toode\/a-blochl-jakk-delta-softshell-jacket\/\"]}]},{\"@type\":\"ImageObject\",\"inLanguage\":\"et\",\"@id\":\"https:\/\/www.outdoors.ee\/et\/toode\/a-blochl-jakk-delta-softshell-jacket\/#primaryimage\",\"url\":\"https:\/\/www.outdoors.ee\/wp-content\/uploads\/2025\/11\/A.Blochl\u00ae-DELTA-Softshell-Jacket-Olive-1-scaled.jpg\",\"contentUrl\":\"https:\/\/www.outdoors.ee\/wp-content\/uploads\/2025\/11\/A.Blochl\u00ae-DELTA-Softshell-Jacket-Olive-1-scaled.jpg\",\"width\":2048,\"height\":2560},{\"@type\":\"BreadcrumbList\",\"@id\":\"https:\/\/www.outdoors.ee\/et\/toode\/a-blochl-jakk-delta-softshell-jacket\/#breadcrumb\",\"itemListElement\":[{\"@type\":\"ListItem\",\"position\":1,\"name\":\"Home\",\"item\":\"https:\/\/www.outdoors.ee\/et\/\"},{\"@type\":\"ListItem\",\"position\":2,\"name\":\"Tooted\",\"item\":\"https:\/\/www.outdoors.ee\/products\/\"},{\"@type\":\"ListItem\",\"position\":3,\"name\":\"A.Bl\u00f6chl\u00ae jakk DELTA Softshell Jacket\"}]},{\"@type\":\"WebSite\",\"@id\":\"https:\/\/www.outdoors.ee\/#website\",\"url\":\"https:\/\/www.outdoors.ee\/\",\"name\":\"Outdoors\",\"description\":\"Genuine military surplus and not only!\",\"potentialAction\":[{\"@type\":\"SearchAction\",\"target\":{\"@type\":\"EntryPoint\",\"urlTemplate\":\"https:\/\/www.outdoors.ee\/?s={search_term_string}\"},\"query-input\":{\"@type\":\"PropertyValueSpecification\",\"valueRequired\":true,\"valueName\":\"search_term_string\"}}],\"inLanguage\":\"et\"}]}<\/script>\n<!-- \/ Yoast SEO plugin. -->","yoast_head_json":{"title":"A.Bl\u00f6chl\u00ae jakk DELTA Softshell Jacket - Outdoors","robots":{"index":"index","follow":"follow","max-snippet":"max-snippet:-1","max-image-preview":"max-image-preview:large","max-video-preview":"max-video-preview:-1"},"canonical":"https:\/\/www.outdoors.ee\/et\/toode\/a-blochl-jakk-delta-softshell-jacket\/","og_locale":"et_EE","og_type":"article","og_title":"A.Bl\u00f6chl\u00ae jakk DELTA Softshell Jacket - Outdoors","og_description":"Delta softshell jakk \u00fchendab endast funktsionaalsuse ning stiili. See pakub suurep\u00e4rast kaitset tuule ja kerge vihma eest, j\u00e4\u00e4des samal ajal","og_url":"https:\/\/www.outdoors.ee\/et\/toode\/a-blochl-jakk-delta-softshell-jacket\/","og_site_name":"Outdoors","article_modified_time":"2026-04-01T16:45:41+00:00","og_image":[{"width":2048,"height":2560,"url":"https:\/\/www.outdoors.ee\/wp-content\/uploads\/2025\/11\/A.Blochl\u00ae-DELTA-Softshell-Jacket-Olive-1-scaled.jpg","type":"image\/jpeg"}],"twitter_card":"summary_large_image","twitter_misc":{"Est. reading time":"1 minut"},"schema":{"@context":"https:\/\/schema.org","@graph":[{"@type":"WebPage","@id":"https:\/\/www.outdoors.ee\/et\/toode\/a-blochl-jakk-delta-softshell-jacket\/","url":"https:\/\/www.outdoors.ee\/et\/toode\/a-blochl-jakk-delta-softshell-jacket\/","name":"A.Bl\u00f6chl\u00ae jakk DELTA Softshell Jacket - Outdoors","isPartOf":{"@id":"https:\/\/www.outdoors.ee\/#website"},"primaryImageOfPage":{"@id":"https:\/\/www.outdoors.ee\/et\/toode\/a-blochl-jakk-delta-softshell-jacket\/#primaryimage"},"image":{"@id":"https:\/\/www.outdoors.ee\/et\/toode\/a-blochl-jakk-delta-softshell-jacket\/#primaryimage"},"thumbnailUrl":"https:\/\/www.outdoors.ee\/wp-content\/uploads\/2025\/11\/A.Blochl\u00ae-DELTA-Softshell-Jacket-Olive-1-scaled.jpg","datePublished":"2025-11-05T06:35:43+00:00","dateModified":"2026-04-01T16:45:41+00:00","breadcrumb":{"@id":"https:\/\/www.outdoors.ee\/et\/toode\/a-blochl-jakk-delta-softshell-jacket\/#breadcrumb"},"inLanguage":"et","potentialAction":[{"@type":"ReadAction","target":["https:\/\/www.outdoors.ee\/et\/toode\/a-blochl-jakk-delta-softshell-jacket\/"]}]},{"@type":"ImageObject","inLanguage":"et","@id":"https:\/\/www.outdoors.ee\/et\/toode\/a-blochl-jakk-delta-softshell-jacket\/#primaryimage","url":"https:\/\/www.outdoors.ee\/wp-content\/uploads\/2025\/11\/A.Blochl\u00ae-DELTA-Softshell-Jacket-Olive-1-scaled.jpg","contentUrl":"https:\/\/www.outdoors.ee\/wp-content\/uploads\/2025\/11\/A.Blochl\u00ae-DELTA-Softshell-Jacket-Olive-1-scaled.jpg","width":2048,"height":2560},{"@type":"BreadcrumbList","@id":"https:\/\/www.outdoors.ee\/et\/toode\/a-blochl-jakk-delta-softshell-jacket\/#breadcrumb","itemListElement":[{"@type":"ListItem","position":1,"name":"Home","item":"https:\/\/www.outdoors.ee\/et\/"},{"@type":"ListItem","position":2,"name":"Tooted","item":"https:\/\/www.outdoors.ee\/products\/"},{"@type":"ListItem","position":3,"name":"A.Bl\u00f6chl\u00ae jakk DELTA Softshell Jacket"}]},{"@type":"WebSite","@id":"https:\/\/www.outdoors.ee\/#website","url":"https:\/\/www.outdoors.ee\/","name":"Outdoors","description":"Genuine military surplus and not only!","potentialAction":[{"@type":"SearchAction","target":{"@type":"EntryPoint","urlTemplate":"https:\/\/www.outdoors.ee\/?s={search_term_string}"},"query-input":{"@type":"PropertyValueSpecification","valueRequired":true,"valueName":"search_term_string"}}],"inLanguage":"et"}]}},"_links":{"self":[{"href":"https:\/\/www.outdoors.ee\/et\/wp-json\/wp\/v2\/product\/107161","targetHints":{"allow":["GET"]}}],"collection":[{"href":"https:\/\/www.outdoors.ee\/et\/wp-json\/wp\/v2\/product"}],"about":[{"href":"https:\/\/www.outdoors.ee\/et\/wp-json\/wp\/v2\/types\/product"}],"wp:featuredmedia":[{"embeddable":true,"href":"https:\/\/www.outdoors.ee\/et\/wp-json\/wp\/v2\/media\/107152"}],"wp:attachment":[{"href":"https:\/\/www.outdoors.ee\/et\/wp-json\/wp\/v2\/media?parent=107161"}],"wp:term":[{"taxonomy":"product_brand","embeddable":true,"href":"https:\/\/www.outdoors.ee\/et\/wp-json\/wp\/v2\/product_brand?post=107161"},{"taxonomy":"product_cat","embeddable":true,"href":"https:\/\/www.outdoors.ee\/et\/wp-json\/wp\/v2\/product_cat?post=107161"},{"taxonomy":"product_tag","embeddable":true,"href":"https:\/\/www.outdoors.ee\/et\/wp-json\/wp\/v2\/product_tag?post=107161"}],"curies":[{"name":"wp","href":"https:\/\/api.w.org\/{rel}","templated":true}]}}